{"id":77,"date":"2017-11-14T00:46:23","date_gmt":"2017-11-14T00:46:23","guid":{"rendered":"https:\/\/betts1868-bcocegueda.c9users.io\/?page_id=77"},"modified":"2025-09-30T05:22:22","modified_gmt":"2025-09-30T13:22:22","slug":"quienes-somos","status":"publish","type":"page","link":"https:\/\/bettstruckparts.com\/es\/who-we-are\/","title":{"rendered":"Qui\u00e9nes somos"},"content":{"rendered":"<div class=\"wpb-content-wrapper\"><div data-vc-full-width=\"true\" data-vc-full-width-temp=\"true\" data-vc-full-width-init=\"false\" data-vc-stretch-content=\"true\" class=\"vc_row wpb_row vc_row-fluid vc_row-no-padding\"><div class=\"wpb_column vc_column_container vc_col-sm-12 vc_col-has-fill\"><div class=\"vc_column-inner vc_custom_1553033661132\"><div class=\"wpb_wrapper\">\n\t<div class=\"wpb_text_column wpb_content_element  white shadow\" >\n\t\t<div class=\"wpb_wrapper\">\n\t\t\t<h1 style=\"text-align: center;\">Qui\u00e9nes somos - Acerca de Betts Truck Parts &amp; Service<\/h1>\n\n\t\t<\/div>\n\t<\/div>\n<\/div><\/div><\/div><\/div><div class=\"vc_row-full-width vc_clearfix\"><\/div><div class=\"vc_row wpb_row vc_row-fluid vc_custom_1516046384026 vc_row-has-fill vc_row-o-equal-height vc_row-flex\"><div class=\"wpb_column vc_column_container vc_col-sm-3 vc_col-has-fill\"><div class=\"vc_column-inner vc_custom_1510682040425\"><div class=\"wpb_wrapper\"><div  class=\"wpb_widgetised_column wpb_content_element sidebar-content\">\n\t\t<div class=\"wpb_wrapper\">\n\t\t\t\n\t\t\t<section id=\"nav_menu-4\" class=\"widget widget_nav_menu\"><div class=\"widget-title\">Reparaci\u00f3n de camiones<\/div><div class=\"menu-truck-repair-container\"><ul id=\"menu-truck-repair\" class=\"menu\"><li id=\"menu-item-341\" class=\"menu-item menu-item-type-post_type menu-item-object-page menu-item-341\"><a href=\"https:\/\/bettstruckparts.com\/es\/truck-repair\/air-ride-control\/\">Control de la suspensi\u00f3n neum\u00e1tica<\/a><\/li>\n<li id=\"menu-item-382\" class=\"menu-item menu-item-type-post_type menu-item-object-page menu-item-382\"><a href=\"https:\/\/bettstruckparts.com\/es\/truck-repair\/truck-wheel-alignments\/\">Servicio de alineaci\u00f3n de ruedas<\/a><\/li>\n<li id=\"menu-item-381\" class=\"menu-item menu-item-type-post_type menu-item-object-page menu-item-381\"><a href=\"https:\/\/bettstruckparts.com\/es\/truck-repair\/auxiliary-power\/\">Alimentaci\u00f3n auxiliar<\/a><\/li>\n<li id=\"menu-item-380\" class=\"menu-item menu-item-type-post_type menu-item-object-page menu-item-380\"><a href=\"https:\/\/bettstruckparts.com\/es\/truck-repair\/brake-services\/\">Servicios de reparaci\u00f3n de frenos<\/a><\/li>\n<li id=\"menu-item-390\" class=\"menu-item menu-item-type-post_type menu-item-object-page menu-item-390\"><a href=\"https:\/\/bettstruckparts.com\/es\/truck-repair\/custom-u-bolts\/\">Pernos en U a medida<\/a><\/li>\n<li id=\"menu-item-389\" class=\"menu-item menu-item-type-post_type menu-item-object-page menu-item-389\"><a href=\"https:\/\/bettstruckparts.com\/es\/truck-repair\/dot-inspection\/\">Inspecci\u00f3n DOT<\/a><\/li>\n<li id=\"menu-item-388\" class=\"menu-item menu-item-type-post_type menu-item-object-page menu-item-388\"><a href=\"https:\/\/bettstruckparts.com\/es\/truck-repair\/drivetrain-repair\/\">Servicios de reparaci\u00f3n de trenes de transmisi\u00f3n<\/a><\/li>\n<li id=\"menu-item-387\" class=\"menu-item menu-item-type-post_type menu-item-object-page menu-item-387\"><a href=\"https:\/\/bettstruckparts.com\/es\/truck-repair\/electrical-repair\/\">Reparaci\u00f3n el\u00e9ctrica<\/a><\/li>\n<li id=\"menu-item-386\" class=\"menu-item menu-item-type-post_type menu-item-object-page menu-item-386\"><a href=\"https:\/\/bettstruckparts.com\/es\/truck-repair\/leaf-spring-repair\/\">Reparaci\u00f3n de ballestas<\/a><\/li>\n<li id=\"menu-item-385\" class=\"menu-item menu-item-type-post_type menu-item-object-page menu-item-385\"><a href=\"https:\/\/bettstruckparts.com\/es\/truck-repair\/steering-repair\/\">Reparaci\u00f3n de la direcci\u00f3n<\/a><\/li>\n<li id=\"menu-item-384\" class=\"menu-item menu-item-type-post_type menu-item-object-page menu-item-384\"><a href=\"https:\/\/bettstruckparts.com\/es\/truck-repair\/suspension-services\/\">Servicios de suspensi\u00f3n<\/a><\/li>\n<li id=\"menu-item-383\" class=\"menu-item menu-item-type-post_type menu-item-object-page menu-item-383\"><a href=\"https:\/\/bettstruckparts.com\/es\/truck-repair\/truck-axle-repair\/\">Reparaci\u00f3n de ejes de camiones<\/a><\/li>\n<\/ul><\/div><\/section>\n\t\t<\/div>\n\t<\/div>\n<\/div><\/div><\/div><div class=\"wpb_column vc_column_container vc_col-sm-9\"><div class=\"vc_column-inner vc_custom_1510682076814\"><div class=\"wpb_wrapper\"><div class=\"vc_row wpb_row vc_inner vc_row-fluid\"><div class=\"wpb_column vc_column_container vc_col-sm-12\"><div class=\"vc_column-inner vc_custom_1486667994280\"><div class=\"wpb_wrapper\"><div class=\"ubtn-ctn-center\"><a class=\"ubtn-link ult-adjust-bottom-margin ubtn-center ubtn-normal\" href=\"\/es\/lugares\/\" ><button type=\"button\" id=\"ubtn-4437\"  class=\"ubtn ult-adjust-bottom-margin ult-responsive ubtn-normal ubtn-fade-bg  none  ubtn-center   tooltip-69f319e090d21\"  data-hover=\"#ffffff\" data-border-color=\"#ad172b\" data-bg=\"rgba(255,255,255,0.01)\" data-hover-bg=\"#ad172b\" data-border-hover=\"#ffffff\" data-shadow-hover=\"\" data-shadow-click=\"none\" data-shadow=\"\" data-shd-shadow=\"\"  data-ultimate-target='#ubtn-4437'  data-responsive-json-new='{\"font-size\":\"desktop:16px;\",\"line-height\":\"\"}'  style=\"font-weight:bold;border-radius:15px;border-width:2px;border-color:#ad172b;border-style:solid;background: rgba(255,255,255,0.01);color: #ad172b;\"><span class=\"ubtn-hover\" style=\"background-color:#ad172b\"><\/span><span class=\"ubtn-data ubtn-text\" >Buscar un lugar<\/span><\/button><\/a><\/div>\n\t<div class=\"wpb_text_column wpb_content_element  vc_custom_1746388486305\" >\n\t\t<div class=\"wpb_wrapper\">\n\t\t\t<h2 class=\"p1\"><span class=\"s1\"><b>RODAR CON LOS EXPERTOS<\/b><\/span><\/h2>\n<p class=\"p1\"><span class=\"s1\">Tanto si est\u00e1 en la carretera como si gestiona una flota, quiere a los expertos con usted para su seguridad y apoyo. Cuando se trata de experiencia y excelencia en piezas y reparaci\u00f3n de camiones, Betts Truck Parts &amp; Service lleva m\u00e1s de 30 a\u00f1os sirviendo a la Costa Oeste. <\/span><\/p>\n<p class=\"p1\"><span class=\"s1\">Como divisi\u00f3n de Betts Company, el compromiso con la calidad est\u00e1 en el centro de nuestras operaciones. Desde propietarios\/operadores hasta flotas nacionales, desde distritos escolares hasta empresas de construcci\u00f3n, el servicio a nuestra diversa base de clientes es siempre lo primero.<\/span><\/p>\n<p class=\"p1\"><span class=\"s1\">Atendemos sus necesidades manteniendo en stock m\u00e1s de $6 millones de existencias, incluidas piezas de repuesto de calidad OEM fabricadas por l\u00edderes de la industria del transporte, para garantizar que siempre disponga de las piezas que necesita.<i>puntualmente<\/i>. Nuestras instalaciones y reparaciones de calidad en siete de nuestras ubicaciones en California, Oreg\u00f3n y Arizona mantienen a los conductores en la carretera durante m\u00e1s tiempo y reducen el tiempo de inactividad. \u00a0<\/span><\/p>\n<h2 class=\"p1\"><span class=\"s1\"><b>CENTROS DE SERVICIO PARA CAMIONES DE CONFIANZA<\/b><\/span><\/h2>\n<p class=\"p1\"><span class=\"s1\">No hay nada m\u00e1s frustrante que tener que sustituir constantemente la misma pieza o sentir que est\u00e1 trabajando con un t\u00e9cnico sin experiencia. Entendemos esas preocupaciones y tenemos una soluci\u00f3n.<\/span><\/p>\n<p class=\"p1\"><span class=\"s1\">Entre en Betts Truck Parts &amp; Service. Con un equipo de expertos en repuestos y servicio que cuenta con m\u00e1s de 200 a\u00f1os de experiencia combinada en la industria en cada uno de nuestros centros de servicio. <a href=\"https:\/\/bettstruckparts.com\/es\/lugares\/\">ocho lugares<\/a>, puede confiar en que nuestro asesoramiento es insuperable. A\u00f1ada nuestra variedad de repuestos de marca y productos de servicio que est\u00e1n disponibles en la empresa, y el tiempo y dinero que ahorrar\u00e1, Betts se convertir\u00e1 en su socio de confianza para repuestos y servicio de camiones pesados.<\/span><\/p>\n<p class=\"p1\"><span class=\"s1\">Durante m\u00e1s de 150 a\u00f1os, nuestra misi\u00f3n ha sido crear una experiencia para el cliente inigualable. Por eso ofrecemos una inspecci\u00f3n gratuita de 50 puntos a todos nuestros clientes y recogida y entrega gratuitas con nuestro compromiso de entrega puntual en la mayor\u00eda de nuestras sucursales. Es nuestra actitud amistosa y nuestro esp\u00edritu emprendedor lo que ha hecho que nuestros valiosos clientes vuelvan a\u00f1o tras a\u00f1o para experimentar lo mejor que Betts puede ofrecer.<\/span><\/p>\n\n\t\t<\/div>\n\t<\/div>\n<div class=\"ubtn-ctn-center\"><a class=\"ubtn-link ult-adjust-bottom-margin ubtn-center ubtn-normal\" href=\"\/es\/lugares\/\" ><button type=\"button\" id=\"ubtn-9117\"  class=\"ubtn ult-adjust-bottom-margin ult-responsive ubtn-normal ubtn-fade-bg  none  ubtn-center   tooltip-69f319e090e4e\"  data-hover=\"#ffffff\" data-border-color=\"#ad172b\" data-bg=\"rgba(255,255,255,0.01)\" data-hover-bg=\"#ad172b\" data-border-hover=\"#ffffff\" data-shadow-hover=\"\" data-shadow-click=\"none\" data-shadow=\"\" data-shd-shadow=\"\"  data-ultimate-target='#ubtn-9117'  data-responsive-json-new='{\"font-size\":\"desktop:16px;\",\"line-height\":\"\"}'  style=\"font-weight:bold;border-radius:15px;border-width:2px;border-color:#ad172b;border-style:solid;background: rgba(255,255,255,0.01);color: #ad172b;\"><span class=\"ubtn-hover\" style=\"background-color:#ad172b\"><\/span><span class=\"ubtn-data ubtn-text\" >Buscar un lugar<\/span><\/button><\/a><\/div><\/div><\/div><\/div><\/div><\/div><\/div><\/div><\/div>\n<\/div>","protected":false},"excerpt":{"rendered":"<p>Qui\u00e9nes Somos - Acerca de Betts Truck Parts &amp; Service Reparaci\u00f3n de CamionesControl de Suspensi\u00f3n Servicio de Alineaci\u00f3n de Ruedas Potencia Auxiliar Servicios de Reparaci\u00f3n de Frenos Pernos en U Personalizados Inspecci\u00f3n DOT Servicios de Reparaci\u00f3n de Tren de Tracci\u00f3n Reparaci\u00f3n El\u00e9ctrica Reparaci\u00f3n de Ballestas Reparaci\u00f3n de Direcci\u00f3n Servicios de Suspensi\u00f3n Reparaci\u00f3n de Ejes de Camiones Encuentre una Localizaci\u00f3n RODE CON LOS EXPERTOS Tanto si est\u00e1 en la carretera como si est\u00e1 gestionando un...<\/p>","protected":false},"author":4,"featured_media":48,"parent":0,"menu_order":0,"comment_status":"closed","ping_status":"closed","template":"template-microsite.php","meta":{"footnotes":""},"class_list":["post-77","page","type-page","status-publish","has-post-thumbnail","hentry","description-off"],"_links":{"self":[{"href":"https:\/\/bettstruckparts.com\/es\/wp-json\/wp\/v2\/pages\/77","targetHints":{"allow":["GET"]}}],"collection":[{"href":"https:\/\/bettstruckparts.com\/es\/wp-json\/wp\/v2\/pages"}],"about":[{"href":"https:\/\/bettstruckparts.com\/es\/wp-json\/wp\/v2\/types\/page"}],"author":[{"embeddable":true,"href":"https:\/\/bettstruckparts.com\/es\/wp-json\/wp\/v2\/users\/4"}],"replies":[{"embeddable":true,"href":"https:\/\/bettstruckparts.com\/es\/wp-json\/wp\/v2\/comments?post=77"}],"version-history":[{"count":0,"href":"https:\/\/bettstruckparts.com\/es\/wp-json\/wp\/v2\/pages\/77\/revisions"}],"wp:featuredmedia":[{"embeddable":true,"href":"https:\/\/bettstruckparts.com\/es\/wp-json\/wp\/v2\/media\/48"}],"wp:attachment":[{"href":"https:\/\/bettstruckparts.com\/es\/wp-json\/wp\/v2\/media?parent=77"}],"curies":[{"name":"wp","href":"https:\/\/api.w.org\/{rel}","templated":true}]}}