{"id":458,"date":"2017-12-07T01:54:19","date_gmt":"2017-12-07T01:54:19","guid":{"rendered":"https:\/\/bctps.wpengine.com\/?page_id=458"},"modified":"2025-09-30T05:22:49","modified_gmt":"2025-09-30T13:22:49","slug":"asociaciones-sectoriales","status":"publish","type":"page","link":"https:\/\/bettstruckparts.com\/es\/who-we-are\/industry-associations\/","title":{"rendered":"Asociaciones sectoriales"},"content":{"rendered":"<div class=\"wpb-content-wrapper\"><div data-vc-full-width=\"true\" data-vc-full-width-temp=\"true\" data-vc-full-width-init=\"false\" data-vc-stretch-content=\"true\" class=\"vc_row wpb_row vc_row-fluid vc_row-no-padding\"><div class=\"wpb_column vc_column_container vc_col-sm-12 vc_col-has-fill\"><div class=\"vc_column-inner vc_custom_1512611685925\"><div class=\"wpb_wrapper\">\n\t<div class=\"wpb_text_column wpb_content_element  white shadow\" >\n\t\t<div class=\"wpb_wrapper\">\n\t\t\t<h1 style=\"text-align: center;\">Asociaciones sectoriales<\/h1>\n\n\t\t<\/div>\n\t<\/div>\n<\/div><\/div><\/div><\/div><div class=\"vc_row-full-width vc_clearfix\"><\/div><div class=\"vc_row wpb_row vc_row-fluid vc_custom_1516046549195 vc_row-has-fill vc_row-o-equal-height vc_row-flex\"><div class=\"wpb_column vc_column_container vc_col-sm-3 vc_col-has-fill\"><div class=\"vc_column-inner vc_custom_1510682040425\"><div class=\"wpb_wrapper\"><div  class=\"wpb_widgetised_column wpb_content_element sidebar-content\">\n\t\t<div class=\"wpb_wrapper\">\n\t\t\t\n\t\t\t\n\t\t<\/div>\n\t<\/div>\n<\/div><\/div><\/div><div class=\"wpb_column vc_column_container vc_col-sm-9\"><div class=\"vc_column-inner vc_custom_1510682076814\"><div class=\"wpb_wrapper\"><div class=\"vc_row wpb_row vc_inner vc_row-fluid\"><div class=\"wpb_column vc_column_container vc_col-sm-12\"><div class=\"vc_column-inner\"><div class=\"wpb_wrapper\">\n\t<div class=\"wpb_text_column wpb_content_element  vc_custom_1565642405615\" >\n\t\t<div class=\"wpb_wrapper\">\n\t\t\t<h2 class=\"p1\"><span class=\"s1\"><b>UN L\u00cdDER DEL SECTOR, A SU SERVICIO<\/b><\/span><\/h2>\n<p class=\"p1\"><span class=\"s1\">Para proporcionar el mejor conocimiento de la industria, servicio y piezas para nuestros clientes, Betts Truck Parts &amp; Service se enorgullece de ser miembro de las siguientes afiliaciones:<\/span><\/p>\n\n\t\t<\/div>\n\t<\/div>\n<\/div><\/div><\/div><\/div><div class=\"vc_row wpb_row vc_inner vc_row-fluid\"><div class=\"wpb_column vc_column_container vc_col-sm-3\"><div class=\"vc_column-inner\"><div class=\"wpb_wrapper\">\n\t<div  class=\"wpb_single_image wpb_content_element vc_align_center\">\n\t\t\n\t\t<figure class=\"wpb_wrapper vc_figure\">\n\t\t\t<div class=\"vc_single_image-wrapper   vc_box_border_grey\"><img decoding=\"async\" width=\"373\" height=\"135\" src=\"https:\/\/bettstruckparts.com\/wp-content\/uploads\/2017\/12\/HDA-Truck-Pride.jpg\" class=\"vc_single_image-img attachment-full\" alt=\"Betts Truck Parts Logotipo HDA Truck Pride\" title=\"HDA-Truck-Pride\" srcset=\"https:\/\/bettstruckparts.com\/wp-content\/uploads\/2017\/12\/HDA-Truck-Pride.jpg 373w, https:\/\/bettstruckparts.com\/wp-content\/uploads\/2017\/12\/HDA-Truck-Pride-300x109.jpg 300w\" sizes=\"(max-width: 373px) 100vw, 373px\"  data-dt-location=\"https:\/\/bettstruckparts.com\/es\/who-we-are\/industry-associations\/hda-truck-pride\/\" \/><\/div>\n\t\t<\/figure>\n\t<\/div>\n<\/div><\/div><\/div><div class=\"wpb_column vc_column_container vc_col-sm-9\"><div class=\"vc_column-inner vc_custom_1515701215446\"><div class=\"wpb_wrapper\">\n\t<div class=\"wpb_text_column wpb_content_element\" >\n\t\t<div class=\"wpb_wrapper\">\n\t\t\t<h2 class=\"p1\"><span class=\"s1\"><b>HDA Truck Pride<\/b><\/span><\/h2>\n<p class=\"p1\"><span class=\"s1\">HDA Truck Pride, el mayor proveedor independiente de piezas y servicios para el mercado de recambios de veh\u00edculos industriales de Norteam\u00e9rica, aporta al sector una nueva escala y un nuevo enfoque. La red de m\u00e1s de 700 centros de distribuci\u00f3n y m\u00e1s de 400 instalaciones de servicio proporciona una huella geogr\u00e1fica excepcionalmente amplia, pero tambi\u00e9n permite flexibilidad y capacidad de respuesta a las necesidades de nuestros clientes.<\/span><\/p>\n<h2 class=\"p1\"><\/h2>\n\n\t\t<\/div>\n\t<\/div>\n<\/div><\/div><\/div><\/div><div class=\"vc_row wpb_row vc_inner vc_row-fluid\"><div class=\"wpb_column vc_column_container vc_col-sm-3\"><div class=\"vc_column-inner\"><div class=\"wpb_wrapper\">\n\t<div  class=\"wpb_single_image wpb_content_element vc_align_center\">\n\t\t\n\t\t<figure class=\"wpb_wrapper vc_figure\">\n\t\t\t<div class=\"vc_single_image-wrapper   vc_box_border_grey\"><img decoding=\"async\" width=\"150\" height=\"150\" src=\"https:\/\/bettstruckparts.com\/wp-content\/uploads\/2017\/12\/SRI-150x150.jpg\" class=\"vc_single_image-img attachment-thumbnail\" alt=\"Logotipo del Instituto de Investigaci\u00f3n de Spring\" title=\"SRI\" srcset=\"https:\/\/bettstruckparts.com\/wp-content\/uploads\/2017\/12\/SRI-150x150.jpg 150w, https:\/\/bettstruckparts.com\/wp-content\/uploads\/2017\/12\/SRI.jpg 231w\" sizes=\"(max-width: 150px) 100vw, 150px\"  data-dt-location=\"https:\/\/bettstruckparts.com\/es\/who-we-are\/industry-associations\/sri\/\" \/><\/div>\n\t\t<\/figure>\n\t<\/div>\n<\/div><\/div><\/div><div class=\"wpb_column vc_column_container vc_col-sm-9\"><div class=\"vc_column-inner vc_custom_1515701219573\"><div class=\"wpb_wrapper\">\n\t<div class=\"wpb_text_column wpb_content_element\" >\n\t\t<div class=\"wpb_wrapper\">\n\t\t\t<h2 class=\"p1\"><span class=\"s1\"><b>Instituto de Investigaci\u00f3n de Spring<\/b><\/span><\/h2>\n<p class=\"p1\"><span class=\"s1\">El Instituto promueve y fomenta los intereses de los fabricantes de ballestas de automoci\u00f3n y productos relacionados para el comercio de reposici\u00f3n en producci\u00f3n, ingenier\u00eda, seguridad, transporte, distribuci\u00f3n y otros retos de la Industria.<\/span><\/p>\n\n\t\t<\/div>\n\t<\/div>\n<\/div><\/div><\/div><\/div><div class=\"vc_row wpb_row vc_inner vc_row-fluid\"><div class=\"wpb_column vc_column_container vc_col-sm-3\"><div class=\"vc_column-inner\"><div class=\"wpb_wrapper\">\n\t<div  class=\"wpb_single_image wpb_content_element vc_align_center\">\n\t\t\n\t\t<figure class=\"wpb_wrapper vc_figure\">\n\t\t\t<div class=\"vc_single_image-wrapper   vc_box_border_grey\"><img decoding=\"async\" width=\"150\" height=\"150\" src=\"https:\/\/bettstruckparts.com\/wp-content\/uploads\/2017\/12\/ASE-150x150.jpg\" class=\"vc_single_image-img attachment-thumbnail\" alt=\"Logotipo de certificaci\u00f3n del National Institute for Automotive Service Excellence\" title=\"ASE\"  data-dt-location=\"https:\/\/bettstruckparts.com\/es\/who-we-are\/industry-associations\/ase\/\" \/><\/div>\n\t\t<\/figure>\n\t<\/div>\n<\/div><\/div><\/div><div class=\"wpb_column vc_column_container vc_col-sm-9\"><div class=\"vc_column-inner vc_custom_1515701226941\"><div class=\"wpb_wrapper\">\n\t<div class=\"wpb_text_column wpb_content_element\" >\n\t\t<div class=\"wpb_wrapper\">\n\t\t\t<h2 class=\"p1\"><span class=\"s1\"><b>Certificaci\u00f3n Automotive Service Excellence<\/b><\/span><\/h2>\n<p class=\"p1\"><span class=\"s1\">El Instituto Nacional para la Excelencia en el Servicio del Autom\u00f3vil (ASE), organizaci\u00f3n sin \u00e1nimo de lucro, trabaja para mejorar la calidad de la reparaci\u00f3n y el servicio de los veh\u00edculos mediante pruebas y la certificaci\u00f3n de los profesionales del autom\u00f3vil.<\/span><\/p>\n\n\t\t<\/div>\n\t<\/div>\n<\/div><\/div><\/div><\/div><\/div><\/div><\/div><\/div>\n<\/div>","protected":false},"excerpt":{"rendered":"<p>Asociaciones de la industria UN L\u00cdDER DE LA INDUSTRIA, A SU SERVICIO Para proporcionar el mejor conocimiento de la industria, servicio y piezas para nuestros clientes, Betts Truck Parts &amp; Service se enorgullece de ser miembro de las siguientes afiliaciones: HDA Truck Pride Como el mayor proveedor independiente de piezas y servicios del mercado de recambios de veh\u00edculos comerciales de Norteam\u00e9rica, HDA Truck Pride...<\/p>","protected":false},"author":4,"featured_media":48,"parent":77,"menu_order":0,"comment_status":"closed","ping_status":"closed","template":"template-microsite.php","meta":{"footnotes":""},"class_list":["post-458","page","type-page","status-publish","has-post-thumbnail","hentry","description-off"],"_links":{"self":[{"href":"https:\/\/bettstruckparts.com\/es\/wp-json\/wp\/v2\/pages\/458","targetHints":{"allow":["GET"]}}],"collection":[{"href":"https:\/\/bettstruckparts.com\/es\/wp-json\/wp\/v2\/pages"}],"about":[{"href":"https:\/\/bettstruckparts.com\/es\/wp-json\/wp\/v2\/types\/page"}],"author":[{"embeddable":true,"href":"https:\/\/bettstruckparts.com\/es\/wp-json\/wp\/v2\/users\/4"}],"replies":[{"embeddable":true,"href":"https:\/\/bettstruckparts.com\/es\/wp-json\/wp\/v2\/comments?post=458"}],"version-history":[{"count":0,"href":"https:\/\/bettstruckparts.com\/es\/wp-json\/wp\/v2\/pages\/458\/revisions"}],"up":[{"embeddable":true,"href":"https:\/\/bettstruckparts.com\/es\/wp-json\/wp\/v2\/pages\/77"}],"wp:featuredmedia":[{"embeddable":true,"href":"https:\/\/bettstruckparts.com\/es\/wp-json\/wp\/v2\/media\/48"}],"wp:attachment":[{"href":"https:\/\/bettstruckparts.com\/es\/wp-json\/wp\/v2\/media?parent=458"}],"curies":[{"name":"wp","href":"https:\/\/api.w.org\/{rel}","templated":true}]}}