{"id":426,"date":"2017-12-07T01:18:15","date_gmt":"2017-12-07T01:18:15","guid":{"rendered":"https:\/\/bctps.wpengine.com\/?page_id=426"},"modified":"2025-05-18T11:57:46","modified_gmt":"2025-05-18T19:57:46","slug":"bajo-el-capo-en-la-cabina","status":"publish","type":"page","link":"https:\/\/bettstruckparts.com\/es\/parts\/under-hood-in-cab\/","title":{"rendered":"Bajo el cap\u00f3 y en la cabina"},"content":{"rendered":"<div class=\"wpb-content-wrapper\"><div class=\"vc_row wpb_row vc_row-fluid vc_custom_1523486757356 vc_row-has-fill vc_row-o-equal-height vc_row-flex\"><div class=\"wpb_column vc_column_container vc_col-sm-3 vc_col-has-fill\"><div class=\"vc_column-inner vc_custom_1510682040425\"><div class=\"wpb_wrapper\"><div  class=\"wpb_widgetised_column wpb_content_element sidebar-content\">\n\t\t<div class=\"wpb_wrapper\">\n\t\t\t\n\t\t\t<section id=\"nav_menu-5\" class=\"widget widget_nav_menu\"><div class=\"widget-title\">Piezas<\/div><div class=\"menu-parts-container\"><ul id=\"menu-parts\" class=\"menu\"><li id=\"menu-item-456\" class=\"menu-item menu-item-type-post_type menu-item-object-page menu-item-456\"><a href=\"https:\/\/bettstruckparts.com\/es\/parts\/accessories\/\">Accesorios<\/a><\/li>\n<li id=\"menu-item-455\" class=\"menu-item menu-item-type-post_type menu-item-object-page menu-item-455\"><a href=\"https:\/\/bettstruckparts.com\/es\/parts\/aftermarket-truck-parts\/\">Recambios para camiones<\/a><\/li>\n<li id=\"menu-item-454\" class=\"menu-item menu-item-type-post_type menu-item-object-page menu-item-454\"><a href=\"https:\/\/bettstruckparts.com\/es\/parts\/brake-wheel-parts\/\">Piezas de freno y ruedas<\/a><\/li>\n<li id=\"menu-item-453\" class=\"menu-item menu-item-type-post_type menu-item-object-page menu-item-453\"><a href=\"https:\/\/bettstruckparts.com\/es\/parts\/cargo-control\/\">Control de carga<\/a><\/li>\n<li id=\"menu-item-452\" class=\"menu-item menu-item-type-post_type menu-item-object-page menu-item-452\"><a href=\"https:\/\/bettstruckparts.com\/es\/parts\/chemicals\/\">Productos qu\u00edmicos<\/a><\/li>\n<li id=\"menu-item-451\" class=\"menu-item menu-item-type-post_type menu-item-object-page menu-item-451\"><a href=\"https:\/\/bettstruckparts.com\/es\/parts\/drivetrain\/\">Transmisi\u00f3n<\/a><\/li>\n<li id=\"menu-item-450\" class=\"menu-item menu-item-type-post_type menu-item-object-page menu-item-450\"><a href=\"https:\/\/bettstruckparts.com\/es\/parts\/electrical-parts\/\">Piezas el\u00e9ctricas<\/a><\/li>\n<li id=\"menu-item-449\" class=\"menu-item menu-item-type-post_type menu-item-object-page menu-item-449\"><a href=\"https:\/\/bettstruckparts.com\/es\/parts\/exhaust-parts\/\">Piezas de escape<\/a><\/li>\n<li id=\"menu-item-448\" class=\"menu-item menu-item-type-post_type menu-item-object-page menu-item-448\"><a href=\"https:\/\/bettstruckparts.com\/es\/parts\/lighting-parts\/\">Piezas de iluminaci\u00f3n<\/a><\/li>\n<li id=\"menu-item-447\" class=\"menu-item menu-item-type-post_type menu-item-object-page menu-item-447\"><a href=\"https:\/\/bettstruckparts.com\/es\/parts\/safety\/\">Seguridad<\/a><\/li>\n<li id=\"menu-item-446\" class=\"menu-item menu-item-type-post_type menu-item-object-page menu-item-446\"><a href=\"https:\/\/bettstruckparts.com\/es\/parts\/shop-tools\/\">Herramientas<\/a><\/li>\n<li id=\"menu-item-445\" class=\"menu-item menu-item-type-post_type menu-item-object-page menu-item-445\"><a href=\"https:\/\/bettstruckparts.com\/es\/parts\/steering-suspension\/\">Direcci\u00f3n y suspensi\u00f3n<\/a><\/li>\n<li id=\"menu-item-444\" class=\"menu-item menu-item-type-post_type menu-item-object-page menu-item-444\"><a href=\"https:\/\/bettstruckparts.com\/es\/parts\/trailer-parts\/\">Piezas de remolque<\/a><\/li>\n<li id=\"menu-item-443\" class=\"menu-item menu-item-type-post_type menu-item-object-page menu-item-443\"><a href=\"https:\/\/bettstruckparts.com\/es\/parts\/under-hood-in-cab\/\">Bajo el cap\u00f3 y en la cabina<\/a><\/li>\n<\/ul><\/div><\/section>\n\t\t<\/div>\n\t<\/div>\n<\/div><\/div><\/div><div class=\"wpb_column vc_column_container vc_col-sm-9\"><div class=\"vc_column-inner vc_custom_1510682076814\"><div class=\"wpb_wrapper\"><div class=\"vc_row wpb_row vc_inner vc_row-fluid vc_custom_1747592340742\"><div class=\"wpb_column vc_column_container vc_col-sm-12\"><div class=\"vc_column-inner vc_custom_1486667994280\"><div class=\"wpb_wrapper\">\n\t<div class=\"wpb_text_column wpb_content_element\" >\n\t\t<div class=\"wpb_wrapper\">\n\t\t\t<h1 style=\"text-align: center;\">Componentes vitales bajo el cap\u00f3 y en la cabina del cami\u00f3n<\/h1>\n<h2 style=\"text-align: center;\">El latido de tu bot\u00edn<\/h2>\n\n\t\t<\/div>\n\t<\/div>\n<div class=\"ubtn-ctn-center\"><a class=\"ubtn-link ult-adjust-bottom-margin ubtn-center ubtn-normal\" href=\"\/es\/lugares\/\" ><button type=\"button\" id=\"ubtn-3979\"  class=\"ubtn ult-adjust-bottom-margin ult-responsive ubtn-normal ubtn-fade-bg  none  ubtn-center   tooltip-6a09eca2654b8\"  data-hover=\"#ffffff\" data-border-color=\"#ad172b\" data-bg=\"rgba(255,255,255,0.01)\" data-hover-bg=\"#ad172b\" data-border-hover=\"#ffffff\" data-shadow-hover=\"\" data-shadow-click=\"none\" data-shadow=\"\" data-shd-shadow=\"\"  data-ultimate-target='#ubtn-3979'  data-responsive-json-new='{\"font-size\":\"desktop:16px;\",\"line-height\":\"\"}'  style=\"font-weight:bold;border-radius:15px;border-width:2px;border-color:#ad172b;border-style:solid;background: rgba(255,255,255,0.01);color: #ad172b;\"><span class=\"ubtn-hover\" style=\"background-color:#ad172b\"><\/span><span class=\"ubtn-data ubtn-text\" >Buscar un lugar<\/span><\/button><\/a><\/div>\n\t<div class=\"wpb_text_column wpb_content_element  vc_custom_1747598264092\" >\n\t\t<div class=\"wpb_wrapper\">\n\t\t\t<p>M\u00e1s all\u00e1 del cromo reluciente y el potente rugido, los verdaderos caballos de batalla de su cami\u00f3n comercial de servicio pesado se encuentran discretamente bajo el cap\u00f3 y dentro de la cabina. Estos son los componentes cr\u00edticos bajo el cap\u00f3 y las piezas esenciales en la cabina del cami\u00f3n que aseguran que su veh\u00edculo funcione de manera fiable, eficiente y c\u00f3moda, milla tras milla. En Betts Truck Parts &amp; Service, entendemos que cuando se trata de estos sistemas vitales, la calidad y la fiabilidad no son negociables. Somos su fuente integral para todos sus accesorios y piezas de repuesto para camiones comerciales, cubriendo la gama desde el compartimiento del motor hasta el asiento del conductor.<\/p>\n<h3><img decoding=\"async\" class=\"aligncenter wp-image-733 size-full\" src=\"https:\/\/bettstruckparts.com\/wp-content\/uploads\/2017\/12\/MG_0568-as-Smart-Object-1-1.jpg\" alt=\"piezas para camiones\" width=\"1400\" height=\"687\" srcset=\"https:\/\/bettstruckparts.com\/wp-content\/uploads\/2017\/12\/MG_0568-as-Smart-Object-1-1.jpg 1400w, https:\/\/bettstruckparts.com\/wp-content\/uploads\/2017\/12\/MG_0568-as-Smart-Object-1-1-300x147.jpg 300w, https:\/\/bettstruckparts.com\/wp-content\/uploads\/2017\/12\/MG_0568-as-Smart-Object-1-1-1024x502.jpg 1024w, https:\/\/bettstruckparts.com\/wp-content\/uploads\/2017\/12\/MG_0568-as-Smart-Object-1-1-768x377.jpg 768w\" sizes=\"(max-width: 1400px) 100vw, 1400px\" \/><\/h3>\n<h3>Por qu\u00e9 es importante dar prioridad a los recambios de calidad bajo el cap\u00f3 y en la cabina<\/h3>\n<p>Los componentes que trabajan incansablemente bajo el cap\u00f3 de su cami\u00f3n y dentro de su cabina son parte integral de su rendimiento general, seguridad y longevidad. Descuidarlos puede provocar:<\/p>\n<ul>\n<li><strong>Aver\u00edas inesperadas:<\/strong> La aver\u00eda de una correa, una manguera o una bomba de agua puede hacer que su viaje se detenga bruscamente, provocando costosos tiempos de inactividad y el incumplimiento de plazos.<\/li>\n<li><strong>Eficiencia reducida:<\/strong> Los filtros desgastados o el mal funcionamiento del embrague del ventilador pueden afectar al ahorro de combustible y al rendimiento del motor.<\/li>\n<li><strong>Seguridad comprometida:<\/strong> Los problemas con las v\u00e1lvulas de aire o incluso un motor de arranque defectuoso pueden crear situaciones peligrosas en la carretera o en el patio.<\/li>\n<li><strong>Malestar y fatiga del conductor:<\/strong> El correcto funcionamiento de los componentes de la cabina, incluidos los controles HVAC relacionados con las v\u00e1lvulas de aire o el rendimiento de los filtros, contribuye significativamente al estado de alerta y al bienestar del conductor.<\/li>\n<li><strong>Aumento de los costes a largo plazo:<\/strong> Optar por piezas de calidad inferior puede suponer un ahorro inicial de unos pocos d\u00f3lares, pero a menudo conlleva sustituciones m\u00e1s frecuentes y da\u00f1os colaterales potencialmente m\u00e1s importantes.<\/li>\n<\/ul>\n<p>Invertir en alta calidad <a href=\"https:\/\/bettstruckparts.com\/es\/piezas\/\">piezas para camiones pesados<\/a> de marcas de confianza garantiza que su veh\u00edculo siga siendo un activo fiable, no un pasivo recurrente.<\/p>\n<h3>Su \u00fanica fuente de componentes esenciales<\/h3>\n<p>Betts Truck Parts &amp; Service ofrece una amplia gama de componentes bajo el cap\u00f3 y en la cabina para mantener su flota en \u00f3ptimas condiciones. Nuestra selecci\u00f3n incluye:<\/p>\n<ul>\n<li><strong>Correas y mangueras: <\/strong>El sistema circulatorio de su motor, las correas y mangueras de cami\u00f3n son cruciales para accionar los accesorios y hacer circular los fluidos vitales. Disponemos de correas de serpentina, correas trapezoidales, mangueras de radiador y mangueras de calefacci\u00f3n duraderas y dise\u00f1adas para soportar temperaturas extremas y un uso constante. La inspecci\u00f3n peri\u00f3dica y la sustituci\u00f3n oportuna de las mangueras desgastadas pueden evitar da\u00f1os catastr\u00f3ficos en el motor.<\/li>\n<li><strong>Ventiladores y embragues: <\/strong>Una refrigeraci\u00f3n adecuada del motor es esencial. Nuestra gama de ventiladores de refrigeraci\u00f3n del motor y embragues de ventilador ayuda a mantener temperaturas de funcionamiento \u00f3ptimas, evitando el sobrecalentamiento y garantizando el rendimiento eficiente del motor, especialmente con cargas pesadas.<\/li>\n<li><strong>Bombas de agua: <\/strong>Un componente cr\u00edtico del sistema de refrigeraci\u00f3n, una bomba de agua de alta resistencia fiable asegura que el refrigerante circule eficazmente a trav\u00e9s del bloque del motor, el radiador y el n\u00facleo del calentador. Ofrecemos bombas de agua de calidad fabricadas para durar.<\/li>\n<li><strong>Motores de arranque y alternadores: <\/strong>La columna vertebral del sistema el\u00e9ctrico de su cami\u00f3n. Un robusto motor de arranque para camiones garantiza que el motor arranque siempre de forma fiable, mientras que un alternador de alto rendimiento para camiones comerciales mantiene la bater\u00eda cargada y alimenta todos los componentes el\u00e9ctricos.<\/li>\n<li><strong>V\u00e1lvulas de aire: <\/strong>Esenciales para numerosos sistemas, en particular los sistemas de frenos neum\u00e1ticos de camiones, as\u00ed como la suspensi\u00f3n y otros controles neum\u00e1ticos. Suministramos una gran variedad de v\u00e1lvulas neum\u00e1ticas para camiones comerciales que garantizan un funcionamiento preciso y fiable para la seguridad y el control.<\/li>\n<li><strong>Filtros: <\/strong>Proteger su motor y garantizar un aire limpio tanto para el motor como para la cabina es primordial. Ofrecemos una l\u00ednea completa de filtros para camiones, incluidos filtros de aceite para camiones, filtros de combustible, filtros de admisi\u00f3n de aire y filtros de aire de cabina, de fabricantes l\u00edderes para maximizar la protecci\u00f3n y el rendimiento.<\/li>\n<\/ul>\n<h3>Conf\u00ede en Betts para el funcionamiento interno de su cami\u00f3n<\/h3>\n<p>En <a href=\"https:\/\/bettstruckparts.com\/es\/quienes-somos\/nuestra-historia\/\">Betts Truck Parts &amp; Service<\/a>nos comprometemos a suministrar las piezas de alta calidad que mantienen sus operaciones en perfecto funcionamiento. Nuestro equipo de expertos comprende las exigencias a las que se ven sometidos los veh\u00edculos comerciales y puede ayudarle a identificar las piezas precisas para la parte inferior del cap\u00f3 o los accesorios para la cabina que necesita. Nos esforzamos por ser su socio de confianza, proporcion\u00e1ndole no s\u00f3lo piezas, sino tambi\u00e9n tranquilidad.<br \/>\nNo espere a que falle un componente cr\u00edtico. Mantenga el coraz\u00f3n de su transporte con piezas de primera calidad de un proveedor que entiende sus necesidades.<br \/>\n\u00bfEst\u00e1 listo para asegurarse de que los sistemas esenciales de su cami\u00f3n est\u00e9n en \u00f3ptimas condiciones? P\u00f3ngase en contacto con Betts Truck Parts &amp; Service hoy mismo para solicitar un presupuesto de los accesorios para camiones comerciales, piezas bajo el cap\u00f3 y componentes para la cabina que necesita. Perm\u00edtanos ayudarle a potenciar su conducci\u00f3n.<\/p>\n\n\t\t<\/div>\n\t<\/div>\n<div class=\"ubtn-ctn-center\"><a class=\"ubtn-link ult-adjust-bottom-margin ubtn-center ubtn-normal\" href=\"\/es\/lugares\/\" ><button type=\"button\" id=\"ubtn-7312\"  class=\"ubtn ult-adjust-bottom-margin ult-responsive ubtn-normal ubtn-fade-bg  none  ubtn-center   tooltip-6a09eca2655f1\"  data-hover=\"#ffffff\" data-border-color=\"#ad172b\" data-bg=\"rgba(255,255,255,0.01)\" data-hover-bg=\"#ad172b\" data-border-hover=\"#ffffff\" data-shadow-hover=\"\" data-shadow-click=\"none\" data-shadow=\"\" data-shd-shadow=\"\"  data-ultimate-target='#ubtn-7312'  data-responsive-json-new='{\"font-size\":\"desktop:16px;\",\"line-height\":\"\"}'  style=\"font-weight:bold;border-radius:15px;border-width:2px;border-color:#ad172b;border-style:solid;background: rgba(255,255,255,0.01);color: #ad172b;\"><span class=\"ubtn-hover\" style=\"background-color:#ad172b\"><\/span><span class=\"ubtn-data ubtn-text\" >Buscar un lugar<\/span><\/button><\/a><\/div><\/div><\/div><\/div><\/div><\/div><\/div><\/div><\/div>\n<\/div>","protected":false},"excerpt":{"rendered":"<p>RecambiosAccesorios Recambios para camiones Recambios de frenos y llantas Control de carga Productos qu\u00edmicos Tren de tracci\u00f3n Piezas el\u00e9ctricas Piezas de escape Piezas de iluminaci\u00f3n Piezas de seguridad Tienda Herramientas Direcci\u00f3n y suspensi\u00f3n Piezas para remolques Componentes vitales para el cami\u00f3n Componentes vitales para el cami\u00f3n Componentes vitales para el cami\u00f3n Componentes vitales para el cami\u00f3n Componentes vitales para el cami\u00f3n Componentes vitales para el cami\u00f3n Componentes vitales para el cami\u00f3n Componentes vitales para el cami\u00f3n Componentes vitales para el cami\u00f3n Componentes vitales para el cami\u00f3n Componentes vitales para el cami\u00f3n Componentes vitales para el cami\u00f3n Componentes vitales para el cami\u00f3n Componentes vitales para el cami\u00f3n...<\/p>","protected":false},"author":4,"featured_media":48,"parent":1008,"menu_order":0,"comment_status":"closed","ping_status":"closed","template":"template-microsite.php","meta":{"footnotes":""},"class_list":["post-426","page","type-page","status-publish","has-post-thumbnail","hentry","description-off"],"_links":{"self":[{"href":"https:\/\/bettstruckparts.com\/es\/wp-json\/wp\/v2\/pages\/426","targetHints":{"allow":["GET"]}}],"collection":[{"href":"https:\/\/bettstruckparts.com\/es\/wp-json\/wp\/v2\/pages"}],"about":[{"href":"https:\/\/bettstruckparts.com\/es\/wp-json\/wp\/v2\/types\/page"}],"author":[{"embeddable":true,"href":"https:\/\/bettstruckparts.com\/es\/wp-json\/wp\/v2\/users\/4"}],"replies":[{"embeddable":true,"href":"https:\/\/bettstruckparts.com\/es\/wp-json\/wp\/v2\/comments?post=426"}],"version-history":[{"count":0,"href":"https:\/\/bettstruckparts.com\/es\/wp-json\/wp\/v2\/pages\/426\/revisions"}],"up":[{"embeddable":true,"href":"https:\/\/bettstruckparts.com\/es\/wp-json\/wp\/v2\/pages\/1008"}],"wp:featuredmedia":[{"embeddable":true,"href":"https:\/\/bettstruckparts.com\/es\/wp-json\/wp\/v2\/media\/48"}],"wp:attachment":[{"href":"https:\/\/bettstruckparts.com\/es\/wp-json\/wp\/v2\/media?parent=426"}],"curies":[{"name":"wp","href":"https:\/\/api.w.org\/{rel}","templated":true}]}}