{"id":422,"date":"2017-12-07T01:16:12","date_gmt":"2017-12-07T01:16:12","guid":{"rendered":"https:\/\/bctps.wpengine.com\/?page_id=422"},"modified":"2025-05-11T13:42:55","modified_gmt":"2025-05-11T21:42:55","slug":"suspension-de-la-direccion","status":"publish","type":"page","link":"https:\/\/bettstruckparts.com\/es\/parts\/steering-suspension\/","title":{"rendered":"Direcci\u00f3n y suspensi\u00f3n"},"content":{"rendered":"<div class=\"wpb-content-wrapper\"><div class=\"vc_row wpb_row vc_row-fluid vc_custom_1523486557874 vc_row-has-fill vc_row-o-equal-height vc_row-flex\"><div class=\"wpb_column vc_column_container vc_col-sm-3 vc_col-has-fill\"><div class=\"vc_column-inner vc_custom_1510682040425\"><div class=\"wpb_wrapper\"><div  class=\"wpb_widgetised_column wpb_content_element sidebar-content\">\n\t\t<div class=\"wpb_wrapper\">\n\t\t\t\n\t\t\t<section id=\"nav_menu-5\" class=\"widget widget_nav_menu\"><div class=\"widget-title\">Piezas<\/div><div class=\"menu-parts-container\"><ul id=\"menu-parts\" class=\"menu\"><li id=\"menu-item-456\" class=\"menu-item menu-item-type-post_type menu-item-object-page menu-item-456\"><a href=\"https:\/\/bettstruckparts.com\/es\/parts\/accessories\/\">Accesorios<\/a><\/li>\n<li id=\"menu-item-455\" class=\"menu-item menu-item-type-post_type menu-item-object-page menu-item-455\"><a href=\"https:\/\/bettstruckparts.com\/es\/parts\/aftermarket-truck-parts\/\">Recambios para camiones<\/a><\/li>\n<li id=\"menu-item-454\" class=\"menu-item menu-item-type-post_type menu-item-object-page menu-item-454\"><a href=\"https:\/\/bettstruckparts.com\/es\/parts\/brake-wheel-parts\/\">Piezas de freno y ruedas<\/a><\/li>\n<li id=\"menu-item-453\" class=\"menu-item menu-item-type-post_type menu-item-object-page menu-item-453\"><a href=\"https:\/\/bettstruckparts.com\/es\/parts\/cargo-control\/\">Control de carga<\/a><\/li>\n<li id=\"menu-item-452\" class=\"menu-item menu-item-type-post_type menu-item-object-page menu-item-452\"><a href=\"https:\/\/bettstruckparts.com\/es\/parts\/chemicals\/\">Productos qu\u00edmicos<\/a><\/li>\n<li id=\"menu-item-451\" class=\"menu-item menu-item-type-post_type menu-item-object-page menu-item-451\"><a href=\"https:\/\/bettstruckparts.com\/es\/parts\/drivetrain\/\">Transmisi\u00f3n<\/a><\/li>\n<li id=\"menu-item-450\" class=\"menu-item menu-item-type-post_type menu-item-object-page menu-item-450\"><a href=\"https:\/\/bettstruckparts.com\/es\/parts\/electrical-parts\/\">Piezas el\u00e9ctricas<\/a><\/li>\n<li id=\"menu-item-449\" class=\"menu-item menu-item-type-post_type menu-item-object-page menu-item-449\"><a href=\"https:\/\/bettstruckparts.com\/es\/parts\/exhaust-parts\/\">Piezas de escape<\/a><\/li>\n<li id=\"menu-item-448\" class=\"menu-item menu-item-type-post_type menu-item-object-page menu-item-448\"><a href=\"https:\/\/bettstruckparts.com\/es\/parts\/lighting-parts\/\">Piezas de iluminaci\u00f3n<\/a><\/li>\n<li id=\"menu-item-447\" class=\"menu-item menu-item-type-post_type menu-item-object-page menu-item-447\"><a href=\"https:\/\/bettstruckparts.com\/es\/parts\/safety\/\">Seguridad<\/a><\/li>\n<li id=\"menu-item-446\" class=\"menu-item menu-item-type-post_type menu-item-object-page menu-item-446\"><a href=\"https:\/\/bettstruckparts.com\/es\/parts\/shop-tools\/\">Herramientas<\/a><\/li>\n<li id=\"menu-item-445\" class=\"menu-item menu-item-type-post_type menu-item-object-page menu-item-445\"><a href=\"https:\/\/bettstruckparts.com\/es\/parts\/steering-suspension\/\">Direcci\u00f3n y suspensi\u00f3n<\/a><\/li>\n<li id=\"menu-item-444\" class=\"menu-item menu-item-type-post_type menu-item-object-page menu-item-444\"><a href=\"https:\/\/bettstruckparts.com\/es\/parts\/trailer-parts\/\">Piezas de remolque<\/a><\/li>\n<li id=\"menu-item-443\" class=\"menu-item menu-item-type-post_type menu-item-object-page menu-item-443\"><a href=\"https:\/\/bettstruckparts.com\/es\/parts\/under-hood-in-cab\/\">Bajo el cap\u00f3 y en la cabina<\/a><\/li>\n<\/ul><\/div><\/section>\n\t\t<\/div>\n\t<\/div>\n<\/div><\/div><\/div><div class=\"wpb_column vc_column_container vc_col-sm-9\"><div class=\"vc_column-inner vc_custom_1510682076814\"><div class=\"wpb_wrapper\"><div class=\"vc_row wpb_row vc_inner vc_row-fluid vc_custom_1746998878082\"><div class=\"wpb_column vc_column_container vc_col-sm-12\"><div class=\"vc_column-inner vc_custom_1486667994280\"><div class=\"wpb_wrapper\">\n\t<div class=\"wpb_text_column wpb_content_element\" >\n\t\t<div class=\"wpb_wrapper\">\n\t\t\t<h1 style=\"text-align: center;\">Reparaci\u00f3n experta de direcci\u00f3n y suspensi\u00f3n de camiones pesados<\/h1>\n<h2 style=\"text-align: center;\">Conducci\u00f3n suave, control preciso<\/h2>\n\n\t\t<\/div>\n\t<\/div>\n<div class=\"ubtn-ctn-center\"><a class=\"ubtn-link ult-adjust-bottom-margin ubtn-center ubtn-normal\" href=\"\/es\/lugares\/\" ><button type=\"button\" id=\"ubtn-4397\"  class=\"ubtn ult-adjust-bottom-margin ult-responsive ubtn-normal ubtn-fade-bg  none  ubtn-center   tooltip-69e7381f0a5a8\"  data-hover=\"#ffffff\" data-border-color=\"#ad172b\" data-bg=\"rgba(255,255,255,0.01)\" data-hover-bg=\"#ad172b\" data-border-hover=\"#ffffff\" data-shadow-hover=\"\" data-shadow-click=\"none\" data-shadow=\"\" data-shd-shadow=\"\"  data-ultimate-target='#ubtn-4397'  data-responsive-json-new='{\"font-size\":\"desktop:16px;\",\"line-height\":\"\"}'  style=\"font-weight:bold;border-radius:15px;border-width:2px;border-color:#ad172b;border-style:solid;background: rgba(255,255,255,0.01);color: #ad172b;\"><span class=\"ubtn-hover\" style=\"background-color:#ad172b\"><\/span><span class=\"ubtn-data ubtn-text\" >Buscar un lugar<\/span><\/button><\/a><\/div>\n\t<div class=\"wpb_text_column wpb_content_element  vc_custom_1746999772629\" >\n\t\t<div class=\"wpb_wrapper\">\n\t\t\t<p>Los sistemas de direcci\u00f3n y suspensi\u00f3n de su cami\u00f3n son, sin lugar a dudas, la zona cero del desgaste. Constantemente luchando contra carreteras en mal estado, cargas pesadas y condiciones variables, estos componentes cr\u00edticos se enfrentan a la mayor\u00eda de los abusos. Con el tiempo, las piezas inevitablemente se desgastan, debilitan o rompen con el uso continuo. S\u00edntomas como una conducci\u00f3n brusca, rebotes excesivos, desgaste desigual de los neum\u00e1ticos, dificultad para girar o que el cami\u00f3n se desv\u00ede hacia un lado son indicadores de que los sistemas de direcci\u00f3n y suspensi\u00f3n de su cami\u00f3n necesitan atenci\u00f3n profesional. Cuando surgen estos problemas, puede confiar en el equipo de expertos en piezas y servicio de Betts para diagnosticar con precisi\u00f3n su problema de direcci\u00f3n o suspensi\u00f3n y proporcionar las piezas y reparaciones de alta calidad necesarias para volver a la carretera de forma segura y eficiente.<\/p>\n<h3>La doble importancia de la integridad de la direcci\u00f3n y la suspensi\u00f3n<\/h3>\n<p>La direcci\u00f3n y la suspensi\u00f3n trabajan en t\u00e1ndem para proporcionar una experiencia de conducci\u00f3n segura y controlada. El sistema de direcci\u00f3n de su cami\u00f3n comercial permite un control direccional preciso, mientras que el sistema de suspensi\u00f3n de alta resistencia absorbe los impactos de la carretera, mantiene el contacto de los neum\u00e1ticos con la carretera, soporta el peso del veh\u00edculo (incluida la carga) y contribuye significativamente a la comodidad del conductor y a la estabilidad de la carga. Un fallo en uno de los sistemas puede afectar negativamente al otro, lo que puede provocar una cascada de problemas potenciales, desde una menor eficiencia del combustible hasta fallos de seguridad cr\u00edticos.<\/p>\n<h3>Servicios integrales de direcci\u00f3n y suspensi\u00f3n para camiones y remolques:<\/h3>\n<p>En Betts, ofrecemos una gama completa de servicios para abordar todos los aspectos de las necesidades de direcci\u00f3n y suspensi\u00f3n de su cami\u00f3n y remolque. Entendemos las demandas \u00fanicas de estos sistemas en aplicaciones de servicio pesado. Nuestra oferta incluye:<\/p>\n<ul>\n<li><strong>Reparaci\u00f3n y sustituci\u00f3n completa de la suspensi\u00f3n de camiones:<\/strong> Desde el diagn\u00f3stico hasta la revisi\u00f3n completa del sistema, nos ocupamos de todas sus necesidades de reparaci\u00f3n de la suspensi\u00f3n de semirremolques.<\/li>\n<li><strong>Servicios completos de suspensi\u00f3n de remolques:<\/strong> Aseg\u00farese de que su remolque se desplaza correctamente y transporta su carga de forma segura con un mantenimiento y reparaci\u00f3n expertos de la suspensi\u00f3n del remolque.<\/li>\n<li><strong>Instalaci\u00f3n y reparaci\u00f3n de airbags (camiones y remolques):<\/strong> Reparamos y sustituimos <a href=\"https:\/\/bettstruckparts.com\/es\/reparacion-de-camiones\/control-de-la-suspension-neumatica\/\">sistemas de suspensi\u00f3n neum\u00e1tica para camiones y remolques<\/a> y airbags para una calidad de conducci\u00f3n y un soporte de carga \u00f3ptimos.<\/li>\n<li><strong>Sustituci\u00f3n de amortiguadores:<\/strong> Crucial para amortiguar las vibraciones y mantener el contacto con los neum\u00e1ticos, instalamos amortiguadores de alta calidad para servicio pesado.<\/li>\n<li><strong>Servicios de componentes de suspensi\u00f3n:<\/strong> Incluyendo bujes, brazos de control, barras de torsi\u00f3n y barras estabilizadoras. Identificamos y sustituimos los componentes desgastados de la suspensi\u00f3n del cami\u00f3n.<\/li>\n<li><strong>Reparaci\u00f3n y sustituci\u00f3n de ballestas:<\/strong> Piedra angular de muchas suspensiones para cargas pesadas, proporcionamos expertos <a href=\"https:\/\/bettstruckparts.com\/es\/reparacion-de-camiones\/reparacion-de-ballestas\/\">servicios de ballestas para camiones<\/a>incluyendo la adici\u00f3n o sustituci\u00f3n de hojas.<\/li>\n<li><strong>Pernos en U a medida:<\/strong> Podemos fabricar o suministrar\u00a0 <a href=\"https:\/\/bettstruckparts.com\/es\/reparacion-de-camiones\/pernos-en-u-personalizados\/\">pernos en U a medida para suspensiones de camiones<\/a> para garantizar un ajuste perfecto y un montaje seguro.<\/li>\n<li><strong>Diagn\u00f3stico y reparaci\u00f3n del sistema de direcci\u00f3n:<\/strong> Soluci\u00f3n de problemas con barras de acoplamiento, varillas de arrastre, pivotes, bombas de direcci\u00f3n asistida, y <a href=\"https:\/\/bettstruckparts.com\/es\/reparacion-de-camiones\/reparacion-de-la-direccion\/\">reparaci\u00f3n de engranajes de direcci\u00f3n<\/a>.<\/li>\n<li><strong>Servicios de alineaci\u00f3n de ruedas:<\/strong> Imprescindible despu\u00e9s de muchas reparaciones de la direcci\u00f3n o la suspensi\u00f3n para garantizar un manejo adecuado y evitar el desgaste prematuro de los neum\u00e1ticos.<\/li>\n<\/ul>\n<p>Y mucho m\u00e1s relacionado con mantener una conducci\u00f3n suave y una direcci\u00f3n precisa.<\/p>\n<h3>Piezas de calidad para un rendimiento y una seguridad duraderos<\/h3>\n<p>La longevidad y fiabilidad de sus reparaciones de direcci\u00f3n y suspensi\u00f3n dependen de la calidad de los componentes utilizados. En Betts, nos comprometemos a utilizar s\u00f3lo lo mejor. Obtenemos nuestras piezas de direcci\u00f3n y suspensi\u00f3n de fabricantes l\u00edderes del sector reconocidos por su s\u00f3lida ingenier\u00eda, durabilidad y rendimiento, garantizando que cada reparaci\u00f3n cumpla o supere los est\u00e1ndares de los fabricantes de equipos originales. Al asociarnos con <a href=\"https:\/\/bettstruckparts.com\/es\/piezas\/\">piezas para camiones<\/a> proveedores, ofrecemos soluciones que resisten las condiciones m\u00e1s duras.<\/p>\n<h3>3 razones clave para elegir nuestros servicios de direcci\u00f3n y suspensi\u00f3n:<\/h3>\n<ul>\n<li><strong>Experiencia especializada y capacidad de diagn\u00f3stico:<\/strong> Con m\u00e1s de 30 a\u00f1os dedicados a los camiones pesados, nuestros t\u00e9cnicos certificados poseen un profundo conocimiento de los complejos diagn\u00f3sticos de direcci\u00f3n y suspensi\u00f3n de camiones. Identificamos con rapidez y precisi\u00f3n los problemas, desde el desgaste m\u00e1s sutil hasta el fallo de componentes importantes, garantizando la soluci\u00f3n correcta a la primera.<\/li>\n<li><strong>Servicio accesible y amplio alcance:<\/strong> Con pr\u00e1cticos centros de servicio en California, Arizona y Oreg\u00f3n, nuestras unidades de servicio m\u00f3viles est\u00e1n equipadas para realizar muchas reparaciones de direcci\u00f3n y suspensi\u00f3n en su ubicaci\u00f3n. Hacemos que sea f\u00e1cil para las flotas nacionales y regionales, as\u00ed como los propietarios-operadores, para acceder a la reparaci\u00f3n de la suspensi\u00f3n del veh\u00edculo comercial de primer nivel.<\/li>\n<li><strong>Compromiso para minimizar el tiempo de inactividad y maximizar la seguridad:<\/strong> Entendemos que su cami\u00f3n es su medio de vida. Nuestros eficientes procesos y nuestro cualificado equipo trabajan con diligencia para restaurar r\u00e1pidamente los sistemas de direcci\u00f3n y suspensi\u00f3n de su veh\u00edculo, utilizando piezas de direcci\u00f3n y suspensi\u00f3n de primera calidad para garantizar que su cami\u00f3n sea seguro, fiable y est\u00e9 listo para la carretera.<\/li>\n<\/ul>\n<p>No permita que los componentes desgastados de la direcci\u00f3n o la suspensi\u00f3n pongan en peligro su seguridad, comodidad o eficacia operativa. <a href=\"\/es\/contacto\/\">P\u00f3ngase en contacto con Betts hoy mismo<\/a> para hablar de sus necesidades o solicitar un presupuesto para los componentes de direcci\u00f3n de camiones, piezas de suspensi\u00f3n, servicios de reparaci\u00f3n y otros equipos relacionados que necesite. Nuestro equipo est\u00e1 listo para ayudarle a mantener un rendimiento y control \u00f3ptimos del veh\u00edculo.<\/p>\n\n\t\t<\/div>\n\t<\/div>\n<div class=\"ubtn-ctn-center\"><a class=\"ubtn-link ult-adjust-bottom-margin ubtn-center ubtn-normal\" href=\"\/es\/lugares\/\" ><button type=\"button\" id=\"ubtn-3368\"  class=\"ubtn ult-adjust-bottom-margin ult-responsive ubtn-normal ubtn-fade-bg  none  ubtn-center   tooltip-69e7381f0a6ee\"  data-hover=\"#ffffff\" data-border-color=\"#ad172b\" data-bg=\"rgba(255,255,255,0.01)\" data-hover-bg=\"#ad172b\" data-border-hover=\"#ffffff\" data-shadow-hover=\"\" data-shadow-click=\"none\" data-shadow=\"\" data-shd-shadow=\"\"  data-ultimate-target='#ubtn-3368'  data-responsive-json-new='{\"font-size\":\"desktop:16px;\",\"line-height\":\"\"}'  style=\"font-weight:bold;border-radius:15px;border-width:2px;border-color:#ad172b;border-style:solid;background: rgba(255,255,255,0.01);color: #ad172b;\"><span class=\"ubtn-hover\" style=\"background-color:#ad172b\"><\/span><span class=\"ubtn-data ubtn-text\" >Buscar un lugar<\/span><\/button><\/a><\/div><\/div><\/div><\/div><\/div><\/div><\/div><\/div><\/div>\n<\/div>","protected":false},"excerpt":{"rendered":"<p>RecambiosAccesorios Recambios para camiones Recambios de frenos y ruedas Control de carga Productos qu\u00edmicos Tren de transmisi\u00f3n Piezas el\u00e9ctricas Piezas de escape Piezas de iluminaci\u00f3n Piezas de seguridad Tienda Herramientas Direcci\u00f3n y suspensi\u00f3n Piezas para remolques Expertos en cabina y bajo el cap\u00f3 Reparaci\u00f3n de direcci\u00f3n y suspensi\u00f3n de camiones pesados Conducci\u00f3n suave, control preciso Encuentre una ubicaci\u00f3n Los sistemas de direcci\u00f3n y suspensi\u00f3n de su cami\u00f3n son, sin lugar a dudas, la zona cero de desgaste...<\/p>","protected":false},"author":4,"featured_media":48,"parent":1008,"menu_order":0,"comment_status":"closed","ping_status":"closed","template":"template-microsite.php","meta":{"footnotes":""},"class_list":["post-422","page","type-page","status-publish","has-post-thumbnail","hentry","description-off"],"_links":{"self":[{"href":"https:\/\/bettstruckparts.com\/es\/wp-json\/wp\/v2\/pages\/422","targetHints":{"allow":["GET"]}}],"collection":[{"href":"https:\/\/bettstruckparts.com\/es\/wp-json\/wp\/v2\/pages"}],"about":[{"href":"https:\/\/bettstruckparts.com\/es\/wp-json\/wp\/v2\/types\/page"}],"author":[{"embeddable":true,"href":"https:\/\/bettstruckparts.com\/es\/wp-json\/wp\/v2\/users\/4"}],"replies":[{"embeddable":true,"href":"https:\/\/bettstruckparts.com\/es\/wp-json\/wp\/v2\/comments?post=422"}],"version-history":[{"count":0,"href":"https:\/\/bettstruckparts.com\/es\/wp-json\/wp\/v2\/pages\/422\/revisions"}],"up":[{"embeddable":true,"href":"https:\/\/bettstruckparts.com\/es\/wp-json\/wp\/v2\/pages\/1008"}],"wp:featuredmedia":[{"embeddable":true,"href":"https:\/\/bettstruckparts.com\/es\/wp-json\/wp\/v2\/media\/48"}],"wp:attachment":[{"href":"https:\/\/bettstruckparts.com\/es\/wp-json\/wp\/v2\/media?parent=422"}],"curies":[{"name":"wp","href":"https:\/\/api.w.org\/{rel}","templated":true}]}}