{"id":420,"date":"2017-12-07T01:15:10","date_gmt":"2017-12-07T01:15:10","guid":{"rendered":"https:\/\/bctps.wpengine.com\/?page_id=420"},"modified":"2025-05-18T09:59:04","modified_gmt":"2025-05-18T17:59:04","slug":"herramientas-de-taller","status":"publish","type":"page","link":"https:\/\/bettstruckparts.com\/es\/parts\/shop-tools\/","title":{"rendered":"Herramientas"},"content":{"rendered":"<div class=\"wpb-content-wrapper\"><div class=\"vc_row wpb_row vc_row-fluid vc_custom_1523486510348 vc_row-has-fill vc_row-o-equal-height vc_row-flex\"><div class=\"wpb_column vc_column_container vc_col-sm-3 vc_col-has-fill\"><div class=\"vc_column-inner vc_custom_1510682040425\"><div class=\"wpb_wrapper\"><div  class=\"wpb_widgetised_column wpb_content_element sidebar-content\">\n\t\t<div class=\"wpb_wrapper\">\n\t\t\t\n\t\t\t<section id=\"nav_menu-5\" class=\"widget widget_nav_menu\"><div class=\"widget-title\">Piezas<\/div><div class=\"menu-parts-container\"><ul id=\"menu-parts\" class=\"menu\"><li id=\"menu-item-456\" class=\"menu-item menu-item-type-post_type menu-item-object-page menu-item-456\"><a href=\"https:\/\/bettstruckparts.com\/es\/parts\/accessories\/\">Accesorios<\/a><\/li>\n<li id=\"menu-item-455\" class=\"menu-item menu-item-type-post_type menu-item-object-page menu-item-455\"><a href=\"https:\/\/bettstruckparts.com\/es\/parts\/aftermarket-truck-parts\/\">Recambios para camiones<\/a><\/li>\n<li id=\"menu-item-454\" class=\"menu-item menu-item-type-post_type menu-item-object-page menu-item-454\"><a href=\"https:\/\/bettstruckparts.com\/es\/parts\/brake-wheel-parts\/\">Piezas de freno y ruedas<\/a><\/li>\n<li id=\"menu-item-453\" class=\"menu-item menu-item-type-post_type menu-item-object-page menu-item-453\"><a href=\"https:\/\/bettstruckparts.com\/es\/parts\/cargo-control\/\">Control de carga<\/a><\/li>\n<li id=\"menu-item-452\" class=\"menu-item menu-item-type-post_type menu-item-object-page menu-item-452\"><a href=\"https:\/\/bettstruckparts.com\/es\/parts\/chemicals\/\">Productos qu\u00edmicos<\/a><\/li>\n<li id=\"menu-item-451\" class=\"menu-item menu-item-type-post_type menu-item-object-page menu-item-451\"><a href=\"https:\/\/bettstruckparts.com\/es\/parts\/drivetrain\/\">Transmisi\u00f3n<\/a><\/li>\n<li id=\"menu-item-450\" class=\"menu-item menu-item-type-post_type menu-item-object-page menu-item-450\"><a href=\"https:\/\/bettstruckparts.com\/es\/parts\/electrical-parts\/\">Piezas el\u00e9ctricas<\/a><\/li>\n<li id=\"menu-item-449\" class=\"menu-item menu-item-type-post_type menu-item-object-page menu-item-449\"><a href=\"https:\/\/bettstruckparts.com\/es\/parts\/exhaust-parts\/\">Piezas de escape<\/a><\/li>\n<li id=\"menu-item-448\" class=\"menu-item menu-item-type-post_type menu-item-object-page menu-item-448\"><a href=\"https:\/\/bettstruckparts.com\/es\/parts\/lighting-parts\/\">Piezas de iluminaci\u00f3n<\/a><\/li>\n<li id=\"menu-item-447\" class=\"menu-item menu-item-type-post_type menu-item-object-page menu-item-447\"><a href=\"https:\/\/bettstruckparts.com\/es\/parts\/safety\/\">Seguridad<\/a><\/li>\n<li id=\"menu-item-446\" class=\"menu-item menu-item-type-post_type menu-item-object-page menu-item-446\"><a href=\"https:\/\/bettstruckparts.com\/es\/parts\/shop-tools\/\">Herramientas<\/a><\/li>\n<li id=\"menu-item-445\" class=\"menu-item menu-item-type-post_type menu-item-object-page menu-item-445\"><a href=\"https:\/\/bettstruckparts.com\/es\/parts\/steering-suspension\/\">Direcci\u00f3n y suspensi\u00f3n<\/a><\/li>\n<li id=\"menu-item-444\" class=\"menu-item menu-item-type-post_type menu-item-object-page menu-item-444\"><a href=\"https:\/\/bettstruckparts.com\/es\/parts\/trailer-parts\/\">Piezas de remolque<\/a><\/li>\n<li id=\"menu-item-443\" class=\"menu-item menu-item-type-post_type menu-item-object-page menu-item-443\"><a href=\"https:\/\/bettstruckparts.com\/es\/parts\/under-hood-in-cab\/\">Bajo el cap\u00f3 y en la cabina<\/a><\/li>\n<\/ul><\/div><\/section>\n\t\t<\/div>\n\t<\/div>\n<\/div><\/div><\/div><div class=\"wpb_column vc_column_container vc_col-sm-9\"><div class=\"vc_column-inner vc_custom_1510682076814\"><div class=\"wpb_wrapper\"><div class=\"vc_row wpb_row vc_inner vc_row-fluid vc_custom_1747590820403\"><div class=\"wpb_column vc_column_container vc_col-sm-12\"><div class=\"vc_column-inner vc_custom_1486667994280\"><div class=\"wpb_wrapper\">\n\t<div class=\"wpb_text_column wpb_content_element\" >\n\t\t<div class=\"wpb_wrapper\">\n\t\t\t<h1 style=\"text-align: center;\">Equipar su cami\u00f3n con las herramientas adecuadas para camiones pesados<\/h1>\n<h2 style=\"text-align: center;\">Mantenga su flota en movimiento<\/h2>\n\n\t\t<\/div>\n\t<\/div>\n<div class=\"ubtn-ctn-center\"><a class=\"ubtn-link ult-adjust-bottom-margin ubtn-center ubtn-normal\" href=\"\/es\/lugares\/\" ><button type=\"button\" id=\"ubtn-3072\"  class=\"ubtn ult-adjust-bottom-margin ult-responsive ubtn-normal ubtn-fade-bg  none  ubtn-center   tooltip-69e7deec8bdd4\"  data-hover=\"#ffffff\" data-border-color=\"#ad172b\" data-bg=\"rgba(255,255,255,0.01)\" data-hover-bg=\"#ad172b\" data-border-hover=\"#ffffff\" data-shadow-hover=\"\" data-shadow-click=\"none\" data-shadow=\"\" data-shd-shadow=\"\"  data-ultimate-target='#ubtn-3072'  data-responsive-json-new='{\"font-size\":\"desktop:16px;\",\"line-height\":\"\"}'  style=\"font-weight:bold;border-radius:15px;border-width:2px;border-color:#ad172b;border-style:solid;background: rgba(255,255,255,0.01);color: #ad172b;\"><span class=\"ubtn-hover\" style=\"background-color:#ad172b\"><\/span><span class=\"ubtn-data ubtn-text\" >Buscar un lugar<\/span><\/button><\/a><\/div>\n\t<div class=\"wpb_text_column wpb_content_element  vc_custom_1747591140829\" >\n\t\t<div class=\"wpb_wrapper\">\n\t\t\t<p>Para cualquier operaci\u00f3n de transporte comercial, minimizar el tiempo de inactividad es primordial. Cuando un cami\u00f3n de gran tonelaje necesita mantenimiento o reparaci\u00f3n, tener a mano las herramientas de taller adecuadas no es s\u00f3lo una comodidad, sino un factor cr\u00edtico para su eficacia operativa y rentabilidad. En Betts Truck Parts &amp; Service, entendemos que la columna vertebral de cualquier taller de reparaci\u00f3n o instalaci\u00f3n de mantenimiento de flotas de \u00e9xito es un arsenal completo de herramientas de taller para camiones fiables dise\u00f1adas para hacer frente a las demandas \u00fanicas de los veh\u00edculos comerciales.<\/p>\n<h3>El poder de un taller de camiones bien equipado<\/h3>\n<p>Invertir en herramientas de alta calidad para carretillas elevadoras comerciales repercute directamente en su cuenta de resultados y en su capacidad operativa:<\/p>\n<ul>\n<li><strong>Mayor eficacia<\/strong>: La herramienta adecuada para el trabajo significa que las tareas se completan m\u00e1s r\u00e1pidamente, con lo que sus camiones vuelven antes a la carretera. Se acabaron las soluciones provisionales y las p\u00e9rdidas de tiempo buscando equipos inadecuados.<\/li>\n<li><strong>Calidad de reparaci\u00f3n mejorada<\/strong>: Las herramientas de precisi\u00f3n conducen a reparaciones de precisi\u00f3n. Esto reduce la probabilidad de que se repitan los problemas, lo que garantiza la longevidad y fiabilidad de sus camiones y remolques pesados.<\/li>\n<li><strong>Mejora de la seguridad de los t\u00e9cnicos:<\/strong> El uso de herramientas dise\u00f1adas espec\u00edficamente para aplicaciones pesadas minimiza el riesgo de lesiones de sus valiosos mec\u00e1nicos. Las herramientas mec\u00e1nicas espec\u00edficas para camiones est\u00e1n dise\u00f1adas para las fuerzas y tama\u00f1os implicados.<\/li>\n<li><strong>Ahorro de costes:<\/strong> Realizar m\u00e1s tareas de mantenimiento y reparaciones internamente con sus propias herramientas de mantenimiento de flotas puede reducir significativamente los costes de subcontrataci\u00f3n y ofrecerle un mayor control sobre los plazos de reparaci\u00f3n.<\/li>\n<li><strong>Mayor capacidad de diagn\u00f3stico:<\/strong> Las herramientas especializadas para mec\u00e1nicos diesel y los equipos de diagn\u00f3stico permiten una identificaci\u00f3n precisa del problema, evitando la sustituci\u00f3n innecesaria de piezas y garantizando que se aborde la causa ra\u00edz.<\/li>\n<\/ul>\n<h3>Betts Truck Parts &amp; Service: Su fuente de herramientas esenciales para el taller<\/h3>\n<p>Aunque el inventario espec\u00edfico puede variar, Betts Truck Parts &amp; Service se compromete a ayudarle a conseguir las herramientas de taller para camiones pesados que necesita para mantener un taller productivo y eficiente. Nuestro objetivo es proporcionar acceso a una gama de herramientas que pueden cubrir:<\/p>\n<ul>\n<li><strong>Mantenimiento del motor y la transmisi\u00f3n<\/strong>: Desde soportes de motor y elevadores hasta llaves especializadas, extractores y juegos de llaves de vaso dise\u00f1ados para componentes de gran tama\u00f1o.<\/li>\n<li><strong>Servicio de Frenos y Ruedas:<\/strong> Las herramientas para el ajuste de frenos, el mantenimiento de tambores y rotores, el mantenimiento de bujes y el cambio de neum\u00e1ticos son fundamentales para cualquier taller de reparaci\u00f3n de camiones. Esto incluye art\u00edculos como <a href=\"https:\/\/bettstruckparts.com\/es\/reparacion-de-camiones\/servicios-de-frenado\/\">herramientas para muelles de freno, extractores de bujes y llaves dinamom\u00e9tricas<\/a>.<\/li>\n<li><strong>Sistemas de suspensi\u00f3n y direcci\u00f3n:<\/strong> El trabajo en suspensiones de alta resistencia requiere herramientas robustas capaces de soportar cargas significativas, como compresores de muelle, prensas de pivote rey y herramientas de alineaci\u00f3n.<\/li>\n<li><strong>Equipos el\u00e9ctricos y de diagn\u00f3stico:<\/strong> Los camiones modernos dependen en gran medida de sistemas el\u00e9ctricos complejos. El acceso a mult\u00edmetros, esc\u00e1neres de diagn\u00f3stico y comprobadores de circuitos es esencial para la localizaci\u00f3n de aver\u00edas.<\/li>\n<li><strong>Equipamiento general del taller:<\/strong> Esto incluye art\u00edculos indispensables como gatos y caballetes para cargas pesadas, enredaderas, compresores de aire, prensas hidr\u00e1ulicas y equipos de lubricaci\u00f3n.<\/li>\n<\/ul>\n<p>Entendemos que las necesidades de cada taller son \u00fanicas. Tanto si busca una herramienta espec\u00edfica para camiones como si desea actualizar el equipamiento general de su taller, nuestro equipo est\u00e1 aqu\u00ed para ayudarle.<\/p>\n<p>En <a href=\"https:\/\/bettstruckparts.com\/es\/quienes-somos\/nuestra-historia\/\">Betts Truck Parts &amp; Service<\/a>somos m\u00e1s que un simple proveedor de piezas. Aprovechamos nuestra amplia experiencia en el sector de los veh\u00edculos industriales para ayudarle a encontrar las soluciones adecuadas. Aunque le animamos a que llame para consultar la disponibilidad de herramientas espec\u00edficas, nuestra red de sucursales tiene como objetivo facilitarle el acceso a:<\/p>\n<ul>\n<li><strong>Herramientas duraderas y fiables:<\/strong> Nos centramos en herramientas fabricadas para soportar el exigente entorno de un taller de reparaciones pesadas.<\/li>\n<li><strong>Apoyo experto:<\/strong> Nuestro equipo puede ofrecerle ideas y ayudarle a identificar las herramientas m\u00e1s adecuadas para sus aplicaciones.<\/li>\n<li><strong>Acceso c\u00f3modo:<\/strong> Con m\u00faltiples <a href=\"https:\/\/bettstruckparts.com\/es\/lugares\/\">Ubicaciones de Betts Truck Parts &amp; Service<\/a>Nos esforzamos por ser un recurso pr\u00e1ctico.<\/li>\n<\/ul>\n<p>No permita que la falta de las herramientas adecuadas ralentice sus operaciones o comprometa la calidad de sus reparaciones. Invertir en las capacidades de su taller es invertir en el tiempo de actividad de su flota y en el \u00e9xito de su negocio.<br \/>\nPara que su taller est\u00e9 equipado para afrontar cualquier reto, <a href=\"https:\/\/bettstruckparts.com\/es\/contacto\/\">p\u00f3ngase en contacto con Betts Truck Parts &amp; Service<\/a> hoy mismo. Llame a su sucursal m\u00e1s cercana para hablar de sus necesidades de herramientas de taller para camiones pesados y para confirmar si la herramienta espec\u00edfica que necesita est\u00e1 actualmente en stock. Nuestro equipo est\u00e1 preparado para ayudarle en sus reparaciones.<\/p>\n\n\t\t<\/div>\n\t<\/div>\n<div class=\"ubtn-ctn-center\"><a class=\"ubtn-link ult-adjust-bottom-margin ubtn-center ubtn-normal\" href=\"\/es\/lugares\/\" ><button type=\"button\" id=\"ubtn-9588\"  class=\"ubtn ult-adjust-bottom-margin ult-responsive ubtn-normal ubtn-fade-bg  none  ubtn-center   tooltip-69e7deec8bf4d\"  data-hover=\"#ffffff\" data-border-color=\"#ad172b\" data-bg=\"rgba(255,255,255,0.01)\" data-hover-bg=\"#ad172b\" data-border-hover=\"#ffffff\" data-shadow-hover=\"\" data-shadow-click=\"none\" data-shadow=\"\" data-shd-shadow=\"\"  data-ultimate-target='#ubtn-9588'  data-responsive-json-new='{\"font-size\":\"desktop:16px;\",\"line-height\":\"\"}'  style=\"font-weight:bold;border-radius:15px;border-width:2px;border-color:#ad172b;border-style:solid;background: rgba(255,255,255,0.01);color: #ad172b;\"><span class=\"ubtn-hover\" style=\"background-color:#ad172b\"><\/span><span class=\"ubtn-data ubtn-text\" >Buscar un lugar<\/span><\/button><\/a><\/div><\/div><\/div><\/div><\/div><\/div><\/div><\/div><\/div>\n<\/div>","protected":false},"excerpt":{"rendered":"<p>PiezasAccesorios Posventa Piezas para camiones Piezas de frenos y ruedas Control de carga Productos qu\u00edmicos Tren de transmisi\u00f3n Piezas el\u00e9ctricas Piezas de escape Piezas de iluminaci\u00f3n Piezas de seguridad Tienda Herramientas Direcci\u00f3n y suspensi\u00f3n Piezas para remolques Bajo el cap\u00f3 y en la cabina Equipe su cami\u00f3n con las herramientas adecuadas para camiones pesados Mantenga su flota en marcha Encuentre una ubicaci\u00f3n Para cualquier operaci\u00f3n de transporte comercial, minimizar el tiempo de inactividad es primordial....<\/p>","protected":false},"author":4,"featured_media":48,"parent":1008,"menu_order":0,"comment_status":"closed","ping_status":"closed","template":"template-microsite.php","meta":{"footnotes":""},"class_list":["post-420","page","type-page","status-publish","has-post-thumbnail","hentry","description-off"],"_links":{"self":[{"href":"https:\/\/bettstruckparts.com\/es\/wp-json\/wp\/v2\/pages\/420","targetHints":{"allow":["GET"]}}],"collection":[{"href":"https:\/\/bettstruckparts.com\/es\/wp-json\/wp\/v2\/pages"}],"about":[{"href":"https:\/\/bettstruckparts.com\/es\/wp-json\/wp\/v2\/types\/page"}],"author":[{"embeddable":true,"href":"https:\/\/bettstruckparts.com\/es\/wp-json\/wp\/v2\/users\/4"}],"replies":[{"embeddable":true,"href":"https:\/\/bettstruckparts.com\/es\/wp-json\/wp\/v2\/comments?post=420"}],"version-history":[{"count":0,"href":"https:\/\/bettstruckparts.com\/es\/wp-json\/wp\/v2\/pages\/420\/revisions"}],"up":[{"embeddable":true,"href":"https:\/\/bettstruckparts.com\/es\/wp-json\/wp\/v2\/pages\/1008"}],"wp:featuredmedia":[{"embeddable":true,"href":"https:\/\/bettstruckparts.com\/es\/wp-json\/wp\/v2\/media\/48"}],"wp:attachment":[{"href":"https:\/\/bettstruckparts.com\/es\/wp-json\/wp\/v2\/media?parent=420"}],"curies":[{"name":"wp","href":"https:\/\/api.w.org\/{rel}","templated":true}]}}