{"id":418,"date":"2017-12-07T01:13:28","date_gmt":"2017-12-07T01:13:28","guid":{"rendered":"https:\/\/bctps.wpengine.com\/?page_id=418"},"modified":"2025-05-16T13:51:59","modified_gmt":"2025-05-16T21:51:59","slug":"seguridad","status":"publish","type":"page","link":"https:\/\/bettstruckparts.com\/es\/parts\/safety\/","title":{"rendered":"Seguridad"},"content":{"rendered":"<div class=\"wpb-content-wrapper\"><div class=\"vc_row wpb_row vc_row-fluid vc_custom_1523486442583 vc_row-has-fill vc_row-o-equal-height vc_row-flex\"><div class=\"wpb_column vc_column_container vc_col-sm-3 vc_col-has-fill\"><div class=\"vc_column-inner vc_custom_1510682040425\"><div class=\"wpb_wrapper\"><div  class=\"wpb_widgetised_column wpb_content_element sidebar-content\">\n\t\t<div class=\"wpb_wrapper\">\n\t\t\t\n\t\t\t<section id=\"nav_menu-5\" class=\"widget widget_nav_menu\"><div class=\"widget-title\">Piezas<\/div><div class=\"menu-parts-container\"><ul id=\"menu-parts\" class=\"menu\"><li id=\"menu-item-456\" class=\"menu-item menu-item-type-post_type menu-item-object-page menu-item-456\"><a href=\"https:\/\/bettstruckparts.com\/es\/parts\/accessories\/\">Accesorios<\/a><\/li>\n<li id=\"menu-item-455\" class=\"menu-item menu-item-type-post_type menu-item-object-page menu-item-455\"><a href=\"https:\/\/bettstruckparts.com\/es\/parts\/aftermarket-truck-parts\/\">Recambios para camiones<\/a><\/li>\n<li id=\"menu-item-454\" class=\"menu-item menu-item-type-post_type menu-item-object-page menu-item-454\"><a href=\"https:\/\/bettstruckparts.com\/es\/parts\/brake-wheel-parts\/\">Piezas de freno y ruedas<\/a><\/li>\n<li id=\"menu-item-453\" class=\"menu-item menu-item-type-post_type menu-item-object-page menu-item-453\"><a href=\"https:\/\/bettstruckparts.com\/es\/parts\/cargo-control\/\">Control de carga<\/a><\/li>\n<li id=\"menu-item-452\" class=\"menu-item menu-item-type-post_type menu-item-object-page menu-item-452\"><a href=\"https:\/\/bettstruckparts.com\/es\/parts\/chemicals\/\">Productos qu\u00edmicos<\/a><\/li>\n<li id=\"menu-item-451\" class=\"menu-item menu-item-type-post_type menu-item-object-page menu-item-451\"><a href=\"https:\/\/bettstruckparts.com\/es\/parts\/drivetrain\/\">Transmisi\u00f3n<\/a><\/li>\n<li id=\"menu-item-450\" class=\"menu-item menu-item-type-post_type menu-item-object-page menu-item-450\"><a href=\"https:\/\/bettstruckparts.com\/es\/parts\/electrical-parts\/\">Piezas el\u00e9ctricas<\/a><\/li>\n<li id=\"menu-item-449\" class=\"menu-item menu-item-type-post_type menu-item-object-page menu-item-449\"><a href=\"https:\/\/bettstruckparts.com\/es\/parts\/exhaust-parts\/\">Piezas de escape<\/a><\/li>\n<li id=\"menu-item-448\" class=\"menu-item menu-item-type-post_type menu-item-object-page menu-item-448\"><a href=\"https:\/\/bettstruckparts.com\/es\/parts\/lighting-parts\/\">Piezas de iluminaci\u00f3n<\/a><\/li>\n<li id=\"menu-item-447\" class=\"menu-item menu-item-type-post_type menu-item-object-page menu-item-447\"><a href=\"https:\/\/bettstruckparts.com\/es\/parts\/safety\/\">Seguridad<\/a><\/li>\n<li id=\"menu-item-446\" class=\"menu-item menu-item-type-post_type menu-item-object-page menu-item-446\"><a href=\"https:\/\/bettstruckparts.com\/es\/parts\/shop-tools\/\">Herramientas<\/a><\/li>\n<li id=\"menu-item-445\" class=\"menu-item menu-item-type-post_type menu-item-object-page menu-item-445\"><a href=\"https:\/\/bettstruckparts.com\/es\/parts\/steering-suspension\/\">Direcci\u00f3n y suspensi\u00f3n<\/a><\/li>\n<li id=\"menu-item-444\" class=\"menu-item menu-item-type-post_type menu-item-object-page menu-item-444\"><a href=\"https:\/\/bettstruckparts.com\/es\/parts\/trailer-parts\/\">Piezas de remolque<\/a><\/li>\n<li id=\"menu-item-443\" class=\"menu-item menu-item-type-post_type menu-item-object-page menu-item-443\"><a href=\"https:\/\/bettstruckparts.com\/es\/parts\/under-hood-in-cab\/\">Bajo el cap\u00f3 y en la cabina<\/a><\/li>\n<\/ul><\/div><\/section>\n\t\t<\/div>\n\t<\/div>\n<\/div><\/div><\/div><div class=\"wpb_column vc_column_container vc_col-sm-9\"><div class=\"vc_column-inner vc_custom_1510682076814\"><div class=\"wpb_wrapper\"><div class=\"vc_row wpb_row vc_inner vc_row-fluid vc_custom_1747432216307\"><div class=\"wpb_column vc_column_container vc_col-sm-12\"><div class=\"vc_column-inner vc_custom_1486667994280\"><div class=\"wpb_wrapper\">\n\t<div class=\"wpb_text_column wpb_content_element\" >\n\t\t<div class=\"wpb_wrapper\">\n\t\t\t<h1 style=\"text-align: center;\">Navegue por la CSA con confianza: Su socio en seguridad y conformidad de camiones comerciales<\/h1>\n<p>&nbsp;<\/p>\n\n\t\t<\/div>\n\t<\/div>\n<div class=\"ubtn-ctn-center\"><a class=\"ubtn-link ult-adjust-bottom-margin ubtn-center ubtn-normal\" href=\"\/es\/lugares\/\" ><button type=\"button\" id=\"ubtn-5993\"  class=\"ubtn ult-adjust-bottom-margin ult-responsive ubtn-normal ubtn-fade-bg  none  ubtn-center   tooltip-69d8e757012a4\"  data-hover=\"#ffffff\" data-border-color=\"#ad172b\" data-bg=\"rgba(255,255,255,0.01)\" data-hover-bg=\"#ad172b\" data-border-hover=\"#ffffff\" data-shadow-hover=\"\" data-shadow-click=\"none\" data-shadow=\"\" data-shd-shadow=\"\"  data-ultimate-target='#ubtn-5993'  data-responsive-json-new='{\"font-size\":\"desktop:16px;\",\"line-height\":\"\"}'  style=\"font-weight:bold;border-radius:15px;border-width:2px;border-color:#ad172b;border-style:solid;background: rgba(255,255,255,0.01);color: #ad172b;\"><span class=\"ubtn-hover\" style=\"background-color:#ad172b\"><\/span><span class=\"ubtn-data ubtn-text\" >Buscar un lugar<\/span><\/button><\/a><\/div>\n\t<div class=\"wpb_text_column wpb_content_element  vc_custom_1747432316030\" >\n\t\t<div class=\"wpb_wrapper\">\n\t\t\t<p>En el exigente mundo de los camiones comerciales, mantenerse al d\u00eda de las normativas no es s\u00f3lo una buena pr\u00e1ctica, es esencial para su negocio, sus conductores y todos los que comparten la carretera. <a href=\"https:\/\/www.fmcsa.dot.gov\/\" target=\"_blank\" rel=\"noopener\">Programa de Cumplimiento, Seguridad y Responsabilidad (CSA)<\/a> es una piedra angular de este panorama normativo. En Betts Truck Parts &amp; Service, entendemos que mantener su veh\u00edculo en conformidad con los requisitos actuales de seguridad de camiones puede parecer un desaf\u00edo constante. Es por eso que estamos dedicados a ser m\u00e1s que un proveedor de piezas; somos su socio proactivo en la navegaci\u00f3n por las directrices de la CSA y el fomento de una cultura de seguridad.<\/p>\n<h3>Por qu\u00e9 el cumplimiento de la CSA no es negociable para su flota<\/h3>\n<p>La CSA est\u00e1 dise\u00f1ada para mejorar la seguridad y reducir las colisiones, lesiones y muertes en las que se ven implicados grandes camiones y autobuses. Para los gestores de flotas y los propietarios-operadores, mantener una buena puntuaci\u00f3n CSA es crucial por varias razones:<\/p>\n<ul>\n<li><strong>Menor riesgo de infracciones y multas<\/strong>: El incumplimiento puede acarrear multas cuantiosas, \u00f3rdenes de retirada del servicio y un mayor escrutinio durante las inspecciones en carretera.<\/li>\n<li><strong>Primas de seguro m\u00e1s bajas:<\/strong> Un buen historial de seguridad y una buena puntuaci\u00f3n CSA pueden influir positivamente en los costes de su seguro.<\/li>\n<li><strong>Reputaci\u00f3n mejorada:<\/strong> Demostrar un compromiso con la seguridad genera confianza entre los clientes, los conductores y el p\u00fablico.<\/li>\n<li><strong>Mejora de la retenci\u00f3n de conductores:<\/strong> Los conductores quieren trabajar para empresas que den prioridad a su seguridad y les proporcionen equipos conformes y bien mantenidos.<\/li>\n<li><strong>Eficiencia operativa:<\/strong> Las medidas de seguridad proactivas y los veh\u00edculos que cumplen las normas se traducen en menos tiempos de inactividad y operaciones m\u00e1s fluidas.<\/li>\n<\/ul>\n<p>Reconocemos que la seguridad de los camiones comerciales es primordial. Es por eso que Betts Truck Parts &amp; Service tiene las herramientas y la experiencia disponibles para ayudarle a mantenerse al d\u00eda con las \u00faltimas directrices de la CSA y asegurar que sus veh\u00edculos est\u00e9n siempre listos para la carretera.<\/p>\n<h3>Equipos de seguridad esenciales para cumplir las normas CSA<\/h3>\n<p>Estar preparado significa tener a mano el equipo adecuado, no s\u00f3lo para pasar las inspecciones, sino para mejorar realmente la seguridad en cada transporte. Disponemos de una amplia gama de productos elegidos espec\u00edficamente para ayudarle a cumplir y superar las normas de seguridad de la CSA:<\/p>\n<ul>\n<li><strong>Kits de reparaci\u00f3n en carretera CSA:<\/strong><br \/>\nNo deje que un problema menor se convierta en una infracci\u00f3n grave o en un tiempo de inactividad prolongado. Nuestros kits de reparaci\u00f3n en carretera CSA est\u00e1n cuidadosamente ensamblados para incluir componentes esenciales para reparaciones r\u00e1pidas, ayud\u00e1ndole a resolver problemas comunes en el acto y evitar potencialmente una orden de fuera de servicio.<\/li>\n<li><strong>Kits de iluminaci\u00f3n y componentes:<\/strong><br \/>\nLa visibilidad es un aspecto cr\u00edtico de la CSA. Esto incluye faros delanteros, luces traseras, luces de freno, intermitentes y luces de posici\u00f3n totalmente funcionales. Nuestros kits de iluminaci\u00f3n para camiones y componentes individuales de marcas de confianza como <strong>Grote, Truck-Lite y Maxima Lighting<\/strong> garantizan que su veh\u00edculo sea visto y pueda ver con claridad, cumpliendo todos los requisitos de iluminaci\u00f3n del Departamento de Transportes (DOT).<\/li>\n<li><strong>Kits triangulares:<\/strong><br \/>\nEn el desafortunado caso de una aver\u00eda, es vital alertar correctamente a los dem\u00e1s conductores. Nuestros kits de tri\u00e1ngulos de emergencia cumplen la normativa DOT y son cruciales para se\u00f1alizar la presencia de tu veh\u00edculo cuando est\u00e1 parado en el arc\u00e9n, evitando accidentes secundarios.<\/li>\n<li><strong>Cinta de visibilidad:<\/strong><br \/>\nMejorar la visibilidad de su cami\u00f3n y remolque, especialmente por la noche o en condiciones de poca luz, es un objetivo clave de la CSA. La cinta de visibilidad de alta calidad, aplicada correctamente, hace que su veh\u00edculo sea m\u00e1s visible para otros conductores, lo que reduce significativamente el riesgo de colisiones laterales y traseras.<\/li>\n<li><strong>Extintores:<\/strong><br \/>\nUn extintor de incendios para camiones correctamente clasificado y mantenido es una pieza no negociable del equipo de seguridad requerido en todos los veh\u00edculos comerciales de motor. Ofrecemos extintores que cumplen con la normativa federal, proporcionando capacidad de primera respuesta cr\u00edtica en caso de emergencia.<\/li>\n<\/ul>\n<h3>As\u00f3ciese con Betts para su tranquilidad<\/h3>\n<p>En Betts Truck Parts &amp; Service, creemos que la comprensi\u00f3n de las regulaciones de la CSA no debe ser una carga que usted lleve solo. Nuestro equipo de expertos se mantiene informado sobre los \u00faltimos requisitos y puede ayudarle a seleccionar los productos de seguridad adecuados para garantizar que su flota no s\u00f3lo cumpla con la normativa, sino que sea realmente segura. Nos comprometemos a proporcionarle equipos duraderos y de calidad que resistan los rigores de la carretera.<br \/>\nNo deje que el cumplimiento de la CSA sea una fuente de estr\u00e9s. Equipe sus veh\u00edculos con lo mejor, mant\u00e9ngase informado y conduzca con la confianza que da estar preparado.<br \/>\n\u00bfEst\u00e1 listo para asegurarse de que su flota satisface todas las necesidades de equipamiento de seguridad para camiones comerciales? P\u00f3ngase en contacto con Betts Truck Parts &amp; Service hoy mismo para obtener asesoramiento experto y solicitar un presupuesto sobre los componentes de seguridad esenciales para sus operaciones.<\/p>\n\n\t\t<\/div>\n\t<\/div>\n<div class=\"ubtn-ctn-center\"><a class=\"ubtn-link ult-adjust-bottom-margin ubtn-center ubtn-normal\" href=\"\/es\/lugares\/\" ><button type=\"button\" id=\"ubtn-7301\"  class=\"ubtn ult-adjust-bottom-margin ult-responsive ubtn-normal ubtn-fade-bg  none  ubtn-center   tooltip-69d8e7570141d\"  data-hover=\"#ffffff\" data-border-color=\"#ad172b\" data-bg=\"rgba(255,255,255,0.01)\" data-hover-bg=\"#ad172b\" data-border-hover=\"#ffffff\" data-shadow-hover=\"\" data-shadow-click=\"none\" data-shadow=\"\" data-shd-shadow=\"\"  data-ultimate-target='#ubtn-7301'  data-responsive-json-new='{\"font-size\":\"desktop:16px;\",\"line-height\":\"\"}'  style=\"font-weight:bold;border-radius:15px;border-width:2px;border-color:#ad172b;border-style:solid;background: rgba(255,255,255,0.01);color: #ad172b;\"><span class=\"ubtn-hover\" style=\"background-color:#ad172b\"><\/span><span class=\"ubtn-data ubtn-text\" >Buscar un lugar<\/span><\/button><\/a><\/div><\/div><\/div><\/div><\/div><\/div><\/div><\/div><\/div>\n<\/div>","protected":false},"excerpt":{"rendered":"<p>PiezasAccesorios Posventa Piezas para camiones Piezas de frenos y ruedas Control de carga Productos qu\u00edmicos Tren de transmisi\u00f3n Piezas el\u00e9ctricas Piezas de escape Piezas de iluminaci\u00f3n Piezas de seguridad Tienda de herramientas Direcci\u00f3n y suspensi\u00f3n Piezas para remolques Bajo el cap\u00f3 y en la cabina Navegue por la CSA con confianza: Su socio en seguridad y conformidad de camiones comerciales Encuentre una ubicaci\u00f3n En el exigente mundo de los camiones comerciales,...<\/p>","protected":false},"author":4,"featured_media":48,"parent":1008,"menu_order":0,"comment_status":"closed","ping_status":"closed","template":"template-microsite.php","meta":{"footnotes":""},"class_list":["post-418","page","type-page","status-publish","has-post-thumbnail","hentry","description-off"],"_links":{"self":[{"href":"https:\/\/bettstruckparts.com\/es\/wp-json\/wp\/v2\/pages\/418","targetHints":{"allow":["GET"]}}],"collection":[{"href":"https:\/\/bettstruckparts.com\/es\/wp-json\/wp\/v2\/pages"}],"about":[{"href":"https:\/\/bettstruckparts.com\/es\/wp-json\/wp\/v2\/types\/page"}],"author":[{"embeddable":true,"href":"https:\/\/bettstruckparts.com\/es\/wp-json\/wp\/v2\/users\/4"}],"replies":[{"embeddable":true,"href":"https:\/\/bettstruckparts.com\/es\/wp-json\/wp\/v2\/comments?post=418"}],"version-history":[{"count":0,"href":"https:\/\/bettstruckparts.com\/es\/wp-json\/wp\/v2\/pages\/418\/revisions"}],"up":[{"embeddable":true,"href":"https:\/\/bettstruckparts.com\/es\/wp-json\/wp\/v2\/pages\/1008"}],"wp:featuredmedia":[{"embeddable":true,"href":"https:\/\/bettstruckparts.com\/es\/wp-json\/wp\/v2\/media\/48"}],"wp:attachment":[{"href":"https:\/\/bettstruckparts.com\/es\/wp-json\/wp\/v2\/media?parent=418"}],"curies":[{"name":"wp","href":"https:\/\/api.w.org\/{rel}","templated":true}]}}