{"id":414,"date":"2017-12-07T01:11:43","date_gmt":"2017-12-07T01:11:43","guid":{"rendered":"https:\/\/bctps.wpengine.com\/?page_id=414"},"modified":"2025-05-19T05:13:26","modified_gmt":"2025-05-19T13:13:26","slug":"piezas-de-escape","status":"publish","type":"page","link":"https:\/\/bettstruckparts.com\/es\/parts\/exhaust-parts\/","title":{"rendered":"Piezas de escape"},"content":{"rendered":"<div class=\"wpb-content-wrapper\"><div class=\"vc_row wpb_row vc_row-fluid vc_custom_1523486288092 vc_row-has-fill vc_row-o-equal-height vc_row-flex\"><div class=\"wpb_column vc_column_container vc_col-sm-3 vc_col-has-fill\"><div class=\"vc_column-inner vc_custom_1510682040425\"><div class=\"wpb_wrapper\"><div  class=\"wpb_widgetised_column wpb_content_element sidebar-content\">\n\t\t<div class=\"wpb_wrapper\">\n\t\t\t\n\t\t\t<section id=\"nav_menu-5\" class=\"widget widget_nav_menu\"><div class=\"widget-title\">Piezas<\/div><div class=\"menu-parts-container\"><ul id=\"menu-parts\" class=\"menu\"><li id=\"menu-item-456\" class=\"menu-item menu-item-type-post_type menu-item-object-page menu-item-456\"><a href=\"https:\/\/bettstruckparts.com\/es\/parts\/accessories\/\">Accesorios<\/a><\/li>\n<li id=\"menu-item-455\" class=\"menu-item menu-item-type-post_type menu-item-object-page menu-item-455\"><a href=\"https:\/\/bettstruckparts.com\/es\/parts\/aftermarket-truck-parts\/\">Recambios para camiones<\/a><\/li>\n<li id=\"menu-item-454\" class=\"menu-item menu-item-type-post_type menu-item-object-page menu-item-454\"><a href=\"https:\/\/bettstruckparts.com\/es\/parts\/brake-wheel-parts\/\">Piezas de freno y ruedas<\/a><\/li>\n<li id=\"menu-item-453\" class=\"menu-item menu-item-type-post_type menu-item-object-page menu-item-453\"><a href=\"https:\/\/bettstruckparts.com\/es\/parts\/cargo-control\/\">Control de carga<\/a><\/li>\n<li id=\"menu-item-452\" class=\"menu-item menu-item-type-post_type menu-item-object-page menu-item-452\"><a href=\"https:\/\/bettstruckparts.com\/es\/parts\/chemicals\/\">Productos qu\u00edmicos<\/a><\/li>\n<li id=\"menu-item-451\" class=\"menu-item menu-item-type-post_type menu-item-object-page menu-item-451\"><a href=\"https:\/\/bettstruckparts.com\/es\/parts\/drivetrain\/\">Transmisi\u00f3n<\/a><\/li>\n<li id=\"menu-item-450\" class=\"menu-item menu-item-type-post_type menu-item-object-page menu-item-450\"><a href=\"https:\/\/bettstruckparts.com\/es\/parts\/electrical-parts\/\">Piezas el\u00e9ctricas<\/a><\/li>\n<li id=\"menu-item-449\" class=\"menu-item menu-item-type-post_type menu-item-object-page menu-item-449\"><a href=\"https:\/\/bettstruckparts.com\/es\/parts\/exhaust-parts\/\">Piezas de escape<\/a><\/li>\n<li id=\"menu-item-448\" class=\"menu-item menu-item-type-post_type menu-item-object-page menu-item-448\"><a href=\"https:\/\/bettstruckparts.com\/es\/parts\/lighting-parts\/\">Piezas de iluminaci\u00f3n<\/a><\/li>\n<li id=\"menu-item-447\" class=\"menu-item menu-item-type-post_type menu-item-object-page menu-item-447\"><a href=\"https:\/\/bettstruckparts.com\/es\/parts\/safety\/\">Seguridad<\/a><\/li>\n<li id=\"menu-item-446\" class=\"menu-item menu-item-type-post_type menu-item-object-page menu-item-446\"><a href=\"https:\/\/bettstruckparts.com\/es\/parts\/shop-tools\/\">Herramientas<\/a><\/li>\n<li id=\"menu-item-445\" class=\"menu-item menu-item-type-post_type menu-item-object-page menu-item-445\"><a href=\"https:\/\/bettstruckparts.com\/es\/parts\/steering-suspension\/\">Direcci\u00f3n y suspensi\u00f3n<\/a><\/li>\n<li id=\"menu-item-444\" class=\"menu-item menu-item-type-post_type menu-item-object-page menu-item-444\"><a href=\"https:\/\/bettstruckparts.com\/es\/parts\/trailer-parts\/\">Piezas de remolque<\/a><\/li>\n<li id=\"menu-item-443\" class=\"menu-item menu-item-type-post_type menu-item-object-page menu-item-443\"><a href=\"https:\/\/bettstruckparts.com\/es\/parts\/under-hood-in-cab\/\">Bajo el cap\u00f3 y en la cabina<\/a><\/li>\n<\/ul><\/div><\/section>\n\t\t<\/div>\n\t<\/div>\n<\/div><\/div><\/div><div class=\"wpb_column vc_column_container vc_col-sm-9\"><div class=\"vc_column-inner vc_custom_1510682076814\"><div class=\"wpb_wrapper\"><div class=\"vc_row wpb_row vc_inner vc_row-fluid vc_custom_1747660232588\"><div class=\"wpb_column vc_column_container vc_col-sm-12\"><div class=\"vc_column-inner vc_custom_1486667994280\"><div class=\"wpb_wrapper\">\n\t<div class=\"wpb_text_column wpb_content_element\" >\n\t\t<div class=\"wpb_wrapper\">\n\t\t\t<h1 style=\"text-align: center;\">Piezas de escape para camiones<\/h1>\n<h2 style=\"text-align: center;\">Su fuente de piezas de escape de calidad para semirremolques, desde el motor hasta el tubo de escape<\/h2>\n\n\t\t<\/div>\n\t<\/div>\n<div class=\"ubtn-ctn-center\"><a class=\"ubtn-link ult-adjust-bottom-margin ubtn-center ubtn-normal\" href=\"\/es\/lugares\/\" ><button type=\"button\" id=\"ubtn-1269\"  class=\"ubtn ult-adjust-bottom-margin ult-responsive ubtn-normal ubtn-fade-bg  none  ubtn-center   tooltip-69d02945ba74b\"  data-hover=\"#ffffff\" data-border-color=\"#ad172b\" data-bg=\"rgba(255,255,255,0.01)\" data-hover-bg=\"#ad172b\" data-border-hover=\"#ffffff\" data-shadow-hover=\"\" data-shadow-click=\"none\" data-shadow=\"\" data-shd-shadow=\"\"  data-ultimate-target='#ubtn-1269'  data-responsive-json-new='{\"font-size\":\"desktop:16px;\",\"line-height\":\"\"}'  style=\"font-weight:bold;border-radius:15px;border-width:2px;border-color:#ad172b;border-style:solid;background: rgba(255,255,255,0.01);color: #ad172b;\"><span class=\"ubtn-hover\" style=\"background-color:#ad172b\"><\/span><span class=\"ubtn-data ubtn-text\" >Buscar un lugar<\/span><\/button><\/a><\/div>\n\t<div class=\"wpb_text_column wpb_content_element  vc_custom_1747660368791\" >\n\t\t<div class=\"wpb_wrapper\">\n\t\t\t<p>El sistema de escape de los semirremolques es algo m\u00e1s que un medio para dirigir los humos fuera del veh\u00edculo; es un componente cr\u00edtico que influye en el rendimiento del motor, la eficiencia del combustible, el cumplimiento de las normas sobre emisiones e incluso la comodidad del conductor. Desde el colector del motor hasta la punta del tubo de escape, cada parte juega un papel vital. En Betts Truck Parts &amp; Service, entendemos las complejidades de los sistemas de escape de servicio pesado y llevamos una variedad de piezas de escape de camiones para asegurar que su equipo funcione limpio, silencioso y eficiente.<\/p>\n<h3>Por qu\u00e9 un sistema de escape sano es crucial para su cami\u00f3n<\/h3>\n<p>Un sistema de escape bien mantenido ofrece numerosas ventajas, mientras que uno defectuoso puede causar problemas importantes:<\/p>\n<ul>\n<li><strong>Rendimiento \u00f3ptimo del motor:<\/strong> Un sistema de escape que funcione correctamente permite una expulsi\u00f3n eficaz de los gases, lo que puede repercutir directamente en la potencia y la capacidad de respuesta del motor. El flujo restringido de un silenciador de cami\u00f3n obstruido o un tubo da\u00f1ado puede dificultar el rendimiento.<\/li>\n<li><strong>Eficiencia de combustible:<\/strong> Un sistema de escape eficiente reduce la contrapresi\u00f3n en el motor, lo que puede mejorar el ahorro de combustible.<\/li>\n<li><strong>Cumplimiento de emisiones:<\/strong> Los sistemas de escape di\u00e9sel modernos incorporan a menudo componentes sofisticados, como filtros de part\u00edculas di\u00e9sel (DPF) y sistemas de reducci\u00f3n catal\u00edtica selectiva (SCR), para cumplir las estrictas normas de seguridad de la UE. <a href=\"https:\/\/www.epa.gov\/regulations-emissions-vehicles-and-engines\" target=\"_blank\" rel=\"noopener\">Normas de emisiones de la EPA<\/a>. Garantizar su buen funcionamiento es crucial para el cumplimiento de la normativa.<\/li>\n<li><strong>Reducci\u00f3n del ruido:<\/strong> Los silenciadores est\u00e1n dise\u00f1ados para reducir significativamente el ruido del motor, lo que contribuye al confort del conductor y al cumplimiento de la normativa sobre ruido.<br \/>\nSeguridad: Las fugas en el sistema de escape pueden permitir la entrada en la cabina de gases nocivos como el mon\u00f3xido de carbono, lo que supone un grave riesgo para la salud del conductor. Es esencial reparar r\u00e1pidamente las fugas del sistema de escape.<\/li>\n<li><strong>Prevenci\u00f3n de da\u00f1os mayores:<\/strong> Si se solucionan a tiempo problemas como la rotura de soportes o abrazaderas, se pueden evitar da\u00f1os mayores en tubos, silenciadores u otros componentes del tren de rodaje.<br \/>\nInvertir en piezas de escape de alta calidad para camiones comerciales es una inversi\u00f3n en la salud general, el cumplimiento y la eficacia operativa de su cami\u00f3n.<\/li>\n<\/ul>\n<h3>Piezas de escape completas para cada necesidad<\/h3>\n<p><img decoding=\"async\" class=\"aligncenter wp-image-733 size-full\" src=\"https:\/\/bettstruckparts.com\/wp-content\/uploads\/2017\/12\/MG_0568-as-Smart-Object-1-1.jpg\" alt=\"piezas para camiones\" width=\"1400\" height=\"687\" srcset=\"https:\/\/bettstruckparts.com\/wp-content\/uploads\/2017\/12\/MG_0568-as-Smart-Object-1-1.jpg 1400w, https:\/\/bettstruckparts.com\/wp-content\/uploads\/2017\/12\/MG_0568-as-Smart-Object-1-1-300x147.jpg 300w, https:\/\/bettstruckparts.com\/wp-content\/uploads\/2017\/12\/MG_0568-as-Smart-Object-1-1-1024x502.jpg 1024w, https:\/\/bettstruckparts.com\/wp-content\/uploads\/2017\/12\/MG_0568-as-Smart-Object-1-1-768x377.jpg 768w\" sizes=\"(max-width: 1400px) 100vw, 1400px\" \/><\/p>\n<p>Betts Truck Parts &amp; Service ofrece una selecci\u00f3n de componentes esenciales para dar servicio y reparar el sistema de escape de su semirremolque:<\/p>\n<ul>\n<li><strong>Silenciadores y conjuntos: <\/strong>Los silenciadores para camiones pesados, el principal componente de amortiguaci\u00f3n del sonido, est\u00e1n dise\u00f1ados para reducir el ruido del escape manteniendo un flujo \u00f3ptimo. Ofrecemos varios tipos de silenciadores y conjuntos completos que se adaptan a diferentes marcas y modelos de camiones, ayud\u00e1ndole a conseguir el equilibrio adecuado entre control ac\u00fastico y rendimiento.<\/li>\n<li><strong>Tuber\u00edas y accesorios: <\/strong>Esta categor\u00eda incluye una gama de tubos de escape para camiones, como tubos rectos, codos, tubos en Y y tubos de chimenea. Tambi\u00e9n disponemos de accesorios esenciales como colgadores de escape, soportes y juntas para garantizar una instalaci\u00f3n segura y sin fugas.<\/li>\n<li><strong>Tubo flexible: <\/strong>El tubo flexible de escape (o tubo flexible) es crucial para absorber las vibraciones y permitir un ligero movimiento dentro del sistema de escape. Esto ayuda a evitar fracturas por tensi\u00f3n en los tubos r\u00edgidos y otros componentes, prolongando la vida \u00fatil de todo el sistema.<\/li>\n<li><strong>Abrazaderas de banda (y otras abrazaderas)<\/strong>: Asegurar correctamente los componentes del escape es vital. Las abrazaderas de banda de escape proporcionan una amplia zona de sellado para conectar tubos y silenciadores, creando una uni\u00f3n fuerte y resistente a las fugas. Tambi\u00e9n disponemos de otros tipos de abrazaderas, como las abrazaderas con perno en U, para diversas necesidades de conexi\u00f3n.<\/li>\n<\/ul>\n<h3>\u00bfPor qu\u00e9 elegir Betts para sus necesidades de escape de cami\u00f3n?<\/h3>\n<p>En <a href=\"https:\/\/bettstruckparts.com\/es\/quienes-somos\/nuestra-historia\/\">Betts Truck Parts &amp; Service<\/a>nos dedicamos a proporcionarle las piezas que necesita para que su sistema de escape funcione correctamente. Nuestro equipo entiende las exigencias impuestas a los sistemas de escape de veh\u00edculos comerciales y puede ayudarle a encontrar:<\/p>\n<ul>\n<li><strong>Componentes duraderos:<\/strong> Suministro de piezas fabricadas con materiales dise\u00f1ados para soportar altas temperaturas, corrosi\u00f3n y vibraciones de la carretera.<\/li>\n<li><strong>Ajuste correcto:<\/strong> Le ayudamos a identificar las piezas correctas para la marca, el modelo y la configuraci\u00f3n del motor espec\u00edficos de su cami\u00f3n.<\/li>\n<li><strong>Soluciones para el cumplimiento de la normativa:<\/strong> Componentes que le ayudan a cumplir las normativas sobre emisiones y ruido.<\/li>\n<li><strong>Consejos de expertos:<\/strong> Nuestro personal experto puede responder a sus preguntas y guiarle hacia las soluciones de reparaci\u00f3n de escapes adecuadas.<\/li>\n<\/ul>\n<p>No permita que un sistema de escape defectuoso comprometa el rendimiento, la seguridad o el cumplimiento de las normas de su cami\u00f3n. Aseg\u00farese de que respira tranquilo con piezas de calidad de un proveedor de confianza.<br \/>\n\u00bfListo para revisar o reparar el sistema de escape de su cami\u00f3n? P\u00f3ngase en contacto con Betts Truck Parts &amp; Service hoy mismo para solicitar una cotizaci\u00f3n de las piezas de escape, silenciadores, tubos, abrazaderas y accesorios para semirremolques que necesita. \u00a1Nuestro equipo est\u00e1 listo para ayudarle a encontrar los componentes adecuados!<\/p>\n\n\t\t<\/div>\n\t<\/div>\n<div class=\"ubtn-ctn-center\"><a class=\"ubtn-link ult-adjust-bottom-margin ubtn-center ubtn-normal\" href=\"\/es\/lugares\/\" ><button type=\"button\" id=\"ubtn-8115\"  class=\"ubtn ult-adjust-bottom-margin ult-responsive ubtn-normal ubtn-fade-bg  none  ubtn-center   tooltip-69d02945ba873\"  data-hover=\"#ffffff\" data-border-color=\"#ad172b\" data-bg=\"rgba(255,255,255,0.01)\" data-hover-bg=\"#ad172b\" data-border-hover=\"#ffffff\" data-shadow-hover=\"\" data-shadow-click=\"none\" data-shadow=\"\" data-shd-shadow=\"\"  data-ultimate-target='#ubtn-8115'  data-responsive-json-new='{\"font-size\":\"desktop:16px;\",\"line-height\":\"\"}'  style=\"font-weight:bold;border-radius:15px;border-width:2px;border-color:#ad172b;border-style:solid;background: rgba(255,255,255,0.01);color: #ad172b;\"><span class=\"ubtn-hover\" style=\"background-color:#ad172b\"><\/span><span class=\"ubtn-data ubtn-text\" >Buscar un lugar<\/span><\/button><\/a><\/div><\/div><\/div><\/div><\/div><\/div><\/div><\/div><\/div>\n<\/div>","protected":false},"excerpt":{"rendered":"<p>PiezasAccesorios Posventa Piezas para camiones Piezas de frenos y ruedas Control de carga Productos qu\u00edmicos Tren de transmisi\u00f3n Piezas el\u00e9ctricas Piezas de escape Piezas de iluminaci\u00f3n Piezas de seguridad Tienda Herramientas Direcci\u00f3n y suspensi\u00f3n Piezas para remolques Piezas de escape para camiones bajo el cap\u00f3 y en la cabina Su fuente de piezas de escape de calidad para semirremolques, desde el motor hasta el tubo de escape Encuentre una ubicaci\u00f3n El sistema de escape de los semirremolques es m\u00e1s que...<\/p>","protected":false},"author":4,"featured_media":48,"parent":1008,"menu_order":0,"comment_status":"closed","ping_status":"closed","template":"template-microsite.php","meta":{"footnotes":""},"class_list":["post-414","page","type-page","status-publish","has-post-thumbnail","hentry","description-off"],"_links":{"self":[{"href":"https:\/\/bettstruckparts.com\/es\/wp-json\/wp\/v2\/pages\/414","targetHints":{"allow":["GET"]}}],"collection":[{"href":"https:\/\/bettstruckparts.com\/es\/wp-json\/wp\/v2\/pages"}],"about":[{"href":"https:\/\/bettstruckparts.com\/es\/wp-json\/wp\/v2\/types\/page"}],"author":[{"embeddable":true,"href":"https:\/\/bettstruckparts.com\/es\/wp-json\/wp\/v2\/users\/4"}],"replies":[{"embeddable":true,"href":"https:\/\/bettstruckparts.com\/es\/wp-json\/wp\/v2\/comments?post=414"}],"version-history":[{"count":0,"href":"https:\/\/bettstruckparts.com\/es\/wp-json\/wp\/v2\/pages\/414\/revisions"}],"up":[{"embeddable":true,"href":"https:\/\/bettstruckparts.com\/es\/wp-json\/wp\/v2\/pages\/1008"}],"wp:featuredmedia":[{"embeddable":true,"href":"https:\/\/bettstruckparts.com\/es\/wp-json\/wp\/v2\/media\/48"}],"wp:attachment":[{"href":"https:\/\/bettstruckparts.com\/es\/wp-json\/wp\/v2\/media?parent=414"}],"curies":[{"name":"wp","href":"https:\/\/api.w.org\/{rel}","templated":true}]}}