{"id":412,"date":"2017-12-07T01:10:54","date_gmt":"2017-12-07T01:10:54","guid":{"rendered":"https:\/\/bctps.wpengine.com\/?page_id=412"},"modified":"2025-05-19T04:07:29","modified_gmt":"2025-05-19T12:07:29","slug":"piezas-electricas","status":"publish","type":"page","link":"https:\/\/bettstruckparts.com\/es\/parts\/electrical-parts\/","title":{"rendered":"Piezas el\u00e9ctricas"},"content":{"rendered":"<div class=\"wpb-content-wrapper\"><div class=\"vc_row wpb_row vc_row-fluid vc_custom_1523486037067 vc_row-has-fill vc_row-o-equal-height vc_row-flex\"><div class=\"wpb_column vc_column_container vc_col-sm-3 vc_col-has-fill\"><div class=\"vc_column-inner vc_custom_1510682040425\"><div class=\"wpb_wrapper\"><div  class=\"wpb_widgetised_column wpb_content_element sidebar-content\">\n\t\t<div class=\"wpb_wrapper\">\n\t\t\t\n\t\t\t<section id=\"nav_menu-5\" class=\"widget widget_nav_menu\"><div class=\"widget-title\">Piezas<\/div><div class=\"menu-parts-container\"><ul id=\"menu-parts\" class=\"menu\"><li id=\"menu-item-456\" class=\"menu-item menu-item-type-post_type menu-item-object-page menu-item-456\"><a href=\"https:\/\/bettstruckparts.com\/es\/parts\/accessories\/\">Accesorios<\/a><\/li>\n<li id=\"menu-item-455\" class=\"menu-item menu-item-type-post_type menu-item-object-page menu-item-455\"><a href=\"https:\/\/bettstruckparts.com\/es\/parts\/aftermarket-truck-parts\/\">Recambios para camiones<\/a><\/li>\n<li id=\"menu-item-454\" class=\"menu-item menu-item-type-post_type menu-item-object-page menu-item-454\"><a href=\"https:\/\/bettstruckparts.com\/es\/parts\/brake-wheel-parts\/\">Piezas de freno y ruedas<\/a><\/li>\n<li id=\"menu-item-453\" class=\"menu-item menu-item-type-post_type menu-item-object-page menu-item-453\"><a href=\"https:\/\/bettstruckparts.com\/es\/parts\/cargo-control\/\">Control de carga<\/a><\/li>\n<li id=\"menu-item-452\" class=\"menu-item menu-item-type-post_type menu-item-object-page menu-item-452\"><a href=\"https:\/\/bettstruckparts.com\/es\/parts\/chemicals\/\">Productos qu\u00edmicos<\/a><\/li>\n<li id=\"menu-item-451\" class=\"menu-item menu-item-type-post_type menu-item-object-page menu-item-451\"><a href=\"https:\/\/bettstruckparts.com\/es\/parts\/drivetrain\/\">Transmisi\u00f3n<\/a><\/li>\n<li id=\"menu-item-450\" class=\"menu-item menu-item-type-post_type menu-item-object-page menu-item-450\"><a href=\"https:\/\/bettstruckparts.com\/es\/parts\/electrical-parts\/\">Piezas el\u00e9ctricas<\/a><\/li>\n<li id=\"menu-item-449\" class=\"menu-item menu-item-type-post_type menu-item-object-page menu-item-449\"><a href=\"https:\/\/bettstruckparts.com\/es\/parts\/exhaust-parts\/\">Piezas de escape<\/a><\/li>\n<li id=\"menu-item-448\" class=\"menu-item menu-item-type-post_type menu-item-object-page menu-item-448\"><a href=\"https:\/\/bettstruckparts.com\/es\/parts\/lighting-parts\/\">Piezas de iluminaci\u00f3n<\/a><\/li>\n<li id=\"menu-item-447\" class=\"menu-item menu-item-type-post_type menu-item-object-page menu-item-447\"><a href=\"https:\/\/bettstruckparts.com\/es\/parts\/safety\/\">Seguridad<\/a><\/li>\n<li id=\"menu-item-446\" class=\"menu-item menu-item-type-post_type menu-item-object-page menu-item-446\"><a href=\"https:\/\/bettstruckparts.com\/es\/parts\/shop-tools\/\">Herramientas<\/a><\/li>\n<li id=\"menu-item-445\" class=\"menu-item menu-item-type-post_type menu-item-object-page menu-item-445\"><a href=\"https:\/\/bettstruckparts.com\/es\/parts\/steering-suspension\/\">Direcci\u00f3n y suspensi\u00f3n<\/a><\/li>\n<li id=\"menu-item-444\" class=\"menu-item menu-item-type-post_type menu-item-object-page menu-item-444\"><a href=\"https:\/\/bettstruckparts.com\/es\/parts\/trailer-parts\/\">Piezas de remolque<\/a><\/li>\n<li id=\"menu-item-443\" class=\"menu-item menu-item-type-post_type menu-item-object-page menu-item-443\"><a href=\"https:\/\/bettstruckparts.com\/es\/parts\/under-hood-in-cab\/\">Bajo el cap\u00f3 y en la cabina<\/a><\/li>\n<\/ul><\/div><\/section>\n\t\t<\/div>\n\t<\/div>\n<\/div><\/div><\/div><div class=\"wpb_column vc_column_container vc_col-sm-9\"><div class=\"vc_column-inner vc_custom_1510682076814\"><div class=\"wpb_wrapper\"><div class=\"vc_row wpb_row vc_inner vc_row-fluid vc_custom_1747656318809\"><div class=\"wpb_column vc_column_container vc_col-sm-12\"><div class=\"vc_column-inner vc_custom_1486667994280\"><div class=\"wpb_wrapper\">\n\t<div class=\"wpb_text_column wpb_content_element\" >\n\t\t<div class=\"wpb_wrapper\">\n\t\t\t<h1 style=\"text-align: center;\">Piezas el\u00e9ctricas de calidad superior para semirremolques en Betts<\/h1>\n<h2 style=\"text-align: center;\">Potencia tu rendimiento<\/h2>\n\n\t\t<\/div>\n\t<\/div>\n<div class=\"ubtn-ctn-center\"><a class=\"ubtn-link ult-adjust-bottom-margin ubtn-center ubtn-normal\" href=\"\/es\/lugares\/\" ><button type=\"button\" id=\"ubtn-7319\"  class=\"ubtn ult-adjust-bottom-margin ult-responsive ubtn-normal ubtn-fade-bg  none  ubtn-center   tooltip-69f1bacc97a77\"  data-hover=\"#ffffff\" data-border-color=\"#ad172b\" data-bg=\"rgba(255,255,255,0.01)\" data-hover-bg=\"#ad172b\" data-border-hover=\"#ffffff\" data-shadow-hover=\"\" data-shadow-click=\"none\" data-shadow=\"\" data-shd-shadow=\"\"  data-ultimate-target='#ubtn-7319'  data-responsive-json-new='{\"font-size\":\"desktop:16px;\",\"line-height\":\"\"}'  style=\"font-weight:bold;border-radius:15px;border-width:2px;border-color:#ad172b;border-style:solid;background: rgba(255,255,255,0.01);color: #ad172b;\"><span class=\"ubtn-hover\" style=\"background-color:#ad172b\"><\/span><span class=\"ubtn-data ubtn-text\" >Buscar un lugar<\/span><\/button><\/a><\/div>\n\t<div class=\"wpb_text_column wpb_content_element  vc_custom_1747656447982\" >\n\t\t<div class=\"wpb_wrapper\">\n\t\t\t<p>El complejo sistema el\u00e9ctrico de los camiones es el sistema nervioso central de su veh\u00edculo comercial pesado y garantiza que todos los componentes funcionen en perfecta armon\u00eda. Desde encender el motor hasta iluminar la carretera, su fiabilidad es primordial. Es por eso que es absolutamente cr\u00edtico utilizar s\u00f3lo la m\u00e1s alta calidad, el mejor rendimiento de los componentes del sistema el\u00e9ctrico al actualizar, reparar o actualizar su cami\u00f3n. En Betts Truck Parts &amp; Service, entendemos esta necesidad crucial. Tenemos en stock todas las piezas el\u00e9ctricas para semirremolques que necesita, desde robustas bater\u00edas de alta resistencia y alternadores de alto rendimiento para camiones hasta fiables motores de arranque, avanzadas luces para semirremolques y bombillas esenciales, todo listo para su recogida inmediata en cualquiera de nuestras instalaciones de Betts Truck Parts &amp; Service. <a href=\"https:\/\/bettstruckparts.com\/es\/lugares\/\">ocho puntos de servicio y recambios para camiones<\/a>.<\/p>\n<h3><img decoding=\"async\" class=\"aligncenter wp-image-729 size-full\" src=\"https:\/\/bettstruckparts.com\/wp-content\/uploads\/2017\/12\/MG_7328-as-Smart-Object-1.jpg\" alt=\"\" width=\"1400\" height=\"758\" srcset=\"https:\/\/bettstruckparts.com\/wp-content\/uploads\/2017\/12\/MG_7328-as-Smart-Object-1.jpg 1400w, https:\/\/bettstruckparts.com\/wp-content\/uploads\/2017\/12\/MG_7328-as-Smart-Object-1-300x162.jpg 300w, https:\/\/bettstruckparts.com\/wp-content\/uploads\/2017\/12\/MG_7328-as-Smart-Object-1-768x416.jpg 768w, https:\/\/bettstruckparts.com\/wp-content\/uploads\/2017\/12\/MG_7328-as-Smart-Object-1-1024x554.jpg 1024w\" sizes=\"(max-width: 1400px) 100vw, 1400px\" \/><\/h3>\n<h3>Por qu\u00e9 el sistema el\u00e9ctrico de su cami\u00f3n exige lo mejor<\/h3>\n<p>Un sistema el\u00e9ctrico defectuoso puede provocar una cascada de problemas que afecten a todo el sistema:<\/p>\n<ul>\n<li><strong>Fiabilidad y tiempo de actividad:<\/strong> Los fallos el\u00e9ctricos son una causa com\u00fan de aver\u00eda. Una bater\u00eda descargada, un alternador averiado o un motor de arranque defectuoso pueden dejarte tirado y hacerte perder tiempo y dinero.<\/li>\n<li><strong>Seguridad:<\/strong> Unas luces y se\u00f1ales que funcionen correctamente y un sistema de arranque fiable no son negociables para una conducci\u00f3n segura en carretera. Esto incluye todo, desde los faros hasta las luces de freno y los intermitentes.<\/li>\n<li><strong>Rendimiento y eficiencia:<\/strong> El sistema el\u00e9ctrico alimenta componentes cruciales de la gesti\u00f3n del motor, sensores y accesorios. Unas piezas deficientes pueden provocar un rendimiento deficiente e incluso reducir la eficiencia del combustible.<\/li>\n<li><strong>Longevidad de los componentes<\/strong>: El uso de piezas el\u00e9ctricas de alta calidad puede evitar el fallo prematuro de otros sistemas conectados y reducir la carga el\u00e9ctrica total, alargando la vida \u00fatil de los componentes relacionados.<\/li>\n<li><strong>Conformidad:<\/strong> Aseg\u00farese de que su alumbrado y otros sistemas el\u00e9ctricos cumplen <a href=\"https:\/\/www.fmcsa.dot.gov\/regulations\" target=\"_blank\" rel=\"noopener\">Normativa DOT<\/a> es esencial para evitar multas y \u00f3rdenes de retirada del servicio.<\/li>\n<\/ul>\n<p>Invertir en piezas el\u00e9ctricas de calidad superior para camiones comerciales es una inversi\u00f3n en la fiabilidad de su cami\u00f3n y en su \u00e9xito operativo.<\/p>\n<h3>Su fuente integral de componentes el\u00e9ctricos para camiones<\/h3>\n<p>Betts Truck Parts &amp; Service se compromete a proporcionar una amplia selecci\u00f3n de piezas el\u00e9ctricas de primer nivel para mantener su flota energizada y en movimiento:<\/p>\n<ul>\n<li><strong>Bater\u00edas: <\/strong>El coraz\u00f3n de la potencia el\u00e9ctrica y de arranque de su cami\u00f3n cuando el motor est\u00e1 apagado. Ofrecemos bater\u00edas para camiones pesados dise\u00f1adas para soportar las vibraciones y los exigentes requisitos de potencia de los veh\u00edculos comerciales, garantizando una potencia de arranque fiable en todas las condiciones.<\/li>\n<li><strong>Alternadores: <\/strong>Responsable de cargar la bater\u00eda y alimentar el sistema el\u00e9ctrico mientras el motor est\u00e1 en marcha, un alternador de cami\u00f3n de alta calidad es crucial. Disponemos de opciones robustas para satisfacer las demandas de alto amperaje de los camiones modernos.<\/li>\n<li><strong>Titulares: <\/strong>Un arrancador fiable para semirremolques garantiza que el motor se encienda siempre de forma fiable. Ofrecemos arrancadores duraderos fabricados para soportar los rigores del uso frecuente en aplicaciones comerciales.<\/li>\n<li><strong>Luces para semirremolques: <\/strong>Desde los faros delanteros y traseros hasta las luces de balizamiento y la iluminaci\u00f3n interior, un correcto <a href=\"https:\/\/bettstruckparts.com\/es\/piezas\/piezas-de-iluminacion\/\">iluminaci\u00f3n de camiones<\/a> es vital para la visibilidad y la seguridad. Tenemos una amplia selecci\u00f3n, incluyendo opciones de marcas l\u00edderes como Grote, Truck-Lite y Maxima Lighting.<\/li>\n<li><strong>Cableado y conectores: <\/strong>Las v\u00edas de su sistema el\u00e9ctrico. Los mazos de cables, cables y conectores de calidad para camiones son esenciales para evitar cortocircuitos, corrosi\u00f3n y p\u00e9rdida de potencia, garantizando un rendimiento constante de todos los componentes el\u00e9ctricos.<\/li>\n<li><strong>Bombillas incandescentes\/LED: <\/strong>Tanto si necesita bombillas incandescentes tradicionales como si desea cambiar a bombillas de bajo consumo y larga duraci\u00f3n, tenemos los recambios que necesita para cada aplicaci\u00f3n en su cami\u00f3n y remolque.<\/li>\n<\/ul>\n<h3>\u00bfPor qu\u00e9 elegir Betts para sus necesidades de piezas el\u00e9ctricas?<\/h3>\n<p>Con <a href=\"https:\/\/bettstruckparts.com\/es\/quienes-somos\/nuestra-historia\/\">Betts Truck Parts &amp; Service<\/a>no s\u00f3lo obtiene piezas, sino tambi\u00e9n un socio dedicado al rendimiento de su flota. Nuestras ventajas incluyen:<\/p>\n<ul>\n<li><strong>Disponibilidad inmediata:<\/strong> Con piezas almacenadas en nuestros ocho centros, nuestro objetivo es conseguirle lo que necesita r\u00e1pidamente.<\/li>\n<li><strong>Garant\u00eda de calidad<\/strong>: Nos centramos en el abastecimiento de piezas de fabricantes de renombre conocidos por su fiabilidad en la industria pesada.<\/li>\n<li><strong>Apoyo de expertos:<\/strong> Nuestro equipo de expertos puede ayudarle a identificar los componentes el\u00e9ctricos adecuados para su modelo de cami\u00f3n y sus necesidades espec\u00edficas.<\/li>\n<li><strong>Inventario exhaustivo:<\/strong> Nos esforzamos por ser su ventanilla \u00fanica para todos los suministros el\u00e9ctricos de camiones y remolques.<\/li>\n<\/ul>\n<p>No deje que los problemas el\u00e9ctricos mermen su productividad. Aumente la potencia con las mejores piezas y la mejor experiencia del sector.<\/p>\n<p>\u00bfEst\u00e1 listo para encontrar las piezas el\u00e9ctricas que necesita? <a href=\"https:\/\/bettstruckparts.com\/es\/contacto\/\">Contacte con Betts Truck Parts &amp; Service<\/a> hoy mismo o visite su sucursal m\u00e1s cercana para explorar nuestro amplio inventario de piezas el\u00e9ctricas para semirremolques, bater\u00edas, alternadores, arrancadores y mucho m\u00e1s. Perm\u00edtanos ayudarle a mantener el sistema el\u00e9ctrico de su cami\u00f3n en perfectas condiciones.<\/p>\n\n\t\t<\/div>\n\t<\/div>\n<div class=\"ubtn-ctn-center\"><a class=\"ubtn-link ult-adjust-bottom-margin ubtn-center ubtn-normal\" href=\"\/es\/lugares\/\" ><button type=\"button\" id=\"ubtn-1912\"  class=\"ubtn ult-adjust-bottom-margin ult-responsive ubtn-normal ubtn-fade-bg  none  ubtn-center   tooltip-69f1bacc97c28\"  data-hover=\"#ffffff\" data-border-color=\"#ad172b\" data-bg=\"rgba(255,255,255,0.01)\" data-hover-bg=\"#ad172b\" data-border-hover=\"#ffffff\" data-shadow-hover=\"\" data-shadow-click=\"none\" data-shadow=\"\" data-shd-shadow=\"\"  data-ultimate-target='#ubtn-1912'  data-responsive-json-new='{\"font-size\":\"desktop:16px;\",\"line-height\":\"\"}'  style=\"font-weight:bold;border-radius:15px;border-width:2px;border-color:#ad172b;border-style:solid;background: rgba(255,255,255,0.01);color: #ad172b;\"><span class=\"ubtn-hover\" style=\"background-color:#ad172b\"><\/span><span class=\"ubtn-data ubtn-text\" >Buscar un lugar<\/span><\/button><\/a><\/div><\/div><\/div><\/div><\/div><\/div><\/div><\/div><\/div>\n<\/div>","protected":false},"excerpt":{"rendered":"<p>RecambiosAccesorios Recambios para camiones Recambios para frenos y ruedas Control de carga Productos qu\u00edmicos Tren de tracci\u00f3n Piezas el\u00e9ctricas Piezas de escape Piezas de iluminaci\u00f3n Piezas de seguridad Tienda Herramientas Direcci\u00f3n y suspensi\u00f3n Piezas para remolques Piezas para debajo del cap\u00f3 y en la cabina Recambios el\u00e9ctricos de calidad superior para semirremolques en Betts Potencia para su rendimiento Encuentre una ubicaci\u00f3n El complejo sistema el\u00e9ctrico del cami\u00f3n es el sistema nervioso central de su...<\/p>","protected":false},"author":4,"featured_media":48,"parent":1008,"menu_order":0,"comment_status":"closed","ping_status":"closed","template":"template-microsite.php","meta":{"footnotes":""},"class_list":["post-412","page","type-page","status-publish","has-post-thumbnail","hentry","description-off"],"_links":{"self":[{"href":"https:\/\/bettstruckparts.com\/es\/wp-json\/wp\/v2\/pages\/412","targetHints":{"allow":["GET"]}}],"collection":[{"href":"https:\/\/bettstruckparts.com\/es\/wp-json\/wp\/v2\/pages"}],"about":[{"href":"https:\/\/bettstruckparts.com\/es\/wp-json\/wp\/v2\/types\/page"}],"author":[{"embeddable":true,"href":"https:\/\/bettstruckparts.com\/es\/wp-json\/wp\/v2\/users\/4"}],"replies":[{"embeddable":true,"href":"https:\/\/bettstruckparts.com\/es\/wp-json\/wp\/v2\/comments?post=412"}],"version-history":[{"count":0,"href":"https:\/\/bettstruckparts.com\/es\/wp-json\/wp\/v2\/pages\/412\/revisions"}],"up":[{"embeddable":true,"href":"https:\/\/bettstruckparts.com\/es\/wp-json\/wp\/v2\/pages\/1008"}],"wp:featuredmedia":[{"embeddable":true,"href":"https:\/\/bettstruckparts.com\/es\/wp-json\/wp\/v2\/media\/48"}],"wp:attachment":[{"href":"https:\/\/bettstruckparts.com\/es\/wp-json\/wp\/v2\/media?parent=412"}],"curies":[{"name":"wp","href":"https:\/\/api.w.org\/{rel}","templated":true}]}}