{"id":410,"date":"2017-12-07T01:09:26","date_gmt":"2017-12-07T01:09:26","guid":{"rendered":"https:\/\/bctps.wpengine.com\/?page_id=410"},"modified":"2025-05-18T13:45:20","modified_gmt":"2025-05-18T21:45:20","slug":"transmision","status":"publish","type":"page","link":"https:\/\/bettstruckparts.com\/es\/parts\/drivetrain\/","title":{"rendered":"Transmisi\u00f3n"},"content":{"rendered":"<div class=\"wpb-content-wrapper\"><div class=\"vc_row wpb_row vc_row-fluid vc_custom_1523485822558 vc_row-has-fill vc_row-o-equal-height vc_row-flex\"><div class=\"wpb_column vc_column_container vc_col-sm-3 vc_col-has-fill\"><div class=\"vc_column-inner vc_custom_1510682040425\"><div class=\"wpb_wrapper\"><div  class=\"wpb_widgetised_column wpb_content_element sidebar-content\">\n\t\t<div class=\"wpb_wrapper\">\n\t\t\t\n\t\t\t<section id=\"nav_menu-5\" class=\"widget widget_nav_menu\"><div class=\"widget-title\">Piezas<\/div><div class=\"menu-parts-container\"><ul id=\"menu-parts\" class=\"menu\"><li id=\"menu-item-456\" class=\"menu-item menu-item-type-post_type menu-item-object-page menu-item-456\"><a href=\"https:\/\/bettstruckparts.com\/es\/parts\/accessories\/\">Accesorios<\/a><\/li>\n<li id=\"menu-item-455\" class=\"menu-item menu-item-type-post_type menu-item-object-page menu-item-455\"><a href=\"https:\/\/bettstruckparts.com\/es\/parts\/aftermarket-truck-parts\/\">Recambios para camiones<\/a><\/li>\n<li id=\"menu-item-454\" class=\"menu-item menu-item-type-post_type menu-item-object-page menu-item-454\"><a href=\"https:\/\/bettstruckparts.com\/es\/parts\/brake-wheel-parts\/\">Piezas de freno y ruedas<\/a><\/li>\n<li id=\"menu-item-453\" class=\"menu-item menu-item-type-post_type menu-item-object-page menu-item-453\"><a href=\"https:\/\/bettstruckparts.com\/es\/parts\/cargo-control\/\">Control de carga<\/a><\/li>\n<li id=\"menu-item-452\" class=\"menu-item menu-item-type-post_type menu-item-object-page menu-item-452\"><a href=\"https:\/\/bettstruckparts.com\/es\/parts\/chemicals\/\">Productos qu\u00edmicos<\/a><\/li>\n<li id=\"menu-item-451\" class=\"menu-item menu-item-type-post_type menu-item-object-page menu-item-451\"><a href=\"https:\/\/bettstruckparts.com\/es\/parts\/drivetrain\/\">Transmisi\u00f3n<\/a><\/li>\n<li id=\"menu-item-450\" class=\"menu-item menu-item-type-post_type menu-item-object-page menu-item-450\"><a href=\"https:\/\/bettstruckparts.com\/es\/parts\/electrical-parts\/\">Piezas el\u00e9ctricas<\/a><\/li>\n<li id=\"menu-item-449\" class=\"menu-item menu-item-type-post_type menu-item-object-page menu-item-449\"><a href=\"https:\/\/bettstruckparts.com\/es\/parts\/exhaust-parts\/\">Piezas de escape<\/a><\/li>\n<li id=\"menu-item-448\" class=\"menu-item menu-item-type-post_type menu-item-object-page menu-item-448\"><a href=\"https:\/\/bettstruckparts.com\/es\/parts\/lighting-parts\/\">Piezas de iluminaci\u00f3n<\/a><\/li>\n<li id=\"menu-item-447\" class=\"menu-item menu-item-type-post_type menu-item-object-page menu-item-447\"><a href=\"https:\/\/bettstruckparts.com\/es\/parts\/safety\/\">Seguridad<\/a><\/li>\n<li id=\"menu-item-446\" class=\"menu-item menu-item-type-post_type menu-item-object-page menu-item-446\"><a href=\"https:\/\/bettstruckparts.com\/es\/parts\/shop-tools\/\">Herramientas<\/a><\/li>\n<li id=\"menu-item-445\" class=\"menu-item menu-item-type-post_type menu-item-object-page menu-item-445\"><a href=\"https:\/\/bettstruckparts.com\/es\/parts\/steering-suspension\/\">Direcci\u00f3n y suspensi\u00f3n<\/a><\/li>\n<li id=\"menu-item-444\" class=\"menu-item menu-item-type-post_type menu-item-object-page menu-item-444\"><a href=\"https:\/\/bettstruckparts.com\/es\/parts\/trailer-parts\/\">Piezas de remolque<\/a><\/li>\n<li id=\"menu-item-443\" class=\"menu-item menu-item-type-post_type menu-item-object-page menu-item-443\"><a href=\"https:\/\/bettstruckparts.com\/es\/parts\/under-hood-in-cab\/\">Bajo el cap\u00f3 y en la cabina<\/a><\/li>\n<\/ul><\/div><\/section>\n\t\t<\/div>\n\t<\/div>\n<\/div><\/div><\/div><div class=\"wpb_column vc_column_container vc_col-sm-9\"><div class=\"vc_column-inner vc_custom_1510682076814\"><div class=\"wpb_wrapper\"><div class=\"vc_row wpb_row vc_inner vc_row-fluid vc_custom_1747604541064\"><div class=\"wpb_column vc_column_container vc_col-sm-12\"><div class=\"vc_column-inner vc_custom_1486667994280\"><div class=\"wpb_wrapper\">\n\t<div class=\"wpb_text_column wpb_content_element\" >\n\t\t<div class=\"wpb_wrapper\">\n\t\t\t<h1 style=\"text-align: center;\">Servicio y soluciones integrales para el tren de transmisi\u00f3n en Betts<\/h1>\n<h2 style=\"text-align: center;\">Potencia tu progreso<\/h2>\n\n\t\t<\/div>\n\t<\/div>\n<div class=\"ubtn-ctn-center\"><a class=\"ubtn-link ult-adjust-bottom-margin ubtn-center ubtn-normal\" href=\"\/es\/lugares\/\" ><button type=\"button\" id=\"ubtn-3026\"  class=\"ubtn ult-adjust-bottom-margin ult-responsive ubtn-normal ubtn-fade-bg  none  ubtn-center   tooltip-69e34ef123e5e\"  data-hover=\"#ffffff\" data-border-color=\"#ad172b\" data-bg=\"rgba(255,255,255,0.01)\" data-hover-bg=\"#ad172b\" data-border-hover=\"#ffffff\" data-shadow-hover=\"\" data-shadow-click=\"none\" data-shadow=\"\" data-shd-shadow=\"\"  data-ultimate-target='#ubtn-3026'  data-responsive-json-new='{\"font-size\":\"desktop:16px;\",\"line-height\":\"\"}'  style=\"font-weight:bold;border-radius:15px;border-width:2px;border-color:#ad172b;border-style:solid;background: rgba(255,255,255,0.01);color: #ad172b;\"><span class=\"ubtn-hover\" style=\"background-color:#ad172b\"><\/span><span class=\"ubtn-data ubtn-text\" >Buscar un lugar<\/span><\/button><\/a><\/div>\n\t<div class=\"wpb_text_column wpb_content_element  vc_custom_1747604717812\" >\n\t\t<div class=\"wpb_wrapper\">\n\t\t\t<p>La transmisi\u00f3n de alta resistencia es el n\u00facleo muscular de su cami\u00f3n comercial, el intrincado sistema responsable de transferir la inmensa potencia del motor a las ruedas y mantener su negocio en movimiento. Desde la transmisi\u00f3n hasta los diferenciales, todos los componentes deben funcionar en perfecta armon\u00eda. Cuando surgen problemas o hay que realizar un mantenimiento preventivo, muchas empresas, propietarios y municipios conf\u00edan en Betts Truck Parts &amp; Service para obtener un servicio de transmisi\u00f3n completo y soluciones que se ajustan a cualquier presupuesto. Comprendemos el papel fundamental que desempe\u00f1an estos componentes y nos dedicamos a mantener el tren de potencia de su flota en condiciones \u00f3ptimas.<\/p>\n<h3><img decoding=\"async\" class=\"aligncenter wp-image-729 size-full\" src=\"https:\/\/bettstruckparts.com\/wp-content\/uploads\/2017\/12\/MG_7328-as-Smart-Object-1.jpg\" alt=\"\" width=\"1400\" height=\"758\" srcset=\"https:\/\/bettstruckparts.com\/wp-content\/uploads\/2017\/12\/MG_7328-as-Smart-Object-1.jpg 1400w, https:\/\/bettstruckparts.com\/wp-content\/uploads\/2017\/12\/MG_7328-as-Smart-Object-1-300x162.jpg 300w, https:\/\/bettstruckparts.com\/wp-content\/uploads\/2017\/12\/MG_7328-as-Smart-Object-1-768x416.jpg 768w, https:\/\/bettstruckparts.com\/wp-content\/uploads\/2017\/12\/MG_7328-as-Smart-Object-1-1024x554.jpg 1024w\" sizes=\"(max-width: 1400px) 100vw, 1400px\" \/><\/h3>\n<h3>El h\u00e9roe an\u00f3nimo: por qu\u00e9 la salud de la transmisi\u00f3n es crucial<\/h3>\n<p>Una transmisi\u00f3n en buen estado es esencial para:<\/p>\n<ul>\n<li><strong>Fiabilidad y tiempo de actividad:<\/strong> Una transmisi\u00f3n defectuosa, un embrague defectuoso o un componente desgastado de la cadena cinem\u00e1tica pueden provocar aver\u00edas repentinas, remolques costosos e importantes interrupciones operativas. El mantenimiento proactivo de la transmisi\u00f3n del cami\u00f3n es clave para evitar estos quebraderos de cabeza.<\/li>\n<li><strong>Eficiencia de combustible:<\/strong> Cuando los componentes de la transmisi\u00f3n funcionan de forma \u00f3ptima, se pierde menos potencia por fricci\u00f3n o deslizamiento, lo que contribuye a un mayor ahorro de combustible.<\/li>\n<li><strong>Rendimiento y potencia<\/strong>: Los cambios de marcha suaves, la transferencia eficiente de potencia y la distribuci\u00f3n adecuada del par garantizan que su cami\u00f3n pueda manejar cargas pesadas y terrenos dif\u00edciles con eficacia.<\/li>\n<li><strong>Seguridad y confort del conductor:<\/strong> Una cadena cinem\u00e1tica que funcione correctamente contribuye a una experiencia de conducci\u00f3n m\u00e1s suave y predecible, reduciendo la fatiga del conductor y mejorando la seguridad.<\/li>\n<li><strong>Longevidad de su inversi\u00f3n:<\/strong> Tratar a tiempo los problemas menores del tren de transmisi\u00f3n puede evitar que se conviertan en reparaciones mayores y m\u00e1s caras, alargando en \u00faltima instancia la vida de su veh\u00edculo.<\/li>\n<\/ul>\n<p>En Betts Truck Parts &amp; Service, nos especializamos en proporcionar servicio experto y piezas de alta calidad para todos los aspectos del sistema de tren motriz de su cami\u00f3n.<\/p>\n<h3>Nuestros servicios especializados de transmisi\u00f3n y componentes<\/h3>\n<p>Ofrecemos una amplia gama de servicios y piezas para satisfacer las necesidades b\u00e1sicas de la transmisi\u00f3n de su cami\u00f3n comercial:<\/p>\n<ul>\n<li><strong>Transmisiones para cargas pesadas: <\/strong>La transmisi\u00f3n es el coraz\u00f3n de la capacidad de su cami\u00f3n para gestionar la velocidad y el par. Proporcionamos servicio y soluciones para transmisiones de servicio pesado, ya se trate de transmisiones manuales o manuales automatizadas (AMT). Esto incluye diagn\u00f3sticos, reparaciones, reconstrucciones y acceso a piezas de repuesto de transmisi\u00f3n de calidad de fabricantes l\u00edderes como Eaton o Meritor, si procede.<\/li>\n<li><strong>Componentes de transmisi\u00f3n de alta resistencia: <\/strong>La cadena cinem\u00e1tica, incluidos los \u00e1rboles de transmisi\u00f3n, las juntas en U y las horquillas, se encarga de transmitir el par de la transmisi\u00f3n a los ejes. Realizamos el mantenimiento y suministramos componentes de transmisi\u00f3n duraderos y resistentes. El equilibrado adecuado y la inspecci\u00f3n peri\u00f3dica de las juntas en U de los camiones son cruciales para evitar las vibraciones y el desgaste prematuro.<\/li>\n<li><strong>Diferenciales de servicio pesado: <\/strong>Los diferenciales permiten que sus ruedas motrices giren a diferentes velocidades al girar, a la vez que proporcionan potencia. Nuestros servicios cubren los diferenciales de servicio pesado, incluyendo diagn\u00f3sticos, reparaciones, reemplazos de juegos de engranajes y reconstrucciones completas para varias configuraciones de ejes de camiones. Podemos ayudarle a encontrar piezas de diferencial de calidad para restablecer un rendimiento \u00f3ptimo.<\/li>\n<li><strong>Embragues de alta resistencia: <\/strong>Para las transmisiones manuales y algunas automatizadas, el embrague es vital para conectar y desconectar la potencia del motor. Ofrecemos servicios y componentes para embragues de servicio pesado, incluyendo ajustes de embrague, reemplazos y repavimentaci\u00f3n del volante. El uso de kits de embrague para camiones de alta calidad garantiza un acoplamiento suave y una larga vida \u00fatil.<\/li>\n<\/ul>\n<h3><strong>\u00bfPor qu\u00e9 confiar sus necesidades de transmisi\u00f3n a Betts?<\/strong><\/h3>\n<p><a href=\"https:\/\/bettstruckparts.com\/es\/quienes-somos\/nuestra-historia\/\">Betts Truck Parts &amp; Service<\/a> se ha forjado una reputaci\u00f3n de proveedor fiable <a href=\"https:\/\/bettstruckparts.com\/es\/reparacion-de-camiones\/\">reparaci\u00f3n de camiones comerciales<\/a> y soluciones de piezas. Cuando se trata de sistemas de transmisi\u00f3n complejos, nuestros t\u00e9cnicos experimentados y el acceso a componentes de calidad ofrecen:<\/p>\n<ul>\n<li><strong>Diagn\u00f3stico experto<\/strong>: Identificar con precisi\u00f3n la causa ra\u00edz de los problemas de transmisi\u00f3n para garantizar reparaciones eficaces y eficientes.<\/li>\n<li><strong>Piezas de calidad:<\/strong> Utilizaci\u00f3n de piezas de reputados fabricantes conocidos por su durabilidad y rendimiento en aplicaciones exigentes.<\/li>\n<li><strong>Soluciones rentables<\/strong>: Trabajar con usted para encontrar soluciones que se ajusten a su presupuesto, tanto si se trata de una reparaci\u00f3n menor como de una reforma importante.<\/li>\n<li><strong>Reducci\u00f3n del tiempo de inactividad:<\/strong> Nuestro objetivo es conseguir que su cami\u00f3n vuelva a la carretera de forma r\u00e1pida y fiable.<\/li>\n<\/ul>\n<p>La transmisi\u00f3n de su cami\u00f3n es demasiado importante para confi\u00e1rsela a cualquiera. Aseg\u00farese de que recibe la atenci\u00f3n experta que merece para que sus operaciones sigan funcionando sin problemas y de forma rentable.<br \/>\nSi tiene problemas con la transmisi\u00f3n o necesita mantenimiento preventivo, <a href=\"https:\/\/bettstruckparts.com\/es\/contacto\/\">p\u00f3ngase en contacto con Betts Truck Parts &amp; Service<\/a> hoy. Deje que nuestro equipo le proporcione el servicio integral de transmisi\u00f3n y las soluciones que necesita para impulsar su progreso con confianza.<\/p>\n\n\t\t<\/div>\n\t<\/div>\n<div class=\"ubtn-ctn-center\"><a class=\"ubtn-link ult-adjust-bottom-margin ubtn-center ubtn-normal\" href=\"\/es\/lugares\/\" ><button type=\"button\" id=\"ubtn-6679\"  class=\"ubtn ult-adjust-bottom-margin ult-responsive ubtn-normal ubtn-fade-bg  none  ubtn-center   tooltip-69e34ef123ffb\"  data-hover=\"#ffffff\" data-border-color=\"#ad172b\" data-bg=\"rgba(255,255,255,0.01)\" data-hover-bg=\"#ad172b\" data-border-hover=\"#ffffff\" data-shadow-hover=\"\" data-shadow-click=\"none\" data-shadow=\"\" data-shd-shadow=\"\"  data-ultimate-target='#ubtn-6679'  data-responsive-json-new='{\"font-size\":\"desktop:16px;\",\"line-height\":\"\"}'  style=\"font-weight:bold;border-radius:15px;border-width:2px;border-color:#ad172b;border-style:solid;background: rgba(255,255,255,0.01);color: #ad172b;\"><span class=\"ubtn-hover\" style=\"background-color:#ad172b\"><\/span><span class=\"ubtn-data ubtn-text\" >Buscar un lugar<\/span><\/button><\/a><\/div><\/div><\/div><\/div><\/div><\/div><\/div><\/div><\/div>\n<\/div>","protected":false},"excerpt":{"rendered":"<p>RecambiosAccesorios Recambios para camiones Recambios de frenos y llantas Control de carga Productos qu\u00edmicos Tren de transmisi\u00f3n Piezas el\u00e9ctricas Piezas de escape Piezas de iluminaci\u00f3n Piezas de seguridad Tienda de herramientas Direcci\u00f3n y suspensi\u00f3n Piezas de remolque Piezas bajo el cap\u00f3 y en la cabina Servicio y soluciones integrales para el tren de transmisi\u00f3n en Betts Impulsando su progreso Encuentre una ubicaci\u00f3n El tren de...<\/p>","protected":false},"author":4,"featured_media":48,"parent":1008,"menu_order":0,"comment_status":"closed","ping_status":"closed","template":"template-microsite.php","meta":{"footnotes":""},"class_list":["post-410","page","type-page","status-publish","has-post-thumbnail","hentry","description-off"],"_links":{"self":[{"href":"https:\/\/bettstruckparts.com\/es\/wp-json\/wp\/v2\/pages\/410","targetHints":{"allow":["GET"]}}],"collection":[{"href":"https:\/\/bettstruckparts.com\/es\/wp-json\/wp\/v2\/pages"}],"about":[{"href":"https:\/\/bettstruckparts.com\/es\/wp-json\/wp\/v2\/types\/page"}],"author":[{"embeddable":true,"href":"https:\/\/bettstruckparts.com\/es\/wp-json\/wp\/v2\/users\/4"}],"replies":[{"embeddable":true,"href":"https:\/\/bettstruckparts.com\/es\/wp-json\/wp\/v2\/comments?post=410"}],"version-history":[{"count":0,"href":"https:\/\/bettstruckparts.com\/es\/wp-json\/wp\/v2\/pages\/410\/revisions"}],"up":[{"embeddable":true,"href":"https:\/\/bettstruckparts.com\/es\/wp-json\/wp\/v2\/pages\/1008"}],"wp:featuredmedia":[{"embeddable":true,"href":"https:\/\/bettstruckparts.com\/es\/wp-json\/wp\/v2\/media\/48"}],"wp:attachment":[{"href":"https:\/\/bettstruckparts.com\/es\/wp-json\/wp\/v2\/media?parent=410"}],"curies":[{"name":"wp","href":"https:\/\/api.w.org\/{rel}","templated":true}]}}