{"id":406,"date":"2017-12-07T01:04:48","date_gmt":"2017-12-07T01:04:48","guid":{"rendered":"https:\/\/bctps.wpengine.com\/?page_id=406"},"modified":"2025-05-18T13:23:53","modified_gmt":"2025-05-18T21:23:53","slug":"control-de-carga","status":"publish","type":"page","link":"https:\/\/bettstruckparts.com\/es\/parts\/cargo-control\/","title":{"rendered":"Control de carga"},"content":{"rendered":"<div class=\"wpb-content-wrapper\"><div class=\"vc_row wpb_row vc_row-fluid vc_custom_1523485810995 vc_row-has-fill vc_row-o-equal-height vc_row-flex\"><div class=\"wpb_column vc_column_container vc_col-sm-3 vc_col-has-fill\"><div class=\"vc_column-inner vc_custom_1510682040425\"><div class=\"wpb_wrapper\"><div  class=\"wpb_widgetised_column wpb_content_element sidebar-content\">\n\t\t<div class=\"wpb_wrapper\">\n\t\t\t\n\t\t\t<section id=\"nav_menu-5\" class=\"widget widget_nav_menu\"><div class=\"widget-title\">Piezas<\/div><div class=\"menu-parts-container\"><ul id=\"menu-parts\" class=\"menu\"><li id=\"menu-item-456\" class=\"menu-item menu-item-type-post_type menu-item-object-page menu-item-456\"><a href=\"https:\/\/bettstruckparts.com\/es\/parts\/accessories\/\">Accesorios<\/a><\/li>\n<li id=\"menu-item-455\" class=\"menu-item menu-item-type-post_type menu-item-object-page menu-item-455\"><a href=\"https:\/\/bettstruckparts.com\/es\/parts\/aftermarket-truck-parts\/\">Recambios para camiones<\/a><\/li>\n<li id=\"menu-item-454\" class=\"menu-item menu-item-type-post_type menu-item-object-page menu-item-454\"><a href=\"https:\/\/bettstruckparts.com\/es\/parts\/brake-wheel-parts\/\">Piezas de freno y ruedas<\/a><\/li>\n<li id=\"menu-item-453\" class=\"menu-item menu-item-type-post_type menu-item-object-page menu-item-453\"><a href=\"https:\/\/bettstruckparts.com\/es\/parts\/cargo-control\/\">Control de carga<\/a><\/li>\n<li id=\"menu-item-452\" class=\"menu-item menu-item-type-post_type menu-item-object-page menu-item-452\"><a href=\"https:\/\/bettstruckparts.com\/es\/parts\/chemicals\/\">Productos qu\u00edmicos<\/a><\/li>\n<li id=\"menu-item-451\" class=\"menu-item menu-item-type-post_type menu-item-object-page menu-item-451\"><a href=\"https:\/\/bettstruckparts.com\/es\/parts\/drivetrain\/\">Transmisi\u00f3n<\/a><\/li>\n<li id=\"menu-item-450\" class=\"menu-item menu-item-type-post_type menu-item-object-page menu-item-450\"><a href=\"https:\/\/bettstruckparts.com\/es\/parts\/electrical-parts\/\">Piezas el\u00e9ctricas<\/a><\/li>\n<li id=\"menu-item-449\" class=\"menu-item menu-item-type-post_type menu-item-object-page menu-item-449\"><a href=\"https:\/\/bettstruckparts.com\/es\/parts\/exhaust-parts\/\">Piezas de escape<\/a><\/li>\n<li id=\"menu-item-448\" class=\"menu-item menu-item-type-post_type menu-item-object-page menu-item-448\"><a href=\"https:\/\/bettstruckparts.com\/es\/parts\/lighting-parts\/\">Piezas de iluminaci\u00f3n<\/a><\/li>\n<li id=\"menu-item-447\" class=\"menu-item menu-item-type-post_type menu-item-object-page menu-item-447\"><a href=\"https:\/\/bettstruckparts.com\/es\/parts\/safety\/\">Seguridad<\/a><\/li>\n<li id=\"menu-item-446\" class=\"menu-item menu-item-type-post_type menu-item-object-page menu-item-446\"><a href=\"https:\/\/bettstruckparts.com\/es\/parts\/shop-tools\/\">Herramientas<\/a><\/li>\n<li id=\"menu-item-445\" class=\"menu-item menu-item-type-post_type menu-item-object-page menu-item-445\"><a href=\"https:\/\/bettstruckparts.com\/es\/parts\/steering-suspension\/\">Direcci\u00f3n y suspensi\u00f3n<\/a><\/li>\n<li id=\"menu-item-444\" class=\"menu-item menu-item-type-post_type menu-item-object-page menu-item-444\"><a href=\"https:\/\/bettstruckparts.com\/es\/parts\/trailer-parts\/\">Piezas de remolque<\/a><\/li>\n<li id=\"menu-item-443\" class=\"menu-item menu-item-type-post_type menu-item-object-page menu-item-443\"><a href=\"https:\/\/bettstruckparts.com\/es\/parts\/under-hood-in-cab\/\">Bajo el cap\u00f3 y en la cabina<\/a><\/li>\n<\/ul><\/div><\/section>\n\t\t<\/div>\n\t<\/div>\n<\/div><\/div><\/div><div class=\"wpb_column vc_column_container vc_col-sm-9\"><div class=\"vc_column-inner vc_custom_1510682076814\"><div class=\"wpb_wrapper\"><div class=\"vc_row wpb_row vc_inner vc_row-fluid\"><div class=\"wpb_column vc_column_container vc_col-sm-12\"><div class=\"vc_column-inner vc_custom_1486667994280\"><div class=\"wpb_wrapper\">\n\t<div class=\"wpb_text_column wpb_content_element\" >\n\t\t<div class=\"wpb_wrapper\">\n\t\t\t<h1 style=\"text-align: center;\">Control de la carga para un transporte m\u00e1s seguro<\/h1>\n<h2 style=\"text-align: center;\">Asegure su \u00e9xito<\/h2>\n\n\t\t<\/div>\n\t<\/div>\n<div class=\"ubtn-ctn-center\"><a class=\"ubtn-link ult-adjust-bottom-margin ubtn-center ubtn-normal\" href=\"\/es\/lugares\/\" ><button type=\"button\" id=\"ubtn-1111\"  class=\"ubtn ult-adjust-bottom-margin ult-responsive ubtn-normal ubtn-fade-bg  none  ubtn-center   tooltip-69ef3b45b20dc\"  data-hover=\"#ffffff\" data-border-color=\"#ad172b\" data-bg=\"rgba(255,255,255,0.01)\" data-hover-bg=\"#ad172b\" data-border-hover=\"#ffffff\" data-shadow-hover=\"\" data-shadow-click=\"none\" data-shadow=\"\" data-shd-shadow=\"\"  data-ultimate-target='#ubtn-1111'  data-responsive-json-new='{\"font-size\":\"desktop:16px;\",\"line-height\":\"\"}'  style=\"font-weight:bold;border-radius:15px;border-width:2px;border-color:#ad172b;border-style:solid;background: rgba(255,255,255,0.01);color: #ad172b;\"><span class=\"ubtn-hover\" style=\"background-color:#ad172b\"><\/span><span class=\"ubtn-data ubtn-text\" >Buscar un lugar<\/span><\/button><\/a><\/div>\n\t<div class=\"wpb_text_column wpb_content_element  vc_custom_1747603430183\" >\n\t\t<div class=\"wpb_wrapper\">\n\t\t\t<p>En el mundo del transporte comercial por carretera, el viaje s\u00f3lo tiene \u00e9xito si la carga llega sana e intacta. El control de la carga no es s\u00f3lo un requisito normativo; es un aspecto fundamental de la profesionalidad, la seguridad y la protecci\u00f3n de su valiosa carga (y su reputaci\u00f3n). A la hora de transportar cualquier carga, garantizar su seguridad es siempre lo m\u00e1s importante. Asegurarse de que su carga est\u00e1 meticulosamente asegurada con las correas de carga apropiadas, barras de carga, u otro equipo de amarre es f\u00e1cil cuando usted conf\u00eda en el experimentado equipo de servicio y piezas de camiones de Betts Truck Parts &amp; Service. Estamos comprometidos a proporcionar todo el equipo necesario para asegurarse de que todo se mantiene en su lugar, seguro y protegido desde la salida hasta el destino.<\/p>\n<h3><img decoding=\"async\" class=\"aligncenter wp-image-398 size-full\" src=\"https:\/\/bettstruckparts.com\/wp-content\/uploads\/2017\/12\/Betts_Truck_Parts__Service_StoreDisplayRed.jpg\" alt=\"betts truck and trailer parts\" width=\"1000\" height=\"667\" srcset=\"https:\/\/bettstruckparts.com\/wp-content\/uploads\/2017\/12\/Betts_Truck_Parts__Service_StoreDisplayRed.jpg 1000w, https:\/\/bettstruckparts.com\/wp-content\/uploads\/2017\/12\/Betts_Truck_Parts__Service_StoreDisplayRed-300x200.jpg 300w, https:\/\/bettstruckparts.com\/wp-content\/uploads\/2017\/12\/Betts_Truck_Parts__Service_StoreDisplayRed-768x512.jpg 768w\" sizes=\"(max-width: 1000px) 100vw, 1000px\" \/><\/h3>\n<h3>La importancia cr\u00edtica de una s\u00f3lida sujeci\u00f3n de la carga<\/h3>\n<p>Una carga mal sujeta plantea riesgos importantes:<\/p>\n<ul>\n<li><strong>Peligros para la seguridad:<\/strong> El desplazamiento o la ca\u00edda de la carga puede causar accidentes, poniendo en peligro a su conductor, a otros automovilistas y a los peatones. Es una de las principales causas de accidentes de camiones.<\/li>\n<li><strong>Da\u00f1os a la carga:<\/strong> Los movimientos durante el transporte pueden da\u00f1ar la mercanc\u00eda y provocar p\u00e9rdidas econ\u00f3micas, reclamaciones al seguro y clientes descontentos.<\/li>\n<li><strong>Da\u00f1os al veh\u00edculo:<\/strong> Las cargas no aseguradas pueden da\u00f1ar el remolque o la plataforma del cami\u00f3n, lo que provocar\u00eda costosas reparaciones y tiempos de inactividad.<\/li>\n<li><strong>Sanciones legales y financieras:<\/strong> Infracciones de <a href=\"https:\/\/www.fmcsa.dot.gov\/regulations\/cargo-securement\/cargo-securement-rules\" target=\"_blank\" rel=\"noopener\">Normas de sujeci\u00f3n de la carga de la FMCSA<\/a> puede resultar en fuertes multas, \u00f3rdenes de fuera de servicio, y los impactos negativos en su puntuaci\u00f3n CSA.<\/li>\n<li><strong>Da\u00f1o a la reputaci\u00f3n<\/strong>: Los incidentes relacionados con un control deficiente de la carga pueden da\u00f1ar gravemente la reputaci\u00f3n de su empresa.<\/li>\n<\/ul>\n<p>Invertir en productos de alta calidad para el control de la carga de camiones y en la formaci\u00f3n adecuada no es un gasto; es una inversi\u00f3n en seguridad, eficacia y tranquilidad.<\/p>\n<h3>Equipo esencial de control de carga de Betts<\/h3>\n<p>En Betts Truck Parts &amp; Service, comprendemos las diversas necesidades de las operaciones de camiones de plataforma, furgonetas secas y frigor\u00edficos. Ofrecemos una gama de soluciones de sujeci\u00f3n de carga esenciales dise\u00f1adas para ofrecer durabilidad y fiabilidad:<\/p>\n<ul>\n<li><strong>Correas de lona (correas de goma): <\/strong>Una herramienta vers\u00e1til e indispensable para asegurar lonas sobre cargas de plataforma, las correas de lona de caucho (a menudo EPDM o caucho natural) proporcionan una tensi\u00f3n constante para mantener las lonas ajustadas y proteger la carga de los elementos. Ofrecemos varias longitudes y resistencias para satisfacer las distintas necesidades de lonas.<\/li>\n<li><strong>Correas de carga de 4\" (correas de cabrestante): <\/strong>El caballo de batalla de la sujeci\u00f3n de plataformas. Las correas de carga resistentes de 4 pulgadas, normalmente fabricadas con cinchas de poli\u00e9ster duraderas, est\u00e1n dise\u00f1adas para sujetar objetos pesados y voluminosos. Combinadas con cabrestantes, estas correas proporcionan una inmensa fuerza de sujeci\u00f3n. Disponemos de correas con varios accesorios finales, como ganchos planos, ganchos de alambre o anclajes de cadena.<\/li>\n<li><strong>Ganchos J: <\/strong>Los ganchos en J, un punto de fijaci\u00f3n vers\u00e1til, se utilizan habitualmente con correas de cabrestante, cadenas de transporte o cuerdas el\u00e1sticas. Su forma permite un anclaje seguro a barandillas, anillas en D o bolsillos para estacas, lo que proporciona flexibilidad en la estrategia de sujeci\u00f3n de la carga.<\/li>\n<li><strong>Cabrestantes de correa: <\/strong>Esenciales para tensar las correas de las plataformas, los cabrestantes de correa se montan en el lateral de un remolque y proporcionan la ventaja mec\u00e1nica necesaria para tensar las correas con seguridad. Ofrecemos varios tipos, incluidos cabrestantes deslizantes est\u00e1ndar, cabrestantes soldados y opciones port\u00e1tiles. El mantenimiento adecuado del cabrestante es clave para su longevidad y funcionamiento seguro.<\/li>\n<\/ul>\n<p>Adem\u00e1s de estos elementos b\u00e1sicos, recuerde que un sistema completo de sujeci\u00f3n de la carga tambi\u00e9n puede incluir protectores de esquinas, cadenas y amarres de transporte, barras de carga para remolques de furgonetas y maderos de estiba.<\/p>\n<h3>\u00bfPor qu\u00e9 elegir Betts para sus necesidades de control de carga?<\/h3>\n<p><a href=\"https:\/\/bettstruckparts.com\/es\/quienes-somos\/nuestra-historia\/\">Betts Truck Parts &amp; Service<\/a> es m\u00e1s que un simple proveedor de piezas; somos sus socios en un transporte seguro y eficaz. Nuestro equipo comprende la naturaleza cr\u00edtica de la normativa sobre sujeci\u00f3n de cargas y puede ayudarle a seleccionar los productos adecuados para cumplir las normas y proteger eficazmente sus cargas. Damos prioridad a:<\/p>\n<ul>\n<li><strong>Calidad y durabilidad:<\/strong> Abastecimiento de productos dise\u00f1ados para soportar los rigores del uso diario y las condiciones m\u00e1s duras.<\/li>\n<li><strong>Consejos de expertos:<\/strong> Le ayudamos a elegir los l\u00edmites de carga de trabajo (WLL) y los tipos de equipos adecuados para sus aplicaciones espec\u00edficas.<\/li>\n<li><strong>Soluciones integrales:<\/strong> Nuestro objetivo es ser su fuente de referencia para una amplia gama de accesorios para camiones y remolques.<\/li>\n<\/ul>\n<p>No deje la seguridad de su carga al azar. Equ\u00edpese con equipos de control de carga fiables y de alta calidad y aseg\u00farese de que cada carga llega como estaba previsto.<\/p>\n<p>\u00bfListo para asegurar su carga y su tranquilidad? <a href=\"https:\/\/bettstruckparts.com\/es\/contacto\/\">Contacte con Betts Truck Parts &amp; Service<\/a> hoy para solicitar un presupuesto para las correas de lona, correas de carga, ganchos en J, tornos de correa, y otros equipos de control de carga que necesita. \u00a1Perm\u00edtanos ayudarle a mantener todo bien cerrado!<\/p>\n\n\t\t<\/div>\n\t<\/div>\n<div class=\"ubtn-ctn-center\"><a class=\"ubtn-link ult-adjust-bottom-margin ubtn-center ubtn-normal\" href=\"\/es\/lugares\/\" ><button type=\"button\" id=\"ubtn-2206\"  class=\"ubtn ult-adjust-bottom-margin ult-responsive ubtn-normal ubtn-fade-bg  none  ubtn-center   tooltip-69ef3b45b2270\"  data-hover=\"#ffffff\" data-border-color=\"#ad172b\" data-bg=\"rgba(255,255,255,0.01)\" data-hover-bg=\"#ad172b\" data-border-hover=\"#ffffff\" data-shadow-hover=\"\" data-shadow-click=\"none\" data-shadow=\"\" data-shd-shadow=\"\"  data-ultimate-target='#ubtn-2206'  data-responsive-json-new='{\"font-size\":\"desktop:16px;\",\"line-height\":\"\"}'  style=\"font-weight:bold;border-radius:15px;border-width:2px;border-color:#ad172b;border-style:solid;background: rgba(255,255,255,0.01);color: #ad172b;\"><span class=\"ubtn-hover\" style=\"background-color:#ad172b\"><\/span><span class=\"ubtn-data ubtn-text\" >Buscar un lugar<\/span><\/button><\/a><\/div><\/div><\/div><\/div><\/div><\/div><\/div><\/div><\/div>\n<\/div>","protected":false},"excerpt":{"rendered":"<p>RecambiosAccesorios Recambios para camiones Recambios de frenos y ruedas Control de carga Productos qu\u00edmicos Tren de tracci\u00f3n Piezas el\u00e9ctricas Piezas de escape Piezas de iluminaci\u00f3n Piezas de seguridad Tienda de herramientas Direcci\u00f3n y suspensi\u00f3n Piezas de remolque Control de carga bajo el cap\u00f3 y en la cabina para un transporte m\u00e1s seguro Asegure su \u00e9xito Encuentre una ubicaci\u00f3n En el mundo del transporte comercial, el viaje s\u00f3lo tiene \u00e9xito si la carga llega...<\/p>","protected":false},"author":4,"featured_media":48,"parent":1008,"menu_order":0,"comment_status":"closed","ping_status":"closed","template":"template-microsite.php","meta":{"footnotes":""},"class_list":["post-406","page","type-page","status-publish","has-post-thumbnail","hentry","description-off"],"_links":{"self":[{"href":"https:\/\/bettstruckparts.com\/es\/wp-json\/wp\/v2\/pages\/406","targetHints":{"allow":["GET"]}}],"collection":[{"href":"https:\/\/bettstruckparts.com\/es\/wp-json\/wp\/v2\/pages"}],"about":[{"href":"https:\/\/bettstruckparts.com\/es\/wp-json\/wp\/v2\/types\/page"}],"author":[{"embeddable":true,"href":"https:\/\/bettstruckparts.com\/es\/wp-json\/wp\/v2\/users\/4"}],"replies":[{"embeddable":true,"href":"https:\/\/bettstruckparts.com\/es\/wp-json\/wp\/v2\/comments?post=406"}],"version-history":[{"count":0,"href":"https:\/\/bettstruckparts.com\/es\/wp-json\/wp\/v2\/pages\/406\/revisions"}],"up":[{"embeddable":true,"href":"https:\/\/bettstruckparts.com\/es\/wp-json\/wp\/v2\/pages\/1008"}],"wp:featuredmedia":[{"embeddable":true,"href":"https:\/\/bettstruckparts.com\/es\/wp-json\/wp\/v2\/media\/48"}],"wp:attachment":[{"href":"https:\/\/bettstruckparts.com\/es\/wp-json\/wp\/v2\/media?parent=406"}],"curies":[{"name":"wp","href":"https:\/\/api.w.org\/{rel}","templated":true}]}}