{"id":404,"date":"2017-12-07T01:03:58","date_gmt":"2017-12-07T01:03:58","guid":{"rendered":"https:\/\/bctps.wpengine.com\/?page_id=404"},"modified":"2025-05-04T10:58:02","modified_gmt":"2025-05-04T18:58:02","slug":"piezas-de-ruedas-de-freno","status":"publish","type":"page","link":"https:\/\/bettstruckparts.com\/es\/parts\/brake-wheel-parts\/","title":{"rendered":"Piezas de freno y ruedas"},"content":{"rendered":"<div class=\"wpb-content-wrapper\"><div class=\"vc_row wpb_row vc_row-fluid vc_custom_1523485397619 vc_row-has-fill vc_row-o-equal-height vc_row-flex\"><div class=\"wpb_column vc_column_container vc_col-sm-3 vc_col-has-fill\"><div class=\"vc_column-inner vc_custom_1510682040425\"><div class=\"wpb_wrapper\"><div  class=\"wpb_widgetised_column wpb_content_element sidebar-content\">\n\t\t<div class=\"wpb_wrapper\">\n\t\t\t\n\t\t\t<section id=\"nav_menu-5\" class=\"widget widget_nav_menu\"><div class=\"widget-title\">Piezas<\/div><div class=\"menu-parts-container\"><ul id=\"menu-parts\" class=\"menu\"><li id=\"menu-item-456\" class=\"menu-item menu-item-type-post_type menu-item-object-page menu-item-456\"><a href=\"https:\/\/bettstruckparts.com\/es\/parts\/accessories\/\">Accesorios<\/a><\/li>\n<li id=\"menu-item-455\" class=\"menu-item menu-item-type-post_type menu-item-object-page menu-item-455\"><a href=\"https:\/\/bettstruckparts.com\/es\/parts\/aftermarket-truck-parts\/\">Recambios para camiones<\/a><\/li>\n<li id=\"menu-item-454\" class=\"menu-item menu-item-type-post_type menu-item-object-page menu-item-454\"><a href=\"https:\/\/bettstruckparts.com\/es\/parts\/brake-wheel-parts\/\">Piezas de freno y ruedas<\/a><\/li>\n<li id=\"menu-item-453\" class=\"menu-item menu-item-type-post_type menu-item-object-page menu-item-453\"><a href=\"https:\/\/bettstruckparts.com\/es\/parts\/cargo-control\/\">Control de carga<\/a><\/li>\n<li id=\"menu-item-452\" class=\"menu-item menu-item-type-post_type menu-item-object-page menu-item-452\"><a href=\"https:\/\/bettstruckparts.com\/es\/parts\/chemicals\/\">Productos qu\u00edmicos<\/a><\/li>\n<li id=\"menu-item-451\" class=\"menu-item menu-item-type-post_type menu-item-object-page menu-item-451\"><a href=\"https:\/\/bettstruckparts.com\/es\/parts\/drivetrain\/\">Transmisi\u00f3n<\/a><\/li>\n<li id=\"menu-item-450\" class=\"menu-item menu-item-type-post_type menu-item-object-page menu-item-450\"><a href=\"https:\/\/bettstruckparts.com\/es\/parts\/electrical-parts\/\">Piezas el\u00e9ctricas<\/a><\/li>\n<li id=\"menu-item-449\" class=\"menu-item menu-item-type-post_type menu-item-object-page menu-item-449\"><a href=\"https:\/\/bettstruckparts.com\/es\/parts\/exhaust-parts\/\">Piezas de escape<\/a><\/li>\n<li id=\"menu-item-448\" class=\"menu-item menu-item-type-post_type menu-item-object-page menu-item-448\"><a href=\"https:\/\/bettstruckparts.com\/es\/parts\/lighting-parts\/\">Piezas de iluminaci\u00f3n<\/a><\/li>\n<li id=\"menu-item-447\" class=\"menu-item menu-item-type-post_type menu-item-object-page menu-item-447\"><a href=\"https:\/\/bettstruckparts.com\/es\/parts\/safety\/\">Seguridad<\/a><\/li>\n<li id=\"menu-item-446\" class=\"menu-item menu-item-type-post_type menu-item-object-page menu-item-446\"><a href=\"https:\/\/bettstruckparts.com\/es\/parts\/shop-tools\/\">Herramientas<\/a><\/li>\n<li id=\"menu-item-445\" class=\"menu-item menu-item-type-post_type menu-item-object-page menu-item-445\"><a href=\"https:\/\/bettstruckparts.com\/es\/parts\/steering-suspension\/\">Direcci\u00f3n y suspensi\u00f3n<\/a><\/li>\n<li id=\"menu-item-444\" class=\"menu-item menu-item-type-post_type menu-item-object-page menu-item-444\"><a href=\"https:\/\/bettstruckparts.com\/es\/parts\/trailer-parts\/\">Piezas de remolque<\/a><\/li>\n<li id=\"menu-item-443\" class=\"menu-item menu-item-type-post_type menu-item-object-page menu-item-443\"><a href=\"https:\/\/bettstruckparts.com\/es\/parts\/under-hood-in-cab\/\">Bajo el cap\u00f3 y en la cabina<\/a><\/li>\n<\/ul><\/div><\/section>\n\t\t<\/div>\n\t<\/div>\n<\/div><\/div><\/div><div class=\"wpb_column vc_column_container vc_col-sm-9\"><div class=\"vc_column-inner vc_custom_1510682076814\"><div class=\"wpb_wrapper\"><div class=\"vc_row wpb_row vc_inner vc_row-fluid\"><div class=\"wpb_column vc_column_container vc_col-sm-12\"><div class=\"vc_column-inner vc_custom_1486667994280\"><div class=\"wpb_wrapper\">\n\t<div class=\"wpb_text_column wpb_content_element\" >\n\t\t<div class=\"wpb_wrapper\">\n\t\t\t<h1 style=\"text-align: center;\">Piezas de freno y ruedas premium para camiones pesados<\/h1>\n<h2 style=\"text-align: center;\">Garantizando una potencia de frenado fiable para su veh\u00edculo comercial de clase 8<\/h2>\n\n\t\t<\/div>\n\t<\/div>\n<div class=\"ubtn-ctn-center\"><a class=\"ubtn-link ult-adjust-bottom-margin ubtn-center ubtn-normal\" href=\"\/es\/lugares\/\" ><button type=\"button\" id=\"ubtn-6390\"  class=\"ubtn ult-adjust-bottom-margin ult-responsive ubtn-normal ubtn-fade-bg  none  ubtn-center   tooltip-69ec95736c753\"  data-hover=\"#ffffff\" data-border-color=\"#ad172b\" data-bg=\"rgba(255,255,255,0.01)\" data-hover-bg=\"#ad172b\" data-border-hover=\"#ffffff\" data-shadow-hover=\"\" data-shadow-click=\"none\" data-shadow=\"\" data-shd-shadow=\"\"  data-ultimate-target='#ubtn-6390'  data-responsive-json-new='{\"font-size\":\"desktop:16px;\",\"line-height\":\"\"}'  style=\"font-weight:bold;border-radius:15px;border-width:2px;border-color:#ad172b;border-style:solid;background: rgba(255,255,255,0.01);color: #ad172b;\"><span class=\"ubtn-hover\" style=\"background-color:#ad172b\"><\/span><span class=\"ubtn-data ubtn-text\" >Buscar un lugar<\/span><\/button><\/a><\/div>\n\t<div class=\"wpb_text_column wpb_content_element  vc_custom_1746385001142\" >\n\t\t<div class=\"wpb_wrapper\">\n\t\t\t<p>En el exigente mundo de los camiones comerciales, la seguridad y el rendimiento no son negociables. Pocos sistemas son m\u00e1s cr\u00edticos para un funcionamiento seguro que los frenos y los extremos de las ruedas de su cami\u00f3n. Para los veh\u00edculos de la Clase 8 que transportan cargas pesadas a largas distancias, contar con componentes de frenado fiables y de alto rendimiento y ruedas duraderas no s\u00f3lo es importante, sino esencial. Unos frenos defectuosos o unas ruedas da\u00f1adas pueden provocar fallos catastr\u00f3ficos, costosos tiempos de inactividad e importantes riesgos para la seguridad.<br \/>\nBetts Truck Parts &amp; Service entiende la naturaleza cr\u00edtica de estos componentes. Es por eso que mantenemos un inventario grande y completo de piezas de frenos de servicio pesado, ruedas y componentes relacionados con el extremo de la rueda espec\u00edficamente para veh\u00edculos comerciales Clase 8. Estamos comprometidos a proporcionar s\u00f3lo de alta calidad, piezas fiables que cumplan o superen las especificaciones del OEM, asegurando que su equipo tiene la potencia de frenado y la estabilidad que necesita.<\/p>\n<h3>Por qu\u00e9 son importantes los componentes de calidad para frenos y ruedas<\/h3>\n<p>Invertir en piezas de primera calidad para frenos y ruedas ofrece ventajas significativas:<\/p>\n<ul>\n<li><strong>Mayor seguridad:<\/strong> La calidad superior de los materiales y la fabricaci\u00f3n se traduce en distancias de frenado m\u00e1s fiables, una mejor disipaci\u00f3n del calor (lo que reduce el desvanecimiento de los frenos) y, en general, una mayor seguridad en la carretera.<\/li>\n<li><strong>Rendimiento mejorado:<\/strong> Los componentes de alta calidad garantizan un rendimiento de frenado constante en diversas condiciones de carga y de la carretera.<\/li>\n<li><strong>Mayor durabilidad<\/strong>: Las piezas de alta resistencia est\u00e1n fabricadas para soportar las tensiones extremas del transporte comercial por carretera, lo que prolonga la vida \u00fatil y reduce la frecuencia de sustituci\u00f3n.<\/li>\n<li><strong>Reducci\u00f3n del tiempo de inactividad:<\/strong> Los componentes fiables minimizan el riesgo de fallos inesperados, manteniendo su cami\u00f3n en la carretera y generando ingresos.<\/li>\n<li><strong>Conformidad:<\/strong> El uso de piezas adecuadas y en buen estado ayuda a garantizar el cumplimiento de la normativa DOT y las normas de inspecci\u00f3n.<\/li>\n<\/ul>\n<h3>C\u00f3mo saber cu\u00e1ndo necesita un servicio de mantenimiento de frenos o ruedas<\/h3>\n<p>Sea proactivo en el mantenimiento. Preste atenci\u00f3n a estos signos comunes de que los frenos o los extremos de las ruedas de su cami\u00f3n pueden requerir una inspecci\u00f3n o piezas de repuesto:<\/p>\n<ul>\n<li><strong>Ruido de los frenos:<\/strong> Chirridos o chasquidos al frenar.<\/li>\n<li><strong>Potencia de frenado reducida:<\/strong> Aumento de la distancia de frenado o sensaci\u00f3n de pedal de freno \"esponjoso\".<\/li>\n<li><strong>Tirando:<\/strong> El cami\u00f3n tira hacia un lado al frenar.<\/li>\n<li><strong>Vibraciones:<\/strong> Temblores o vibraciones percibidos a trav\u00e9s del volante o del pedal del freno.<\/li>\n<li><strong>Luces de advertencia:<\/strong> Iluminaci\u00f3n de las luces de advertencia del ABS o del sistema de frenos en el salpicadero.<\/li>\n<li><strong>Desgaste o da\u00f1os visibles:<\/strong> Grietas en los tambores o rotores de freno, desgaste excesivo de las zapatas\/pastillas de freno o da\u00f1os visibles en las ruedas.<\/li>\n<li><strong>Fuga de aire:<\/strong> Sonidos sibilantes que indican fugas en el sistema de frenos de aire.<\/li>\n<li><strong>Fugas en los sellos de las ruedas:<\/strong> Fugas de grasa o aceite por el extremo de la rueda.<\/li>\n<\/ul>\n<p>Para mantener la seguridad y la eficacia operativa, es crucial resolver estos problemas r\u00e1pidamente con piezas de repuesto de calidad.<\/p>\n<h3>Su fuente de piezas de frenos y ruedas para semirremolques - Todas las marcas y modelos<\/h3>\n<p>Encontrar las piezas correctas para su cami\u00f3n espec\u00edfico puede ser un reto. En Betts Truck Parts &amp; Service, simplificamos el proceso. Si usted conduce un Peterbilt, Kenworth, Freightliner, International, Volvo, Mack, u otra marca, nos esforzamos por tener la <a href=\"https:\/\/bettstruckparts.com\/es\/piezas\/\">piezas y ruedas resistentes<\/a> que necesitas.<br \/>\nNos asociamos con fabricantes l\u00edderes del sector conocidos por su calidad y fiabilidad, lo que le garantiza que recibir\u00e1 componentes en los que puede confiar. Nuestro inventario incluye piezas de las mejores marcas como:<\/p>\n<ul>\n<li><strong>Bendix<\/strong><\/li>\n<li><strong>Meritor<\/strong><\/li>\n<li><strong>Otras marcas clave que tenemos en stock, por ejemplo, Haldex, Webb Wheel, Accuride<\/strong><\/li>\n<\/ul>\n<p>Ofrecemos una amplia selecci\u00f3n de piezas de repuesto, actualizaciones de alto rendimiento y todo el hardware necesario para ayudarle a conseguir un rendimiento y una seguridad \u00f3ptimos de los sistemas de frenos y ruedas de su cami\u00f3n.<\/p>\n<h3>Amplio inventario de componentes para sistemas de frenos y extremos de rueda<\/h3>\n<p>Nuestro compromiso de ser su ventanilla \u00fanica significa disponer de una amplia gama de componentes. Nuestra amplia selecci\u00f3n de <a href=\"https:\/\/bettstruckparts.com\/es\/piezas\/piezas-de-ruedas-de-freno\/\">piezas de freno y piezas de rueda para cargas pesadas<\/a> y ruedas incluye, pero no se limita a:<br \/>\n<strong>Componentes del sistema de frenos de aire:<\/strong><\/p>\n<ul>\n<li>Mangueras y tubos para frenos de aire<\/li>\n<li>Dep\u00f3sitos de aire<\/li>\n<li>Compresores de aire y reguladores<\/li>\n<li>Secadores de aire y cartuchos<\/li>\n<li>Abrazaderas, accesorios y v\u00e1lvulas (rel\u00e9, cierre r\u00e1pido, freno de muelle, etc.)<\/li>\n<\/ul>\n<p><strong>Frenos de cimentaci\u00f3n:<\/strong><\/p>\n<ul>\n<li>Tambores de freno<\/li>\n<li>Zapatas de freno (nuevas y refabricadas)<\/li>\n<li>\u00c1rboles de levas de freno y kits de reparaci\u00f3n<\/li>\n<li>Ajustadores de holgura (manuales y autom\u00e1ticos)<\/li>\n<li>C\u00e1maras de freno (frenos de servicio y de muelle)<\/li>\n<\/ul>\n<p><strong>Componentes de los extremos de las ruedas:<\/strong><\/p>\n<ul>\n<li>Bujes (conjuntos de buje)<\/li>\n<li>Cojinetes de rueda (copas y conos)<\/li>\n<li>Retenes de rueda<\/li>\n<li>Tuercas de husillo y arandelas<\/li>\n<li>Esp\u00e1rragos y tuercas de rueda (con buje y con esp\u00e1rrago)<\/li>\n<li>Llantas de acero y aluminio<\/li>\n<li>Rotores (para sistemas de frenos de disco neum\u00e1ticos)<\/li>\n<\/ul>\n<p><strong>Hardware y accesorios esenciales:<\/strong><\/p>\n<ul>\n<li>Juntas y bujes<\/li>\n<li>Kits de herrajes (muelles, rodillos, retenedores)<\/li>\n<li>Componentes ABS (sensores, v\u00e1lvulas)<\/li>\n<li>Conf\u00ede en Betts para sus necesidades de frenado<\/li>\n<\/ul>\n<p>No se comprometa cuando se trata de los sistemas cr\u00edticos que mantienen su cami\u00f3n rodando con seguridad. Betts Truck Parts &amp; Service combina un enorme inventario de piezas de frenos y ruedas de alta calidad de fabricantes de confianza con d\u00e9cadas de experiencia en la industria. Nuestros especialistas en piezas pueden ayudarle a identificar los componentes exactos que necesita para su aplicaci\u00f3n espec\u00edfica.<br \/>\n<a href=\"https:\/\/bettstruckparts.com\/es\/contacto\/\">Contacto - Contacte con Betts Truck Parts &amp; Service<\/a> hoy mismo para informarse sobre la disponibilidad de piezas, obtener asesoramiento de expertos o encontrar uno de nuestros <a href=\"https:\/\/bettstruckparts.com\/es\/lugares\/\">ubicaciones - sucursales convenientes<\/a> en California, Arizona y Oreg\u00f3n. Estamos aqu\u00ed para ayudarle a mantener una potencia de frenado fiable.<\/p>\n\n\t\t<\/div>\n\t<\/div>\n<div class=\"ubtn-ctn-center\"><a class=\"ubtn-link ult-adjust-bottom-margin ubtn-center ubtn-normal\" href=\"\/es\/lugares\/\" ><button type=\"button\" id=\"ubtn-2042\"  class=\"ubtn ult-adjust-bottom-margin ult-responsive ubtn-normal ubtn-fade-bg  none  ubtn-center   tooltip-69ec95736c88d\"  data-hover=\"#ffffff\" data-border-color=\"#ad172b\" data-bg=\"rgba(255,255,255,0.01)\" data-hover-bg=\"#ad172b\" data-border-hover=\"#ffffff\" data-shadow-hover=\"\" data-shadow-click=\"none\" data-shadow=\"\" data-shd-shadow=\"\"  data-ultimate-target='#ubtn-2042'  data-responsive-json-new='{\"font-size\":\"desktop:16px;\",\"line-height\":\"\"}'  style=\"font-weight:bold;border-radius:15px;border-width:2px;border-color:#ad172b;border-style:solid;background: rgba(255,255,255,0.01);color: #ad172b;\"><span class=\"ubtn-hover\" style=\"background-color:#ad172b\"><\/span><span class=\"ubtn-data ubtn-text\" >Buscar un lugar<\/span><\/button><\/a><\/div><\/div><\/div><\/div><\/div><\/div><\/div><\/div><\/div>\n<\/div>","protected":false},"excerpt":{"rendered":"<p>RecambiosAccesorios Recambios para camiones Recambios de frenos y llantas Control de carga Productos qu\u00edmicos Tren de transmisi\u00f3n Piezas el\u00e9ctricas Piezas de escape Piezas de iluminaci\u00f3n Piezas de seguridad Tienda Herramientas Direcci\u00f3n y suspensi\u00f3n Piezas para remolques Piezas para debajo del cap\u00f3 y en la cabina Piezas de frenos y llantas Premium para camiones pesados Garantizar una potencia de frenado fiable para su veh\u00edculo comercial de clase 8 Buscar una ubicaci\u00f3n En el exigente mundo de los...<\/p>","protected":false},"author":4,"featured_media":48,"parent":1008,"menu_order":0,"comment_status":"closed","ping_status":"closed","template":"template-microsite.php","meta":{"footnotes":""},"class_list":["post-404","page","type-page","status-publish","has-post-thumbnail","hentry","description-off"],"_links":{"self":[{"href":"https:\/\/bettstruckparts.com\/es\/wp-json\/wp\/v2\/pages\/404","targetHints":{"allow":["GET"]}}],"collection":[{"href":"https:\/\/bettstruckparts.com\/es\/wp-json\/wp\/v2\/pages"}],"about":[{"href":"https:\/\/bettstruckparts.com\/es\/wp-json\/wp\/v2\/types\/page"}],"author":[{"embeddable":true,"href":"https:\/\/bettstruckparts.com\/es\/wp-json\/wp\/v2\/users\/4"}],"replies":[{"embeddable":true,"href":"https:\/\/bettstruckparts.com\/es\/wp-json\/wp\/v2\/comments?post=404"}],"version-history":[{"count":0,"href":"https:\/\/bettstruckparts.com\/es\/wp-json\/wp\/v2\/pages\/404\/revisions"}],"up":[{"embeddable":true,"href":"https:\/\/bettstruckparts.com\/es\/wp-json\/wp\/v2\/pages\/1008"}],"wp:featuredmedia":[{"embeddable":true,"href":"https:\/\/bettstruckparts.com\/es\/wp-json\/wp\/v2\/media\/48"}],"wp:attachment":[{"href":"https:\/\/bettstruckparts.com\/es\/wp-json\/wp\/v2\/media?parent=404"}],"curies":[{"name":"wp","href":"https:\/\/api.w.org\/{rel}","templated":true}]}}