{"id":402,"date":"2017-12-07T01:03:03","date_gmt":"2017-12-07T01:03:03","guid":{"rendered":"https:\/\/bctps.wpengine.com\/?page_id=402"},"modified":"2025-05-25T09:34:19","modified_gmt":"2025-05-25T17:34:19","slug":"recambios-para-camiones","status":"publish","type":"page","link":"https:\/\/bettstruckparts.com\/es\/parts\/aftermarket-truck-parts\/","title":{"rendered":"Recambios para camiones"},"content":{"rendered":"<div class=\"wpb-content-wrapper\"><div class=\"vc_row wpb_row vc_row-fluid vc_custom_1523486949614 vc_row-has-fill vc_row-o-equal-height vc_row-flex\"><div class=\"wpb_column vc_column_container vc_col-sm-3 vc_col-has-fill\"><div class=\"vc_column-inner vc_custom_1510682040425\"><div class=\"wpb_wrapper\"><div  class=\"wpb_widgetised_column wpb_content_element sidebar-content\">\n\t\t<div class=\"wpb_wrapper\">\n\t\t\t\n\t\t\t<section id=\"nav_menu-5\" class=\"widget widget_nav_menu\"><div class=\"widget-title\">Piezas<\/div><div class=\"menu-parts-container\"><ul id=\"menu-parts\" class=\"menu\"><li id=\"menu-item-456\" class=\"menu-item menu-item-type-post_type menu-item-object-page menu-item-456\"><a href=\"https:\/\/bettstruckparts.com\/es\/parts\/accessories\/\">Accesorios<\/a><\/li>\n<li id=\"menu-item-455\" class=\"menu-item menu-item-type-post_type menu-item-object-page menu-item-455\"><a href=\"https:\/\/bettstruckparts.com\/es\/parts\/aftermarket-truck-parts\/\">Recambios para camiones<\/a><\/li>\n<li id=\"menu-item-454\" class=\"menu-item menu-item-type-post_type menu-item-object-page menu-item-454\"><a href=\"https:\/\/bettstruckparts.com\/es\/parts\/brake-wheel-parts\/\">Piezas de freno y ruedas<\/a><\/li>\n<li id=\"menu-item-453\" class=\"menu-item menu-item-type-post_type menu-item-object-page menu-item-453\"><a href=\"https:\/\/bettstruckparts.com\/es\/parts\/cargo-control\/\">Control de carga<\/a><\/li>\n<li id=\"menu-item-452\" class=\"menu-item menu-item-type-post_type menu-item-object-page menu-item-452\"><a href=\"https:\/\/bettstruckparts.com\/es\/parts\/chemicals\/\">Productos qu\u00edmicos<\/a><\/li>\n<li id=\"menu-item-451\" class=\"menu-item menu-item-type-post_type menu-item-object-page menu-item-451\"><a href=\"https:\/\/bettstruckparts.com\/es\/parts\/drivetrain\/\">Transmisi\u00f3n<\/a><\/li>\n<li id=\"menu-item-450\" class=\"menu-item menu-item-type-post_type menu-item-object-page menu-item-450\"><a href=\"https:\/\/bettstruckparts.com\/es\/parts\/electrical-parts\/\">Piezas el\u00e9ctricas<\/a><\/li>\n<li id=\"menu-item-449\" class=\"menu-item menu-item-type-post_type menu-item-object-page menu-item-449\"><a href=\"https:\/\/bettstruckparts.com\/es\/parts\/exhaust-parts\/\">Piezas de escape<\/a><\/li>\n<li id=\"menu-item-448\" class=\"menu-item menu-item-type-post_type menu-item-object-page menu-item-448\"><a href=\"https:\/\/bettstruckparts.com\/es\/parts\/lighting-parts\/\">Piezas de iluminaci\u00f3n<\/a><\/li>\n<li id=\"menu-item-447\" class=\"menu-item menu-item-type-post_type menu-item-object-page menu-item-447\"><a href=\"https:\/\/bettstruckparts.com\/es\/parts\/safety\/\">Seguridad<\/a><\/li>\n<li id=\"menu-item-446\" class=\"menu-item menu-item-type-post_type menu-item-object-page menu-item-446\"><a href=\"https:\/\/bettstruckparts.com\/es\/parts\/shop-tools\/\">Herramientas<\/a><\/li>\n<li id=\"menu-item-445\" class=\"menu-item menu-item-type-post_type menu-item-object-page menu-item-445\"><a href=\"https:\/\/bettstruckparts.com\/es\/parts\/steering-suspension\/\">Direcci\u00f3n y suspensi\u00f3n<\/a><\/li>\n<li id=\"menu-item-444\" class=\"menu-item menu-item-type-post_type menu-item-object-page menu-item-444\"><a href=\"https:\/\/bettstruckparts.com\/es\/parts\/trailer-parts\/\">Piezas de remolque<\/a><\/li>\n<li id=\"menu-item-443\" class=\"menu-item menu-item-type-post_type menu-item-object-page menu-item-443\"><a href=\"https:\/\/bettstruckparts.com\/es\/parts\/under-hood-in-cab\/\">Bajo el cap\u00f3 y en la cabina<\/a><\/li>\n<\/ul><\/div><\/section>\n\t\t<\/div>\n\t<\/div>\n<\/div><\/div><\/div><div class=\"wpb_column vc_column_container vc_col-sm-9\"><div class=\"vc_column-inner vc_custom_1510682076814\"><div class=\"wpb_wrapper\"><div class=\"vc_row wpb_row vc_inner vc_row-fluid\"><div class=\"wpb_column vc_column_container vc_col-sm-12\"><div class=\"vc_column-inner vc_custom_1486667994280\"><div class=\"wpb_wrapper\">\n\t<div class=\"wpb_text_column wpb_content_element\" >\n\t\t<div class=\"wpb_wrapper\">\n\t\t\t<h1 style=\"text-align: center;\">Libere el poder de las piezas de recambio para camiones<\/h1>\n<h2 style=\"text-align: center;\">Encuentre calidad y rendimiento en Betts<\/h2>\n\n\t\t<\/div>\n\t<\/div>\n<div class=\"ubtn-ctn-center\"><a class=\"ubtn-link ult-adjust-bottom-margin ubtn-center ubtn-normal\" href=\"https:\/\/bettstruckparts.com\/es\/contacto\/\" ><button type=\"button\" id=\"ubtn-3030\"  class=\"ubtn ult-adjust-bottom-margin ult-responsive ubtn-normal ubtn-fade-bg  none  ubtn-center   tooltip-69f5c964b63bf\"  data-hover=\"#ffffff\" data-border-color=\"#ad172b\" data-bg=\"rgba(255,255,255,0.01)\" data-hover-bg=\"#ad172b\" data-border-hover=\"#ffffff\" data-shadow-hover=\"\" data-shadow-click=\"none\" data-shadow=\"\" data-shd-shadow=\"\"  data-ultimate-target='#ubtn-3030'  data-responsive-json-new='{\"font-size\":\"desktop:16px;\",\"line-height\":\"\"}'  style=\"font-weight:bold;border-radius:15px;border-width:2px;border-color:#ad172b;border-style:solid;background: rgba(255,255,255,0.01);color: #ad172b;\"><span class=\"ubtn-hover\" style=\"background-color:#ad172b\"><\/span><span class=\"ubtn-data ubtn-text\" >Contacte con nosotros<\/span><\/button><\/a><\/div>\n\t<div class=\"wpb_text_column wpb_content_element  vc_custom_1748194457013\" >\n\t\t<div class=\"wpb_wrapper\">\n\t\t\t<p>En el exigente mundo del transporte por carretera, es fundamental que su cami\u00f3n funcione sin problemas y con eficacia. Tanto si es usted un propietario-operador que recorre largas distancias como un gestor de flota que supervisa una operaci\u00f3n compleja, la calidad y fiabilidad de los recambios de su cami\u00f3n repercuten directamente en su cuenta de resultados y en su seguridad. Ah\u00ed es donde entran en juego las piezas de recambio para camiones, que ofrecen una alternativa rentable y de alto rendimiento a los componentes OEM. En Betts Truck Parts &amp; Service, somos su fuente de confianza para una amplia selecci\u00f3n de piezas de repuesto de alta calidad para camiones y remolques, dise\u00f1adas para satisfacer las rigurosas exigencias de los veh\u00edculos de Clase 8 y m\u00e1s all\u00e1.<\/p>\n<h3>\u00bfPor qu\u00e9 elegir piezas de recambio para camiones?<\/h3>\n<p>Mientras que las piezas de los fabricantes de equipos originales (OEM) ofrecen una cantidad conocida, las opciones del mercado de recambios ofrecen una atractiva combinaci\u00f3n de valor e innovaci\u00f3n. A continuaci\u00f3n te explicamos por qu\u00e9 los camioneros expertos recurren cada vez m\u00e1s a las soluciones posventa:<\/p>\n<ul>\n<li><strong>Rentabilidad:<\/strong> Las piezas de recambio suelen tener un precio m\u00e1s atractivo que las piezas originales. Esto le permite estirar m\u00e1s su presupuesto de mantenimiento, maximizando la rentabilidad sin comprometer la calidad.<\/li>\n<li><strong>Mejora del rendimiento:<\/strong> Muchos fabricantes de recambios se centran en conseguir un rendimiento y una durabilidad superiores. Pueden utilizar materiales avanzados o dise\u00f1os innovadores para mejorar las especificaciones originales del OEM, lo que se traduce en un mejor manejo, una mayor potencia de frenado y una mayor vida \u00fatil de las piezas.<\/li>\n<li><strong>Mayor disponibilidad y selecci\u00f3n:<\/strong> El mercado de recambios ofrece una gama mucho m\u00e1s amplia de piezas de diversos fabricantes. Esta amplia selecci\u00f3n le ofrece m\u00e1s opciones para encontrar la pieza perfecta para sus necesidades y preferencias espec\u00edficas.<\/li>\n<li><strong>Dise\u00f1o innovador:<\/strong> Las empresas de recambios suelen tener flexibilidad para innovar e introducir nuevas caracter\u00edsticas o dise\u00f1os con mayor rapidez que los fabricantes de equipos originales. Esto puede traducirse en un mejor rendimiento, una instalaci\u00f3n m\u00e1s sencilla o una mayor funcionalidad.<\/li>\n<li><strong>Sustituci\u00f3n directa y actualizaciones:<\/strong> Las piezas de recambio para camiones no s\u00f3lo sirven para sustituir componentes desgastados, sino tambi\u00e9n para mejorar el rendimiento y la funcionalidad de su cami\u00f3n. Desde pastillas de freno de alto rendimiento hasta avanzados sistemas de control de carga, puedes personalizar tu cami\u00f3n para satisfacer tus necesidades espec\u00edficas de transporte.<\/li>\n<\/ul>\n<h3>Betts: Su tienda integral de recambios para camiones<\/h3>\n<p>En Betts Truck Parts &amp; Service, entendemos el papel cr\u00edtico que juegan las piezas de calidad en el \u00e9xito de su operaci\u00f3n de transporte por carretera. Estamos comprometidos a proporcionarle una amplia selecci\u00f3n de piezas de repuesto de alta calidad para camiones y remolques de los principales fabricantes. Ya sea que necesite componentes de mantenimiento de rutina o actualizaciones especializadas, lo tenemos cubierto.<\/p>\n<h3><strong>Nuestro extenso inventario incluye:<\/strong><\/h3>\n<ul>\n<li><strong>Colgadores de guardabarros<\/strong>: Colgadores de guardabarros duraderos y fiables para mantener su cami\u00f3n conforme a las normas y proteger a otros veh\u00edculos en la carretera. Elija entre una variedad de estilos y materiales para adaptarse a sus necesidades espec\u00edficas.<\/li>\n<li><strong><a href=\"https:\/\/bettstruckparts.com\/es\/piezas\/control-de-carga\/\">Soluciones de control de carga<\/a>:<\/strong> Asegure su carga de forma segura y eficaz con nuestra amplia gama de productos de control de carga, incluidas correas, cadenas, ataduras y amarres.<\/li>\n<li><strong><a href=\"https:\/\/bettstruckparts.com\/es\/piezas\/piezas-de-ruedas-de-freno\/\">Pastillas de freno<\/a>:<\/strong> Experimente una potencia de frenado superior y una mayor vida \u00fatil de las pastillas con nuestras pastillas de freno posventa premium. Ofrecemos una variedad de materiales de fricci\u00f3n para adaptarse a sus condiciones de conducci\u00f3n y requisitos de carga.<\/li>\n<li><strong><a href=\"https:\/\/bettstruckparts.com\/es\/piezas\/piezas-electricas\/\">Componentes del sistema el\u00e9ctrico<\/a>:<\/strong> Mantenga el sistema el\u00e9ctrico de su cami\u00f3n funcionando a la perfecci\u00f3n con nuestra selecci\u00f3n de bater\u00edas, alternadores, motores de arranque, luces y componentes de cableado.<\/li>\n<li><strong><a href=\"https:\/\/bettstruckparts.com\/es\/piezas\/suspension-de-la-direccion\/\">Componentes de suspensi\u00f3n<\/a>:<\/strong> Garantice una conducci\u00f3n suave y estable con nuestra gama de piezas de suspensi\u00f3n de recambio, incluidos amortiguadores, muelles, bolsas de aire y bujes.<\/li>\n<li><strong><a href=\"https:\/\/bettstruckparts.com\/es\/piezas\/piezas-de-iluminacion\/\">Iluminaci\u00f3n de camiones<\/a>:<\/strong> Ilumine la carretera con nuestra amplia selecci\u00f3n de luces LED, hal\u00f3genas e incandescentes, incluidos faros delanteros, traseros y de se\u00f1alizaci\u00f3n.<\/li>\n<li><strong>M\u00e1s all\u00e1 de las piezas:<\/strong> Servicio y experiencia<\/li>\n<\/ul>\n<p>En Betts Truck Parts &amp; Service, somos m\u00e1s que un simple distribuidor de piezas. Somos un socio de servicio completo dedicado a apoyar su operaci\u00f3n de camiones. Nuestro equipo de expertos puede ayudarle a encontrar las piezas adecuadas para sus necesidades espec\u00edficas, responder a sus preguntas t\u00e9cnicas y proporcionar asesoramiento experto sobre mantenimiento y reparaci\u00f3n.<\/p>\n<h3>Por qu\u00e9 Betts es su fuente de confianza:<\/h3>\n<ul>\n<li><strong>Amplio inventario:<\/strong> Disponemos de una amplia gama de piezas de repuesto para camiones y remolques para satisfacer sus diversas necesidades.<\/li>\n<li><strong>Productos de calidad:<\/strong> Nuestras piezas proceden de fabricantes de renombre conocidos por su calidad y fiabilidad.<\/li>\n<li><strong>Consejos de expertos:<\/strong> Nuestro equipo de expertos est\u00e1 aqu\u00ed para ayudarle a encontrar las piezas adecuadas y responder a sus preguntas.<\/li>\n<li><strong>Env\u00edo r\u00e1pido:<\/strong> Ofrecemos un env\u00edo r\u00e1pido y fiable para conseguirle r\u00e1pidamente las piezas que necesita.<\/li>\n<li><strong>Atenci\u00f3n al cliente excepcional:<\/strong> Nos comprometemos a ofrecerle una experiencia positiva y sin complicaciones.<\/li>\n<\/ul>\n<p>Invertir en piezas de recambio de alta calidad es una forma inteligente de optimizar el rendimiento de su cami\u00f3n, reducir los costes de mantenimiento y maximizar su rentabilidad. Conf\u00ede en Betts Truck Parts &amp; Service para ser su socio en el \u00e9xito, proporcion\u00e1ndole las piezas, el servicio y la experiencia que necesita para mantener su veh\u00edculo Clase 8 funcionando fuerte milla tras milla. <a href=\"https:\/\/bettstruckparts.com\/es\/contacto\/\">P\u00f3ngase en contacto con nosotros<\/a> hoy mismo para obtener m\u00e1s informaci\u00f3n sobre nuestro amplio inventario y sobre c\u00f3mo podemos ayudarle a mejorar sus operaciones de transporte por carretera.<\/p>\n\n\t\t<\/div>\n\t<\/div>\n<div class=\"ubtn-ctn-center\"><a class=\"ubtn-link ult-adjust-bottom-margin ubtn-center ubtn-normal\" href=\"\/es\/lugares\/\" ><button type=\"button\" id=\"ubtn-2395\"  class=\"ubtn ult-adjust-bottom-margin ult-responsive ubtn-normal ubtn-fade-bg  none  ubtn-center   tooltip-69f5c964b6523\"  data-hover=\"#ffffff\" data-border-color=\"#ad172b\" data-bg=\"rgba(255,255,255,0.01)\" data-hover-bg=\"#ad172b\" data-border-hover=\"#ffffff\" data-shadow-hover=\"\" data-shadow-click=\"none\" data-shadow=\"\" data-shd-shadow=\"\"  data-ultimate-target='#ubtn-2395'  data-responsive-json-new='{\"font-size\":\"desktop:16px;\",\"line-height\":\"\"}'  style=\"font-weight:bold;border-radius:15px;border-width:2px;border-color:#ad172b;border-style:solid;background: rgba(255,255,255,0.01);color: #ad172b;\"><span class=\"ubtn-hover\" style=\"background-color:#ad172b\"><\/span><span class=\"ubtn-data ubtn-text\" >Buscar un lugar<\/span><\/button><\/a><\/div><div class=\"ubtn-ctn-center\"><a class=\"ubtn-link ult-adjust-bottom-margin ubtn-center ubtn-normal\" href=\"https:\/\/bettstruckparts.com\/es\/contacto\/\" ><button type=\"button\" id=\"ubtn-8760\"  class=\"ubtn ult-adjust-bottom-margin ult-responsive ubtn-normal ubtn-fade-bg  none  ubtn-center   tooltip-69f5c964b655f\"  data-hover=\"#ffffff\" data-border-color=\"#ad172b\" data-bg=\"rgba(255,255,255,0.01)\" data-hover-bg=\"#ad172b\" data-border-hover=\"#ffffff\" data-shadow-hover=\"\" data-shadow-click=\"none\" data-shadow=\"\" data-shd-shadow=\"\"  data-ultimate-target='#ubtn-8760'  data-responsive-json-new='{\"font-size\":\"desktop:16px;\",\"line-height\":\"\"}'  style=\"font-weight:bold;border-radius:15px;border-width:2px;border-color:#ad172b;border-style:solid;background: rgba(255,255,255,0.01);color: #ad172b;\"><span class=\"ubtn-hover\" style=\"background-color:#ad172b\"><\/span><span class=\"ubtn-data ubtn-text\" >Contacte con nosotros<\/span><\/button><\/a><\/div><\/div><\/div><\/div><\/div><\/div><\/div><\/div><\/div>\n<\/div>","protected":false},"excerpt":{"rendered":"<p>RecambiosAccesorios Recambios para camiones Recambios de frenos y ruedas Control de carga Productos qu\u00edmicos Tren de transmisi\u00f3n Piezas el\u00e9ctricas Piezas de escape Piezas de iluminaci\u00f3n Piezas de seguridad Tienda de herramientas Direcci\u00f3n y suspensi\u00f3n Piezas para remolques Piezas bajo el cap\u00f3 y en la cabina Libere el poder de los recambios para camiones Encuentre calidad y rendimiento en Betts Contacto En el exigente mundo de los camiones, mantener su...<\/p>","protected":false},"author":4,"featured_media":48,"parent":1008,"menu_order":0,"comment_status":"closed","ping_status":"closed","template":"template-microsite.php","meta":{"footnotes":""},"class_list":["post-402","page","type-page","status-publish","has-post-thumbnail","hentry","description-off"],"_links":{"self":[{"href":"https:\/\/bettstruckparts.com\/es\/wp-json\/wp\/v2\/pages\/402","targetHints":{"allow":["GET"]}}],"collection":[{"href":"https:\/\/bettstruckparts.com\/es\/wp-json\/wp\/v2\/pages"}],"about":[{"href":"https:\/\/bettstruckparts.com\/es\/wp-json\/wp\/v2\/types\/page"}],"author":[{"embeddable":true,"href":"https:\/\/bettstruckparts.com\/es\/wp-json\/wp\/v2\/users\/4"}],"replies":[{"embeddable":true,"href":"https:\/\/bettstruckparts.com\/es\/wp-json\/wp\/v2\/comments?post=402"}],"version-history":[{"count":0,"href":"https:\/\/bettstruckparts.com\/es\/wp-json\/wp\/v2\/pages\/402\/revisions"}],"up":[{"embeddable":true,"href":"https:\/\/bettstruckparts.com\/es\/wp-json\/wp\/v2\/pages\/1008"}],"wp:featuredmedia":[{"embeddable":true,"href":"https:\/\/bettstruckparts.com\/es\/wp-json\/wp\/v2\/media\/48"}],"wp:attachment":[{"href":"https:\/\/bettstruckparts.com\/es\/wp-json\/wp\/v2\/media?parent=402"}],"curies":[{"name":"wp","href":"https:\/\/api.w.org\/{rel}","templated":true}]}}