{"id":400,"date":"2017-12-07T01:01:15","date_gmt":"2017-12-07T01:01:15","guid":{"rendered":"https:\/\/bctps.wpengine.com\/?page_id=400"},"modified":"2025-05-25T09:38:33","modified_gmt":"2025-05-25T17:38:33","slug":"accesorios","status":"publish","type":"page","link":"https:\/\/bettstruckparts.com\/es\/parts\/accessories\/","title":{"rendered":"Accesorios"},"content":{"rendered":"<div class=\"wpb-content-wrapper\"><div class=\"vc_row wpb_row vc_row-fluid vc_custom_1523486883667 vc_row-has-fill vc_row-o-equal-height vc_row-flex\"><div class=\"wpb_column vc_column_container vc_col-sm-3 vc_col-has-fill\"><div class=\"vc_column-inner vc_custom_1510682040425\"><div class=\"wpb_wrapper\"><div  class=\"wpb_widgetised_column wpb_content_element sidebar-content\">\n\t\t<div class=\"wpb_wrapper\">\n\t\t\t\n\t\t\t<section id=\"nav_menu-5\" class=\"widget widget_nav_menu\"><div class=\"widget-title\">Piezas<\/div><div class=\"menu-parts-container\"><ul id=\"menu-parts\" class=\"menu\"><li id=\"menu-item-456\" class=\"menu-item menu-item-type-post_type menu-item-object-page menu-item-456\"><a href=\"https:\/\/bettstruckparts.com\/es\/parts\/accessories\/\">Accesorios<\/a><\/li>\n<li id=\"menu-item-455\" class=\"menu-item menu-item-type-post_type menu-item-object-page menu-item-455\"><a href=\"https:\/\/bettstruckparts.com\/es\/parts\/aftermarket-truck-parts\/\">Recambios para camiones<\/a><\/li>\n<li id=\"menu-item-454\" class=\"menu-item menu-item-type-post_type menu-item-object-page menu-item-454\"><a href=\"https:\/\/bettstruckparts.com\/es\/parts\/brake-wheel-parts\/\">Piezas de freno y ruedas<\/a><\/li>\n<li id=\"menu-item-453\" class=\"menu-item menu-item-type-post_type menu-item-object-page menu-item-453\"><a href=\"https:\/\/bettstruckparts.com\/es\/parts\/cargo-control\/\">Control de carga<\/a><\/li>\n<li id=\"menu-item-452\" class=\"menu-item menu-item-type-post_type menu-item-object-page menu-item-452\"><a href=\"https:\/\/bettstruckparts.com\/es\/parts\/chemicals\/\">Productos qu\u00edmicos<\/a><\/li>\n<li id=\"menu-item-451\" class=\"menu-item menu-item-type-post_type menu-item-object-page menu-item-451\"><a href=\"https:\/\/bettstruckparts.com\/es\/parts\/drivetrain\/\">Transmisi\u00f3n<\/a><\/li>\n<li id=\"menu-item-450\" class=\"menu-item menu-item-type-post_type menu-item-object-page menu-item-450\"><a href=\"https:\/\/bettstruckparts.com\/es\/parts\/electrical-parts\/\">Piezas el\u00e9ctricas<\/a><\/li>\n<li id=\"menu-item-449\" class=\"menu-item menu-item-type-post_type menu-item-object-page menu-item-449\"><a href=\"https:\/\/bettstruckparts.com\/es\/parts\/exhaust-parts\/\">Piezas de escape<\/a><\/li>\n<li id=\"menu-item-448\" class=\"menu-item menu-item-type-post_type menu-item-object-page menu-item-448\"><a href=\"https:\/\/bettstruckparts.com\/es\/parts\/lighting-parts\/\">Piezas de iluminaci\u00f3n<\/a><\/li>\n<li id=\"menu-item-447\" class=\"menu-item menu-item-type-post_type menu-item-object-page menu-item-447\"><a href=\"https:\/\/bettstruckparts.com\/es\/parts\/safety\/\">Seguridad<\/a><\/li>\n<li id=\"menu-item-446\" class=\"menu-item menu-item-type-post_type menu-item-object-page menu-item-446\"><a href=\"https:\/\/bettstruckparts.com\/es\/parts\/shop-tools\/\">Herramientas<\/a><\/li>\n<li id=\"menu-item-445\" class=\"menu-item menu-item-type-post_type menu-item-object-page menu-item-445\"><a href=\"https:\/\/bettstruckparts.com\/es\/parts\/steering-suspension\/\">Direcci\u00f3n y suspensi\u00f3n<\/a><\/li>\n<li id=\"menu-item-444\" class=\"menu-item menu-item-type-post_type menu-item-object-page menu-item-444\"><a href=\"https:\/\/bettstruckparts.com\/es\/parts\/trailer-parts\/\">Piezas de remolque<\/a><\/li>\n<li id=\"menu-item-443\" class=\"menu-item menu-item-type-post_type menu-item-object-page menu-item-443\"><a href=\"https:\/\/bettstruckparts.com\/es\/parts\/under-hood-in-cab\/\">Bajo el cap\u00f3 y en la cabina<\/a><\/li>\n<\/ul><\/div><\/section>\n\t\t<\/div>\n\t<\/div>\n<\/div><\/div><\/div><div class=\"wpb_column vc_column_container vc_col-sm-9\"><div class=\"vc_column-inner vc_custom_1510682076814\"><div class=\"wpb_wrapper\"><div class=\"vc_row wpb_row vc_inner vc_row-fluid\"><div class=\"wpb_column vc_column_container vc_col-sm-12\"><div class=\"vc_column-inner vc_custom_1559846974524\"><div class=\"wpb_wrapper\">\n\t<div class=\"wpb_text_column wpb_content_element\" >\n\t\t<div class=\"wpb_wrapper\">\n\t\t\t<h1 style=\"text-align: center;\">Mejore su cami\u00f3n con accesorios de primera calidad<\/h1>\n<h2 style=\"text-align: center;\">Personalizaci\u00f3n y rendimiento en Betts<\/h2>\n\n\t\t<\/div>\n\t<\/div>\n<div class=\"ubtn-ctn-center\"><a class=\"ubtn-link ult-adjust-bottom-margin ubtn-center ubtn-normal\" href=\"\/es\/lugares\/\" ><button type=\"button\" id=\"ubtn-3375\"  class=\"ubtn ult-adjust-bottom-margin ult-responsive ubtn-normal ubtn-fade-bg  none  ubtn-center   tooltip-69f319fdc7637\"  data-hover=\"#ffffff\" data-border-color=\"#ad172b\" data-bg=\"rgba(255,255,255,0.01)\" data-hover-bg=\"#ad172b\" data-border-hover=\"#ffffff\" data-shadow-hover=\"\" data-shadow-click=\"none\" data-shadow=\"\" data-shd-shadow=\"\"  data-ultimate-target='#ubtn-3375'  data-responsive-json-new='{\"font-size\":\"desktop:16px;\",\"line-height\":\"\"}'  style=\"font-weight:bold;border-radius:15px;border-width:2px;border-color:#ad172b;border-style:solid;background: rgba(255,255,255,0.01);color: #ad172b;\"><span class=\"ubtn-hover\" style=\"background-color:#ad172b\"><\/span><span class=\"ubtn-data ubtn-text\" >Buscar un lugar<\/span><\/button><\/a><\/div>\n\t<div class=\"wpb_text_column wpb_content_element  vc_custom_1748194710629\" >\n\t\t<div class=\"wpb_wrapper\">\n\t\t\t<p>Su cami\u00f3n puede ser ya un caballo de batalla y un espect\u00e1culo para la vista, pero \u00bfpor qu\u00e9 conformarse con \"lo suficientemente bueno\" cuando se puede elevar su rendimiento, funcionalidad y estilo con los accesorios de camiones adecuados? En Betts Truck Parts &amp; Service, creemos que a\u00f1adir un toque de personalizaci\u00f3n puede transformar su experiencia de conducci\u00f3n y mejorar las capacidades de su cami\u00f3n. Ofrecemos un amplio inventario de accesorios para camiones de alta calidad, por lo que es f\u00e1cil encontrar las mejoras perfectas para su veh\u00edculo, sin importar sus necesidades o preferencias.<\/p>\n<div id=\"attachment_612\" style=\"width: 460px\" class=\"wp-caption aligncenter\"><img decoding=\"async\" aria-describedby=\"caption-attachment-612\" class=\"wp-image-612 size-full\" src=\"https:\/\/bettstruckparts.com\/wp-content\/uploads\/2018\/01\/unnamed-2.jpg\" alt=\"Betts Truck Parts Sacramento Location\" width=\"450\" height=\"300\" srcset=\"https:\/\/bettstruckparts.com\/wp-content\/uploads\/2018\/01\/unnamed-2.jpg 450w, https:\/\/bettstruckparts.com\/wp-content\/uploads\/2018\/01\/unnamed-2-300x200.jpg 300w\" sizes=\"(max-width: 450px) 100vw, 450px\" \/><p id=\"caption-attachment-612\" class=\"wp-caption-text\">Betts Truck Parts Sacramento Location<\/p><\/div>\n<h3>\u00bfPor qu\u00e9 invertir en accesorios para camiones?<\/h3>\n<p>Mientras que el mantenimiento esencial mantiene su cami\u00f3n funcionando sin problemas, los accesorios le permiten adaptar su veh\u00edculo a sus necesidades espec\u00edficas y expresar su estilo individual. A continuaci\u00f3n te explicamos por qu\u00e9 a\u00f1adir accesorios posventa a tu cami\u00f3n es una inversi\u00f3n que merece la pena:<\/p>\n<ul>\n<li><strong>Funcionalidad mejorada:<\/strong> Los accesorios para camiones pueden mejorar significativamente la funcionalidad y el rendimiento de su veh\u00edculo. Desde cajas de herramientas y revestimientos de lechos hasta sistemas de gesti\u00f3n de la carga y equipos de remolque, los accesorios pueden facilitar tu trabajo y hacerlo m\u00e1s eficiente.<\/li>\n<li><strong>Mayor protecci\u00f3n<\/strong>: Proteja la carrocer\u00eda y el interior de su cami\u00f3n con accesorios como guardabarros, guardabarros, fundas de asiento y alfombrillas. Estos art\u00edculos pueden ayudar a prevenir da\u00f1os por piedras, barro, escombros y desgaste.<\/li>\n<li><strong>Mayor seguridad:<\/strong> Mejore su visibilidad y seguridad con luces auxiliares, c\u00e1maras de marcha atr\u00e1s y dispositivos de advertencia. Estos accesorios pueden hacer que tu cami\u00f3n sea m\u00e1s visible para otros conductores y mejorar tu conocimiento de la situaci\u00f3n en condiciones dif\u00edciles.<\/li>\n<li><strong>Personalizaci\u00f3n y estilo:<\/strong> Los accesorios para camiones le permiten personalizar su veh\u00edculo y expresar su estilo individual. Elija entre una amplia gama de mejoras est\u00e9ticas, como detalles cromados, rejillas personalizadas y opciones de iluminaci\u00f3n \u00fanicas, para crear un cami\u00f3n que refleje su personalidad.<\/li>\n<li><strong>Aumento del valor de reventa:<\/strong> A\u00f1adir accesorios de calidad puede aumentar el valor de reventa de su cami\u00f3n, ya que los compradores potenciales apreciar\u00e1n la funcionalidad y las caracter\u00edsticas a\u00f1adidas.<\/li>\n<\/ul>\n<h3>Betts: Su fuente de accesorios premium para camiones<\/h3>\n<p>En Betts Truck Parts &amp; Service, estamos comprometidos a ofrecerle una amplia selecci\u00f3n de accesorios de alta calidad del mercado de accesorios para camiones de los principales fabricantes. Seleccionamos cuidadosamente nuestro inventario para asegurarnos de ofrecer solo los mejores productos en t\u00e9rminos de calidad, durabilidad y rendimiento.<\/p>\n<h3>Complemente su equipo con nuestra amplia gama de productos<\/h3>\n<ul>\n<li><strong>Guardabarros<\/strong>: Desde elegantes y sutiles hasta atrevidos y agresivos, nuestros guardabarros ofrecen una mayor protecci\u00f3n contra la suciedad de la carretera y un aspecto personalizado.<\/li>\n<li><strong>Guardabarros:<\/strong> Proteja su cami\u00f3n y otros veh\u00edculos del barro, las piedras y las salpicaduras de la carretera con nuestros duraderos y eficaces guardabarros. Elija entre una variedad de materiales, tama\u00f1os y estilos para satisfacer sus necesidades.<\/li>\n<li><strong>Colgadores de guardabarros:<\/strong> Mantenga sus guardabarros en su sitio con nuestros fiables colgadores de guardabarros. Ofrecemos una gama de colgadores para adaptarse a diferentes tama\u00f1os de guardabarros y configuraciones de montaje.<\/li>\n<li><strong>Cajas de herramientas:<\/strong> Mantenga sus herramientas y equipos organizados y seguros con nuestra selecci\u00f3n de cajas de herramientas para camiones. Ofrecemos una variedad de tama\u00f1os, materiales y estilos para satisfacer sus necesidades espec\u00edficas.<\/li>\n<li><strong>Cubrecamas:<\/strong> Proteja la plataforma de su cami\u00f3n de ara\u00f1azos, abolladuras y otros da\u00f1os con nuestros revestimientos duraderos y f\u00e1ciles de limpiar.<\/li>\n<li><strong>Estribos y barras antivuelco:<\/strong> Facilite la entrada y salida de su cami\u00f3n con nuestra selecci\u00f3n de estribos y barras antivuelco. Estos accesorios tambi\u00e9n a\u00f1aden un toque de estilo a tu veh\u00edculo.<\/li>\n<li><strong>Protectores de rejilla:<\/strong> Proteja el frontal de su cami\u00f3n de posibles da\u00f1os con nuestros resistentes protectores de rejilla. Estos accesorios tambi\u00e9n a\u00f1aden un aspecto duro y agresivo.<\/li>\n<li><strong><a href=\"https:\/\/bettstruckparts.com\/es\/piezas\/piezas-de-iluminacion\/\">Accesorios de iluminaci\u00f3n<\/a>:<\/strong> Mejore su visibilidad y estilo con nuestra amplia selecci\u00f3n de accesorios de iluminaci\u00f3n, incluidas luces LED, barras de luces y luces auxiliares.<\/li>\n<\/ul>\n<h3>Deje que nuestros expertos le ayuden a encontrar los accesorios perfectos.<\/h3>\n<p>Navegar por el mundo de los accesorios para camiones puede resultar abrumador, pero nuestro amable y experto personal est\u00e1 aqu\u00ed para ayudarle. Trabajaremos con usted para entender sus necesidades y preferencias y recomendarle los accesorios adecuados para su veh\u00edculo. Entendemos los matices de compatibilidad, funcionalidad y est\u00e9tica, asegur\u00e1ndonos de que tome decisiones informadas.<\/p>\n<h3><img decoding=\"async\" class=\"aligncenter wp-image-735 size-full\" src=\"https:\/\/bettstruckparts.com\/wp-content\/uploads\/2017\/11\/MG_7328-as-Smart-Object-1.jpg\" alt=\"accesorios para camiones\" width=\"1000\" height=\"779\" srcset=\"https:\/\/bettstruckparts.com\/wp-content\/uploads\/2017\/11\/MG_7328-as-Smart-Object-1.jpg 1000w, https:\/\/bettstruckparts.com\/wp-content\/uploads\/2017\/11\/MG_7328-as-Smart-Object-1-300x234.jpg 300w, https:\/\/bettstruckparts.com\/wp-content\/uploads\/2017\/11\/MG_7328-as-Smart-Object-1-768x598.jpg 768w\" sizes=\"(max-width: 1000px) 100vw, 1000px\" \/><\/h3>\n<h3>\u00bfListo para transformar su cami\u00f3n?<\/h3>\n<p>No se conforme con un cami\u00f3n corriente cuando puede crear una m\u00e1quina personalizada y de alto rendimiento con los accesorios para camiones adecuados. Solicite un presupuesto hoy mismo o<a href=\"https:\/\/bettstruckparts.com\/es\/contacto\/\"> p\u00f3ngase en contacto con Betts Truck Parts &amp; Service<\/a> para obtener m\u00e1s informaci\u00f3n sobre cualquiera de nuestros accesorios para camiones. Perm\u00edtanos ayudarle a liberar todo el potencial de su cami\u00f3n y experimente la diferencia que pueden marcar los accesorios de calidad. Mejore su funcionalidad, proteja su inversi\u00f3n y exprese su estilo \u00fanico con Betts Truck Parts &amp; Service.<\/p>\n\n\t\t<\/div>\n\t<\/div>\n<\/div><\/div><\/div><\/div><div class=\"vc_row wpb_row vc_inner vc_row-fluid\"><div class=\"wpb_column vc_column_container vc_col-sm-6\"><div class=\"vc_column-inner\"><div class=\"wpb_wrapper\"><div class=\"ubtn-ctn-center\"><a class=\"ubtn-link ult-adjust-bottom-margin ubtn-center ubtn-normal\" href=\"\/es\/lugares\/\" ><button type=\"button\" id=\"ubtn-2228\"  class=\"ubtn ult-adjust-bottom-margin ult-responsive ubtn-normal ubtn-fade-bg  none  ubtn-center   tooltip-69f319fdc7a5c\"  data-hover=\"#ffffff\" data-border-color=\"#ad172b\" data-bg=\"rgba(255,255,255,0.01)\" data-hover-bg=\"#ad172b\" data-border-hover=\"#ffffff\" data-shadow-hover=\"\" data-shadow-click=\"none\" data-shadow=\"\" data-shd-shadow=\"\"  data-ultimate-target='#ubtn-2228'  data-responsive-json-new='{\"font-size\":\"desktop:16px;\",\"line-height\":\"\"}'  style=\"font-weight:bold;border-radius:15px;border-width:2px;border-color:#ad172b;border-style:solid;background: rgba(255,255,255,0.01);color: #ad172b;\"><span class=\"ubtn-hover\" style=\"background-color:#ad172b\"><\/span><span class=\"ubtn-data ubtn-text\" >Buscar un lugar<\/span><\/button><\/a><\/div><\/div><\/div><\/div><div class=\"wpb_column vc_column_container vc_col-sm-6\"><div class=\"vc_column-inner\"><div class=\"wpb_wrapper\"><div class=\"ubtn-ctn-center\"><a class=\"ubtn-link ult-adjust-bottom-margin ubtn-center ubtn-normal\" href=\"https:\/\/bettstruckparts.com\/es\/contacto\/\" ><button type=\"button\" id=\"ubtn-2642\"  class=\"ubtn ult-adjust-bottom-margin ult-responsive ubtn-normal ubtn-fade-bg  none  ubtn-center   tooltip-69f319fdc7ae9\"  data-hover=\"#ffffff\" data-border-color=\"#ad172b\" data-bg=\"rgba(255,255,255,0.01)\" data-hover-bg=\"#ad172b\" data-border-hover=\"#ffffff\" data-shadow-hover=\"\" data-shadow-click=\"none\" data-shadow=\"\" data-shd-shadow=\"\"  data-ultimate-target='#ubtn-2642'  data-responsive-json-new='{\"font-size\":\"desktop:16px;\",\"line-height\":\"\"}'  style=\"font-weight:bold;border-radius:15px;border-width:2px;border-color:#ad172b;border-style:solid;background: rgba(255,255,255,0.01);color: #ad172b;\"><span class=\"ubtn-hover\" style=\"background-color:#ad172b\"><\/span><span class=\"ubtn-data ubtn-text\" >Concertar una cita<\/span><\/button><\/a><\/div><\/div><\/div><\/div><\/div><\/div><\/div><\/div><\/div><div class=\"vc_row wpb_row vc_row-fluid\"><div class=\"wpb_column vc_column_container vc_col-sm-12\"><div class=\"vc_column-inner\"><div class=\"wpb_wrapper\">\n\t<div class=\"wpb_text_column wpb_content_element\" >\n\t\t<div class=\"wpb_wrapper\">\n\t\t\t\n\t\t<\/div>\n\t<\/div>\n<\/div><\/div><\/div><\/div>\n<\/div>","protected":false},"excerpt":{"rendered":"<p>RecambiosAccesorios Recambios para camiones Recambios de frenos y llantas Control de carga Productos qu\u00edmicos Tren de tracci\u00f3n Piezas el\u00e9ctricas Piezas de escape Piezas de iluminaci\u00f3n Piezas de seguridad Tienda de herramientas Direcci\u00f3n y suspensi\u00f3n Piezas de remolque Bajo el cap\u00f3 y en la cabina Mejore su cami\u00f3n con accesorios de primera calidad Personalizaci\u00f3n y...<\/p>","protected":false},"author":4,"featured_media":48,"parent":1008,"menu_order":0,"comment_status":"closed","ping_status":"closed","template":"template-microsite.php","meta":{"footnotes":""},"class_list":["post-400","page","type-page","status-publish","has-post-thumbnail","hentry","description-off"],"_links":{"self":[{"href":"https:\/\/bettstruckparts.com\/es\/wp-json\/wp\/v2\/pages\/400","targetHints":{"allow":["GET"]}}],"collection":[{"href":"https:\/\/bettstruckparts.com\/es\/wp-json\/wp\/v2\/pages"}],"about":[{"href":"https:\/\/bettstruckparts.com\/es\/wp-json\/wp\/v2\/types\/page"}],"author":[{"embeddable":true,"href":"https:\/\/bettstruckparts.com\/es\/wp-json\/wp\/v2\/users\/4"}],"replies":[{"embeddable":true,"href":"https:\/\/bettstruckparts.com\/es\/wp-json\/wp\/v2\/comments?post=400"}],"version-history":[{"count":0,"href":"https:\/\/bettstruckparts.com\/es\/wp-json\/wp\/v2\/pages\/400\/revisions"}],"up":[{"embeddable":true,"href":"https:\/\/bettstruckparts.com\/es\/wp-json\/wp\/v2\/pages\/1008"}],"wp:featuredmedia":[{"embeddable":true,"href":"https:\/\/bettstruckparts.com\/es\/wp-json\/wp\/v2\/media\/48"}],"wp:attachment":[{"href":"https:\/\/bettstruckparts.com\/es\/wp-json\/wp\/v2\/media?parent=400"}],"curies":[{"name":"wp","href":"https:\/\/api.w.org\/{rel}","templated":true}]}}