{"id":365,"date":"2017-12-07T00:00:45","date_gmt":"2017-12-07T00:00:45","guid":{"rendered":"https:\/\/bctps.wpengine.com\/?page_id=365"},"modified":"2025-07-01T14:34:47","modified_gmt":"2025-07-01T22:34:47","slug":"reparacion-de-ejes-de-camiones","status":"publish","type":"page","link":"https:\/\/bettstruckparts.com\/es\/truck-repair\/truck-axle-repair\/","title":{"rendered":"Reparaci\u00f3n de ejes de camiones"},"content":{"rendered":"<div class=\"wpb-content-wrapper\"><div class=\"vc_row wpb_row vc_row-fluid vc_custom_1516047784989 vc_row-has-fill vc_row-o-equal-height vc_row-flex\"><div class=\"wpb_column vc_column_container vc_col-sm-12\"><div class=\"vc_column-inner vc_custom_1510682076814\"><div class=\"wpb_wrapper\"><div class=\"vc_row wpb_row vc_inner vc_row-fluid vc_custom_1746994887691\"><div class=\"wpb_column vc_column_container vc_col-sm-12\"><div class=\"vc_column-inner vc_custom_1486667994280\"><div class=\"wpb_wrapper\">\n\t<div class=\"wpb_text_column wpb_content_element\" >\n\t\t<div class=\"wpb_wrapper\">\n\t\t\t<h1 style=\"text-align: center;\">Reparaci\u00f3n de ejes de camiones<\/h1>\n<h2 style=\"text-align: center;\">Ocho talleres de reparaci\u00f3n de ejes en la Costa Oeste a su servicio<\/h2>\n\n\t\t<\/div>\n\t<\/div>\n<div class=\"ubtn-ctn-center\"><a class=\"ubtn-link ult-adjust-bottom-margin ubtn-center ubtn-normal\" href=\"https:\/\/bettstruckparts.com\/es\/contacto\/\"><button type=\"button\" id=\"ubtn-6187\"  class=\"ubtn ult-adjust-bottom-margin ult-responsive ubtn-normal ubtn-fade-bg  none  ubtn-center   tooltip-69edfe03121f0\"  data-hover=\"#ffffff\" data-border-color=\"#ad172b\" data-bg=\"rgba(255,255,255,0.01)\" data-hover-bg=\"#ad172b\" data-border-hover=\"#ffffff\" data-shadow-hover=\"\" data-shadow-click=\"none\" data-shadow=\"\" data-shd-shadow=\"\"  data-ultimate-target='#ubtn-6187'  data-responsive-json-new='{\"font-size\":\"desktop:16px;\",\"line-height\":\"\"}'  style=\"font-weight:bold;border-radius:15px;border-width:2px;border-color:#ad172b;border-style:solid;background: rgba(255,255,255,0.01);color: #ad172b;\"><span class=\"ubtn-hover\" style=\"background-color:#ad172b\"><\/span><span class=\"ubtn-data ubtn-text\" >Concertar una cita<\/span><\/button><\/a><\/div>\n\t<div class=\"wpb_text_column wpb_content_element  vc_custom_1751409283963\" >\n\t\t<div class=\"wpb_wrapper\">\n\t\t\t<div class=\"row hidden-md hidden-lg\">\n<div class=\"col-xs-12 col-sm-12 col-md-8 col-lg-8\"><\/div>\n<\/div>\n<div class=\"row hidden-xs hidden-sm\">\n<div class=\"col-xs-12 col-sm-12 col-md-4 col-lg-4 schedule_row\">\n<h2>3 razones para elegir BETTS como su taller de reparaci\u00f3n de ejes de cami\u00f3n<\/h2>\n<ul>\n<li><strong>Experiencia:\u00a0<\/strong>Llevamos m\u00e1s de 30 a\u00f1os ofreciendo soluciones de reparaci\u00f3n de ejes de camiones. Traiga su cami\u00f3n a Betts y diagnosticaremos y repararemos el problema r\u00e1pidamente, para que pueda volver a la carretera.<\/li>\n<li><strong>Ejes y piezas de ejes: <\/strong>Su cami\u00f3n es tan resistente como su parte m\u00e1s d\u00e9bil. S\u00f3lo utilizamos los mejores <a href=\"https:\/\/bettstruckparts.com\/es\/piezas\/\">piezas de recambio para ejes de los mejores fabricantes<\/a>. Tambi\u00e9n almacenamos un inventario enorme de piezas del cami\u00f3n del mercado de accesorios y de piezas del remolque del mercado de accesorios.<\/li>\n<li><strong>8 Talleres de reparaci\u00f3n de ejes: <\/strong>Las flotas que transitan por la costa oeste conf\u00edan en Betts. \u00bfPor qu\u00e9? Porque tenemos ocho servicios completos <a href=\"https:\/\/bettstruckparts.com\/es\/lugares\/\">lugares<\/a><strong>\u00a0<\/strong>en Arizona, Oreg\u00f3n y California.<\/li>\n<\/ul>\n<h4><strong>California<\/strong><\/h4>\n<ul>\n<li><a title=\"Fresno, CA servicio de reparaci\u00f3n de eje en Betts TPS Fresno\" href=\"https:\/\/bettstruckparts.com\/es\/reparacion-de-camiones\/reparacion-de-ejes-de-camiones\/fresno-ca\/\">Fresno, CA servicio de reparaci\u00f3n de eje en Betts TPS Fresno<\/a><\/li>\n<li><a href=\"https:\/\/bettstruckparts.com\/es\/reparacion-de-camiones\/reparacion-de-ejes-de-camiones\/fontana-ca\/\">Fontana, CA servicio de reparaci\u00f3n de ejes en Betts TPS Fontana<\/a><\/li>\n<li><a href=\"https:\/\/bettstruckparts.com\/es\/reparacion-de-camiones\/reparacion-de-ejes-de-camiones\/sacramento-ca\/\">Sacramento, CA servicio de reparaci\u00f3n de ejes en Betts TPS Sacramento<\/a><\/li>\n<li><a href=\"https:\/\/bettstruckparts.com\/es\/reparacion-de-camiones\/reparacion-de-ejes-de-camiones\/santa-fe-springs-ca\/\">Santa Fe Springs, CA servicio de reparaci\u00f3n de eje en Betts TPS Santa Fe Springs<\/a><\/li>\n<li><a href=\"https:\/\/bettstruckparts.com\/es\/reparacion-de-camiones\/reparacion-de-ejes-de-camiones\/san-leandro-ca\/\">San Leandro, CA servicio de reparaci\u00f3n de ejes en Betts TPS San Leandro<\/a><\/li>\n<li><a href=\"https:\/\/bettstruckparts.com\/es\/lugares\/valle-del-sol\/\">Servicio de reparaci\u00f3n de ejes Sun Valley en Betts TPS Sun Valley<\/a><\/li>\n<\/ul>\n<h4><strong>Arizona<\/strong><\/h4>\n<ul>\n<li><a href=\"https:\/\/bettstruckparts.com\/es\/reparacion-de-camiones\/reparacion-de-ejes-de-camiones\/phoenix-az\/\">Phoenix, AZ servicio de reparaci\u00f3n de ejes en Betts TPS Phoenix<\/a><\/li>\n<\/ul>\n<h4><strong>Oreg\u00f3n<\/strong><\/h4>\n<ul>\n<li><a href=\"https:\/\/bettstruckparts.com\/es\/reparacion-de-camiones\/reparacion-de-ejes-de-camiones\/portland-o\/\">Portland, OR servicio de reparaci\u00f3n de ejes en Betts TPS Portland<\/a><\/li>\n<\/ul>\n<\/div>\n<\/div>\n<div class=\"row hidden-md hidden-lg\">\n<div class=\"col-xs-12 col-sm-12 col-md-8 col-lg-8\">\n<h2>ACERCA DEL SERVICIO DE REPARACI\u00d3N DE EJES DE CAMIONES EN BETTS TRUCK PARTS<\/h2>\n<\/div>\n<\/div>\n<p>Los ejes son ejes centrales que se fijan a una rueda o a un veh\u00edculo y permiten que los neum\u00e1ticos giren transmitiendo el par motor a la rueda. Hay dos tipos de ejes que se utilizan en los semirremolques: simple y t\u00e1ndem. Los ejes simples sujetan un neum\u00e1tico en cada lado para un total de dos neum\u00e1ticos, mientras que los ejes t\u00e1ndem sujetan dos neum\u00e1ticos en cada lado para acomodar un total de cuatro neum\u00e1ticos. Dado que los ejes t\u00e1ndem permiten una mayor capacidad de carga que los ejes simples, suelen colocarse en la parte trasera del remolque.<\/p>\n<p><img decoding=\"async\" class=\"size-medium wp-image-3067 alignleft\" src=\"https:\/\/bettstruckparts.com\/wp-content\/uploads\/2025\/03\/truck-axle-repair-sacramento-225x300.jpg\" alt=\"reparaci\u00f3n de ejes de cami\u00f3n sacramento\" width=\"225\" height=\"300\" srcset=\"https:\/\/bettstruckparts.com\/wp-content\/uploads\/2025\/03\/truck-axle-repair-sacramento-225x300.jpg 225w, https:\/\/bettstruckparts.com\/wp-content\/uploads\/2025\/03\/truck-axle-repair-sacramento-768x1024.jpg 768w, https:\/\/bettstruckparts.com\/wp-content\/uploads\/2025\/03\/truck-axle-repair-sacramento-9x12.jpg 9w, https:\/\/bettstruckparts.com\/wp-content\/uploads\/2025\/03\/truck-axle-repair-sacramento.jpg 960w\" sizes=\"(max-width: 225px) 100vw, 225px\" \/>Los ejes de los camiones tienen un gran trabajo. Adem\u00e1s de ser responsables de transferir la potencia de la transmisi\u00f3n y el diferencial a las ruedas de su cami\u00f3n o remolque, tambi\u00e9n ayudan a soportar el peso de su carga. Hacer muchos kil\u00f3metros en la carretera, adem\u00e1s de lidiar con baches y superficies irregulares, puede suponer una carga adicional para los ejes, <a href=\"https:\/\/bettstruckparts.com\/es\/reparacion-de-camiones\/reparacion-de-ballestas\/\">ballestas<\/a> y otros componentes.<\/p>\n<p>Cuando algo va mal en un eje de su cami\u00f3n o remolque, usted lo sabe. Pero, \u00bfsabe d\u00f3nde acudir para una reparaci\u00f3n r\u00e1pida y fiable de ejes de camiones y remolques?<\/p>\n<p>Betts ofrece un servicio completo de reparaci\u00f3n de ejes de camiones y remolques para propietarios\/operadores, as\u00ed como para flotas nacionales y regionales a lo largo de la Costa Oeste.<\/p>\n<p>Concierte hoy mismo una cita en una de nuestras 8 sedes o p\u00f3ngase en contacto con nosotros para obtener m\u00e1s informaci\u00f3n sobre nuestros <a href=\"https:\/\/bettstruckparts.com\/es\/piezas\/\">piezas para cargas pesadas<\/a> y servicios.<\/p>\n<h2>6 SE\u00d1ALES DE QUE DEBE INSPECCIONAR O REPARAR EL EJE DE SU CAMI\u00d3N<\/h2>\n<p>Aunque los signos de un eje roto en su cami\u00f3n y remolque son dif\u00edciles de pasar por alto, los signos de fatiga u otros problemas pueden ser m\u00e1s dif\u00edciles de detectar hasta que se vuelven mucho peores.   Estos son algunos de los s\u00edntomas comunes de reparaci\u00f3n de ejes que puede experimentar cuando el eje o los componentes de su cami\u00f3n o remolque est\u00e1n da\u00f1ados.<\/p>\n<ul>\n<li>Vibraciones o ruido sordo procedente de los bajos del cami\u00f3n o remolque.<\/li>\n<li>Sensaci\u00f3n de \"bamboleo\" o irregularidad en las ruedas.<\/li>\n<li>Las ruedas no se mueven al cambiar de marcha o acelerar.<\/li>\n<li>Problemas con la transferencia de potencia combinados con ruidos de traqueteo.<\/li>\n<li>Fuertes chasquidos al girar<\/li>\n<li>Evidencia de fugas de grasa debajo del veh\u00edculo o a lo largo del borde interior de los neum\u00e1ticos.<\/li>\n<\/ul>\n<p>Si usted experimenta cualquiera de estos problemas durante la conducci\u00f3n, es importante encontrar un taller de reparaci\u00f3n de ejes de camiones tan pronto como sea posible. Un eje debilitado y puede da\u00f1ar <a href=\"https:\/\/bettstruckparts.com\/es\/piezas\/suspension-de-la-direccion\/\">suspensi\u00f3n de la direcci\u00f3n<\/a> y otros componentes y le pone a usted -y a los dem\u00e1s en la carretera- en grave peligro.<\/p>\n<p>Haga que un taller especializado en reparaci\u00f3n de ejes de camiones pesados inspeccione su cami\u00f3n o remolque cada vez que lo lleve a revisi\u00f3n. La detecci\u00f3n temprana de problemas puede ahorrarle reparaciones m\u00e1s costosas de ejes de camiones en el futuro.<\/p>\n<h2>Reparaci\u00f3n del eje del remolque<\/h2>\n<h3>MANTENIMIENTO DEL REMOLQUE PARA EVITAR LA REPARACI\u00d3N PREMATURA DE LOS EJES<\/h3>\n<p>Un mantenimiento adecuado es esencial para prolongar la vida \u00fatil de los componentes de su remolque y evitar su desgaste prematuro.<\/p>\n<h3>Una alineaci\u00f3n correcta evita el desgaste de los ejes y neum\u00e1ticos de los camiones<\/h3>\n<p>No siempre se puede evitar la rotura de un eje de remolque, pero comprobando regularmente su alineaci\u00f3n puede ayudar a prevenir problemas que pueden conducir a la reparaci\u00f3n de un eje roto. Y puesto que una mala alineaci\u00f3n tambi\u00e9n causa el desgaste prematuro de los neum\u00e1ticos, una alineaci\u00f3n adecuada puede ayudar a prevenir reventones y otros problemas peligrosos en la carretera.<\/p>\n<p>Haga comprobar la alineaci\u00f3n en un taller de camiones o h\u00e1galo usted mismo con una simple cinta m\u00e9trica y una regla.<\/p>\n<p>Para realizar una comprobaci\u00f3n r\u00e1pida, sujete la regla contra los dos neum\u00e1ticos de un lado del eje. Si ambos neum\u00e1ticos no tocan uniformemente la regla o hay espacios mayores de 1\/8\", podr\u00eda indicar un eje de cami\u00f3n doblado.<\/p>\n<p>En este punto usted necesita llevar su cami\u00f3n a un taller de reparaci\u00f3n de ejes de camiones pesados tan pronto como sea posible para un diagn\u00f3stico y servicio adecuados.<\/p>\n<h3>\u00bfCu\u00e1les son otros signos de una mala alineaci\u00f3n del cami\u00f3n o del remolque?<\/h3>\n<ul>\n<li>Consumo de combustible m\u00e1s bajo de lo normal<\/li>\n<li>Sensaci\u00f3n de vibraciones a trav\u00e9s del asiento o el volante m\u00e1s fuertes de lo normal.<\/li>\n<li>Notar un desgaste excesivo en uno o varios neum\u00e1ticos.<\/li>\n<\/ul>\n<h3>Las inspecciones peri\u00f3dicas ayudan a diagnosticar problemas en los ejes de los camiones<\/h3>\n<p>Nuestros talleres de reparaci\u00f3n de ejes de camiones est\u00e1n equipados para realizar una inspecci\u00f3n completa de su eje y otros componentes para identificar cualquier problema potencial.<\/p>\n<p>Algunos de los componentes que podr\u00edan comprobar durante una inspecci\u00f3n peri\u00f3dica son:<\/p>\n<ul>\n<li>Inspeccionar el \u00e1rbol de levas y los bujes del \u00e1rbol de levas para evaluar el desgaste y lubricar las piezas seg\u00fan sea necesario.<\/li>\n<li>Limpie y vuelva a lubricar todos los cojinetes y cubos y busque signos de agrietamiento, desgaste y decoloraci\u00f3n.<\/li>\n<li>Sustituya las fijaciones da\u00f1adas y repare los orificios roscados seg\u00fan sea necesario.<\/li>\n<li>Compruebe si las crucetas de freno, los husillos y los largueros del eje presentan signos de agrietamiento y desgaste.<\/li>\n<li>Identificar los signos de fugas en los ejes del remolque y los componentes de la suspensi\u00f3n<\/li>\n<li>Aseg\u00farese de que los largueros del eje est\u00e1n rectos y no hay indicios de flexi\u00f3n.<\/li>\n<\/ul>\n<h2>Marca Piezas PARA REPARACI\u00d3N DE EJES DE CAMI\u00d3N<\/h2>\n<p>Con piezas y componentes de marcas de primera calidad como Hendrickson, Eaton, Dana Spicer y Meritor, Betts Truck Parts &amp; Service garantiza que sus reparaciones de ejes de camiones y de remolques de barcos cumplir\u00e1n o superar\u00e1n los est\u00e1ndares de calidad de los fabricantes de equipos originales.<\/p>\n<p>No importa el tipo de cami\u00f3n o remolque mediano o pesado con el que trabaje, tenemos las piezas de alta calidad para arreglarlo bien y las habilidades para arreglarlo de inmediato.<\/p>\n<h2 data-start=\"197\" data-end=\"244\">Por qu\u00e9 el mantenimiento de los ejes es importante para su flota<\/h2>\n<p data-start=\"246\" data-end=\"441\">El sistema de ejes de su cami\u00f3n es fundamental para el rendimiento, la seguridad y el cumplimiento de las normas. Ignorar el desgaste o la desalineaci\u00f3n puede provocar costosas aver\u00edas, infracciones del DOT o incluso fallos catastr\u00f3ficos en la carretera.<\/p>\n<p data-start=\"443\" data-end=\"723\">En <a title=\"FMCSA.gov\" href=\"https:\/\/www.fmcsa.dot.gov\/safety\/vehicle-maintenance\" target=\"_blank\" rel=\"noopener\"><strong data-start=\"447\" data-end=\"502\">Administraci\u00f3n Federal de Seguridad de Autotransportes (FMCSA)<\/strong><\/a> hace hincapi\u00e9 en la inspecci\u00f3n peri\u00f3dica de los componentes de los ejes como parte de un programa de mantenimiento que cumpla las normas. M\u00e1s informaci\u00f3n sobre los requisitos de la FMCSA para el mantenimiento de veh\u00edculos comerciales.<\/p>\n<p data-start=\"725\" data-end=\"1007\">En Betts Truck Parts &amp; Service, trabajamos con sistemas de ejes OEM de marcas de confianza como <a href=\"https:\/\/www.meritor.com\/products\/axles\" target=\"_blank\" rel=\"noopener\">Meritor<\/a> y <a class=\"cursor-pointer\" href=\"https:\/\/www.hendrickson-intl.com\/Truck\/Products\/Axle-Suspensions\" target=\"_blank\" rel=\"noopener\" data-start=\"864\" data-end=\"943\">Hendrickson<\/a>garantizando siempre el diagn\u00f3stico, la reparaci\u00f3n y la alineaci\u00f3n correctos.<\/p>\n<p data-start=\"1009\" data-end=\"1148\">Tanto si gestiona una sola plataforma como una gran flota, nuestros t\u00e9cnicos certificados le ayudan a reducir el tiempo de inactividad y a evitar problemas inesperados con los ejes.<\/p>\n<h2>EXPERIMENTE LO MEJOR CON BETTS<\/h2>\n<p>Los conductores, los operadores y las flotas de Arizona, Oreg\u00f3n y California pueden\u00a0<a href=\"https:\/\/bettstruckparts.com\/es\/contacto\/\">solicitar una cita<\/a> para la reparaci\u00f3n de ejes de camiones o remolques. \u00a1Nadie lo hace mejor que Betts!<\/p>\n\n\t\t<\/div>\n\t<\/div>\n<div class=\"ubtn-ctn-center\"><a class=\"ubtn-link ult-adjust-bottom-margin ubtn-center ubtn-normal\" href=\"https:\/\/bettstruckparts.com\/es\/contacto\/\"><button type=\"button\" id=\"ubtn-6468\"  class=\"ubtn ult-adjust-bottom-margin ult-responsive ubtn-normal ubtn-fade-bg  none  ubtn-center   tooltip-69edfe0312426\"  data-hover=\"#ffffff\" data-border-color=\"#ad172b\" data-bg=\"rgba(255,255,255,0.01)\" data-hover-bg=\"#ad172b\" data-border-hover=\"#ffffff\" data-shadow-hover=\"\" data-shadow-click=\"none\" data-shadow=\"\" data-shd-shadow=\"\"  data-ultimate-target='#ubtn-6468'  data-responsive-json-new='{\"font-size\":\"desktop:16px;\",\"line-height\":\"\"}'  style=\"font-weight:bold;border-radius:15px;border-width:2px;border-color:#ad172b;border-style:solid;background: rgba(255,255,255,0.01);color: #ad172b;\"><span class=\"ubtn-hover\" style=\"background-color:#ad172b\"><\/span><span class=\"ubtn-data ubtn-text\" >Concertar una cita<\/span><\/button><\/a><\/div><\/div><\/div><\/div><\/div><\/div><\/div><\/div><\/div>\n<\/div>","protected":false},"excerpt":{"rendered":"<p>Fiable Servicio de Reparaci\u00f3n de Ejes de Camiones Ocho Talleres de Reparaci\u00f3n de Ejes en la Costa Oeste para Servirle Programe una Cita 3 Razones para ELEGIR BETTS COMO SU Taller de Reparaci\u00f3n de Ejes de Camiones? Experiencia: Llevamos m\u00e1s de 30 a\u00f1os ofreciendo soluciones de reparaci\u00f3n de ejes de cami\u00f3n. Traiga su cami\u00f3n a Betts y diagnosticaremos y repararemos el problema r\u00e1pidamente,...<\/p>","protected":false},"author":4,"featured_media":0,"parent":335,"menu_order":0,"comment_status":"closed","ping_status":"closed","template":"template-microsite.php","meta":{"footnotes":""},"class_list":["post-365","page","type-page","status-publish","hentry","description-off"],"_links":{"self":[{"href":"https:\/\/bettstruckparts.com\/es\/wp-json\/wp\/v2\/pages\/365","targetHints":{"allow":["GET"]}}],"collection":[{"href":"https:\/\/bettstruckparts.com\/es\/wp-json\/wp\/v2\/pages"}],"about":[{"href":"https:\/\/bettstruckparts.com\/es\/wp-json\/wp\/v2\/types\/page"}],"author":[{"embeddable":true,"href":"https:\/\/bettstruckparts.com\/es\/wp-json\/wp\/v2\/users\/4"}],"replies":[{"embeddable":true,"href":"https:\/\/bettstruckparts.com\/es\/wp-json\/wp\/v2\/comments?post=365"}],"version-history":[{"count":0,"href":"https:\/\/bettstruckparts.com\/es\/wp-json\/wp\/v2\/pages\/365\/revisions"}],"up":[{"embeddable":true,"href":"https:\/\/bettstruckparts.com\/es\/wp-json\/wp\/v2\/pages\/335"}],"wp:attachment":[{"href":"https:\/\/bettstruckparts.com\/es\/wp-json\/wp\/v2\/media?parent=365"}],"curies":[{"name":"wp","href":"https:\/\/api.w.org\/{rel}","templated":true}]}}