{"id":363,"date":"2017-12-06T23:59:38","date_gmt":"2017-12-06T23:59:38","guid":{"rendered":"https:\/\/bctps.wpengine.com\/?page_id=363"},"modified":"2025-05-11T12:40:43","modified_gmt":"2025-05-11T20:40:43","slug":"servicios-de-suspension","status":"publish","type":"page","link":"https:\/\/bettstruckparts.com\/es\/truck-repair\/suspension-services\/","title":{"rendered":"Servicios de suspensi\u00f3n"},"content":{"rendered":"<div class=\"wpb-content-wrapper\"><div class=\"vc_row wpb_row vc_row-fluid vc_custom_1516047772919 vc_row-has-fill vc_row-o-equal-height vc_row-flex\"><div class=\"wpb_column vc_column_container vc_col-sm-3 vc_col-has-fill\"><div class=\"vc_column-inner vc_custom_1510682040425\"><div class=\"wpb_wrapper\"><div  class=\"wpb_widgetised_column wpb_content_element sidebar-content\">\n\t\t<div class=\"wpb_wrapper\">\n\t\t\t\n\t\t\t<section id=\"nav_menu-4\" class=\"widget widget_nav_menu\"><div class=\"widget-title\">Reparaci\u00f3n de camiones<\/div><div class=\"menu-truck-repair-container\"><ul id=\"menu-truck-repair\" class=\"menu\"><li id=\"menu-item-341\" class=\"menu-item menu-item-type-post_type menu-item-object-page menu-item-341\"><a href=\"https:\/\/bettstruckparts.com\/es\/truck-repair\/air-ride-control\/\">Control de la suspensi\u00f3n neum\u00e1tica<\/a><\/li>\n<li id=\"menu-item-382\" class=\"menu-item menu-item-type-post_type menu-item-object-page menu-item-382\"><a href=\"https:\/\/bettstruckparts.com\/es\/truck-repair\/truck-wheel-alignments\/\">Servicio de alineaci\u00f3n de ruedas<\/a><\/li>\n<li id=\"menu-item-381\" class=\"menu-item menu-item-type-post_type menu-item-object-page menu-item-381\"><a href=\"https:\/\/bettstruckparts.com\/es\/truck-repair\/auxiliary-power\/\">Alimentaci\u00f3n auxiliar<\/a><\/li>\n<li id=\"menu-item-380\" class=\"menu-item menu-item-type-post_type menu-item-object-page menu-item-380\"><a href=\"https:\/\/bettstruckparts.com\/es\/truck-repair\/brake-services\/\">Servicios de reparaci\u00f3n de frenos<\/a><\/li>\n<li id=\"menu-item-390\" class=\"menu-item menu-item-type-post_type menu-item-object-page menu-item-390\"><a href=\"https:\/\/bettstruckparts.com\/es\/truck-repair\/custom-u-bolts\/\">Pernos en U a medida<\/a><\/li>\n<li id=\"menu-item-389\" class=\"menu-item menu-item-type-post_type menu-item-object-page menu-item-389\"><a href=\"https:\/\/bettstruckparts.com\/es\/truck-repair\/dot-inspection\/\">Inspecci\u00f3n DOT<\/a><\/li>\n<li id=\"menu-item-388\" class=\"menu-item menu-item-type-post_type menu-item-object-page menu-item-388\"><a href=\"https:\/\/bettstruckparts.com\/es\/truck-repair\/drivetrain-repair\/\">Servicios de reparaci\u00f3n de trenes de transmisi\u00f3n<\/a><\/li>\n<li id=\"menu-item-387\" class=\"menu-item menu-item-type-post_type menu-item-object-page menu-item-387\"><a href=\"https:\/\/bettstruckparts.com\/es\/truck-repair\/electrical-repair\/\">Reparaci\u00f3n el\u00e9ctrica<\/a><\/li>\n<li id=\"menu-item-386\" class=\"menu-item menu-item-type-post_type menu-item-object-page menu-item-386\"><a href=\"https:\/\/bettstruckparts.com\/es\/truck-repair\/leaf-spring-repair\/\">Reparaci\u00f3n de ballestas<\/a><\/li>\n<li id=\"menu-item-385\" class=\"menu-item menu-item-type-post_type menu-item-object-page menu-item-385\"><a href=\"https:\/\/bettstruckparts.com\/es\/truck-repair\/steering-repair\/\">Reparaci\u00f3n de la direcci\u00f3n<\/a><\/li>\n<li id=\"menu-item-384\" class=\"menu-item menu-item-type-post_type menu-item-object-page menu-item-384\"><a href=\"https:\/\/bettstruckparts.com\/es\/truck-repair\/suspension-services\/\">Servicios de suspensi\u00f3n<\/a><\/li>\n<li id=\"menu-item-383\" class=\"menu-item menu-item-type-post_type menu-item-object-page menu-item-383\"><a href=\"https:\/\/bettstruckparts.com\/es\/truck-repair\/truck-axle-repair\/\">Reparaci\u00f3n de ejes de camiones<\/a><\/li>\n<\/ul><\/div><\/section>\n\t\t<\/div>\n\t<\/div>\n<\/div><\/div><\/div><div class=\"wpb_column vc_column_container vc_col-sm-9\"><div class=\"vc_column-inner vc_custom_1510682076814\"><div class=\"wpb_wrapper\"><div class=\"vc_row wpb_row vc_inner vc_row-fluid vc_custom_1746995119055\"><div class=\"wpb_column vc_column_container vc_col-sm-12\"><div class=\"vc_column-inner vc_custom_1486667994280\"><div class=\"wpb_wrapper\">\n\t<div class=\"wpb_text_column wpb_content_element\" >\n\t\t<div class=\"wpb_wrapper\">\n\t\t\t<h1 style=\"text-align: center;\">Reparaci\u00f3n de la suspensi\u00f3n de camiones pesados<\/h1>\n<h2 style=\"text-align: center;\">Sus talleres locales de confianza para la reparaci\u00f3n y el mantenimiento de la suspensi\u00f3n de camiones y remolques<\/h2>\n\n\t\t<\/div>\n\t<\/div>\n<div class=\"ubtn-ctn-center\"><a class=\"ubtn-link ult-adjust-bottom-margin ubtn-center ubtn-normal\" href=\"\/es\/contact\/\" ><button type=\"button\" id=\"ubtn-4513\"  class=\"ubtn ult-adjust-bottom-margin ult-responsive ubtn-normal ubtn-fade-bg  none  ubtn-center   tooltip-69f509f886acd\"  data-hover=\"#ffffff\" data-border-color=\"#ad172b\" data-bg=\"rgba(255,255,255,0.01)\" data-hover-bg=\"#ad172b\" data-border-hover=\"#ffffff\" data-shadow-hover=\"\" data-shadow-click=\"none\" data-shadow=\"\" data-shd-shadow=\"\"  data-ultimate-target='#ubtn-4513'  data-responsive-json-new='{\"font-size\":\"desktop:16px;\",\"line-height\":\"\"}'  style=\"font-weight:bold;border-radius:15px;border-width:2px;border-color:#ad172b;border-style:solid;background: rgba(255,255,255,0.01);color: #ad172b;\"><span class=\"ubtn-hover\" style=\"background-color:#ad172b\"><\/span><span class=\"ubtn-data ubtn-text\" >Concertar una cita<\/span><\/button><\/a><\/div>\n\t<div class=\"wpb_text_column wpb_content_element  vc_custom_1746996038961\" >\n\t\t<div class=\"wpb_wrapper\">\n\t\t\t<p>Incluso las mejores piezas de un cami\u00f3n se desgastan con el tiempo, y su sistema de suspensi\u00f3n no es una excepci\u00f3n. Su cami\u00f3n recorre miles de kil\u00f3metros cada a\u00f1o, y cada uno de ellos a\u00f1ade desgaste a la suspensi\u00f3n de su cami\u00f3n y a la suspensi\u00f3n del remolque.<\/p>\n<p>Betts Truck Parts &amp; Service ofrece una l\u00ednea completa de servicios de mantenimiento y reparaci\u00f3n de la suspensi\u00f3n, desde la sustituci\u00f3n de ballestas hasta revisiones completas, para ayudar a mantener su cami\u00f3n en la carretera y con una conducci\u00f3n suave.<\/p>\n<p>Podemos reconstruir o sustituir diversos componentes de la suspensi\u00f3n para todo tipo de camiones y remolques.<\/p>\n<h3><strong>Piezas de suspensi\u00f3n de repuesto para camiones<\/strong><\/h3>\n<p>Los camioneros saben lo importante que es que sus camiones y remolques sean revisados por mec\u00e1nicos expertos. Los mec\u00e1nicos de Betts' seven <a href=\"https:\/\/bettstruckparts.com\/es\/lugares\/\">centros de reparaci\u00f3n y servicio<\/a> son algunos de los mejores del sector, y nuestros t\u00e9cnicos de servicio ofrecen an\u00e1lisis expertos.<\/p>\n<p>En Betts Truck Parts &amp; Service, podemos reparar, reemplazar y dar servicio:<\/p>\n<ul>\n<li><strong>Amortiguadores de aire<\/strong><\/li>\n<li><strong>Amortiguadores<\/strong><\/li>\n<li><strong>V\u00e1lvulas niveladoras<\/strong><\/li>\n<li><strong>Perchas de suspensi\u00f3n<\/strong><\/li>\n<li><strong>Ganchos para grilletes<\/strong><\/li>\n<li><strong>Pasadores el\u00e1sticos<\/strong><\/li>\n<li><strong>Bujes<\/strong><\/li>\n<li><strong>Enganche del remolque<\/strong><\/li>\n<li><strong>Gancho<\/strong><\/li>\n<li><strong>Enganche de perno<\/strong><\/li>\n<li><strong>Brazos de torsi\u00f3n<\/strong><\/li>\n<li><strong>Pernos en U<\/strong><\/li>\n<li><strong>Quintas ruedas<\/strong><\/li>\n<li><strong>y m\u00e1s<\/strong><\/li>\n<\/ul>\n<p>Programar la suspensi\u00f3n del cami\u00f3n o remolque <a href=\"https:\/\/bettstruckparts.com\/es\/contacto\/\">servicios de suspensi\u00f3n<\/a> que necesita hoy, o <a href=\"https:\/\/bettstruckparts.com\/es\/contacto\/\">contacto Betts<\/a> para saber m\u00e1s.<\/p>\n<h3><strong>Bujes de suspensi\u00f3n para camiones<\/strong><\/h3>\n<p>\u00bfEs hora de sustituir los bujes da\u00f1ados, degradados o desgastados? Betts ofrece las piezas y el servicio que necesita para que su cami\u00f3n vuelva a funcionar sin problemas.<\/p>\n<h3><strong>Pernos en U a medida<\/strong><\/h3>\n<p>\u00bfNo encuentra un perno en U que se ajuste exactamente a sus necesidades? Deje que Betts Truck Parts &amp; Service dise\u00f1e y fabrique pernos en U a medida para la suspensi\u00f3n de su cami\u00f3n.<\/p>\n<h3><strong>D\u00f3nde encontrarnos<\/strong><\/h3>\n<p>Betts cuenta con siete centros de piezas y servicio en toda la Costa Oeste, junto con un centro de venta exclusiva de piezas. Nuestros centros de servicio ofrecen todo lo que necesita para garantizar que su cami\u00f3n est\u00e9 listo para las pr\u00f3ximas 100.000 millas y m\u00e1s. <a href=\"https:\/\/bettstruckparts.com\/es\/contacto\/\">Programar servicios de suspensi\u00f3n<\/a> para su cami\u00f3n o remolque hoy mismo.<\/p>\n<h4><strong>California<\/strong><\/h4>\n<ul>\n<li><a href=\"https:\/\/bettstruckparts.com\/es\/lugares\/fresno\/\">Fresno<\/a><\/li>\n<li><a href=\"https:\/\/bettstruckparts.com\/es\/lugares\/fontana\/\">Fontana<\/a><\/li>\n<li><a href=\"https:\/\/bettstruckparts.com\/es\/lugares\/sacramento\/\">Sacramento<\/a><\/li>\n<li><a href=\"https:\/\/bettstruckparts.com\/es\/lugares\/santa-fe-springs\/\">Santa Fe Springs<\/a><\/li>\n<li><a href=\"https:\/\/bettstruckparts.com\/es\/lugares\/san-leandro\/\">San Leandro<\/a><\/li>\n<\/ul>\n<h4><strong>Arizona<\/strong><\/h4>\n<ul>\n<li><a href=\"https:\/\/bettstruckparts.com\/es\/lugares\/fenix\/\">Phoenix<\/a><\/li>\n<\/ul>\n<h4><strong>Oreg\u00f3n<\/strong><\/h4>\n<ul>\n<li><a href=\"https:\/\/bettstruckparts.com\/es\/lugares\/portland\/\">Portland<\/a><\/li>\n<\/ul>\n<h3><strong>Nuestros clientes<\/strong><\/h3>\n<p>Betts presta servicio a flotas nacionales, regionales, flotas de la Costa Oeste y O\/Os. Adem\u00e1s de los servicios de suspensi\u00f3n de camiones, ofrecemos una amplia gama de otros <a href=\"https:\/\/bettstruckparts.com\/es\/reparacion-de-camiones\/\">servicios de tienda<\/a> para satisfacer las necesidades de nuestros clientes. Nuestros clientes son fieles porque saben que siempre estamos ah\u00ed para proporcionarles las piezas y el servicio que necesitan.<\/p>\n<h2><strong>Programe hoy mismo sus servicios de suspensi\u00f3n<\/strong><\/h2>\n<p>Ofrecemos una l\u00ednea completa de servicios orientados a los sistemas de suspensi\u00f3n de camiones y remolques. Desde la sustituci\u00f3n de ballestas a la revisi\u00f3n de la suspensi\u00f3n neum\u00e1tica, podemos mantener, reparar o reconstruir los componentes de suspensi\u00f3n para todo tipo de camiones y remolques.<\/p>\n<p><a href=\"https:\/\/bettstruckparts.com\/es\/contacto\/\">Concertar una cita<\/a> para servicios de suspensi\u00f3n hoy mismo.<\/p>\n\n\t\t<\/div>\n\t<\/div>\n<div class=\"ubtn-ctn-center\"><a class=\"ubtn-link ult-adjust-bottom-margin ubtn-center ubtn-normal\" href=\"\/es\/contact\/\" ><button type=\"button\" id=\"ubtn-9586\"  class=\"ubtn ult-adjust-bottom-margin ult-responsive ubtn-normal ubtn-fade-bg  none  ubtn-center   tooltip-69f509f886c5a\"  data-hover=\"#ffffff\" data-border-color=\"#ad172b\" data-bg=\"rgba(255,255,255,0.01)\" data-hover-bg=\"#ad172b\" data-border-hover=\"#ffffff\" data-shadow-hover=\"\" data-shadow-click=\"none\" data-shadow=\"\" data-shd-shadow=\"\"  data-ultimate-target='#ubtn-9586'  data-responsive-json-new='{\"font-size\":\"desktop:16px;\",\"line-height\":\"\"}'  style=\"font-weight:bold;border-radius:15px;border-width:2px;border-color:#ad172b;border-style:solid;background: rgba(255,255,255,0.01);color: #ad172b;\"><span class=\"ubtn-hover\" style=\"background-color:#ad172b\"><\/span><span class=\"ubtn-data ubtn-text\" >Concertar una cita<\/span><\/button><\/a><\/div><\/div><\/div><\/div><\/div><\/div><\/div><\/div><\/div>\n<\/div>","protected":false},"excerpt":{"rendered":"<p>Cami\u00f3n RepairAir Ride Control Rueda Servicio de Alineaci\u00f3n Auxiliares Servicios de Reparaci\u00f3n de Frenos Poder Personalizado U-Bolts Inspecci\u00f3n DOT Tren de Potencia Servicios de Reparaci\u00f3n El\u00e9ctrica Reparaci\u00f3n Leaf Spring Reparaci\u00f3n de Direcci\u00f3n Reparaci\u00f3n de Servicios de Suspensi\u00f3n Reparaci\u00f3n de Eje de Cami\u00f3n Reparaci\u00f3n de Suspensi\u00f3n de Camiones de Carga Pesada Su Cami\u00f3n Local de Confianza y Trailer Suspensi\u00f3n Reparaci\u00f3n y Mantenimiento Tiendas Programar una Cita Incluso las mejores piezas de camiones ...<\/p>","protected":false},"author":4,"featured_media":48,"parent":335,"menu_order":0,"comment_status":"closed","ping_status":"closed","template":"template-microsite.php","meta":{"footnotes":""},"class_list":["post-363","page","type-page","status-publish","has-post-thumbnail","hentry","description-off"],"_links":{"self":[{"href":"https:\/\/bettstruckparts.com\/es\/wp-json\/wp\/v2\/pages\/363","targetHints":{"allow":["GET"]}}],"collection":[{"href":"https:\/\/bettstruckparts.com\/es\/wp-json\/wp\/v2\/pages"}],"about":[{"href":"https:\/\/bettstruckparts.com\/es\/wp-json\/wp\/v2\/types\/page"}],"author":[{"embeddable":true,"href":"https:\/\/bettstruckparts.com\/es\/wp-json\/wp\/v2\/users\/4"}],"replies":[{"embeddable":true,"href":"https:\/\/bettstruckparts.com\/es\/wp-json\/wp\/v2\/comments?post=363"}],"version-history":[{"count":0,"href":"https:\/\/bettstruckparts.com\/es\/wp-json\/wp\/v2\/pages\/363\/revisions"}],"up":[{"embeddable":true,"href":"https:\/\/bettstruckparts.com\/es\/wp-json\/wp\/v2\/pages\/335"}],"wp:featuredmedia":[{"embeddable":true,"href":"https:\/\/bettstruckparts.com\/es\/wp-json\/wp\/v2\/media\/48"}],"wp:attachment":[{"href":"https:\/\/bettstruckparts.com\/es\/wp-json\/wp\/v2\/media?parent=363"}],"curies":[{"name":"wp","href":"https:\/\/api.w.org\/{rel}","templated":true}]}}