{"id":359,"date":"2017-12-06T23:56:58","date_gmt":"2017-12-07T07:56:58","guid":{"rendered":"https:\/\/bctps.wpengine.com\/?page_id=359"},"modified":"2026-03-31T18:13:53","modified_gmt":"2026-04-01T02:13:53","slug":"reparacion-de-ballestas","status":"publish","type":"page","link":"https:\/\/bettstruckparts.com\/es\/truck-repair\/leaf-spring-repair\/","title":{"rendered":"Reparaci\u00f3n de ballestas"},"content":{"rendered":"<div class=\"wpb-content-wrapper\"><div class=\"vc_row wpb_row vc_row-fluid vc_custom_1775009516184\"><div class=\"wpb_column vc_column_container vc_col-sm-12\"><div class=\"vc_column-inner\"><div class=\"wpb_wrapper\">\n\t<div class=\"wpb_text_column wpb_content_element\" >\n\t\t<div class=\"wpb_wrapper\">\n\t\t\t<h1 style=\"text-align: center;\">Servicios de reparaci\u00f3n y sustituci\u00f3n de ballestas<\/h1>\n\n\t\t<\/div>\n\t<\/div>\n<div class=\"ubtn-ctn-center\"><a class=\"ubtn-link ult-adjust-bottom-margin ubtn-center ubtn-normal\" href=\"https:\/\/bettstruckparts.com\/es\/contacto\/\"><button type=\"button\" id=\"ubtn-5121\"  class=\"ubtn ult-adjust-bottom-margin ult-responsive ubtn-normal ubtn-fade-bg  none  ubtn-center   tooltip-69deb6dfe1a9f\"  data-hover=\"#ffffff\" data-border-color=\"#ad172b\" data-bg=\"rgba(255,255,255,0.01)\" data-hover-bg=\"#ad172b\" data-border-hover=\"#ffffff\" data-shadow-hover=\"\" data-shadow-click=\"none\" data-shadow=\"\" data-shd-shadow=\"\"  data-ultimate-target='#ubtn-5121'  data-responsive-json-new='{\"font-size\":\"desktop:16px;\",\"line-height\":\"\"}'  style=\"font-weight:bold;border-radius:15px;border-width:2px;border-color:#ad172b;border-style:solid;background: rgba(255,255,255,0.01);color: #ad172b;\"><span class=\"ubtn-hover\" style=\"background-color:#ad172b\"><\/span><span class=\"ubtn-data ubtn-text\" >Concertar una cita<\/span><\/button><\/a><\/div>\n\t<div class=\"wpb_text_column wpb_content_element  vc_custom_1775009549107\" >\n\t\t<div class=\"wpb_wrapper\">\n\t\t\t<div class=\"row hidden-md hidden-lg\">\n<div class=\"col-xs-12 col-sm-12 col-md-8 col-lg-8\">\n<p>Si su cami\u00f3n, autob\u00fas, veh\u00edculo recreativo o remolque necesita reparaci\u00f3n de ballestas, ballestas de repuesto o muelles helicoidales de repuesto, Betts Truck Parts &amp; Service es su tienda integral con un amplio inventario, incluidas piezas para camiones volquete. Tambi\u00e9n nos especializamos en la reparaci\u00f3n de camiones de bomberos.<\/p>\n<p>Betts ofrece servicios de reparaci\u00f3n de ballestas para una amplia gama de camiones y remolques, incluidos camiones de las clases 6, 7 y 8; camiones ligeros y medianos; autobuses; autocaravanas y veh\u00edculos recreativos. Aseg\u00farese de hablar con nuestros t\u00e9cnicos de servicio sobre su <a href=\"https:\/\/bettstruckparts.com\/es\/reparacion-de-camiones\/alineacion\/\">alineaci\u00f3n de camiones<\/a>que puede realizarse en todos nuestros centros TPS tras la reparaci\u00f3n de sus ballestas.<\/p>\n<p>Tenemos <a href=\"https:\/\/bettstruckparts.com\/es\/lugares\/\">ocho talleres de reparaci\u00f3n de ballestas<\/a> en los siguientes lugares:<\/p>\n<ul>\n<li><a href=\"https:\/\/bettstruckparts.com\/es\/reparacion-de-camiones\/reparacion-de-ballestas\/reparacion-de-ballestas-fresno\/\">Reparaci\u00f3n de ballestas en Fresno, CA<\/a><\/li>\n<li><a href=\"https:\/\/bettstruckparts.com\/es\/reparacion-de-camiones\/reparacion-de-ballestas\/fontana\/\">Reparaci\u00f3n de Ballestas en Fontana, CA<\/a><\/li>\n<li><a href=\"https:\/\/bettstruckparts.com\/es\/reparacion-de-camiones\/reparacion-de-ballestas\/sacramento\/\">Reparaci\u00f3n de ballestas en Sacramento, CA<\/a><\/li>\n<li><a href=\"https:\/\/bettstruckparts.com\/es\/reparacion-de-camiones\/reparacion-de-ballestas\/santa-fe-springs\/\">Reparaci\u00f3n de ballestas en Santa Fe Springs, CA<\/a><\/li>\n<li><a href=\"https:\/\/bettstruckparts.com\/es\/reparacion-de-camiones\/reparacion-de-ballestas\/san-leandro\/\">Reparaci\u00f3n de ballestas en San Leandro, CA<\/a><\/li>\n<li><a href=\"https:\/\/bettstruckparts.com\/es\/reparacion-de-camiones\/reparacion-de-ballestas\/fenix\/\">Reparaci\u00f3n de ballestas en Phoenix, AZ<\/a><\/li>\n<li><a href=\"https:\/\/bettstruckparts.com\/es\/reparacion-de-camiones\/reparacion-de-ballestas\/portland\/\">Reparaci\u00f3n de ballestas en Portland, OR<\/a><\/li>\n<li><a href=\"https:\/\/bettstruckparts.com\/es\/reparacion-de-camiones\/reparacion-de-ballestas\/valle-del-sol\/\">Reparaci\u00f3n de ballestas en Sun Valley, CA<\/a><\/li>\n<\/ul>\n<div id=\"attachment_2898\" style=\"width: 310px\" class=\"wp-caption alignright\"><img decoding=\"async\" aria-describedby=\"caption-attachment-2898\" class=\"wp-image-2898 size-medium\" src=\"https:\/\/bettstruckparts.com\/wp-content\/uploads\/2024\/03\/leaf-spring-repair-phoenix-300x300.jpg\" alt=\"reparaci\u00f3n de ballestas en Phoenix en Betts Truck Parts\" width=\"300\" height=\"300\" srcset=\"https:\/\/bettstruckparts.com\/wp-content\/uploads\/2024\/03\/leaf-spring-repair-phoenix-300x300.jpg 300w, https:\/\/bettstruckparts.com\/wp-content\/uploads\/2024\/03\/leaf-spring-repair-phoenix-150x150.jpg 150w, https:\/\/bettstruckparts.com\/wp-content\/uploads\/2024\/03\/leaf-spring-repair-phoenix.jpg 500w\" sizes=\"(max-width: 300px) 100vw, 300px\" \/><p id=\"caption-attachment-2898\" class=\"wp-caption-text\">Sustituci\u00f3n de ballestas en un semirremolque en Betts, Phoenix, Arizona.<\/p><\/div>\n<h3>Reparaci\u00f3n de ballestas y sustituci\u00f3n de ballestas para camiones y veh\u00edculos comerciales<\/h3>\n<p>Betts Truck Parts &amp; Service es un taller l\u00edder en muelles que ofrece servicios completos de reparaci\u00f3n y sustituci\u00f3n de muelles de ballesta para camiones y remolques de todas las marcas y modelos. Tambi\u00e9n nos especializamos en la reparaci\u00f3n de la suspensi\u00f3n, garantizando la seguridad y el rendimiento de su veh\u00edculo. Proporcionamos muelles de ballesta, muelles helicoidales y piezas de repuesto para camiones para reparaciones y mantenimiento de bricolaje. Tenga la seguridad de que Betts ofrece una variedad de servicios para ayudar a solucionar el problema, as\u00ed como para mantener su tiempo de inactividad al m\u00ednimo, incluyendo:<\/p>\n<ul>\n<li>\n<ul>\n<li><strong>Reparaci\u00f3n y sustituci\u00f3n de ballestas para camiones pesados<\/strong><\/li>\n<li><strong>Muelles de recambio para camiones ligeros y medianos<\/strong><\/li>\n<li><strong>Ballestas de recambio para remolques<\/strong><\/li>\n<li><strong>Reparaci\u00f3n o sustituci\u00f3n de equipos agr\u00edcolas<\/strong><\/li>\n<li><strong>Autobuses, autocaravanas y veh\u00edculos recreativos<\/strong><\/li>\n<li><strong>Suspensi\u00f3n neum\u00e1tica de ballesta<\/strong><\/li>\n<li><strong>Ballestas a medida<\/strong><\/li>\n<\/ul>\n<\/li>\n<\/ul>\n<h3><\/h3>\n<h3 style=\"text-align: left;\">Los muelles de ballesta son un componente clave del sistema de suspensi\u00f3n de su veh\u00edculo<\/h3>\n<\/div>\n<\/div>\n<div>\n<p>Los muelles de ballesta son componentes clave del sistema de suspensi\u00f3n de su veh\u00edculo y remolque y proporcionan soporte para una conducci\u00f3n suave y fiable. La exposici\u00f3n a la sal de la carretera y a elementos agresivos, el transporte de cargas pesadas y la conducci\u00f3n por carreteras en mal estado pueden provocar corrosi\u00f3n o da\u00f1os que debiliten la estructura de un muelle. Despu\u00e9s de incontables kil\u00f3metros en la carretera, es inevitable que llegue un momento en que este sistema de soporte necesite reparaci\u00f3n.<\/p>\n<\/div>\n<div>\n<p>La frecuencia de reparaci\u00f3n o sustituci\u00f3n de ballestas y muelles helicoidales puede variar en funci\u00f3n de una serie de factores. Realizando inspecciones frecuentes y programando el servicio cuando sea necesario, puede ayudar a mantener el sistema de suspensi\u00f3n, las ballestas y los pasadores de ballesta de su cami\u00f3n o remolque en las mejores condiciones.<\/p>\n<\/div>\n<div>\n<p>Las ballestas se remontan a siglos atr\u00e1s y se utilizaban originalmente en carruajes tirados por caballos, y m\u00e1s tarde en la mayor\u00eda de los veh\u00edculos de motor hasta que los fabricantes empezaron a sustituirlas por muelles helicoidales. Hoy en d\u00eda, las ballestas se utilizan en los sistemas de suspensi\u00f3n de semirremolques, camiones, remolques, autocaravanas y otros veh\u00edculos que transportan cargas pesadas. Las ballestas para camiones son delgadas, tienen forma de arco y est\u00e1n fabricadas con varias capas de acero c\u00f3nico para muelles. Estas ballestas modernas, conocidas como ballestas parab\u00f3licas, utilizan menos hojas que las versiones est\u00e1ndar, pero siguen siendo capaces de soportar la misma cantidad de peso.<\/p>\n<\/div>\n<p>Se instalan en el eje delantero o trasero de un veh\u00edculo y funcionan proporcionando un soporte adicional que ayuda a aliviar la presi\u00f3n ejercida sobre el eje por el peso adicional. Adem\u00e1s de soportar el peso adicional, las ballestas ayudan a mantener los neum\u00e1ticos alineados y a absorber los impactos que se producen al pasar por baches, baches y carreteras en mal estado.<\/p>\n<div class=\"row hidden-xs hidden-sm\">\n<div class=\"col-xs-12 col-sm-12 col-md-4 col-lg-4 schedule_row\">\n<div class=\"ubtn-ctn-left\"><a class=\"ubtn-link ult-adjust-bottom-margin ubtn-left ubtn-normal\" href=\"\/es\/contacto\/\" ><button type=\"button\" id=\"ubtn-1460\"  class=\"ubtn ult-adjust-bottom-margin ult-responsive ubtn-normal ubtn-fade-bg  none  ubtn-left   tooltip-69deb6dfe1e06\"  data-hover=\"#ffffff\" data-border-color=\"#ad172b\" data-bg=\"rgba(255,255,255,0.01)\" data-hover-bg=\"#ad172b\" data-border-hover=\"#ffffff\" data-shadow-hover=\"\" data-shadow-click=\"none\" data-shadow=\"\" data-shd-shadow=\"\"  data-ultimate-target='#ubtn-1460'  data-responsive-json-new='{\"font-size\":\"desktop:16px;\",\"line-height\":\"\"}'  style=\"font-weight:bold;border-radius:15px;border-width:2px;border-color:#ad172b;border-style:solid;background: rgba(255,255,255,0.01);color: #ad172b;\"><span class=\"ubtn-hover\" style=\"background-color:#ad172b\"><\/span><span class=\"ubtn-data ubtn-text\" >Concertar una cita<\/span><\/button><\/a><\/div>\n<p><img decoding=\"async\" class=\"aligncenter wp-image-718 size-large\" src=\"https:\/\/bettstruckparts.com\/wp-content\/uploads\/2017\/12\/1550726-1024x768.jpg\" alt=\"reparaci\u00f3n de ballestas\" width=\"1024\" height=\"768\" srcset=\"https:\/\/bettstruckparts.com\/wp-content\/uploads\/2017\/12\/1550726-1024x768.jpg 1024w, https:\/\/bettstruckparts.com\/wp-content\/uploads\/2017\/12\/1550726-300x225.jpg 300w, https:\/\/bettstruckparts.com\/wp-content\/uploads\/2017\/12\/1550726-768x576.jpg 768w, https:\/\/bettstruckparts.com\/wp-content\/uploads\/2017\/12\/1550726.jpg 1400w\" sizes=\"(max-width: 1024px) 100vw, 1024px\" \/><\/p>\n<\/div>\n<h3>\u00bfSE PUEDEN REPARAR LAS BALLESTAS?<\/h3>\n<p style=\"font-weight: 400;\">La reparaci\u00f3n de ballestas es un proceso de varios pasos que puede resultar dif\u00edcil, especialmente si no tiene acceso al equipo adecuado. Los pasos incluyen levantar el cami\u00f3n con un gato, retirar los elementos circundantes de forma segura y, por \u00faltimo, retirar los muelles. El proceso de reparaci\u00f3n puede ser m\u00e1s complicado e incluso peligroso para los semirremolques y otros veh\u00edculos grandes.<\/p>\n<p style=\"font-weight: 400;\">Encargar a un taller la sustituci\u00f3n de las ballestas puede garantizar que se instala la ballesta correcta y segura para su veh\u00edculo y su capacidad de carga. Instalar la ballesta incorrecta puede provocar un desgaste prematuro que afecta a la esperanza de vida de las ballestas y conduce a una sustituci\u00f3n m\u00e1s frecuente de las ballestas y otros componentes de la suspensi\u00f3n.<\/p>\n<p style=\"font-weight: 400;\">La mayor\u00eda de las ballestas duran varios a\u00f1os, pero factores como la carga y la exposici\u00f3n a la intemperie pueden provocar una tensi\u00f3n o corrosi\u00f3n adicionales que aumenten la frecuencia con la que deben sustituirse.<\/p>\n<h3>SE\u00d1ALES COMUNES DE QUE SUS BALLESTAS NECESITAN SER REEMPLAZADAS<\/h3>\n<p style=\"font-weight: 400;\">Los signos m\u00e1s comunes de que las ballestas necesitan ser sustituidas incluyen la presencia de grietas y fracturas o un cambio en la forma de conducir de su veh\u00edculo. Tambi\u00e9n puede notar que su veh\u00edculo se inclina hacia un lado cuando no hay carga presente. Otros signos de que sus ballestas necesitan reparaci\u00f3n o sustituci\u00f3n se producen mientras conduce y pueden incluir uno o m\u00e1s de los siguientes s\u00edntomas:<\/p>\n<ul>\n<li><strong>Dificultad para girar el volante o echarse hacia un lado mientras conduce.<\/strong><\/li>\n<li><strong>Rebotes y vibraciones: <\/strong>Sentir incluso peque\u00f1os baches mientras conduce por la carretera significa que sus ballestas est\u00e1n luchando para absorber los impactos de los baches y las irregularidades de la carretera.<\/li>\n<li><strong>Tocando fondo: <\/strong>Si la suspensi\u00f3n de su cami\u00f3n hace tope, especialmente cuando transporta cargas pesadas, es probable que sea un signo de que las ballestas est\u00e1n d\u00e9biles o da\u00f1adas.<\/li>\n<li><strong>Flacidez o ca\u00edda: <\/strong>Su cami\u00f3n tiene una ca\u00edda notable en la parte delantera o trasera, se inclina hacia atr\u00e1s o rueda con impulso.<\/li>\n<li><strong>Ballestas da\u00f1adas: <\/strong>Si sus ballestas est\u00e1n visiblemente da\u00f1adas por grietas, \u00f3xido, roturas o deformaciones, es importante sustituirlas inmediatamente.<\/li>\n<li><strong>Muelles de ballesta ruidosos<\/strong>: Los crujidos, chirridos o ruidos al pasar por baches pueden indicar que los casquillos est\u00e1n desgastados o las ballestas agrietadas.<\/li>\n<\/ul>\n<h3>S\u00cdNTOMAS DE BUJES DE BALLESTA EN MAL ESTADO<\/h3>\n<p style=\"font-weight: 400;\">Los bujes de ballesta trabajan en conjunto con las ballestas y otros componentes de la suspensi\u00f3n para proporcionar el apoyo que le da a su cami\u00f3n una conducci\u00f3n suave y un manejo adecuado. Al igual que las ballestas, ayudan a absorber el choque y la presi\u00f3n causada por la flexi\u00f3n de la hoja y tendr\u00e1n que ser reemplazados una vez que se desgastan. Los s\u00edntomas de bujes de ballesta malos tambi\u00e9n incluyen sentir cada bache en la carretera, su cami\u00f3n tirando hacia un lado o sumergi\u00e9ndose o inclin\u00e1ndose con el impulso. Si usted nota cualquiera de estos s\u00edntomas debe tener sus bujes de ballesta inspeccionados inmediatamente por una tienda de ballesta.<\/p>\n<p style=\"font-weight: 400;\">Debido a que algunos de estos signos pueden ser bastante sutiles al principio, siempre es una buena idea inspeccionar peri\u00f3dicamente las ballestas, los casquillos de ballesta y otros componentes, especialmente si conduce un semirremolque u otro cami\u00f3n que transporte con frecuencia cargas pesadas.<\/p>\n<p style=\"font-weight: 400;\">Tanto la rotura como la separaci\u00f3n de una ballesta pueden deberse a la fatiga provocada por el desgaste general o la sobrecarga. Si una de sus ballestas se rompe o se separa, es importante que lleve su cami\u00f3n o remolque al taller lo antes posible. Si la ballesta rota no est\u00e1 colocada en el eje trasero, puede ser seguro conducir una distancia corta, como hasta su casa o un taller cercano.<\/p>\n<p style=\"font-weight: 400;\">Aseg\u00farese de conducir despacio y de no dar volantazos ni hacer giros bruscos, ya que la direcci\u00f3n no funcionar\u00e1 como lo har\u00eda normalmente y los neum\u00e1ticos podr\u00edan perder agarre a la carretera. Conducir con un grillete de ballesta roto o con ballestas da\u00f1adas o fatigadas no solo da\u00f1a los dem\u00e1s componentes de la suspensi\u00f3n, sino que puede ser peligroso para ti y para los dem\u00e1s conductores.<\/p>\n<h3>\u00bfCU\u00c1LES SON LAS CAUSAS DEL FALLO DE LAS BALLESTAS?<\/h3>\n<p style=\"font-weight: 400;\">La vida \u00fatil de las ballestas puede variar en funci\u00f3n de las condiciones de la carretera, la frecuencia de transporte y el peso de las cargas transportadas. Hay varios factores que hacen que las ballestas fallen con el tiempo. Algunas de las causas m\u00e1s comunes de fallo de las ballestas son:<\/p>\n<ul>\n<li style=\"font-weight: 400;\"><strong>PERNOS EN U SUELTOS - <\/strong>En <a href=\"https:\/\/bettstruckparts.com\/es\/reparacion-de-camiones\/pernos-en-u-personalizados\/\">Pernos en U<\/a> que fijan las ballestas a la caja del eje pueden aflojarse con el tiempo o pueden surgir problemas cuando los pernos en U no se aprietan lo suficiente durante la instalaci\u00f3n.  Usted puede ayudar a prevenir problemas comprobando sus pernos en U cada 500 millas m\u00e1s o menos para asegurarse de que no se han aflojado.<\/li>\n<li style=\"font-weight: 400;\"><strong>CORROSI\u00d3N POR LA SAL DE LA CARRETERA Y EL DESGASTE GENERAL - <\/strong>Con el tiempo, las ballestas pueden corroerse o fatigarse. La causa de la fatiga suele ser una combinaci\u00f3n de la exposici\u00f3n a los elementos y el desgaste normal por el transporte de cargas pesadas. El tiempo que tardan las ballestas en corroerse o fatigarse var\u00eda en funci\u00f3n del tipo de clima, la frecuencia de transporte y el peso de la carga. Puede ayudar a prolongar la vida de sus ballestas lavando regularmente las piezas de su cami\u00f3n en los meses de invierno y manteniendo los tama\u00f1os de carga adecuados para su cami\u00f3n.<\/li>\n<li style=\"font-weight: 400;\"><strong>SOBRECARGAR SU CAMI\u00d3N O SEMIRREMOLQUE - <\/strong>Sobrecargar el veh\u00edculo o transportar cargas desiguales tambi\u00e9n puede afectar a la vida \u00fatil de las ballestas. Lleve siempre cargas apropiadas para su tipo de cami\u00f3n o remolque para evitar un desgaste excesivo de las ballestas, o cambie a ballestas con mayor capacidad de carga. Cuando fije o suelde accesorios a la carrocer\u00eda de su cami\u00f3n o semirremolque, tenga cuidado con las salpicaduras de soldadura, que pueden da\u00f1ar las ballestas. Tambi\u00e9n es importante que nunca intente soldar una ballesta.<\/li>\n<\/ul>\n<h3>C\u00d3MO LIMPIAR LAS BALLESTAS DE SU CAMI\u00d3N<\/h3>\n<p style=\"font-weight: 400;\">Una cosa que puede hacer para prolongar la vida \u00fatil de las ballestas es limpiarlas con regularidad. La limpieza de las ballestas ayuda a eliminar los residuos y la suciedad que quedan atrapados entre las hojas, evitando el desgaste excesivo y la corrosi\u00f3n. Las ballestas suelen apelmazarse con grasa y suciedad, por lo que para limpiarlas necesitar\u00e1 un cepillo de cerdas met\u00e1licas y un l\u00edquido desengrasante pulverizable. Tambi\u00e9n tendr\u00e1 que llevar guantes y gafas para protegerse de los residuos y los productos de limpieza.<\/p>\n<p style=\"font-weight: 400;\">Para limpiar los muelles, roc\u00ede ligeramente l\u00edquido desengrasante y frote con el cepillo hasta eliminar todos los restos. Si no hay muchos restos, puede utilizar simplemente el cepillo de alambre. Mientras limpia, inspeccione las ballestas en busca de grietas, astillas u otros signos de desgaste. Una vez limpias las ballestas, puede aplicar un lubricante de silicona, aunque no es necesario.<\/p>\n<p style=\"font-weight: 400;\">La limpieza de las ballestas requiere levantar el veh\u00edculo y desmontar los neum\u00e1ticos y los soportes del eje para acceder a las ballestas. Si no dispone del equipo adecuado para realizar la limpieza usted mismo, este servicio puede realizarse f\u00e1cilmente en su taller local de reparaci\u00f3n de ballestas. Si tiene m\u00e1s preguntas sobre el cuidado de las ballestas, p\u00f3ngase en contacto con el fabricante.<\/p>\n<h3>\u00bfDE QU\u00c9 MATERIAL EST\u00c1N HECHAS LAS BALLESTAS?<\/h3>\n<p style=\"font-weight: 400;\">Los muelles de varias hojas se construyen con varias chapas finas de acero al carbono cortadas en longitudes secuenciales. Para crear el muelle, las placas de acero se sujetan entre s\u00ed y se moldean en forma de arco. Una vez conformada, la ballesta de suspensi\u00f3n se somete a un tratamiento t\u00e9rmico para endurecer el acero, lo que aumenta su resistencia y capacidad de carga.<\/p>\n<p style=\"font-weight: 400;\">Programe su cita de servicio a continuaci\u00f3n o\u00a0<a href=\"https:\/\/bettstruckparts.com\/es\/contacto\/\">Contacto<\/a>\u00a0para m\u00e1s informaci\u00f3n.<\/p>\n<p><span style=\"font-weight: 400;\">Para obtener m\u00e1s informaci\u00f3n sobre la normativa CSA relativa a los sistemas de suspensi\u00f3n, incluidas las ballestas,\u00a0<a href=\"https:\/\/csa.fmcsa.dot.gov\/safetyplanner\/MyFiles\/SubSections.aspx?ch=22&amp;sec=64&amp;sub=142\" target=\"_blank\" rel=\"noopener\">visite la p\u00e1gina del Planificador de Seguridad del Autotransporte de la CSA<\/a>.<\/span><\/p>\n<\/div>\n\n\t\t<\/div>\n\t<\/div>\n<div class=\"ubtn-ctn-center\"><a class=\"ubtn-link ult-adjust-bottom-margin ubtn-center ubtn-normal\" href=\"https:\/\/bettstruckparts.com\/es\/contacto\/\"><button type=\"button\" id=\"ubtn-4213\"  class=\"ubtn ult-adjust-bottom-margin ult-responsive ubtn-normal ubtn-fade-bg  none  ubtn-center   tooltip-69deb6dfe1ebd\"  data-hover=\"#ffffff\" data-border-color=\"#ad172b\" data-bg=\"rgba(255,255,255,0.01)\" data-hover-bg=\"#ad172b\" data-border-hover=\"#ffffff\" data-shadow-hover=\"\" data-shadow-click=\"none\" data-shadow=\"\" data-shd-shadow=\"\"  data-ultimate-target='#ubtn-4213'  data-responsive-json-new='{\"font-size\":\"desktop:16px;\",\"line-height\":\"\"}'  style=\"font-weight:bold;border-radius:15px;border-width:2px;border-color:#ad172b;border-style:solid;background: rgba(255,255,255,0.01);color: #ad172b;\"><span class=\"ubtn-hover\" style=\"background-color:#ad172b\"><\/span><span class=\"ubtn-data ubtn-text\" >Concertar una cita<\/span><\/button><\/a><\/div><\/div><\/div><\/div><\/div>\n<\/div>","protected":false},"excerpt":{"rendered":"<p>Leaf Spring Repair &amp; Replacement Services Schedule an Appointment If your truck, bus, RV, or trailer needs leaf spring repair, replacement leaf springs, or replacement coil springs, Betts Truck Parts &amp; Service is your one-stop shop with an extensive inventory, including parts for dump trucks. We also specialize in the repair of fire trucks. Betts&hellip;<\/p>","protected":false},"author":4,"featured_media":0,"parent":335,"menu_order":0,"comment_status":"closed","ping_status":"closed","template":"template-microsite.php","meta":{"footnotes":""},"class_list":["post-359","page","type-page","status-publish","hentry","description-off"],"_links":{"self":[{"href":"https:\/\/bettstruckparts.com\/es\/wp-json\/wp\/v2\/pages\/359","targetHints":{"allow":["GET"]}}],"collection":[{"href":"https:\/\/bettstruckparts.com\/es\/wp-json\/wp\/v2\/pages"}],"about":[{"href":"https:\/\/bettstruckparts.com\/es\/wp-json\/wp\/v2\/types\/page"}],"author":[{"embeddable":true,"href":"https:\/\/bettstruckparts.com\/es\/wp-json\/wp\/v2\/users\/4"}],"replies":[{"embeddable":true,"href":"https:\/\/bettstruckparts.com\/es\/wp-json\/wp\/v2\/comments?post=359"}],"version-history":[{"count":0,"href":"https:\/\/bettstruckparts.com\/es\/wp-json\/wp\/v2\/pages\/359\/revisions"}],"up":[{"embeddable":true,"href":"https:\/\/bettstruckparts.com\/es\/wp-json\/wp\/v2\/pages\/335"}],"wp:attachment":[{"href":"https:\/\/bettstruckparts.com\/es\/wp-json\/wp\/v2\/media?parent=359"}],"curies":[{"name":"wp","href":"https:\/\/api.w.org\/{rel}","templated":true}]}}