{"id":355,"date":"2017-12-06T23:54:12","date_gmt":"2017-12-06T23:54:12","guid":{"rendered":"https:\/\/bctps.wpengine.com\/?page_id=355"},"modified":"2025-06-24T12:56:49","modified_gmt":"2025-06-24T20:56:49","slug":"reparacion-de-la-transmision","status":"publish","type":"page","link":"https:\/\/bettstruckparts.com\/es\/truck-repair\/drivetrain-repair\/","title":{"rendered":"Servicios de reparaci\u00f3n de trenes de transmisi\u00f3n"},"content":{"rendered":"<div class=\"wpb-content-wrapper\"><div class=\"vc_row wpb_row vc_row-fluid vc_custom_1516047692249 vc_row-has-fill vc_row-o-equal-height vc_row-flex\"><div class=\"wpb_column vc_column_container vc_col-sm-3 vc_col-has-fill\"><div class=\"vc_column-inner vc_custom_1510682040425\"><div class=\"wpb_wrapper\"><div  class=\"wpb_widgetised_column wpb_content_element sidebar-content\">\n\t\t<div class=\"wpb_wrapper\">\n\t\t\t\n\t\t\t<section id=\"nav_menu-4\" class=\"widget widget_nav_menu\"><div class=\"widget-title\">Reparaci\u00f3n de camiones<\/div><div class=\"menu-truck-repair-container\"><ul id=\"menu-truck-repair\" class=\"menu\"><li id=\"menu-item-341\" class=\"menu-item menu-item-type-post_type menu-item-object-page menu-item-341\"><a href=\"https:\/\/bettstruckparts.com\/es\/truck-repair\/air-ride-control\/\">Control de la suspensi\u00f3n neum\u00e1tica<\/a><\/li>\n<li id=\"menu-item-382\" class=\"menu-item menu-item-type-post_type menu-item-object-page menu-item-382\"><a href=\"https:\/\/bettstruckparts.com\/es\/truck-repair\/truck-wheel-alignments\/\">Servicio de alineaci\u00f3n de ruedas<\/a><\/li>\n<li id=\"menu-item-381\" class=\"menu-item menu-item-type-post_type menu-item-object-page menu-item-381\"><a href=\"https:\/\/bettstruckparts.com\/es\/truck-repair\/auxiliary-power\/\">Alimentaci\u00f3n auxiliar<\/a><\/li>\n<li id=\"menu-item-380\" class=\"menu-item menu-item-type-post_type menu-item-object-page menu-item-380\"><a href=\"https:\/\/bettstruckparts.com\/es\/truck-repair\/brake-services\/\">Servicios de reparaci\u00f3n de frenos<\/a><\/li>\n<li id=\"menu-item-390\" class=\"menu-item menu-item-type-post_type menu-item-object-page menu-item-390\"><a href=\"https:\/\/bettstruckparts.com\/es\/truck-repair\/custom-u-bolts\/\">Pernos en U a medida<\/a><\/li>\n<li id=\"menu-item-389\" class=\"menu-item menu-item-type-post_type menu-item-object-page menu-item-389\"><a href=\"https:\/\/bettstruckparts.com\/es\/truck-repair\/dot-inspection\/\">Inspecci\u00f3n DOT<\/a><\/li>\n<li id=\"menu-item-388\" class=\"menu-item menu-item-type-post_type menu-item-object-page menu-item-388\"><a href=\"https:\/\/bettstruckparts.com\/es\/truck-repair\/drivetrain-repair\/\">Servicios de reparaci\u00f3n de trenes de transmisi\u00f3n<\/a><\/li>\n<li id=\"menu-item-387\" class=\"menu-item menu-item-type-post_type menu-item-object-page menu-item-387\"><a href=\"https:\/\/bettstruckparts.com\/es\/truck-repair\/electrical-repair\/\">Reparaci\u00f3n el\u00e9ctrica<\/a><\/li>\n<li id=\"menu-item-386\" class=\"menu-item menu-item-type-post_type menu-item-object-page menu-item-386\"><a href=\"https:\/\/bettstruckparts.com\/es\/truck-repair\/leaf-spring-repair\/\">Reparaci\u00f3n de ballestas<\/a><\/li>\n<li id=\"menu-item-385\" class=\"menu-item menu-item-type-post_type menu-item-object-page menu-item-385\"><a href=\"https:\/\/bettstruckparts.com\/es\/truck-repair\/steering-repair\/\">Reparaci\u00f3n de la direcci\u00f3n<\/a><\/li>\n<li id=\"menu-item-384\" class=\"menu-item menu-item-type-post_type menu-item-object-page menu-item-384\"><a href=\"https:\/\/bettstruckparts.com\/es\/truck-repair\/suspension-services\/\">Servicios de suspensi\u00f3n<\/a><\/li>\n<li id=\"menu-item-383\" class=\"menu-item menu-item-type-post_type menu-item-object-page menu-item-383\"><a href=\"https:\/\/bettstruckparts.com\/es\/truck-repair\/truck-axle-repair\/\">Reparaci\u00f3n de ejes de camiones<\/a><\/li>\n<\/ul><\/div><\/section>\n\t\t<\/div>\n\t<\/div>\n<\/div><\/div><\/div><div class=\"wpb_column vc_column_container vc_col-sm-9\"><div class=\"vc_column-inner vc_custom_1510682076814\"><div class=\"wpb_wrapper\"><div class=\"vc_row wpb_row vc_inner vc_row-fluid vc_custom_1746981211017\"><div class=\"wpb_column vc_column_container vc_col-sm-12\"><div class=\"vc_column-inner\"><div class=\"wpb_wrapper\">\n\t<div class=\"wpb_text_column wpb_content_element\" >\n\t\t<div class=\"wpb_wrapper\">\n\t\t\t<h1 style=\"text-align: center;\">Servicios expertos de reparaci\u00f3n del tren de transmisi\u00f3n de camiones pesados<\/h1>\n<h2 style=\"text-align: center;\">Mantenga su equipo en movimiento: Soluciones fiables para la transmisi\u00f3n, el diferencial y la l\u00ednea motriz<\/h2>\n\n\t\t<\/div>\n\t<\/div>\n<div class=\"ubtn-ctn-center\"><a class=\"ubtn-link ult-adjust-bottom-margin ubtn-center ubtn-normal\" href=\"\/es\/contact\/\" ><button type=\"button\" id=\"ubtn-4914\"  class=\"ubtn ult-adjust-bottom-margin ult-responsive ubtn-normal ubtn-fade-bg  none  ubtn-center   tooltip-69d27500879f9\"  data-hover=\"#ffffff\" data-border-color=\"#ad172b\" data-bg=\"rgba(255,255,255,0.01)\" data-hover-bg=\"#ad172b\" data-border-hover=\"#ffffff\" data-shadow-hover=\"\" data-shadow-click=\"none\" data-shadow=\"\" data-shd-shadow=\"\"  data-ultimate-target='#ubtn-4914'  data-responsive-json-new='{\"font-size\":\"desktop:16px;\",\"line-height\":\"\"}'  style=\"font-weight:bold;border-radius:15px;border-width:2px;border-color:#ad172b;border-style:solid;background: rgba(255,255,255,0.01);color: #ad172b;\"><span class=\"ubtn-hover\" style=\"background-color:#ad172b\"><\/span><span class=\"ubtn-data ubtn-text\" >Concertar una cita<\/span><\/button><\/a><\/div>\n\t<div class=\"wpb_text_column wpb_content_element  vc_custom_1747516460056\" >\n\t\t<div class=\"wpb_wrapper\">\n\t\t\t<p>La transmisi\u00f3n es el motor de su cami\u00f3n pesado, responsable de transferir la potencia del motor a las ruedas y mantener su operaci\u00f3n en movimiento. Es un sistema complejo que abarca la transmisi\u00f3n, la l\u00ednea motriz (\u00e1rbol de transmisi\u00f3n), el diferencial y el embrague. Cuando cualquier pieza de este sistema cr\u00edtico falla, no s\u00f3lo significa un viaje duro, sino tambi\u00e9n un costoso tiempo de inactividad, riesgos potenciales para la seguridad y horarios interrumpidos. Reconocer las se\u00f1ales de advertencia y saber d\u00f3nde acudir para una reparaci\u00f3n experta de la transmisi\u00f3n es crucial tanto para los propietarios como para los gestores de flotas.<br \/>\nBetts Truck Parts &amp; Service se especializa en el diagn\u00f3stico, la reparaci\u00f3n y el mantenimiento integrales del tren de transmisi\u00f3n para veh\u00edculos comerciales Clase 8, y presta servicios a flotas regionales y nacionales en toda la Costa Oeste.<\/p>\n<h3>Se\u00f1ales de advertencia: No ignore los problemas del tren de transmisi\u00f3n<\/h3>\n<p>Su cami\u00f3n suele dar se\u00f1ales cuando los componentes de la transmisi\u00f3n se desgastan o fallan. Prestar atenci\u00f3n a estas se\u00f1ales puede ayudarle a solucionar los problemas antes de que se conviertan en aver\u00edas graves:<\/p>\n<ul>\n<li><strong>Ruidos de molienda:<\/strong> A menudo indica problemas en la transmisi\u00f3n (engranajes desgastados, rodamientos, sincronizadores) o en el diferencial (engranajes da\u00f1ados).<\/li>\n<li><strong>Sacudidas o vibraciones:<\/strong> Puede indicar un eje de transmisi\u00f3n desequilibrado, juntas en U desgastadas o problemas en la transmisi\u00f3n o el diferencial.<\/li>\n<li><strong>Olor a quemado:<\/strong> Frecuentemente se asocia a un sobrecalentamiento de la transmisi\u00f3n o a un embrague que patina, lo que indica una fricci\u00f3n excesiva y una posible rotura del fluido.<\/li>\n<li><strong>Deslizamiento:<\/strong> La transmisi\u00f3n puede tener problemas para mantener la marcha, o el embrague puede no engranar completamente, provocando una p\u00e9rdida de transmisi\u00f3n de potencia.<\/li>\n<li><strong>Arrastre (Embrague):<\/strong> Dificultad para desembragar el embrague, lo que dificulta el cambio de marchas o provoca chirridos al intentar engranar una marcha.<\/li>\n<li><strong>Sonidos estrepitosos:<\/strong> Suele o\u00edrse al cambiar de marcha, al acelerar o al desacelerar, lo que puede indicar juntas en U desgastadas, problemas en el diferencial o en la transmisi\u00f3n.<\/li>\n<li><strong>Cambio de dificultad:<\/strong> Los cambios bruscos, el retraso en el acoplamiento o la incapacidad para seleccionar marchas apuntan a problemas en la transmisi\u00f3n o el embrague.<\/li>\n<li><strong>Fugas de fluidos:<\/strong> Las fugas de l\u00edquido de color rojizo suelen indicar problemas en la transmisi\u00f3n, mientras que las fugas de aceite para engranajes, m\u00e1s pesadas y oscuras, podr\u00edan indicar fallos en los retenes del diferencial.<\/li>\n<\/ul>\n<p>Si nota alguno de estos s\u00edntomas, es esencial buscar un diagn\u00f3stico profesional en un taller de camiones de confianza como Betts.<\/p>\n<h3>Servicios integrales de transmisi\u00f3n que ofrecemos<\/h3>\n<p><img decoding=\"async\" class=\"wp-image-729 alignleft\" src=\"https:\/\/bettstruckparts.com\/wp-content\/uploads\/2017\/12\/MG_7328-as-Smart-Object-1-300x162.jpg\" alt=\"\" width=\"579\" height=\"313\" srcset=\"https:\/\/bettstruckparts.com\/wp-content\/uploads\/2017\/12\/MG_7328-as-Smart-Object-1-300x162.jpg 300w, https:\/\/bettstruckparts.com\/wp-content\/uploads\/2017\/12\/MG_7328-as-Smart-Object-1-768x416.jpg 768w, https:\/\/bettstruckparts.com\/wp-content\/uploads\/2017\/12\/MG_7328-as-Smart-Object-1-1024x554.jpg 1024w, https:\/\/bettstruckparts.com\/wp-content\/uploads\/2017\/12\/MG_7328-as-Smart-Object-1.jpg 1400w\" sizes=\"(max-width: 579px) 100vw, 579px\" \/>Betts Truck Parts &amp; Service ofrece servicios de alta calidad y rentables que cubren todo el sistema de transmisi\u00f3n para veh\u00edculos pesados:<\/p>\n<ul>\n<li><strong>Reparaci\u00f3n y servicio de transmisiones de servicio pesado:<\/strong> Su transmisi\u00f3n gestiona las relaciones de transmisi\u00f3n para optimizar la potencia y la eficiencia. Ofrecemos diagn\u00f3sticos expertos, cambios de fluidos y filtros, ajustes, sustituci\u00f3n de componentes, reconstrucciones completas de transmisiones y servicios de sustituci\u00f3n para transmisiones manuales y autom\u00e1ticas.<\/li>\n<li>.<strong>Servicio de componentes de transmisi\u00f3n de servicio pesado:<\/strong> La l\u00ednea de transmisi\u00f3n (\u00e1rbol de transmisi\u00f3n) transmite la potencia de la transmisi\u00f3n al diferencial. Nos encargamos del equilibrado de la transmisi\u00f3n, la sustituci\u00f3n de juntas en U, la reparaci\u00f3n y sustituci\u00f3n del \u00e1rbol de transmisi\u00f3n para garantizar una transferencia de potencia suave y eliminar las vibraciones.<\/li>\n<li><strong>Reparaci\u00f3n y servicio de diferenciales de servicio pesado:<\/strong> El diferencial permite que las ruedas giren a diferentes velocidades durante los giros y aloja los engranajes de transmisi\u00f3n final. Nuestros servicios incluyen cambios de fluidos, sustituci\u00f3n de juntas, sustituci\u00f3n de rodamientos y engranajes, reconstrucciones completas de diferencial y cambios de relaci\u00f3n.<\/li>\n<li><strong>Reparaci\u00f3n y sustituci\u00f3n de embragues de servicio pesado:<\/strong> El embrague conecta y desconecta la potencia del motor a la transmisi\u00f3n. Ofrecemos ajustes, reemplazos de embrague (incluyendo disco, placa de presi\u00f3n, cojinete piloto, y el cojinete de liberaci\u00f3n), y el volante de repavimentaci\u00f3n o sustituci\u00f3n.<\/li>\n<\/ul>\n<h3>3 razones clave para elegir Betts para las reparaciones del tren de transmisi\u00f3n<\/h3>\n<ul>\n<li><strong>D\u00e9cadas de experiencia especializada<\/strong>: Con m\u00e1s de 30 a\u00f1os dedicados a los camiones pesados, nuestros t\u00e9cnicos poseen un profundo conocimiento de los sistemas de transmisi\u00f3n. Diagnosticamos y solucionamos eficazmente problemas comunes y complejos del tren de transmisi\u00f3n, minimizando su tiempo de inactividad.<\/li>\n<li><strong>C\u00f3moda red de servicio en la costa oeste:<\/strong> Nuestra <a href=\"https:\/\/bettstruckparts.com\/es\/lugares\/\">ocho centros de servicio<\/a> ubicados estrat\u00e9gicamente en Arizona, California y Oreg\u00f3n proporcionan un servicio fiable y accesible a los clientes de toda la Costa Oeste, garantizando que la asistencia est\u00e9 cerca cuando la necesite.<\/li>\n<li><strong>Compromiso con la calidad de las piezas:<\/strong> Entendemos que su cami\u00f3n necesita realizar largos recorridos de forma fiable. Es por eso que suministramos e instalamos s\u00f3lo los mejores <a href=\"https:\/\/bettstruckparts.com\/es\/piezas\/\">piezas para camiones pesados<\/a>, garantizando la longevidad y el rendimiento en cada reparaci\u00f3n.<\/li>\n<\/ul>\n<h3>Piezas de transmisi\u00f3n de primera calidad de los principales fabricantes<\/h3>\n<p>Una reparaci\u00f3n de calidad depende de componentes de calidad. Almacenamos y suministramos piezas de transmisi\u00f3n de fabricantes l\u00edderes en la industria conocidos por su durabilidad y rendimiento, incluyendo:<\/p>\n<ul>\n<li><strong>Eaton<\/strong><\/li>\n<li><strong>Spicer (Dana)<\/strong><\/li>\n<li><strong>Industrias de trenes de potencia (PTI)<\/strong><\/li>\n<\/ul>\n<p>Desde engranajes y cojinetes de transmisi\u00f3n hasta juntas en U, juegos de engranajes de diferencial y kits de embrague completos, disponemos de las piezas fiables necesarias para que su cami\u00f3n vuelva a estar en las mejores condiciones.<\/p>\n<h3>Encuentre su taller de confianza hoy mismo<\/h3>\n<p>No deje que los problemas de transmisi\u00f3n marginar a su veh\u00edculo. Para la transmisi\u00f3n de servicio pesado experto, diferencial, transmisi\u00f3n, y reparaci\u00f3n de embrague, servicio y mantenimiento, confiar en el equipo experimentado en Betts Truck Parts &amp; Service.<br \/>\n<a href=\"https:\/\/bettstruckparts.com\/es\/contacto\/\">Contacte con nosotros<\/a> - P\u00f3ngase en contacto hoy mismo con cualquiera de nuestras ocho sucursales para obtener m\u00e1s informaci\u00f3n, consultar la disponibilidad de piezas o concertar una cita. Estamos listos para mantener su tren motriz funcionando de manera confiable milla tras milla.<\/p>\n<div id=\"attachment_1055\" style=\"width: 310px\" class=\"wp-caption alignnone\"><img decoding=\"async\" aria-describedby=\"caption-attachment-1055\" class=\"size-medium wp-image-1055\" src=\"https:\/\/bettstruckparts.com\/wp-content\/uploads\/2018\/04\/0002_bctps-Drivetrain-1-300x225.jpg\" alt=\"Betts Truck Parts Transmisi\u00f3n\" width=\"300\" height=\"225\" srcset=\"https:\/\/bettstruckparts.com\/wp-content\/uploads\/2018\/04\/0002_bctps-Drivetrain-1-300x225.jpg 300w, https:\/\/bettstruckparts.com\/wp-content\/uploads\/2018\/04\/0002_bctps-Drivetrain-1.jpg 400w\" sizes=\"(max-width: 300px) 100vw, 300px\" \/><p id=\"caption-attachment-1055\" class=\"wp-caption-text\">Betts Truck Parts Transmisi\u00f3n<\/p><\/div>\n<h3>\u00bfD\u00f3nde puede encontrar el mejor taller de reparaci\u00f3n de transmisiones?<\/h3>\n<p>Para la transmisi\u00f3n de servicio pesado y servicio de taller de reparaci\u00f3n de tren de transmisi\u00f3n y mantenimiento, p\u00f3ngase en contacto con cualquiera de nuestras ocho sucursales para obtener m\u00e1s informaci\u00f3n o para programar una cita.<\/p>\n<h4><strong>California<\/strong><\/h4>\n<ul>\n<li><a href=\"https:\/\/bettstruckparts.com\/es\/lugares\/fresno\/\">Fresno<\/a><\/li>\n<li><a href=\"https:\/\/bettstruckparts.com\/es\/lugares\/fontana\/\">Fontana<\/a><\/li>\n<li><a href=\"https:\/\/bettstruckparts.com\/es\/lugares\/sacramento\/\">Sacramento<\/a><\/li>\n<li><a href=\"https:\/\/bettstruckparts.com\/es\/lugares\/santa-fe-springs\/\">Santa Fe Springs<\/a><\/li>\n<li><a href=\"https:\/\/bettstruckparts.com\/es\/lugares\/san-leandro\/\">San Leandro<\/a><\/li>\n<li><a href=\"https:\/\/bettstruckparts.com\/es\/lugares\/valle-del-sol\/\">Valle del Sol<\/a><\/li>\n<\/ul>\n<h4><strong>Arizona<\/strong><\/h4>\n<ul>\n<li><a href=\"https:\/\/bettstruckparts.com\/es\/lugares\/fenix\/\">Phoenix<\/a><\/li>\n<\/ul>\n<h4><strong>Oreg\u00f3n<\/strong><\/h4>\n<ul>\n<li><a href=\"https:\/\/bettstruckparts.com\/es\/lugares\/portland\/\">Portland<\/a><\/li>\n<\/ul>\n<p>&nbsp;<\/p>\n<p>&nbsp;<\/p>\n\n\t\t<\/div>\n\t<\/div>\n<div class=\"ubtn-ctn-center\"><a class=\"ubtn-link ult-adjust-bottom-margin ubtn-center ubtn-normal\" href=\"\/es\/contact\/\" ><button type=\"button\" id=\"ubtn-2740\"  class=\"ubtn ult-adjust-bottom-margin ult-responsive ubtn-normal ubtn-fade-bg  none  ubtn-center   tooltip-69d2750087ce2\"  data-hover=\"#ffffff\" data-border-color=\"#ad172b\" data-bg=\"rgba(255,255,255,0.01)\" data-hover-bg=\"#ad172b\" data-border-hover=\"#ffffff\" data-shadow-hover=\"\" data-shadow-click=\"none\" data-shadow=\"\" data-shd-shadow=\"\"  data-ultimate-target='#ubtn-2740'  data-responsive-json-new='{\"font-size\":\"desktop:16px;\",\"line-height\":\"\"}'  style=\"font-weight:bold;border-radius:15px;border-width:2px;border-color:#ad172b;border-style:solid;background: rgba(255,255,255,0.01);color: #ad172b;\"><span class=\"ubtn-hover\" style=\"background-color:#ad172b\"><\/span><span class=\"ubtn-data ubtn-text\" >Concertar una cita<\/span><\/button><\/a><\/div><\/div><\/div><\/div><\/div><\/div><\/div><\/div><\/div>\n<\/div>","protected":false},"excerpt":{"rendered":"<p>Reparaci\u00f3n de Camiones Control de Suspensi\u00f3n Alineaci\u00f3n de Ruedas Servicios de Reparaci\u00f3n de Frenos Auxiliares Inspecci\u00f3n DOT Reparaci\u00f3n de Tren Motriz Reparaci\u00f3n El\u00e9ctrica Reparaci\u00f3n de Ballestas Reparaci\u00f3n de Direcci\u00f3n Reparaci\u00f3n de Suspensi\u00f3n Reparaci\u00f3n de Ejes de Camiones Expertos en Reparaci\u00f3n de Tren Motriz de Camiones Pesados Manteniendo su cami\u00f3n en movimiento: Transmisi\u00f3n fiable, diferencial y soluciones Driveline Programar una cita El tren motriz es el motor ...<\/p>","protected":false},"author":4,"featured_media":48,"parent":335,"menu_order":0,"comment_status":"closed","ping_status":"closed","template":"template-microsite.php","meta":{"footnotes":""},"class_list":["post-355","page","type-page","status-publish","has-post-thumbnail","hentry","description-off"],"_links":{"self":[{"href":"https:\/\/bettstruckparts.com\/es\/wp-json\/wp\/v2\/pages\/355","targetHints":{"allow":["GET"]}}],"collection":[{"href":"https:\/\/bettstruckparts.com\/es\/wp-json\/wp\/v2\/pages"}],"about":[{"href":"https:\/\/bettstruckparts.com\/es\/wp-json\/wp\/v2\/types\/page"}],"author":[{"embeddable":true,"href":"https:\/\/bettstruckparts.com\/es\/wp-json\/wp\/v2\/users\/4"}],"replies":[{"embeddable":true,"href":"https:\/\/bettstruckparts.com\/es\/wp-json\/wp\/v2\/comments?post=355"}],"version-history":[{"count":0,"href":"https:\/\/bettstruckparts.com\/es\/wp-json\/wp\/v2\/pages\/355\/revisions"}],"up":[{"embeddable":true,"href":"https:\/\/bettstruckparts.com\/es\/wp-json\/wp\/v2\/pages\/335"}],"wp:featuredmedia":[{"embeddable":true,"href":"https:\/\/bettstruckparts.com\/es\/wp-json\/wp\/v2\/media\/48"}],"wp:attachment":[{"href":"https:\/\/bettstruckparts.com\/es\/wp-json\/wp\/v2\/media?parent=355"}],"curies":[{"name":"wp","href":"https:\/\/api.w.org\/{rel}","templated":true}]}}