{"id":351,"date":"2017-12-06T23:52:03","date_gmt":"2017-12-06T23:52:03","guid":{"rendered":"https:\/\/bctps.wpengine.com\/?page_id=351"},"modified":"2025-05-11T08:32:29","modified_gmt":"2025-05-11T16:32:29","slug":"pernos-en-u-personalizados","status":"publish","type":"page","link":"https:\/\/bettstruckparts.com\/es\/truck-repair\/custom-u-bolts\/","title":{"rendered":"Pernos en U a medida"},"content":{"rendered":"<div class=\"wpb-content-wrapper\"><div class=\"vc_row wpb_row vc_row-fluid vc_custom_1516047628256 vc_row-has-fill vc_row-o-equal-height vc_row-flex\"><div class=\"wpb_column vc_column_container vc_col-sm-3 vc_col-has-fill\"><div class=\"vc_column-inner vc_custom_1510682040425\"><div class=\"wpb_wrapper\"><div  class=\"wpb_widgetised_column wpb_content_element sidebar-content\">\n\t\t<div class=\"wpb_wrapper\">\n\t\t\t\n\t\t\t<section id=\"nav_menu-4\" class=\"widget widget_nav_menu\"><div class=\"widget-title\">Reparaci\u00f3n de camiones<\/div><div class=\"menu-truck-repair-container\"><ul id=\"menu-truck-repair\" class=\"menu\"><li id=\"menu-item-341\" class=\"menu-item menu-item-type-post_type menu-item-object-page menu-item-341\"><a href=\"https:\/\/bettstruckparts.com\/es\/truck-repair\/air-ride-control\/\">Control de la suspensi\u00f3n neum\u00e1tica<\/a><\/li>\n<li id=\"menu-item-382\" class=\"menu-item menu-item-type-post_type menu-item-object-page menu-item-382\"><a href=\"https:\/\/bettstruckparts.com\/es\/truck-repair\/truck-wheel-alignments\/\">Servicio de alineaci\u00f3n de ruedas<\/a><\/li>\n<li id=\"menu-item-381\" class=\"menu-item menu-item-type-post_type menu-item-object-page menu-item-381\"><a href=\"https:\/\/bettstruckparts.com\/es\/truck-repair\/auxiliary-power\/\">Alimentaci\u00f3n auxiliar<\/a><\/li>\n<li id=\"menu-item-380\" class=\"menu-item menu-item-type-post_type menu-item-object-page menu-item-380\"><a href=\"https:\/\/bettstruckparts.com\/es\/truck-repair\/brake-services\/\">Servicios de reparaci\u00f3n de frenos<\/a><\/li>\n<li id=\"menu-item-390\" class=\"menu-item menu-item-type-post_type menu-item-object-page menu-item-390\"><a href=\"https:\/\/bettstruckparts.com\/es\/truck-repair\/custom-u-bolts\/\">Pernos en U a medida<\/a><\/li>\n<li id=\"menu-item-389\" class=\"menu-item menu-item-type-post_type menu-item-object-page menu-item-389\"><a href=\"https:\/\/bettstruckparts.com\/es\/truck-repair\/dot-inspection\/\">Inspecci\u00f3n DOT<\/a><\/li>\n<li id=\"menu-item-388\" class=\"menu-item menu-item-type-post_type menu-item-object-page menu-item-388\"><a href=\"https:\/\/bettstruckparts.com\/es\/truck-repair\/drivetrain-repair\/\">Servicios de reparaci\u00f3n de trenes de transmisi\u00f3n<\/a><\/li>\n<li id=\"menu-item-387\" class=\"menu-item menu-item-type-post_type menu-item-object-page menu-item-387\"><a href=\"https:\/\/bettstruckparts.com\/es\/truck-repair\/electrical-repair\/\">Reparaci\u00f3n el\u00e9ctrica<\/a><\/li>\n<li id=\"menu-item-386\" class=\"menu-item menu-item-type-post_type menu-item-object-page menu-item-386\"><a href=\"https:\/\/bettstruckparts.com\/es\/truck-repair\/leaf-spring-repair\/\">Reparaci\u00f3n de ballestas<\/a><\/li>\n<li id=\"menu-item-385\" class=\"menu-item menu-item-type-post_type menu-item-object-page menu-item-385\"><a href=\"https:\/\/bettstruckparts.com\/es\/truck-repair\/steering-repair\/\">Reparaci\u00f3n de la direcci\u00f3n<\/a><\/li>\n<li id=\"menu-item-384\" class=\"menu-item menu-item-type-post_type menu-item-object-page menu-item-384\"><a href=\"https:\/\/bettstruckparts.com\/es\/truck-repair\/suspension-services\/\">Servicios de suspensi\u00f3n<\/a><\/li>\n<li id=\"menu-item-383\" class=\"menu-item menu-item-type-post_type menu-item-object-page menu-item-383\"><a href=\"https:\/\/bettstruckparts.com\/es\/truck-repair\/truck-axle-repair\/\">Reparaci\u00f3n de ejes de camiones<\/a><\/li>\n<\/ul><\/div><\/section>\n\t\t<\/div>\n\t<\/div>\n<\/div><\/div><\/div><div class=\"wpb_column vc_column_container vc_col-sm-9\"><div class=\"vc_column-inner vc_custom_1510682076814\"><div class=\"wpb_wrapper\"><div class=\"vc_row wpb_row vc_inner vc_row-fluid vc_custom_1746981145553\"><div class=\"wpb_column vc_column_container vc_col-sm-12\"><div class=\"vc_column-inner\"><div class=\"wpb_wrapper\">\n\t<div class=\"wpb_text_column wpb_content_element\" >\n\t\t<div class=\"wpb_wrapper\">\n\t\t\t<h1 style=\"text-align: center;\">Pernos en U a medida mientras espera<\/h1>\n<h2 style=\"text-align: center;\">Garantice la seguridad de la suspensi\u00f3n con Betts Truck Parts &amp; Service<\/h2>\n\n\t\t<\/div>\n\t<\/div>\n<div class=\"ubtn-ctn-center\"><a class=\"ubtn-link ult-adjust-bottom-margin ubtn-center ubtn-normal\" href=\"https:\/\/bettstruckparts.com\/es\/contacto\/\" title=\"Ubicaciones\" ><button type=\"button\" id=\"ubtn-5957\"  class=\"ubtn ult-adjust-bottom-margin ult-responsive ubtn-normal ubtn-fade-bg  none  ubtn-center   tooltip-69edffdc8d408\"  data-hover=\"#ffffff\" data-border-color=\"#ad172b\" data-bg=\"rgba(255,255,255,0.01)\" data-hover-bg=\"#ad172b\" data-border-hover=\"#ffffff\" data-shadow-hover=\"\" data-shadow-click=\"none\" data-shadow=\"\" data-shd-shadow=\"\"  data-ultimate-target='#ubtn-5957'  data-responsive-json-new='{\"font-size\":\"desktop:16px;\",\"line-height\":\"\"}'  style=\"font-weight:bold;border-radius:15px;border-width:2px;border-color:#ad172b;border-style:solid;background: rgba(255,255,255,0.01);color: #ad172b;\"><span class=\"ubtn-hover\" style=\"background-color:#ad172b\"><\/span><span class=\"ubtn-data ubtn-text\" >Concertar una cita<\/span><\/button><\/a><\/div>\n\t<div class=\"wpb_text_column wpb_content_element  vc_custom_1746307326319\" >\n\t\t<div class=\"wpb_wrapper\">\n\t\t\t<p>La integridad de la suspensi\u00f3n de su cami\u00f3n o remolque es primordial para un funcionamiento seguro y fiable. Un componente crucial de ese sistema de suspensi\u00f3n es el perno en U, responsable de sujetar firmemente las ballestas al eje. No comprometa su seguridad ni se arriesgue a sufrir m\u00e1s da\u00f1os utilizando pernos en U desgastados, da\u00f1ados o incorrectos. En Betts Truck Parts &amp; Service, ofrecemos pernos en U personalizados mientras usted espera en cualquiera de nuestras ocho ubicaciones convenientes. Proporcionamos soluciones de pernos en U personalizados confiables y precisos para garantizar que la suspensi\u00f3n de su cami\u00f3n o remolque funcione de manera \u00f3ptima.<\/p>\n<h3>\u00bfPor qu\u00e9 elegir pernos en U personalizados de Betts?<\/h3>\n<p>Aunque los pernos en U gen\u00e9ricos pueden parecer una opci\u00f3n c\u00f3moda, a menudo no cumplen los requisitos espec\u00edficos del sistema de suspensi\u00f3n de su veh\u00edculo. Elegir pernos en U doblados a medida garantiza un ajuste perfecto, una fuerza de sujeci\u00f3n \u00f3ptima y una mayor seguridad. Por eso Betts Truck Parts &amp; Service es su proveedor de confianza de pernos en U a medida:<\/p>\n<ul>\n<li><strong>Doblado de precisi\u00f3n:<\/strong> Fabricamos a medida pernos en U de suspensi\u00f3n de barra redonda conforme a las normas del sector, lo que garantiza un ajuste preciso para su aplicaci\u00f3n espec\u00edfica.<\/li>\n<li><strong>Amplia gama de materiales:<\/strong> Utilizamos tanto barras de grado 5 como de grado 8, lo que le proporciona la resistencia y durabilidad adecuadas para satisfacer los requisitos de peso y carga de su veh\u00edculo.<\/li>\n<li><strong>Fabricaci\u00f3n in situ:<\/strong> Obtenga sus pernos en U doblados a medida mientras espera en cualquiera de nuestras ocho ubicaciones, minimizando el tiempo de inactividad y permiti\u00e9ndole volver a la carretera r\u00e1pidamente.<\/li>\n<li><strong>Consejos de expertos<\/strong>: Nuestro personal especializado puede ayudarle a determinar el tama\u00f1o, el tipo y el material correctos del perno en U para su veh\u00edculo, garantizando un rendimiento y una seguridad \u00f3ptimos.<\/li>\n<li><strong>Servicio c\u00f3modo:<\/strong> Con ocho ubicaciones, Betts Truck Parts &amp; Service proporciona un c\u00f3modo acceso a soluciones personalizadas de pernos en U en toda la regi\u00f3n.<\/li>\n<\/ul>\n<h3>C\u00f3mo pedir pernos en U a medida: \u00a1es r\u00e1pido y f\u00e1cil!<\/h3>\n<p>Pedir pernos en U de barra redonda a Betts es un proceso sencillo y directo. Solo tiene que especificar la siguiente informaci\u00f3n y los doblaremos a medida mientras espera:<\/p>\n<ul>\n<li><strong>Di\u00e1metro de la rosca:<\/strong> El di\u00e1metro de la parte roscada del perno en U.<\/li>\n<li><strong>Anchura interior:<\/strong> La distancia entre las patas del perno en U, medida desde el interior.<\/li>\n<li><strong>Longitud interior de la pierna:<\/strong> La longitud de cada pata del perno en U, medida desde el interior de la curva hasta el extremo de las roscas.<\/li>\n<li><strong>Tipo de curva:<\/strong> Especifique la configuraci\u00f3n de pliegue deseada (por ejemplo, redondo, cuadrado u otro pliegue personalizado).<\/li>\n<\/ul>\n<p>Queremos asegurarnos de que est\u00e9 bien atendido. P\u00f3ngase en contacto con nosotros para obtener m\u00e1s informaci\u00f3n.<\/p>\n<h3>Los peligros de los pernos en U defectuosos: C\u00f3mo reconocer los s\u00edntomas<\/h3>\n<p>Los pernos en U defectuosos pueden comprometer la estabilidad y la seguridad de la suspensi\u00f3n de su veh\u00edculo. Ser capaz de identificar y abordar los posibles problemas a tiempo es crucial para evitar reparaciones costosas y garantizar su seguridad en la carretera. Estos son algunos de los s\u00edntomas m\u00e1s comunes de los pernos en U defectuosos:<\/p>\n<ul>\n<li><strong>Sonidos de traqueteo:<\/strong> Un sonido de traqueteo procedente de la zona de suspensi\u00f3n es un claro indicador de que los pernos en U est\u00e1n sueltos o rotos.<\/li>\n<li><strong>Veh\u00edculo inclinado:<\/strong> Si su veh\u00edculo se inclina hacia un lado, podr\u00eda ser se\u00f1al de que los pernos en U de ese lado est\u00e1n rotos o debilitados.<\/li>\n<li><strong>Tocando fondo:<\/strong> El hecho de que las ballestas toquen fondo con dureza al pasar por baches y desniveles indica que no est\u00e1n bien sujetas, lo que puede deberse a un fallo de los pernos en U.<\/li>\n<li><strong>Manejo dif\u00edcil:<\/strong> Si encuentra que su veh\u00edculo es mucho m\u00e1s dif\u00edcil de manejar, especialmente en las curvas o al frenar, podr\u00eda ser un signo de fallo del perno en U.<\/li>\n<li><strong>Broken Leaf Springs:<\/strong> En casos graves, los pernos en U defectuosos pueden provocar la rotura de las ballestas y requerir reparaciones de gran envergadura.<\/li>\n<\/ul>\n<h3>Causas comunes de fallo de los pernos en U: Medidas preventivas<\/h3>\n<p>Conocer las causas m\u00e1s comunes de los fallos de los pernos en U puede ayudarle a tomar medidas preventivas para prolongar su vida \u00fatil y garantizar su seguridad. Estas son algunas de las causas m\u00e1s frecuentes:<\/p>\n<ul>\n<li><strong>Desgaste:<\/strong> Con el tiempo, los pernos en U est\u00e1n sometidos a tensiones y fatiga, lo que puede provocar grietas y roturas, especialmente en veh\u00edculos pesados y remolques.<\/li>\n<li><strong>Corrosi\u00f3n:<\/strong> La exposici\u00f3n a la humedad, la sal y otros elementos corrosivos puede debilitar los pernos en U con el paso del tiempo, especialmente en regiones con condiciones clim\u00e1ticas adversas.<\/li>\n<li><strong>Desalineaci\u00f3n:<\/strong> Una alineaci\u00f3n incorrecta de los componentes de la suspensi\u00f3n puede someter a los pernos en U a una tensi\u00f3n excesiva, provocando su rotura o aflojamiento.<\/li>\n<\/ul>\n<h3>Advertencia: Nunca reutilice pernos en U viejos. Seguridad ante todo<\/h3>\n<p>Para mayor seguridad y un rendimiento \u00f3ptimo, nunca reutilice pernos en U viejos. Una vez que un tornillo en U ha sido apretado, se estira y pierde su fuerza de apriete. Reutilizar pernos en U viejos puede comprometer la integridad de su suspensi\u00f3n y tener consecuencias peligrosas. P\u00f3ngase en contacto con nosotros para sustituir sus tornillos en U desgastados, rotos y da\u00f1ados por otros nuevos. Estamos a su disposici\u00f3n para asesorarle sobre el tama\u00f1o y el tipo m\u00e1s adecuados para su veh\u00edculo.<br \/>\nEn Betts Truck Parts &amp; Service, ofrecemos pernos en U a medida para garantizar que su trabajo de suspensi\u00f3n se complete de forma segura y eficaz. Cont\u00e1ctenos hoy para conocer m\u00e1s acerca de nuestras soluciones de pernos en U personalizados y experimente la diferencia Betts. La seguridad del sistema de suspensi\u00f3n de su veh\u00edculo radica en utilizar la pieza correcta para realizar el trabajo. Conf\u00ede en nosotros para ayudarle a conseguirlo.<\/p>\n<p>El veh\u00edculo tambi\u00e9n puede inclinarse hacia un lado y tocar fondo al pasar por baches y desniveles. En general, su veh\u00edculo le resultar\u00e1 mucho m\u00e1s dif\u00edcil de manejar.<\/p>\n<h3>\u00bfD\u00f3nde puedo comprar pernos en U a medida?<\/h3>\n<h4><strong>California<\/strong><\/h4>\n<ul>\n<li><a href=\"https:\/\/bettstruckparts.com\/es\/lugares\/fresno\/\">Fresno<\/a><\/li>\n<li><a href=\"https:\/\/bettstruckparts.com\/es\/lugares\/fontana\/\">Fontana<\/a><\/li>\n<li><a href=\"https:\/\/bettstruckparts.com\/es\/lugares\/sacramento\/\">Sacramento<\/a><\/li>\n<li><a href=\"https:\/\/bettstruckparts.com\/es\/lugares\/santa-fe-springs\/\">Santa Fe Springs<\/a><\/li>\n<li><a href=\"https:\/\/bettstruckparts.com\/es\/lugares\/san-leandro\/\">San Leandro<\/a><\/li>\n<li><a href=\"https:\/\/bettstruckparts.com\/es\/lugares\/valle-del-sol\/\">Valle del Sol<\/a><\/li>\n<\/ul>\n<h4><strong>Arizona<\/strong><\/h4>\n<ul>\n<li><a href=\"https:\/\/bettstruckparts.com\/es\/lugares\/fenix\/\">Phoenix<\/a><\/li>\n<\/ul>\n<h4><strong>Oreg\u00f3n<\/strong><\/h4>\n<ul>\n<li><a href=\"https:\/\/bettstruckparts.com\/es\/lugares\/portland\/\">Portland<\/a><\/li>\n<\/ul>\n\n\t\t<\/div>\n\t<\/div>\n\n\t<div class=\"wpb_raw_code wpb_raw_html wpb_content_element vc_custom_1664852887387\" >\n\t\t<div class=\"wpb_wrapper\">\n\t\t\t<iframe width=\"560\" height=\"315\" src=\"https:\/\/www.youtube.com\/embed\/pczQori2KNU?rel=0\" frameborder=\"0\" allow=\"accelerometer; autoplay; encrypted-media; gyroscope; picture-in-picture\" allowfullscreen><\/iframe>\n\t\t<\/div>\n\t<\/div>\n<\/div><\/div><\/div><\/div><div class=\"ubtn-ctn-center\"><a class=\"ubtn-link ult-adjust-bottom-margin ubtn-center ubtn-normal\" href=\"https:\/\/bettstruckparts.com\/es\/contacto\/\" title=\"Ubicaciones\" ><button type=\"button\" id=\"ubtn-1378\"  class=\"ubtn ult-adjust-bottom-margin ult-responsive ubtn-normal ubtn-fade-bg  none  ubtn-center   tooltip-69edffdc8d708\"  data-hover=\"#ffffff\" data-border-color=\"#ad172b\" data-bg=\"rgba(255,255,255,0.01)\" data-hover-bg=\"#ad172b\" data-border-hover=\"#ffffff\" data-shadow-hover=\"\" data-shadow-click=\"none\" data-shadow=\"\" data-shd-shadow=\"\"  data-ultimate-target='#ubtn-1378'  data-responsive-json-new='{\"font-size\":\"desktop:16px;\",\"line-height\":\"\"}'  style=\"font-weight:bold;border-radius:15px;border-width:2px;border-color:#ad172b;border-style:solid;background: rgba(255,255,255,0.01);color: #ad172b;\"><span class=\"ubtn-hover\" style=\"background-color:#ad172b\"><\/span><span class=\"ubtn-data ubtn-text\" >Concertar una cita<\/span><\/button><\/a><\/div><\/div><\/div><\/div><\/div>\n<\/div>","protected":false},"excerpt":{"rendered":"<p>Reparaci\u00f3n de CamionesControl de Suspensi\u00f3n Servicio de Alineaci\u00f3n de Ruedas Potencia Auxiliar Servicios de Reparaci\u00f3n de Frenos Pernos en U a la Medida Inspecci\u00f3n DOT Servicios de Reparaci\u00f3n de Tren Motriz Reparaci\u00f3n El\u00e9ctrica Reparaci\u00f3n de Ballestas Reparaci\u00f3n de Direcci\u00f3n Reparaci\u00f3n de Suspensi\u00f3n Servicios de Eje de Cami\u00f3n Reparaci\u00f3n de Pernos en U a la Medida Mientras Espera Garantice la Seguridad de la Suspensi\u00f3n con Betts Truck Parts &amp; Service Programe una Cita La integridad de la...<\/p>","protected":false},"author":4,"featured_media":48,"parent":335,"menu_order":0,"comment_status":"closed","ping_status":"closed","template":"template-microsite.php","meta":{"footnotes":""},"class_list":["post-351","page","type-page","status-publish","has-post-thumbnail","hentry","description-off"],"_links":{"self":[{"href":"https:\/\/bettstruckparts.com\/es\/wp-json\/wp\/v2\/pages\/351","targetHints":{"allow":["GET"]}}],"collection":[{"href":"https:\/\/bettstruckparts.com\/es\/wp-json\/wp\/v2\/pages"}],"about":[{"href":"https:\/\/bettstruckparts.com\/es\/wp-json\/wp\/v2\/types\/page"}],"author":[{"embeddable":true,"href":"https:\/\/bettstruckparts.com\/es\/wp-json\/wp\/v2\/users\/4"}],"replies":[{"embeddable":true,"href":"https:\/\/bettstruckparts.com\/es\/wp-json\/wp\/v2\/comments?post=351"}],"version-history":[{"count":0,"href":"https:\/\/bettstruckparts.com\/es\/wp-json\/wp\/v2\/pages\/351\/revisions"}],"up":[{"embeddable":true,"href":"https:\/\/bettstruckparts.com\/es\/wp-json\/wp\/v2\/pages\/335"}],"wp:featuredmedia":[{"embeddable":true,"href":"https:\/\/bettstruckparts.com\/es\/wp-json\/wp\/v2\/media\/48"}],"wp:attachment":[{"href":"https:\/\/bettstruckparts.com\/es\/wp-json\/wp\/v2\/media?parent=351"}],"curies":[{"name":"wp","href":"https:\/\/api.w.org\/{rel}","templated":true}]}}