{"id":349,"date":"2017-12-06T22:59:10","date_gmt":"2017-12-07T06:59:10","guid":{"rendered":"https:\/\/bctps.wpengine.com\/?page_id=349"},"modified":"2025-05-11T12:36:32","modified_gmt":"2025-05-11T20:36:32","slug":"servicios-de-frenado","status":"publish","type":"page","link":"https:\/\/bettstruckparts.com\/es\/truck-repair\/brake-services\/","title":{"rendered":"Servicios de reparaci\u00f3n de frenos"},"content":{"rendered":"<div class=\"wpb-content-wrapper\"><div class=\"vc_row wpb_row vc_row-fluid vc_custom_1516047587473 vc_row-has-fill vc_row-o-equal-height vc_row-flex\"><div class=\"wpb_column vc_column_container vc_col-sm-3 vc_col-has-fill\"><div class=\"vc_column-inner vc_custom_1510682040425\"><div class=\"wpb_wrapper\"><div  class=\"wpb_widgetised_column wpb_content_element sidebar-content\">\n\t\t<div class=\"wpb_wrapper\">\n\t\t\t\n\t\t\t<section id=\"nav_menu-4\" class=\"widget widget_nav_menu\"><div class=\"widget-title\">Reparaci\u00f3n de camiones<\/div><div class=\"menu-truck-repair-container\"><ul id=\"menu-truck-repair\" class=\"menu\"><li id=\"menu-item-341\" class=\"menu-item menu-item-type-post_type menu-item-object-page menu-item-341\"><a href=\"https:\/\/bettstruckparts.com\/es\/truck-repair\/air-ride-control\/\">Control de la suspensi\u00f3n neum\u00e1tica<\/a><\/li>\n<li id=\"menu-item-382\" class=\"menu-item menu-item-type-post_type menu-item-object-page menu-item-382\"><a href=\"https:\/\/bettstruckparts.com\/es\/truck-repair\/truck-wheel-alignments\/\">Servicio de alineaci\u00f3n de ruedas<\/a><\/li>\n<li id=\"menu-item-381\" class=\"menu-item menu-item-type-post_type menu-item-object-page menu-item-381\"><a href=\"https:\/\/bettstruckparts.com\/es\/truck-repair\/auxiliary-power\/\">Alimentaci\u00f3n auxiliar<\/a><\/li>\n<li id=\"menu-item-380\" class=\"menu-item menu-item-type-post_type menu-item-object-page menu-item-380\"><a href=\"https:\/\/bettstruckparts.com\/es\/truck-repair\/brake-services\/\">Servicios de reparaci\u00f3n de frenos<\/a><\/li>\n<li id=\"menu-item-390\" class=\"menu-item menu-item-type-post_type menu-item-object-page menu-item-390\"><a href=\"https:\/\/bettstruckparts.com\/es\/truck-repair\/custom-u-bolts\/\">Pernos en U a medida<\/a><\/li>\n<li id=\"menu-item-389\" class=\"menu-item menu-item-type-post_type menu-item-object-page menu-item-389\"><a href=\"https:\/\/bettstruckparts.com\/es\/truck-repair\/dot-inspection\/\">Inspecci\u00f3n DOT<\/a><\/li>\n<li id=\"menu-item-388\" class=\"menu-item menu-item-type-post_type menu-item-object-page menu-item-388\"><a href=\"https:\/\/bettstruckparts.com\/es\/truck-repair\/drivetrain-repair\/\">Servicios de reparaci\u00f3n de trenes de transmisi\u00f3n<\/a><\/li>\n<li id=\"menu-item-387\" class=\"menu-item menu-item-type-post_type menu-item-object-page menu-item-387\"><a href=\"https:\/\/bettstruckparts.com\/es\/truck-repair\/electrical-repair\/\">Reparaci\u00f3n el\u00e9ctrica<\/a><\/li>\n<li id=\"menu-item-386\" class=\"menu-item menu-item-type-post_type menu-item-object-page menu-item-386\"><a href=\"https:\/\/bettstruckparts.com\/es\/truck-repair\/leaf-spring-repair\/\">Reparaci\u00f3n de ballestas<\/a><\/li>\n<li id=\"menu-item-385\" class=\"menu-item menu-item-type-post_type menu-item-object-page menu-item-385\"><a href=\"https:\/\/bettstruckparts.com\/es\/truck-repair\/steering-repair\/\">Reparaci\u00f3n de la direcci\u00f3n<\/a><\/li>\n<li id=\"menu-item-384\" class=\"menu-item menu-item-type-post_type menu-item-object-page menu-item-384\"><a href=\"https:\/\/bettstruckparts.com\/es\/truck-repair\/suspension-services\/\">Servicios de suspensi\u00f3n<\/a><\/li>\n<li id=\"menu-item-383\" class=\"menu-item menu-item-type-post_type menu-item-object-page menu-item-383\"><a href=\"https:\/\/bettstruckparts.com\/es\/truck-repair\/truck-axle-repair\/\">Reparaci\u00f3n de ejes de camiones<\/a><\/li>\n<\/ul><\/div><\/section>\n\t\t<\/div>\n\t<\/div>\n<\/div><\/div><\/div><div class=\"wpb_column vc_column_container vc_col-sm-9\"><div class=\"vc_column-inner vc_custom_1510682076814\"><div class=\"wpb_wrapper\"><div class=\"vc_row wpb_row vc_inner vc_row-fluid vc_custom_1746995789123\"><div class=\"wpb_column vc_column_container vc_col-sm-12\"><div class=\"vc_column-inner vc_custom_1486667994280\"><div class=\"wpb_wrapper\">\n\t<div class=\"wpb_text_column wpb_content_element\" >\n\t\t<div class=\"wpb_wrapper\">\n\t\t\t<h1 style=\"text-align: center;\">Reparaci\u00f3n y mantenimiento de frenos de semirremolques<\/h1>\n<h2 style=\"text-align: center;\">REPARACI\u00d3N DE FRENOS DE VEH\u00cdCULOS INDUSTRIALES<\/h2>\n\n\t\t<\/div>\n\t<\/div>\n<div class=\"ubtn-ctn-center\"><a class=\"ubtn-link ult-adjust-bottom-margin ubtn-center ubtn-normal\" href=\"\/es\/contacto\/\" ><button type=\"button\" id=\"ubtn-5772\"  class=\"ubtn ult-adjust-bottom-margin ult-responsive ubtn-normal ubtn-fade-bg  none  ubtn-center   tooltip-69ee155c67784\"  data-hover=\"#FFFFFF\" data-border-color=\"#AD172B\" data-bg=\"#FFFFFF03\" data-hover-bg=\"#AD172B\" data-border-hover=\"#FFFFFF\" data-shadow-hover=\"\" data-shadow-click=\"none\" data-shadow=\"\" data-shd-shadow=\"\"  data-ultimate-target='#ubtn-5772'  data-responsive-json-new='{\"font-size\":\"desktop:16px;\",\"line-height\":\"\"}'  style=\"font-weight:bold;border-radius:15px;border-width:2px;border-color:#AD172B;border-style:solid;background: #FFFFFF03;color: #AD172B;\"><span class=\"ubtn-hover\" style=\"background-color:#AD172B\"><\/span><span class=\"ubtn-data ubtn-text\" >Concertar una cita<\/span><\/button><\/a><\/div>\n\t<div class=\"wpb_text_column wpb_content_element  vc_custom_1746995663364\" >\n\t\t<div class=\"wpb_wrapper\">\n\t\t\t<div class=\"row hidden-md hidden-lg\">\n<div class=\"col-xs-12 col-sm-12 col-md-8 col-lg-8\">\n<p>\u00bfNota un chirrido cuando frena? \u00bfO simplemente su cami\u00f3n no frena como antes?<\/p>\n<\/div>\n<\/div>\n<p style=\"font-weight: 400;\">La Administraci\u00f3n Federal de Seguridad de Autotransportes realiz\u00f3 un estudio y descubri\u00f3 que <a href=\"https:\/\/www.fmcsa.dot.gov\/safety\/research-and-analysis\/large-truck-crash-causation-study-analysis-brief\" target=\"_blank\" rel=\"noopener\">los problemas de frenos contribuyeron a casi 30% de los m\u00e1s de 140.000 accidentes de semirremolques<\/a>. De hecho, los problemas de frenos tienen m\u00e1s probabilidades de causar un accidente mortal que conducir demasiado r\u00e1pido o la fatiga del conductor. Si tus frenos no est\u00e1n en las mejores condiciones, es hora de programar una revisi\u00f3n.<\/p>\n<p style=\"font-weight: 400;\">Betts Truck Parts &amp; Service Servicio y mantenimiento de frenos de semirremolques<\/p>\n<p style=\"font-weight: 400;\">Los frenos son lo \u00fanico que le separa de un accidente.<\/p>\n<p style=\"font-weight: 400;\">Desde pastillas de freno desgastadas hasta frenos bloqueados, hay muchas cosas que pueden ir mal en la carretera, y Betts est\u00e1 aqu\u00ed para ayudarle. Si su veh\u00edculo necesita una revisi\u00f3n de frenos <a href=\"https:\/\/bettstruckparts.com\/es\/contacto\/\">concierte una cita hoy mismo<\/a> y visite uno de nuestros centros de reparaci\u00f3n.<\/p>\n<ul style=\"font-weight: 400;\">\n<li><a href=\"https:\/\/bettstruckparts.com\/es\/lugares\/fresno-2\/\">Fresno, CA<\/a><\/li>\n<li><a href=\"https:\/\/bettstruckparts.com\/es\/lugares\/fontana\/\">Fontana, CA<\/a><\/li>\n<li><a href=\"https:\/\/bettstruckparts.com\/es\/lugares\/sacramento\/\">Sacramento, CA<\/a><\/li>\n<li><a href=\"https:\/\/bettstruckparts.com\/es\/lugares\/santa-fe-springs\/\">Santa Fe Springs, CA<\/a><\/li>\n<li><a href=\"https:\/\/bettstruckparts.com\/es\/lugares\/san-leandro\/\">San Leandro, CA<\/a><\/li>\n<li><a href=\"https:\/\/bettstruckparts.com\/es\/lugares\/fenix\/\">Phoenix, AZ<\/a><\/li>\n<li><a href=\"https:\/\/bettstruckparts.com\/es\/lugares\/portland\/\">Portland, OR<\/a><\/li>\n<li><a href=\"https:\/\/bettstruckparts.com\/es\/lugares\/valle-del-sol\/\">Sun Valley, CA<\/a><\/li>\n<\/ul>\n<h2>Betts conoce los sistemas de frenos para veh\u00edculos pesados<\/h2>\n<p style=\"font-weight: 400;\">Lo \u00faltimo que necesita es quedarse atascado en el arc\u00e9n de la carretera. Afortunadamente, Betts tiene una larga trayectoria ayudando a los conductores en sus rutas.<\/p>\n<p style=\"font-weight: 400;\">Fundada por un artesano del acero ingl\u00e9s en 1868 en San Francisco, Betts era originalmente un fabricante de muelles para carruajes, tranv\u00edas y vagones, y m\u00e1s de 155 a\u00f1os despu\u00e9s Betts Truck Parts &amp; Service repara camiones y remolques de gran tonelaje.<\/p>\n<p style=\"font-weight: 400;\">Los semirremolques y los remolques est\u00e1n equipados con frenos de aire, que son distintos de los frenos de un coche. Estos frenos funcionan con aire en lugar de fluido hidr\u00e1ulico, lo que hace que el sistema de frenado sea m\u00e1s fiable y se pueda conectar f\u00e1cilmente a uno o m\u00e1s remolques. Aunque los frenos sean fiables, no son indestructibles. El tiempo y el desgaste pueden poner una enorme cantidad de tensi\u00f3n en el freno de su cami\u00f3n, causando una serie de problemas.<\/p>\n<p style=\"font-weight: 400;\">Un problema de frenos en cualquier veh\u00edculo es peligroso, pero cuando un cami\u00f3n o tractor-remolque tiene un problema, el peligro se multiplica por diez. El mantenimiento regular de los frenos es fundamental para mantenerlos en buenas condiciones de funcionamiento y evitar problemas que pueden ponerle a usted y a los dem\u00e1s en un peligro extremo en la carretera.<\/p>\n<p style=\"font-weight: 400;\">Como conductor profesional, usted sabe cuando algo no va bien con los frenos de su cami\u00f3n o remolque, pero elegir al mejor mec\u00e1nico para el trabajo no siempre es f\u00e1cil. En Betts, la seguridad siempre es lo primero, y nuestros experimentados mec\u00e1nicos est\u00e1n ah\u00ed para mantener sus frenos en perfecto estado.<\/p>\n<p>&nbsp;<\/p>\n<h2>Se\u00f1ales de que su cami\u00f3n necesita mantenimiento de frenos<\/h2>\n<p style=\"font-weight: 400;\">Hay varios problemas que puede experimentar con sus frenos, tales como:<\/p>\n<ul style=\"font-weight: 400;\">\n<li>Frenos desequilibrados<\/li>\n<li>Bloqueo de frenos<\/li>\n<li>Pastillas de freno desgastadas (<a href=\"https:\/\/commons.wikimedia.org\/wiki\/File:Worn_metallic_disc_brake_pads.jpg\" target=\"_blank\" rel=\"noopener\">ver aqu\u00ed una foto de pastillas de freno desgastadas<\/a>)<\/li>\n<\/ul>\n<p style=\"font-weight: 400;\">Si oyes lo siguiente:<\/p>\n<ul style=\"font-weight: 400;\">\n<li><strong>Chillidos agudos: <\/strong>Este ruido es un indicador de que sus pastillas de freno necesitan ser sustituidas.<\/li>\n<li><strong>Chirrido al frenar: <\/strong>Si oye o siente un ruido de rozamiento al frenar, es probable que sus pastillas de freno est\u00e9n desgastadas hasta el punto de que las pinzas met\u00e1licas est\u00e9n rozando contra los rotores. Si no acude inmediatamente al taller, los discos se da\u00f1ar\u00e1n y las reparaciones ser\u00e1n m\u00e1s costosas.<\/li>\n<\/ul>\n<p style=\"font-weight: 400;\">O si sientes lo siguiente:<\/p>\n<ul style=\"font-weight: 400;\">\n<li><strong>Tirando:<\/strong> Sentir que su cami\u00f3n tira hacia la izquierda o la derecha puede indicar problemas con las pinzas, la manguera del freno de aire u otros componentes. Tambi\u00e9n puede indicar problemas con la alineaci\u00f3n de su cami\u00f3n o los neum\u00e1ticos. En cualquier caso, deber\u00edas llevar tu cami\u00f3n al taller lo antes posible.<\/li>\n<li><strong>Vibraciones:<\/strong> Si experimenta vibraciones al frenar con normalidad, podr\u00eda deberse a un alabeo u otro problema con los rotores. El alabeo puede producirse con el paso del tiempo y como resultado del calor y la fricci\u00f3n o por llevar cargas pesadas.<\/li>\n<li><strong>Cambios en el pedal de freno:<\/strong> Si tiene que pisar m\u00e1s fuerte de lo normal para accionar los frenos o el pedal de freno est\u00e1 flojo, es posible que haya una fuga u otro problema en el conducto de los frenos.<\/li>\n<\/ul>\n<p><span style=\"font-weight: 400;\">Entonces es el momento de hacer revisar y revisar los frenos.<\/span><\/p>\n<h2><strong>\u00bfCU\u00c1NTO DURAN LAS PASTILLAS DE FRENO EN UN SEMIRREMOLQUE?<\/strong><\/h2>\n<p>La vida \u00fatil de las pastillas de freno de un semirremolque puede variar en funci\u00f3n de varios factores, como los h\u00e1bitos de conducci\u00f3n, el peso de la carga, las condiciones de la carretera y la calidad de las propias pastillas de freno. T\u00edpicamente, sin embargo, las pastillas de freno en un semirremolque pueden durar entre 50.000 y 100.000 millas en condiciones normales de conducci\u00f3n. Sin embargo, el uso intensivo, las paradas frecuentes o el transporte de cargas pesadas pueden desgastarlas m\u00e1s r\u00e1pidamente, haciendo necesaria una sustituci\u00f3n m\u00e1s frecuente. Es esencial que los conductores de camiones y los gestores de flotas inspeccionen regularmente las pastillas de freno y las sustituyan cuando sea necesario para garantizar un funcionamiento seguro.<\/p>\n<h2><strong>\u00bfPUEDO CONDUCIR CON LAS PASTILLAS DE FRENO DESGASTADAS?<\/strong><\/h2>\n<p>Puede que sientas la tentaci\u00f3n de ver hasta d\u00f3nde puedes llegar, pero no lo hagas.<\/p>\n<p><strong>No se recomienda conducir con las pastillas de freno en mal estado.<\/strong> Pone en peligro su seguridad y la de los dem\u00e1s en la carretera, y puede provocar da\u00f1os m\u00e1s graves y costosos en su sistema de frenado. Para ayudarte a determinar hasta d\u00f3nde puedes llegar para que te revisen, hay algunos factores que debes tener en cuenta:<\/p>\n<p><strong>\u00bfCu\u00e1l es la gravedad del desgaste?<\/strong> Si las pastillas de freno est\u00e1n empezando a desgastarse m\u00e1s all\u00e1 de su grosor recomendado, es posible que a\u00fan le quede algo de tiempo, quiz\u00e1s entre unos cientos y un par de miles de kil\u00f3metros en condiciones normales. Pero esto var\u00eda mucho en funci\u00f3n de los h\u00e1bitos de conducci\u00f3n, el peso del veh\u00edculo y la composici\u00f3n de las pastillas de freno.<\/p>\n<p><strong>\u00bfOyes un chirrido o un ruido de rozamiento?<\/strong> Si oyes un chirrido producido por el indicador de desgaste de la pastilla de freno, es se\u00f1al de que te est\u00e1s quedando sin pastillas y deber\u00edas cambiarlas pronto. Si escucha un sonido met\u00e1lico de rechinamiento profundo, significa que las pastillas de freno est\u00e1n completamente desgastadas y que ahora est\u00e1 utilizando la parte met\u00e1lica de la pastilla contra el rotor. Esto es extremadamente peligroso, y usted no debe conducir el veh\u00edculo, excepto para llegar a un mec\u00e1nico de inmediato.<\/p>\n<p><strong>\u00bfSu pedal de freno se hunde inmediatamente al pisarlo?<\/strong> Si al pisar el pedal de freno, \u00e9ste cae al suelo con facilidad, puede ser se\u00f1al de que las pastillas de freno est\u00e1n desgastadas.<\/p>\n<p>En todos los casos, si sospecha que sus pastillas de freno est\u00e1n en mal estado o a punto de llegar a su fin, debe hacerlas inspeccionar por un profesional lo antes posible.<\/p>\n<h2><strong>QU\u00c9 HACER SI SU CAMI\u00d3N NECESITA PASTILLAS DE FRENO NUEVAS<\/strong><\/h2>\n<p>Si las pastillas de freno est\u00e1n desgastadas o totalmente desgastadas, debe llevarlas a un t\u00e9cnico para que las revise.<\/p>\n<p>Betts es su fuente de mantenimiento de frenos y sustituci\u00f3n de cojinetes de rueda para semirremolques y otros camiones pesados. Tanto si necesita una sustituci\u00f3n completa de las pastillas de freno como cualquier otro servicio de reparaci\u00f3n de camiones, contamos con las herramientas y la experiencia necesarias para realizar el trabajo correctamente.<\/p>\n<p>Nuestro servicio de frenos lo realizan mec\u00e1nicos especializados en veh\u00edculos grandes y s\u00f3lo utilizamos piezas de alta calidad de los principales fabricantes del sector.<\/p>\n<h2>\u00bfPor qu\u00e9 elegir Betts para los servicios de mantenimiento y frenos de camiones?<\/h2>\n<p style=\"font-weight: 400;\">Betts es su fuente de mantenimiento de frenos y sustituci\u00f3n de extremos de rueda para semirremolques y otros camiones pesados. Tanto si necesita una sustituci\u00f3n completa de las pastillas de freno como cualquier otro servicio de reparaci\u00f3n de camiones, contamos con las herramientas y la experiencia necesarias para realizar el trabajo correctamente.<\/p>\n<p style=\"font-weight: 400;\">Nuestro servicio de frenos lo realizan mec\u00e1nicos especializados en veh\u00edculos grandes y s\u00f3lo utilizamos piezas de alta calidad de los principales fabricantes del sector. Ofrecemos los siguientes servicios y mantenimiento de frenos en nuestros ocho talleres de reparaci\u00f3n de camiones de la Costa Oeste:<\/p>\n<ul style=\"font-weight: 400;\">\n<li>V\u00e1lvulas<\/li>\n<li>Sistemas ABS<\/li>\n<li>Zapata de freno<\/li>\n<li>Herrajes de freno<\/li>\n<li>Manguera de freno de aire<\/li>\n<li>Accesorios para frenos de aire<\/li>\n<li>C\u00e1maras de freno<\/li>\n<li>Retenes de rueda<\/li>\n<li>Rodamientos de rueda<\/li>\n<li>Dep\u00f3sitos de aire<\/li>\n<li>Instalaci\u00f3n de frenos<\/li>\n<li>Soluci\u00f3n de problemas del sistema<\/li>\n<li>y m\u00e1s<\/li>\n<\/ul>\n<p class=\"p1\"><span style=\"font-weight: 400;\">Disponemos de una l\u00ednea completa de productos Bendix, as\u00ed como componentes de sistemas de frenos para camiones y remolques de otros fabricantes l\u00edderes.<\/span><\/p>\n<p>Para informaci\u00f3n t\u00e9cnica sobre frenos de semirremolques, recomendamos <a href=\"https:\/\/b2bendix.com\/US\/en\/USD\/documentLibrary\" target=\"_blank\" rel=\"noopener\">visitando la biblioteca de referencia de Bendix<\/a>.<\/p>\n<hr \/>\n<p>&nbsp;<\/p>\n\n\t\t<\/div>\n\t<\/div>\n<div class=\"ubtn-ctn-center\"><a class=\"ubtn-link ult-adjust-bottom-margin ubtn-center ubtn-normal\" href=\"\/es\/contacto\/\" ><button type=\"button\" id=\"ubtn-7864\"  class=\"ubtn ult-adjust-bottom-margin ult-responsive ubtn-normal ubtn-fade-bg  none  ubtn-center   tooltip-69ee155c6794c\"  data-hover=\"#FFFFFF\" data-border-color=\"#AD172B\" data-bg=\"#FFFFFF03\" data-hover-bg=\"#AD172B\" data-border-hover=\"#FFFFFF\" data-shadow-hover=\"\" data-shadow-click=\"none\" data-shadow=\"\" data-shd-shadow=\"\"  data-ultimate-target='#ubtn-7864'  data-responsive-json-new='{\"font-size\":\"desktop:16px;\",\"line-height\":\"\"}'  style=\"font-weight:bold;border-radius:15px;border-width:2px;border-color:#AD172B;border-style:solid;background: #FFFFFF03;color: #AD172B;\"><span class=\"ubtn-hover\" style=\"background-color:#AD172B\"><\/span><span class=\"ubtn-data ubtn-text\" >Concertar una cita<\/span><\/button><\/a><\/div><\/div><\/div><\/div><\/div><\/div><\/div><\/div><\/div>\n<\/div>","protected":false},"excerpt":{"rendered":"<p>Cami\u00f3n RepairAir Ride Control Rueda Alignment Servicio Auxiliar de reparaci\u00f3n de frenos de energ\u00eda Servicios de encargo U-Bolts Inspecci\u00f3n DOT Tren de Potencia Servicios de Reparaci\u00f3n El\u00e9ctrica Reparaci\u00f3n Leaf Spring Reparaci\u00f3n de Direcci\u00f3n Reparaci\u00f3n de Suspensi\u00f3n Servicios de Cami\u00f3n Eje Reparaci\u00f3n Semi Truck Freno Reparaci\u00f3n y Mantenimiento COMERCIAL VEH\u00cdCULO FRENO REPARACIONES Programar una cita \u00bfNotar un chirrido o molienda sonido cuando se frena? O es ...<\/p>","protected":false},"author":4,"featured_media":48,"parent":335,"menu_order":0,"comment_status":"closed","ping_status":"closed","template":"template-microsite.php","meta":{"footnotes":""},"class_list":["post-349","page","type-page","status-publish","has-post-thumbnail","hentry","description-off"],"_links":{"self":[{"href":"https:\/\/bettstruckparts.com\/es\/wp-json\/wp\/v2\/pages\/349","targetHints":{"allow":["GET"]}}],"collection":[{"href":"https:\/\/bettstruckparts.com\/es\/wp-json\/wp\/v2\/pages"}],"about":[{"href":"https:\/\/bettstruckparts.com\/es\/wp-json\/wp\/v2\/types\/page"}],"author":[{"embeddable":true,"href":"https:\/\/bettstruckparts.com\/es\/wp-json\/wp\/v2\/users\/4"}],"replies":[{"embeddable":true,"href":"https:\/\/bettstruckparts.com\/es\/wp-json\/wp\/v2\/comments?post=349"}],"version-history":[{"count":0,"href":"https:\/\/bettstruckparts.com\/es\/wp-json\/wp\/v2\/pages\/349\/revisions"}],"up":[{"embeddable":true,"href":"https:\/\/bettstruckparts.com\/es\/wp-json\/wp\/v2\/pages\/335"}],"wp:featuredmedia":[{"embeddable":true,"href":"https:\/\/bettstruckparts.com\/es\/wp-json\/wp\/v2\/media\/48"}],"wp:attachment":[{"href":"https:\/\/bettstruckparts.com\/es\/wp-json\/wp\/v2\/media?parent=349"}],"curies":[{"name":"wp","href":"https:\/\/api.w.org\/{rel}","templated":true}]}}