{"id":345,"date":"2017-12-06T22:47:17","date_gmt":"2017-12-06T22:47:17","guid":{"rendered":"https:\/\/bctps.wpengine.com\/?page_id=345"},"modified":"2025-07-08T07:51:32","modified_gmt":"2025-07-08T15:51:32","slug":"alineacion-de-ruedas-de-camiones","status":"publish","type":"page","link":"https:\/\/bettstruckparts.com\/es\/truck-repair\/truck-wheel-alignments\/","title":{"rendered":"Servicio de alineaci\u00f3n de ruedas"},"content":{"rendered":"<div class=\"wpb-content-wrapper\"><div class=\"vc_row wpb_row vc_row-fluid vc_custom_1746979609804 vc_row-has-fill vc_row-o-equal-height vc_row-flex\"><div class=\"wpb_column vc_column_container vc_col-sm-12\"><div class=\"vc_column-inner vc_custom_1510682076814\"><div class=\"wpb_wrapper\"><div class=\"vc_row wpb_row vc_inner vc_row-fluid vc_custom_1746979619180\"><div class=\"wpb_column vc_column_container vc_col-sm-12\"><div class=\"vc_column-inner vc_custom_1486667994280\"><div class=\"wpb_wrapper\">\n\t<div class=\"wpb_text_column wpb_content_element \" >\n\t\t<div class=\"wpb_wrapper\">\n\t\t\t<h1 style=\"text-align: center;\">Semi Truck Wheel Alignment Service Locations<\/h1>\n<h2 style=\"text-align: center;\">Schedule Wheel Alignment Service at 8 West Coast locations<\/h2>\n\n\t\t<\/div>\n\t<\/div>\n<div class=\" ubtn-ctn-center \"><a class=\"ubtn-link ult-adjust-bottom-margin ubtn-center ubtn-normal \" href=\"\/contact\" ><button type=\"button\" id=\"ubtn-8676\"  class=\"ubtn ult-adjust-bottom-margin ult-responsive ubtn-normal ubtn-fade-bg  none  ubtn-center   tooltip-69e148e286e11\"  data-hover=\"#ffffff\" data-border-color=\"#ad172b\" data-bg=\"rgba(255,255,255,0.01)\" data-hover-bg=\"#ad172b\" data-border-hover=\"#ffffff\" data-shadow-hover=\"\" data-shadow-click=\"none\" data-shadow=\"\" data-shd-shadow=\"\"  data-ultimate-target='#ubtn-8676'  data-responsive-json-new='{\"font-size\":\"desktop:16px;\",\"line-height\":\"\"}'  style=\"font-weight:bold;border-radius:15px;border-width:2px;border-color:#ad172b;border-style:solid;background: rgba(255,255,255,0.01);color: #ad172b;\"><span class=\"ubtn-hover\" style=\"background-color:#ad172b\"><\/span><span class=\"ubtn-data ubtn-text \" >Schedule an Appointment<\/span><\/button><\/a><\/div>\n\t<div class=\"wpb_text_column wpb_content_element  vc_custom_1751989889563\" >\n\t\t<div class=\"wpb_wrapper\">\n\t\t\t<p>If you require heavy duty truck alignment service or trailer alignment service, schedule an appointment at one of our heavy duty repair centers today.<\/p>\n<p><a href=\"https:\/\/bettstruckparts.com\/locations\/\">Visit the Locations page<\/a> to contact any of our 8 locations below.<\/p>\n<ul>\n<li><a href=\"https:\/\/bettstruckparts.com\/truck-repair\/truck-wheel-alignments\/fresno-ca\/\">Truck Alignment Service in Fresno, CA<\/a><\/li>\n<li><a href=\"https:\/\/bettstruckparts.com\/truck-repair\/truck-wheel-alignments\/fontana-ca\/\">Truck Alignment Service in Fontana, CA<\/a><\/li>\n<li><a href=\"https:\/\/bettstruckparts.com\/truck-repair\/truck-wheel-alignments\/sacramento-ca\/\">Truck Alignment Service in Sacramento, CA<\/a><\/li>\n<li><a href=\"https:\/\/bettstruckparts.com\/truck-repair\/truck-wheel-alignments\/santa-fe-springs-ca\/\">Truck Alignment Service in Santa Fe Springs, CA<\/a><\/li>\n<li><a href=\"https:\/\/bettstruckparts.com\/truck-repair\/truck-wheel-alignments\/san-leandro-ca\/\">Truck Alignment Service in San Leandro, CA<\/a><\/li>\n<li><a href=\"https:\/\/bettstruckparts.com\/truck-repair\/truck-wheel-alignments\/phoenix-az\/\">Truck Alignment Service in Phoenix, AZ<\/a><\/li>\n<li><a href=\"https:\/\/bettstruckparts.com\/truck-repair\/truck-wheel-alignments\/portland-or\/\">Truck Alignment Service in Portland, OR<\/a><\/li>\n<li><a title=\"Truck Wheel Alignment Service in Sun Valley, CA\" href=\"https:\/\/bettstruckparts.com\/locations\/sun-valley\/\">Truck Wheel Alignment Service in Sun Valley, CA<\/a><\/li>\n<\/ul>\n<p>Be sure to <a href=\"https:\/\/bettstruckparts.com\/truck-repair\/\">visit our main page with our full list of truck repair services<\/a>.<\/p>\n<h3>Precision Wheel Alignment Services<strong> for <\/strong>Class 6, 7 and 8 Vehicles<\/h3>\n<p><img decoding=\"async\" class=\"size-medium wp-image-3191 alignleft\" src=\"https:\/\/bettstruckparts.com\/wp-content\/uploads\/2025\/06\/image000000-300x226.jpg\" alt=\"truck wheel alignment service\" width=\"300\" height=\"226\" srcset=\"https:\/\/bettstruckparts.com\/wp-content\/uploads\/2025\/06\/image000000-300x226.jpg 300w, https:\/\/bettstruckparts.com\/wp-content\/uploads\/2025\/06\/image000000-1024x771.jpg 1024w, https:\/\/bettstruckparts.com\/wp-content\/uploads\/2025\/06\/image000000-768x578.jpg 768w, https:\/\/bettstruckparts.com\/wp-content\/uploads\/2025\/06\/image000000-1536x1157.jpg 1536w, https:\/\/bettstruckparts.com\/wp-content\/uploads\/2025\/06\/image000000-16x12.jpg 16w, https:\/\/bettstruckparts.com\/wp-content\/uploads\/2025\/06\/image000000.jpg 2040w\" sizes=\"(max-width: 300px) 100vw, 300px\" \/><\/p>\n<p>At Betts Truck Parts &amp; Service, our qualified mechanics provide precision truck alignment services, whether you drive a tractor-trailer, bus, or any other Class 6, 7, or 8 vehicles. Our heavy duty truck alignment services always include the following:<\/p>\n<ul>\n<li>Precision computer alignment utilizing Bee Line Alignment Equipment<\/li>\n<li>Expert analysis by a trained service technician<\/li>\n<\/ul>\n<h3>Contact Betts for Premium Quality Heavy Truck Alignment Services Today<\/h3>\n<p>Betts Truck Parts &amp; Service is part of Betts Company. Founded by an English steel craftsman in 1868 in San Francisco. Betts was originally a manufacturer of springs for carriages, streetcars, and wagons.<\/p>\n<p>Nearly a century and a half later, Betts Truck Parts &amp; Service repairs big rig trucks and trailers. We strive to provide the best truck parts and service in the industry. We offer complete, start-to-finish truck alignment services and trailer alignment services. We work with light and medium-duty trucks, Class 6, 7, and 8 trucks, and trailers of all types.<\/p>\n<p>For world-class truck alignment services and trailer alignment services on the West Coast, look no further than Betts Truck Parts &amp; Service.\u00a0Schedule an appointment\u00a0for truck alignment service today, or\u00a0contact us\u00a0to find out what we can do for you. No one does truck alignment better than Betts!<\/p>\n<p>Having proper semi truck wheel alignment is important for maintaining the overall welfare of your commercial vehicle. Poor alignment can lead to premature wear on your tires and bad fuel economy.<\/p>\n<p>Truck alignment also plays a big role in keeping the driver safe. Be sure to regularly address heavy duty truck and trailer alignment issues to prevent costly repairs and ensure safe driving practices.<\/p>\n<p>Betts Truck Parts &amp; Service offers heavy truck alignment services and trailer alignment services for drivers and fleets on the West Coast. We have the expertise and capabilities with state-of-the-art Beeline Laser Alignment equipment to keep your truck properly aligned.<\/p>\n<p><img decoding=\"async\" class=\"size-medium wp-image-3198 alignleft\" src=\"https:\/\/bettstruckparts.com\/wp-content\/uploads\/2025\/06\/IMG_8894-300x225.jpeg\" alt=\"\" width=\"300\" height=\"225\" srcset=\"https:\/\/bettstruckparts.com\/wp-content\/uploads\/2025\/06\/IMG_8894-300x225.jpeg 300w, https:\/\/bettstruckparts.com\/wp-content\/uploads\/2025\/06\/IMG_8894-1024x768.jpeg 1024w, https:\/\/bettstruckparts.com\/wp-content\/uploads\/2025\/06\/IMG_8894-768x576.jpeg 768w, https:\/\/bettstruckparts.com\/wp-content\/uploads\/2025\/06\/IMG_8894-1536x1152.jpeg 1536w, https:\/\/bettstruckparts.com\/wp-content\/uploads\/2025\/06\/IMG_8894-2048x1536.jpeg 2048w, https:\/\/bettstruckparts.com\/wp-content\/uploads\/2025\/06\/IMG_8894-16x12.jpeg 16w\" sizes=\"(max-width: 300px) 100vw, 300px\" \/><\/p>\n<p><a href=\"https:\/\/bettstruckparts.com\/contact-us\/\"><strong>Schedule an appointment for heavy duty truck and trailer alignment service today<\/strong><\/a>.<\/p>\n<h3>The Importance of Proper Semi Truck Alignment<strong>\u00a0<\/strong><\/h3>\n<p>Improper alignment can cause all kinds of problems for light, medium, and heavy-duty trucks and trailers, including:<\/p>\n<ul>\n<li>Poor fuel economy<\/li>\n<li>Decreased drive-ability<\/li>\n<li>Shortened tire life<\/li>\n<li>Increased repair costs<\/li>\n<li>Safety hazards<\/li>\n<\/ul>\n<p>Betts Truck Parts services class 6, 7, and 8 truck\/semi rigs and trailers. We provide premium quality semi truck laser alignment services throughout California, Arizona, and Oregon, including Fresno, Fontana, Sacramento, Santa Fe Springs, San Leandro, Phoenix, and Portland.<\/p>\n<h3>How Often Should Semi Truck Alignment Services Be Performed?<\/h3>\n<p>We recommended that an initial truck alignment service be performed between the first 15,000 to 30,000 miles of a truck\u2019s life, or after the first three months, whatever comes first. It is also important to check alignment if you observe irregular tire wear or if the driver reports steering or handling problems. The alignment should also be checked any time the vehicle has been damaged, or if components that affect alignment have been replaced.<\/p>\n<h3>Semi Truck &amp; Trailer Alignment Indications<strong>\u00a0<\/strong><\/h3>\n<p>Commercial tire wear problems may appear in numerous locations including steering, drive axles or trailer axles, which can have a huge effect on the overall alignment of the truck and trailer. Some of the signs that your heavy truck or trailer may need alignment include:<\/p>\n<ul>\n<li>Uneven wear on tires.<\/li>\n<li>Steady and increased vibration.<\/li>\n<li>The truck pulls to one side while driving.<\/li>\n<li>The steering wheel is off-center.<\/li>\n<li>The truck was involved in an accident.<\/li>\n<\/ul>\n<div id=\"attachment_2844\" style=\"width: 310px\" class=\"wp-caption alignleft\"><img decoding=\"async\" aria-describedby=\"caption-attachment-2844\" class=\"size-medium wp-image-2844\" src=\"https:\/\/bettstruckparts.com\/wp-content\/uploads\/2023\/09\/IMG_3513_rev-300x225.jpg\" alt=\"Heavy Duty Truck Alignment in Fresno\" width=\"300\" height=\"225\" srcset=\"https:\/\/bettstruckparts.com\/wp-content\/uploads\/2023\/09\/IMG_3513_rev-300x225.jpg 300w, https:\/\/bettstruckparts.com\/wp-content\/uploads\/2023\/09\/IMG_3513_rev-1024x768.jpg 1024w, https:\/\/bettstruckparts.com\/wp-content\/uploads\/2023\/09\/IMG_3513_rev-768x576.jpg 768w, https:\/\/bettstruckparts.com\/wp-content\/uploads\/2023\/09\/IMG_3513_rev-1536x1152.jpg 1536w, https:\/\/bettstruckparts.com\/wp-content\/uploads\/2023\/09\/IMG_3513_rev-2048x1536.jpg 2048w\" sizes=\"(max-width: 300px) 100vw, 300px\" \/><p id=\"caption-attachment-2844\" class=\"wp-caption-text\">Heavy Duty Truck Alignment in Fresno<\/p><\/div>\n<h3>Why Choose Betts for Truck Alignment Services?<strong>\u00a0<\/strong><\/h3>\n<p>Betts Truck Parts &amp; Service has been around for more than 30 years, and thanks to our decades of experience, we know exactly what our customers need when it comes to semi-truck alignment services and trailer alignment services.<\/p>\n<p>Our\u00a0service centers\u00a0are strategically located throughout California, Oregon, and Arizona. As a result, both regional and national fleets rely on us for truck alignment service and other repairs.<\/p>\n<p class=\"p1\"><span class=\"s1\"><b>Additional Information About Wheel Alignments<\/b><\/span><\/p>\n<p class=\"p2\"><span class=\"s2\"><a href=\"https:\/\/www.bar.ca.gov\/pdf\/workshops\/202304-vehicle-safety-inspection\/draft-manual.pdf\" target=\"_blank\" rel=\"noopener\">Learn more about wheel alignment standards from the California Bureau of Automotive Repair.<\/a><\/span><\/p>\n<p class=\"p2\"><span class=\"s2\"><a href=\"https:\/\/www.fmcsa.dot.gov\/safety\/vehicle-maintenance\" target=\"_blank\" rel=\"noopener\">See FMCSA\u2019s guidelines on vehicle maintenance and safety requirements.<\/a><\/span><\/p>\n\n\t\t<\/div>\n\t<\/div>\n<div class=\" ubtn-ctn-center \"><a class=\"ubtn-link ult-adjust-bottom-margin ubtn-center ubtn-normal \" href=\"\/contact\" ><button type=\"button\" id=\"ubtn-9800\"  class=\"ubtn ult-adjust-bottom-margin ult-responsive ubtn-normal ubtn-fade-bg  none  ubtn-center   tooltip-69e148e286fed\"  data-hover=\"#ffffff\" data-border-color=\"#ad172b\" data-bg=\"rgba(255,255,255,0.01)\" data-hover-bg=\"#ad172b\" data-border-hover=\"#ffffff\" data-shadow-hover=\"\" data-shadow-click=\"none\" data-shadow=\"\" data-shd-shadow=\"\"  data-ultimate-target='#ubtn-9800'  data-responsive-json-new='{\"font-size\":\"desktop:16px;\",\"line-height\":\"\"}'  style=\"font-weight:bold;border-radius:15px;border-width:2px;border-color:#ad172b;border-style:solid;background: rgba(255,255,255,0.01);color: #ad172b;\"><span class=\"ubtn-hover\" style=\"background-color:#ad172b\"><\/span><span class=\"ubtn-data ubtn-text \" >Schedule an Appointment<\/span><\/button><\/a><\/div><\/div><\/div><\/div><div class=\"wpb_column vc_column_container vc_col-sm-12\"><div class=\"vc_column-inner\"><div class=\"wpb_wrapper\"><\/div><\/div><\/div><\/div><\/div><\/div><\/div><\/div><div class=\"vc_row wpb_row vc_row-fluid\"><div class=\"wpb_column vc_column_container vc_col-sm-12\"><div class=\"vc_column-inner\"><div class=\"wpb_wrapper\"><div  class=\"vc_do_toggle vc_toggle vc_toggle_default vc_toggle_color_default  vc_toggle_size_md\"><div class=\"vc_toggle_title\"><h4>How Much Does It Cost To Do an Alignment on a Semi?<\/h4><i class=\"vc_toggle_icon\"><\/i><\/div><div class=\"vc_toggle_content\"><p><span style=\"font-weight: 400;\">Alignment on a semi-truck can cost anywhere between $75 and $125 per axle. This usually depends on the type of truck and market. This cost could be $200 or higher for a luxurious semi-truck. Call your nearest Betts Truck Parts &amp; Service branch with any questions regarding the cost of an alignment.<\/span><\/p>\n<\/div><\/div><div  class=\"vc_do_toggle vc_toggle vc_toggle_default vc_toggle_color_default  vc_toggle_size_md\"><div class=\"vc_toggle_title\"><h4>Do Semi-Trucks Need an Alignment?<\/h4><i class=\"vc_toggle_icon\"><\/i><\/div><div class=\"vc_toggle_content\"><p><span style=\"font-weight: 400;\">Your semi-trucks need alignment to ensure they are maintained well. Bad alignment can cause premature wear and tear on your tires and lead to poor fuel economy. Common signs that your semi-truck needs alignment include:<\/span><\/p>\n<ul>\n<li style=\"font-weight: 400;\" aria-level=\"1\"><span style=\"font-weight: 400;\">Uneven wear on the tires<\/span><\/li>\n<li style=\"font-weight: 400;\" aria-level=\"1\"><span style=\"font-weight: 400;\">Truck pulling to one side of the road when driving<\/span><\/li>\n<li style=\"font-weight: 400;\" aria-level=\"1\"><span style=\"font-weight: 400;\">The steering wheel is off-center<\/span><\/li>\n<li style=\"font-weight: 400;\" aria-level=\"1\"><span style=\"font-weight: 400;\">Your truck was involved in a collision<\/span><\/li>\n<\/ul>\n<\/div><\/div><div  class=\"vc_do_toggle vc_toggle vc_toggle_default vc_toggle_color_default  vc_toggle_size_md\"><div class=\"vc_toggle_title\"><h4>How Often Does a Semi Truck Need an Alignment?<\/h4><i class=\"vc_toggle_icon\"><\/i><\/div><div class=\"vc_toggle_content\"><p><span style=\"font-weight: 400;\">If you experience steering problems or irregular tire wheels, you may need to get an alignment done. Otherwise, you can check your semi-trucks every 10,000 to 30,000 miles or annually for alignment. You can also get truck alignment servicing done every three months to ensure you don&#8217;t face any potential alignment issues.<\/span><\/p>\n<\/div><\/div><div  class=\"vc_do_toggle vc_toggle vc_toggle_default vc_toggle_color_default  vc_toggle_size_md\"><div class=\"vc_toggle_title\"><h4>Do You Perform 3-Axle Truck Alignments?<\/h4><i class=\"vc_toggle_icon\"><\/i><\/div><div class=\"vc_toggle_content\"><p><span style=\"font-weight: 400;\">Yes, if you are looking for a semi truck repair shop near you to perform a 3 axle alignment on your truck, please call your nearest Betts Truck Parts &amp; Service branch.<\/span><\/p>\n<\/div><\/div>\n\t<div class=\"wpb_raw_code wpb_raw_html wpb_content_element\" >\n\t\t<div class=\"wpb_wrapper\">\n\t\t\t<script type=\"application\/ld+json\">{\"@context\":\"https:\/\/schema.org\",\"@type\":\"FAQPage\",\"mainEntity\":[{\"@type\":\"Question\",\"name\":\"How much does it cost to do an alignment on a semi?\",\"acceptedAnswer\":{\"@type\":\"Answer\",\"text\":\"Alignment on a semi-truck can cost anywhere between $75 and $125 per axle. This usually depends on the type of truck and market. This cost could be $200 or higher for a luxurious semi-truck.\"}},{\"@type\":\"Question\",\"name\":\"Do semi trucks need alignment?\",\"acceptedAnswer\":{\"@type\":\"Answer\",\"text\":\"Your semi-trucks need alignment to ensure they are maintained well. Bad alignment can cause premature wear and tear on your tires and lead to poor fuel economy. Common signs that your semi-truck needs alignment include:Uneven wear on the tiresTruck pulling to one side of the road when drivingThe steering wheel is off-centerYour truck was involved in a collision\"}},{\"@type\":\"Question\",\"name\":\"How often does a semi truck need an alignment?\",\"acceptedAnswer\":{\"@type\":\"Answer\",\"text\":\"If you experience steering problems or irregular tire wheels, you may need to get an alignment done. Otherwise, you can check your semi-trucks every 10,000 to 30,000 miles or annually for alignment. You can also get truck alignment servicing done every three months to ensure you don't face any potential alignment issues. \"}}]}<\/script>\t\t\n\t\t\n\t\t\n\t\t\n\t\t\n\t\t\n\t\t\n\t\t\n\t\t\n\t\t\n\t\t<\/div>\n\t<\/div>\n<\/div><\/div><\/div><\/div>\n<\/div>","protected":false},"excerpt":{"rendered":"<p>Ubicaciones de servicio de alineaci\u00f3n de ruedas para semirremolques Programe un servicio de alineaci\u00f3n de ruedas en 8 ubicaciones de la costa oeste Programe una cita Si necesita un servicio de alineaci\u00f3n de camiones pesados o un servicio de alineaci\u00f3n de remolques, programe una cita en uno de nuestros centros de reparaci\u00f3n de camiones pesados hoy mismo. Visite la p\u00e1gina de ubicaciones para ponerse en contacto con cualquiera de nuestras 8 ubicaciones a continuaci\u00f3n. Camiones...<\/p>","protected":false},"author":4,"featured_media":0,"parent":335,"menu_order":0,"comment_status":"closed","ping_status":"closed","template":"template-microsite.php","meta":{"footnotes":""},"class_list":["post-345","page","type-page","status-publish","hentry","description-off"],"_links":{"self":[{"href":"https:\/\/bettstruckparts.com\/es\/wp-json\/wp\/v2\/pages\/345","targetHints":{"allow":["GET"]}}],"collection":[{"href":"https:\/\/bettstruckparts.com\/es\/wp-json\/wp\/v2\/pages"}],"about":[{"href":"https:\/\/bettstruckparts.com\/es\/wp-json\/wp\/v2\/types\/page"}],"author":[{"embeddable":true,"href":"https:\/\/bettstruckparts.com\/es\/wp-json\/wp\/v2\/users\/4"}],"replies":[{"embeddable":true,"href":"https:\/\/bettstruckparts.com\/es\/wp-json\/wp\/v2\/comments?post=345"}],"version-history":[{"count":0,"href":"https:\/\/bettstruckparts.com\/es\/wp-json\/wp\/v2\/pages\/345\/revisions"}],"up":[{"embeddable":true,"href":"https:\/\/bettstruckparts.com\/es\/wp-json\/wp\/v2\/pages\/335"}],"wp:attachment":[{"href":"https:\/\/bettstruckparts.com\/es\/wp-json\/wp\/v2\/media?parent=345"}],"curies":[{"name":"wp","href":"https:\/\/api.w.org\/{rel}","templated":true}]}}