{"id":3399,"date":"2026-04-23T19:58:08","date_gmt":"2026-04-24T03:58:08","guid":{"rendered":"https:\/\/bettstruckparts.com\/?page_id=3399"},"modified":"2026-04-27T12:08:58","modified_gmt":"2026-04-27T20:08:58","slug":"bit-inspection-fresno-ca","status":"publish","type":"page","link":"https:\/\/bettstruckparts.com\/es\/bit-inspection-fresno-ca\/","title":{"rendered":"BIT Inspection Fresno"},"content":{"rendered":"<div class=\"wpb-content-wrapper\"><div class=\"vc_row wpb_row vc_row-fluid vc_custom_1761083000098\"><div class=\"wpb_column vc_column_container vc_col-sm-12\"><div class=\"vc_column-inner\"><div class=\"wpb_wrapper\">\n\t<div class=\"wpb_text_column wpb_content_element\" >\n\t\t<div class=\"wpb_wrapper\">\n\t\t\t<h1 style=\"text-align: center;\">BIT Inspections in Fresno CA<\/h1>\n<h2 style=\"text-align: center;\"><span style=\"color: #ad1818;\">To schedule a BIT Inspection or speak with our service manager, call <a href=\"tel:559-498-8624\">(559) 498-8624<\/a><\/span><\/h2>\n\n\t\t<\/div>\n\t<\/div>\n<div class=\"ubtn-ctn-center\"><a class=\"ubtn-link ult-adjust-bottom-margin ubtn-center ubtn-normal\" href=\"tel:559-498-8624\" ><button type=\"button\" id=\"ubtn-4331\"  class=\"ubtn ult-adjust-bottom-margin ult-responsive ubtn-normal ubtn-fade-bg  none  ubtn-center   tooltip-69f32cfbee932\"  data-hover=\"#FFFFFF\" data-border-color=\"#AD172B\" data-bg=\"#FFFFFF00\" data-hover-bg=\"#AD172B\" data-border-hover=\"#FFFFFF\" data-shadow-hover=\"\" data-shadow-click=\"none\" data-shadow=\"\" data-shd-shadow=\"\"  data-ultimate-target='#ubtn-4331'  data-responsive-json-new='{\"font-size\":\"desktop:16px;\",\"line-height\":\"\"}'  style=\"font-weight:bold;border-radius:15px;border-width:3px;border-color:#AD172B;border-style:solid;background: #FFFFFF00;color: #AD172B;\"><span class=\"ubtn-hover\" style=\"background-color:#AD172B\"><\/span><span class=\"ubtn-data ubtn-text\" >Call for Fresno BIT Inspection Appointments<\/span><\/button><\/a><\/div><\/div><\/div><\/div><\/div><div class=\"vc_row wpb_row vc_row-fluid vc_custom_1744572361037\"><div class=\"wpb_column vc_column_container vc_col-sm-12\"><div class=\"vc_column-inner\"><div class=\"wpb_wrapper\">\n\t<div class=\"wpb_text_column wpb_content_element\" >\n\t\t<div class=\"wpb_wrapper\">\n\t\t\t<p style=\"text-align: left;\"><strong>Betts Truck Parts &amp; Service in Fresno, CA<\/strong> is your trusted partner for ensuring compliance with California&#8217;s stringent BIT (Biennial Inspection of Terminals) program.<\/p>\n<p style=\"text-align: left;\">With over two decades of experience and a commitment to exceptional customer service, we provide comprehensive BIT inspections that help you keep your trucks on the road and your business running smoothly.<\/p>\n<p style=\"text-align: left;\"><strong>Schedule your BIT Inspection in Fresno today by calling us at (559) 498-8624<\/strong> and speaking with our knowledgeable service manager.<\/p>\n<p style=\"text-align: left;\">At Betts Truck Parts &amp; Service Fresno, we understand the importance of timely and accurate BIT inspections. We know that compliance is not just a legal requirement, but also a critical factor in maintaining the safety of your drivers and the integrity of your equipment.<\/p>\n<p style=\"text-align: left;\">That&#8217;s why we offer convenient BIT Inspection Services right at our location in Fresno minimizing downtime and maximizing efficiency.<\/p>\n<p>&nbsp;<\/p>\n<h3><strong>\u00bfPor qu\u00e9 elegir Betts Truck Parts &amp; Service para sus necesidades de inspecci\u00f3n BIT?<\/strong><\/h3>\n<ul>\n<li><strong>Especialistas experimentados en inspecci\u00f3n BIT:<\/strong> Nuestros inspectores certificados tienen una amplia experiencia en la realizaci\u00f3n de inspecciones BIT exhaustivas para una amplia gama de veh\u00edculos comerciales.<\/li>\n<li><strong>Comodidad m\u00f3vil:<\/strong> Did you know we can bring BIT inspections to your fleet? We bring the inspection to you, saving you valuable time and resources. Our mobile service eliminates the need to transport your vehicles to a fixed location, minimizing downtime and maximizing productivity.<\/li>\n<li><strong>Inspecciones exhaustivas:<\/strong> Realizamos inspecciones BIT exhaustivas que cubren todas las \u00e1reas requeridas, garantizando el cumplimiento de la normativa de California. Nuestras inspecciones incluyen controles de:\n<ul>\n<li><strong>Sistemas de frenado<\/strong><\/li>\n<li><strong>Sistemas de direcci\u00f3n<\/strong><\/li>\n<li><strong>Sistemas de suspensi\u00f3n<\/strong><\/li>\n<li><strong>Neum\u00e1ticos y ruedas<\/strong><\/li>\n<li><strong>Iluminaci\u00f3n y sistemas el\u00e9ctricos<\/strong><\/li>\n<li><strong>Bastidor y carrocer\u00eda<\/strong><\/li>\n<li><strong>Sujeci\u00f3n de la carga<\/strong><\/li>\n<li><strong>Documentaci\u00f3n y registro<br \/>\n<\/strong><\/li>\n<\/ul>\n<\/li>\n<li><strong>Servicio r\u00e1pido y eficaz<\/strong>: Comprendemos la importancia de que sus veh\u00edculos vuelvan r\u00e1pidamente a la carretera. Nuestros experimentados inspectores trabajan de manera eficiente para completar su inspecci\u00f3n BIT de manera oportuna, minimizando la interrupci\u00f3n de sus operaciones.<\/li>\n<li><strong>Excelente servicio de atenci\u00f3n al cliente:<\/strong> Nos comprometemos a ofrecer un servicio al cliente excepcional y a superar sus expectativas. Nuestro equipo est\u00e1 siempre disponible para responder a sus preguntas y resolver sus dudas.<\/li>\n<li><strong>Reputaci\u00f3n premiada<\/strong>: Betts Truck Parts &amp; Service fue nominado recientemente por la revista Truck Parts &amp; Service Magazine como finalista para \"Distribuidor del A\u00f1o 2020\" por nuestro compromiso con nuestros clientes. Este reconocimiento es un testimonio de nuestra dedicaci\u00f3n a proporcionar un servicio de calidad y construir relaciones s\u00f3lidas con nuestros clientes. Somos Betts Truck Parts San Leandro, un nombre en el que puede confiar.<\/li>\n<\/ul>\n<p>We have been providing quality BIT inspections and truck services for the Central Valley since 1992!<\/p>\n<h3><strong>Comprender el programa BIT: Garantizar la seguridad y el cumplimiento<\/strong><\/h3>\n<p>The Biennial Inspection of Terminals (BIT) program is a comprehensive safety program mandated by the California Department of Motor Vehicles (DMV) to ensure the safe operation of commercial vehicles on California&#8217;s roadways.<\/p>\n<p>The program requires all motor carriers operating commercial vehicles with a gross vehicle weight rating (GVWR) of 10,001 pounds or more to undergo periodic inspections of their terminals and vehicles.<\/p>\n<h3><strong>Objetivos clave del Programa BIT:<\/strong><\/h3>\n<ul>\n<li>Reducir los accidentes de veh\u00edculos comerciales.<\/li>\n<li>Mejorar la seguridad de las operaciones de los veh\u00edculos comerciales.<\/li>\n<li>Garantizar el cumplimiento de la normativa estatal y federal.<\/li>\n<li>Promover una gesti\u00f3n responsable de los transportistas.<\/li>\n<\/ul>\n<h3><strong>\u00bfQu\u00e9 implica una inspecci\u00f3n BIT?<\/strong><\/h3>\n<p>Una inspecci\u00f3n BIT es una evaluaci\u00f3n exhaustiva de las pr\u00e1cticas de seguridad de un transportista y del estado de sus veh\u00edculos comerciales. La inspecci\u00f3n suele incluir una revisi\u00f3n de:<\/p>\n<ul>\n<li>Cualificaciones del conductor y registros de formaci\u00f3n.<\/li>\n<li>Registros de mantenimiento del veh\u00edculo.<\/li>\n<li>Historial de accidentes.<\/li>\n<li>Cumplimiento de la normativa sobre horas de servicio.<\/li>\n<li>Estado del veh\u00edculo, incluidos los sistemas de frenos, direcci\u00f3n, suspensi\u00f3n, neum\u00e1ticos e iluminaci\u00f3n.<\/li>\n<\/ul>\n<h3><strong>Preguntas comunes sobre las inspecciones BIT:<\/strong><\/h3>\n<ul>\n<li><strong>\u00bfCon qu\u00e9 frecuencia son necesarias las inspecciones de la BIT?<\/strong> Las inspecciones de la BIT son obligatorias al menos una vez cada dos a\u00f1os.<\/li>\n<li><strong>\u00bfQui\u00e9n es responsable de garantizar el cumplimiento de los TBI?<\/strong> El transportista es responsable de garantizar el cumplimiento del programa BIT.<\/li>\n<li><strong>\u00bfCu\u00e1les son las consecuencias del incumplimiento?<\/strong> El incumplimiento del programa BIT puede acarrear multas, sanciones e incluso la suspensi\u00f3n de la autorizaci\u00f3n para operar.<\/li>\n<\/ul>\n<p><strong>Contact Us Today for Your BIT Inspection in San Leandro!<\/strong><\/p>\n<p>Ensure your compliance with California&#8217;s BIT program and protect your business by scheduling a Mobile BIT Inspection with Betts Truck Parts &amp; Service in Fresno. <a href=\"tel:Call us today at (559) 498-8624\">Call us today at (559) 498-8624<\/a> para programar su inspecci\u00f3n y obtener m\u00e1s informaci\u00f3n sobre nuestros servicios.<\/p>\n<div id=\"attachment_611\" style=\"width: 310px\" class=\"wp-caption alignleft\"><img decoding=\"async\" aria-describedby=\"caption-attachment-611\" class=\"size-medium wp-image-611\" src=\"https:\/\/bettstruckparts.com\/wp-content\/uploads\/2018\/01\/unnamed-3-300x200.jpg\" alt=\"Betts Truck Parts Fresno Ubicaci\u00f3n\" width=\"300\" height=\"200\" srcset=\"https:\/\/bettstruckparts.com\/wp-content\/uploads\/2018\/01\/unnamed-3-300x200.jpg 300w, https:\/\/bettstruckparts.com\/wp-content\/uploads\/2018\/01\/unnamed-3.jpg 450w\" sizes=\"(max-width: 300px) 100vw, 300px\" \/><p id=\"caption-attachment-611\" class=\"wp-caption-text\">Betts Truck Parts Fresno Ubicaci\u00f3n<\/p><\/div>\n<p><strong>Betts Truck Parts &amp; Service Fresno<\/strong><\/p>\n\n\t\t<\/div>\n\t<\/div>\n\n\t<div class=\"wpb_raw_code wpb_raw_html wpb_content_element\" >\n\t\t<div class=\"wpb_wrapper\">\n\t\t\t<div itemprop=\"address\" itemscope itemtype=\"http:\/\/schema.org\/PostalAddress\">\n<p><span itemprop=\"streetAddress\"><strong>950 Doolittle Drive<\/strong><\/span><br>\n<strong><span itemprop=\"addressLocality\">San Leandro<\/span>,\u00a0<span itemprop=\"addressRegion\">CA<\/span>\u00a0<span itemprop=\"postalCode\">94577<\/span><\/strong><br>\n<span itemprop=\"telephone\"><strong>Tel\u00e9fono<\/strong>:\u00a0510.633.4500<\/span><br>\n<strong>Tel\u00e9fono gratuito<\/strong>:\u00a0888.822.3887<br><\/p>\n\t\t<\/div>\n\t<\/div>\n\n\t<div class=\"wpb_text_column wpb_content_element\" >\n\t\t<div class=\"wpb_wrapper\">\n\t\t\t<p><strong>Horario:<\/strong><br \/>\n<a href=\"https:\/\/bettstruckparts.com\/es\/lugares\/fresno\/\">Check our working hours at Betts TPS Fresno<\/a><\/p>\n<p>Need more information about BIT Inspections? See below to learn more about BIT Inspection requirements, what inspections are done for BIT Inspections, and frequently asked questions about BIT Inspections.<\/p>\n\n\t\t<\/div>\n\t<\/div>\n<\/div><\/div><\/div><\/div><div class=\"vc_row wpb_row vc_row-fluid\"><div class=\"wpb_column vc_column_container vc_col-sm-6\"><div class=\"vc_column-inner\"><div class=\"wpb_wrapper\">\n\t<div class=\"wpb_text_column wpb_content_element\" >\n\t\t<div class=\"wpb_wrapper\">\n\t\t\t<p><em>\"Este lugar es perfecto para el servicio de camiones. Si necesitas piezas y servicio para camiones grandes en el \u00c1rea de la Bah\u00eda, este es un One Stop Shop\".<br \/>\n<\/em>&#8211; <em><strong>Happy S., San Leandro<\/strong><\/em><\/p>\n\n\t\t<\/div>\n\t<\/div>\n<\/div><\/div><\/div><div class=\"wpb_column vc_column_container vc_col-sm-6\"><div class=\"vc_column-inner\"><div class=\"wpb_wrapper\">\n\t<div class=\"wpb_text_column wpb_content_element\" >\n\t\t<div class=\"wpb_wrapper\">\n\t\t\t<p><em>\"Tienda muy profesional con t\u00e9cnicos muy bien informados y personal de oficina profesional.\"<br \/>\n<\/em>&#8211;\u00a0<em><strong>David W., San Leandro<\/strong><\/em><\/p>\n\n\t\t<\/div>\n\t<\/div>\n<\/div><\/div><\/div><\/div><div class=\"vc_row wpb_row vc_row-fluid\"><div class=\"wpb_column vc_column_container vc_col-sm-12\"><div class=\"vc_column-inner\"><div class=\"wpb_wrapper\">\n\t<div  class=\"wpb_single_image wpb_content_element vc_align_center\">\n\t\t\n\t\t<figure class=\"wpb_wrapper vc_figure\">\n\t\t\t<div class=\"vc_single_image-wrapper   vc_box_border_grey\"><img decoding=\"async\" width=\"730\" height=\"561\" src=\"https:\/\/bettstruckparts.com\/wp-content\/uploads\/2026\/04\/Betts-TPS-Fresno-Branch-Location-Map.png\" class=\"vc_single_image-img attachment-large\" alt=\"Betts TPS Fresno Branch Location Map\" title=\"Betts TPS Fresno Branch Location Map\" srcset=\"https:\/\/bettstruckparts.com\/wp-content\/uploads\/2026\/04\/Betts-TPS-Fresno-Branch-Location-Map.png 730w, https:\/\/bettstruckparts.com\/wp-content\/uploads\/2026\/04\/Betts-TPS-Fresno-Branch-Location-Map-300x231.png 300w, https:\/\/bettstruckparts.com\/wp-content\/uploads\/2026\/04\/Betts-TPS-Fresno-Branch-Location-Map-16x12.png 16w\" sizes=\"(max-width: 730px) 100vw, 730px\"  data-dt-location=\"https:\/\/bettstruckparts.com\/es\/bit-inspection-fresno-ca\/betts-tps-fresno-branch-location-map\/\" \/><\/div>\n\t\t<\/figure>\n\t<\/div>\n\n\t<div class=\"wpb_text_column wpb_content_element\" >\n\t\t<div class=\"wpb_wrapper\">\n\t\t\t<p><strong>C\u00f3mo llegar<\/strong><\/p>\n<p><a href=\"https:\/\/goo.gl\/maps\/1LXRYp6DCYaNfk9M9\" target=\"_blank\" rel=\"noopener\">Betts Truck Parts &amp; Service, Fresno<\/a>\u00a0se encuentra en 2867 S Maple Ave,\u00a0<a href=\"https:\/\/goo.gl\/maps\/PtHSmPYgkoVt4RMs6\" target=\"_blank\" rel=\"noopener\">Fresno, CA<\/a>\u00a093725. En\u00a0<a href=\"https:\/\/goo.gl\/maps\/YVoh9nabVATFnetV6\" target=\"_blank\" rel=\"noopener\">Aeropuerto Internacional Fresno Yosemite (FAT)<\/a>\u00a0dir\u00edjase al noreste y luego gire a la izquierda. A continuaci\u00f3n, siga recto y luego contin\u00fae por N Gateway Blvd. Finalmente, gire a la derecha en E McKinley Ave y gire a la izquierda en N Maple Ave donde Betts Truck Parts &amp; Service estar\u00e1 a la izquierda.<\/p>\n<p>Si tiene m\u00e1s preguntas, puede llamarnos al (559) 498-8624 o encontrarnos en\u00a0<a href=\"https:\/\/www.yelp.com\/biz\/betts-truck-parts-and-service-fresno\" target=\"_blank\" rel=\"noopener\">Yelp<\/a><\/p>\n\n\t\t<\/div>\n\t<\/div>\n\n\t<div class=\"wpb_text_column wpb_content_element\" >\n\t\t<div class=\"wpb_wrapper\">\n\t\t\t<h2><span style=\"color: #a11b1b;\">Fresno, CA BIT Inspection FAQ&#8217;s<\/span><\/h2>\n\n\t\t<\/div>\n\t<\/div>\n<div  class=\"vc_do_toggle vc_toggle vc_toggle_default vc_toggle_color_default  vc_toggle_size_md\"><div class=\"vc_toggle_title\"><h4>\u00bfPor qu\u00e9 elegir Betts Truck Parts para las inspecciones BIT?<\/h4><i class=\"vc_toggle_icon\"><\/i><\/div><div class=\"vc_toggle_content\"><p>Betts Truck Parts se ha centrado en proporcionar una experiencia de cliente de \u00e9lite. Recientemente hemos sido finalistas en Truck Parts &amp; Service Magazine -una publicaci\u00f3n nacional del sector- como <strong>Finalista<\/strong> para <strong>Distribuidor del A\u00f1o 2020<\/strong>.<\/p>\n<p>We have over 30 years\u2019 experience, and provide fast, efficient commercial truck inspection services in Fresno to keep you in compliance and on the road.<\/p>\n<p>Tenemos 6 ubicaciones adicionales en California, Oreg\u00f3n y Arizona para servir a su flota.<\/p>\n<\/div><\/div><div  class=\"vc_do_toggle vc_toggle vc_toggle_default vc_toggle_color_default  vc_toggle_size_md\"><div class=\"vc_toggle_title\"><h4>Where in Fresno do you perform BIT Inspections<\/h4><i class=\"vc_toggle_icon\"><\/i><\/div><div class=\"vc_toggle_content\"><p>Betts Truck Parts &amp; Service Fresno is located in South Fresno on Maple Avenue, south of Jensen Ave.<\/p>\n<p>However, we can come to your fleet to perform mobile BIT Inspections in most areas in and around the Central Valley.<\/p>\n<p>Call our service manager in Fresno at 559.498.8624 to confirm your BIT Inspection service area.<\/p>\n<\/div><\/div><div  class=\"vc_do_toggle vc_toggle vc_toggle_default vc_toggle_color_default  vc_toggle_size_md\"><div class=\"vc_toggle_title\"><h4>\u00bfSon bienales las inspecciones BIT de California?<\/h4><i class=\"vc_toggle_icon\"><\/i><\/div><div class=\"vc_toggle_content\"><p>La legislaci\u00f3n californiana de principios de 2016 modific\u00f3 la anterior normativa de \"Inspecci\u00f3n bienal de terminales\".<\/p>\n<p>Tras este cambio, las inspecciones ya no son bienales. CHP puede inspeccionar una terminal cuando lo desee.<\/p>\n<p>Las terminales que reciban una calificaci\u00f3n \"satisfactoria\" s\u00f3lo podr\u00e1n ser inspeccionadas cada varios a\u00f1os. Las terminales que reciban una calificaci\u00f3n \"insatisfactoria\" volver\u00e1n a ser inspeccionadas por CHP en un plazo de 120 d\u00edas.<\/p>\n<\/div><\/div><div  class=\"vc_do_toggle vc_toggle vc_toggle_default vc_toggle_color_default  vc_toggle_size_md\"><div class=\"vc_toggle_title\"><h4>\u00bfD\u00f3nde puedo encontrar informaci\u00f3n oficial sobre las inspecciones del BIT?<\/h4><i class=\"vc_toggle_icon\"><\/i><\/div><div class=\"vc_toggle_content\"><p>Puede leer o descargar el documento oficial CHP \"Inspecci\u00f3n B\u00e1sica de Terminales (BIT)\" Informaci\u00f3n sobre el programa <a title=\"Programa de inspecci\u00f3n CHP BIT\" href=\"https:\/\/www.chp.ca.gov\/CommercialVehicleSectionSite\/Documents\/O%20chp800h.pdf\" target=\"_blank\" rel=\"noopener noreferrer\">aqu\u00ed<\/a>.<\/p>\n<p>El proyecto de ley 529 de la Asamblea <a title=\"Proyecto de ley n\u00ba 529 de la Asamblea Legislaci\u00f3n sobre inspecci\u00f3n de la BIT\" href=\"http:\/\/leginfo.legislature.ca.gov\/faces\/billNavClient.xhtml?bill_id=201320140AB529\" target=\"_blank\" rel=\"noopener noreferrer\">aqu\u00ed<\/a>.<\/p>\n<\/div><\/div><div  class=\"vc_do_toggle vc_toggle vc_toggle_default vc_toggle_color_default  vc_toggle_size_md\"><div class=\"vc_toggle_title\"><h4>\u00bfC\u00f3mo me ayudar\u00e1 Betts Truck Parts a seguir reclamando?<\/h4><i class=\"vc_toggle_icon\"><\/i><\/div><div class=\"vc_toggle_content\"><p>Le proporcionamos los informes necesarios para cumplir la normativa, que incluyen informaci\u00f3n de mantenimiento que satisface los requisitos de una inspecci\u00f3n BIT. Nuestro software nos recordar\u00e1 cu\u00e1ndo sus veh\u00edculos deben someterse a una inspecci\u00f3n BIT para que usted siga cumpliendo la normativa.<\/p>\n<p>Si desea hablar directamente con nuestro jefe de servicio en San Leandro sobre las inspecciones m\u00f3viles BIT, llame a nuestra sucursal de San Leandro al 510.633.4500.<\/p>\n<\/div><\/div><div  class=\"vc_do_toggle vc_toggle vc_toggle_default vc_toggle_color_default  vc_toggle_size_md\"><div class=\"vc_toggle_title\"><h4>\u00bfQu\u00e9 veh\u00edculos deben inspeccionarse cada 90 d\u00edas?<\/h4><i class=\"vc_toggle_icon\"><\/i><\/div><div class=\"vc_toggle_content\"><p>Los veh\u00edculos con un peso bruto de 10.000 libras y 3 o m\u00e1s ejes, o un peso bruto superior a 26.000 libras, deben someterse a una inspecci\u00f3n BIT cada 90 d\u00edas. La inspecci\u00f3n BIT debe realizarla un centro de servicio autorizado.<\/p>\n<p>Aseg\u00farese de llevar un registro preciso y actualizado de los conductores y de los registros de mantenimiento de su veh\u00edculo.<\/p>\n<\/div><\/div><div class=\"ubtn-ctn-center\"><a class=\"ubtn-link ult-adjust-bottom-margin ubtn-center ubtn-normal\" href=\"tel:559-498-8624\" ><button type=\"button\" id=\"ubtn-3604\"  class=\"ubtn ult-adjust-bottom-margin ult-responsive ubtn-normal ubtn-fade-bg  none  ubtn-center   tooltip-69f32cfbefc67\"  data-hover=\"#FFFFFF\" data-border-color=\"#AD172B\" data-bg=\"#FFFFFF00\" data-hover-bg=\"#AD172B\" data-border-hover=\"#FFFFFF\" data-shadow-hover=\"\" data-shadow-click=\"none\" data-shadow=\"\" data-shd-shadow=\"\"  data-ultimate-target='#ubtn-3604'  data-responsive-json-new='{\"font-size\":\"desktop:16px;\",\"line-height\":\"\"}'  style=\"font-weight:bold;border-radius:15px;border-width:3px;border-color:#AD172B;border-style:solid;background: #FFFFFF00;color: #AD172B;\"><span class=\"ubtn-hover\" style=\"background-color:#AD172B\"><\/span><span class=\"ubtn-data ubtn-text\" >Haga clic para llamar<\/span><\/button><\/a><\/div><\/div><\/div><\/div><\/div>\n<\/div>","protected":false},"excerpt":{"rendered":"<p>BIT Inspections in Fresno CA To schedule a BIT Inspection or speak with our service manager, call (559) 498-8624 Call for Fresno BIT Inspection Appointments Betts Truck Parts &amp; Service in Fresno, CA is your trusted partner for ensuring compliance with California&#8217;s stringent BIT (Biennial Inspection of Terminals) program. With over two decades of experience&hellip;<\/p>","protected":false},"author":4,"featured_media":0,"parent":0,"menu_order":0,"comment_status":"closed","ping_status":"closed","template":"template-microsite.php","meta":{"footnotes":""},"class_list":["post-3399","page","type-page","status-publish","hentry","description-off"],"_links":{"self":[{"href":"https:\/\/bettstruckparts.com\/es\/wp-json\/wp\/v2\/pages\/3399","targetHints":{"allow":["GET"]}}],"collection":[{"href":"https:\/\/bettstruckparts.com\/es\/wp-json\/wp\/v2\/pages"}],"about":[{"href":"https:\/\/bettstruckparts.com\/es\/wp-json\/wp\/v2\/types\/page"}],"author":[{"embeddable":true,"href":"https:\/\/bettstruckparts.com\/es\/wp-json\/wp\/v2\/users\/4"}],"replies":[{"embeddable":true,"href":"https:\/\/bettstruckparts.com\/es\/wp-json\/wp\/v2\/comments?post=3399"}],"version-history":[{"count":0,"href":"https:\/\/bettstruckparts.com\/es\/wp-json\/wp\/v2\/pages\/3399\/revisions"}],"wp:attachment":[{"href":"https:\/\/bettstruckparts.com\/es\/wp-json\/wp\/v2\/media?parent=3399"}],"curies":[{"name":"wp","href":"https:\/\/api.w.org\/{rel}","templated":true}]}}