{"id":339,"date":"2017-12-06T22:23:51","date_gmt":"2017-12-06T22:23:51","guid":{"rendered":"https:\/\/bctps.wpengine.com\/?page_id=339"},"modified":"2025-05-03T13:42:10","modified_gmt":"2025-05-03T21:42:10","slug":"control-de-la-suspension-neumatica","status":"publish","type":"page","link":"https:\/\/bettstruckparts.com\/es\/truck-repair\/air-ride-control\/","title":{"rendered":"Control de la suspensi\u00f3n neum\u00e1tica"},"content":{"rendered":"<div class=\"wpb-content-wrapper\"><div class=\"vc_row wpb_row vc_row-fluid vc_custom_1516046620038 vc_row-has-fill vc_row-o-equal-height vc_row-flex\"><div class=\"wpb_column vc_column_container vc_col-sm-3 vc_col-has-fill\"><div class=\"vc_column-inner vc_custom_1510682040425\"><div class=\"wpb_wrapper\"><div  class=\"wpb_widgetised_column wpb_content_element sidebar-content\">\n\t\t<div class=\"wpb_wrapper\">\n\t\t\t\n\t\t\t<section id=\"nav_menu-4\" class=\"widget widget_nav_menu\"><div class=\"widget-title\">Reparaci\u00f3n de camiones<\/div><div class=\"menu-truck-repair-container\"><ul id=\"menu-truck-repair\" class=\"menu\"><li id=\"menu-item-341\" class=\"menu-item menu-item-type-post_type menu-item-object-page menu-item-341\"><a href=\"https:\/\/bettstruckparts.com\/es\/truck-repair\/air-ride-control\/\">Control de la suspensi\u00f3n neum\u00e1tica<\/a><\/li>\n<li id=\"menu-item-382\" class=\"menu-item menu-item-type-post_type menu-item-object-page menu-item-382\"><a href=\"https:\/\/bettstruckparts.com\/es\/truck-repair\/truck-wheel-alignments\/\">Servicio de alineaci\u00f3n de ruedas<\/a><\/li>\n<li id=\"menu-item-381\" class=\"menu-item menu-item-type-post_type menu-item-object-page menu-item-381\"><a href=\"https:\/\/bettstruckparts.com\/es\/truck-repair\/auxiliary-power\/\">Alimentaci\u00f3n auxiliar<\/a><\/li>\n<li id=\"menu-item-380\" class=\"menu-item menu-item-type-post_type menu-item-object-page menu-item-380\"><a href=\"https:\/\/bettstruckparts.com\/es\/truck-repair\/brake-services\/\">Servicios de reparaci\u00f3n de frenos<\/a><\/li>\n<li id=\"menu-item-390\" class=\"menu-item menu-item-type-post_type menu-item-object-page menu-item-390\"><a href=\"https:\/\/bettstruckparts.com\/es\/truck-repair\/custom-u-bolts\/\">Pernos en U a medida<\/a><\/li>\n<li id=\"menu-item-389\" class=\"menu-item menu-item-type-post_type menu-item-object-page menu-item-389\"><a href=\"https:\/\/bettstruckparts.com\/es\/truck-repair\/dot-inspection\/\">Inspecci\u00f3n DOT<\/a><\/li>\n<li id=\"menu-item-388\" class=\"menu-item menu-item-type-post_type menu-item-object-page menu-item-388\"><a href=\"https:\/\/bettstruckparts.com\/es\/truck-repair\/drivetrain-repair\/\">Servicios de reparaci\u00f3n de trenes de transmisi\u00f3n<\/a><\/li>\n<li id=\"menu-item-387\" class=\"menu-item menu-item-type-post_type menu-item-object-page menu-item-387\"><a href=\"https:\/\/bettstruckparts.com\/es\/truck-repair\/electrical-repair\/\">Reparaci\u00f3n el\u00e9ctrica<\/a><\/li>\n<li id=\"menu-item-386\" class=\"menu-item menu-item-type-post_type menu-item-object-page menu-item-386\"><a href=\"https:\/\/bettstruckparts.com\/es\/truck-repair\/leaf-spring-repair\/\">Reparaci\u00f3n de ballestas<\/a><\/li>\n<li id=\"menu-item-385\" class=\"menu-item menu-item-type-post_type menu-item-object-page menu-item-385\"><a href=\"https:\/\/bettstruckparts.com\/es\/truck-repair\/steering-repair\/\">Reparaci\u00f3n de la direcci\u00f3n<\/a><\/li>\n<li id=\"menu-item-384\" class=\"menu-item menu-item-type-post_type menu-item-object-page menu-item-384\"><a href=\"https:\/\/bettstruckparts.com\/es\/truck-repair\/suspension-services\/\">Servicios de suspensi\u00f3n<\/a><\/li>\n<li id=\"menu-item-383\" class=\"menu-item menu-item-type-post_type menu-item-object-page menu-item-383\"><a href=\"https:\/\/bettstruckparts.com\/es\/truck-repair\/truck-axle-repair\/\">Reparaci\u00f3n de ejes de camiones<\/a><\/li>\n<\/ul><\/div><\/section>\n\t\t<\/div>\n\t<\/div>\n<\/div><\/div><\/div><div class=\"wpb_column vc_column_container vc_col-sm-9\"><div class=\"vc_column-inner vc_custom_1510682076814\"><div class=\"wpb_wrapper\"><div class=\"vc_row wpb_row vc_inner vc_row-fluid\"><div class=\"wpb_column vc_column_container vc_col-sm-12\"><div class=\"vc_column-inner vc_custom_1515188504126\"><div class=\"wpb_wrapper\">\n\t<div class=\"wpb_text_column wpb_content_element\" >\n\t\t<div class=\"wpb_wrapper\">\n\t\t\t<h1 style=\"text-align: center;\">Reparaci\u00f3n y servicio experto de suspensi\u00f3n neum\u00e1tica para camiones<\/h1>\n<h2 style=\"text-align: center;\">Experimente una conducci\u00f3n m\u00e1s suave y segura con la suspensi\u00f3n neum\u00e1tica optimizada<\/h2>\n\n\t\t<\/div>\n\t<\/div>\n<div class=\"ubtn-ctn-center\"><a class=\"ubtn-link ult-adjust-bottom-margin ubtn-center ubtn-normal\" href=\"\/es\/contact\/\" ><button type=\"button\" id=\"ubtn-9648\"  class=\"ubtn ult-adjust-bottom-margin ult-responsive ubtn-normal ubtn-fade-bg  none  ubtn-center   tooltip-69e3c6bc32ef4\"  data-hover=\"#ffffff\" data-border-color=\"#ad172b\" data-bg=\"rgba(255,255,255,0.01)\" data-hover-bg=\"#ad172b\" data-border-hover=\"#ffffff\" data-shadow-hover=\"\" data-shadow-click=\"none\" data-shadow=\"\" data-shd-shadow=\"\"  data-ultimate-target='#ubtn-9648'  data-responsive-json-new='{\"font-size\":\"desktop:16px;\",\"line-height\":\"\"}'  style=\"font-weight:bold;border-radius:15px;border-width:2px;border-color:#ad172b;border-style:solid;background: rgba(255,255,255,0.01);color: #ad172b;\"><span class=\"ubtn-hover\" style=\"background-color:#ad172b\"><\/span><span class=\"ubtn-data ubtn-text\" >Concertar una cita<\/span><\/button><\/a><\/div>\n\t<div class=\"wpb_text_column wpb_content_element  vc_custom_1746308346649\" >\n\t\t<div class=\"wpb_wrapper\">\n\t\t\t<p>Para los conductores de camiones y los gestores de flotas, es primordial garantizar que los veh\u00edculos funcionen con suavidad, seguridad y eficiencia. Un sistema de suspensi\u00f3n neum\u00e1tica, a menudo llamado simplemente suspensi\u00f3n neum\u00e1tica, es un componente cr\u00edtico que contribuye significativamente a la calidad de la conducci\u00f3n, el manejo de la carga y el rendimiento general del veh\u00edculo, especialmente cuando se transportan remolques pesados. A diferencia de los muelles de acero tradicionales, la suspensi\u00f3n neum\u00e1tica utiliza muelles neum\u00e1ticos ajustables (o bolsas de aire) controlados por un sistema dedicado, que ofrece numerosas ventajas. Si tiene problemas o desea mantener o mejorar la suspensi\u00f3n neum\u00e1tica de su cami\u00f3n, es fundamental que conozca su funcionamiento y sepa a qui\u00e9n recurrir para obtener ayuda experta.<br \/>\nBetts Truck Parts &amp; Service se especializa en el servicio, la reparaci\u00f3n y el reemplazo integrales del sistema de suspensi\u00f3n neum\u00e1tica, garantizando que su cami\u00f3n le brinde la comodidad y el control de los que usted depende.<\/p>\n<h3>\u00bfCu\u00e1les son las ventajas de la suspensi\u00f3n neum\u00e1tica para su cami\u00f3n?<\/h3>\n<p>Invertir en un sistema de suspensi\u00f3n neum\u00e1tica de calidad y mantenerlo ofrece beneficios tangibles:<\/p>\n<ul>\n<li><strong>Confort de conducci\u00f3n superior:<\/strong> Los muelles neum\u00e1ticos absorben las imperfecciones de la carretera de forma mucho m\u00e1s eficaz que los muelles convencionales, reduciendo dr\u00e1sticamente las vibraciones y los baches que se sienten en el habit\u00e1culo. Esto reduce la fatiga del conductor en trayectos largos.<\/li>\n<li><strong>Manejo y estabilidad mejorados:<\/strong> Los sistemas de suspensi\u00f3n neum\u00e1tica pueden ajustarse autom\u00e1ticamente o controlarse manualmente para mantener una altura de conducci\u00f3n constante independientemente del peso de la carga. De este modo, el cami\u00f3n se mantiene nivelado, lo que mejora la estabilidad, la respuesta de la direcci\u00f3n y la maniobrabilidad general, sobre todo al tomar curvas o circular por terrenos irregulares con cargas pesadas.<\/li>\n<li><strong>Mayor seguridad:<\/strong> Una mayor estabilidad y control se traducen directamente en una mayor seguridad. Un sistema de suspensi\u00f3n neum\u00e1tica que funcione correctamente ayuda a mantener un contacto \u00f3ptimo de los neum\u00e1ticos con la carretera y garantiza unas caracter\u00edsticas de conducci\u00f3n predecibles en distintas condiciones de carga.<\/li>\n<li><strong>Protecci\u00f3n de carga:<\/strong> La conducci\u00f3n m\u00e1s suave no es s\u00f3lo para el conductor; tambi\u00e9n protege la carga sensible de los da\u00f1os causados por las vibraciones excesivas y los impactos bruscos.<\/li>\n<li><strong>Reducci\u00f3n del desgaste:<\/strong> Al absorber los choques y las vibraciones de forma m\u00e1s eficaz, la suspensi\u00f3n neum\u00e1tica puede reducir la tensi\u00f3n sobre otros componentes del chasis, alargando potencialmente su vida \u00fatil.<\/li>\n<\/ul>\n<h3>Problemas comunes del sistema de suspensi\u00f3n neum\u00e1tica<\/h3>\n<p>Incluso los sistemas m\u00e1s robustos requieren mantenimiento. Est\u00e9 atento a estas se\u00f1ales que indican que su sistema de suspensi\u00f3n neum\u00e1tica podr\u00eda necesitar atenci\u00f3n profesional:<\/p>\n<ul>\n<li><strong>Flaccidez notable:<\/strong> Una o m\u00e1s esquinas del cami\u00f3n est\u00e1n m\u00e1s bajas de lo habitual, especialmente cuando est\u00e1 cargado.<\/li>\n<li><strong>Conducci\u00f3n brusca o con saltos<\/strong>: El sistema no amortigua eficazmente los impactos de la carretera.<\/li>\n<li><strong>Compresor funcionando constantemente:<\/strong> Esto suele indicar una fuga de aire en alguna parte del sistema.<\/li>\n<li><strong>Fugas de aire visibles:<\/strong> Sonidos sibilantes o incapacidad del sistema para mantener la presi\u00f3n.<\/li>\n<li><strong>Luces de advertencia<\/strong>: Indicadores del salpicadero relacionados con el sistema de suspensi\u00f3n.<\/li>\n<li><strong>Altura de conducci\u00f3n inconsistente:<\/strong> Dificultad para mantener una postura nivelada.<\/li>\n<\/ul>\n<p>Ignorar estos s\u00edntomas puede conducir a mayores da\u00f1os, disminuci\u00f3n de la seguridad y posibles aver\u00edas en carretera. Betts Truck Parts &amp; Service ofrece diagn\u00f3sticos expertos para determinar la causa exacta de cualquier problema de suspensi\u00f3n neum\u00e1tica.<\/p>\n<h3>Servicios integrales de reparaci\u00f3n y mantenimiento de Air Ride<\/h3>\n<p>En Betts Truck Parts &amp; Service, entendemos las complejidades de los sistemas modernos de suspensi\u00f3n neum\u00e1tica de camiones. Nuestros t\u00e9cnicos cualificados proporcionan una gama completa de servicios, incluyendo:<\/p>\n<ul>\n<li><strong>Inspecciones minuciosas:<\/strong> Evaluar el estado de muelles neum\u00e1ticos, conductos, v\u00e1lvulas, sensores y compresores.<\/li>\n<li><strong>Detecci\u00f3n y reparaci\u00f3n de fugas:<\/strong> Utilizaci\u00f3n de equipos especializados para encontrar y reparar fugas de aire de forma eficaz.<\/li>\n<li><strong>Sustituci\u00f3n de componentes:<\/strong> Mantenimiento o sustituci\u00f3n de muelles neum\u00e1ticos, amortiguadores, compresores, v\u00e1lvulas, sensores de control de altura y ECU desgastados.<\/li>\n<li><strong>Calibraci\u00f3n del sistema:<\/strong> Garantizar el correcto funcionamiento del sistema seg\u00fan las especificaciones del fabricante.<\/li>\n<li><strong>Mantenimiento preventivo:<\/strong> Le ayudamos a evitar costosas reparaciones en el futuro.<\/li>\n<\/ul>\n<h3>Piezas Air Ride de alta calidad de fabricantes l\u00edderes<\/h3>\n<p>El rendimiento y la seguridad de su cami\u00f3n dependen de la calidad de sus componentes. Un sistema de suspensi\u00f3n neum\u00e1tica es tan fuerte como su parte m\u00e1s d\u00e9bil. Es por eso que Betts Truck Parts &amp; Service s\u00f3lo vende e instala piezas de suspensi\u00f3n neum\u00e1tica de primera calidad y componentes de control de suspensi\u00f3n neum\u00e1tica procedentes de los fabricantes m\u00e1s confiables de la industria, incluyendo:<\/p>\n<ul>\n<li><strong>Timbren<\/strong><\/li>\n<li><strong>Goodyear<\/strong><\/li>\n<li><strong>Firestone<\/strong><\/li>\n<\/ul>\n<p>Mantenemos un amplio inventario para minimizar el tiempo de inactividad, ofreciendo piezas tales como:<\/p>\n<ul>\n<li><strong>Compresores de aire:<\/strong> El coraz\u00f3n del sistema, que genera la presi\u00f3n de aire necesaria.<\/li>\n<li><strong>V\u00e1lvulas de control:<\/strong> Dirige el flujo de aire para ajustar la altura y la firmeza de la suspensi\u00f3n.<\/li>\n<li><strong>Amortiguadores de aire \/ Airbags:<\/strong> Los componentes principales que soportan la carga del veh\u00edculo.<\/li>\n<li><strong>Amortiguadores:<\/strong> Trabajan conjuntamente con muelles neum\u00e1ticos para amortiguar las oscilaciones.<\/li>\n<li><strong>Sensores de altura y m\u00f3dulos de control:<\/strong> Garantizar el correcto funcionamiento y ajuste del sistema<\/li>\n<li><strong>Accesorios, l\u00edneas y mucho m\u00e1s:<\/strong> Todos los componentes necesarios para una reparaci\u00f3n completa.<\/li>\n<\/ul>\n<h3>Conf\u00ede en Betts para las necesidades de suspensi\u00f3n neum\u00e1tica de su cami\u00f3n<\/h3>\n<p>No comprometa la seguridad ni el confort. Tanto si necesita un mantenimiento rutinario, un diagn\u00f3stico para un problema complejo o una revisi\u00f3n completa del sistema, Betts Truck Parts &amp; Service es su socio de confianza para todo lo relacionado con la suspensi\u00f3n neum\u00e1tica de camiones. Combinamos experiencia t\u00e9cnica con piezas de primera calidad para que pueda volver a la carretera r\u00e1pidamente y con confianza. P\u00f3ngase en contacto con nosotros hoy para programar el servicio o preguntar acerca de nuestro amplio inventario de piezas.<\/p>\n<p>&nbsp;<\/p>\n\n\t\t<\/div>\n\t<\/div>\n<div class=\"ubtn-ctn-center\"><a class=\"ubtn-link ult-adjust-bottom-margin ubtn-center ubtn-normal\" href=\"\/es\/contact\/\" ><button type=\"button\" id=\"ubtn-4863\"  class=\"ubtn ult-adjust-bottom-margin ult-responsive ubtn-normal ubtn-fade-bg  none  ubtn-center   tooltip-69e3c6bc330a3\"  data-hover=\"#ffffff\" data-border-color=\"#ad172b\" data-bg=\"rgba(255,255,255,0.01)\" data-hover-bg=\"#ad172b\" data-border-hover=\"#ffffff\" data-shadow-hover=\"\" data-shadow-click=\"none\" data-shadow=\"\" data-shd-shadow=\"\"  data-ultimate-target='#ubtn-4863'  data-responsive-json-new='{\"font-size\":\"desktop:16px;\",\"line-height\":\"\"}'  style=\"font-weight:bold;border-radius:15px;border-width:2px;border-color:#ad172b;border-style:solid;background: rgba(255,255,255,0.01);color: #ad172b;\"><span class=\"ubtn-hover\" style=\"background-color:#ad172b\"><\/span><span class=\"ubtn-data ubtn-text\" >Concertar una cita<\/span><\/button><\/a><\/div><\/div><\/div><\/div><\/div><\/div><\/div><\/div><\/div>\n<\/div>","protected":false},"excerpt":{"rendered":"<p>Reparaci\u00f3n de camionesControl de suspensi\u00f3n neum\u00e1tica Servicio de alineaci\u00f3n de ruedas Potencia auxiliar Servicios de reparaci\u00f3n de frenos Pernos en U personalizados Inspecci\u00f3n DOT Servicios de reparaci\u00f3n del tren de transmisi\u00f3n Reparaci\u00f3n el\u00e9ctrica Reparaci\u00f3n de ballestas Reparaci\u00f3n de la direcci\u00f3n Servicios de suspensi\u00f3n Reparaci\u00f3n de ejes de camiones Expertos en suspensi\u00f3n neum\u00e1tica Reparaci\u00f3n y servicio para camiones Experimente una conducci\u00f3n m\u00e1s suave y segura con una suspensi\u00f3n neum\u00e1tica optimizada Programe una cita Para los conductores de camiones...<\/p>","protected":false},"author":4,"featured_media":48,"parent":335,"menu_order":0,"comment_status":"closed","ping_status":"closed","template":"template-microsite.php","meta":{"footnotes":""},"class_list":["post-339","page","type-page","status-publish","has-post-thumbnail","hentry","description-off"],"_links":{"self":[{"href":"https:\/\/bettstruckparts.com\/es\/wp-json\/wp\/v2\/pages\/339","targetHints":{"allow":["GET"]}}],"collection":[{"href":"https:\/\/bettstruckparts.com\/es\/wp-json\/wp\/v2\/pages"}],"about":[{"href":"https:\/\/bettstruckparts.com\/es\/wp-json\/wp\/v2\/types\/page"}],"author":[{"embeddable":true,"href":"https:\/\/bettstruckparts.com\/es\/wp-json\/wp\/v2\/users\/4"}],"replies":[{"embeddable":true,"href":"https:\/\/bettstruckparts.com\/es\/wp-json\/wp\/v2\/comments?post=339"}],"version-history":[{"count":0,"href":"https:\/\/bettstruckparts.com\/es\/wp-json\/wp\/v2\/pages\/339\/revisions"}],"up":[{"embeddable":true,"href":"https:\/\/bettstruckparts.com\/es\/wp-json\/wp\/v2\/pages\/335"}],"wp:featuredmedia":[{"embeddable":true,"href":"https:\/\/bettstruckparts.com\/es\/wp-json\/wp\/v2\/media\/48"}],"wp:attachment":[{"href":"https:\/\/bettstruckparts.com\/es\/wp-json\/wp\/v2\/media?parent=339"}],"curies":[{"name":"wp","href":"https:\/\/api.w.org\/{rel}","templated":true}]}}