{"id":3358,"date":"2025-12-04T21:28:26","date_gmt":"2025-12-05T05:28:26","guid":{"rendered":"https:\/\/bettstruckparts.com\/?page_id=3358"},"modified":"2025-12-04T21:33:21","modified_gmt":"2025-12-05T05:33:21","slug":"mobile-bit-inspection-fresno-ca","status":"publish","type":"page","link":"https:\/\/bettstruckparts.com\/es\/mobile-bit-inspection-fresno-ca\/","title":{"rendered":"Mobile Bit Inspection Fresno"},"content":{"rendered":"<div class=\"wpb-content-wrapper\"><div class=\"vc_row wpb_row vc_row-fluid vc_custom_1745413672682\"><div class=\"wpb_column vc_column_container vc_col-sm-12\"><div class=\"vc_column-inner\"><div class=\"wpb_wrapper\">\n\t<div class=\"wpb_text_column wpb_content_element\" >\n\t\t<div class=\"wpb_wrapper\">\n\t\t\t<h1 style=\"text-align: center;\">Mobile BIT Inspections Fresno, CA<\/h1>\n<h2 style=\"text-align: center;\">Garantizar el cumplimiento y la seguridad con Betts Truck Parts &amp; Service<\/h2>\n<p>&nbsp;<\/p>\n<h2 style=\"text-align: center;\"><span style=\"color: #ad1818;\">Llame a <\/span><span style=\"color: #ad1818;\"><a href=\"tel:559-498-8624\">(559) 498-8624<\/a> t<\/span><span style=\"color: #ad1818;\">o schedule a Mobile Bit Inspection in the Fresno area<\/span><\/h2>\n\n\t\t<\/div>\n\t<\/div>\n<div class=\"ubtn-ctn-center\"><a class=\"ubtn-link ult-adjust-bottom-margin ubtn-center ubtn-normal\" href=\"tel:559-498-8624\" ><button type=\"button\" id=\"ubtn-5872\"  class=\"ubtn ult-adjust-bottom-margin ult-responsive ubtn-normal ubtn-fade-bg  none  ubtn-center   tooltip-69d8ccf6d9450\"  data-hover=\"#FFFFFF\" data-border-color=\"#AD172B\" data-bg=\"#FFFFFF00\" data-hover-bg=\"#AD172B\" data-border-hover=\"#FFFFFF\" data-shadow-hover=\"\" data-shadow-click=\"none\" data-shadow=\"\" data-shd-shadow=\"\"  data-ultimate-target='#ubtn-5872'  data-responsive-json-new='{\"font-size\":\"desktop:16px;\",\"line-height\":\"\"}'  style=\"font-weight:bold;border-radius:15px;border-width:3px;border-color:#AD172B;border-style:solid;background: #FFFFFF00;color: #AD172B;\"><span class=\"ubtn-hover\" style=\"background-color:#AD172B\"><\/span><span class=\"ubtn-data ubtn-text\" >Haga clic para llamar<\/span><\/button><\/a><\/div><\/div><\/div><\/div><\/div><div class=\"vc_row wpb_row vc_row-fluid\"><div class=\"wpb_column vc_column_container vc_col-sm-12\"><div class=\"vc_column-inner\"><div class=\"wpb_wrapper\">\n\t<div class=\"wpb_text_column wpb_content_element\" >\n\t\t<div class=\"wpb_wrapper\">\n\t\t\t\n\t\t<\/div>\n\t<\/div>\n\n\t<div class=\"wpb_text_column wpb_content_element\" >\n\t\t<div class=\"wpb_wrapper\">\n\t\t\t<div id=\"attachment_2248\" style=\"width: 360px\" class=\"wp-caption alignleft\"><img decoding=\"async\" aria-describedby=\"caption-attachment-2248\" class=\"wp-image-2248 size-full\" src=\"https:\/\/bettstruckparts.com\/wp-content\/uploads\/2020\/08\/IMG_1143-web.jpg\" alt=\"Inspecci\u00f3n m\u00f3vil BIT Santa Fe Springs\" width=\"350\" height=\"263\" srcset=\"https:\/\/bettstruckparts.com\/wp-content\/uploads\/2020\/08\/IMG_1143-web.jpg 350w, https:\/\/bettstruckparts.com\/wp-content\/uploads\/2020\/08\/IMG_1143-web-300x225.jpg 300w\" sizes=\"(max-width: 350px) 100vw, 350px\" \/><p id=\"caption-attachment-2248\" class=\"wp-caption-text\">Mobile BIT Inspection Service in Fresno, CA. Betts Truck Parts &amp; Service is your leading provider of BIT Inspections in the Fresno area.<\/p><\/div>\n<h2>Dependable Mobile BIT Inspection in Fresno, CA<\/h2>\n<p style=\"text-align: left;\">Are you an owner-operator or fleet manager needing a dependable <strong>Mobile BIT Inspection in Fresno<\/strong>? Look no further than Betts Truck Parts &amp; Service, your experienced partner for navigating California&#8217;s Biennial Inspection of Terminals (BIT) program.<\/p>\n<p style=\"text-align: left;\">We&#8217;ve been providing reliable and efficient BIT Inspections in Fresno County for commercial truck fleets and owner-operators since 1992.<\/p>\n<p style=\"text-align: left;\">We help you maintain compliance, prioritize safety, and keep your vehicles on the road. Contact our Fresno branch to schedule your inspection and speak with our expert service manager.<\/p>\n<p style=\"text-align: left;\">At Betts Truck Parts &amp; Service, we recognize that adhering to BIT requirements isn&#8217;t just about legal obligations; it&#8217;s about safeguarding your drivers, protecting your equipment, and ensuring responsible business practices. That&#8217;s why we offer convenient Mobile BIT Inspection Services, minimizing downtime and maximizing your operational efficiency.<\/p>\n<p style=\"text-align: left;\">We come to you, so you can focus on what matters most: running your business.<\/p>\n<p>&nbsp;<\/p>\n<h3>Why Choose Betts Truck Parts &amp; Service for Mobile BIT Inspections in Fresno and Clovis?<\/h3>\n<ul>\n<li><strong>Inspectores experimentados y certificados:<\/strong> Nuestros inspectores cualificados y certificados aportan d\u00e9cadas de experiencia combinada a cada inspecci\u00f3n BIT. Poseen un profundo conocimiento de la normativa de California y eval\u00faan meticulosamente sus veh\u00edculos para garantizar su total cumplimiento.<\/li>\n<li><strong>C\u00f3modo servicio m\u00f3vil:<\/strong> We eliminate the hassle of transporting your vehicles to a fixed inspection site. Our mobile BIT inspection service comes directly to your location, saving you time, fuel, and potential delays.<\/li>\n<li><strong>Inspecciones BIT exhaustivas:<\/strong> No dejamos piedra sin remover. Nuestras inspecciones BIT cubren todas las \u00e1reas cr\u00edticas exigidas por el DMV de California, incluyendo:<\/li>\n<li><strong>Sistemas de frenos:<\/strong> Garantizar el correcto funcionamiento, el grosor del revestimiento y la ausencia de fugas.<\/li>\n<li><strong>Sistemas de direcci\u00f3n:<\/strong> Comprobaci\u00f3n de juego excesivo, componentes desgastados y alineaci\u00f3n correcta.<\/li>\n<li><strong>Sistemas de suspensi\u00f3n:<\/strong> Evaluaci\u00f3n del estado de muelles, amortiguadores y otros componentes de la suspensi\u00f3n.<\/li>\n<li><strong>Neum\u00e1ticos y ruedas:<\/strong> Inspeccionar el inflado correcto, la profundidad de la banda de rodadura y los da\u00f1os.<\/li>\n<li><strong>Iluminaci\u00f3n y sistemas el\u00e9ctricos:<\/strong> Verificaci\u00f3n del funcionamiento de todas las luces, se\u00f1ales y conexiones el\u00e9ctricas.<\/li>\n<li><strong>Bastidor y carrocer\u00eda:<\/strong> Evaluar la integridad estructural del bastidor y la carrocer\u00eda.<\/li>\n<li><strong>Sujeci\u00f3n de la carga<\/strong>: Garantizar la aplicaci\u00f3n de m\u00e9todos adecuados de sujeci\u00f3n de la carga.<\/li>\n<li><strong>Documentaci\u00f3n y registro:<\/strong> Revisar los registros de los conductores, los registros de mantenimiento y otra documentaci\u00f3n requerida.<\/li>\n<li><strong>Tiempo de entrega r\u00e1pido:<\/strong> Sabemos que el tiempo es oro. Nuestro equipo trabaja con diligencia para completar su inspecci\u00f3n BIT de manera eficiente, minimizando la interrupci\u00f3n de sus operaciones y consiguiendo que sus veh\u00edculos vuelvan a la carretera lo antes posible.<\/li>\n<li><strong>Compromiso con la satisfacci\u00f3n del cliente:<\/strong> Damos prioridad a una comunicaci\u00f3n clara, un servicio receptivo y la superaci\u00f3n de sus expectativas. Nuestro equipo se dedica a proporcionar una experiencia de inspecci\u00f3n BIT fluida y sin estr\u00e9s.<\/li>\n<li><strong>Servicio y experiencia galardonados:<\/strong> Being nominated as a finalist for &#8220;Distributor of the Year 2020&#8221; by Truck Parts &amp; Service Magazine reflects our dedication to providing outstanding customer service and industry-leading expertise. You can count on Betts Truck Parts &amp; Service Fresno for reliable and professional BIT inspections.<\/li>\n<li><strong>Reputaci\u00f3n duradera:<\/strong> Since 1992, we have been the trusted choice for mobile BIT inspections and comprehensive truck services in Fresno, Clovis, Madera, Kingsburg, Selma, and the Visalia area, building a reputation for quality, integrity, and customer satisfaction.<\/li>\n<\/ul>\n<h3>Navegar por el programa BIT: Cumplimiento de la normativa y seguridad<\/h3>\n<p>El programa BIT de California desempe\u00f1a un papel crucial para garantizar la seguridad de los veh\u00edculos comerciales que circulan por las carreteras de nuestro estado. Como transportista, usted es responsable de comprender y cumplir todos los aspectos del programa BIT, incluida la programaci\u00f3n de inspecciones peri\u00f3dicas, el mantenimiento de registros precisos y la resoluci\u00f3n de cualquier deficiencia identificada.<\/p>\n<h3>Ventajas de una inspecci\u00f3n minuciosa de la BIT:<\/h3>\n<ul>\n<li><strong>Garantiza el cumplimiento de la normativa<\/strong>: Evite costosas multas y sanciones cumpliendo todos los requisitos de los TBI.<\/li>\n<li><strong>Mejora la seguridad:<\/strong> Identifique y aborde los posibles peligros para la seguridad antes de que provoquen accidentes.<\/li>\n<li><strong>Reduce el tiempo de inactividad:<\/strong> Un mantenimiento y unas reparaciones proactivos pueden evitar aver\u00edas y hacer que sus veh\u00edculos funcionen sin problemas.<\/li>\n<li><strong>Mejora la eficiencia del combustible:<\/strong> Los veh\u00edculos con un mantenimiento adecuado son m\u00e1s eficientes y ahorran dinero en combustible.<\/li>\n<li><strong>Prolonga la vida \u00fatil del veh\u00edculo:<\/strong> Las inspecciones y el mantenimiento peri\u00f3dicos pueden prolongar la vida \u00fatil de sus veh\u00edculos comerciales.<\/li>\n<\/ul>\n<h3>Programe hoy mismo su inspecci\u00f3n m\u00f3vil BIT<\/h3>\n<p>Protect your business, your drivers, and the public by entrusting your BIT inspections to the experts at Betts Truck Parts &amp; Service in Fresno.<\/p>\n<p>Contact us today at <a href=\"tel:559.498.8624\">559.498.8624<\/a> para programar su c\u00f3moda inspecci\u00f3n BIT m\u00f3vil y asegurarse de que su flota funciona de forma segura y conforme a todas las normativas aplicables.<\/p>\n<p>Betts Truck Parts &amp; Service in Fresno, CA \u2013 Your Partner for Safe and Compliant Commercial Vehicle Operations.<\/p>\n<div id=\"attachment_611\" style=\"width: 310px\" class=\"wp-caption alignleft\"><img decoding=\"async\" aria-describedby=\"caption-attachment-611\" class=\"size-medium wp-image-611\" src=\"https:\/\/bettstruckparts.com\/wp-content\/uploads\/2018\/01\/unnamed-3-300x200.jpg\" alt=\"Betts Truck Parts Fresno Ubicaci\u00f3n\" width=\"300\" height=\"200\" srcset=\"https:\/\/bettstruckparts.com\/wp-content\/uploads\/2018\/01\/unnamed-3-300x200.jpg 300w, https:\/\/bettstruckparts.com\/wp-content\/uploads\/2018\/01\/unnamed-3.jpg 450w\" sizes=\"(max-width: 300px) 100vw, 300px\" \/><p id=\"caption-attachment-611\" class=\"wp-caption-text\">Betts Truck Parts Fresno Ubicaci\u00f3n<\/p><\/div>\n\n\t\t<\/div>\n\t<\/div>\n\n\t<div class=\"wpb_raw_code wpb_raw_html wpb_content_element vc_custom_1764912386676\" >\n\t\t<div class=\"wpb_wrapper\">\n\t\t\t<div itemprop=\"address\" itemscope itemtype=\"http:\/\/schema.org\/PostalAddress\">\n<p><span itemprop=\"streetAddress\"><strong>2867 South Maple Ave<\/strong><\/span><br>\n<strong><span itemprop=\"addressLocality\">Fresno<\/span>,\u00a0<span itemprop=\"addressRegion\">CA<\/span>\u00a0<span itemprop=\"postalCode\">93725<\/span><\/strong><br>\n<span itemprop=\"telephone\"><strong>Tel\u00e9fono<\/strong>:\u00a0559.498.8624<\/span><br>\n<strong>Tel\u00e9fono gratuito<\/strong>:\u00a0800.330.3245<br><\/p>\n\t\t<\/div>\n\t<\/div>\n\n\t<div class=\"wpb_text_column wpb_content_element\" >\n\t\t<div class=\"wpb_wrapper\">\n\t\t\t<h2><span style=\"color: #ad1818;\">Llame a <\/span><span style=\"color: #ad1818;\">(559) 498-8624 t<\/span><span style=\"color: #ad1818;\">o schedule a Mobile Bit Inspection in Fresno<\/span><\/h2>\n\n\t\t<\/div>\n\t<\/div>\n<\/div><\/div><\/div><\/div><div class=\"vc_row wpb_row vc_row-fluid\"><div class=\"wpb_column vc_column_container vc_col-sm-6\"><div class=\"vc_column-inner\"><div class=\"wpb_wrapper\">\n\t<div class=\"wpb_text_column wpb_content_element\" >\n\t\t<div class=\"wpb_wrapper\">\n\t\t\t<p><em>&#8220;On 09\/09\/2025, my truck wouldn\u2019t start after stop for over 10 days. I went to this shop looking for jumpstart cables, but they didn\u2019t have any. A kind lady at the billing desk asked where my truck was, and I told her it was 2 miles away in a yard. She spoke with the mechanic, and even though they didn\u2019t have cables for sale, they offered to help. They followed me to the yard in their own car, and the mechanic jumpstarted my truck. They didn\u2019t charge me anything at all! Very helpful and kind people. I truly appreciate their support. I will definitely come back here if I have any truck issues in the future.\u2028Thank you again for your help!&#8221;<br \/>\n<\/em>&#8211; <em><strong>Jasmeet S., Fresno, CA<\/strong><\/em><\/p>\n\n\t\t<\/div>\n\t<\/div>\n<\/div><\/div><\/div><div class=\"wpb_column vc_column_container vc_col-sm-6\"><div class=\"vc_column-inner\"><div class=\"wpb_wrapper\">\n\t<div class=\"wpb_text_column wpb_content_element\" >\n\t\t<div class=\"wpb_wrapper\">\n\t\t\t<p><em>&#8220;Needed ubolts for my F350. This place was great they made my ubolts while I waited, took about 15min. Been here 3 times since and each time they people are personable and treat you like your the only customer that they have. Very helpful and prices are great as well.&#8221;<br \/>\n<\/em>&#8211;\u00a0<em><strong>sand extreme, Fresno, CA<\/strong><\/em><\/p>\n\n\t\t<\/div>\n\t<\/div>\n<\/div><\/div><\/div><\/div><div class=\"vc_row wpb_row vc_row-fluid\"><div class=\"wpb_column vc_column_container vc_col-sm-12\"><div class=\"vc_column-inner\"><div class=\"wpb_wrapper\"><div id='wrap_map_69d8ccf6da825' class='ultimate-map-wrapper ult-adjust-bottom-margin' style=' height:300px;'><div id='map_69d8ccf6da825' data-map_override='0' class='ultimate_google_map wpb_content_element 0' style='width:100%;height:300px;'><\/div><\/div><script type='text\/javascript'>\n\t\t\t(function($) {\n  \t\t\t'use strict';\n\t\t\tvar map_map_69d8ccf6da825 = null;\n\t\t\tvar coordinate_map_69d8ccf6da825;\n\t\t\tvar isDraggable = $(document).width() > 641 ? 'true' : 'true';\n\t\t\ttry\n\t\t\t{\n\t\t\t\tvar map_map_69d8ccf6da825 = null;\n\t\t\t\tvar coordinate_map_69d8ccf6da825;\n\t\t\t\tcoordinate_map_69d8ccf6da825 = new google.maps.LatLng(36.6963961, -119.7451943);\n\t\t\t\tvar mapOptions=\n\t\t\t\t{\n\t\t\t\t\tzoom: 12,\n\t\t\t\t\tcenter: coordinate_map_69d8ccf6da825,\n\t\t\t\t\tscaleControl: true,\n\t\t\t\t\tstreetViewControl: false,\n\t\t\t\t\tmapTypeControl: false,\n\t\t\t\t\tpanControl: false,\n\t\t\t\t\tzoomControl: false,\n\t\t\t\t\tscrollwheel: true,\n\t\t\t\t\tdraggable: isDraggable,\n\t\t\t\t\tzoomControlOptions: {\n\t\t\t\t\t\tposition: google.maps.ControlPosition.right_bottom\n\t\t\t\t\t},mapTypeId: google.maps.MapTypeId.roadmap,};var map_map_69d8ccf6da825 = new google.maps.Map(document.getElementById('map_69d8ccf6da825'),mapOptions);\n\t\t\t\t\t\tvar x = 'infowindow_open_value';\n\t\t\t\t\t\tvar marker_map_69d8ccf6da825 = new google.maps.Marker({\n\t\t\t\t\t\tposition: new google.maps.LatLng('36.6963961', '-119.7451943'),\n\t\t\t\t\t\tanimation:  google.maps.Animation.DROP,\n\t\t\t\t\t\tmap: map_map_69d8ccf6da825,\n\t\t\t\t\t\ticon: ''\n\t\t\t\t\t});\tgoogle.maps.event.addListener(marker_map_69d8ccf6da825, 'click', toggleBounce);}\n\t\t\tcatch(e){};\n\t\t\tjQuery(document).ready(function($){\n\t\t\t\tgoogle.maps.event.trigger(map_map_69d8ccf6da825, 'resize');\n\t\t\t\t$(window).on('resize', function(){\n\t\t\t\t\tgoogle.maps.event.trigger(map_map_69d8ccf6da825, 'resize');\n\t\t\t\t\tif(map_map_69d8ccf6da825!=null)\n\t\t\t\t\t\tmap_map_69d8ccf6da825.setCenter(coordinate_map_69d8ccf6da825);\n\t\t\t\t});\n\t\t\t\t$('.ui-tabs').on('tabsactivate', function(event, ui) {\n\t\t\t\t   if($(this).find('.ultimate-map-wrapper').length > 0)\n\t\t\t\t\t{\n\t\t\t\t\t\tsetTimeout(function(){\n\t\t\t\t\t\t\t$(window).trigger('resize');\n\t\t\t\t\t\t},200);\n\t\t\t\t\t}\n\t\t\t\t});\n\t\t\t\t$('.ui-accordion').on('accordionactivate', function(event, ui) {\n\t\t\t\t   if($(this).find('.ultimate-map-wrapper').length > 0)\n\t\t\t\t\t{\n\t\t\t\t\t\tsetTimeout(function(){\n\t\t\t\t\t\t\t$(window).trigger('resize');\n\t\t\t\t\t\t},200);\n\t\t\t\t\t}\n\t\t\t\t});\n\t\t\t\t$(window).on('load',function(){\n\t\t\t\t\tsetTimeout(function(){\n\t\t\t\t\t\t$(window).trigger('resize');\n\t\t\t\t\t},200);\n\t\t\t\t});\n\t\t\t\t$('.ult_exp_section').on('select', function(){\n\t\t\t\t\tif($(map_map_69d8ccf6da825).parents('.ult_exp_section'))\n\t\t\t\t\t{\n\t\t\t\t\t\tsetTimeout(function(){\n\t\t\t\t\t\t\t$(window).trigger('resize');\n\t\t\t\t\t\t},200);\n\t\t\t\t\t}\n\t\t\t\t});\n\t\t\t\t$(document).on('onUVCModalPopupOpen', function(){\n\t\t\t\t\tif($(map_map_69d8ccf6da825).parents('.ult_modal-content'))\n\t\t\t\t\t{\n\t\t\t\t\t\tsetTimeout(function(){\n\t\t\t\t\t\t\t$(window).trigger('resize');\n\t\t\t\t\t\t},200);\n\t\t\t\t\t}\n\t\t\t\t});\n\t\t\t\t$(document).on('click','.ult_tab_li',function(){\n\t\t\t\t\t$(window).trigger('resize');\n\t\t\t\t\tsetTimeout(function(){\n\t\t\t\t\t\t$(window).trigger('resize');\n\t\t\t\t\t},200);\n\t\t\t\t});\n\t\t\t});\n\t\t\tfunction toggleBounce() {\n\t\t\t  if (marker_map_69d8ccf6da825.getAnimation() != null) {\n\t\t\t\tmarker_map_69d8ccf6da825.setAnimation(null);\n\t\t\t  } else {\n\t\t\t\tmarker_map_69d8ccf6da825.setAnimation(google.maps.Animation.BOUNCE);\n\t\t\t  }\n\t\t\t}\n\t\t\t})(jQuery);\n\t\t\t<\/script>\n\t<div class=\"wpb_text_column wpb_content_element\" >\n\t\t<div class=\"wpb_wrapper\">\n\t\t\t<h2><span style=\"color: #a11b1b;\">Inspecci\u00f3n m\u00f3vil de la BIT <\/span><span style=\"color: #a11b1b;\">Fresno, CA <\/span><span style=\"color: #a11b1b;\">Preguntas frecuentes<\/span><\/h2>\n\n\t\t<\/div>\n\t<\/div>\n<div  class=\"vc_do_toggle vc_toggle vc_toggle_default vc_toggle_color_default  vc_toggle_size_md\"><div class=\"vc_toggle_title\"><h4>\u00bfPor qu\u00e9 elegir Betts Truck Parts para las inspecciones BIT?<\/h4><i class=\"vc_toggle_icon\"><\/i><\/div><div class=\"vc_toggle_content\"><p>Betts Truck Parts se ha centrado en proporcionar una experiencia de cliente de \u00e9lite. Recientemente hemos sido finalistas en Truck Parts &amp; Service Magazine -una publicaci\u00f3n nacional del sector- como <strong>Finalista<\/strong> para <strong>Distribuidor del A\u00f1o 2020<\/strong>.<\/p>\n<p>We have over 30 years\u2019 experience, and provide fast, efficient commercial truck inspection services in Fresno to keep you in compliance and on the road.<\/p>\n<p>Tenemos 7 ubicaciones adicionales en California, Oreg\u00f3n y Arizona para servir a su flota.<\/p>\n<\/div><\/div><div  class=\"vc_do_toggle vc_toggle vc_toggle_default vc_toggle_color_default  vc_toggle_size_md\"><div class=\"vc_toggle_title\"><h4>Where in Fresno do you perform Mobile BIT Inspections<\/h4><i class=\"vc_toggle_icon\"><\/i><\/div><div class=\"vc_toggle_content\"><p>Betts Truck Parts &amp; Service Fresno is located in on Maple Ave. less than a mile East of Highway 99 and North Avenue.<\/p>\n<p>However, we perform mobile BIT Inspections in most areas in and around Fresno County and Madera.<\/p>\n<p>Call our service manager in Fresno at 559.498.8624 to confirm your mobile BIT Inspection service area in Fresno.<\/p>\n<\/div><\/div><div  class=\"vc_do_toggle vc_toggle vc_toggle_default vc_toggle_color_default  vc_toggle_size_md\"><div class=\"vc_toggle_title\"><h4>\u00bfSon bienales las inspecciones BIT de California?<\/h4><i class=\"vc_toggle_icon\"><\/i><\/div><div class=\"vc_toggle_content\"><p>La legislaci\u00f3n californiana de principios de 2016 modific\u00f3 la anterior normativa de \"Inspecci\u00f3n bienal de terminales\".<\/p>\n<p>Tras este cambio, las inspecciones ya no son bienales. CHP puede inspeccionar una terminal cuando lo desee.<\/p>\n<p>Las terminales que reciban una calificaci\u00f3n \"satisfactoria\" s\u00f3lo podr\u00e1n ser inspeccionadas cada varios a\u00f1os. Las terminales que reciban una calificaci\u00f3n \"insatisfactoria\" volver\u00e1n a ser inspeccionadas por CHP en un plazo de 120 d\u00edas.<\/p>\n<\/div><\/div><div  class=\"vc_do_toggle vc_toggle vc_toggle_default vc_toggle_color_default  vc_toggle_size_md\"><div class=\"vc_toggle_title\"><h4>\u00bfD\u00f3nde puedo encontrar informaci\u00f3n oficial sobre las inspecciones del BIT?<\/h4><i class=\"vc_toggle_icon\"><\/i><\/div><div class=\"vc_toggle_content\"><p>Puede leer o descargar el documento oficial CHP \"Inspecci\u00f3n B\u00e1sica de Terminales (BIT)\" Informaci\u00f3n sobre el programa <a title=\"Programa de inspecci\u00f3n CHP BIT\" href=\"https:\/\/www.chp.ca.gov\/CommercialVehicleSectionSite\/Documents\/O%20chp800h.pdf\" target=\"_blank\" rel=\"noopener noreferrer\">aqu\u00ed<\/a>.<\/p>\n<p>El proyecto de ley 529 de la Asamblea <a title=\"Proyecto de ley n\u00ba 529 de la Asamblea Legislaci\u00f3n sobre inspecci\u00f3n de la BIT\" href=\"http:\/\/leginfo.legislature.ca.gov\/faces\/billNavClient.xhtml?bill_id=201320140AB529\" target=\"_blank\" rel=\"noopener noreferrer\">aqu\u00ed<\/a>.<\/p>\n<\/div><\/div><div  class=\"vc_do_toggle vc_toggle vc_toggle_default vc_toggle_color_default  vc_toggle_size_md\"><div class=\"vc_toggle_title\"><h4>\u00bfC\u00f3mo me ayudar\u00e1 Betts Truck Parts a seguir reclamando?<\/h4><i class=\"vc_toggle_icon\"><\/i><\/div><div class=\"vc_toggle_content\"><p>Le proporcionamos los informes necesarios para cumplir la normativa, que incluyen informaci\u00f3n de mantenimiento que satisface los requisitos de una inspecci\u00f3n BIT. Nuestro software nos recordar\u00e1 cu\u00e1ndo sus veh\u00edculos deben someterse a una inspecci\u00f3n BIT para que usted siga cumpliendo la normativa.<\/p>\n<p>If you would like to speak directly with our service manager in Fresno about mobile BIT Inspections call our branch at 559.498.8624.<\/p>\n<\/div><\/div><div  class=\"vc_do_toggle vc_toggle vc_toggle_default vc_toggle_color_default  vc_toggle_size_md\"><div class=\"vc_toggle_title\"><h4>\u00bfQu\u00e9 veh\u00edculos deben inspeccionarse cada 90 d\u00edas?<\/h4><i class=\"vc_toggle_icon\"><\/i><\/div><div class=\"vc_toggle_content\"><p>Los veh\u00edculos con un peso bruto de 10.000 libras y 3 o m\u00e1s ejes, o un peso bruto superior a 26.000 libras, deben someterse a una inspecci\u00f3n BIT cada 90 d\u00edas. La inspecci\u00f3n BIT debe realizarla un centro de servicio autorizado.<\/p>\n<p>Aseg\u00farese de llevar un registro preciso y actualizado de los conductores y de los registros de mantenimiento de su veh\u00edculo.<\/p>\n<\/div><\/div><div class=\"ubtn-ctn-center\"><a class=\"ubtn-link ult-adjust-bottom-margin ubtn-center ubtn-normal\" href=\"tel:559-498-8624\" ><button type=\"button\" id=\"ubtn-6874\"  class=\"ubtn ult-adjust-bottom-margin ult-responsive ubtn-normal ubtn-fade-bg  none  ubtn-center   tooltip-69d8ccf6dab65\"  data-hover=\"#FFFFFF\" data-border-color=\"#AD172B\" data-bg=\"#FFFFFF00\" data-hover-bg=\"#AD172B\" data-border-hover=\"#FFFFFF\" data-shadow-hover=\"\" data-shadow-click=\"none\" data-shadow=\"\" data-shd-shadow=\"\"  data-ultimate-target='#ubtn-6874'  data-responsive-json-new='{\"font-size\":\"desktop:16px;\",\"line-height\":\"\"}'  style=\"font-weight:bold;border-radius:15px;border-width:3px;border-color:#AD172B;border-style:solid;background: #FFFFFF00;color: #AD172B;\"><span class=\"ubtn-hover\" style=\"background-color:#AD172B\"><\/span><span class=\"ubtn-data ubtn-text\" >Haga clic para llamar<\/span><\/button><\/a><\/div><\/div><\/div><\/div><\/div>\n<\/div>","protected":false},"excerpt":{"rendered":"<p>Mobile BIT Inspections Fresno, CA Ensuring Compliance &amp; Safety with Betts Truck Parts &amp; Service &nbsp; Call (559) 498-8624 to schedule a Mobile Bit Inspection in the Fresno area Click to Call Mobile BIT Inspection Service in Fresno, CA. Betts Truck Parts &amp; Service is your leading provider of BIT Inspections in the Fresno area.&hellip;<\/p>","protected":false},"author":4,"featured_media":0,"parent":0,"menu_order":0,"comment_status":"closed","ping_status":"closed","template":"template-microsite.php","meta":{"footnotes":""},"class_list":["post-3358","page","type-page","status-publish","hentry","description-off"],"_links":{"self":[{"href":"https:\/\/bettstruckparts.com\/es\/wp-json\/wp\/v2\/pages\/3358","targetHints":{"allow":["GET"]}}],"collection":[{"href":"https:\/\/bettstruckparts.com\/es\/wp-json\/wp\/v2\/pages"}],"about":[{"href":"https:\/\/bettstruckparts.com\/es\/wp-json\/wp\/v2\/types\/page"}],"author":[{"embeddable":true,"href":"https:\/\/bettstruckparts.com\/es\/wp-json\/wp\/v2\/users\/4"}],"replies":[{"embeddable":true,"href":"https:\/\/bettstruckparts.com\/es\/wp-json\/wp\/v2\/comments?post=3358"}],"version-history":[{"count":0,"href":"https:\/\/bettstruckparts.com\/es\/wp-json\/wp\/v2\/pages\/3358\/revisions"}],"wp:attachment":[{"href":"https:\/\/bettstruckparts.com\/es\/wp-json\/wp\/v2\/media?parent=3358"}],"curies":[{"name":"wp","href":"https:\/\/api.w.org\/{rel}","templated":true}]}}