{"id":3328,"date":"2025-10-21T13:43:37","date_gmt":"2025-10-21T21:43:37","guid":{"rendered":"https:\/\/bettstruckparts.com\/?page_id=3328"},"modified":"2026-04-23T19:43:53","modified_gmt":"2026-04-24T03:43:53","slug":"bit-inspection-san-leandro-ca","status":"publish","type":"page","link":"https:\/\/bettstruckparts.com\/es\/bit-inspection-san-leandro-ca\/","title":{"rendered":"BIT Inspecci\u00f3n San Leandro"},"content":{"rendered":"<div class=\"wpb-content-wrapper\"><div class=\"vc_row wpb_row vc_row-fluid vc_custom_1761083000098\"><div class=\"wpb_column vc_column_container vc_col-sm-12\"><div class=\"vc_column-inner\"><div class=\"wpb_wrapper\">\n\t<div class=\"wpb_text_column wpb_content_element\" >\n\t\t<div class=\"wpb_wrapper\">\n\t\t\t<h1 style=\"text-align: center;\">Inspecciones BIT en San Leandro CA<\/h1>\n<h2 style=\"text-align: center;\"><span style=\"color: #ad1818;\">To schedule a BIT Inspection or speak with our service manager, call <a href=\"tel:510-633-4500\">(510) 633-4500<\/a><\/span><\/h2>\n\n\t\t<\/div>\n\t<\/div>\n<div class=\"ubtn-ctn-center\"><a class=\"ubtn-link ult-adjust-bottom-margin ubtn-center ubtn-normal\" href=\"tel:510-633-4500\" ><button type=\"button\" id=\"ubtn-1157\"  class=\"ubtn ult-adjust-bottom-margin ult-responsive ubtn-normal ubtn-fade-bg  none  ubtn-center   tooltip-6a06d908e03b5\"  data-hover=\"#FFFFFF\" data-border-color=\"#AD172B\" data-bg=\"#FFFFFF00\" data-hover-bg=\"#AD172B\" data-border-hover=\"#FFFFFF\" data-shadow-hover=\"\" data-shadow-click=\"none\" data-shadow=\"\" data-shd-shadow=\"\"  data-ultimate-target='#ubtn-1157'  data-responsive-json-new='{\"font-size\":\"desktop:16px;\",\"line-height\":\"\"}'  style=\"font-weight:bold;border-radius:15px;border-width:3px;border-color:#AD172B;border-style:solid;background: #FFFFFF00;color: #AD172B;\"><span class=\"ubtn-hover\" style=\"background-color:#AD172B\"><\/span><span class=\"ubtn-data ubtn-text\" >Haga clic para llamar<\/span><\/button><\/a><\/div><\/div><\/div><\/div><\/div><div class=\"vc_row wpb_row vc_row-fluid vc_custom_1744572361037\"><div class=\"wpb_column vc_column_container vc_col-sm-12\"><div class=\"vc_column-inner\"><div class=\"wpb_wrapper\">\n\t<div class=\"wpb_text_column wpb_content_element\" >\n\t\t<div class=\"wpb_wrapper\">\n\t\t\t<div id=\"attachment_2248\" style=\"width: 360px\" class=\"wp-caption alignleft\"><img decoding=\"async\" aria-describedby=\"caption-attachment-2248\" class=\"wp-image-2248 size-full\" src=\"https:\/\/bettstruckparts.com\/wp-content\/uploads\/2020\/08\/IMG_1143-web.jpg\" alt=\"Inspecci\u00f3n m\u00f3vil BIT San Leandro\" width=\"350\" height=\"263\" srcset=\"https:\/\/bettstruckparts.com\/wp-content\/uploads\/2020\/08\/IMG_1143-web.jpg 350w, https:\/\/bettstruckparts.com\/wp-content\/uploads\/2020\/08\/IMG_1143-web-300x225.jpg 300w\" sizes=\"(max-width: 350px) 100vw, 350px\" \/><p id=\"caption-attachment-2248\" class=\"wp-caption-text\">Servicio M\u00f3vil de Inspecci\u00f3n BIT en San Leandro. Betts Truck Parts &amp; Service es su proveedor l\u00edder de Inspecciones BIT en el \u00e1rea de San Leandro.<\/p><\/div>\n<p style=\"text-align: left;\"><strong>Betts Truck Parts &amp; Service en San Leandro<\/strong> is your trusted partner for ensuring compliance with California&#8217;s stringent BIT (Biennial Inspection of Terminals) program.<\/p>\n<p style=\"text-align: left;\">With over two decades of experience and a commitment to exceptional customer service, we provide comprehensive BIT inspections that help you keep your trucks on the road and your business running smoothly.<\/p>\n<p style=\"text-align: left;\"><strong>Schedule your BIT Inspection in San Leandro today by calling us at (510) 633-4500<\/strong> and speaking with our knowledgeable service manager.<\/p>\n<p style=\"text-align: left;\">At Betts Truck Parts &amp; Service San Leandro, we understand the importance of timely and accurate BIT inspections. We know that compliance is not just a legal requirement, but also a critical factor in maintaining the safety of your drivers and the integrity of your equipment.<\/p>\n<p style=\"text-align: left;\">That&#8217;s why we offer convenient BIT Inspection Services right at our location in San Leandro, minimizing downtime and maximizing efficiency.<\/p>\n<p>&nbsp;<\/p>\n<h3><strong>\u00bfPor qu\u00e9 elegir Betts Truck Parts &amp; Service para sus necesidades de inspecci\u00f3n BIT?<\/strong><\/h3>\n<ul>\n<li><strong>Especialistas experimentados en inspecci\u00f3n BIT:<\/strong> Nuestros inspectores certificados tienen una amplia experiencia en la realizaci\u00f3n de inspecciones BIT exhaustivas para una amplia gama de veh\u00edculos comerciales.<\/li>\n<li><strong>Comodidad m\u00f3vil:<\/strong> Llevamos la inspecci\u00f3n hasta usted, ahorr\u00e1ndole tiempo y recursos valiosos. Nuestro servicio m\u00f3vil elimina la necesidad de transportar sus veh\u00edculos a una ubicaci\u00f3n fija, minimizando el tiempo de inactividad y maximizando la productividad.<\/li>\n<li><strong>Inspecciones exhaustivas:<\/strong> Realizamos inspecciones BIT exhaustivas que cubren todas las \u00e1reas requeridas, garantizando el cumplimiento de la normativa de California. Nuestras inspecciones incluyen controles de:\n<ul>\n<li><strong>Sistemas de frenado<\/strong><\/li>\n<li><strong>Sistemas de direcci\u00f3n<\/strong><\/li>\n<li><strong>Sistemas de suspensi\u00f3n<\/strong><\/li>\n<li><strong>Neum\u00e1ticos y ruedas<\/strong><\/li>\n<li><strong>Iluminaci\u00f3n y sistemas el\u00e9ctricos<\/strong><\/li>\n<li><strong>Bastidor y carrocer\u00eda<\/strong><\/li>\n<li><strong>Sujeci\u00f3n de la carga<\/strong><\/li>\n<li><strong>Documentaci\u00f3n y registro<br \/>\n<\/strong><\/li>\n<\/ul>\n<\/li>\n<li><strong>Servicio r\u00e1pido y eficaz<\/strong>: Comprendemos la importancia de que sus veh\u00edculos vuelvan r\u00e1pidamente a la carretera. Nuestros experimentados inspectores trabajan de manera eficiente para completar su inspecci\u00f3n BIT de manera oportuna, minimizando la interrupci\u00f3n de sus operaciones.<\/li>\n<li><strong>Excelente servicio de atenci\u00f3n al cliente:<\/strong> Nos comprometemos a ofrecer un servicio al cliente excepcional y a superar sus expectativas. Nuestro equipo est\u00e1 siempre disponible para responder a sus preguntas y resolver sus dudas.<\/li>\n<li><strong>Reputaci\u00f3n premiada<\/strong>: Betts Truck Parts &amp; Service fue nominado recientemente por la revista Truck Parts &amp; Service Magazine como finalista para \"Distribuidor del A\u00f1o 2020\" por nuestro compromiso con nuestros clientes. Este reconocimiento es un testimonio de nuestra dedicaci\u00f3n a proporcionar un servicio de calidad y construir relaciones s\u00f3lidas con nuestros clientes. Somos Betts Truck Parts San Leandro, un nombre en el que puede confiar.<\/li>\n<\/ul>\n<p>Desde 1992: \u00a1Hemos estado proporcionando inspecciones BIT de calidad y servicios de camiones para la comunidad desde 1992!<\/p>\n<h3><strong>Comprender el programa BIT: Garantizar la seguridad y el cumplimiento<\/strong><\/h3>\n<p>The Biennial Inspection of Terminals (BIT) program is a comprehensive safety program mandated by the California Department of Motor Vehicles (DMV) to ensure the safe operation of commercial vehicles on California&#8217;s roadways.<\/p>\n<p>The program requires all motor carriers operating commercial vehicles with a gross vehicle weight rating (GVWR) of 10,001 pounds or more to undergo periodic inspections of their terminals and vehicles.<\/p>\n<h3><strong>Objetivos clave del Programa BIT:<\/strong><\/h3>\n<ul>\n<li>Reducir los accidentes de veh\u00edculos comerciales.<\/li>\n<li>Mejorar la seguridad de las operaciones de los veh\u00edculos comerciales.<\/li>\n<li>Garantizar el cumplimiento de la normativa estatal y federal.<\/li>\n<li>Promover una gesti\u00f3n responsable de los transportistas.<\/li>\n<\/ul>\n<h3><strong>\u00bfQu\u00e9 implica una inspecci\u00f3n BIT?<\/strong><\/h3>\n<p>Una inspecci\u00f3n BIT es una evaluaci\u00f3n exhaustiva de las pr\u00e1cticas de seguridad de un transportista y del estado de sus veh\u00edculos comerciales. La inspecci\u00f3n suele incluir una revisi\u00f3n de:<\/p>\n<ul>\n<li>Cualificaciones del conductor y registros de formaci\u00f3n.<\/li>\n<li>Registros de mantenimiento del veh\u00edculo.<\/li>\n<li>Historial de accidentes.<\/li>\n<li>Cumplimiento de la normativa sobre horas de servicio.<\/li>\n<li>Estado del veh\u00edculo, incluidos los sistemas de frenos, direcci\u00f3n, suspensi\u00f3n, neum\u00e1ticos e iluminaci\u00f3n.<\/li>\n<\/ul>\n<h3><strong>Preguntas comunes sobre las inspecciones BIT:<\/strong><\/h3>\n<ul>\n<li><strong>\u00bfCon qu\u00e9 frecuencia son necesarias las inspecciones de la BIT?<\/strong> Las inspecciones de la BIT son obligatorias al menos una vez cada dos a\u00f1os.<\/li>\n<li><strong>\u00bfQui\u00e9n es responsable de garantizar el cumplimiento de los TBI?<\/strong> El transportista es responsable de garantizar el cumplimiento del programa BIT.<\/li>\n<li><strong>\u00bfCu\u00e1les son las consecuencias del incumplimiento?<\/strong> El incumplimiento del programa BIT puede acarrear multas, sanciones e incluso la suspensi\u00f3n de la autorizaci\u00f3n para operar.<\/li>\n<\/ul>\n<p><strong>Contact Us Today for Your BIT Inspection in San Leandro!<\/strong><\/p>\n<p>Asegure su conformidad con el programa BIT de California y proteja su negocio programando una inspecci\u00f3n BIT m\u00f3vil con Betts Truck Parts &amp; Service en San Leandro. <a href=\"tel:Call us today at (510) 633-4500\">Ll\u00e1menos hoy mismo al (510) 633-4500<\/a> para programar su inspecci\u00f3n y obtener m\u00e1s informaci\u00f3n sobre nuestros servicios.<br \/>\nBetts Truck Parts &amp; Service San Leandro<\/p>\n<div id=\"attachment_2247\" style=\"width: 238px\" class=\"wp-caption alignleft\"><a href=\"https:\/\/bettstruckparts.com\/es\/san-leandro\/\" target=\"_blank\" rel=\"noopener noreferrer\"><img decoding=\"async\" aria-describedby=\"caption-attachment-2247\" class=\"wp-image-2247 size-full\" src=\"https:\/\/bettstruckparts.com\/wp-content\/uploads\/2020\/09\/MG_0368-as-Smart-Object-1-228x300.jpg\" alt=\"Betts Truck Parts San Leandro\" width=\"228\" height=\"300\" \/><\/a><p id=\"caption-attachment-2247\" class=\"wp-caption-text\">Betts Truck Parts &amp; Service, San Leandro, ofrece tanto piezas de marca para veh\u00edculos pesados como reparaciones especializadas e inspecciones BIT en San Leandro, California.<\/p><\/div>\n<p><strong>Betts Truck Parts &amp; Service San Leandro<\/strong><\/p>\n\n\t\t<\/div>\n\t<\/div>\n\n\t<div class=\"wpb_raw_code wpb_raw_html wpb_content_element\" >\n\t\t<div class=\"wpb_wrapper\">\n\t\t\t<div itemprop=\"address\" itemscope itemtype=\"http:\/\/schema.org\/PostalAddress\">\n<p><span itemprop=\"streetAddress\"><strong>950 Doolittle Drive<\/strong><\/span><br>\n<strong><span itemprop=\"addressLocality\">San Leandro<\/span>,\u00a0<span itemprop=\"addressRegion\">CA<\/span>\u00a0<span itemprop=\"postalCode\">94577<\/span><\/strong><br>\n<span itemprop=\"telephone\"><strong>Tel\u00e9fono<\/strong>:\u00a0510.633.4500<\/span><br>\n<strong>Tel\u00e9fono gratuito<\/strong>:\u00a0888.822.3887<br><\/p>\n\t\t<\/div>\n\t<\/div>\n\n\t<div class=\"wpb_text_column wpb_content_element\" >\n\t\t<div class=\"wpb_wrapper\">\n\t\t\t<p><strong>Horario:<\/strong><br \/>\nConsulte nuestro horario de trabajo <a href=\"https:\/\/bettstruckparts.com\/es\/lugares\/san-leandro\/\">AQU\u00cd<\/a><\/p>\n<p>&nbsp;<\/p>\n<p>\u00bfNecesita m\u00e1s informaci\u00f3n sobre las inspecciones BIT? A continuaci\u00f3n encontrar\u00e1 m\u00e1s informaci\u00f3n sobre los requisitos de las inspecciones BIT 2020, las inspecciones que se realizan para las inspecciones BIT y las preguntas m\u00e1s frecuentes sobre las inspecciones BIT.<\/p>\n\n\t\t<\/div>\n\t<\/div>\n<\/div><\/div><\/div><\/div><div class=\"vc_row wpb_row vc_row-fluid\"><div class=\"wpb_column vc_column_container vc_col-sm-6\"><div class=\"vc_column-inner\"><div class=\"wpb_wrapper\">\n\t<div class=\"wpb_text_column wpb_content_element\" >\n\t\t<div class=\"wpb_wrapper\">\n\t\t\t<p><em>\"Este lugar es perfecto para el servicio de camiones. Si necesitas piezas y servicio para camiones grandes en el \u00c1rea de la Bah\u00eda, este es un One Stop Shop\".<br \/>\n<\/em>&#8211; <em><strong>Happy S., San Leandro<\/strong><\/em><\/p>\n\n\t\t<\/div>\n\t<\/div>\n<\/div><\/div><\/div><div class=\"wpb_column vc_column_container vc_col-sm-6\"><div class=\"vc_column-inner\"><div class=\"wpb_wrapper\">\n\t<div class=\"wpb_text_column wpb_content_element\" >\n\t\t<div class=\"wpb_wrapper\">\n\t\t\t<p><em>\"Tienda muy profesional con t\u00e9cnicos muy bien informados y personal de oficina profesional.\"<br \/>\n<\/em>&#8211;\u00a0<em><strong>David W., San Leandro<\/strong><\/em><\/p>\n\n\t\t<\/div>\n\t<\/div>\n<\/div><\/div><\/div><\/div><div class=\"vc_row wpb_row vc_row-fluid\"><div class=\"wpb_column vc_column_container vc_col-sm-12\"><div class=\"vc_column-inner\"><div class=\"wpb_wrapper\"><div id='wrap_map_6a06d908e127c' class='ultimate-map-wrapper ult-adjust-bottom-margin' style=' height:300px;'><div id='map_6a06d908e127c' data-map_override='0' class='ultimate_google_map wpb_content_element 0' style='width:100%;height:300px;'><\/div><\/div><script type='text\/javascript'>\n\t\t\t(function($) {\n  \t\t\t'use strict';\n\t\t\tvar map_map_6a06d908e127c = null;\n\t\t\tvar coordinate_map_6a06d908e127c;\n\t\t\tvar isDraggable = $(document).width() > 641 ? 'true' : 'true';\n\t\t\ttry\n\t\t\t{\n\t\t\t\tvar map_map_6a06d908e127c = null;\n\t\t\t\tvar coordinate_map_6a06d908e127c;\n\t\t\t\tcoordinate_map_6a06d908e127c = new google.maps.LatLng(37.717729, -122.188021);\n\t\t\t\tvar mapOptions=\n\t\t\t\t{\n\t\t\t\t\tzoom: 12,\n\t\t\t\t\tcenter: coordinate_map_6a06d908e127c,\n\t\t\t\t\tscaleControl: true,\n\t\t\t\t\tstreetViewControl: false,\n\t\t\t\t\tmapTypeControl: false,\n\t\t\t\t\tpanControl: false,\n\t\t\t\t\tzoomControl: false,\n\t\t\t\t\tscrollwheel: true,\n\t\t\t\t\tdraggable: isDraggable,\n\t\t\t\t\tzoomControlOptions: {\n\t\t\t\t\t\tposition: google.maps.ControlPosition.right_bottom\n\t\t\t\t\t},mapTypeId: google.maps.MapTypeId.roadmap,};var map_map_6a06d908e127c = new google.maps.Map(document.getElementById('map_6a06d908e127c'),mapOptions);\n\t\t\t\t\t\tvar x = 'infowindow_open_value';\n\t\t\t\t\t\tvar marker_map_6a06d908e127c = new google.maps.Marker({\n\t\t\t\t\t\tposition: new google.maps.LatLng('37.717729', '-122.188021'),\n\t\t\t\t\t\tanimation:  google.maps.Animation.DROP,\n\t\t\t\t\t\tmap: map_map_6a06d908e127c,\n\t\t\t\t\t\ticon: ''\n\t\t\t\t\t});\tgoogle.maps.event.addListener(marker_map_6a06d908e127c, 'click', toggleBounce);}\n\t\t\tcatch(e){};\n\t\t\tjQuery(document).ready(function($){\n\t\t\t\tgoogle.maps.event.trigger(map_map_6a06d908e127c, 'resize');\n\t\t\t\t$(window).on('resize', function(){\n\t\t\t\t\tgoogle.maps.event.trigger(map_map_6a06d908e127c, 'resize');\n\t\t\t\t\tif(map_map_6a06d908e127c!=null)\n\t\t\t\t\t\tmap_map_6a06d908e127c.setCenter(coordinate_map_6a06d908e127c);\n\t\t\t\t});\n\t\t\t\t$('.ui-tabs').on('tabsactivate', function(event, ui) {\n\t\t\t\t   if($(this).find('.ultimate-map-wrapper').length > 0)\n\t\t\t\t\t{\n\t\t\t\t\t\tsetTimeout(function(){\n\t\t\t\t\t\t\t$(window).trigger('resize');\n\t\t\t\t\t\t},200);\n\t\t\t\t\t}\n\t\t\t\t});\n\t\t\t\t$('.ui-accordion').on('accordionactivate', function(event, ui) {\n\t\t\t\t   if($(this).find('.ultimate-map-wrapper').length > 0)\n\t\t\t\t\t{\n\t\t\t\t\t\tsetTimeout(function(){\n\t\t\t\t\t\t\t$(window).trigger('resize');\n\t\t\t\t\t\t},200);\n\t\t\t\t\t}\n\t\t\t\t});\n\t\t\t\t$(window).on('load',function(){\n\t\t\t\t\tsetTimeout(function(){\n\t\t\t\t\t\t$(window).trigger('resize');\n\t\t\t\t\t},200);\n\t\t\t\t});\n\t\t\t\t$('.ult_exp_section').on('select', function(){\n\t\t\t\t\tif($(map_map_6a06d908e127c).parents('.ult_exp_section'))\n\t\t\t\t\t{\n\t\t\t\t\t\tsetTimeout(function(){\n\t\t\t\t\t\t\t$(window).trigger('resize');\n\t\t\t\t\t\t},200);\n\t\t\t\t\t}\n\t\t\t\t});\n\t\t\t\t$(document).on('onUVCModalPopupOpen', function(){\n\t\t\t\t\tif($(map_map_6a06d908e127c).parents('.ult_modal-content'))\n\t\t\t\t\t{\n\t\t\t\t\t\tsetTimeout(function(){\n\t\t\t\t\t\t\t$(window).trigger('resize');\n\t\t\t\t\t\t},200);\n\t\t\t\t\t}\n\t\t\t\t});\n\t\t\t\t$(document).on('click','.ult_tab_li',function(){\n\t\t\t\t\t$(window).trigger('resize');\n\t\t\t\t\tsetTimeout(function(){\n\t\t\t\t\t\t$(window).trigger('resize');\n\t\t\t\t\t},200);\n\t\t\t\t});\n\t\t\t});\n\t\t\tfunction toggleBounce() {\n\t\t\t  if (marker_map_6a06d908e127c.getAnimation() != null) {\n\t\t\t\tmarker_map_6a06d908e127c.setAnimation(null);\n\t\t\t  } else {\n\t\t\t\tmarker_map_6a06d908e127c.setAnimation(google.maps.Animation.BOUNCE);\n\t\t\t  }\n\t\t\t}\n\t\t\t})(jQuery);\n\t\t\t<\/script>\n\t<div class=\"wpb_text_column wpb_content_element\" >\n\t\t<div class=\"wpb_wrapper\">\n\t\t\t<p><strong>C\u00f3mo llegar<\/strong><\/p>\n<p><em>Desde la 880 Norte:\u00a0<\/em>Tome la salida de Davis Street (salida 34), luego gire a la izquierda hacia Davis Street CA-61\/CA-112. Gire a la derecha hacia Doolittle Drive CA-61.<\/p>\n<p><em>Desde el Sur<\/em> <em>880<\/em>: Tome la salida de Davis Street (salida 34), luego gire a la derecha hacia Davis Street CA-61\/CA-112. Gire a la izquierda hacia Doolittle Drive CA-61.<\/p>\n\n\t\t<\/div>\n\t<\/div>\n\n\t<div class=\"wpb_text_column wpb_content_element\" >\n\t\t<div class=\"wpb_wrapper\">\n\t\t\t<h2><span style=\"color: #a11b1b;\">San Leandro, CA Inspecci\u00f3n m\u00f3vil FAQ's<\/span><\/h2>\n\n\t\t<\/div>\n\t<\/div>\n<div  class=\"vc_do_toggle vc_toggle vc_toggle_default vc_toggle_color_default  vc_toggle_size_md\"><div class=\"vc_toggle_title\"><h4>\u00bfPor qu\u00e9 elegir Betts Truck Parts para las inspecciones BIT?<\/h4><i class=\"vc_toggle_icon\"><\/i><\/div><div class=\"vc_toggle_content\"><p>Betts Truck Parts se ha centrado en proporcionar una experiencia de cliente de \u00e9lite. Recientemente hemos sido finalistas en Truck Parts &amp; Service Magazine -una publicaci\u00f3n nacional del sector- como <strong>Finalista<\/strong> para <strong>Distribuidor del A\u00f1o 2020<\/strong>.<\/p>\n<p>Tenemos m\u00e1s de 30 a\u00f1os de experiencia, y proporcionamos servicios de inspecci\u00f3n de camiones comerciales r\u00e1pidos y eficientes en San Leandro para mantenerle en cumplimiento y en la carretera.<\/p>\n<p>Tenemos 6 ubicaciones adicionales en California, Oreg\u00f3n y Arizona para servir a su flota.<\/p>\n<\/div><\/div><div  class=\"vc_do_toggle vc_toggle vc_toggle_default vc_toggle_color_default  vc_toggle_size_md\"><div class=\"vc_toggle_title\"><h4>\u00bfEn qu\u00e9 parte de San Leandro se realizan inspecciones m\u00f3viles?<\/h4><i class=\"vc_toggle_icon\"><\/i><\/div><div class=\"vc_toggle_content\"><p>Betts Truck Parts &amp; Service San Leandro se encuentra en West San Leandro.<\/p>\n<p>No obstante, realizamos inspecciones m\u00f3viles en la mayor\u00eda de las zonas de San Leandro y sus alrededores.<\/p>\n<p>Llame a nuestro gerente de servicio en San Leandro al 510.633.4500 para confirmar su \u00e1rea de servicio m\u00f3vil de Inspecci\u00f3n BIT en San Leandro.<\/p>\n<\/div><\/div><div  class=\"vc_do_toggle vc_toggle vc_toggle_default vc_toggle_color_default  vc_toggle_size_md\"><div class=\"vc_toggle_title\"><h4>\u00bfSon bienales las inspecciones BIT de California?<\/h4><i class=\"vc_toggle_icon\"><\/i><\/div><div class=\"vc_toggle_content\"><p>La legislaci\u00f3n californiana de principios de 2016 modific\u00f3 la anterior normativa de \"Inspecci\u00f3n bienal de terminales\".<\/p>\n<p>Tras este cambio, las inspecciones ya no son bienales. CHP puede inspeccionar una terminal cuando lo desee.<\/p>\n<p>Las terminales que reciban una calificaci\u00f3n \"satisfactoria\" s\u00f3lo podr\u00e1n ser inspeccionadas cada varios a\u00f1os. Las terminales que reciban una calificaci\u00f3n \"insatisfactoria\" volver\u00e1n a ser inspeccionadas por CHP en un plazo de 120 d\u00edas.<\/p>\n<\/div><\/div><div  class=\"vc_do_toggle vc_toggle vc_toggle_default vc_toggle_color_default  vc_toggle_size_md\"><div class=\"vc_toggle_title\"><h4>\u00bfD\u00f3nde puedo encontrar informaci\u00f3n oficial sobre las inspecciones del BIT?<\/h4><i class=\"vc_toggle_icon\"><\/i><\/div><div class=\"vc_toggle_content\"><p>Puede leer o descargar el documento oficial CHP \"Inspecci\u00f3n B\u00e1sica de Terminales (BIT)\" Informaci\u00f3n sobre el programa <a title=\"Programa de inspecci\u00f3n CHP BIT\" href=\"https:\/\/www.chp.ca.gov\/CommercialVehicleSectionSite\/Documents\/O%20chp800h.pdf\" target=\"_blank\" rel=\"noopener noreferrer\">aqu\u00ed<\/a>.<\/p>\n<p>El proyecto de ley 529 de la Asamblea <a title=\"Proyecto de ley n\u00ba 529 de la Asamblea Legislaci\u00f3n sobre inspecci\u00f3n de la BIT\" href=\"http:\/\/leginfo.legislature.ca.gov\/faces\/billNavClient.xhtml?bill_id=201320140AB529\" target=\"_blank\" rel=\"noopener noreferrer\">aqu\u00ed<\/a>.<\/p>\n<\/div><\/div><div  class=\"vc_do_toggle vc_toggle vc_toggle_default vc_toggle_color_default  vc_toggle_size_md\"><div class=\"vc_toggle_title\"><h4>\u00bfC\u00f3mo me ayudar\u00e1 Betts Truck Parts a seguir reclamando?<\/h4><i class=\"vc_toggle_icon\"><\/i><\/div><div class=\"vc_toggle_content\"><p>Le proporcionamos los informes necesarios para cumplir la normativa, que incluyen informaci\u00f3n de mantenimiento que satisface los requisitos de una inspecci\u00f3n BIT. Nuestro software nos recordar\u00e1 cu\u00e1ndo sus veh\u00edculos deben someterse a una inspecci\u00f3n BIT para que usted siga cumpliendo la normativa.<\/p>\n<p>Si desea hablar directamente con nuestro jefe de servicio en San Leandro sobre las inspecciones m\u00f3viles BIT, llame a nuestra sucursal de San Leandro al 510.633.4500.<\/p>\n<\/div><\/div><div  class=\"vc_do_toggle vc_toggle vc_toggle_default vc_toggle_color_default  vc_toggle_size_md\"><div class=\"vc_toggle_title\"><h4>\u00bfQu\u00e9 veh\u00edculos deben inspeccionarse cada 90 d\u00edas?<\/h4><i class=\"vc_toggle_icon\"><\/i><\/div><div class=\"vc_toggle_content\"><p>Los veh\u00edculos con un peso bruto de 10.000 libras y 3 o m\u00e1s ejes, o un peso bruto superior a 26.000 libras, deben someterse a una inspecci\u00f3n BIT cada 90 d\u00edas. La inspecci\u00f3n BIT debe realizarla un centro de servicio autorizado.<\/p>\n<p>Aseg\u00farese de llevar un registro preciso y actualizado de los conductores y de los registros de mantenimiento de su veh\u00edculo.<\/p>\n<\/div><\/div><div class=\"ubtn-ctn-center\"><a class=\"ubtn-link ult-adjust-bottom-margin ubtn-center ubtn-normal\" href=\"tel:510-633-4500\" ><button type=\"button\" id=\"ubtn-2365\"  class=\"ubtn ult-adjust-bottom-margin ult-responsive ubtn-normal ubtn-fade-bg  none  ubtn-center   tooltip-6a06d908e1519\"  data-hover=\"#FFFFFF\" data-border-color=\"#AD172B\" data-bg=\"#FFFFFF00\" data-hover-bg=\"#AD172B\" data-border-hover=\"#FFFFFF\" data-shadow-hover=\"\" data-shadow-click=\"none\" data-shadow=\"\" data-shd-shadow=\"\"  data-ultimate-target='#ubtn-2365'  data-responsive-json-new='{\"font-size\":\"desktop:16px;\",\"line-height\":\"\"}'  style=\"font-weight:bold;border-radius:15px;border-width:3px;border-color:#AD172B;border-style:solid;background: #FFFFFF00;color: #AD172B;\"><span class=\"ubtn-hover\" style=\"background-color:#AD172B\"><\/span><span class=\"ubtn-data ubtn-text\" >Haga clic para llamar<\/span><\/button><\/a><\/div><\/div><\/div><\/div><\/div>\n<\/div>","protected":false},"excerpt":{"rendered":"<p>BIT Inspections in San Leandro CA To schedule a BIT Inspection or speak with our service manager, call (510) 633-4500 Click to Call Mobile BIT Inspection Service in San Leandro. Betts Truck Parts &amp; Service is your leading provider of BIT Inspections in the San Leandro area. Betts Truck Parts &amp; Service in San Leandro&hellip;<\/p>","protected":false},"author":4,"featured_media":0,"parent":0,"menu_order":0,"comment_status":"closed","ping_status":"closed","template":"template-microsite.php","meta":{"footnotes":""},"class_list":["post-3328","page","type-page","status-publish","hentry","description-off"],"_links":{"self":[{"href":"https:\/\/bettstruckparts.com\/es\/wp-json\/wp\/v2\/pages\/3328","targetHints":{"allow":["GET"]}}],"collection":[{"href":"https:\/\/bettstruckparts.com\/es\/wp-json\/wp\/v2\/pages"}],"about":[{"href":"https:\/\/bettstruckparts.com\/es\/wp-json\/wp\/v2\/types\/page"}],"author":[{"embeddable":true,"href":"https:\/\/bettstruckparts.com\/es\/wp-json\/wp\/v2\/users\/4"}],"replies":[{"embeddable":true,"href":"https:\/\/bettstruckparts.com\/es\/wp-json\/wp\/v2\/comments?post=3328"}],"version-history":[{"count":0,"href":"https:\/\/bettstruckparts.com\/es\/wp-json\/wp\/v2\/pages\/3328\/revisions"}],"wp:attachment":[{"href":"https:\/\/bettstruckparts.com\/es\/wp-json\/wp\/v2\/media?parent=3328"}],"curies":[{"name":"wp","href":"https:\/\/api.w.org\/{rel}","templated":true}]}}