{"id":3313,"date":"2025-11-28T18:54:45","date_gmt":"2025-11-29T02:54:45","guid":{"rendered":"https:\/\/bettstruckparts.com\/?page_id=3313"},"modified":"2025-11-28T18:58:40","modified_gmt":"2025-11-29T02:58:40","slug":"bit-inspection-sacramento","status":"publish","type":"page","link":"https:\/\/bettstruckparts.com\/es\/bit-inspection-sacramento\/","title":{"rendered":"BIT Inspection Sacramento"},"content":{"rendered":"<div class=\"wpb-content-wrapper\"><div class=\"vc_row wpb_row vc_row-fluid vc_custom_1764384982861\"><div class=\"wpb_column vc_column_container vc_col-sm-12\"><div class=\"vc_column-inner\"><div class=\"wpb_wrapper\">\n\t<div class=\"wpb_text_column wpb_content_element\" >\n\t\t<div class=\"wpb_wrapper\">\n\t\t\t<h1 style=\"text-align: center;\">Reliable BIT Inspection in Sacramento<\/h1>\n<h2 style=\"text-align: center;\">Schedule Your Certified BIT Inspection in Sacramento, CA<\/h2>\n<p>&nbsp;<\/p>\n<h2 style=\"text-align: center;\"><span style=\"color: #ad1818;\">To schedule a BIT Inspection or speak with our service manager, call <a href=\"tel:9169283818\">(916) 928-3818<\/a><\/span><\/h2>\n\n\t\t<\/div>\n\t<\/div>\n<div class=\"ubtn-ctn-center\"><a class=\"ubtn-link ult-adjust-bottom-margin ubtn-center ubtn-normal\" href=\"tel:916-928-3818\" ><button type=\"button\" id=\"ubtn-1259\"  class=\"ubtn ult-adjust-bottom-margin ult-responsive ubtn-normal ubtn-fade-bg  none  ubtn-center   tooltip-69f2ac8d498ee\"  data-hover=\"#FFFFFF\" data-border-color=\"#AD172B\" data-bg=\"#FFFFFF00\" data-hover-bg=\"#AD172B\" data-border-hover=\"#FFFFFF\" data-shadow-hover=\"\" data-shadow-click=\"none\" data-shadow=\"\" data-shd-shadow=\"\"  data-ultimate-target='#ubtn-1259'  data-responsive-json-new='{\"font-size\":\"desktop:16px;\",\"line-height\":\"\"}'  style=\"font-weight:bold;border-radius:15px;border-width:3px;border-color:#AD172B;border-style:solid;background: #FFFFFF00;color: #AD172B;\"><span class=\"ubtn-hover\" style=\"background-color:#AD172B\"><\/span><span class=\"ubtn-data ubtn-text\" >Haga clic para llamar<\/span><\/button><\/a><\/div><\/div><\/div><\/div><\/div><div class=\"vc_row wpb_row vc_row-fluid vc_custom_1764384882063\"><div class=\"wpb_column vc_column_container vc_col-sm-12\"><div class=\"vc_column-inner\"><div class=\"wpb_wrapper\">\n\t<div class=\"wpb_text_column wpb_content_element\" >\n\t\t<div class=\"wpb_wrapper\">\n\t\t\t<p style=\"text-align: left;\"><a href=\"https:\/\/bettstruckparts.com\/es\/lugares\/sacramento\/\"><strong>Betts Truck Parts &amp; Service Sacramento<\/strong><\/a> is your trusted partner for BIT (Biennial Inspection of Terminals) Inspections.<\/p>\n<p style=\"text-align: left;\">Serving Owner Operators and commercial truck fleets in the Sacramento area since 1990, we understand the importance of keeping your vehicles compliant with California&#8217;s rigorous regulations.<\/p>\n<p style=\"text-align: left;\">Avoid costly fines and downtime with our comprehensive and convenient mobile inspection services.<\/p>\n<h3><strong>Why Choose Betts Truck Parts &amp; Service for Your BIT Inspection in Sacramento?<\/strong><\/h3>\n<ul>\n<li><strong>Experiencia en la que puede confiar:<\/strong> Durante m\u00e1s de dos d\u00e9cadas, hemos estado proporcionando inspecciones BIT fiables a la comunidad de camiones de Sacramento. Nuestros t\u00e9cnicos experimentados est\u00e1n bien versados en las \u00faltimas regulaciones y procedimientos de inspecci\u00f3n, asegurando que sus veh\u00edculos cumplen con todos los requisitos.<\/li>\n<li><strong>Compromiso con la excelencia:<\/strong> Nos dedicamos a ofrecer un servicio al cliente excepcional y a superar sus expectativas. Nuestra reciente nominaci\u00f3n como finalista para \"Distribuidor del A\u00f1o 2020\" por Truck Parts &amp; Service Magazine es un testimonio de nuestro compromiso inquebrantable con el \u00e9xito de nuestros clientes.<\/li>\n<li><strong>Servicio m\u00f3vil r\u00e1pido y c\u00f3modo:<\/strong> We understand that time is money. That&#8217;s why <a href=\"https:\/\/bettstruckparts.com\/es\/mobile-bit-inspection-sacramento\/\">we also offer mobile BIT Inspections<\/a>, bringing our expertise directly to your terminal or location within Sacramento. Minimize downtime and keep your fleet on the road with our fast and efficient service.<\/li>\n<li><strong>Inspecciones BIT exhaustivas:<\/strong> Nuestras inspecciones cubren todos los componentes y sistemas esenciales para garantizar el cumplimiento del programa BIT de California. Examinamos meticulosamente sus veh\u00edculos, proporcionando un informe detallado que identifica cualquier \u00e1rea que requiera atenci\u00f3n.<\/li>\n<li><strong>Algo m\u00e1s que inspecciones:<\/strong> Betts Truck Parts &amp; Service Sacramento es su ventanilla \u00fanica para todas sus necesidades de camiones pesados. Ofrecemos una amplia gama de piezas de marca y servicios de reparaci\u00f3n de expertos, asegurando que sus veh\u00edculos est\u00e1n siempre funcionando al m\u00e1ximo rendimiento.<\/li>\n<\/ul>\n<h3><strong><img decoding=\"async\" class=\"size-medium wp-image-3348 alignleft\" src=\"https:\/\/bettstruckparts.com\/wp-content\/uploads\/2025\/11\/BIT-Inspection-Sacramento-224x300.png\" alt=\"BIT Inspection Sacramento\" width=\"224\" height=\"300\" srcset=\"https:\/\/bettstruckparts.com\/wp-content\/uploads\/2025\/11\/BIT-Inspection-Sacramento-224x300.png 224w, https:\/\/bettstruckparts.com\/wp-content\/uploads\/2025\/11\/BIT-Inspection-Sacramento-765x1024.png 765w, https:\/\/bettstruckparts.com\/wp-content\/uploads\/2025\/11\/BIT-Inspection-Sacramento-768x1029.png 768w, https:\/\/bettstruckparts.com\/wp-content\/uploads\/2025\/11\/BIT-Inspection-Sacramento-1147x1536.png 1147w, https:\/\/bettstruckparts.com\/wp-content\/uploads\/2025\/11\/BIT-Inspection-Sacramento-1529x2048.png 1529w, https:\/\/bettstruckparts.com\/wp-content\/uploads\/2025\/11\/BIT-Inspection-Sacramento-9x12.png 9w, https:\/\/bettstruckparts.com\/wp-content\/uploads\/2025\/11\/BIT-Inspection-Sacramento.png 1792w\" sizes=\"(max-width: 224px) 100vw, 224px\" \/>BIT Inspection Sacramento &#8211; What Does It Include?<\/strong><\/h3>\n<p>Nuestras exhaustivas inspecciones BIT cubren una amplia gama de \u00e1reas para garantizar que sus veh\u00edculos cumplen todos los requisitos reglamentarios. Esto incluye, pero no se limita a:<\/p>\n<ul>\n<li><strong>Inspecci\u00f3n del sistema de frenos<\/strong>: Examen minucioso de las pastillas de freno, rotores, pinzas, conductos de freno y componentes del sistema de aire para garantizar su correcto funcionamiento y seguridad.<\/li>\n<li><strong>Inspecci\u00f3n del sistema de direcci\u00f3n:<\/strong> Evaluaci\u00f3n de los componentes de la direcci\u00f3n, incluidas las articulaciones, los niveles de l\u00edquido de la direcci\u00f3n asistida y la capacidad de respuesta general de la direcci\u00f3n.<\/li>\n<li><strong>Inspecci\u00f3n del sistema de suspensi\u00f3n:<\/strong> Inspecci\u00f3n de muelles, amortiguadores, puntales y otros componentes de la suspensi\u00f3n para comprobar su desgaste, da\u00f1os y correcto funcionamiento.<\/li>\n<li><strong>Inspecci\u00f3n del sistema de alumbrado:<\/strong> Verificaci\u00f3n de que todas las luces, incluidos los faros delanteros, las luces traseras, las luces de freno y los intermitentes, funcionan correctamente y cumplen las normas de visibilidad.<\/li>\n<li><strong>Inspecci\u00f3n de neum\u00e1ticos:<\/strong> Evaluaci\u00f3n del estado de los neum\u00e1ticos, la profundidad del dibujo y la presi\u00f3n para garantizar un funcionamiento seguro y el cumplimiento de la normativa.<\/li>\n<li><strong>Comprobaci\u00f3n del nivel de l\u00edquidos:<\/strong> Inspecci\u00f3n del aceite del motor, el refrigerante, el l\u00edquido de frenos, el l\u00edquido de la direcci\u00f3n asistida y otros l\u00edquidos esenciales para garantizar los niveles adecuados y evitar posibles problemas mec\u00e1nicos.<\/li>\n<li><strong>Estado general del veh\u00edculo:<\/strong> Evaluaci\u00f3n del estado general del veh\u00edculo, incluidos el bastidor, la carrocer\u00eda y otros componentes cr\u00edticos para la integridad estructural y la seguridad.<\/li>\n<\/ul>\n<h3><strong>Preguntas frecuentes sobre las inspecciones BIT<\/strong><\/h3>\n<p>We understand that you may have questions about the BIT program and inspection requirements. Our team is here to provide clear and concise answers to your queries.<\/p>\n<p><strong>P\u00f3ngase en contacto con Betts Truck Parts &amp; Service Sacramento hoy en <a href=\"tel:(916) 928-3818\">(916) 928-3818<\/a> to schedule your BIT inspection.<\/strong><\/p>\n<div id=\"attachment_2247\" style=\"width: 245px\" class=\"wp-caption alignleft\"><a href=\"https:\/\/bettstruckparts.com\/es\/sacramento\/\" target=\"_blank\" rel=\"noopener noreferrer\"><img decoding=\"async\" aria-describedby=\"caption-attachment-2247\" class=\"wp-image-2247 size-full\" src=\"https:\/\/bettstruckparts.com\/wp-content\/uploads\/2020\/08\/SAC_MG_9664-web.jpg\" alt=\"Betts Truck Parts Sacramento\" width=\"235\" height=\"350\" srcset=\"https:\/\/bettstruckparts.com\/wp-content\/uploads\/2020\/08\/SAC_MG_9664-web.jpg 235w, https:\/\/bettstruckparts.com\/wp-content\/uploads\/2020\/08\/SAC_MG_9664-web-201x300.jpg 201w\" sizes=\"(max-width: 235px) 100vw, 235px\" \/><\/a><p id=\"caption-attachment-2247\" class=\"wp-caption-text\">Betts Truck Parts &amp; Service, Sacramento, ofrece tanto piezas de marca para veh\u00edculos pesados como reparaciones especializadas e inspecciones BIT en Sacramento, California.<\/p><\/div>\n<p><strong>Betts Truck Parts &amp; Service Sacramento<\/strong><\/p>\n\n\t\t<\/div>\n\t<\/div>\n\n\t<div class=\"wpb_raw_code wpb_raw_html wpb_content_element\" >\n\t\t<div class=\"wpb_wrapper\">\n\t\t\t<div itemprop=\"address\" itemscope itemtype=\"http:\/\/schema.org\/PostalAddress\">\n<p><span itemprop=\"streetAddress\"><strong>1121 Striker Ave.<\/strong><\/span><br>\n<strong><span itemprop=\"addressLocality\">Sacramento<\/span>,\u00a0<span itemprop=\"addressRegion\">CA<\/span>\u00a0<span itemprop=\"postalCode\">95834<\/span><\/strong><br>\n<span itemprop=\"telephone\"><strong>Tel\u00e9fono<\/strong>:\u00a0916.928.3818<\/span><br>\n<strong>Tel\u00e9fono gratuito<\/strong>:\u00a0800.704.4089<br><\/p>\n\t\t<\/div>\n\t<\/div>\n\n\t<div class=\"wpb_text_column wpb_content_element\" >\n\t\t<div class=\"wpb_wrapper\">\n\t\t\t<p><strong>Horario:<\/strong><br \/>\nConsulte nuestro horario de trabajo <a href=\"https:\/\/bettstruckparts.com\/es\/lugares\/sacramento\/\">AQU\u00cd<\/a><\/p>\n<p>&nbsp;<\/p>\n<p>\u00bfNecesita m\u00e1s informaci\u00f3n sobre las inspecciones BIT? A continuaci\u00f3n encontrar\u00e1 m\u00e1s informaci\u00f3n sobre los requisitos de las inspecciones BIT 2020, las inspecciones que se realizan para las inspecciones BIT y las preguntas m\u00e1s frecuentes sobre las inspecciones BIT.<\/p>\n\n\t\t<\/div>\n\t<\/div>\n<\/div><\/div><\/div><\/div><div class=\"vc_row wpb_row vc_row-fluid\"><div class=\"wpb_column vc_column_container vc_col-sm-6\"><div class=\"vc_column-inner\"><div class=\"wpb_wrapper\">\n\t<div class=\"wpb_text_column wpb_content_element\" >\n\t\t<div class=\"wpb_wrapper\">\n\t\t\t<p><em>\"Llevo acudiendo a estos tipos m\u00e1s de 20 a\u00f1os, est\u00e1n en toda la costa oeste. Servicio a domicilio. Stocked everytime. Todo lo relacionado con el tren de transmisi\u00f3n en un peque\u00f1o. Camiones medianos y grandes.<br \/>\n<\/em>&#8211; <em><strong>Kage T., Sacramento<\/strong><\/em><\/p>\n\n\t\t<\/div>\n\t<\/div>\n<\/div><\/div><\/div><div class=\"wpb_column vc_column_container vc_col-sm-6\"><div class=\"vc_column-inner\"><div class=\"wpb_wrapper\">\n\t<div class=\"wpb_text_column wpb_content_element\" >\n\t\t<div class=\"wpb_wrapper\">\n\t\t\t<p><em>\"Un sitio estupendo, me atendieron enseguida y me solucionaron el problema\".<br \/>\n<\/em>&#8211;\u00a0<em><strong>Tim M., Sacramento<\/strong><\/em><\/p>\n\n\t\t<\/div>\n\t<\/div>\n<\/div><\/div><\/div><\/div><div class=\"vc_row wpb_row vc_row-fluid\"><div class=\"wpb_column vc_column_container vc_col-sm-12\"><div class=\"vc_column-inner\"><div class=\"wpb_wrapper\"><div id='wrap_map_69f2ac8d4a4b1' class='ultimate-map-wrapper ult-adjust-bottom-margin' style=' height:300px;'><div id='map_69f2ac8d4a4b1' data-map_override='0' class='ultimate_google_map wpb_content_element 0' style='width:100%;height:300px;'><\/div><\/div><script type='text\/javascript'>\n\t\t\t(function($) {\n  \t\t\t'use strict';\n\t\t\tvar map_map_69f2ac8d4a4b1 = null;\n\t\t\tvar coordinate_map_69f2ac8d4a4b1;\n\t\t\tvar isDraggable = $(document).width() > 641 ? 'true' : 'true';\n\t\t\ttry\n\t\t\t{\n\t\t\t\tvar map_map_69f2ac8d4a4b1 = null;\n\t\t\t\tvar coordinate_map_69f2ac8d4a4b1;\n\t\t\t\tcoordinate_map_69f2ac8d4a4b1 = new google.maps.LatLng(38.688994, -121.48922);\n\t\t\t\tvar mapOptions=\n\t\t\t\t{\n\t\t\t\t\tzoom: 12,\n\t\t\t\t\tcenter: coordinate_map_69f2ac8d4a4b1,\n\t\t\t\t\tscaleControl: true,\n\t\t\t\t\tstreetViewControl: false,\n\t\t\t\t\tmapTypeControl: false,\n\t\t\t\t\tpanControl: false,\n\t\t\t\t\tzoomControl: false,\n\t\t\t\t\tscrollwheel: true,\n\t\t\t\t\tdraggable: isDraggable,\n\t\t\t\t\tzoomControlOptions: {\n\t\t\t\t\t\tposition: google.maps.ControlPosition.right_bottom\n\t\t\t\t\t},mapTypeId: google.maps.MapTypeId.roadmap,};var map_map_69f2ac8d4a4b1 = new google.maps.Map(document.getElementById('map_69f2ac8d4a4b1'),mapOptions);\n\t\t\t\t\t\tvar x = 'infowindow_open_value';\n\t\t\t\t\t\tvar marker_map_69f2ac8d4a4b1 = new google.maps.Marker({\n\t\t\t\t\t\tposition: new google.maps.LatLng('38.688994', '-121.48922'),\n\t\t\t\t\t\tanimation:  google.maps.Animation.DROP,\n\t\t\t\t\t\tmap: map_map_69f2ac8d4a4b1,\n\t\t\t\t\t\ticon: ''\n\t\t\t\t\t});\tgoogle.maps.event.addListener(marker_map_69f2ac8d4a4b1, 'click', toggleBounce);}\n\t\t\tcatch(e){};\n\t\t\tjQuery(document).ready(function($){\n\t\t\t\tgoogle.maps.event.trigger(map_map_69f2ac8d4a4b1, 'resize');\n\t\t\t\t$(window).on('resize', function(){\n\t\t\t\t\tgoogle.maps.event.trigger(map_map_69f2ac8d4a4b1, 'resize');\n\t\t\t\t\tif(map_map_69f2ac8d4a4b1!=null)\n\t\t\t\t\t\tmap_map_69f2ac8d4a4b1.setCenter(coordinate_map_69f2ac8d4a4b1);\n\t\t\t\t});\n\t\t\t\t$('.ui-tabs').on('tabsactivate', function(event, ui) {\n\t\t\t\t   if($(this).find('.ultimate-map-wrapper').length > 0)\n\t\t\t\t\t{\n\t\t\t\t\t\tsetTimeout(function(){\n\t\t\t\t\t\t\t$(window).trigger('resize');\n\t\t\t\t\t\t},200);\n\t\t\t\t\t}\n\t\t\t\t});\n\t\t\t\t$('.ui-accordion').on('accordionactivate', function(event, ui) {\n\t\t\t\t   if($(this).find('.ultimate-map-wrapper').length > 0)\n\t\t\t\t\t{\n\t\t\t\t\t\tsetTimeout(function(){\n\t\t\t\t\t\t\t$(window).trigger('resize');\n\t\t\t\t\t\t},200);\n\t\t\t\t\t}\n\t\t\t\t});\n\t\t\t\t$(window).on('load',function(){\n\t\t\t\t\tsetTimeout(function(){\n\t\t\t\t\t\t$(window).trigger('resize');\n\t\t\t\t\t},200);\n\t\t\t\t});\n\t\t\t\t$('.ult_exp_section').on('select', function(){\n\t\t\t\t\tif($(map_map_69f2ac8d4a4b1).parents('.ult_exp_section'))\n\t\t\t\t\t{\n\t\t\t\t\t\tsetTimeout(function(){\n\t\t\t\t\t\t\t$(window).trigger('resize');\n\t\t\t\t\t\t},200);\n\t\t\t\t\t}\n\t\t\t\t});\n\t\t\t\t$(document).on('onUVCModalPopupOpen', function(){\n\t\t\t\t\tif($(map_map_69f2ac8d4a4b1).parents('.ult_modal-content'))\n\t\t\t\t\t{\n\t\t\t\t\t\tsetTimeout(function(){\n\t\t\t\t\t\t\t$(window).trigger('resize');\n\t\t\t\t\t\t},200);\n\t\t\t\t\t}\n\t\t\t\t});\n\t\t\t\t$(document).on('click','.ult_tab_li',function(){\n\t\t\t\t\t$(window).trigger('resize');\n\t\t\t\t\tsetTimeout(function(){\n\t\t\t\t\t\t$(window).trigger('resize');\n\t\t\t\t\t},200);\n\t\t\t\t});\n\t\t\t});\n\t\t\tfunction toggleBounce() {\n\t\t\t  if (marker_map_69f2ac8d4a4b1.getAnimation() != null) {\n\t\t\t\tmarker_map_69f2ac8d4a4b1.setAnimation(null);\n\t\t\t  } else {\n\t\t\t\tmarker_map_69f2ac8d4a4b1.setAnimation(google.maps.Animation.BOUNCE);\n\t\t\t  }\n\t\t\t}\n\t\t\t})(jQuery);\n\t\t\t<\/script>\n\t<div class=\"wpb_text_column wpb_content_element\" >\n\t\t<div class=\"wpb_wrapper\">\n\t\t\t<h2><span style=\"color: #a11b1b;\">Sacramento, CA BIT Inspection FAQ&#8217;s<\/span><\/h2>\n\n\t\t<\/div>\n\t<\/div>\n<div  class=\"vc_do_toggle vc_toggle vc_toggle_default vc_toggle_color_default  vc_toggle_size_md\"><div class=\"vc_toggle_title\"><h4>\u00bfPor qu\u00e9 elegir Betts Truck Parts para las inspecciones BIT?<\/h4><i class=\"vc_toggle_icon\"><\/i><\/div><div class=\"vc_toggle_content\"><p>Betts Truck Parts se ha centrado en proporcionar una experiencia de cliente de \u00e9lite. Recientemente hemos sido finalistas en Truck Parts &amp; Service Magazine -una publicaci\u00f3n nacional del sector- como <strong>Finalista<\/strong> para <strong>Distribuidor del A\u00f1o 2020<\/strong>.<\/p>\n<p>Contamos con m\u00e1s de 30 a\u00f1os de experiencia y ofrecemos servicios de inspecci\u00f3n de camiones comerciales r\u00e1pidos y eficaces en Sacramento para mantenerle en cumplimiento y en la carretera.<\/p>\n<p>Tenemos 6 ubicaciones adicionales en California, Oreg\u00f3n y Arizona para servir a su flota.<\/p>\n<\/div><\/div><div  class=\"vc_do_toggle vc_toggle vc_toggle_default vc_toggle_color_default  vc_toggle_size_md\"><div class=\"vc_toggle_title\"><h4>\u00bfEn qu\u00e9 parte de Sacramento se realizan inspecciones m\u00f3viles?<\/h4><i class=\"vc_toggle_icon\"><\/i><\/div><div class=\"vc_toggle_content\"><p>Betts Truck Parts &amp; Service Sacramento se encuentra en North Sacramento.<\/p>\n<p>No obstante, realizamos inspecciones m\u00f3viles en la mayor\u00eda de las zonas de Sacramento y sus alrededores.<\/p>\n<p>Llame a nuestro gerente de servicio en Sacramento al 916.928.3818 para confirmar su \u00e1rea de servicio m\u00f3vil de Inspecci\u00f3n BIT en Sacramento.<\/p>\n<\/div><\/div><div  class=\"vc_do_toggle vc_toggle vc_toggle_default vc_toggle_color_default  vc_toggle_size_md\"><div class=\"vc_toggle_title\"><h4>\u00bfSon bienales las inspecciones BIT de California?<\/h4><i class=\"vc_toggle_icon\"><\/i><\/div><div class=\"vc_toggle_content\"><p>La legislaci\u00f3n californiana de principios de 2016 modific\u00f3 la anterior normativa de \"Inspecci\u00f3n bienal de terminales\".<\/p>\n<p>Tras este cambio, las inspecciones ya no son bienales. CHP puede inspeccionar una terminal cuando lo desee.<\/p>\n<p>Las terminales que reciban una calificaci\u00f3n \"satisfactoria\" s\u00f3lo podr\u00e1n ser inspeccionadas cada varios a\u00f1os. Las terminales que reciban una calificaci\u00f3n \"insatisfactoria\" volver\u00e1n a ser inspeccionadas por CHP en un plazo de 120 d\u00edas.<\/p>\n<\/div><\/div><div  class=\"vc_do_toggle vc_toggle vc_toggle_default vc_toggle_color_default  vc_toggle_size_md\"><div class=\"vc_toggle_title\"><h4>\u00bfD\u00f3nde puedo encontrar informaci\u00f3n oficial sobre las inspecciones del BIT?<\/h4><i class=\"vc_toggle_icon\"><\/i><\/div><div class=\"vc_toggle_content\"><p>Puede leer o descargar el documento oficial CHP \"Inspecci\u00f3n B\u00e1sica de Terminales (BIT)\" Informaci\u00f3n sobre el programa <a title=\"Programa de inspecci\u00f3n CHP BIT\" href=\"https:\/\/www.chp.ca.gov\/CommercialVehicleSectionSite\/Documents\/O%20chp800h.pdf\" target=\"_blank\" rel=\"noopener noreferrer\">aqu\u00ed<\/a>.<\/p>\n<p>El proyecto de ley 529 de la Asamblea <a title=\"Proyecto de ley n\u00ba 529 de la Asamblea Legislaci\u00f3n sobre inspecci\u00f3n de la BIT\" href=\"http:\/\/leginfo.legislature.ca.gov\/faces\/billNavClient.xhtml?bill_id=201320140AB529\" target=\"_blank\" rel=\"noopener noreferrer\">aqu\u00ed<\/a>.<\/p>\n<\/div><\/div><div  class=\"vc_do_toggle vc_toggle vc_toggle_default vc_toggle_color_default  vc_toggle_size_md\"><div class=\"vc_toggle_title\"><h4>\u00bfC\u00f3mo me ayudar\u00e1 Betts Truck Parts a seguir reclamando?<\/h4><i class=\"vc_toggle_icon\"><\/i><\/div><div class=\"vc_toggle_content\"><p>Le proporcionamos los informes necesarios para cumplir la normativa, que incluyen informaci\u00f3n de mantenimiento que satisface los requisitos de una inspecci\u00f3n BIT. Nuestro software nos recordar\u00e1 cu\u00e1ndo sus veh\u00edculos deben someterse a una inspecci\u00f3n BIT para que usted siga cumpliendo la normativa.<\/p>\n<p>Si desea hablar directamente con nuestro jefe de servicio en Sacramento sobre las inspecciones m\u00f3viles BIT, llame a nuestra sucursal de Sacramento al 916.928.3818.<\/p>\n<\/div><\/div><div  class=\"vc_do_toggle vc_toggle vc_toggle_default vc_toggle_color_default  vc_toggle_size_md\"><div class=\"vc_toggle_title\"><h4>\u00bfQu\u00e9 veh\u00edculos deben inspeccionarse cada 90 d\u00edas?<\/h4><i class=\"vc_toggle_icon\"><\/i><\/div><div class=\"vc_toggle_content\"><p>Los veh\u00edculos con un peso bruto de 10.000 libras y 3 o m\u00e1s ejes, o un peso bruto superior a 26.000 libras, deben someterse a una inspecci\u00f3n BIT cada 90 d\u00edas. La inspecci\u00f3n BIT debe realizarla un centro de servicio autorizado.<\/p>\n<p>Aseg\u00farese de llevar un registro preciso y actualizado de los conductores y de los registros de mantenimiento de su veh\u00edculo.<\/p>\n<\/div><\/div><div class=\"ubtn-ctn-center\"><a class=\"ubtn-link ult-adjust-bottom-margin ubtn-center ubtn-normal\" href=\"tel:916-928-3818\" ><button type=\"button\" id=\"ubtn-8662\"  class=\"ubtn ult-adjust-bottom-margin ult-responsive ubtn-normal ubtn-fade-bg  none  ubtn-center   tooltip-69f2ac8d4a728\"  data-hover=\"#FFFFFF\" data-border-color=\"#AD172B\" data-bg=\"#FFFFFF00\" data-hover-bg=\"#AD172B\" data-border-hover=\"#FFFFFF\" data-shadow-hover=\"\" data-shadow-click=\"none\" data-shadow=\"\" data-shd-shadow=\"\"  data-ultimate-target='#ubtn-8662'  data-responsive-json-new='{\"font-size\":\"desktop:16px;\",\"line-height\":\"\"}'  style=\"font-weight:bold;border-radius:15px;border-width:3px;border-color:#AD172B;border-style:solid;background: #FFFFFF00;color: #AD172B;\"><span class=\"ubtn-hover\" style=\"background-color:#AD172B\"><\/span><span class=\"ubtn-data ubtn-text\" >Haga clic para llamar<\/span><\/button><\/a><\/div><\/div><\/div><\/div><\/div>\n<\/div>","protected":false},"excerpt":{"rendered":"<p>Reliable BIT Inspection in Sacramento Schedule Your Certified BIT Inspection in Sacramento, CA &nbsp; To schedule a BIT Inspection or speak with our service manager, call (916) 928-3818 Click to Call Betts Truck Parts &amp; Service Sacramento is your trusted partner for BIT (Biennial Inspection of Terminals) Inspections. Serving Owner Operators and commercial truck fleets&hellip;<\/p>","protected":false},"author":4,"featured_media":0,"parent":0,"menu_order":0,"comment_status":"closed","ping_status":"closed","template":"template-microsite.php","meta":{"footnotes":""},"class_list":["post-3313","page","type-page","status-publish","hentry","description-off"],"_links":{"self":[{"href":"https:\/\/bettstruckparts.com\/es\/wp-json\/wp\/v2\/pages\/3313","targetHints":{"allow":["GET"]}}],"collection":[{"href":"https:\/\/bettstruckparts.com\/es\/wp-json\/wp\/v2\/pages"}],"about":[{"href":"https:\/\/bettstruckparts.com\/es\/wp-json\/wp\/v2\/types\/page"}],"author":[{"embeddable":true,"href":"https:\/\/bettstruckparts.com\/es\/wp-json\/wp\/v2\/users\/4"}],"replies":[{"embeddable":true,"href":"https:\/\/bettstruckparts.com\/es\/wp-json\/wp\/v2\/comments?post=3313"}],"version-history":[{"count":0,"href":"https:\/\/bettstruckparts.com\/es\/wp-json\/wp\/v2\/pages\/3313\/revisions"}],"wp:attachment":[{"href":"https:\/\/bettstruckparts.com\/es\/wp-json\/wp\/v2\/media?parent=3313"}],"curies":[{"name":"wp","href":"https:\/\/api.w.org\/{rel}","templated":true}]}}