{"id":2937,"date":"2024-05-30T15:56:03","date_gmt":"2024-05-30T23:56:03","guid":{"rendered":"https:\/\/bettstruckparts.com\/?page_id=2937"},"modified":"2025-04-24T05:11:49","modified_gmt":"2025-04-24T13:11:49","slug":"inspeccion-movil-de-brocas-fontana","status":"publish","type":"page","link":"https:\/\/bettstruckparts.com\/es\/mobile-bit-inspection-fontana\/","title":{"rendered":"Mobile Bit Inspecci\u00f3n Fontana"},"content":{"rendered":"<div class=\"wpb-content-wrapper\"><div class=\"vc_row wpb_row vc_row-fluid vc_custom_1745411662827\"><div class=\"wpb_column vc_column_container vc_col-sm-12\"><div class=\"vc_column-inner\"><div class=\"wpb_wrapper\">\n\t<div class=\"wpb_text_column wpb_content_element\" >\n\t\t<div class=\"wpb_wrapper\">\n\t\t\t<h1 style=\"text-align: center;\">Inspecciones BIT m\u00f3viles en Fontana<\/h1>\n<p>&nbsp;<\/p>\n<h2 style=\"text-align: center;\"><span style=\"color: #ad1818;\">Para programar una inspecci\u00f3n m\u00f3vil BIT o hablar con nuestro gerente de servicio, llame al (909) 427-9988<\/span><\/h2>\n\n\t\t<\/div>\n\t<\/div>\n<div class=\"ubtn-ctn-center\"><a class=\"ubtn-link ult-adjust-bottom-margin ubtn-center ubtn-normal\" href=\"tel:909-427-9988\" ><button type=\"button\" id=\"ubtn-3465\"  class=\"ubtn ult-adjust-bottom-margin ult-responsive ubtn-normal ubtn-fade-bg  none  ubtn-center   tooltip-69d180f5f3c3d\"  data-hover=\"#FFFFFF\" data-border-color=\"#AD172B\" data-bg=\"#FFFFFF00\" data-hover-bg=\"#AD172B\" data-border-hover=\"#FFFFFF\" data-shadow-hover=\"\" data-shadow-click=\"none\" data-shadow=\"\" data-shd-shadow=\"\"  data-ultimate-target='#ubtn-3465'  data-responsive-json-new='{\"font-size\":\"desktop:16px;\",\"line-height\":\"\"}'  style=\"font-weight:bold;border-radius:15px;border-width:3px;border-color:#AD172B;border-style:solid;background: #FFFFFF00;color: #AD172B;\"><span class=\"ubtn-hover\" style=\"background-color:#AD172B\"><\/span><span class=\"ubtn-data ubtn-text\" >Haga clic para llamar<\/span><\/button><\/a><\/div><\/div><\/div><\/div><\/div><div class=\"vc_row wpb_row vc_row-fluid vc_custom_1710198105064\"><div class=\"wpb_column vc_column_container vc_col-sm-12\"><div class=\"vc_column-inner\"><div class=\"wpb_wrapper\">\n\t<div class=\"wpb_text_column wpb_content_element\" >\n\t\t<div class=\"wpb_wrapper\">\n\t\t\t<p>\u00bfEs usted un propietario-operador o gerente de flota en Fontana, California, en busca de inspecciones m\u00f3viles BIT (Inspecci\u00f3n Bienal de Terminales) fiables y convenientes para sus camiones y remolques? No busque m\u00e1s all\u00e1 de Betts Truck Parts &amp; Service, un nombre de confianza en la industria del transporte por carretera desde 1995. Situado estrat\u00e9gicamente en Valley y Elm Avenue, Betts Truck Parts &amp; Service ha sido una piedra angular de la comunidad de camiones de Fontana, proporcionando servicios esenciales de inspecci\u00f3n y una amplia gama de piezas de camiones y soluciones de mantenimiento.<br \/>\nEntendemos la importancia de mantener el cumplimiento del riguroso programa BIT de California. Estas inspecciones no son una mera formalidad; son cruciales para garantizar la seguridad de sus veh\u00edculos, proteger a sus conductores y evitar costosas multas y tiempos de inactividad. En Betts Truck Parts &amp; Service, estamos comprometidos a proporcionar inspecciones BIT exhaustivas y eficientes que cumplan o superen todos los requisitos reglamentarios.<\/p>\n<h3><strong><img decoding=\"async\" class=\"wp-image-3064 alignright\" src=\"https:\/\/bettstruckparts.com\/wp-content\/uploads\/2025\/03\/mobile-bit-inspection-fontana-300x225.jpeg\" alt=\"inspecci\u00f3n m\u00f3vil de brocas fontana\" width=\"438\" height=\"329\" srcset=\"https:\/\/bettstruckparts.com\/wp-content\/uploads\/2025\/03\/mobile-bit-inspection-fontana-300x225.jpeg 300w, https:\/\/bettstruckparts.com\/wp-content\/uploads\/2025\/03\/mobile-bit-inspection-fontana-16x12.jpeg 16w, https:\/\/bettstruckparts.com\/wp-content\/uploads\/2025\/03\/mobile-bit-inspection-fontana.jpeg 500w\" sizes=\"(max-width: 438px) 100vw, 438px\" \/>\u00bfPor qu\u00e9 elegir Betts Truck Parts &amp; Service para sus inspecciones m\u00f3viles BIT en Fontana?<\/strong><\/h3>\n<p>Varios factores nos distinguen como el principal proveedor de inspecciones m\u00f3viles BIT en el \u00e1rea de Fontana:<\/p>\n<ul>\n<li><strong>Experiencia en la que puede confiar:<\/strong> Con m\u00e1s de 25 a\u00f1os de experiencia en el sector del transporte por carretera, conocemos a fondo las necesidades y los retos espec\u00edficos a los que se enfrentan los propietarios-operadores y los gestores de flotas. Conocemos bien los requisitos espec\u00edficos del programa BIT de California y contamos con un historial probado de ayuda a nuestros clientes para lograr y mantener el cumplimiento.<\/li>\n<li><strong>Comodidad m\u00f3vil:<\/strong> Sabemos que el tiempo es oro en el negocio de los camiones. Es por eso que ofrecemos servicios de inspecci\u00f3n BIT m\u00f3viles convenientes, con lo que nuestra experiencia directamente a su ubicaci\u00f3n en Fontana. Si usted est\u00e1 en su terminal, un muelle de carga, o una instalaci\u00f3n de reparaci\u00f3n, nuestro equipo de inspecci\u00f3n m\u00f3vil puede venir a usted, minimizando el tiempo de inactividad y maximizar la productividad.<\/li>\n<li><strong>Inspecciones minuciosas y fiables:<\/strong> Nuestros inspectores altamente cualificados y certificados realizan inspecciones BIT minuciosas y meticulosas, garantizando que todos los componentes cr\u00edticos de sus camiones y remolques cumplen la normativa estatal. Utilizamos equipos de \u00faltima generaci\u00f3n y seguimos una lista de comprobaci\u00f3n exhaustiva para identificar cualquier problema potencial que pudiera comprometer la seguridad o dar lugar a infracciones.<\/li>\n<li><strong>Tiempos de respuesta r\u00e1pidos:<\/strong> Somos conscientes de la importancia de realizar las inspecciones a tiempo, especialmente cuando se avecinan plazos. Nos enorgullecemos de nuestros r\u00e1pidos tiempos de respuesta, garantizando que sus inspecciones BIT se programen y completen con prontitud, minimizando las interrupciones en sus operaciones.<\/li>\n<li><strong>Atenci\u00f3n al cliente excepcional:<\/strong> En Betts Truck Parts &amp; Service, estamos comprometidos a proporcionar un servicio al cliente excepcional. Tratamos a cada cliente con respeto y profesionalismo, y siempre estamos disponibles para responder a sus preguntas y atender sus inquietudes. Nuestro compromiso con la satisfacci\u00f3n del cliente nos ha ganado numerosos elogios, incluyendo una nominaci\u00f3n por Truck Parts &amp; Service Magazine como finalista para \"Distribuidor del A\u00f1o 2020.\"<\/li>\n<li><strong>Soluciones integrales de recambios y servicio para camiones:<\/strong> Adem\u00e1s de las inspecciones BIT, Betts Truck Parts &amp; Service ofrece una amplia gama de recambios para camiones y soluciones de mantenimiento. Desde el mantenimiento rutinario hasta reparaciones complejas, tenemos la experiencia y los recursos para mantener sus camiones y remolques funcionando al m\u00e1ximo rendimiento. Ofrecemos una amplia selecci\u00f3n de piezas de alta calidad de los principales fabricantes, y nuestros t\u00e9cnicos cualificados est\u00e1n equipados para manejar cualquier necesidad de reparaci\u00f3n o mantenimiento.<\/li>\n<\/ul>\n<h3><strong>\u00bfQu\u00e9 incluye una inspecci\u00f3n m\u00f3vil?<\/strong><\/h3>\n<p>Una inspecci\u00f3n m\u00f3vil BIT de Betts Truck Parts &amp; Service en Fontana cubre todos los componentes cr\u00edticos de sus camiones y remolques, incluyendo:<\/p>\n<ul>\n<li><strong>Frenos:<\/strong> Inspecci\u00f3n de forros de freno, tambores, rotores, sistemas de frenos de aire y sistemas de frenos hidr\u00e1ulicos.<\/li>\n<li><strong>Direcci\u00f3n:<\/strong> Inspecci\u00f3n de la articulaci\u00f3n de la direcci\u00f3n, la caja de direcci\u00f3n, el sistema de direcci\u00f3n asistida y el volante.<\/li>\n<li><strong>Suspensi\u00f3n:<\/strong> Inspecci\u00f3n de muelles, amortiguadores, sistemas de suspensi\u00f3n neum\u00e1tica y ejes.<\/li>\n<li><strong>Neum\u00e1ticos:<\/strong> Inspecci\u00f3n del estado de los neum\u00e1ticos, profundidad del dibujo y presi\u00f3n de inflado.<\/li>\n<li><strong>Ruedas:<\/strong> Inspecci\u00f3n de ruedas, llantas y tuercas.<\/li>\n<li><strong>Luces:<\/strong> Inspecci\u00f3n de faros delanteros, luces traseras, luces de freno, intermitentes y luces de posici\u00f3n.<\/li>\n<li><strong>Marco<\/strong>: Inspecci\u00f3n del bastidor para detectar grietas, dobleces y otros da\u00f1os.<\/li>\n<li><strong>Fugas de fluidos:<\/strong> Inspecci\u00f3n de fugas de fluidos del motor, transmisi\u00f3n, diferencial y sistemas hidr\u00e1ulicos.<\/li>\n<\/ul>\n<h3><strong>Programe hoy mismo su inspecci\u00f3n m\u00f3vil BIT<\/strong><\/h3>\n<p>No espere hasta el \u00faltimo momento para programar su inspecci\u00f3n BIT. P\u00f3ngase en contacto con<strong> Betts Truck Parts &amp; Service en Fontana<\/strong> hoy para programar una inspecci\u00f3n m\u00f3vil conveniente para su cami\u00f3n o flota. Nuestro personal amable y bien informado est\u00e1 listo para ayudarle con todas sus necesidades de inspecci\u00f3n BIT y mantenimiento de camiones.<br \/>\nPara un servicio r\u00e1pido, llame a nuestra sucursal de Fontana para programar una inspecci\u00f3n BIT m\u00f3vil para su flota y deje que Betts Truck Parts &amp; Service le ayude a mantenerse en cumplimiento y en la carretera. Estamos ubicados en Valley y Elm Avenue.<\/p>\n<p><strong>Para un servicio r\u00e1pido, <a href=\"tel:(909)427-9988\">llame a nuestra sucursal de Fontana<\/a> para programar una inspecci\u00f3n de brocas m\u00f3vil para su flota.<\/strong><\/p>\n<div id=\"attachment_3106\" style=\"width: 310px\" class=\"wp-caption alignleft\"><img decoding=\"async\" aria-describedby=\"caption-attachment-3106\" class=\"size-medium wp-image-3106\" src=\"https:\/\/bettstruckparts.com\/wp-content\/uploads\/2025\/04\/fontana-300x225.jpg\" alt=\"Betts Truck Parts &amp; Service, Fontana\" width=\"300\" height=\"225\" srcset=\"https:\/\/bettstruckparts.com\/wp-content\/uploads\/2025\/04\/fontana-300x225.jpg 300w, https:\/\/bettstruckparts.com\/wp-content\/uploads\/2025\/04\/fontana-768x576.jpg 768w, https:\/\/bettstruckparts.com\/wp-content\/uploads\/2025\/04\/fontana-16x12.jpg 16w, https:\/\/bettstruckparts.com\/wp-content\/uploads\/2025\/04\/fontana.jpg 800w\" sizes=\"(max-width: 300px) 100vw, 300px\" \/><p id=\"caption-attachment-3106\" class=\"wp-caption-text\">Betts Truck Parts &amp; Service, Fontana, ofrece tanto piezas de marca para veh\u00edculos pesados como reparaciones especializadas e inspecciones BIT en Fontana California.<\/p><\/div>\n\n\t\t<\/div>\n\t<\/div>\n\n\t<div class=\"wpb_raw_code wpb_raw_html wpb_content_element vc_custom_1717113734415\" >\n\t\t<div class=\"wpb_wrapper\">\n\t\t\t<div itemprop=\"address\" itemscope itemtype=\"http:\/\/schema.org\/PostalAddress\">\n<p><span itemprop=\"streetAddress\"><strong>10007 Avenida del Olmo<\/strong><\/span><br>\n<strong><span itemprop=\"addressLocality\">Fontana<\/span>,\u00a0<span itemprop=\"addressRegion\">CA<\/span>\u00a0<span itemprop=\"postalCode\">92335<\/span><\/strong><br>\n<span itemprop=\"telephone\"><strong>Tel\u00e9fono<\/strong>:\u00a0909.427.9988<\/span><br>\n\t\t<\/div>\n\t<\/div>\n\n\t<div class=\"wpb_text_column wpb_content_element\" >\n\t\t<div class=\"wpb_wrapper\">\n\t\t\t<p><strong>Horario:<\/strong><br \/>\nConsulte nuestro horario de trabajo <a href=\"https:\/\/bettstruckparts.com\/es\/lugares\/fontana\/\">AQU\u00cd<\/a><\/p>\n<h2><span style=\"color: #ad1818;\">Llame a <\/span><span style=\"color: #ad1818;\">(909) 427-9988 t<\/span><span style=\"color: #ad1818;\">Para programar una inspecci\u00f3n m\u00f3vil en Fontana<\/span><\/h2>\n\n\t\t<\/div>\n\t<\/div>\n<\/div><\/div><\/div><\/div><div class=\"vc_row wpb_row vc_row-fluid vc_custom_1745487353670\"><div class=\"wpb_column vc_column_container vc_col-sm-6\"><div class=\"vc_column-inner\"><div class=\"wpb_wrapper\">\n\t<div class=\"wpb_text_column wpb_content_element\" >\n\t\t<div class=\"wpb_wrapper\">\n\t\t\t<p><em>\"Inspecciones de servicio de calidad, exactas y precisas\".<br \/>\n<\/em>&#8211; \u00a0<em><strong>o B., Fontana, CA<\/strong><\/em><\/p>\n\n\t\t<\/div>\n\t<\/div>\n<\/div><\/div><\/div><div class=\"wpb_column vc_column_container vc_col-sm-6\"><div class=\"vc_column-inner\"><div class=\"wpb_wrapper\">\n\t<div class=\"wpb_text_column wpb_content_element\" >\n\t\t<div class=\"wpb_wrapper\">\n\t\t\t<p><em>\"\u00a1Gran servicio y personal!\"<br \/>\n<\/em>&#8211; <em><strong>David E., Fontana, CA<\/strong><\/em><\/p>\n\n\t\t<\/div>\n\t<\/div>\n<\/div><\/div><\/div><\/div><div class=\"vc_row wpb_row vc_row-fluid\"><div class=\"wpb_column vc_column_container vc_col-sm-12\"><div class=\"vc_column-inner\"><div class=\"wpb_wrapper\"><div id='wrap_map_69d180f600886' class='ultimate-map-wrapper ult-adjust-bottom-margin' style=' height:300px;'><div id='map_69d180f600886' data-map_override='0' class='ultimate_google_map wpb_content_element 0' style='width:100%;height:300px;'><\/div><\/div><script type='text\/javascript'>\n\t\t\t(function($) {\n  \t\t\t'use strict';\n\t\t\tvar map_map_69d180f600886 = null;\n\t\t\tvar coordinate_map_69d180f600886;\n\t\t\tvar isDraggable = $(document).width() > 641 ? 'true' : 'true';\n\t\t\ttry\n\t\t\t{\n\t\t\t\tvar map_map_69d180f600886 = null;\n\t\t\t\tvar coordinate_map_69d180f600886;\n\t\t\t\tcoordinate_map_69d180f600886 = new google.maps.LatLng(34.0718082891, -117.466157246);\n\t\t\t\tvar mapOptions=\n\t\t\t\t{\n\t\t\t\t\tzoom: 12,\n\t\t\t\t\tcenter: coordinate_map_69d180f600886,\n\t\t\t\t\tscaleControl: true,\n\t\t\t\t\tstreetViewControl: false,\n\t\t\t\t\tmapTypeControl: false,\n\t\t\t\t\tpanControl: false,\n\t\t\t\t\tzoomControl: false,\n\t\t\t\t\tscrollwheel: true,\n\t\t\t\t\tdraggable: isDraggable,\n\t\t\t\t\tzoomControlOptions: {\n\t\t\t\t\t\tposition: google.maps.ControlPosition.right_bottom\n\t\t\t\t\t},mapTypeId: google.maps.MapTypeId.roadmap,};var map_map_69d180f600886 = new google.maps.Map(document.getElementById('map_69d180f600886'),mapOptions);\n\t\t\t\t\t\tvar x = 'infowindow_open_value';\n\t\t\t\t\t\tvar marker_map_69d180f600886 = new google.maps.Marker({\n\t\t\t\t\t\tposition: new google.maps.LatLng('34.0718082891', '-117.466157246'),\n\t\t\t\t\t\tanimation:  google.maps.Animation.DROP,\n\t\t\t\t\t\tmap: map_map_69d180f600886,\n\t\t\t\t\t\ticon: ''\n\t\t\t\t\t});\tgoogle.maps.event.addListener(marker_map_69d180f600886, 'click', toggleBounce);}\n\t\t\tcatch(e){};\n\t\t\tjQuery(document).ready(function($){\n\t\t\t\tgoogle.maps.event.trigger(map_map_69d180f600886, 'resize');\n\t\t\t\t$(window).on('resize', function(){\n\t\t\t\t\tgoogle.maps.event.trigger(map_map_69d180f600886, 'resize');\n\t\t\t\t\tif(map_map_69d180f600886!=null)\n\t\t\t\t\t\tmap_map_69d180f600886.setCenter(coordinate_map_69d180f600886);\n\t\t\t\t});\n\t\t\t\t$('.ui-tabs').on('tabsactivate', function(event, ui) {\n\t\t\t\t   if($(this).find('.ultimate-map-wrapper').length > 0)\n\t\t\t\t\t{\n\t\t\t\t\t\tsetTimeout(function(){\n\t\t\t\t\t\t\t$(window).trigger('resize');\n\t\t\t\t\t\t},200);\n\t\t\t\t\t}\n\t\t\t\t});\n\t\t\t\t$('.ui-accordion').on('accordionactivate', function(event, ui) {\n\t\t\t\t   if($(this).find('.ultimate-map-wrapper').length > 0)\n\t\t\t\t\t{\n\t\t\t\t\t\tsetTimeout(function(){\n\t\t\t\t\t\t\t$(window).trigger('resize');\n\t\t\t\t\t\t},200);\n\t\t\t\t\t}\n\t\t\t\t});\n\t\t\t\t$(window).on('load',function(){\n\t\t\t\t\tsetTimeout(function(){\n\t\t\t\t\t\t$(window).trigger('resize');\n\t\t\t\t\t},200);\n\t\t\t\t});\n\t\t\t\t$('.ult_exp_section').on('select', function(){\n\t\t\t\t\tif($(map_map_69d180f600886).parents('.ult_exp_section'))\n\t\t\t\t\t{\n\t\t\t\t\t\tsetTimeout(function(){\n\t\t\t\t\t\t\t$(window).trigger('resize');\n\t\t\t\t\t\t},200);\n\t\t\t\t\t}\n\t\t\t\t});\n\t\t\t\t$(document).on('onUVCModalPopupOpen', function(){\n\t\t\t\t\tif($(map_map_69d180f600886).parents('.ult_modal-content'))\n\t\t\t\t\t{\n\t\t\t\t\t\tsetTimeout(function(){\n\t\t\t\t\t\t\t$(window).trigger('resize');\n\t\t\t\t\t\t},200);\n\t\t\t\t\t}\n\t\t\t\t});\n\t\t\t\t$(document).on('click','.ult_tab_li',function(){\n\t\t\t\t\t$(window).trigger('resize');\n\t\t\t\t\tsetTimeout(function(){\n\t\t\t\t\t\t$(window).trigger('resize');\n\t\t\t\t\t},200);\n\t\t\t\t});\n\t\t\t});\n\t\t\tfunction toggleBounce() {\n\t\t\t  if (marker_map_69d180f600886.getAnimation() != null) {\n\t\t\t\tmarker_map_69d180f600886.setAnimation(null);\n\t\t\t  } else {\n\t\t\t\tmarker_map_69d180f600886.setAnimation(google.maps.Animation.BOUNCE);\n\t\t\t  }\n\t\t\t}\n\t\t\t})(jQuery);\n\t\t\t<\/script>\n\t<div class=\"wpb_text_column wpb_content_element\" >\n\t\t<div class=\"wpb_wrapper\">\n\t\t\t<h2><span style=\"color: #a11b1b;\">Inspecci\u00f3n BIT m\u00f3vil de Fontana <\/span><span style=\"color: #a11b1b;\">Preguntas frecuentes<\/span><\/h2>\n\n\t\t<\/div>\n\t<\/div>\n<div  class=\"vc_do_toggle vc_toggle vc_toggle_default vc_toggle_color_default  vc_toggle_size_md\"><div class=\"vc_toggle_title\"><h4>\u00bfPor qu\u00e9 elegir Betts Truck Parts para las inspecciones BIT?<\/h4><i class=\"vc_toggle_icon\"><\/i><\/div><div class=\"vc_toggle_content\"><p>Betts Truck Parts se ha centrado en proporcionar una experiencia de cliente de \u00e9lite. Recientemente hemos sido finalistas en Truck Parts &amp; Service Magazine -una publicaci\u00f3n nacional del sector- como <strong>Finalista<\/strong> para <strong>Distribuidor del A\u00f1o 2020<\/strong>.<\/p>\n<p>Tenemos m\u00e1s de 30 a\u00f1os de experiencia, y proporcionamos servicios de inspecci\u00f3n de camiones comerciales r\u00e1pidos y eficientes en Fontana para mantenerle en cumplimiento y en la carretera.<\/p>\n<p>Tenemos 7 ubicaciones adicionales en California, Oreg\u00f3n y Arizona para servir a su flota.<\/p>\n<\/div><\/div><div  class=\"vc_do_toggle vc_toggle vc_toggle_default vc_toggle_color_default  vc_toggle_size_md\"><div class=\"vc_toggle_title\"><h4>\u00bfD\u00f3nde en Santa Fe Springs realizar inspecciones m\u00f3viles BIT<\/h4><i class=\"vc_toggle_icon\"><\/i><\/div><div class=\"vc_toggle_content\"><p>Betts Truck Parts &amp; Service Fontana se encuentra en la esquina de Valley y Elm Avenue.<\/p>\n<p>Realizamos inspecciones m\u00f3viles BIT en la mayor\u00eda de las \u00e1reas dentro y alrededor de la ciudad de Fontana.<\/p>\n<p>Llame a nuestro gerente de servicio en Fontana al 909.427.9988 para confirmar su \u00e1rea de servicio m\u00f3vil BIT Inspecci\u00f3n.<\/p>\n<\/div><\/div><div  class=\"vc_do_toggle vc_toggle vc_toggle_default vc_toggle_color_default  vc_toggle_size_md\"><div class=\"vc_toggle_title\"><h4>\u00bfSon bienales las inspecciones BIT de California?<\/h4><i class=\"vc_toggle_icon\"><\/i><\/div><div class=\"vc_toggle_content\"><p>La legislaci\u00f3n californiana de principios de 2016 modific\u00f3 la anterior normativa de \"Inspecci\u00f3n bienal de terminales\".<\/p>\n<p>Tras este cambio, las inspecciones ya no son bienales. CHP puede inspeccionar una terminal cuando lo desee.<\/p>\n<p>Las terminales que reciban una calificaci\u00f3n \"satisfactoria\" s\u00f3lo podr\u00e1n ser inspeccionadas cada varios a\u00f1os. Las terminales que reciban una calificaci\u00f3n \"insatisfactoria\" volver\u00e1n a ser inspeccionadas por CHP en un plazo de 120 d\u00edas.<\/p>\n<\/div><\/div><div  class=\"vc_do_toggle vc_toggle vc_toggle_default vc_toggle_color_default  vc_toggle_size_md\"><div class=\"vc_toggle_title\"><h4>\u00bfD\u00f3nde puedo encontrar informaci\u00f3n oficial sobre las inspecciones del BIT?<\/h4><i class=\"vc_toggle_icon\"><\/i><\/div><div class=\"vc_toggle_content\"><p>Puede leer o descargar el documento oficial CHP \"Inspecci\u00f3n B\u00e1sica de Terminales (BIT)\" Informaci\u00f3n sobre el programa <a title=\"Programa de inspecci\u00f3n CHP BIT\" href=\"https:\/\/www.chp.ca.gov\/CommercialVehicleSectionSite\/Documents\/O%20chp800h.pdf\" target=\"_blank\" rel=\"noopener noreferrer\">aqu\u00ed<\/a>.<\/p>\n<p>El proyecto de ley 529 de la Asamblea <a title=\"Proyecto de ley n\u00ba 529 de la Asamblea Legislaci\u00f3n sobre inspecci\u00f3n de la BIT\" href=\"http:\/\/leginfo.legislature.ca.gov\/faces\/billNavClient.xhtml?bill_id=201320140AB529\" target=\"_blank\" rel=\"noopener noreferrer\">aqu\u00ed<\/a>.<\/p>\n<\/div><\/div><div  class=\"vc_do_toggle vc_toggle vc_toggle_default vc_toggle_color_default  vc_toggle_size_md\"><div class=\"vc_toggle_title\"><h4>\u00bfC\u00f3mo me ayudar\u00e1 Betts Truck Parts a seguir reclamando?<\/h4><i class=\"vc_toggle_icon\"><\/i><\/div><div class=\"vc_toggle_content\"><p>Le proporcionamos los informes necesarios para cumplir la normativa, que incluyen informaci\u00f3n de mantenimiento que satisface los requisitos de una inspecci\u00f3n BIT. Nuestro software nos recordar\u00e1 cu\u00e1ndo sus veh\u00edculos deben someterse a una inspecci\u00f3n BIT para que usted siga cumpliendo la normativa.<\/p>\n<p>Si desea hablar directamente con nuestro gerente de servicio en Santa Fe Springs sobre las inspecciones m\u00f3viles BIT llame a nuestra sucursal de Santa Fe Springs al 562.941.2300.<\/p>\n<\/div><\/div><div  class=\"vc_do_toggle vc_toggle vc_toggle_default vc_toggle_color_default  vc_toggle_size_md\"><div class=\"vc_toggle_title\"><h4>\u00bfQu\u00e9 veh\u00edculos deben inspeccionarse cada 90 d\u00edas?<\/h4><i class=\"vc_toggle_icon\"><\/i><\/div><div class=\"vc_toggle_content\"><p>Los veh\u00edculos con un peso bruto de 10.000 libras y 3 o m\u00e1s ejes, o un peso bruto superior a 26.000 libras, deben someterse a una inspecci\u00f3n BIT cada 90 d\u00edas. La inspecci\u00f3n BIT debe realizarla un centro de servicio autorizado.<\/p>\n<p>Aseg\u00farese de llevar un registro preciso y actualizado de los conductores y de los registros de mantenimiento de su veh\u00edculo.<\/p>\n<\/div><\/div><div class=\"ubtn-ctn-center\"><a class=\"ubtn-link ult-adjust-bottom-margin ubtn-center ubtn-normal\" href=\"tel:909-427-9988\" ><button type=\"button\" id=\"ubtn-4465\"  class=\"ubtn ult-adjust-bottom-margin ult-responsive ubtn-normal ubtn-fade-bg  none  ubtn-center   tooltip-69d180f600c9b\"  data-hover=\"#FFFFFF\" data-border-color=\"#AD172B\" data-bg=\"#FFFFFF00\" data-hover-bg=\"#AD172B\" data-border-hover=\"#FFFFFF\" data-shadow-hover=\"\" data-shadow-click=\"none\" data-shadow=\"\" data-shd-shadow=\"\"  data-ultimate-target='#ubtn-4465'  data-responsive-json-new='{\"font-size\":\"desktop:16px;\",\"line-height\":\"\"}'  style=\"font-weight:bold;border-radius:15px;border-width:3px;border-color:#AD172B;border-style:solid;background: #FFFFFF00;color: #AD172B;\"><span class=\"ubtn-hover\" style=\"background-color:#AD172B\"><\/span><span class=\"ubtn-data ubtn-text\" >Haga clic para llamar<\/span><\/button><\/a><\/div><\/div><\/div><\/div><\/div>\n<\/div>","protected":false},"excerpt":{"rendered":"<p>Mobile BIT Inspections in Fontana &nbsp; To schedule a Mobile BIT Inspection or speak with our service manager, call (909)427-9988 Click to Call Are you an owner-operator or fleet manager in Fontana, California, searching for reliable and convenient mobile BIT (Biennial Inspection of Terminals) inspections for your trucks and trailers? Look no further than Betts&hellip;<\/p>","protected":false},"author":4,"featured_media":0,"parent":0,"menu_order":0,"comment_status":"closed","ping_status":"closed","template":"template-microsite.php","meta":{"footnotes":""},"class_list":["post-2937","page","type-page","status-publish","hentry","description-off"],"_links":{"self":[{"href":"https:\/\/bettstruckparts.com\/es\/wp-json\/wp\/v2\/pages\/2937","targetHints":{"allow":["GET"]}}],"collection":[{"href":"https:\/\/bettstruckparts.com\/es\/wp-json\/wp\/v2\/pages"}],"about":[{"href":"https:\/\/bettstruckparts.com\/es\/wp-json\/wp\/v2\/types\/page"}],"author":[{"embeddable":true,"href":"https:\/\/bettstruckparts.com\/es\/wp-json\/wp\/v2\/users\/4"}],"replies":[{"embeddable":true,"href":"https:\/\/bettstruckparts.com\/es\/wp-json\/wp\/v2\/comments?post=2937"}],"version-history":[{"count":0,"href":"https:\/\/bettstruckparts.com\/es\/wp-json\/wp\/v2\/pages\/2937\/revisions"}],"wp:attachment":[{"href":"https:\/\/bettstruckparts.com\/es\/wp-json\/wp\/v2\/media?parent=2937"}],"curies":[{"name":"wp","href":"https:\/\/api.w.org\/{rel}","templated":true}]}}