{"id":2909,"date":"2024-03-07T13:54:38","date_gmt":"2024-03-07T21:54:38","guid":{"rendered":"https:\/\/bettstruckparts.com\/?page_id=2909"},"modified":"2025-07-29T08:44:01","modified_gmt":"2025-07-29T16:44:01","slug":"reparacion-de-remolques","status":"publish","type":"page","link":"https:\/\/bettstruckparts.com\/es\/truck-repair\/trailer-repair\/","title":{"rendered":"Reparaci\u00f3n de remolques"},"content":{"rendered":"<div class=\"wpb-content-wrapper\"><div class=\"vc_row wpb_row vc_row-fluid vc_custom_1523486620760 vc_row-has-fill vc_row-o-equal-height vc_row-flex\"><div class=\"wpb_column vc_column_container vc_col-sm-12\"><div class=\"vc_column-inner vc_custom_1510682076814\"><div class=\"wpb_wrapper\"><div class=\"vc_row wpb_row vc_inner vc_row-fluid vc_custom_1753714196060\"><div class=\"wpb_column vc_column_container vc_col-sm-12\"><div class=\"vc_column-inner vc_custom_1486667994280\"><div class=\"wpb_wrapper\">\n\t<div class=\"wpb_text_column wpb_content_element\" >\n\t\t<div class=\"wpb_wrapper\">\n\t\t\t<h1 style=\"text-align: center;\">Talleres de reparaci\u00f3n de remolques | Betts Truck Parts<\/h1>\n\n\t\t<\/div>\n\t<\/div>\n<div class=\"ubtn-ctn-center\"><a class=\"ubtn-link ult-adjust-bottom-margin ubtn-center ubtn-normal\" href=\"\/es\/lugares\/\" ><button type=\"button\" id=\"ubtn-3351\"  class=\"ubtn ult-adjust-bottom-margin ult-responsive ubtn-normal ubtn-fade-bg  none  ubtn-center   tooltip-69f32f0a8ce48\"  data-hover=\"#ffffff\" data-border-color=\"#ad172b\" data-bg=\"rgba(255,255,255,0.01)\" data-hover-bg=\"#ad172b\" data-border-hover=\"#ffffff\" data-shadow-hover=\"\" data-shadow-click=\"none\" data-shadow=\"\" data-shd-shadow=\"\"  data-ultimate-target='#ubtn-3351'  data-responsive-json-new='{\"font-size\":\"desktop:16px;\",\"line-height\":\"\"}'  style=\"font-weight:bold;border-radius:15px;border-width:2px;border-color:#ad172b;border-style:solid;background: rgba(255,255,255,0.01);color: #ad172b;\"><span class=\"ubtn-hover\" style=\"background-color:#ad172b\"><\/span><span class=\"ubtn-data ubtn-text\" >Buscar un lugar<\/span><\/button><\/a><\/div>\n\t<div class=\"wpb_text_column wpb_content_element  vc_custom_1753807438199\" >\n\t\t<div class=\"wpb_wrapper\">\n\t\t\t<h2 data-pm-slice=\"1 3 &#091;&#093;\">Talleres de reparaci\u00f3n de remolques Betts - \u00bfQu\u00e9 soluciones expertas existen?<\/h2>\n<p>Los talleres profesionales de reparaci\u00f3n de remolques de Betts Truck Parts ofrecen servicios integrales dise\u00f1ados para mantener su flota operativa y en conformidad. Nuestro experimentado equipo se especializa en reparaciones de remolques para propietarios-operadores y para el mantenimiento de flotas para que pueda volver a la carretera r\u00e1pidamente.<\/p>\n<h2>Nuestros talleres de reparaci\u00f3n de remolques<\/h2>\n<ul>\n<li><b>Fresno, CA:<\/b> Su fuente de confianza para <b>reparaci\u00f3n y mantenimiento de remolques en Fresno<\/b>.<\/li>\n<li><b>San Leandro, CA:<\/b> Obtener experto <a title=\"reparaci\u00f3n de camiones y remolques en nuestro taller de San Leandro\" href=\"https:\/\/bettstruckparts.com\/es\/reparacion-de-camiones\/taller-de-reparacion-de-remolques-san-leandro-ca\/\"><b>reparaci\u00f3n de camiones y remolques en nuestro taller de San Leandro<\/b><\/a>.<\/li>\n<li><b>Sacramento, CA:<\/b> Descubre nuestra <b>gama completa de servicios de reparaci\u00f3n de remolques en Sacramento<\/b>.<\/li>\n<li><b>Sun Valley, California:<\/b> Para una mayor fiabilidad <b>servicio de remolques y camiones en Sun Valley<\/b>Vis\u00edtenos.<\/li>\n<li><b>Santa Fe Springs, CA:<\/b> Buscar especializados <b>soluciones de reparaci\u00f3n de remolques en Santa Fe Springs<\/b>.<\/li>\n<li><b>Fontana, CA:<\/b> Ofrecemos una amplia <b>reparaci\u00f3n y diagn\u00f3stico de remolques en Fontana<\/b>.<\/li>\n<li><b>Portland, Oreg\u00f3n:<\/b> Su recurso para <b>reparaci\u00f3n de remolques y piezas en Portland<\/b>.<\/li>\n<li><b>Phoenix, AZ:<\/b> Consiga profesionales <b>reparaci\u00f3n y mantenimiento de remolques en Phoenix<\/b>.<\/li>\n<\/ul>\n<h2>Reparaci\u00f3n experta de remolques<\/h2>\n<p>Desde ajustes de frenos y reparaciones de suspensi\u00f3n hasta servicios completos de fabricaci\u00f3n, somos su \u00fanica parada para todas sus necesidades de mantenimiento de remolques. Nos encargamos de todo, desde inspecciones DOT y reparaciones de bastidor hasta diagn\u00f3sticos el\u00e9ctricos y reparaciones de frenos.<\/p>\n<p>Tanto si opera un solo semirremolque como si gestiona una flota entera, nuestros t\u00e9cnicos expertos est\u00e1n formados para ofrecer reparaciones de la m\u00e1xima calidad. Estamos dedicados a construir relaciones a largo plazo con nuestros clientes mediante la entrega consistente de servicio y soporte confiable.<\/p>\n<p>Como empresa familiar, tratamos a nuestros clientes como familia y nos comprometemos a cumplir y superar sus expectativas en cada trabajo.<\/p>\n<p>Para m\u00e1s detalles, p\u00f3ngase en contacto con cualquiera de nuestros 8 centros Betts Truck Parts.<\/p>\n<h2><img decoding=\"async\" class=\"size-medium wp-image-3258 alignleft\" src=\"https:\/\/bettstruckparts.com\/wp-content\/uploads\/2025\/07\/IMG_2723-300x225.jpg\" alt=\"reparaci\u00f3n de ejes de remolque en talleres de reparaci\u00f3n de remolques Betts\" width=\"300\" height=\"225\" srcset=\"https:\/\/bettstruckparts.com\/wp-content\/uploads\/2025\/07\/IMG_2723-300x225.jpg 300w, https:\/\/bettstruckparts.com\/wp-content\/uploads\/2025\/07\/IMG_2723-1024x768.jpg 1024w, https:\/\/bettstruckparts.com\/wp-content\/uploads\/2025\/07\/IMG_2723-768x576.jpg 768w, https:\/\/bettstruckparts.com\/wp-content\/uploads\/2025\/07\/IMG_2723-1536x1152.jpg 1536w, https:\/\/bettstruckparts.com\/wp-content\/uploads\/2025\/07\/IMG_2723-2048x1536.jpg 2048w, https:\/\/bettstruckparts.com\/wp-content\/uploads\/2025\/07\/IMG_2723-16x12.jpg 16w\" sizes=\"(max-width: 300px) 100vw, 300px\" \/>Introducci\u00f3n a la reparaci\u00f3n de remolques - Por qu\u00e9 es importante un cuidado regular<\/h2>\n<p>El mantenimiento regular de los remolques es la base de una flota segura, eficiente y fiable. En el caso de los camiones y remolques comerciales, el mantenimiento rutinario no solo consiste en evitar aver\u00edas, sino tambi\u00e9n en proteger su inversi\u00f3n, garantizar el cumplimiento de las inspecciones del DOT y mantener su negocio en marcha sin costosas interrupciones.<\/p>\n<p>Descuidar las reparaciones esenciales de la suspensi\u00f3n, los frenos y el sistema el\u00e9ctrico del remolque puede provocar tiempos de inactividad inesperados e incluso riesgos para la seguridad en la carretera.<\/p>\n<p>En nuestros 8 talleres de servicio, nuestro experimentado equipo de t\u00e9cnicos expertos se dedica a ofrecer reparaciones de remolques de m\u00e1xima calidad adaptadas a las necesidades de su equipo. Estamos especializados en todo tipo de reparaciones, desde iluminaci\u00f3n y electricidad hasta mantenimiento integral de ballestas y sistemas de frenos, y utilizamos herramientas y equipos de diagn\u00f3stico avanzados para garantizar que cada reparaci\u00f3n se haga correctamente.<\/p>\n<p>Nuestro compromiso con un servicio eficiente significa que trabajamos r\u00e1pidamente para que sus remolques vuelvan a la carretera de forma segura, minimizando el tiempo de inactividad y maximizando la productividad. Con el cuidado regular de nuestros t\u00e9cnicos cualificados, puede confiar en que su flota se mantendr\u00e1 en las mejores condiciones, lista para satisfacer las demandas de su negocio y la carretera por delante.<\/p>\n<h2>\u00bfQu\u00e9 tipo de servicio de remolque debe elegir?<\/h2>\n<p>El enfoque de reparaci\u00f3n adecuado depende de su situaci\u00f3n y necesidades espec\u00edficas. El mantenimiento programado en nuestras instalaciones permite a nuestro equipo realizar reparaciones completas de ejes de remolque y revisiones del sistema de frenos mediante diagn\u00f3sticos especializados.<\/p>\n<p>Para las flotas, recomendamos establecer intervalos regulares para los servicios de reparaci\u00f3n con el fin de minimizar el tiempo de inactividad y solucionar los problemas cr\u00edticos para un funcionamiento seguro.<\/p>\n<p>Para servicios de fabricaci\u00f3n como la soldadura a medida, p\u00f3ngase en contacto con su sucursal m\u00e1s cercana para comentar sus necesidades, ya que estas reparaciones suelen requerir soldadura y trabajo de precisi\u00f3n.<\/p>\n<p>Los remolques de temperatura controlada se benefician de nuestros t\u00e9cnicos especializados familiarizados con los componentes de refrigeraci\u00f3n, mientras que los remolques convencionales de caja seca se benefician de los ajustes rutinarios de los frenos y del mantenimiento del sistema el\u00e9ctrico, incluida la reparaci\u00f3n y sustituci\u00f3n de componentes como mazos de cables o recept\u00e1culos de siete v\u00edas como parte del proceso de reparaci\u00f3n.<\/p>\n<h2>Componentes esenciales del remolque - \u00bfQu\u00e9 requiere un trabajo profesional?<\/h2>\n<p>Los sistemas cr\u00edticos exigen inspecciones peri\u00f3dicas y un servicio profesional para mantener un estado \u00f3ptimo y las especificaciones de seguridad.<\/p>\n<p>Los frenos, especialmente los de los remolques, requieren una inspecci\u00f3n, limpieza y mantenimiento peri\u00f3dicos para garantizar un rendimiento de frenado seguro y el cumplimiento de las normas de seguridad para un mantenimiento adecuado de la flota.<\/p>\n<p><img decoding=\"async\" class=\"size-medium wp-image-3259 alignright\" src=\"https:\/\/bettstruckparts.com\/wp-content\/uploads\/2025\/07\/20221111_084555-300x135.jpg\" alt=\"taller de reparaci\u00f3n de semirremolques detalle\" width=\"300\" height=\"135\" srcset=\"https:\/\/bettstruckparts.com\/wp-content\/uploads\/2025\/07\/20221111_084555-300x135.jpg 300w, https:\/\/bettstruckparts.com\/wp-content\/uploads\/2025\/07\/20221111_084555-1024x461.jpg 1024w, https:\/\/bettstruckparts.com\/wp-content\/uploads\/2025\/07\/20221111_084555-768x346.jpg 768w, https:\/\/bettstruckparts.com\/wp-content\/uploads\/2025\/07\/20221111_084555-1536x692.jpg 1536w, https:\/\/bettstruckparts.com\/wp-content\/uploads\/2025\/07\/20221111_084555-18x8.jpg 18w, https:\/\/bettstruckparts.com\/wp-content\/uploads\/2025\/07\/20221111_084555.jpg 2016w\" sizes=\"(max-width: 300px) 100vw, 300px\" \/>Los sistemas de frenos, incluidos los componentes de los frenos de aire y los mecanismos de ajuste, requieren expertos que puedan diagnosticar los patrones de desgaste y realizar ajustes precisos, as\u00ed como sustituir las piezas desgastadas de los frenos cuando sea necesario.<\/p>\n<p>Los componentes de la suspensi\u00f3n, como las ballestas, los airbags y los amortiguadores, deben sustituirse peri\u00f3dicamente para garantizar la estabilidad y la correcta distribuci\u00f3n de la carga.<\/p>\n<p>Los sistemas el\u00e9ctricos abarcan la iluminaci\u00f3n, los mazos de cables y las conexiones de diagn\u00f3stico que mantienen su remolque en condiciones de circular y ser visible de forma segura.<\/p>\n<p>Los elementos estructurales, como el bastidor, el techo y los paneles del suelo, requieren conocimientos de soldadura para reparaciones y modificaciones.<\/p>\n<p>Los conjuntos del tren de aterrizaje, los mecanismos de las puertas y el equipo de descarga necesitan lubricaci\u00f3n y ajuste para funcionar de forma fiable en condiciones de uso intensivo.<\/p>\n<h2>Soluciones para flotas - Mantenimiento especializado para semirremolques y flotas comerciales<\/h2>\n<p>La gesti\u00f3n de una flota de semirremolques requiere algo m\u00e1s que reparaciones ocasionales: exige un enfoque proactivo del mantenimiento y un socio en el que pueda confiar para todos los aspectos del servicio de remolques.<\/p>\n<p>Como su ventanilla \u00fanica para reparaciones de remolques, ofrecemos soluciones especializadas dise\u00f1adas para mantener su flota comercial funcionando al m\u00e1ximo rendimiento.<\/p>\n<p>Nuestro personal aporta a\u00f1os de experiencia a cada trabajo, proporcionando reparaciones que abordan las necesidades \u00fanicas de su remolque.<\/p>\n<p>Entendemos que minimizar el tiempo de inactividad es cr\u00edtico, por lo que ofrecemos una amplia gama de servicios, incluyendo alineaci\u00f3n de ejes, reparaciones de frenos e inspecciones. Aseg\u00farese de preguntar acerca de nuestros programas de mantenimiento de flotas.<\/p>\n<p>Nuestras instalaciones est\u00e1n totalmente equipadas para realizar desde peque\u00f1os ajustes hasta grandes revisiones, garantizando que sus remolques cumplan todas las normas de seguridad y rendimiento.<\/p>\n<p>Tanto si opera un solo cami\u00f3n como si gestiona una gran flota, nuestro equipo le ofrece un servicio eficiente que le mantiene en la carretera y sus operaciones funcionan sin problemas.<\/p>\n<p>Conf\u00ede en nosotros para que le proporcionemos la experiencia, las herramientas y el compromiso necesarios para respaldar el \u00e9xito de su flota en cada kil\u00f3metro del camino.<\/p>\n<h2>Taller de reparaci\u00f3n de remolques - \u00bfC\u00f3mo elegir para las necesidades de servicio de rutina?<\/h2>\n<ol>\n<li>Elija un proveedor de servicios en funci\u00f3n de sus conocimientos t\u00e9cnicos, su capacidad de reparaci\u00f3n y su compromiso con la calidad de los resultados.<\/li>\n<li>Busque talleres con t\u00e9cnicos certificados con experiencia en sus tipos de remolque espec\u00edficos, ya sean semirremolques, camiones caja o remolques especializados.<\/li>\n<li>Compruebe que mantienen relaciones con los proveedores de piezas para minimizar los retrasos y garantizar una sustituci\u00f3n de marca genuina.<\/li>\n<li>Una empresa fiable debe ofrecer precios transparentes, presupuestos detallados y una comunicaci\u00f3n clara durante todo el proceso de reparaci\u00f3n.<\/li>\n<li>Considere la conveniencia de la ubicaci\u00f3n para el mantenimiento rutinario, pero priorice la experiencia y la calidad sobre la proximidad.<\/li>\n<li>Pregunte por su experiencia con los programas de mantenimiento de flotas, los requisitos de cumplimiento del DOT y su capacidad para trabajar con las limitaciones de su calendario de entregas.<\/li>\n<\/ol>\n<h3>M\u00e1s informaci\u00f3n<\/h3>\n<p>M\u00e1s informaci\u00f3n <b><a title=\"normas de seguridad para veh\u00edculos comerciales de CVSA\" href=\"https:\/\/cvsa.org\" target=\"_blank\" rel=\"noopener\">normas de seguridad para veh\u00edculos comerciales de CVSA<\/a>.<\/b><\/p>\n\n\t\t<\/div>\n\t<\/div>\n<div class=\"ubtn-ctn-center\"><a class=\"ubtn-link ult-adjust-bottom-margin ubtn-center ubtn-normal\" href=\"\/es\/lugares\/\" ><button type=\"button\" id=\"ubtn-8747\"  class=\"ubtn ult-adjust-bottom-margin ult-responsive ubtn-normal ubtn-fade-bg  none  ubtn-center   tooltip-69f32f0a8cfcd\"  data-hover=\"#ffffff\" data-border-color=\"#ad172b\" data-bg=\"rgba(255,255,255,0.01)\" data-hover-bg=\"#ad172b\" data-border-hover=\"#ffffff\" data-shadow-hover=\"\" data-shadow-click=\"none\" data-shadow=\"\" data-shd-shadow=\"\"  data-ultimate-target='#ubtn-8747'  data-responsive-json-new='{\"font-size\":\"desktop:16px;\",\"line-height\":\"\"}'  style=\"font-weight:bold;border-radius:15px;border-width:2px;border-color:#ad172b;border-style:solid;background: rgba(255,255,255,0.01);color: #ad172b;\"><span class=\"ubtn-hover\" style=\"background-color:#ad172b\"><\/span><span class=\"ubtn-data ubtn-text\" >Buscar un lugar<\/span><\/button><\/a><\/div><\/div><\/div><\/div><\/div><\/div><\/div><\/div><\/div>\n<\/div>","protected":false},"excerpt":{"rendered":"<p>Talleres de reparaci\u00f3n de remolques | Betts Truck Parts Encuentre una ubicaci\u00f3n Talleres de reparaci\u00f3n de remolques Betts - \u00bfQu\u00e9 soluciones expertas est\u00e1n disponibles? Los talleres profesionales de reparaci\u00f3n de remolques de Betts Truck Parts ofrecen servicios integrales dise\u00f1ados para mantener su flota operativa y en conformidad. Nuestro experimentado equipo se especializa en reparaciones de remolques para Propietarios-Operadores y...<\/p>","protected":false},"author":4,"featured_media":48,"parent":335,"menu_order":0,"comment_status":"closed","ping_status":"closed","template":"template-microsite.php","meta":{"footnotes":""},"class_list":["post-2909","page","type-page","status-publish","has-post-thumbnail","hentry","description-off"],"_links":{"self":[{"href":"https:\/\/bettstruckparts.com\/es\/wp-json\/wp\/v2\/pages\/2909","targetHints":{"allow":["GET"]}}],"collection":[{"href":"https:\/\/bettstruckparts.com\/es\/wp-json\/wp\/v2\/pages"}],"about":[{"href":"https:\/\/bettstruckparts.com\/es\/wp-json\/wp\/v2\/types\/page"}],"author":[{"embeddable":true,"href":"https:\/\/bettstruckparts.com\/es\/wp-json\/wp\/v2\/users\/4"}],"replies":[{"embeddable":true,"href":"https:\/\/bettstruckparts.com\/es\/wp-json\/wp\/v2\/comments?post=2909"}],"version-history":[{"count":0,"href":"https:\/\/bettstruckparts.com\/es\/wp-json\/wp\/v2\/pages\/2909\/revisions"}],"up":[{"embeddable":true,"href":"https:\/\/bettstruckparts.com\/es\/wp-json\/wp\/v2\/pages\/335"}],"wp:featuredmedia":[{"embeddable":true,"href":"https:\/\/bettstruckparts.com\/es\/wp-json\/wp\/v2\/media\/48"}],"wp:attachment":[{"href":"https:\/\/bettstruckparts.com\/es\/wp-json\/wp\/v2\/media?parent=2909"}],"curies":[{"name":"wp","href":"https:\/\/api.w.org\/{rel}","templated":true}]}}