{"id":2786,"date":"2023-06-29T08:53:41","date_gmt":"2023-06-29T16:53:41","guid":{"rendered":"https:\/\/bettstruckparts.com\/?page_id=2786"},"modified":"2025-10-21T09:41:58","modified_gmt":"2025-10-21T17:41:58","slug":"reparacion-de-cilindros-hidraulicos-san-leandro-ca","status":"publish","type":"page","link":"https:\/\/bettstruckparts.com\/es\/hydraulic-cylinder-repair-san-leandro-ca\/","title":{"rendered":"Reparaci\u00f3n de cilindros hidr\u00e1ulicos"},"content":{"rendered":"<div class=\"wpb-content-wrapper\"><div class=\"vc_row wpb_row vc_row-fluid vc_custom_1760562620424\"><div class=\"wpb_column vc_column_container vc_col-sm-12\"><div class=\"vc_column-inner\"><div class=\"wpb_wrapper\">\n\t<div class=\"wpb_text_column wpb_content_element  vc_custom_1760563155880\" >\n\t\t<div class=\"wpb_wrapper\">\n\t\t\t<h1 style=\"text-align: center;\">Reparaci\u00f3n de cilindros hidr\u00e1ulicos | San Leandro, CA<\/h1>\n\n\t\t<\/div>\n\t<\/div>\n\n\t<div class=\"wpb_text_column wpb_content_element\" >\n\t\t<div class=\"wpb_wrapper\">\n\t\t\t<h2>Contacte con Betts Truck Parts' Reparaci\u00f3n de cilindros hidr\u00e1ulicos, San Leandro, CA<\/h2>\n<p style=\"font-weight: 400;\">Los cilindros hidr\u00e1ulicos desempe\u00f1an un papel crucial en diversas m\u00e1quinas y equipos, y comprender la reparaci\u00f3n y el mantenimiento de los cilindros hidr\u00e1ulicos es vital para garantizar su funcionamiento fiable.<\/p>\n<p style=\"font-weight: 400;\">Para una reparaci\u00f3n profesional de cilindros hidr\u00e1ulicos en San Leandro, estar\u00e1 eligiendo un servicio profesional de reparaci\u00f3n de cilindros hidr\u00e1ulicos altamente recomendado para garantizar que sus cilindros hidr\u00e1ulicos reciban el mantenimiento y la reparaci\u00f3n adecuados que necesitan.<\/p>\n<p><strong>Llame a <a href=\"tel:510-633-4500\">(510) 633-4500<\/a> para ponerse en contacto con Betts reparaci\u00f3n de cilindros hidr\u00e1ulicos, San Leandro expertos con sus preguntas o <a href=\"https:\/\/bettstruckparts.com\/es\/lugares\/san-leandro\/\">visite la p\u00e1gina de la sucursal para consultar los horarios y la ubicaci\u00f3n<\/a> cerca de <a href=\"https:\/\/www.oaklandairport.com\/\" target=\"_blank\" rel=\"noopener\">Aeropuerto Internacional de Oakland<\/a>.<\/strong><\/p>\n\n\t\t<\/div>\n\t<\/div>\n\n\t<div class=\"wpb_raw_code wpb_raw_html wpb_content_element\" >\n\t\t<div class=\"wpb_wrapper\">\n\t\t\t<iframe width=\"560\" height=\"315\" src=\"https:\/\/www.youtube.com\/embed\/aiMfKTQals8?si=_WcY070yCpif8inY\" title=\"Reproductor de v\u00eddeo YouTube\" frameborder=\"0\" allow=\"accelerometer; autoplay; clipboard-write; encrypted-media; gyroscope; picture-in-picture; web-share\" referrerpolicy=\"strict-origin-when-cross-origin\" allowfullscreen><\/iframe>\n\t\t<\/div>\n\t<\/div>\n\n\t<div class=\"wpb_text_column wpb_content_element  vc_custom_1760563361276\" >\n\t\t<div class=\"wpb_wrapper\">\n\t\t\t<h2 style=\"font-weight: 400;\"><strong><img decoding=\"async\" class=\"size-medium wp-image-2792 alignright\" src=\"https:\/\/bettstruckparts.com\/wp-content\/uploads\/2023\/07\/PXL_20230622_213147903-226x300.jpg\" alt=\"Taller de Reparaci\u00f3n de Cilindros Hidr\u00e1ulicos Betts Truck Parts San Leandro\" width=\"226\" height=\"300\" srcset=\"https:\/\/bettstruckparts.com\/wp-content\/uploads\/2023\/07\/PXL_20230622_213147903-226x300.jpg 226w, https:\/\/bettstruckparts.com\/wp-content\/uploads\/2023\/07\/PXL_20230622_213147903-771x1024.jpg 771w, https:\/\/bettstruckparts.com\/wp-content\/uploads\/2023\/07\/PXL_20230622_213147903-768x1020.jpg 768w, https:\/\/bettstruckparts.com\/wp-content\/uploads\/2023\/07\/PXL_20230622_213147903-1157x1536.jpg 1157w, https:\/\/bettstruckparts.com\/wp-content\/uploads\/2023\/07\/PXL_20230622_213147903-1542x2048.jpg 1542w, https:\/\/bettstruckparts.com\/wp-content\/uploads\/2023\/07\/PXL_20230622_213147903-scaled.jpg 1928w\" sizes=\"(max-width: 226px) 100vw, 226px\" \/>\u00bfCU\u00c1LES SON LOS PROBLEMAS M\u00c1S COMUNES DE LOS CILINDROS HIDR\u00c1ULICOS?<\/strong><\/h2>\n<ol>\n<li>Sellar fugas<\/li>\n<li>Varillas dobladas<\/li>\n<li>Pist\u00f3n da\u00f1ado<\/li>\n<li>Fluido contaminado<\/li>\n<\/ol>\n<h2 style=\"font-weight: 400;\"><strong>\u00bfCU\u00c1L ES EL PROCESO DE REPARACI\u00d3N DE CILINDROS HIDR\u00c1ULICOS BETTS?<\/strong><\/h2>\n<ul>\n<li>Todos los cilindros se desmontan, inspeccionan y limpian.<\/li>\n<li>Sustituimos o afinamos el ca\u00f1\u00f3n si es necesario<\/li>\n<li>Repare o sustituya la varilla si es necesario<\/li>\n<li>Sustituir todas las juntas, empaquetaduras y retenes<\/li>\n<li>Prueba del cilindro a la presi\u00f3n nominal 100% en toda la carrera<\/li>\n<li>Tambi\u00e9n se ofrecen servicios de desmontaje, reparaci\u00f3n e instalaci\u00f3n<\/li>\n<\/ul>\n<h2 style=\"font-weight: 400;\"><strong>SOMOS ESPECIALISTAS EN REPARACIONES HIDR\u00c1ULICAS DE CAMIONES DE BASURA Y VOLQUETES<\/strong><\/h2>\n<p style=\"font-weight: 400;\">Aunque podemos atender con pericia la mayor\u00eda de sus necesidades de reparaci\u00f3n de cilindros hidr\u00e1ulicos, Betts se especializa en <strong>reparaci\u00f3n de cilindros hidr\u00e1ulicos para camiones de basura y volquetes.<\/strong><\/p>\n<p style=\"font-weight: 400;\">Las aplicaciones a las que solemos prestar servicio en nuestra sucursal de San Leandro incluyen:<\/p>\n<ul>\n<li style=\"font-weight: 400;\">Camiones de basura<\/li>\n<li style=\"font-weight: 400;\">Camiones de basura de carga lateral<\/li>\n<li style=\"font-weight: 400;\">Cargadores frontales de residuos<\/li>\n<li style=\"font-weight: 400;\">Camiones de basura de carga trasera<\/li>\n<li style=\"font-weight: 400;\">Volquetes de descarga final<\/li>\n<li style=\"font-weight: 400;\">Camiones basculantes<\/li>\n<\/ul>\n<h2 style=\"font-weight: 400;\"><strong>\u00bfCU\u00c1LES SON ALGUNOS DE LOS FABRICANTES DE CARROCER\u00cdAS A LOS QUE BETTS PRESTA SERVICIO PARA REPARACIONES HIDR\u00c1ULICAS?<\/strong><\/h2>\n<p>\u00a1Ofrecemos servicios de reparaci\u00f3n hidr\u00e1ulica para los principales fabricantes de camiones de basura y volquetes en la industria! Si usted no ve la marca de su cami\u00f3n en la lista de abajo, llame a nuestra sucursal de San Leandro al (510) 633-4500 para hablar con uno de nuestros t\u00e9cnicos de reparaci\u00f3n.<\/p>\n<p>Estaremos encantados de responder a sus preguntas sobre el sistema hidr\u00e1ulico de su veh\u00edculo.<\/p>\n<p style=\"font-weight: 400;\"><a href=\"https:\/\/www.heil.com\/\" target=\"_blank\" rel=\"noopener\">Heil<\/a><\/p>\n<p style=\"font-weight: 400;\"><a href=\"https:\/\/www.mcneiluscompanies.com\/\" target=\"_blank\" rel=\"noopener\">McNeilus<\/a><\/p>\n<p style=\"font-weight: 400;\"><a href=\"https:\/\/labriegroup.com\/\" target=\"_blank\" rel=\"noopener\">Labrie<\/a><\/p>\n<p style=\"font-weight: 400;\"><a href=\"https:\/\/bridgeportmfg.com\/\" target=\"_blank\" rel=\"noopener\">Bridgeport<\/a><\/p>\n<h2><strong>REPARACION DE CILINDROS HIDRAULICOS EN SAN LEANDRO, CALIFORNIA<\/strong><\/h2>\n<p style=\"font-weight: 400;\">Si necesita que nuestros expertos t\u00e9cnicos hidr\u00e1ulicos reconstruyan y\/o reparen su cilindro hidr\u00e1ulico, puede solicitar una cita exclusivamente en nuestro <a href=\"https:\/\/bettstruckparts.com\/es\/lugares\/san-leandro\/\">San Leandro<\/a> ubicaci\u00f3n de la sucursal.<\/p>\n<p style=\"font-weight: 400;\">Siempre hacemos todo lo posible para ofrecerle un servicio r\u00e1pido en reparaciones hidr\u00e1ulicas.<\/p>\n<h3 style=\"font-weight: 400;\"><strong>\u00bfPOR QU\u00c9 ELEGIR BETTS TRUCK PARTS PARA LA REPARACI\u00d3N DE CILINDROS HIDR\u00c1ULICOS?<\/strong><\/h3>\n<p style=\"font-weight: 400;\">Betts Truck Parts &amp; Service tiene m\u00e1s de tres d\u00e9cadas de experiencia en el mantenimiento, servicio y reparaci\u00f3n de camiones y remolques.<\/p>\n<p style=\"font-weight: 400;\">Nos enorgullecemos de ofrecer el mejor servicio de atenci\u00f3n al cliente de nuestro sector y nos esforzamos constantemente por proporcionar un mantenimiento y sustituci\u00f3n de mangueras hidr\u00e1ulicas r\u00e1pido y eficaz.<\/p>\n<h3>Ocho sedes<\/h3>\n<p style=\"font-weight: 400;\">Desde nuestras ocho sedes en la Costa Oeste, prestamos servicio a flotas y O\/O nacionales y regionales, y trabajamos con camiones y remolques de todas las marcas y modelos. \u00a1Nadie lo hace mejor que Betts!<\/p>\n<h3>Acerca de Betts Truck Parts<\/h3>\n<p style=\"font-weight: 400;\">Betts Truck Parts &amp; Service forma parte de Betts Company, fundada en San Francisco en 1868 como fabricante de muelles para tranv\u00edas, carruajes y vagones.<\/p>\n<p style=\"font-weight: 400;\">Casi un siglo y medio despu\u00e9s, Betts Truck Parts &amp; Service suministra piezas de repuesto para veh\u00edculos pesados y repuestos completos. <a href=\"https:\/\/bettstruckparts.com\/es\/reparacion-de-camiones\/\">servicios de reparaci\u00f3n y mantenimiento de camiones y remolques<\/a>. Hacemos todo lo posible para garantizar que nuestros clientes reciban las mejores piezas y el mejor servicio posibles.<\/p>\n<p style=\"font-weight: 400;\">Betts Truck Parts &amp; Service es la fuente #1 de piezas, servicio y mantenimiento de camiones y remolques de primera calidad en la Costa Oeste.<\/p>\n<p style=\"font-weight: 400;\"><a href=\"https:\/\/bettstruckparts.com\/es\/contacto\/\">Solicite una cita para el servicio de reparaci\u00f3n de cilindros hidr\u00e1ulicos<\/a> o llame a la sucursal para m\u00e1s informaci\u00f3n.<\/p>\n\n\t\t<\/div>\n\t<\/div>\n<\/div><\/div><\/div><\/div><div class=\"vc_row wpb_row vc_row-fluid\"><div class=\"wpb_column vc_column_container vc_col-sm-12\"><div class=\"vc_column-inner\"><div class=\"wpb_wrapper\"><div class=\"vc_empty_space\"   style=\"height: 32px\"><span class=\"vc_empty_space_inner\"><\/span><\/div><\/div><\/div><\/div><\/div><div class=\"vc_row wpb_row vc_row-fluid\"><div class=\"wpb_column vc_column_container vc_col-sm-6\"><div class=\"vc_column-inner\"><div class=\"wpb_wrapper\"><\/div><\/div><\/div><div class=\"wpb_column vc_column_container vc_col-sm-6\"><div class=\"vc_column-inner\"><div class=\"wpb_wrapper\"><\/div><\/div><\/div><\/div><div class=\"vc_row wpb_row vc_row-fluid\"><div class=\"wpb_column vc_column_container vc_col-sm-12\"><div class=\"vc_column-inner\"><div class=\"wpb_wrapper\"><div class=\"vc_empty_space\"   style=\"height: 32px\"><span class=\"vc_empty_space_inner\"><\/span><\/div><\/div><\/div><\/div><\/div><div class=\"vc_row wpb_row vc_row-fluid\"><div class=\"wpb_column vc_column_container vc_col-sm-12\"><div class=\"vc_column-inner\"><div class=\"wpb_wrapper\">\n\t<div class=\"wpb_text_column wpb_content_element\" >\n\t\t<div class=\"wpb_wrapper\">\n\t\t\t<h2><span style=\"color: #a11b1b;\">Reparaci\u00f3n de cilindros hidr\u00e1ulicos Preguntas frecuentes<\/span><\/h2>\n\n\t\t<\/div>\n\t<\/div>\n<div  class=\"vc_do_toggle vc_toggle vc_toggle_default vc_toggle_color_default  vc_toggle_size_md\"><div class=\"vc_toggle_title\"><h4>\u00bfPor qu\u00e9 elegir Betts Truck Parts para la reparaci\u00f3n de cilindros hidr\u00e1ulicos?<\/h4><i class=\"vc_toggle_icon\"><\/i><\/div><div class=\"vc_toggle_content\"><p>Betts Truck Parts &amp; Service ha estado en San Leandro desde principios de 1970. Nuestros t\u00e9cnicos de reparaci\u00f3n calificados tienen experiencia reparando cilindros hidr\u00e1ulicos. Adem\u00e1s, trabajamos directamente con los fabricantes de cilindros hidr\u00e1ulicos para recibir la capacitaci\u00f3n m\u00e1s reciente. Somos sus expertos locales, aprovechando el conocimiento aprendido con el tiempo para manejar reparaciones hidr\u00e1ulicas complejas.<\/p>\n<\/div><\/div><div  class=\"vc_do_toggle vc_toggle vc_toggle_default vc_toggle_color_default  vc_toggle_size_md\"><div class=\"vc_toggle_title\"><h4>\u00bfQu\u00e9 es la carga lateral y c\u00f3mo provoca fallos en los cilindros hidr\u00e1ulicos?<\/h4><i class=\"vc_toggle_icon\"><\/i><\/div><div class=\"vc_toggle_content\"><p>La carga lateral est\u00e1 causada por la desalineaci\u00f3n del cilindro, que crea una fuerza inusual sobre el v\u00e1stago del pist\u00f3n. Una carga lateral de suficiente magnitud puede causar estr\u00edas en el tubo, desgaste del v\u00e1stago y de los cojinetes del v\u00e1stago y fallo de la junta.<\/p>\n<\/div><\/div><div  class=\"vc_do_toggle vc_toggle vc_toggle_default vc_toggle_color_default  vc_toggle_size_md\"><div class=\"vc_toggle_title\"><h4>\u00bfPuede un fluido contaminado provocar el fallo de un cilindro hidr\u00e1ulico?<\/h4><i class=\"vc_toggle_icon\"><\/i><\/div><div class=\"vc_toggle_content\"><p>S\u00ed, el fluido contaminado puede provocar el fallo prematuro de la junta del v\u00e1stago, lo que a su vez puede provocar el fallo del cilindro hidr\u00e1ulico. Las part\u00edculas abrasivas presentes en el fluido del cilindro hidr\u00e1ulico pueden da\u00f1ar la junta y la superficie del v\u00e1stago. Adem\u00e1s, los contaminantes transportados por el aire pueden ser arrastrados al interior del cilindro por una junta rascadora defectuosa. La fuente m\u00e1s habitual de contaminaci\u00f3n es el aceite o la bomba, aunque la contaminaci\u00f3n del fluido puede producirse de varias formas.<\/p>\n<\/div><\/div><div  class=\"vc_do_toggle vc_toggle vc_toggle_default vc_toggle_color_default  vc_toggle_size_md\"><div class=\"vc_toggle_title\"><h4>\u00bfUna biela rugosa o rayada provoca el fallo de un cilindro?<\/h4><i class=\"vc_toggle_icon\"><\/i><\/div><div class=\"vc_toggle_content\"><p>S\u00ed, una varilla rugosa puede causar da\u00f1os. Las superficies rugosas del v\u00e1stago da\u00f1an las juntas y reducen su vida \u00fatil, lo que obliga a sustituirlas con m\u00e1s frecuencia.<\/p>\n<\/div><\/div><div  class=\"vc_do_toggle vc_toggle vc_toggle_default vc_toggle_color_default  vc_toggle_size_md\"><div class=\"vc_toggle_title\"><h4>\u00bfCu\u00e1nto tarda la reparaci\u00f3n de un cilindro hidr\u00e1ulico?<\/h4><i class=\"vc_toggle_icon\"><\/i><\/div><div class=\"vc_toggle_content\"><p>Cada reparaci\u00f3n es diferente. Sin embargo, le proporcionaremos una estimaci\u00f3n de tiempo para realizar su reparaci\u00f3n una vez que nuestros t\u00e9cnicos hayan podido revisar el problema con el cilindro. Nuestro objetivo es ofrecerle siempre un servicio r\u00e1pido.<\/p>\n<\/div><\/div><div  class=\"vc_do_toggle vc_toggle vc_toggle_default vc_toggle_color_default  vc_toggle_size_md\"><div class=\"vc_toggle_title\"><h4>\u00bfPueden reconstruir mi cilindro hidr\u00e1ulico?<\/h4><i class=\"vc_toggle_icon\"><\/i><\/div><div class=\"vc_toggle_content\"><p>En este momento ofrecemos reparaciones de cilindros hidr\u00e1ulicos. Actualmente no podemos ofrecer reconstrucciones de cilindros hidr\u00e1ulicos.<\/p>\n<\/div><\/div><\/div><\/div><\/div><\/div>\n<\/div>","protected":false},"excerpt":{"rendered":"<p>Expertos en Reparaci\u00f3n de Cilindros Hidr\u00e1ulicos | San Leandro, CA Contacte a Betts Truck Parts\u2019 Reparaci\u00f3n de Cilindros Hidr\u00e1ulicos, San Leandro, CA Los cilindros hidr\u00e1ulicos juegan un papel crucial en varias maquinarias y equipos, y entender la reparaci\u00f3n y mantenimiento de cilindros hidr\u00e1ulicos es vital para asegurar su operaci\u00f3n confiable. Para una reparaci\u00f3n profesional de cilindros hidr\u00e1ulicos en San Leandro,...<\/p>","protected":false},"author":4,"featured_media":0,"parent":0,"menu_order":0,"comment_status":"closed","ping_status":"closed","template":"template-microsite.php","meta":{"footnotes":""},"class_list":["post-2786","page","type-page","status-publish","hentry","description-off"],"_links":{"self":[{"href":"https:\/\/bettstruckparts.com\/es\/wp-json\/wp\/v2\/pages\/2786","targetHints":{"allow":["GET"]}}],"collection":[{"href":"https:\/\/bettstruckparts.com\/es\/wp-json\/wp\/v2\/pages"}],"about":[{"href":"https:\/\/bettstruckparts.com\/es\/wp-json\/wp\/v2\/types\/page"}],"author":[{"embeddable":true,"href":"https:\/\/bettstruckparts.com\/es\/wp-json\/wp\/v2\/users\/4"}],"replies":[{"embeddable":true,"href":"https:\/\/bettstruckparts.com\/es\/wp-json\/wp\/v2\/comments?post=2786"}],"version-history":[{"count":0,"href":"https:\/\/bettstruckparts.com\/es\/wp-json\/wp\/v2\/pages\/2786\/revisions"}],"wp:attachment":[{"href":"https:\/\/bettstruckparts.com\/es\/wp-json\/wp\/v2\/media?parent=2786"}],"curies":[{"name":"wp","href":"https:\/\/api.w.org\/{rel}","templated":true}]}}