{"id":2733,"date":"2023-06-14T21:40:51","date_gmt":"2023-06-15T05:40:51","guid":{"rendered":"https:\/\/bettstruckparts.com\/?page_id=2733"},"modified":"2025-05-25T11:46:23","modified_gmt":"2025-05-25T19:46:23","slug":"valle-del-sol","status":"publish","type":"page","link":"https:\/\/bettstruckparts.com\/es\/truck-repair\/leaf-spring-repair\/sun-valley\/","title":{"rendered":"Reparaci\u00f3n de muelles Sun Valley"},"content":{"rendered":"<div class=\"wpb-content-wrapper\"><div class=\"vc_row wpb_row vc_row-fluid vc_custom_1516047752276 vc_row-has-fill vc_row-o-equal-height vc_row-flex\"><div class=\"wpb_column vc_column_container vc_col-sm-3 vc_col-has-fill\"><div class=\"vc_column-inner vc_custom_1510682040425\"><div class=\"wpb_wrapper\"><div  class=\"wpb_widgetised_column wpb_content_element sidebar-content\">\n\t\t<div class=\"wpb_wrapper\">\n\t\t\t\n\t\t\t<section id=\"nav_menu-4\" class=\"widget widget_nav_menu\"><div class=\"widget-title\">Reparaci\u00f3n de camiones<\/div><div class=\"menu-truck-repair-container\"><ul id=\"menu-truck-repair\" class=\"menu\"><li id=\"menu-item-341\" class=\"menu-item menu-item-type-post_type menu-item-object-page menu-item-341\"><a href=\"https:\/\/bettstruckparts.com\/es\/truck-repair\/air-ride-control\/\">Control de la suspensi\u00f3n neum\u00e1tica<\/a><\/li>\n<li id=\"menu-item-382\" class=\"menu-item menu-item-type-post_type menu-item-object-page menu-item-382\"><a href=\"https:\/\/bettstruckparts.com\/es\/truck-repair\/truck-wheel-alignments\/\">Servicio de alineaci\u00f3n de ruedas<\/a><\/li>\n<li id=\"menu-item-381\" class=\"menu-item menu-item-type-post_type menu-item-object-page menu-item-381\"><a href=\"https:\/\/bettstruckparts.com\/es\/truck-repair\/auxiliary-power\/\">Alimentaci\u00f3n auxiliar<\/a><\/li>\n<li id=\"menu-item-380\" class=\"menu-item menu-item-type-post_type menu-item-object-page menu-item-380\"><a href=\"https:\/\/bettstruckparts.com\/es\/truck-repair\/brake-services\/\">Servicios de reparaci\u00f3n de frenos<\/a><\/li>\n<li id=\"menu-item-390\" class=\"menu-item menu-item-type-post_type menu-item-object-page menu-item-390\"><a href=\"https:\/\/bettstruckparts.com\/es\/truck-repair\/custom-u-bolts\/\">Pernos en U a medida<\/a><\/li>\n<li id=\"menu-item-389\" class=\"menu-item menu-item-type-post_type menu-item-object-page menu-item-389\"><a href=\"https:\/\/bettstruckparts.com\/es\/truck-repair\/dot-inspection\/\">Inspecci\u00f3n DOT<\/a><\/li>\n<li id=\"menu-item-388\" class=\"menu-item menu-item-type-post_type menu-item-object-page menu-item-388\"><a href=\"https:\/\/bettstruckparts.com\/es\/truck-repair\/drivetrain-repair\/\">Servicios de reparaci\u00f3n de trenes de transmisi\u00f3n<\/a><\/li>\n<li id=\"menu-item-387\" class=\"menu-item menu-item-type-post_type menu-item-object-page menu-item-387\"><a href=\"https:\/\/bettstruckparts.com\/es\/truck-repair\/electrical-repair\/\">Reparaci\u00f3n el\u00e9ctrica<\/a><\/li>\n<li id=\"menu-item-386\" class=\"menu-item menu-item-type-post_type menu-item-object-page menu-item-386\"><a href=\"https:\/\/bettstruckparts.com\/es\/truck-repair\/leaf-spring-repair\/\">Reparaci\u00f3n de ballestas<\/a><\/li>\n<li id=\"menu-item-385\" class=\"menu-item menu-item-type-post_type menu-item-object-page menu-item-385\"><a href=\"https:\/\/bettstruckparts.com\/es\/truck-repair\/steering-repair\/\">Reparaci\u00f3n de la direcci\u00f3n<\/a><\/li>\n<li id=\"menu-item-384\" class=\"menu-item menu-item-type-post_type menu-item-object-page menu-item-384\"><a href=\"https:\/\/bettstruckparts.com\/es\/truck-repair\/suspension-services\/\">Servicios de suspensi\u00f3n<\/a><\/li>\n<li id=\"menu-item-383\" class=\"menu-item menu-item-type-post_type menu-item-object-page menu-item-383\"><a href=\"https:\/\/bettstruckparts.com\/es\/truck-repair\/truck-axle-repair\/\">Reparaci\u00f3n de ejes de camiones<\/a><\/li>\n<\/ul><\/div><\/section>\n\t\t<\/div>\n\t<\/div>\n<\/div><\/div><\/div><div class=\"wpb_column vc_column_container vc_col-sm-9\"><div class=\"vc_column-inner vc_custom_1510682076814\"><div class=\"wpb_wrapper\"><div class=\"vc_row wpb_row vc_inner vc_row-fluid vc_custom_1748202188616\"><div class=\"wpb_column vc_column_container vc_col-sm-12\"><div class=\"vc_column-inner vc_custom_1486667994280\"><div class=\"wpb_wrapper\">\n\t<div class=\"wpb_text_column wpb_content_element\" >\n\t\t<div class=\"wpb_wrapper\">\n\t\t\t<h1 style=\"text-align: center;\">Reparaci\u00f3n y reemplazo de ballestas: Sun Valley, CA<\/h1>\n\n\t\t<\/div>\n\t<\/div>\n<div class=\"ubtn-ctn-center\"><a class=\"ubtn-link ult-adjust-bottom-margin ubtn-center ubtn-normal\" href=\"\/es\/contact\/\" ><button type=\"button\" id=\"ubtn-1899\"  class=\"ubtn ult-adjust-bottom-margin ult-responsive ubtn-normal ubtn-fade-bg  none  ubtn-center   tooltip-69f346f6e3d10\"  data-hover=\"#ffffff\" data-border-color=\"#ad172b\" data-bg=\"rgba(255,255,255,0.01)\" data-hover-bg=\"#ad172b\" data-border-hover=\"#ffffff\" data-shadow-hover=\"\" data-shadow-click=\"none\" data-shadow=\"\" data-shd-shadow=\"\"  data-ultimate-target='#ubtn-1899'  data-responsive-json-new='{\"font-size\":\"desktop:16px;\",\"line-height\":\"\"}'  style=\"font-weight:bold;border-radius:15px;border-width:2px;border-color:#ad172b;border-style:solid;background: rgba(255,255,255,0.01);color: #ad172b;\"><span class=\"ubtn-hover\" style=\"background-color:#ad172b\"><\/span><span class=\"ubtn-data ubtn-text\" >Concertar una cita<\/span><\/button><\/a><\/div>\n\t<div class=\"wpb_text_column wpb_content_element  vc_custom_1748202365728\" >\n\t\t<div class=\"wpb_wrapper\">\n\t\t\t<h2>Sun Valley, CA Repair Shop Location &amp; Hours<\/h2>\n<p>Betts Truck Parts &amp; Service - Sucursal de Sun Valley<br \/>\n9227 San Fernando Road<br \/>\nSun Valley, CA 91352<br \/>\n<strong>Tel\u00e9fono<\/strong>: (818) 767-3323<br \/>\n<strong>Horas<\/strong>: Ver el <a href=\"https:\/\/bettstruckparts.com\/es\/lugares\/valle-del-sol\/\">P\u00e1gina de la sucursal de Sun Valley<\/a> horario de apertura<\/p>\n<p><img decoding=\"async\" class=\"aligncenter wp-image-718 size-full\" src=\"https:\/\/bettstruckparts.com\/wp-content\/uploads\/2017\/12\/1550726.jpg\" alt=\"reparaci\u00f3n de ballestas\" width=\"1400\" height=\"1050\" srcset=\"https:\/\/bettstruckparts.com\/wp-content\/uploads\/2017\/12\/1550726.jpg 1400w, https:\/\/bettstruckparts.com\/wp-content\/uploads\/2017\/12\/1550726-300x225.jpg 300w, https:\/\/bettstruckparts.com\/wp-content\/uploads\/2017\/12\/1550726-1024x768.jpg 1024w, https:\/\/bettstruckparts.com\/wp-content\/uploads\/2017\/12\/1550726-768x576.jpg 768w\" sizes=\"(max-width: 1400px) 100vw, 1400px\" \/><\/p>\n<h3><b>Ayude a prevenir problemas de suspensi\u00f3n inspeccionando regularmente sus ballestas<\/b><\/h3>\n<p><span style=\"font-weight: 400;\">Un sistema de suspensi\u00f3n de muelles helicoidales est\u00e1ndar es suficiente para la mayor\u00eda de los veh\u00edculos, pero los semirremolques, camiones ligeros y semipesados, autocaravanas, veh\u00edculos recreativos y autobuses suelen requerir la instalaci\u00f3n de ballestas para reducir la tensi\u00f3n que las cargas pesadas ejercen sobre los muelles helicoidales y los ejes.<\/span><\/p>\n<p><span style=\"font-weight: 400;\">Tanto los muelles helicoidales como las ballestas cumplen una funci\u00f3n esencial al mantener el control y la alineaci\u00f3n adecuados del veh\u00edculo absorbiendo los impactos. Est\u00e1n fabricados con acero duradero y est\u00e1n hechos para durar varios a\u00f1os, pero con el tiempo pueden romperse o perder su resistencia debido a la corrosi\u00f3n y al desgaste general.<\/span><\/p>\n<p><span style=\"font-weight: 400;\">Conducir con muelles corro\u00eddos o desgastados es perjudicial para su cami\u00f3n y puede afectar a otros componentes como los neum\u00e1ticos, la alineaci\u00f3n y la suspensi\u00f3n. Para evitar da\u00f1os innecesarios y costosos a su cami\u00f3n o remolque, siempre debe tener sus ballestas y muelles espirales inspeccionados durante las visitas de reparaci\u00f3n y mantenimiento de rutina.<\/span><\/p>\n<h3><b>C\u00f3mo saber cu\u00e1ndo ha llegado el momento de reparar o sustituir las ballestas<\/b><\/h3>\n<p><span style=\"font-weight: 400;\">Si nota un cambio en la forma en que su cami\u00f3n o semirremolque distribuye el peso o si se produce un cambio en la conducci\u00f3n o la direcci\u00f3n, es hora de hacer revisar las ballestas. Tanto la corrosi\u00f3n como la tensi\u00f3n provocada por el transporte de cargas pesadas o desiguales pueden hacer que las ballestas se agrieten, se abran o se aplanen, lo que las hace menos eficaces y puede da\u00f1ar los ejes o el sistema de suspensi\u00f3n del cami\u00f3n.<\/span><\/p>\n<p><span style=\"font-weight: 400;\">Betts Truck Parts &amp; Service es el proveedor l\u00edder de Sun Valley y San Fernando de <\/span><a href=\"https:\/\/bettstruckparts.com\/es\/reparacion-de-camiones\/reparacion-de-ballestas\/\"><span style=\"font-weight: 400;\">reparaci\u00f3n y sustituci\u00f3n de muelles de semirremolques<\/span><\/a><span style=\"font-weight: 400;\">. Nuestra ubicaci\u00f3n en Sun Valley proporciona un servicio completo de ballestas y mantenimiento para camiones y remolques de todas las marcas y modelos. <\/span><\/p>\n<p><span style=\"font-weight: 400;\">Atendemos a una amplia gama de camiones y veh\u00edculos, incluyendo:<\/span><\/p>\n<ul>\n<li style=\"font-weight: 400;\" aria-level=\"1\"><span style=\"font-weight: 400;\">Camiones de las clases 6, 7 y 8<\/span><\/li>\n<li style=\"font-weight: 400;\" aria-level=\"1\"><span style=\"font-weight: 400;\">Camiones ligeros y medianos<\/span><\/li>\n<li style=\"font-weight: 400;\" aria-level=\"1\"><span style=\"font-weight: 400;\">Autobuses, autocaravanas, veh\u00edculos recreativos<\/span><\/li>\n<li style=\"font-weight: 400;\" aria-level=\"1\"><span style=\"font-weight: 400;\">Maquinaria agr\u00edcola<\/span><\/li>\n<li style=\"font-weight: 400;\" aria-level=\"1\"><span style=\"font-weight: 400;\">Remolques<\/span><\/li>\n<\/ul>\n<p><a href=\"https:\/\/bettstruckparts.com\/es\/contacto\/\"><span style=\"font-weight: 400;\">Solicitar una cita<\/span><\/a><span style=\"font-weight: 400;\"> para la reparaci\u00f3n o sustituci\u00f3n de ballestas en Sun Valley.<\/span><\/p>\n<p><span style=\"font-weight: 400;\">Si nuestro centro de Sun Valley, California, est\u00e1 fuera de su alcance, visite uno de nuestros otros centros. <\/span><a href=\"https:\/\/bettstruckparts.com\/es\/lugares\/\"><span style=\"font-weight: 400;\">centros de servicio<\/span><\/a><span style=\"font-weight: 400;\">.<\/span><\/p>\n<h3><b>Rite-Way Axle es ahora Betts Truck Parts en Sun Valley<\/b><\/h3>\n<p>Rite-Way Axle &amp; Suspension pas\u00f3 a formar parte de Betts Truck Parts &amp; Service en 2021. Usted puede esperar el mismo gran personal y servicio personalizado. Ahora ofrecemos miles de piezas de servicio pesado, adem\u00e1s de los servicios de reparaci\u00f3n de camiones y remolques.<\/p>\n<h3>Programe su cita con nuestro taller de reparaciones en Sun Valley, CA<\/h3>\n<p><a href=\"https:\/\/bettstruckparts.com\/es\/contacto\/\">P\u00f3ngase en contacto con nosotros<\/a> para aprender m\u00e1s sobre la reparaci\u00f3n y el reemplazo del resorte de hoja o programe su servicio abajo. Si nuestra ubicaci\u00f3n Fontana est\u00e1 fuera de su \u00e1rea, por favor visite uno de nuestros otros <a href=\"https:\/\/bettstruckparts.com\/es\/lugares\/\">centros de servicio<\/a>.<\/p>\n\n\t\t<\/div>\n\t<\/div>\n<div class=\"ubtn-ctn-center\"><a class=\"ubtn-link ult-adjust-bottom-margin ubtn-center ubtn-normal\" href=\"\/es\/contact\/\" ><button type=\"button\" id=\"ubtn-5385\"  class=\"ubtn ult-adjust-bottom-margin ult-responsive ubtn-normal ubtn-fade-bg  none  ubtn-center   tooltip-69f346f6e3e7b\"  data-hover=\"#ffffff\" data-border-color=\"#ad172b\" data-bg=\"rgba(255,255,255,0.01)\" data-hover-bg=\"#ad172b\" data-border-hover=\"#ffffff\" data-shadow-hover=\"\" data-shadow-click=\"none\" data-shadow=\"\" data-shd-shadow=\"\"  data-ultimate-target='#ubtn-5385'  data-responsive-json-new='{\"font-size\":\"desktop:16px;\",\"line-height\":\"\"}'  style=\"font-weight:bold;border-radius:15px;border-width:2px;border-color:#ad172b;border-style:solid;background: rgba(255,255,255,0.01);color: #ad172b;\"><span class=\"ubtn-hover\" style=\"background-color:#ad172b\"><\/span><span class=\"ubtn-data ubtn-text\" >Concertar una cita<\/span><\/button><\/a><\/div><\/div><\/div><\/div><\/div><\/div><\/div><\/div><\/div><div class=\"vc_row wpb_row vc_row-fluid\"><div class=\"wpb_column vc_column_container vc_col-sm-12\"><div class=\"vc_column-inner\"><div class=\"wpb_wrapper\"><\/div><\/div><\/div><\/div>\n<\/div>","protected":false},"excerpt":{"rendered":"<p>Truck RepairAir Ride Control Wheel Alignment Service Auxiliary Power Brake Repair Services Custom U-Bolts DOT Inspection Drivetrain Repair Services Electrical Repair Leaf Spring Repair Steering Repair Suspension Services Truck Axle Repair Leaf Spring Repair &amp; Replacement: Sun Valley, CA Schedule an Appointment Sun Valley, CA Repair Shop Location &amp; Hours Betts Truck Parts &amp; Service&hellip;<\/p>","protected":false},"author":4,"featured_media":0,"parent":359,"menu_order":0,"comment_status":"closed","ping_status":"closed","template":"template-microsite.php","meta":{"footnotes":""},"class_list":["post-2733","page","type-page","status-publish","hentry","description-off"],"_links":{"self":[{"href":"https:\/\/bettstruckparts.com\/es\/wp-json\/wp\/v2\/pages\/2733","targetHints":{"allow":["GET"]}}],"collection":[{"href":"https:\/\/bettstruckparts.com\/es\/wp-json\/wp\/v2\/pages"}],"about":[{"href":"https:\/\/bettstruckparts.com\/es\/wp-json\/wp\/v2\/types\/page"}],"author":[{"embeddable":true,"href":"https:\/\/bettstruckparts.com\/es\/wp-json\/wp\/v2\/users\/4"}],"replies":[{"embeddable":true,"href":"https:\/\/bettstruckparts.com\/es\/wp-json\/wp\/v2\/comments?post=2733"}],"version-history":[{"count":0,"href":"https:\/\/bettstruckparts.com\/es\/wp-json\/wp\/v2\/pages\/2733\/revisions"}],"up":[{"embeddable":true,"href":"https:\/\/bettstruckparts.com\/es\/wp-json\/wp\/v2\/pages\/359"}],"wp:attachment":[{"href":"https:\/\/bettstruckparts.com\/es\/wp-json\/wp\/v2\/media?parent=2733"}],"curies":[{"name":"wp","href":"https:\/\/api.w.org\/{rel}","templated":true}]}}