{"id":2683,"date":"2023-03-15T16:32:20","date_gmt":"2023-03-16T00:32:20","guid":{"rendered":"https:\/\/bettstruckparts.com\/?page_id=2683"},"modified":"2025-09-30T05:23:06","modified_gmt":"2025-09-30T13:23:06","slug":"nuestra-historia","status":"publish","type":"page","link":"https:\/\/bettstruckparts.com\/es\/who-we-are\/our-story\/","title":{"rendered":"Nuestra historia"},"content":{"rendered":"<div class=\"wpb-content-wrapper\"><div data-vc-full-width=\"true\" data-vc-full-width-temp=\"true\" data-vc-full-width-init=\"false\" data-vc-stretch-content=\"true\" class=\"vc_row wpb_row vc_row-fluid vc_row-no-padding\"><div class=\"wpb_column vc_column_container vc_col-sm-12 vc_col-has-fill\"><div class=\"vc_column-inner vc_custom_1512611685925\"><div class=\"wpb_wrapper\">\n\t<div class=\"wpb_text_column wpb_content_element  white shadow\" >\n\t\t<div class=\"wpb_wrapper\">\n\t\t\t<h1 style=\"text-align: center;\">Nuestro legado: La historia de Betts Truck Parts &amp; Service - D\u00e9cadas de calidad y compromiso<\/h1>\n\n\t\t<\/div>\n\t<\/div>\n<\/div><\/div><\/div><\/div><div class=\"vc_row-full-width vc_clearfix\"><\/div><div class=\"vc_row wpb_row vc_row-fluid vc_custom_1516046549195 vc_row-has-fill vc_row-o-equal-height vc_row-flex\"><div class=\"wpb_column vc_column_container vc_col-sm-3 vc_col-has-fill\"><div class=\"vc_column-inner vc_custom_1510682040425\"><div class=\"wpb_wrapper\"><div  class=\"wpb_widgetised_column wpb_content_element sidebar-content\">\n\t\t<div class=\"wpb_wrapper\">\n\t\t\t\n\t\t\t<section id=\"nav_menu-4\" class=\"widget widget_nav_menu\"><div class=\"widget-title\">Reparaci\u00f3n de camiones<\/div><div class=\"menu-truck-repair-container\"><ul id=\"menu-truck-repair\" class=\"menu\"><li id=\"menu-item-341\" class=\"menu-item menu-item-type-post_type menu-item-object-page menu-item-341\"><a href=\"https:\/\/bettstruckparts.com\/es\/truck-repair\/air-ride-control\/\">Control de la suspensi\u00f3n neum\u00e1tica<\/a><\/li>\n<li id=\"menu-item-382\" class=\"menu-item menu-item-type-post_type menu-item-object-page menu-item-382\"><a href=\"https:\/\/bettstruckparts.com\/es\/truck-repair\/truck-wheel-alignments\/\">Servicio de alineaci\u00f3n de ruedas<\/a><\/li>\n<li id=\"menu-item-381\" class=\"menu-item menu-item-type-post_type menu-item-object-page menu-item-381\"><a href=\"https:\/\/bettstruckparts.com\/es\/truck-repair\/auxiliary-power\/\">Alimentaci\u00f3n auxiliar<\/a><\/li>\n<li id=\"menu-item-380\" class=\"menu-item menu-item-type-post_type menu-item-object-page menu-item-380\"><a href=\"https:\/\/bettstruckparts.com\/es\/truck-repair\/brake-services\/\">Servicios de reparaci\u00f3n de frenos<\/a><\/li>\n<li id=\"menu-item-390\" class=\"menu-item menu-item-type-post_type menu-item-object-page menu-item-390\"><a href=\"https:\/\/bettstruckparts.com\/es\/truck-repair\/custom-u-bolts\/\">Pernos en U a medida<\/a><\/li>\n<li id=\"menu-item-389\" class=\"menu-item menu-item-type-post_type menu-item-object-page menu-item-389\"><a href=\"https:\/\/bettstruckparts.com\/es\/truck-repair\/dot-inspection\/\">Inspecci\u00f3n DOT<\/a><\/li>\n<li id=\"menu-item-388\" class=\"menu-item menu-item-type-post_type menu-item-object-page menu-item-388\"><a href=\"https:\/\/bettstruckparts.com\/es\/truck-repair\/drivetrain-repair\/\">Servicios de reparaci\u00f3n de trenes de transmisi\u00f3n<\/a><\/li>\n<li id=\"menu-item-387\" class=\"menu-item menu-item-type-post_type menu-item-object-page menu-item-387\"><a href=\"https:\/\/bettstruckparts.com\/es\/truck-repair\/electrical-repair\/\">Reparaci\u00f3n el\u00e9ctrica<\/a><\/li>\n<li id=\"menu-item-386\" class=\"menu-item menu-item-type-post_type menu-item-object-page menu-item-386\"><a href=\"https:\/\/bettstruckparts.com\/es\/truck-repair\/leaf-spring-repair\/\">Reparaci\u00f3n de ballestas<\/a><\/li>\n<li id=\"menu-item-385\" class=\"menu-item menu-item-type-post_type menu-item-object-page menu-item-385\"><a href=\"https:\/\/bettstruckparts.com\/es\/truck-repair\/steering-repair\/\">Reparaci\u00f3n de la direcci\u00f3n<\/a><\/li>\n<li id=\"menu-item-384\" class=\"menu-item menu-item-type-post_type menu-item-object-page menu-item-384\"><a href=\"https:\/\/bettstruckparts.com\/es\/truck-repair\/suspension-services\/\">Servicios de suspensi\u00f3n<\/a><\/li>\n<li id=\"menu-item-383\" class=\"menu-item menu-item-type-post_type menu-item-object-page menu-item-383\"><a href=\"https:\/\/bettstruckparts.com\/es\/truck-repair\/truck-axle-repair\/\">Reparaci\u00f3n de ejes de camiones<\/a><\/li>\n<\/ul><\/div><\/section>\n\t\t<\/div>\n\t<\/div>\n<\/div><\/div><\/div><div class=\"wpb_column vc_column_container vc_col-sm-9\"><div class=\"vc_column-inner vc_custom_1510682076814\"><div class=\"wpb_wrapper\"><div class=\"vc_row wpb_row vc_inner vc_row-fluid\"><div class=\"wpb_column vc_column_container vc_col-sm-12\"><div class=\"vc_column-inner\"><div class=\"wpb_wrapper\">\n\t<div class=\"wpb_text_column wpb_content_element  vc_custom_1746383357930\" >\n\t\t<div class=\"wpb_wrapper\">\n\t\t\t<h3>De humildes comienzos a socio de confianza en recambios y reparaci\u00f3n de camiones<\/h3>\n<p>Durante d\u00e9cadas, Betts Truck Parts &amp; Service ha sido una piedra angular en la industria de camiones pesados, proporcionando piezas fiables, reparaciones expertas y un servicio al cliente sin igual. Nuestra trayectoria se basa en escuchar a nuestros clientes, adaptarnos a sus necesidades y mantener un compromiso inquebrantable con la calidad. Es una historia que comenz\u00f3 no s\u00f3lo con un plan de negocio, sino con una respuesta directa a las necesidades de las personas y empresas trabajadoras que dependen de un transporte fiable.<\/p>\n<h3>La g\u00e9nesis: Respondiendo a la llamada de la experiencia en suspensiones (principios de los 70)<\/h3>\n<p>Nuestras ra\u00edces se remontan a principios de la d\u00e9cada de 1970 dentro del marco m\u00e1s amplio de Betts Company. En aquel momento, nuestros valiosos clientes, ya familiarizados con el est\u00e1ndar de calidad Betts, empezaron a expresar una clara necesidad: servicios de instalaci\u00f3n y reparaci\u00f3n fiables y expertos espec\u00edficamente para <a href=\"https:\/\/bettstruckparts.com\/es\/reparacion-de-camiones\/servicios-de-suspension\/\">servicios de suspensi\u00f3n<\/a> | aplicaciones de suspensi\u00f3n de camiones. Necesitaban algo m\u00e1s que piezas; necesitaban t\u00e9cnicos cualificados que comprendieran los entresijos de la conducci\u00f3n suave y segura de los veh\u00edculos pesados, especialmente con cargas exigentes.<br \/>\nReconociendo esta necesidad cr\u00edtica, Betts Company tom\u00f3 medidas decisivas. Establecimos nuestra primera sucursal dedicada a la distribuci\u00f3n y el servicio en <a href=\"https:\/\/bettstruckparts.com\/es\/lugares\/san-leandro\/\">San Leandro, California<\/a>. No se trataba de un mostrador de recambios m\u00e1s; este local se fund\u00f3 con el objetivo exclusivo de suministrar productos de suspensi\u00f3n de la m\u00e1xima calidad y servicios de suspensi\u00f3n especializados. Este momento crucial marc\u00f3 el establecimiento oficial de Betts Truck Parts &amp; Service, sentando las bases de la amplia red de servicios que operamos en la actualidad.<\/p>\n<h3>Construir sobre la confianza: Crecimiento y expansi\u00f3n impulsados por los clientes<\/h3>\n<p>La sucursal de San Leandro se gan\u00f3 r\u00e1pidamente una reputaci\u00f3n de excelencia. Los clientes experimentaron de primera mano la reconocida atenci\u00f3n de Betts a la calidad, el meticuloso detalle en cada reparaci\u00f3n y un nivel de atenci\u00f3n al cliente que daba prioridad a sus necesidades operativas. Estos clientes satisfechos no tardaron en animarnos a crecer. Necesitaban que el est\u00e1ndar de servicio de Betts fuera m\u00e1s accesible, y nos instaron a ampliar tanto nuestro alcance geogr\u00e1fico como nuestro <a href=\"https:\/\/bettstruckparts.com\/es\/piezas\/\">piezas para camiones<\/a>. Buscaban un socio fiable que pudiera cubrir m\u00e1s aspectos de las necesidades de mantenimiento y reparaci\u00f3n de su flota.<\/p>\n<h3>Expansi\u00f3n estrat\u00e9gica por la costa oeste (a\u00f1os 80)<\/h3>\n<p>Respondiendo directamente a este est\u00edmulo de los clientes y reconociendo una oportunidad estrat\u00e9gica, la d\u00e9cada de 1980 se convirti\u00f3 en un per\u00edodo de crecimiento significativo para Betts Truck Parts &amp; Service. Mientras que muchas empresas de fabricaci\u00f3n y proveedores de servicios abandonaban California y otras partes de EE.UU. debido al aumento de los costes operativos, Betts Company redobl\u00f3 su compromiso. Optamos por diversificar y ampliar estrat\u00e9gicamente nuestra huella de servicios.<br \/>\nEn esta \u00e9poca, Betts Truck Parts &amp; Service pas\u00f3 de tener una \u00fanica sede en San Leandro a contar con una s\u00f3lida red de sucursales en todo el mundo. <a href=\"https:\/\/bettstruckparts.com\/es\/lugares\/\">lugares<\/a> en California, Arizona y Oreg\u00f3n. Esta expansi\u00f3n calculada no consist\u00eda simplemente en a\u00f1adir puntos en un mapa; se trataba de llevar la fiabilidad <a href=\"https:\/\/bettstruckparts.com\/es\/reparacion-de-camiones\/\">reparaci\u00f3n de camiones pesados<\/a> y piezas de calidad m\u00e1s cerca de los clientes que depend\u00edan de nosotros, reforzando nuestra presencia en los principales centros de transporte de todo el Oeste.<\/p>\n<h3>Una fe inquebrantable en la calidad y en la empresa estadounidense<\/h3>\n<p>Nuestra expansi\u00f3n durante un per\u00edodo de contracci\u00f3n industrial pone de relieve un principio b\u00e1sico de la filosof\u00eda de Betts: la firme creencia en la promesa y el potencial de las empresas estadounidenses y la importancia de invertir en las comunidades a las que servimos. Mientras otros se deslocalizaban, Betts invert\u00eda en infraestructura, t\u00e9cnicos e inventario para servir mejor a la industria nacional del transporte por carretera.<br \/>\nEste compromiso va m\u00e1s all\u00e1 de la mera ubicaci\u00f3n. Est\u00e1 entretejido en el tejido de nuestras operaciones, desde el aprovisionamiento y el almacenamiento exclusivo de productos de alta calidad, hasta la gesti\u00f3n de la cadena de suministro. <a href=\"https:\/\/bettstruckparts.com\/es\/piezas\/\">piezas para camiones pesados<\/a> a la contrataci\u00f3n de t\u00e9cnicos cualificados y certificados dedicados a ofrecer reparaciones fiables. Nuestra diversificaci\u00f3n en m\u00faltiples centros de servicio y l\u00edneas de productos garantiza estabilidad y resistencia, lo que nos permite mantener una posici\u00f3n de liderazgo.<\/p>\n<h3>Su socio a largo plazo<\/h3>\n<p>En la actualidad, Betts Truck Parts &amp; Service sigue construyendo sobre este legado. Nuestro crecimiento estrat\u00e9gico y diversificaci\u00f3n han consolidado a Betts Company y sus divisiones como l\u00edderes en mercados seleccionados. Estamos comprometidos a servir a la industria de camiones pesados - desde los grandes gestores de flotas a los propietarios-operadores independientes - durante muchas generaciones por venir.<br \/>\nDesde nuestro enfoque inicial en la suspensi\u00f3n hasta nuestra amplia oferta actual, nuestra misi\u00f3n sigue siendo la misma: ofrecer una calidad excepcional, un servicio detallado y una atenci\u00f3n al cliente inquebrantable. Le invitamos a experimentar la diferencia Betts. Contacte con nosotros - <a href=\"https:\/\/bettstruckparts.com\/es\/contacto\/\">Contacte con Betts Truck Parts &amp; Service<\/a> hoy mismo para obtener m\u00e1s informaci\u00f3n sobre nuestros servicios o encontrar un centro cerca de usted.<\/p>\n\n\t\t<\/div>\n\t<\/div>\n<\/div><\/div><\/div><\/div><\/div><\/div><\/div><\/div>\n<\/div>","protected":false},"excerpt":{"rendered":"<p>Nuestro legado: La Historia de Betts Truck Parts &amp; Service - D\u00e9cadas de Calidad y Compromiso Reparaci\u00f3n de CamionesControl de Suspensi\u00f3n Servicio de Alineaci\u00f3n de Ruedas Potencia Auxiliar Reparaci\u00f3n de Frenos Pernos en U a la Medida Inspecci\u00f3n DOT Servicios de Reparaci\u00f3n del Tren de Tracci\u00f3n Reparaci\u00f3n El\u00e9ctrica Reparaci\u00f3n de Ballestas Reparaci\u00f3n de la Direcci\u00f3n Servicios de Suspensi\u00f3n Reparaci\u00f3n de Ejes de Camiones De Humildes Comienzos a Socio de Confianza en Piezas para Camiones...<\/p>","protected":false},"author":4,"featured_media":48,"parent":77,"menu_order":0,"comment_status":"closed","ping_status":"closed","template":"template-microsite.php","meta":{"footnotes":""},"class_list":["post-2683","page","type-page","status-publish","has-post-thumbnail","hentry","description-off"],"_links":{"self":[{"href":"https:\/\/bettstruckparts.com\/es\/wp-json\/wp\/v2\/pages\/2683","targetHints":{"allow":["GET"]}}],"collection":[{"href":"https:\/\/bettstruckparts.com\/es\/wp-json\/wp\/v2\/pages"}],"about":[{"href":"https:\/\/bettstruckparts.com\/es\/wp-json\/wp\/v2\/types\/page"}],"author":[{"embeddable":true,"href":"https:\/\/bettstruckparts.com\/es\/wp-json\/wp\/v2\/users\/4"}],"replies":[{"embeddable":true,"href":"https:\/\/bettstruckparts.com\/es\/wp-json\/wp\/v2\/comments?post=2683"}],"version-history":[{"count":0,"href":"https:\/\/bettstruckparts.com\/es\/wp-json\/wp\/v2\/pages\/2683\/revisions"}],"up":[{"embeddable":true,"href":"https:\/\/bettstruckparts.com\/es\/wp-json\/wp\/v2\/pages\/77"}],"wp:featuredmedia":[{"embeddable":true,"href":"https:\/\/bettstruckparts.com\/es\/wp-json\/wp\/v2\/media\/48"}],"wp:attachment":[{"href":"https:\/\/bettstruckparts.com\/es\/wp-json\/wp\/v2\/media?parent=2683"}],"curies":[{"name":"wp","href":"https:\/\/api.w.org\/{rel}","templated":true}]}}