{"id":2286,"date":"2020-10-05T14:46:44","date_gmt":"2020-10-05T22:46:44","guid":{"rendered":"https:\/\/bettstruckparts.com\/?page_id=2286"},"modified":"2026-01-16T14:39:28","modified_gmt":"2026-01-16T22:39:28","slug":"leaf-spring-repair-sacramento","status":"publish","type":"page","link":"https:\/\/bettstruckparts.com\/es\/leaf-spring-repair-sacramento\/","title":{"rendered":"Leaf Spring Sacramento"},"content":{"rendered":"<div class=\"wpb-content-wrapper\"><div class=\"vc_row wpb_row vc_row-fluid vc_custom_1745410779801\"><div class=\"wpb_column vc_column_container vc_col-sm-12\"><div class=\"vc_column-inner\"><div class=\"wpb_wrapper\">\n\t<div class=\"wpb_text_column wpb_content_element\" >\n\t\t<div class=\"wpb_wrapper\">\n\t\t\t<h1 style=\"text-align: center;\"><strong>Reparaci\u00f3n de ballestas en Sacramento<\/strong><\/h1>\n<h2 style=\"text-align: center;\"><strong> Servicio y reemplazo experto en Betts Truck Parts &amp; Service<\/strong><\/h2>\n<p>&nbsp;<\/p>\n<h2 style=\"text-align: center;\"><span style=\"color: #ad1818;\">Para programar una reparaci\u00f3n de ballesta o hablar con nuestro gerente de servicio, llame al <a href=\"tel:(916)928-3818\">(916) 928-3818<\/a><\/span><\/h2>\n\n\t\t<\/div>\n\t<\/div>\n<div class=\"ubtn-ctn-center\"><a class=\"ubtn-link ult-adjust-bottom-margin ubtn-center ubtn-normal\" href=\"tel:916-928-3818\" ><button type=\"button\" id=\"ubtn-5654\"  class=\"ubtn ult-adjust-bottom-margin ult-responsive ubtn-normal ubtn-fade-bg  none  ubtn-center   tooltip-69f9cb0d781ed\"  data-hover=\"#FFFFFF\" data-border-color=\"#AD172B\" data-bg=\"#FFFFFF00\" data-hover-bg=\"#AD172B\" data-border-hover=\"#FFFFFF\" data-shadow-hover=\"\" data-shadow-click=\"none\" data-shadow=\"\" data-shd-shadow=\"\"  data-ultimate-target='#ubtn-5654'  data-responsive-json-new='{\"font-size\":\"desktop:16px;\",\"line-height\":\"\"}'  style=\"font-weight:bold;border-radius:15px;border-width:3px;border-color:#AD172B;border-style:solid;background: #FFFFFF00;color: #AD172B;\"><span class=\"ubtn-hover\" style=\"background-color:#AD172B\"><\/span><span class=\"ubtn-data ubtn-text\" >Haga clic para llamar<\/span><\/button><\/a><\/div><\/div><\/div><\/div><\/div><div class=\"vc_row wpb_row vc_row-fluid vc_custom_1744572425853\"><div class=\"wpb_column vc_column_container vc_col-sm-12\"><div class=\"vc_column-inner\"><div class=\"wpb_wrapper\">\n\t<div class=\"wpb_text_column wpb_content_element\" >\n\t\t<div class=\"wpb_wrapper\">\n\t\t\t<p>\u00bfSu cami\u00f3n o remolque se hunde, chirr\u00eda o tiene un manejo brusco? Estos son signos reveladores de ballestas da\u00f1adas o desgastadas. No ponga en peligro el rendimiento y la seguridad de su veh\u00edculo: p\u00f3ngase en contacto con Betts Truck Parts &amp; Service para obtener asesoramiento experto. <strong>reparaci\u00f3n de ballestas en Sacramento.<\/strong><\/p>\n<p>Somos el proveedor l\u00edder de <strong>servicios de ballestas en el <a href=\"https:\/\/bettstruckparts.com\/es\/lugares\/sacramento\/\">\u00c1rea de Sacramento,<\/a><\/strong> ofreciendo soluciones integrales para camiones, remolques y otros veh\u00edculos diversos.<\/p>\n<p>En Betts Truck Parts &amp; Service en North Sacramento, nos especializamos en proveer servicios de alta calidad. <strong>reparaci\u00f3n y sustituci\u00f3n de ballestas<\/strong> servicios para una amplia gama de veh\u00edculos, incluyendo camiones, remolques, equipos agr\u00edcolas, autobuses y m\u00e1s. Nuestros experimentados t\u00e9cnicos se dedican a garantizar que su veh\u00edculo funcione de forma segura y eficiente.<\/p>\n<h3><strong>\u00bfPor qu\u00e9 elegir Betts Truck Parts &amp; Service para sus necesidades de ballestas?<\/strong><\/h3>\n<p>&nbsp;<\/p>\n<div id=\"attachment_2287\" style=\"width: 370px\" class=\"wp-caption alignleft\"><img decoding=\"async\" aria-describedby=\"caption-attachment-2287\" class=\"wp-image-2287\" src=\"https:\/\/bettstruckparts.com\/wp-content\/uploads\/2020\/10\/DSC06858-300x200.jpg\" alt=\"Sustituci\u00f3n de ballestas Sacramento\" width=\"360\" height=\"240\" srcset=\"https:\/\/bettstruckparts.com\/wp-content\/uploads\/2020\/10\/DSC06858-300x200.jpg 300w, https:\/\/bettstruckparts.com\/wp-content\/uploads\/2020\/10\/DSC06858-1024x684.jpg 1024w, https:\/\/bettstruckparts.com\/wp-content\/uploads\/2020\/10\/DSC06858-768x513.jpg 768w, https:\/\/bettstruckparts.com\/wp-content\/uploads\/2020\/10\/DSC06858-1536x1026.jpg 1536w\" sizes=\"(max-width: 360px) 100vw, 360px\" \/><p id=\"caption-attachment-2287\" class=\"wp-caption-text\">Servicio de Reparaci\u00f3n de Leaf Spring en Sacramento. Betts Truck Parts &amp; Service es su proveedor l\u00edder de reparaci\u00f3n de ballestas en el \u00e1rea de Sacramento.<\/p><\/div>\n<ul>\n<li><strong>Especialistas en ballestas<\/strong>: Nuestros t\u00e9cnicos altamente cualificados poseen un profundo conocimiento de los sistemas de ballestas y son expertos en diagnosticar y resolver una amplia gama de problemas.<\/li>\n<li><strong>Servicios integrales:<\/strong> We offer a complete range of services, from minor leaf spring repair to full leaf spring replacement in Sacramento, custom leaf spring manufacturing, and suspension and <a href=\"https:\/\/bettstruckparts.com\/es\/reparacion-de-camiones\/reparacion-de-la-direccion\/sacramento-ca\/\">steering repairs<\/a>.<\/li>\n<li><strong>Amplia gama de veh\u00edculos atendidos:<\/strong> Atendemos a una amplia gama de veh\u00edculos, incluidos camiones de las clases 6, 7 y 8, camiones ligeros y semipesados, veh\u00edculos todoterreno, camionetas, autobuses, camiones gr\u00faa, veh\u00edculos utilitarios, cabezas tractoras y maquinaria agr\u00edcola.<\/li>\n<li><strong>Fabricaci\u00f3n de ballestas a medida:<\/strong> \u00bfNecesita una configuraci\u00f3n espec\u00edfica de ballesta para una aplicaci\u00f3n especializada? Podemos fabricar ballestas a medida para satisfacer sus requisitos exactos.<\/li>\n<li><strong><a href=\"https:\/\/bettstruckparts.com\/es\/piezas\/\">Piezas de cami\u00f3n de alta calidad<\/a>:<\/strong> Como distribuidor de confianza de repuestos para camiones pesados, utilizamos s\u00f3lo componentes y ballestas de marca y de alta calidad para garantizar un rendimiento y una fiabilidad duraderos. Somos Betts Truck Parts Sacramento, un nombre en el que puede confiar.<\/li>\n<li><strong>Compromiso con la satisfacci\u00f3n del cliente:<\/strong> Nos dedicamos a proporcionar un servicio al cliente excepcional y a superar sus expectativas. Su seguridad y satisfacci\u00f3n son nuestras principales prioridades.<\/li>\n<li><strong>Reputaci\u00f3n experimentada:<\/strong> Conocidos originalmente como Betts Spring Manufacturing en San Francisco, hemos construido nuestra reputaci\u00f3n desde nuestros comienzos en el \u00c1rea de la Bah\u00eda proporcionando un servicio experto y una reparaci\u00f3n y sustituci\u00f3n de muelles de calidad.<\/li>\n<\/ul>\n<h3><strong>Servicios Integrales de Leaf Spring en Sacramento:<\/strong><\/h3>\n<p>Ofrecemos una amplia gama de servicios relacionados con las ballestas, incluyendo:<\/p>\n<ul>\n<li><strong>Reparaci\u00f3n y sustituci\u00f3n de ballestas para camiones pesados<\/strong><\/li>\n<li><strong>Muelles de recambio para camiones ligeros y medianos<\/strong><\/li>\n<li><strong>Sustituci\u00f3n de ballestas y reparaci\u00f3n de ballestas para remolques<\/strong><\/li>\n<li><strong>Reparaci\u00f3n o sustituci\u00f3n de ballestas para maquinaria agr\u00edcola<\/strong><\/li>\n<li><strong>Reparaci\u00f3n y sustituci\u00f3n de ballestas para autobuses, veh\u00edculos utilitarios y veh\u00edculos de emergencia<\/strong><\/li>\n<li><strong>Fabricaci\u00f3n de ballestas a medida<\/strong><\/li>\n<li><strong>Reparaci\u00f3n de suspensi\u00f3n y direcci\u00f3n<\/strong><\/li>\n<\/ul>\n<h3><strong>Reconocer los signos de un resorte de ballesta en mal estado: Sea proactivo en el mantenimiento<\/strong><\/h3>\n<p>La identificaci\u00f3n temprana de posibles problemas con las ballestas puede ahorrarle tiempo, dinero y posibles riesgos para la seguridad. Est\u00e9 atento a estos signos comunes de que las ballestas est\u00e1n fallando:<\/p>\n<ul>\n<li><strong>Hojas agrietadas o rotas:<\/strong> \u00c9ste es el indicador m\u00e1s obvio. Si observa grietas o roturas en las hojas, es necesario sustituirlas o repararlas de inmediato.<\/li>\n<li><strong>Sonidos chirriantes:<\/strong> Un chirrido persistente cuando el cami\u00f3n est\u00e1 en movimiento puede indicar la rotura de un clip o de un perno central. Tambi\u00e9n es posible que veas que las hojas se abren en abanico.<\/li>\n<li><strong>Flacidez en la espalda:<\/strong> Com\u00fanmente observado en camionetas que han transportado cargas pesadas durante per\u00edodos prolongados, esto indica que las ballestas se han \u201cfijado\u201d permanentemente.\u201d<\/li>\n<li><strong>Veh\u00edculo inclinado hacia un lado:<\/strong> Esto puede significar la rotura de una ballesta o un desequilibrio en la suspensi\u00f3n, lo que afecta especialmente a los veh\u00edculos utilitarios con grandes pesos en un lado (por ejemplo, camiones gr\u00faa).<\/li>\n<li><strong>Manipulaci\u00f3n y remolque de cargas problem\u00e1ticas:<\/strong> Si tiene dificultades para manejar o remolcar cargas, es posible que las ballestas est\u00e9n desgastadas y no puedan proporcionar el apoyo adecuado. Tambi\u00e9n es posible que notes que las ballestas est\u00e1n \u201casentadas\u201d y ya no amortiguan el veh\u00edculo.<\/li>\n<li><strong>La suspensi\u00f3n toca fondo<\/strong>: O\u00edr que la suspensi\u00f3n toca fondo al golpear baches o v\u00edas de tren indica que los muelles ya no absorben eficazmente el peso del veh\u00edculo.<\/li>\n<\/ul>\n<p>No ignore estas se\u00f1ales de advertencia. P\u00f3ngase en contacto con Betts Truck Parts &amp; Service Sacramento para una inspecci\u00f3n minuciosa de ballestas.<\/p>\n<h3><strong>Servicio r\u00e1pido y fiable de reparaci\u00f3n de ballestas en Sacramento<\/strong><\/h3>\n<p>Para un servicio de reparaci\u00f3n de ballestas r\u00e1pido y fiable, p\u00f3ngase en contacto con nuestra sucursal de Sacramento hoy mismo. Estamos comprometidos a proporcionarle la experiencia y piezas de calidad que necesita para mantener sus veh\u00edculos funcionando de forma segura y eficiente.<\/p>\n<div id=\"attachment_2247\" style=\"width: 245px\" class=\"wp-caption alignleft\"><a href=\"https:\/\/bettstruckparts.com\/es\/sacramento\/\" target=\"_blank\" rel=\"noopener noreferrer\"><img decoding=\"async\" aria-describedby=\"caption-attachment-2247\" class=\"wp-image-2247 size-full\" src=\"https:\/\/bettstruckparts.com\/wp-content\/uploads\/2020\/08\/SAC_MG_9664-web.jpg\" alt=\"Betts Truck Parts Sacramento\" width=\"235\" height=\"350\" srcset=\"https:\/\/bettstruckparts.com\/wp-content\/uploads\/2020\/08\/SAC_MG_9664-web.jpg 235w, https:\/\/bettstruckparts.com\/wp-content\/uploads\/2020\/08\/SAC_MG_9664-web-201x300.jpg 201w\" sizes=\"(max-width: 235px) 100vw, 235px\" \/><\/a><p id=\"caption-attachment-2247\" class=\"wp-caption-text\">Betts Truck Parts &amp; Service, Sacramento, ofrece tanto piezas de marca para servicio pesado como reparaciones especializadas en Sacramento, California.<\/p><\/div>\n<p><strong>Betts Truck Parts &amp; Service Sacramento<\/strong><\/p>\n\n\t\t<\/div>\n\t<\/div>\n\n\t<div class=\"wpb_raw_code wpb_raw_html wpb_content_element\" >\n\t\t<div class=\"wpb_wrapper\">\n\t\t\t<div itemprop=\"address\" itemscope itemtype=\"http:\/\/schema.org\/PostalAddress\">\n<p><span itemprop=\"streetAddress\"><strong>1121 Striker Ave.<\/strong><\/span><br>\n<strong><span itemprop=\"addressLocality\">Sacramento<\/span>,\u00a0<span itemprop=\"addressRegion\">CA<\/span>\u00a0<span itemprop=\"postalCode\">95834<\/span><\/strong><br>\n<span itemprop=\"telephone\"><strong>Tel\u00e9fono<\/strong>:\u00a0916.928.3818<\/span><br>\n<strong>Tel\u00e9fono gratuito<\/strong>:\u00a0800.704.4089<br><\/p>\n\t\t<\/div>\n\t<\/div>\n\n\t<div class=\"wpb_text_column wpb_content_element\" >\n\t\t<div class=\"wpb_wrapper\">\n\t\t\t<p><strong>Horario:<\/strong><br \/>\nConsulte nuestro horario de trabajo <a href=\"https:\/\/bettstruckparts.com\/es\/lugares\/sacramento\/\">AQU\u00cd<\/a><\/p>\n\n\t\t<\/div>\n\t<\/div>\n<\/div><\/div><\/div><\/div><div class=\"vc_row wpb_row vc_row-fluid\"><div class=\"wpb_column vc_column_container vc_col-sm-6\"><div class=\"vc_column-inner\"><div class=\"wpb_wrapper\">\n\t<div class=\"wpb_text_column wpb_content_element\" >\n\t\t<div class=\"wpb_wrapper\">\n\t\t\t<p><em>\"Llevo acudiendo a estos tipos m\u00e1s de 20 a\u00f1os, est\u00e1n en toda la costa oeste. Servicio a domicilio. Stocked everytime. Todo lo relacionado con el tren de transmisi\u00f3n en un peque\u00f1o. Camiones medianos y grandes.<br \/>\n<\/em>&#8211; <em><strong>Kage T., Sacramento<\/strong><\/em><\/p>\n\n\t\t<\/div>\n\t<\/div>\n<\/div><\/div><\/div><div class=\"wpb_column vc_column_container vc_col-sm-6\"><div class=\"vc_column-inner\"><div class=\"wpb_wrapper\">\n\t<div class=\"wpb_text_column wpb_content_element\" >\n\t\t<div class=\"wpb_wrapper\">\n\t\t\t<p><em>\"Un sitio estupendo, me atendieron enseguida y me solucionaron el problema\".<br \/>\n<\/em>&#8211;\u00a0<em><strong>Tim M., Sacramento<\/strong><\/em><\/p>\n\n\t\t<\/div>\n\t<\/div>\n<\/div><\/div><\/div><\/div><div class=\"vc_row wpb_row vc_row-fluid\"><div class=\"wpb_column vc_column_container vc_col-sm-12\"><div class=\"vc_column-inner\"><div class=\"wpb_wrapper\"><div id='wrap_map_69f9cb0d78e3e' class='ultimate-map-wrapper ult-adjust-bottom-margin' style=' height:300px;'><div id='map_69f9cb0d78e3e' data-map_override='0' class='ultimate_google_map wpb_content_element 0' style='width:100%;height:300px;'><\/div><\/div><script type='text\/javascript'>\n\t\t\t(function($) {\n  \t\t\t'use strict';\n\t\t\tvar map_map_69f9cb0d78e3e = null;\n\t\t\tvar coordinate_map_69f9cb0d78e3e;\n\t\t\tvar isDraggable = $(document).width() > 641 ? 'true' : 'true';\n\t\t\ttry\n\t\t\t{\n\t\t\t\tvar map_map_69f9cb0d78e3e = null;\n\t\t\t\tvar coordinate_map_69f9cb0d78e3e;\n\t\t\t\tcoordinate_map_69f9cb0d78e3e = new google.maps.LatLng(38.688994, -121.48922);\n\t\t\t\tvar mapOptions=\n\t\t\t\t{\n\t\t\t\t\tzoom: 12,\n\t\t\t\t\tcenter: coordinate_map_69f9cb0d78e3e,\n\t\t\t\t\tscaleControl: true,\n\t\t\t\t\tstreetViewControl: false,\n\t\t\t\t\tmapTypeControl: false,\n\t\t\t\t\tpanControl: false,\n\t\t\t\t\tzoomControl: false,\n\t\t\t\t\tscrollwheel: true,\n\t\t\t\t\tdraggable: isDraggable,\n\t\t\t\t\tzoomControlOptions: {\n\t\t\t\t\t\tposition: google.maps.ControlPosition.right_bottom\n\t\t\t\t\t},mapTypeId: google.maps.MapTypeId.roadmap,};var map_map_69f9cb0d78e3e = new google.maps.Map(document.getElementById('map_69f9cb0d78e3e'),mapOptions);\n\t\t\t\t\t\tvar x = 'infowindow_open_value';\n\t\t\t\t\t\tvar marker_map_69f9cb0d78e3e = new google.maps.Marker({\n\t\t\t\t\t\tposition: new google.maps.LatLng('38.688994', '-121.48922'),\n\t\t\t\t\t\tanimation:  google.maps.Animation.DROP,\n\t\t\t\t\t\tmap: map_map_69f9cb0d78e3e,\n\t\t\t\t\t\ticon: ''\n\t\t\t\t\t});\tgoogle.maps.event.addListener(marker_map_69f9cb0d78e3e, 'click', toggleBounce);}\n\t\t\tcatch(e){};\n\t\t\tjQuery(document).ready(function($){\n\t\t\t\tgoogle.maps.event.trigger(map_map_69f9cb0d78e3e, 'resize');\n\t\t\t\t$(window).on('resize', function(){\n\t\t\t\t\tgoogle.maps.event.trigger(map_map_69f9cb0d78e3e, 'resize');\n\t\t\t\t\tif(map_map_69f9cb0d78e3e!=null)\n\t\t\t\t\t\tmap_map_69f9cb0d78e3e.setCenter(coordinate_map_69f9cb0d78e3e);\n\t\t\t\t});\n\t\t\t\t$('.ui-tabs').on('tabsactivate', function(event, ui) {\n\t\t\t\t   if($(this).find('.ultimate-map-wrapper').length > 0)\n\t\t\t\t\t{\n\t\t\t\t\t\tsetTimeout(function(){\n\t\t\t\t\t\t\t$(window).trigger('resize');\n\t\t\t\t\t\t},200);\n\t\t\t\t\t}\n\t\t\t\t});\n\t\t\t\t$('.ui-accordion').on('accordionactivate', function(event, ui) {\n\t\t\t\t   if($(this).find('.ultimate-map-wrapper').length > 0)\n\t\t\t\t\t{\n\t\t\t\t\t\tsetTimeout(function(){\n\t\t\t\t\t\t\t$(window).trigger('resize');\n\t\t\t\t\t\t},200);\n\t\t\t\t\t}\n\t\t\t\t});\n\t\t\t\t$(window).on('load',function(){\n\t\t\t\t\tsetTimeout(function(){\n\t\t\t\t\t\t$(window).trigger('resize');\n\t\t\t\t\t},200);\n\t\t\t\t});\n\t\t\t\t$('.ult_exp_section').on('select', function(){\n\t\t\t\t\tif($(map_map_69f9cb0d78e3e).parents('.ult_exp_section'))\n\t\t\t\t\t{\n\t\t\t\t\t\tsetTimeout(function(){\n\t\t\t\t\t\t\t$(window).trigger('resize');\n\t\t\t\t\t\t},200);\n\t\t\t\t\t}\n\t\t\t\t});\n\t\t\t\t$(document).on('onUVCModalPopupOpen', function(){\n\t\t\t\t\tif($(map_map_69f9cb0d78e3e).parents('.ult_modal-content'))\n\t\t\t\t\t{\n\t\t\t\t\t\tsetTimeout(function(){\n\t\t\t\t\t\t\t$(window).trigger('resize');\n\t\t\t\t\t\t},200);\n\t\t\t\t\t}\n\t\t\t\t});\n\t\t\t\t$(document).on('click','.ult_tab_li',function(){\n\t\t\t\t\t$(window).trigger('resize');\n\t\t\t\t\tsetTimeout(function(){\n\t\t\t\t\t\t$(window).trigger('resize');\n\t\t\t\t\t},200);\n\t\t\t\t});\n\t\t\t});\n\t\t\tfunction toggleBounce() {\n\t\t\t  if (marker_map_69f9cb0d78e3e.getAnimation() != null) {\n\t\t\t\tmarker_map_69f9cb0d78e3e.setAnimation(null);\n\t\t\t  } else {\n\t\t\t\tmarker_map_69f9cb0d78e3e.setAnimation(google.maps.Animation.BOUNCE);\n\t\t\t  }\n\t\t\t}\n\t\t\t})(jQuery);\n\t\t\t<\/script><div class=\"ubtn-ctn-center\"><a class=\"ubtn-link ult-adjust-bottom-margin ubtn-center ubtn-normal\" href=\"tel:916-928-3818\" ><button type=\"button\" id=\"ubtn-4632\"  class=\"ubtn ult-adjust-bottom-margin ult-responsive ubtn-normal ubtn-fade-bg  none  ubtn-center   tooltip-69f9cb0d78e7b\"  data-hover=\"#FFFFFF\" data-border-color=\"#AD172B\" data-bg=\"#FFFFFF00\" data-hover-bg=\"#AD172B\" data-border-hover=\"#FFFFFF\" data-shadow-hover=\"\" data-shadow-click=\"none\" data-shadow=\"\" data-shd-shadow=\"\"  data-ultimate-target='#ubtn-4632'  data-responsive-json-new='{\"font-size\":\"desktop:16px;\",\"line-height\":\"\"}'  style=\"font-weight:bold;border-radius:15px;border-width:3px;border-color:#AD172B;border-style:solid;background: #FFFFFF00;color: #AD172B;\"><span class=\"ubtn-hover\" style=\"background-color:#AD172B\"><\/span><span class=\"ubtn-data ubtn-text\" >Haga clic para llamar<\/span><\/button><\/a><\/div><\/div><\/div><\/div><\/div>\n<\/div>","protected":false},"excerpt":{"rendered":"<p>Leaf Spring Repair in Sacramento Expert Service &amp; Replacement at Betts Truck Parts &amp; Service &nbsp; To schedule a Leaf Spring Repair or speak with our service manager, call (916) 928-3818 Click to Call Is your truck or trailer sagging, squeaking, or experiencing rough handling? These are telltale signs of damaged or worn leaf springs.&hellip;<\/p>","protected":false},"author":4,"featured_media":0,"parent":0,"menu_order":0,"comment_status":"closed","ping_status":"closed","template":"template-microsite.php","meta":{"footnotes":""},"class_list":["post-2286","page","type-page","status-publish","hentry","description-off"],"_links":{"self":[{"href":"https:\/\/bettstruckparts.com\/es\/wp-json\/wp\/v2\/pages\/2286","targetHints":{"allow":["GET"]}}],"collection":[{"href":"https:\/\/bettstruckparts.com\/es\/wp-json\/wp\/v2\/pages"}],"about":[{"href":"https:\/\/bettstruckparts.com\/es\/wp-json\/wp\/v2\/types\/page"}],"author":[{"embeddable":true,"href":"https:\/\/bettstruckparts.com\/es\/wp-json\/wp\/v2\/users\/4"}],"replies":[{"embeddable":true,"href":"https:\/\/bettstruckparts.com\/es\/wp-json\/wp\/v2\/comments?post=2286"}],"version-history":[{"count":0,"href":"https:\/\/bettstruckparts.com\/es\/wp-json\/wp\/v2\/pages\/2286\/revisions"}],"wp:attachment":[{"href":"https:\/\/bettstruckparts.com\/es\/wp-json\/wp\/v2\/media?parent=2286"}],"curies":[{"name":"wp","href":"https:\/\/api.w.org\/{rel}","templated":true}]}}