{"id":2250,"date":"2020-08-12T12:45:28","date_gmt":"2020-08-12T20:45:28","guid":{"rendered":"https:\/\/bettstruckparts.com\/?page_id=2250"},"modified":"2026-04-23T20:04:40","modified_gmt":"2026-04-24T04:04:40","slug":"inspecciones-de-brocas","status":"publish","type":"page","link":"https:\/\/bettstruckparts.com\/es\/bit-inspections\/","title":{"rendered":"Inspecciones de brocas"},"content":{"rendered":"<div class=\"wpb-content-wrapper\"><div class=\"vc_row wpb_row vc_row-fluid\"><div class=\"wpb_column vc_column_container vc_col-sm-12\"><div class=\"vc_column-inner\"><div class=\"wpb_wrapper\">\n\t<div class=\"wpb_text_column wpb_content_element  vc_custom_1745784722290\" >\n\t\t<div class=\"wpb_wrapper\">\n\t\t\t<h1 style=\"text-align: center;\"><span style=\"color: #ad1818;\">Programe su pr\u00f3xima inspecci\u00f3n BIT con Betts Truck Parts<\/span><\/h1>\n\n\t\t<\/div>\n\t<\/div>\n<\/div><\/div><\/div><\/div><div class=\"vc_row wpb_row vc_row-fluid\"><div class=\"wpb_column vc_column_container vc_col-sm-12\"><div class=\"vc_column-inner\"><div class=\"wpb_wrapper\">\n\t<div class=\"wpb_text_column wpb_content_element\" >\n\t\t<div class=\"wpb_wrapper\">\n\t\t\t<h2>Betts ofrece inspecciones BIT para su cami\u00f3n o flota<\/h2>\n<p style=\"text-align: left;\">Betts Truck Parts &amp; Service ha estado realizando Inspecciones Bit para Propietarios Operadores y flotas de camiones comerciales durante d\u00e9cadas. Recientemente fuimos nominados por la revista Truck Parts &amp; Service como finalistas para \"Distribuidor del A\u00f1o 2020\" por nuestro compromiso con nuestros clientes.<\/p>\n<h3>Ubicaciones de Betts TPS para inspecciones BIT en California<\/h3>\n<p><a href=\"https:\/\/bettstruckparts.com\/es\/bit-inspection-sacramento\/\">Sacramento, CA BIT Inspections<\/a><\/p>\n<p><a href=\"https:\/\/bettstruckparts.com\/es\/bit-inspection-fresno-ca\/\">Fresno, CA BIT Inspections<\/a><\/p>\n<p><a href=\"https:\/\/bettstruckparts.com\/es\/bit-inspection-san-leandro-ca\/\">San Leandro, CA BIT Inspections<\/a><\/p>\n<p><a href=\"https:\/\/bettstruckparts.com\/es\/bit-inspection-fontana-ca\/\">Fontana, CA BIT Inspections<\/a><\/p>\n<p><a href=\"https:\/\/bettstruckparts.com\/es\/lugares\/valle-del-sol\/\">Sun Valley, CA BIT Inspections<\/a><\/p>\n<p><a href=\"https:\/\/bettstruckparts.com\/es\/mobile-bit-inspection-santa-fe-springs\/\">Santa Fe Springs, CA BIT Inspections<\/a><\/p>\n<p style=\"text-align: left;\">Ofrecemos un excelente servicio de atenci\u00f3n al cliente y tiempos de respuesta r\u00e1pidos para inspecciones BIT urgentes.<\/p>\n<p>Por favor, <a href=\"https:\/\/bettstruckparts.com\/es\/mobile-bit-inspection\/\">visite nuestra p\u00e1gina de inspecciones m\u00f3viles<\/a> para obtener informaci\u00f3n sobre las inspecciones m\u00f3viles que realizan nuestras sucursales en California.<\/p>\n<p><strong>Para un servicio r\u00e1pido, llame a su sucursal local para programar una inspecci\u00f3n para su cami\u00f3n o flota. Tambi\u00e9n puede concertar una cita para acudir a una de nuestras sucursales.<\/strong><\/p>\n<p><img decoding=\"async\" class=\"wp-image-2914 alignleft\" src=\"https:\/\/bettstruckparts.com\/wp-content\/uploads\/2024\/03\/BIT-Inspection-AG-Gen-150x150.png\" alt=\"Inspecci\u00f3n BIT\" width=\"221\" height=\"221\" srcset=\"https:\/\/bettstruckparts.com\/wp-content\/uploads\/2024\/03\/BIT-Inspection-AG-Gen-150x150.png 150w, https:\/\/bettstruckparts.com\/wp-content\/uploads\/2024\/03\/BIT-Inspection-AG-Gen-300x300.png 300w, https:\/\/bettstruckparts.com\/wp-content\/uploads\/2024\/03\/BIT-Inspection-AG-Gen-768x768.png 768w, https:\/\/bettstruckparts.com\/wp-content\/uploads\/2024\/03\/BIT-Inspection-AG-Gen.png 1024w\" sizes=\"(max-width: 221px) 100vw, 221px\" \/><\/p>\n<h3>\u00bfQu\u00e9 es una inspecci\u00f3n BIT?<\/h3>\n<p>Una inspecci\u00f3n BIT, t\u00e9cnicamente conocida como Inspecci\u00f3n B\u00e1sica de Terminales, es un programa en el marco de la <a title=\"CHP Inspecci\u00f3n de seguridad y mantenimiento de camiones y\/o tractores\" href=\"https:\/\/www.chp.ca.gov\/CommercialVehicleSectionSite\/Documents\/O%20chp800h.pdf\" target=\"_blank\" rel=\"noopener\">Patrulla de Carreteras de California (CHP)<\/a>. Este programa exige la inspecci\u00f3n de las terminales de los transportistas en un ciclo de 25 meses para mejorar la seguridad de los usuarios de las carreteras.<\/p>\n<h3>\u00bfQu\u00e9 ocurre durante una inspecci\u00f3n BIT?<\/h3>\n<p>Una inspecci\u00f3n BIT cubre \u00e1reas de competencia como el examen del permiso de conducir, los registros de mantenimiento y los informes de inspecci\u00f3n, y la documentaci\u00f3n de las horas de servicio.<\/p>\n<h3>\u00bfQui\u00e9n realiza una inspecci\u00f3n BIT?<\/h3>\n<p>Los profesionales responsables de una inspecci\u00f3n BIT son oficiales de CHP con formaci\u00f3n especializada en la aplicaci\u00f3n de veh\u00edculos comerciales. Betts Truck Parts puede mantenerlo preparado y en cumplimiento, lo que lo mantiene seguro y en la carretera.<\/p>\n<h3 style=\"font-weight: 400;\"><strong>Aqu\u00ed tiene una descripci\u00f3n detallada del Programa BIT de California...<\/strong><\/h3>\n<h3><strong>Programa Bienal de Inspecci\u00f3n de Terminales (BIT)<\/strong><\/h3>\n<h4 style=\"font-weight: 400;\"><strong>Autoridad:<\/strong><\/h4>\n<ul>\n<li>Realizado por la Patrulla de Carreteras de California (CHP).<\/li>\n<\/ul>\n<h4 style=\"font-weight: 400;\"><strong>Alcance:<\/strong><\/h4>\n<ul>\n<li>Espec\u00edfico del estado de California.<\/li>\n<li>Se centra en el mantenimiento y la seguridad de los veh\u00edculos comerciales que circulan por el Estado.<\/li>\n<\/ul>\n<h4 style=\"font-weight: 400;\"><strong>Frecuencia:<\/strong><\/h4>\n<ul>\n<li>Se realiza cada dos a\u00f1os (bienal).<\/li>\n<li>Pueden realizarse inspecciones m\u00e1s frecuentes en funci\u00f3n de los resultados del transportista en materia de seguridad.<\/li>\n<li>Los veh\u00edculos con un peso bruto de 10.000 libras y 3 o m\u00e1s ejes, o un peso bruto superior a 26.000 libras, requieren una inspecci\u00f3n BIT cada 90 d\u00edas.<\/li>\n<li>Las inspecciones BIT pueden ser realizadas por un centro de servicio autorizado.<\/li>\n<\/ul>\n<h3 style=\"font-weight: 400;\"><strong>Componentes:<\/strong><\/h3>\n<h4><strong>Inspecci\u00f3n del veh\u00edculo:<\/strong><\/h4>\n<ul>\n<li>Frenos<\/li>\n<li>Neum\u00e1ticos<\/li>\n<li>Ruedas<\/li>\n<li>Direcci\u00f3n<\/li>\n<li>Suspensi\u00f3n<\/li>\n<li>Iluminaci\u00f3n<\/li>\n<li>Reflectores<\/li>\n<li>Dispositivos de seguridad<\/li>\n<li>Sistemas de combustible<\/li>\n<li>Sistemas de escape<\/li>\n<\/ul>\n<h4><strong>Registros de conductores:<\/strong><\/h4>\n<ul>\n<li>Cualificaciones de los conductores<\/li>\n<li>Horas de servicio<\/li>\n<li>Cumplimiento de las pruebas de alcohol y drogas<\/li>\n<\/ul>\n<h4><strong>Registros de mantenimiento:<\/strong><\/h4>\n<ul>\n<li>Mantenimiento preventivo<\/li>\n<li>Documentaci\u00f3n de reparaci\u00f3n<\/li>\n<\/ul>\n<h4><strong>Inspecci\u00f3n terminal:<\/strong><\/h4>\n<ul>\n<li>Estado de la terminal<\/li>\n<li>Manipulaci\u00f3n y almacenamiento de materiales peligrosos<\/li>\n<\/ul>\n<h4 style=\"font-weight: 400;\"><strong>Prop\u00f3sito:<\/strong><\/h4>\n<ul>\n<li>Garantiza el cumplimiento de las normas de seguridad y mantenimiento de California para veh\u00edculos comerciales.<\/li>\n<li>Promueve la seguridad y fiabilidad de las flotas comerciales en el Estado.<\/li>\n<\/ul>\n\n\t\t<\/div>\n\t<\/div>\n<\/div><\/div><\/div><\/div><div class=\"vc_row wpb_row vc_row-fluid\"><div class=\"wpb_column vc_column_container vc_col-sm-12\"><div class=\"vc_column-inner\"><div class=\"wpb_wrapper\"><div class=\"vc_empty_space\"   style=\"height: 32px\"><span class=\"vc_empty_space_inner\"><\/span><\/div><\/div><\/div><\/div><\/div><div class=\"vc_row wpb_row vc_row-fluid\"><div class=\"wpb_column vc_column_container vc_col-sm-12\"><div class=\"vc_column-inner\"><div class=\"wpb_wrapper\">\n\t<div class=\"wpb_text_column wpb_content_element\" >\n\t\t<div class=\"wpb_wrapper\">\n\t\t\t<h2><span style=\"color: #a11b1b;\">Preguntas frecuentes sobre la inspecci\u00f3n BIT<\/span><\/h2>\n\n\t\t<\/div>\n\t<\/div>\n<div  class=\"vc_do_toggle vc_toggle vc_toggle_default vc_toggle_color_default  vc_toggle_size_md\"><div class=\"vc_toggle_title\"><h4>\u00bfPor qu\u00e9 elegir Betts Truck Parts?<\/h4><i class=\"vc_toggle_icon\"><\/i><\/div><div class=\"vc_toggle_content\"><p>Betts Truck Parts se ha centrado en proporcionar una experiencia de cliente de \u00e9lite. Recientemente hemos sido finalistas en Truck Parts &amp; Service Magazine -una publicaci\u00f3n nacional del sector- como <strong>Finalista<\/strong> para <strong>Distribuidor del A\u00f1o 2020<\/strong>.<\/p>\n<p>Contamos con m\u00e1s de 30 a\u00f1os de experiencia y ofrecemos servicios de inspecci\u00f3n de camiones comerciales r\u00e1pidos y eficaces en Sacramento para mantenerle en cumplimiento y en la carretera.<\/p>\n<p>Tenemos 6 ubicaciones adicionales en California, Oreg\u00f3n y Arizona para servir a su flota.<\/p>\n<\/div><\/div><div  class=\"vc_do_toggle vc_toggle vc_toggle_default vc_toggle_color_default  vc_toggle_size_md\"><div class=\"vc_toggle_title\"><h4>\u00bfD\u00f3nde se realizan las inspecciones m\u00f3viles?<\/h4><i class=\"vc_toggle_icon\"><\/i><\/div><div class=\"vc_toggle_content\"><p>Betts Truck Parts &amp; Service realiza inspecciones BIT en Sacramento, San Leandro, Fresno, Fontana, Sun Valley (CA) y Santa Fe Springs, California. Con seis lugares de California que realizan inspecciones BIT, tenemos su cami\u00f3n o flota cubierto en todo el Estado.<\/p>\n<\/div><\/div><div  class=\"vc_do_toggle vc_toggle vc_toggle_default vc_toggle_color_default  vc_toggle_size_md\"><div class=\"vc_toggle_title\"><h4>\u00bfSon bienales las inspecciones BIT de California?<\/h4><i class=\"vc_toggle_icon\"><\/i><\/div><div class=\"vc_toggle_content\"><p>La legislaci\u00f3n californiana de principios de 2016 modific\u00f3 la anterior normativa de \"Inspecci\u00f3n bienal de terminales\".<\/p>\n<p>Tras este cambio, las inspecciones ya no son bienales. CHP puede inspeccionar una terminal cuando lo desee.<\/p>\n<p>Las terminales que reciban una calificaci\u00f3n \"satisfactoria\" s\u00f3lo podr\u00e1n ser inspeccionadas cada varios a\u00f1os. Las terminales que reciban una calificaci\u00f3n \"insatisfactoria\" volver\u00e1n a ser inspeccionadas por CHP en un plazo de 120 d\u00edas.<\/p>\n<\/div><\/div><div  class=\"vc_do_toggle vc_toggle vc_toggle_default vc_toggle_color_default  vc_toggle_size_md\"><div class=\"vc_toggle_title\"><h4>\u00bfC\u00f3mo me ayudar\u00e1n las Betts Truck Parts a seguir cumpliendo la normativa?<\/h4><i class=\"vc_toggle_icon\"><\/i><\/div><div class=\"vc_toggle_content\"><p>Le proporcionamos los informes necesarios para cumplir la normativa, que incluyen informaci\u00f3n de mantenimiento que satisface los requisitos de una inspecci\u00f3n BIT. Nuestro software nos recordar\u00e1 cu\u00e1ndo sus veh\u00edculos deben someterse a una inspecci\u00f3n BIT para que usted siga cumpliendo la normativa.<\/p>\n<p>Si desea hablar directamente con nuestro jefe de servicio en Sacramento sobre las inspecciones m\u00f3viles BIT, llame a nuestra sucursal de Sacramento al 916.928.3818.<\/p>\n<\/div><\/div><div  class=\"vc_do_toggle vc_toggle vc_toggle_default vc_toggle_color_default  vc_toggle_size_md\"><div class=\"vc_toggle_title\"><h4>\u00bfQu\u00e9 veh\u00edculos deben inspeccionarse cada 90 d\u00edas?<\/h4><i class=\"vc_toggle_icon\"><\/i><\/div><div class=\"vc_toggle_content\"><p>Los veh\u00edculos con un peso bruto de 10.000 libras y 3 o m\u00e1s ejes, o un peso bruto superior a 26.000 libras, deben someterse a una inspecci\u00f3n BIT cada 90 d\u00edas. La inspecci\u00f3n BIT debe realizarla un centro de servicio autorizado.<\/p>\n<p>Aseg\u00farese de llevar un registro preciso y actualizado de los conductores y de los registros de mantenimiento de su veh\u00edculo.<\/p>\n<\/div><\/div><\/div><\/div><\/div><\/div><div class=\"vc_row wpb_row vc_row-fluid\"><div class=\"wpb_column vc_column_container vc_col-sm-12\"><div class=\"vc_column-inner\"><div class=\"wpb_wrapper\"><div class=\"vc_empty_space\"   style=\"height: 32px\"><span class=\"vc_empty_space_inner\"><\/span><\/div><\/div><\/div><\/div><\/div><div class=\"vc_row wpb_row vc_row-fluid\"><div class=\"wpb_column vc_column_container vc_col-sm-6\"><div class=\"vc_column-inner\"><div class=\"wpb_wrapper\">\n\t<div class=\"wpb_text_column wpb_content_element\" >\n\t\t<div class=\"wpb_wrapper\">\n\t\t\t<p><em>\"Gran servicio y experiencia. Todo el equipo fue genial, pero Manny y el equipo del taller fueron m\u00e1s all\u00e1 para asegurarse de que me atendieran.\"<br \/>\n<\/em>&#8211; <em><strong>Jose P., Fontana (Julio 2020)<\/strong><\/em><\/p>\n\n\t\t<\/div>\n\t<\/div>\n<\/div><\/div><\/div><div class=\"wpb_column vc_column_container vc_col-sm-6\"><div class=\"vc_column-inner\"><div class=\"wpb_wrapper\">\n\t<div class=\"wpb_text_column wpb_content_element\" >\n\t\t<div class=\"wpb_wrapper\">\n\t\t\t<p><em>\"A good place to fix trailers and good price \/ Un buen lugar para arreglar remolques y buen precio\"<br \/>\n<\/em>&#8211;\u00a0<em><strong>Jugo C., San Leandro<\/strong><\/em><\/p>\n\n\t\t<\/div>\n\t<\/div>\n<\/div><\/div><\/div><\/div>\n<\/div>","protected":false},"excerpt":{"rendered":"<p>Schedule Your Next BIT Inspection With Betts Truck Parts Betts Offers BIT Inspections For Your Truck or Fleet Betts Truck Parts &amp; Service has been performing Bit Inspections for Owner Operators and commercial truck fleets for decades. We were recently nominated by Truck Parts &amp; Service Magazine as a finalist for &#8220;Distributor of the Year&hellip;<\/p>","protected":false},"author":4,"featured_media":2914,"parent":0,"menu_order":0,"comment_status":"closed","ping_status":"closed","template":"","meta":{"footnotes":""},"class_list":["post-2250","page","type-page","status-publish","has-post-thumbnail","hentry","description-off"],"_links":{"self":[{"href":"https:\/\/bettstruckparts.com\/es\/wp-json\/wp\/v2\/pages\/2250","targetHints":{"allow":["GET"]}}],"collection":[{"href":"https:\/\/bettstruckparts.com\/es\/wp-json\/wp\/v2\/pages"}],"about":[{"href":"https:\/\/bettstruckparts.com\/es\/wp-json\/wp\/v2\/types\/page"}],"author":[{"embeddable":true,"href":"https:\/\/bettstruckparts.com\/es\/wp-json\/wp\/v2\/users\/4"}],"replies":[{"embeddable":true,"href":"https:\/\/bettstruckparts.com\/es\/wp-json\/wp\/v2\/comments?post=2250"}],"version-history":[{"count":0,"href":"https:\/\/bettstruckparts.com\/es\/wp-json\/wp\/v2\/pages\/2250\/revisions"}],"wp:featuredmedia":[{"embeddable":true,"href":"https:\/\/bettstruckparts.com\/es\/wp-json\/wp\/v2\/media\/2914"}],"wp:attachment":[{"href":"https:\/\/bettstruckparts.com\/es\/wp-json\/wp\/v2\/media?parent=2250"}],"curies":[{"name":"wp","href":"https:\/\/api.w.org\/{rel}","templated":true}]}}