{"id":1531,"date":"2020-02-07T10:52:48","date_gmt":"2020-02-07T18:52:48","guid":{"rendered":"https:\/\/bettstruckparts.com\/?page_id=1531"},"modified":"2025-10-07T12:31:24","modified_gmt":"2025-10-07T20:31:24","slug":"consejos-tecnicos","status":"publish","type":"page","link":"https:\/\/bettstruckparts.com\/es\/truck-repair\/tech-tips\/","title":{"rendered":"Consejos t\u00e9cnicos"},"content":{"rendered":"<div class=\"wpb-content-wrapper\"><div class=\"vc_row wpb_row vc_row-fluid vc_custom_1516047528639 vc_row-has-fill vc_row-o-equal-height vc_row-flex\"><div class=\"wpb_column vc_column_container vc_col-sm-12\"><div class=\"vc_column-inner vc_custom_1510682076814\"><div class=\"wpb_wrapper\">\n\t<div class=\"wpb_text_column wpb_content_element\" >\n\t\t<div class=\"wpb_wrapper\">\n\t\t\t<h1 style=\"text-align: center;\">Betts Truck Repair Consejos t\u00e9cnicos<\/h1>\n\n\t\t<\/div>\n\t<\/div>\n<div class=\"vc_separator wpb_content_element vc_separator_align_center vc_sep_width_70 vc_sep_border_width_2 vc_sep_pos_align_center vc_sep_color_black wpb_content_element vc_separator-has-text\" ><span class=\"vc_sep_holder vc_sep_holder_l\"><span class=\"vc_sep_line\"><\/span><\/span><h4>Hacer bien el trabajo<\/h4><span class=\"vc_sep_holder vc_sep_holder_r\"><span class=\"vc_sep_line\"><\/span><\/span>\n<\/div>\n\t<div class=\"wpb_text_column wpb_content_element\" >\n\t\t<div class=\"wpb_wrapper\">\n\t\t\t<p data-start=\"328\" data-end=\"413\">Manejar camiones y remolques es lo suficientemente dif\u00edcil como para perder el tiempo buscando respuestas. Por eso hemos creado esta p\u00e1gina de consejos t\u00e9cnicos para la reparaci\u00f3n de camiones pesados.<\/p>\n<h2 data-start=\"415\" data-end=\"606\">Descargas f\u00e1ciles: Consejos t\u00e9cnicos para la reparaci\u00f3n de camiones<\/h2>\n<p data-start=\"415\" data-end=\"606\">Queremos darle consejos r\u00e1pidos y fiables de las mismas personas que reparan camiones, solucionan problemas el\u00e9ctricos y construyen mangueras hidr\u00e1ulicas todos los d\u00edas en nuestra empresa. <a href=\"https:\/\/bettstruckparts.com\/es\/lugares\/\">Talleres de reparaci\u00f3n de camiones Betts Truck Parts<\/a>.<\/p>\n<p data-start=\"608\" data-end=\"782\">Tanto si se encuentra en medio de una ola de fr\u00edo invernal como si s\u00f3lo est\u00e1 realizando el mantenimiento rutinario, estas gu\u00edas se han creado para ayudarle a mantener su equipo en funcionamiento de forma segura y sin problemas.<\/p>\n\n\t\t<\/div>\n\t<\/div>\n<div class=\"vc_row wpb_row vc_inner vc_row-fluid vc_custom_1753443443037\"><div class=\"wpb_column vc_column_container vc_col-sm-4\"><div class=\"vc_column-inner\"><div class=\"wpb_wrapper\">\n\t<div  class=\"wpb_single_image wpb_content_element vc_align_left\">\n\t\t\n\t\t<figure class=\"wpb_wrapper vc_figure\">\n\t\t\t<div class=\"vc_single_image-wrapper   vc_box_border_grey\"><img decoding=\"async\" class=\"vc_single_image-img\" src=\"https:\/\/bettstruckparts.com\/wp-content\/uploads\/2025\/08\/PUSH-ROD-CUTTING-PROCEDURE-1-150x188.jpg\" width=\"150\" height=\"188\" alt=\"Procedimiento de corte de la barra de empuje image\" title=\"Procedimiento de corte de la barra de empuje Folleto\"  data-dt-location=\"https:\/\/bettstruckparts.com\/es\/l58002_rev06_07-qxp\/\" \/><\/div>\n\t\t<\/figure>\n\t<\/div>\n<\/div><\/div><\/div><div class=\"wpb_column vc_column_container vc_col-sm-8\"><div class=\"vc_column-inner\"><div class=\"wpb_wrapper\">\n\t<div class=\"wpb_text_column wpb_content_element\" >\n\t\t<div class=\"wpb_wrapper\">\n\t\t\t<h4><strong data-start=\"0\" data-end=\"38\" data-is-only-node=\"\">Procedimiento de corte de la barra de empuje Folleto<\/strong><\/h4>\n<p><span class=\"citation-64 citation-end-64\">Siga este procedimiento recomendado para cortar las varillas de empuje de la c\u00e1mara de freno a la longitud correcta<\/span>. <span class=\"citation-63 citation-end-63\">De este modo se garantiza la correcta configuraci\u00f3n de los ajustadores de freno y el rendimiento de los frenos de cimentaci\u00f3n.<\/span>.<\/p>\n<p><a href=\"https:\/\/bettstruckparts.com\/wp-content\/uploads\/2025\/08\/PUSH-ROD-CUTTING-PROCEDURE.pdf\" target=\"_blank\" rel=\"noopener\"><strong>Descargar el folleto Procedimiento de corte de la varilla de empuje<\/strong><\/a>.<\/p>\n\n\t\t<\/div>\n\t<\/div>\n<\/div><\/div><\/div><\/div><div class=\"vc_row wpb_row vc_inner vc_row-fluid vc_custom_1753443443037\"><div class=\"wpb_column vc_column_container vc_col-sm-4\"><div class=\"vc_column-inner\"><div class=\"wpb_wrapper\">\n\t<div  class=\"wpb_single_image wpb_content_element vc_align_left\">\n\t\t\n\t\t<figure class=\"wpb_wrapper vc_figure\">\n\t\t\t<div class=\"vc_single_image-wrapper   vc_box_border_grey\"><img decoding=\"async\" class=\"vc_single_image-img\" src=\"https:\/\/bettstruckparts.com\/wp-content\/uploads\/2025\/08\/Pro-Torq-installation-and-bearing-adjustment-1-150x150.jpg\" width=\"150\" height=\"150\" alt=\"Imagen del folleto de instalaci\u00f3n y ajuste de los rodamientos Pro-Torq\" title=\"Instalaci\u00f3n de Pro-Torq y ajuste de rodamientos-1\"  data-dt-location=\"https:\/\/bettstruckparts.com\/es\/pro-torq-installation-and-bearing-adjustment-1\/\" \/><\/div>\n\t\t<\/figure>\n\t<\/div>\n<\/div><\/div><\/div><div class=\"wpb_column vc_column_container vc_col-sm-8\"><div class=\"vc_column-inner\"><div class=\"wpb_wrapper\">\n\t<div class=\"wpb_text_column wpb_content_element\" >\n\t\t<div class=\"wpb_wrapper\">\n\t\t\t<h4><strong data-start=\"0\" data-end=\"38\" data-is-only-node=\"\">Folleto de instalaci\u00f3n y ajuste de rodamientos Pro-Torq<\/strong><\/h4>\n<p><span class=\"citation-67 citation-end-67\">Aprenda el procedimiento correcto de instalaci\u00f3n y ajuste de las tuercas de husillo Pro-Torq para garantizar un ajuste adecuado de los rodamientos y un funcionamiento seguro del extremo de rueda.<\/span>.<\/p>\n<p><a href=\"https:\/\/bettstruckparts.com\/wp-content\/uploads\/2025\/08\/Pro-Torq-installation-and-bearing-adjustment.pdf\" target=\"_blank\" rel=\"noopener\"><strong>Descargar el folleto de instalaci\u00f3n y ajuste de rodamientos Pro-Torq<\/strong><\/a>.<\/p>\n\n\t\t<\/div>\n\t<\/div>\n<\/div><\/div><\/div><\/div><div class=\"vc_row wpb_row vc_inner vc_row-fluid vc_custom_1753443443037\"><div class=\"wpb_column vc_column_container vc_col-sm-4\"><div class=\"vc_column-inner\"><div class=\"wpb_wrapper\">\n\t<div  class=\"wpb_single_image wpb_content_element vc_align_left\">\n\t\t\n\t\t<figure class=\"wpb_wrapper vc_figure\">\n\t\t\t<div class=\"vc_single_image-wrapper   vc_box_border_grey\"><img decoding=\"async\" class=\"vc_single_image-img\" src=\"https:\/\/bettstruckparts.com\/wp-content\/uploads\/2025\/08\/BF-Goodrich-Tire-Wear-pictures-1-150x188.jpg\" width=\"150\" height=\"188\" alt=\"Fotos de desgaste de neum\u00e1ticos BF Goodrich\" title=\"Desgaste de neum\u00e1ticos BF Goodrich\"  data-dt-location=\"https:\/\/bettstruckparts.com\/es\/the-usual-suspect-steer\/\" \/><\/div>\n\t\t<\/figure>\n\t<\/div>\n<\/div><\/div><\/div><div class=\"wpb_column vc_column_container vc_col-sm-8\"><div class=\"vc_column-inner\"><div class=\"wpb_wrapper\">\n\t<div class=\"wpb_text_column wpb_content_element\" >\n\t\t<div class=\"wpb_wrapper\">\n\t\t\t<h4><strong data-start=\"0\" data-end=\"38\" data-is-only-node=\"\">Patrones de desgaste irregular de los neum\u00e1ticos BF Goodrich<\/strong><\/h4>\n<p><span class=\"citation-66 citation-end-66\">Diagnostique patrones irregulares de desgaste de los neum\u00e1ticos de direcci\u00f3n con esta gu\u00eda visual<\/span>. <span class=\"citation-65 citation-end-65\">Descubra las causas probables y las medidas correctoras recomendadas para prolongar la vida \u00fatil de los neum\u00e1ticos y mejorar su rendimiento.<\/span>.<\/p>\n<p><a href=\"https:\/\/bettstruckparts.com\/wp-content\/uploads\/2025\/08\/BF-Goodrich-Tire-Wear-pictures.pdf\" target=\"_blank\" rel=\"noopener\"><strong>Descargue el folleto Desgaste irregular de neum\u00e1ticos BF Goodrich<\/strong><\/a>.<\/p>\n\n\t\t<\/div>\n\t<\/div>\n<\/div><\/div><\/div><\/div><div class=\"vc_row wpb_row vc_inner vc_row-fluid vc_custom_1753443443037\"><div class=\"wpb_column vc_column_container vc_col-sm-4\"><div class=\"vc_column-inner\"><div class=\"wpb_wrapper\">\n\t<div  class=\"wpb_single_image wpb_content_element vc_align_left\">\n\t\t\n\t\t<figure class=\"wpb_wrapper vc_figure\">\n\t\t\t<div class=\"vc_single_image-wrapper   vc_box_border_grey\"><img decoding=\"async\" class=\"vc_single_image-img\" src=\"https:\/\/bettstruckparts.com\/wp-content\/uploads\/2025\/07\/Bendix-Cold-Weather-Air-Brake-Maintenance-Tech-Tip.jpg\" width=\"150\" height=\"188\" alt=\"Folleto BENDIX FRENO DE AIRE FR\u00cdO\" title=\"FRENO DE AIRE FR\u00cdO BENDIX:Dise\u00f1o 1\"  data-dt-location=\"https:\/\/bettstruckparts.com\/es\/truck-repair\/tech-tips\/bendix-cold-air-brakelayout-1\/\" \/><\/div>\n\t\t<\/figure>\n\t<\/div>\n<\/div><\/div><\/div><div class=\"wpb_column vc_column_container vc_col-sm-8\"><div class=\"vc_column-inner\"><div class=\"wpb_wrapper\">\n\t<div class=\"wpb_text_column wpb_content_element\" >\n\t\t<div class=\"wpb_wrapper\">\n\t\t\t<h4><strong data-start=\"0\" data-end=\"38\" data-is-only-node=\"\">Mantenimiento de los frenos de aire en climas fr\u00edos<\/strong><\/h4>\n<p>Obtenga consejos expertos de Bendix sobre c\u00f3mo preparar el sistema de frenos de aire de su cami\u00f3n para temperaturas bajo cero. Aprenda a evitar la acumulaci\u00f3n de humedad, proteger las v\u00e1lvulas y mantener la capacidad de respuesta de sus frenos en invierno.<\/p>\n<p><a href=\"https:\/\/bettstruckparts.com\/wp-content\/uploads\/2020\/02\/Bendix-Cold-Weather-Air-Brake-Maintenance-Tech-Tip.pdf\" target=\"_blank\" rel=\"noopener\"><strong>Descargue el folleto Bendix Cold Weather Air Brake Maintenance.<\/strong><\/a><\/p>\n\n\t\t<\/div>\n\t<\/div>\n<\/div><\/div><\/div><\/div><div class=\"vc_row wpb_row vc_inner vc_row-fluid vc_custom_1753443443037\"><div class=\"wpb_column vc_column_container vc_col-sm-4\"><div class=\"vc_column-inner\"><div class=\"wpb_wrapper\">\n\t<div  class=\"wpb_single_image wpb_content_element vc_align_left\">\n\t\t\n\t\t<figure class=\"wpb_wrapper vc_figure\">\n\t\t\t<div class=\"vc_single_image-wrapper   vc_box_border_grey\"><img decoding=\"async\" class=\"vc_single_image-img\" src=\"https:\/\/bettstruckparts.com\/wp-content\/uploads\/2025\/07\/Dayton-Maintaining-an-Air-Suspension-Tech-Tip.jpg\" width=\"150\" height=\"188\" alt=\"DAYTON AIR SUSPENSION Folleto de mantenimiento\" title=\"SUSPENSI\u00d3N NEUM\u00c1TICA DAYTON\"  data-dt-location=\"https:\/\/bettstruckparts.com\/es\/truck-repair\/tech-tips\/dayton-air-suspension\/\" \/><\/div>\n\t\t<\/figure>\n\t<\/div>\n<\/div><\/div><\/div><div class=\"wpb_column vc_column_container vc_col-sm-8\"><div class=\"vc_column-inner\"><div class=\"wpb_wrapper\">\n\t<div class=\"wpb_text_column wpb_content_element\" >\n\t\t<div class=\"wpb_wrapper\">\n\t\t\t<h4><strong data-start=\"0\" data-end=\"33\" data-is-only-node=\"\">Mantenimiento del sistema de suspensi\u00f3n neum\u00e1tica de un cami\u00f3n<\/strong><\/h4>\n<p>Aprenda a prolongar la vida \u00fatil del sistema de suspensi\u00f3n neum\u00e1tica de su cami\u00f3n con los consejos clave de inspecci\u00f3n y mantenimiento de Dayton Parts. Esta gu\u00eda cubre las comprobaciones de los soportes, el desgaste de los muelles neum\u00e1ticos, la inspecci\u00f3n de los amortiguadores y el cuidado de la varilla de torsi\u00f3n.<\/p>\n<p><strong><a title=\"Descargue el folleto de mantenimiento de la suspensi\u00f3n neum\u00e1tica de Dayton\" href=\"https:\/\/bettstruckparts.com\/wp-content\/uploads\/2020\/02\/Dayton-Maintaining-an-Air-Suspension-Tech-Tip.pdf\" target=\"_blank\" rel=\"noopener\">Descargue el folleto de mantenimiento de la suspensi\u00f3n neum\u00e1tica de Dayton<\/a>.<\/strong><\/p>\n\n\t\t<\/div>\n\t<\/div>\n<\/div><\/div><\/div><\/div><div class=\"vc_row wpb_row vc_inner vc_row-fluid vc_custom_1753443443037\"><div class=\"wpb_column vc_column_container vc_col-sm-4\"><div class=\"vc_column-inner\"><div class=\"wpb_wrapper\">\n\t<div  class=\"wpb_single_image wpb_content_element vc_align_left\">\n\t\t\n\t\t<figure class=\"wpb_wrapper vc_figure\">\n\t\t\t<div class=\"vc_single_image-wrapper   vc_box_border_grey\"><img decoding=\"async\" class=\"vc_single_image-img\" src=\"https:\/\/bettstruckparts.com\/wp-content\/uploads\/2025\/07\/Delco-Remy-Alternators-Tech-Tip-copy.jpg\" width=\"150\" height=\"194\" alt=\"Volante Delco Remy-Alternators Tech Tip\" title=\"Delco Remy Alternadores Tech Tip flyer\"  data-dt-location=\"https:\/\/bettstruckparts.com\/es\/truck-repair\/tech-tips\/delco-remy-alternators-tech-tip-copy\/\" \/><\/div>\n\t\t<\/figure>\n\t<\/div>\n<\/div><\/div><\/div><div class=\"wpb_column vc_column_container vc_col-sm-8\"><div class=\"vc_column-inner\"><div class=\"wpb_wrapper\">\n\t<div class=\"wpb_text_column wpb_content_element\" >\n\t\t<div class=\"wpb_wrapper\">\n\t\t\t<h4><strong data-start=\"0\" data-end=\"33\" data-is-only-node=\"\">Mantenimiento y sustituci\u00f3n del alternador Delco Remy<\/strong><\/h4>\n<p>Este consejo t\u00e9cnico de Delco Remy describe las mejores pr\u00e1cticas para desmontar y sustituir alternadores sin da\u00f1ar los componentes. Aprenda a evitar los errores de instalaci\u00f3n m\u00e1s comunes, a garantizar una tensi\u00f3n adecuada de la correa y a prolongar la vida \u00fatil del alternador.<\/p>\n<p><strong><a title=\"Descargar el folleto Mantenimiento y sustituci\u00f3n del alternador Delco Remy\" href=\"https:\/\/bettstruckparts.com\/wp-content\/uploads\/2020\/02\/Delco-Remy-Tech-Tip.jpg\" target=\"_blank\" rel=\"noopener\">Descargar el folleto Mantenimiento y sustituci\u00f3n del alternador Delco Remy<\/a>.<\/strong><\/p>\n\n\t\t<\/div>\n\t<\/div>\n<\/div><\/div><\/div><\/div><div class=\"vc_row wpb_row vc_inner vc_row-fluid vc_custom_1753443443037\"><div class=\"wpb_column vc_column_container vc_col-sm-4\"><div class=\"vc_column-inner\"><div class=\"wpb_wrapper\">\n\t<div  class=\"wpb_single_image wpb_content_element vc_align_left\">\n\t\t\n\t\t<figure class=\"wpb_wrapper vc_figure\">\n\t\t\t<div class=\"vc_single_image-wrapper   vc_box_border_grey\"><img decoding=\"async\" class=\"vc_single_image-img\" src=\"https:\/\/bettstruckparts.com\/wp-content\/uploads\/2025\/07\/Grote-General-Tips-To-Prolong-Equipment-Lighting-Tech-Tip-copy.jpg\" width=\"150\" height=\"193\" alt=\"Grote Consejos generales para prolongar la iluminaci\u00f3n de los equipos Consejo t\u00e9cnico folleto\" title=\"Grote Consejos generales para prolongar la iluminaci\u00f3n de los equipos Consejo t\u00e9cnico folleto\"  data-dt-location=\"https:\/\/bettstruckparts.com\/es\/truck-repair\/tech-tips\/grote-general-tips-to-prolong-equipment-lighting-tech-tip-copy\/\" \/><\/div>\n\t\t<\/figure>\n\t<\/div>\n<\/div><\/div><\/div><div class=\"wpb_column vc_column_container vc_col-sm-8\"><div class=\"vc_column-inner\"><div class=\"wpb_wrapper\">\n\t<div class=\"wpb_text_column wpb_content_element\" >\n\t\t<div class=\"wpb_wrapper\">\n\t\t\t<h4><strong data-start=\"0\" data-end=\"33\" data-is-only-node=\"\">C\u00f3mo prevenir los problemas el\u00e9ctricos habituales en invierno en camiones y remolques<\/strong><\/h4>\n<p>Este consejo t\u00e9cnico de Grote le ayuda a proteger el sistema el\u00e9ctrico de su cami\u00f3n en climas fr\u00edos. Aprenda a prevenir la intrusi\u00f3n de humedad, la corrosi\u00f3n y las ca\u00eddas de tensi\u00f3n con sencillos pasos de mantenimiento.<\/p>\n<p><strong><a title=\"Descargue el folleto de prevenci\u00f3n de problemas el\u00e9ctricos en invierno de Grote\" href=\"https:\/\/bettstruckparts.com\/wp-content\/uploads\/2020\/02\/Grote-Preventing-Winter-Electrical-Issues-Tech-Tip.jpg\" target=\"_blank\" rel=\"noopener\">Descargue el folleto de prevenci\u00f3n de problemas el\u00e9ctricos en invierno de Grote<\/a>.<\/strong><\/p>\n\n\t\t<\/div>\n\t<\/div>\n<\/div><\/div><\/div><\/div><div class=\"vc_row wpb_row vc_inner vc_row-fluid vc_custom_1753443443037\"><div class=\"wpb_column vc_column_container vc_col-sm-4\"><div class=\"vc_column-inner\"><div class=\"wpb_wrapper\">\n\t<div  class=\"wpb_single_image wpb_content_element vc_align_left\">\n\t\t\n\t\t<figure class=\"wpb_wrapper vc_figure\">\n\t\t\t<div class=\"vc_single_image-wrapper   vc_box_border_grey\"><img decoding=\"async\" class=\"vc_single_image-img\" src=\"https:\/\/bettstruckparts.com\/wp-content\/uploads\/2025\/07\/Bendix-AD-9-Purge-Valve-Tech-Tip-small.jpg\" width=\"150\" height=\"194\" alt=\"Folleto de consejos t\u00e9cnicos sobre la v\u00e1lvula de purga Bendix AD-9\" title=\"Folleto de consejos t\u00e9cnicos sobre la v\u00e1lvula de purga Bendix AD-9\"  data-dt-location=\"https:\/\/bettstruckparts.com\/es\/truck-repair\/tech-tips\/bendix-ad-9-purge-valve-tech-tip-small\/\" \/><\/div>\n\t\t<\/figure>\n\t<\/div>\n<\/div><\/div><\/div><div class=\"wpb_column vc_column_container vc_col-sm-8\"><div class=\"vc_column-inner\"><div class=\"wpb_wrapper\">\n\t<div class=\"wpb_text_column wpb_content_element\" >\n\t\t<div class=\"wpb_wrapper\">\n\t\t\t<h4><strong data-start=\"0\" data-end=\"33\" data-is-only-node=\"\">Consejo t\u00e9cnico de mantenimiento de la v\u00e1lvula de purga Bendix AD-9<\/strong><\/h4>\n<p>Este consejo t\u00e9cnico de Bendix explica c\u00f3mo inspeccionar y realizar el mantenimiento de la v\u00e1lvula de purga AD-9 para mantener el funcionamiento fiable de su sistema de frenos de aire. Incluye signos de fallo de la v\u00e1lvula y consejos de limpieza...<\/p>\n<p><strong><a title=\"Descargue el folleto Mantenimiento de la v\u00e1lvula de purga Bendix\" href=\"https:\/\/bettstruckparts.com\/wp-content\/uploads\/2020\/02\/Bendix-AD-9-Purge-Valve-Tech-Tip.jpg\" target=\"_blank\" rel=\"noopener\">Descargue el folleto Mantenimiento de la v\u00e1lvula de purga Bendix<\/a>.<\/strong><\/p>\n\n\t\t<\/div>\n\t<\/div>\n<\/div><\/div><\/div><\/div><div class=\"vc_row wpb_row vc_inner vc_row-fluid vc_custom_1753443443037\"><div class=\"wpb_column vc_column_container vc_col-sm-4\"><div class=\"vc_column-inner\"><div class=\"wpb_wrapper\">\n\t<div  class=\"wpb_single_image wpb_content_element vc_align_left\">\n\t\t\n\t\t<figure class=\"wpb_wrapper vc_figure\">\n\t\t\t<div class=\"vc_single_image-wrapper   vc_box_border_grey\"><img decoding=\"async\" class=\"vc_single_image-img\" src=\"https:\/\/bettstruckparts.com\/wp-content\/uploads\/2025\/07\/Phillips-Tech-Tip-7-way-receptacle-small.jpg\" width=\"150\" height=\"194\" alt=\"Phillips Tech Tip Folleto de recept\u00e1culo de 7 v\u00edas\" title=\"Phillips Tech Tip Folleto de recept\u00e1culo de 7 v\u00edas\"  data-dt-location=\"https:\/\/bettstruckparts.com\/es\/truck-repair\/tech-tips\/phillips-tech-tip-7-way-receptacle-small\/\" \/><\/div>\n\t\t<\/figure>\n\t<\/div>\n<\/div><\/div><\/div><div class=\"wpb_column vc_column_container vc_col-sm-8\"><div class=\"vc_column-inner\"><div class=\"wpb_wrapper\">\n\t<div class=\"wpb_text_column wpb_content_element\" >\n\t\t<div class=\"wpb_wrapper\">\n\t\t\t<h4><strong data-start=\"0\" data-end=\"33\" data-is-only-node=\"\">Phillips 7-Way Receptable y Pin Mantenimiento Tech Tip<\/strong><\/h4>\n<p>Este consejo t\u00e9cnico de Phillips trata sobre c\u00f3mo identificar y prevenir la corrosi\u00f3n en los recept\u00e1culos y clavijas de 7 v\u00edas del remolque. Aprenda a inspeccionar, limpiar y mantener las conexiones el\u00e9ctricas para una iluminaci\u00f3n fiable y el funcionamiento del ABS. Ventajas: Garantice un flujo de energ\u00eda seguro y consistente y reduzca el tiempo de inactividad del remolque.<\/p>\n<p><strong><a title=\"Descargue el folleto de mantenimiento de Phillips 7-Way Receptacle\" href=\"https:\/\/bettstruckparts.com\/wp-content\/uploads\/2020\/02\/Phillips-Tech-Tip-7-way-receptacle.jpg\" target=\"_blank\" rel=\"noopener\">Descargue el folleto de mantenimiento de Phillips 7-Way Receptacle<\/a>.<\/strong><\/p>\n\n\t\t<\/div>\n\t<\/div>\n<\/div><\/div><\/div><\/div><div class=\"vc_row wpb_row vc_inner vc_row-fluid vc_custom_1753443443037\"><div class=\"wpb_column vc_column_container vc_col-sm-4\"><div class=\"vc_column-inner\"><div class=\"wpb_wrapper\">\n\t<div  class=\"wpb_single_image wpb_content_element vc_align_left\">\n\t\t\n\t\t<figure class=\"wpb_wrapper vc_figure\">\n\t\t\t<div class=\"vc_single_image-wrapper   vc_box_border_grey\"><img decoding=\"async\" class=\"vc_single_image-img\" src=\"https:\/\/bettstruckparts.com\/wp-content\/uploads\/2025\/07\/Meritor-Automatic-Slack-Adjusters-Tech-Tip-copy.jpg\" width=\"150\" height=\"194\" alt=\"Folleto de consejos t\u00e9cnicos sobre ajustadores autom\u00e1ticos de Meritor\" title=\"Folleto de consejos t\u00e9cnicos sobre ajustadores autom\u00e1ticos de Meritor\"  data-dt-location=\"https:\/\/bettstruckparts.com\/es\/truck-repair\/tech-tips\/meritor-automatic-slack-adjusters-tech-tip-copy\/\" \/><\/div>\n\t\t<\/figure>\n\t<\/div>\n<\/div><\/div><\/div><div class=\"wpb_column vc_column_container vc_col-sm-8\"><div class=\"vc_column-inner\"><div class=\"wpb_wrapper\">\n\t<div class=\"wpb_text_column wpb_content_element\" >\n\t\t<div class=\"wpb_wrapper\">\n\t\t\t<h4><strong data-start=\"0\" data-end=\"33\" data-is-only-node=\"\">Mantenimiento de los ajustadores autom\u00e1ticos<\/strong><\/h4>\n<p>Este consejo t\u00e9cnico de Meritor explica c\u00f3mo inspeccionar y mantener los ajustadores de holgura autom\u00e1ticos para que los frenos funcionen correctamente. Incluye comprobaciones de ajuste, consejos de lubricaci\u00f3n y resoluci\u00f3n de problemas comunes.<\/p>\n<p><strong><a title=\"Descargue el folleto de mantenimiento de los ajustadores autom\u00e1ticos de Meritor\" href=\"https:\/\/bettstruckparts.com\/wp-content\/uploads\/2020\/02\/Meritor-Automatic-Slack-Adjusters-Tech-Tip.jpg\" target=\"_blank\" rel=\"noopener\">Descargue el folleto de mantenimiento de los ajustadores autom\u00e1ticos de Meritor<\/a>.<\/strong><\/p>\n\n\t\t<\/div>\n\t<\/div>\n<\/div><\/div><\/div><\/div><div class=\"vc_row wpb_row vc_inner vc_row-fluid vc_custom_1753443443037\"><div class=\"wpb_column vc_column_container vc_col-sm-4\"><div class=\"vc_column-inner\"><div class=\"wpb_wrapper\">\n\t<div  class=\"wpb_single_image wpb_content_element vc_align_left\">\n\t\t\n\t\t<figure class=\"wpb_wrapper vc_figure\">\n\t\t\t<div class=\"vc_single_image-wrapper   vc_box_border_grey\"><img decoding=\"async\" class=\"vc_single_image-img\" src=\"https:\/\/bettstruckparts.com\/wp-content\/uploads\/2025\/07\/Timken-Tech-Tip-wheel-bearing-fits-copy.jpg\" width=\"150\" height=\"194\" alt=\"El rodamiento de rueda Timken Tech Tip se adapta a Flyer\" title=\"El rodamiento de rueda Timken Tech Tip se adapta a Flyer\"  data-dt-location=\"https:\/\/bettstruckparts.com\/es\/truck-repair\/tech-tips\/timken-tech-tip-wheel-bearing-fits-copy\/\" \/><\/div>\n\t\t<\/figure>\n\t<\/div>\n<\/div><\/div><\/div><div class=\"wpb_column vc_column_container vc_col-sm-8\"><div class=\"vc_column-inner\"><div class=\"wpb_wrapper\">\n\t<div class=\"wpb_text_column wpb_content_element\" >\n\t\t<div class=\"wpb_wrapper\">\n\t\t\t<h4><strong data-start=\"0\" data-end=\"33\" data-is-only-node=\"\">Correct Fits for Wheel Bearings<\/strong><\/h4>\n<p>Mejore la seguridad, prolongue la vida \u00fatil de los rodamientos y reduzca las costosas reparaciones. Este consejo t\u00e9cnico de Timken explica c\u00f3mo conseguir un ajuste adecuado de los rodamientos de rueda para evitar el desgaste prematuro y los fallos. Conozca las tolerancias del eje y del alojamiento, los tipos de ajuste y las mejores pr\u00e1cticas de medici\u00f3n.<\/p>\n<p><strong><a title=\"Descargar el folleto Timken Correct Wheel Bearings Fit\" href=\"https:\/\/bettstruckparts.com\/wp-content\/uploads\/2020\/02\/Timken-Tech-Tip-wheel-bearing-fits.jpg\" target=\"_blank\" rel=\"noopener\">Descargar el folleto Timken Correct Wheel Bearings Fit<\/a>.<\/strong><\/p>\n\n\t\t<\/div>\n\t<\/div>\n<\/div><\/div><\/div><\/div><div class=\"ubtn-ctn-center\"><a class=\"ubtn-link ult-adjust-bottom-margin ubtn-center ubtn-normal\" href=\"\/es\/contact\/\" ><button type=\"button\" id=\"ubtn-4854\"  class=\"ubtn ult-adjust-bottom-margin ult-responsive ubtn-normal ubtn-fade-bg  none  ubtn-center   tooltip-69edfc84510cf\"  data-hover=\"#ffffff\" data-border-color=\"#ad172b\" data-bg=\"rgba(255,255,255,0.01)\" data-hover-bg=\"#ad172b\" data-border-hover=\"#ffffff\" data-shadow-hover=\"\" data-shadow-click=\"none\" data-shadow=\"\" data-shd-shadow=\"\"  data-ultimate-target='#ubtn-4854'  data-responsive-json-new='{\"font-size\":\"desktop:16px;\",\"line-height\":\"\"}'  style=\"font-weight:bold;border-radius:15px;border-width:2px;border-color:#ad172b;border-style:solid;background: rgba(255,255,255,0.01);color: #ad172b;\"><span class=\"ubtn-hover\" style=\"background-color:#ad172b\"><\/span><span class=\"ubtn-data ubtn-text\" >Concertar una cita<\/span><\/button><\/a><\/div><\/div><\/div><\/div><\/div>\n<\/div>","protected":false},"excerpt":{"rendered":"<p>Consejos t\u00e9cnicos para la reparaci\u00f3n de camiones Betts Realice el trabajo correctamente El funcionamiento de camiones y remolques ya es lo suficientemente duro como para perder el tiempo buscando respuestas. Por eso hemos creado esta p\u00e1gina de consejos t\u00e9cnicos para la reparaci\u00f3n de camiones pesados. Descargas f\u00e1ciles: Consejos t\u00e9cnicos de reparaci\u00f3n de camiones Queremos darle consejos r\u00e1pidos y fiables de las mismas personas que reparan...<\/p>","protected":false},"author":4,"featured_media":0,"parent":335,"menu_order":0,"comment_status":"closed","ping_status":"closed","template":"template-microsite.php","meta":{"footnotes":""},"class_list":["post-1531","page","type-page","status-publish","hentry","description-off"],"_links":{"self":[{"href":"https:\/\/bettstruckparts.com\/es\/wp-json\/wp\/v2\/pages\/1531","targetHints":{"allow":["GET"]}}],"collection":[{"href":"https:\/\/bettstruckparts.com\/es\/wp-json\/wp\/v2\/pages"}],"about":[{"href":"https:\/\/bettstruckparts.com\/es\/wp-json\/wp\/v2\/types\/page"}],"author":[{"embeddable":true,"href":"https:\/\/bettstruckparts.com\/es\/wp-json\/wp\/v2\/users\/4"}],"replies":[{"embeddable":true,"href":"https:\/\/bettstruckparts.com\/es\/wp-json\/wp\/v2\/comments?post=1531"}],"version-history":[{"count":0,"href":"https:\/\/bettstruckparts.com\/es\/wp-json\/wp\/v2\/pages\/1531\/revisions"}],"up":[{"embeddable":true,"href":"https:\/\/bettstruckparts.com\/es\/wp-json\/wp\/v2\/pages\/335"}],"wp:attachment":[{"href":"https:\/\/bettstruckparts.com\/es\/wp-json\/wp\/v2\/media?parent=1531"}],"curies":[{"name":"wp","href":"https:\/\/api.w.org\/{rel}","templated":true}]}}