{"id":136,"date":"2017-11-14T19:40:30","date_gmt":"2017-11-15T03:40:30","guid":{"rendered":"https:\/\/betts1868-bcocegueda.c9users.io\/?page_id=136"},"modified":"2024-11-14T14:46:28","modified_gmt":"2024-11-14T22:46:28","slug":"carreras","status":"publish","type":"page","link":"https:\/\/bettstruckparts.com\/es\/careers\/","title":{"rendered":"Carreras profesionales"},"content":{"rendered":"<div class=\"wpb-content-wrapper\"><div data-vc-full-width=\"true\" data-vc-full-width-temp=\"true\" data-vc-full-width-init=\"false\" data-vc-stretch-content=\"true\" class=\"vc_row wpb_row vc_row-fluid vc_row-no-padding\"><div class=\"careers_banner wpb_column vc_column_container vc_col-sm-12 vc_col-has-fill\"><div class=\"vc_column-inner vc_custom_1664921581185\"><div class=\"wpb_wrapper\">\n\t<div class=\"wpb_text_column wpb_content_element  white shadow\" >\n\t\t<div class=\"wpb_wrapper\">\n\t\t\t<h1 style=\"text-align: center;\">Explore Carreras en Betts Truck Parts<\/h1>\n\n\t\t<\/div>\n\t<\/div>\n<\/div><\/div><\/div><\/div><div class=\"vc_row-full-width vc_clearfix\"><\/div><div class=\"vc_row wpb_row vc_row-fluid vc_custom_1517253039561 vc_row-has-fill vc_row-o-equal-height vc_row-flex\"><div class=\"wpb_column vc_column_container vc_col-sm-2\"><div class=\"vc_column-inner\"><div class=\"wpb_wrapper\"><\/div><\/div><\/div><div class=\"wpb_column vc_column_container vc_col-sm-8\"><div class=\"vc_column-inner vc_custom_1510682076814\"><div class=\"wpb_wrapper\"><div class=\"vc_row wpb_row vc_inner vc_row-fluid\"><div class=\"wpb_column vc_column_container vc_col-sm-12\"><div class=\"vc_column-inner vc_custom_1486667994280\"><div class=\"wpb_wrapper\">\n\t<div class=\"wpb_text_column wpb_content_element  vc_custom_1565642364681\" >\n\t\t<div class=\"wpb_wrapper\">\n\t\t\t<h3 class=\"p1\"><span class=\"s1\">En Betts, \"Mejorar la forma en que se mueven las cosas<sup>\u00ae<\/sup>\"es m\u00e1s que un eslogan: es una forma de vida.<span class=\"Apple-converted-space\">\u00a0<\/span>Y se extiende a nuestros empleados, nuestros clientes y nuestros valiosos socios.\u00a0<\/span><\/h3>\n\n\t\t<\/div>\n\t<\/div>\n<div class=\"ubtn-ctn-center\"><a class=\"ubtn-link ult-adjust-bottom-margin ubtn-center ubtn-normal\" href=\"https:\/\/recruiting.paylocity.com\/recruiting\/jobs\/All\/63c3a0e9-345b-41ed-93f9-1e31b03abb4d\/Betts-Truck-Parts-Service\" target=\"_blank\" rel=\"noopener\"><button type=\"button\" id=\"ubtn-8038\"  class=\"ubtn ult-adjust-bottom-margin ult-responsive ubtn-normal ubtn-fade-bg  none  ubtn-center   tooltip-69f31343e730d\"  data-hover=\"#ffffff\" data-border-color=\"#ad172b\" data-bg=\"rgba(255,255,255,0.01)\" data-hover-bg=\"#ad172b\" data-border-hover=\"#ffffff\" data-shadow-hover=\"\" data-shadow-click=\"none\" data-shadow=\"\" data-shd-shadow=\"\"  data-ultimate-target='#ubtn-8038'  data-responsive-json-new='{\"font-size\":\"desktop:16px;\",\"line-height\":\"\"}'  style=\"font-weight:bold;border-radius:15px;border-width:2px;border-color:#ad172b;border-style:solid;background: rgba(255,255,255,0.01);color: #ad172b;\"><span class=\"ubtn-hover\" style=\"background-color:#ad172b\"><\/span><span class=\"ubtn-data ubtn-text\" >Vea nuestras oportunidades de empleo<\/span><\/button><\/a><\/div><div id=\"ultimate-heading-475969f31343e739f\" class=\"uvc-heading ult-adjust-bottom-margin ultimate-heading-475969f31343e739f uvc-4792  uvc-heading-default-font-sizes\" data-hspacer=\"no_spacer\"  data-halign=\"center\" style=\"text-align:center\"><div class=\"uvc-heading-spacer no_spacer\" style=\"top\"><\/div><div class=\"uvc-main-heading ult-responsive\"  data-ultimate-target='.uvc-heading.ultimate-heading-475969f31343e739f h2'  data-responsive-json-new='{\"font-size\":\"\",\"line-height\":\"\"}' ><h2 style=\"--font-weight:theme;margin-bottom:30px;\">\u00daNASE A NOSOTROS EN EL SUMINISTRO DE PIEZAS Y SERVICIOS DE LA M\u00c1XIMA CALIDAD<\/h2><\/div><\/div>\n\t<div class=\"wpb_text_column wpb_content_element\" >\n\t\t<div class=\"wpb_wrapper\">\n\t\t\t<p>Betts Truck Parts &amp; Service ofrece s\u00f3lo las mejores marcas para servicio pesado. Estamos en una posici\u00f3n \u00fanica para apoyar a los operadores propietarios, flotas nacionales y regionales, municipios y otras operaciones de transporte a trav\u00e9s de ocho sucursales ubicadas estrat\u00e9gicamente en todo el oeste de Estados Unidos.<\/p>\n<p>En nuestros ocho centros disponemos de m\u00e1s de 10.000 piezas de alta calidad para veh\u00edculos pesados.<\/p>\n<p>Nuestra atenci\u00f3n se centra en la prestaci\u00f3n de servicios de reparaci\u00f3n de camiones y remolques fiables, incluyendo el mantenimiento integral y reparaciones para su suspensi\u00f3n, direcci\u00f3n, frenos, y mucho m\u00e1s. Nuestros t\u00e9cnicos de reparaci\u00f3n de expertos se enorgullecen de ofrecer a nuestros clientes servicios de primera clase que mantienen sus veh\u00edculos en perfecto estado y operar con seguridad en la carretera. Nuestra reputaci\u00f3n se basa en la calidad de mano de obra y servicio al cliente excepcional.<\/p>\n\n\t\t<\/div>\n\t<\/div>\n<\/div><\/div><\/div><\/div><div id=\"ultimate-heading-606769f31343e748c\" class=\"uvc-heading ult-adjust-bottom-margin ultimate-heading-606769f31343e748c uvc-7425  uvc-heading-default-font-sizes\" data-hspacer=\"no_spacer\"  data-halign=\"center\" style=\"text-align:center\"><div class=\"uvc-heading-spacer no_spacer\" style=\"top\"><\/div><div class=\"uvc-main-heading ult-responsive\"  data-ultimate-target='.uvc-heading.ultimate-heading-606769f31343e748c h2'  data-responsive-json-new='{\"font-size\":\"\",\"line-height\":\"\"}' ><h2 style=\"--font-weight:theme;\">Esto es lo que dicen los miembros de nuestro equipo sobre sus carreras profesionales.<\/h2><\/div><\/div><\/div><\/div><\/div><div class=\"wpb_column vc_column_container vc_col-sm-2\"><div class=\"vc_column-inner\"><div class=\"wpb_wrapper\"><\/div><\/div><\/div><\/div><div class=\"vc_row wpb_row vc_row-fluid vc_column-gap-35 vc_row-o-content-middle vc_row-flex\"><div class=\"wpb_column vc_column_container vc_col-sm-6\"><div class=\"vc_column-inner\"><div class=\"wpb_wrapper\">\n\t<div class=\"wpb_video_widget wpb_content_element vc_clearfix   vc_video-aspect-ratio-169 vc_video-el-width-100 vc_video-align-center\" >\n\t\t<div class=\"wpb_wrapper\">\n\t\t\t\n\t\t\t<div class=\"wpb_video_wrapper\"><iframe title=\"Testimonio de Eugene Camacho\" width=\"500\" height=\"281\" src=\"https:\/\/www.youtube.com\/embed\/h577OPHKF-s?feature=oembed\" frameborder=\"0\" allow=\"accelerometer; autoplay; clipboard-write; encrypted-media; gyroscope; picture-in-picture; web-share\" allowfullscreen><\/iframe><\/div>\n\t\t<\/div>\n\t<\/div>\n<\/div><\/div><\/div><div class=\"wpb_column vc_column_container vc_col-sm-6\"><div class=\"vc_column-inner\"><div class=\"wpb_wrapper\">\n\t<div class=\"wpb_video_widget wpb_content_element vc_clearfix   vc_video-aspect-ratio-169 vc_video-el-width-100 vc_video-align-center\" >\n\t\t<div class=\"wpb_wrapper\">\n\t\t\t\n\t\t\t<div class=\"wpb_video_wrapper\"><iframe title=\"Testimonio de Sixto Hern\u00e1ndez\" width=\"500\" height=\"281\" src=\"https:\/\/www.youtube.com\/embed\/wO2z-e75r4U?feature=oembed\" frameborder=\"0\" allow=\"accelerometer; autoplay; clipboard-write; encrypted-media; gyroscope; picture-in-picture; web-share\" allowfullscreen><\/iframe><\/div>\n\t\t<\/div>\n\t<\/div>\n<\/div><\/div><\/div><\/div><div class=\"vc_row wpb_row vc_row-fluid\"><div class=\"wpb_column vc_column_container vc_col-sm-4\"><div class=\"vc_column-inner\"><div class=\"wpb_wrapper\">\n\t<div class=\"wpb_video_widget wpb_content_element vc_clearfix   vc_video-aspect-ratio-169 vc_video-el-width-100 vc_video-align-center\" >\n\t\t<div class=\"wpb_wrapper\">\n\t\t\t\n\t\t\t<div class=\"wpb_video_wrapper\"><iframe title=\"Brad Lovejoy\" width=\"500\" height=\"281\" src=\"https:\/\/www.youtube.com\/embed\/G2j30B1TuyE?feature=oembed\" frameborder=\"0\" allow=\"accelerometer; autoplay; clipboard-write; encrypted-media; gyroscope; picture-in-picture; web-share\" allowfullscreen><\/iframe><\/div>\n\t\t<\/div>\n\t<\/div>\n<\/div><\/div><\/div><div class=\"wpb_column vc_column_container vc_col-sm-4\"><div class=\"vc_column-inner\"><div class=\"wpb_wrapper\">\n\t<div class=\"wpb_video_widget wpb_content_element vc_clearfix   vc_video-aspect-ratio-169 vc_video-el-width-100 vc_video-align-center\" >\n\t\t<div class=\"wpb_wrapper\">\n\t\t\t\n\t\t\t<div class=\"wpb_video_wrapper\"><iframe title=\"Dave Talkington\" width=\"500\" height=\"281\" src=\"https:\/\/www.youtube.com\/embed\/9lPNxBuxeDo?feature=oembed\" frameborder=\"0\" allow=\"accelerometer; autoplay; clipboard-write; encrypted-media; gyroscope; picture-in-picture; web-share\" allowfullscreen><\/iframe><\/div>\n\t\t<\/div>\n\t<\/div>\n<\/div><\/div><\/div><div class=\"wpb_column vc_column_container vc_col-sm-4\"><div class=\"vc_column-inner\"><div class=\"wpb_wrapper\">\n\t<div class=\"wpb_video_widget wpb_content_element vc_clearfix   vc_video-aspect-ratio-169 vc_video-el-width-100 vc_video-align-center\" >\n\t\t<div class=\"wpb_wrapper\">\n\t\t\t\n\t\t\t<div class=\"wpb_video_wrapper\"><iframe title=\"Jeque Mastan\" width=\"500\" height=\"281\" src=\"https:\/\/www.youtube.com\/embed\/gHKepB1sRsE?feature=oembed\" frameborder=\"0\" allow=\"accelerometer; autoplay; clipboard-write; encrypted-media; gyroscope; picture-in-picture; web-share\" allowfullscreen><\/iframe><\/div>\n\t\t<\/div>\n\t<\/div>\n<\/div><\/div><\/div><\/div><!-- Row Backgrounds --><div class=\"upb_color\" data-bg-override=\"0\" data-bg-color=\"#e0e0e0\" data-fadeout=\"\" data-fadeout-percentage=\"30\" data-parallax-content=\"\" data-parallax-content-sense=\"30\" data-row-effect-mobile-disable=\"true\" data-img-parallax-mobile-disable=\"true\" data-rtl=\"false\"  data-custom-vc-row=\"\"  data-vc=\"8.7.2\"  data-is_old_vc=\"\"  data-theme-support=\"\"   data-overlay=\"false\" data-overlay-color=\"\" data-overlay-pattern=\"\" data-overlay-pattern-opacity=\"\" data-overlay-pattern-size=\"\"    ><\/div><div class=\"vc_row wpb_row vc_row-fluid\"><div class=\"wpb_column vc_column_container vc_col-sm-2\"><div class=\"vc_column-inner\"><div class=\"wpb_wrapper\"><\/div><\/div><\/div><div class=\"wpb_column vc_column_container vc_col-sm-8\"><div class=\"vc_column-inner\"><div class=\"wpb_wrapper\"><div id=\"ultimate-heading-686869f31343e91fc\" class=\"uvc-heading ult-adjust-bottom-margin ultimate-heading-686869f31343e91fc uvc-2647  uvc-heading-default-font-sizes\" data-hspacer=\"no_spacer\"  data-halign=\"center\" style=\"text-align:center\"><div class=\"uvc-heading-spacer no_spacer\" style=\"top\"><\/div><div class=\"uvc-main-heading ult-responsive\"  data-ultimate-target='.uvc-heading.ultimate-heading-686869f31343e91fc h2'  data-responsive-json-new='{\"font-size\":\"\",\"line-height\":\"\"}' ><h2 style=\"--font-weight:theme;margin-top:30px;\">Beneficios<\/h2><\/div><\/div>\n\t<div class=\"wpb_text_column wpb_content_element  vc_custom_1731624382477\" >\n\t\t<div class=\"wpb_wrapper\">\n\t\t\t<p class=\"xmsonormal\"><b>BENEFICIOS PARA LA SALUD<\/b><\/p>\n<ul type=\"disc\">\n<li class=\"xmsolistparagraph\">M\u00faltiples opciones de planes m\u00e9dicos, dentales y oftalmol\u00f3gicos que se adaptan a las necesidades de nuestra diversa plantilla.<\/li>\n<\/ul>\n<p class=\"xmsonormal\"><b>SEGURO DE VIDA E INVALIDEZ<\/b><\/p>\n<ul type=\"disc\">\n<li class=\"xmsolistparagraph\">Seguro b\u00e1sico de vida y ADHD a cargo de la empresa<\/li>\n<li class=\"xmsolistparagraph\">LTD<\/li>\n<\/ul>\n<p class=\"xmsonormal\"><b>VENTAJAS FINANCIERAS<\/b><\/p>\n<ul type=\"disc\">\n<li class=\"xmsolistparagraph\">Salario competitivo<\/li>\n<li class=\"xmsolistparagraph\">Plan de jubilaci\u00f3n 401(K)<\/li>\n<li class=\"xmsolistparagraph\">Cuenta de Gasto Flexible<\/li>\n<\/ul>\n<p class=\"xmsonormal\"><b>VENTAJAS PARA LA CALIDAD DE VIDA<\/b><\/p>\n<ul type=\"disc\">\n<li class=\"xmsolistparagraph\">Acumulaci\u00f3n inmediata de tiempo libre para vacaciones y tiempo personal.<\/li>\n<li class=\"xmsolistparagraph\">Baja por enfermedad<\/li>\n<li class=\"xmsolistparagraph\">Disfrute de ocho d\u00edas de vacaciones pagadas<\/li>\n<li class=\"xmsolistparagraph\">Programa de bienestar<\/li>\n<li class=\"xmsolistparagraph\">Programa de Asistencia al Empleado<\/li>\n<li class=\"xmsolistparagraph\">Otras ausencias\/permisos<\/li>\n<\/ul>\n<p class=\"xmsolistparagraph\">Betts Company entiende que los miembros del equipo pueden necesitar tiempo libre por razones ajenas a su voluntad. Los miembros del equipo pueden ser elegibles para recibir varios otros tipos de tiempo libre, incluyendo servicio de jurado, duelo y permisos de ausencia (federal, estatal y personal).<\/p>\n<p>Si tiene preguntas generales o relacionadas con RRHH, env\u00ede un correo electr\u00f3nico a <a href=\"mailto:bettshr@betts1868.com\">bettshr@betts1868.com<\/a>.<\/p>\n\n\t\t<\/div>\n\t<\/div>\n<div class=\"ubtn-ctn-center\"><a class=\"ubtn-link ult-adjust-bottom-margin ubtn-center ubtn-normal\" href=\"https:\/\/recruiting.paylocity.com\/recruiting\/jobs\/All\/63c3a0e9-345b-41ed-93f9-1e31b03abb4d\/Betts-Truck-Parts-Service\" target=\"_blank\" rel=\"noopener\"><button type=\"button\" id=\"ubtn-6676\"  class=\"ubtn ult-adjust-bottom-margin ult-responsive ubtn-normal ubtn-fade-bg  none  ubtn-center   tooltip-69f31343e936e\"  data-hover=\"#ffffff\" data-border-color=\"#ad172b\" data-bg=\"rgba(255,255,255,0.01)\" data-hover-bg=\"#ad172b\" data-border-hover=\"#ffffff\" data-shadow-hover=\"\" data-shadow-click=\"none\" data-shadow=\"\" data-shd-shadow=\"\"  data-ultimate-target='#ubtn-6676'  data-responsive-json-new='{\"font-size\":\"desktop:16px;\",\"line-height\":\"\"}'  style=\"font-weight:bold;border-radius:15px;border-width:2px;border-color:#ad172b;border-style:solid;background: rgba(255,255,255,0.01);color: #ad172b;\"><span class=\"ubtn-hover\" style=\"background-color:#ad172b\"><\/span><span class=\"ubtn-data ubtn-text\" >Vea nuestras oportunidades de empleo<\/span><\/button><\/a><\/div><\/div><\/div><\/div><div class=\"wpb_column vc_column_container vc_col-sm-2\"><div class=\"vc_column-inner\"><div class=\"wpb_wrapper\"><\/div><\/div><\/div><\/div>\n<\/div>","protected":false},"excerpt":{"rendered":"<p>Explore Carreras en Betts Truck Parts En Betts, \"Improving the Way Things Move\u00ae\" es m\u00e1s que un eslogan - es una forma de vida. Y se extiende a nuestros empleados, nuestros clientes y nuestros valiosos socios.  Vea nuestras oportunidades de empleo \u00daNASE A NOSOTROS PARA OFRECER REPUESTOS Y SERVICIOS DE LA M\u00c1S ALTA CALIDAD Betts Truck Parts &amp; Service ofrece...<\/p>","protected":false},"author":4,"featured_media":0,"parent":0,"menu_order":0,"comment_status":"closed","ping_status":"closed","template":"","meta":{"footnotes":""},"class_list":["post-136","page","type-page","status-publish","hentry","description-off"],"_links":{"self":[{"href":"https:\/\/bettstruckparts.com\/es\/wp-json\/wp\/v2\/pages\/136","targetHints":{"allow":["GET"]}}],"collection":[{"href":"https:\/\/bettstruckparts.com\/es\/wp-json\/wp\/v2\/pages"}],"about":[{"href":"https:\/\/bettstruckparts.com\/es\/wp-json\/wp\/v2\/types\/page"}],"author":[{"embeddable":true,"href":"https:\/\/bettstruckparts.com\/es\/wp-json\/wp\/v2\/users\/4"}],"replies":[{"embeddable":true,"href":"https:\/\/bettstruckparts.com\/es\/wp-json\/wp\/v2\/comments?post=136"}],"version-history":[{"count":0,"href":"https:\/\/bettstruckparts.com\/es\/wp-json\/wp\/v2\/pages\/136\/revisions"}],"wp:attachment":[{"href":"https:\/\/bettstruckparts.com\/es\/wp-json\/wp\/v2\/media?parent=136"}],"curies":[{"name":"wp","href":"https:\/\/api.w.org\/{rel}","templated":true}]}}