{"id":1338,"date":"2019-06-25T11:36:28","date_gmt":"2019-06-25T19:36:28","guid":{"rendered":"https:\/\/bettstruckparts.com\/?page_id=1338"},"modified":"2025-05-03T10:07:58","modified_gmt":"2025-05-03T18:07:58","slug":"portland-o","status":"publish","type":"page","link":"https:\/\/bettstruckparts.com\/es\/truck-repair\/truck-wheel-alignments\/portland-or\/","title":{"rendered":"Servicios de alineaci\u00f3n - Portland"},"content":{"rendered":"<div class=\"wpb-content-wrapper\"><div class=\"vc_row wpb_row vc_row-fluid vc_custom_1516047752276 vc_row-has-fill vc_row-o-equal-height vc_row-flex\"><div class=\"wpb_column vc_column_container vc_col-sm-3 vc_col-has-fill\"><div class=\"vc_column-inner vc_custom_1510682040425\"><div class=\"wpb_wrapper\"><div  class=\"wpb_widgetised_column wpb_content_element sidebar-content\">\n\t\t<div class=\"wpb_wrapper\">\n\t\t\t\n\t\t\t<section id=\"nav_menu-4\" class=\"widget widget_nav_menu\"><div class=\"widget-title\">Reparaci\u00f3n de camiones<\/div><div class=\"menu-truck-repair-container\"><ul id=\"menu-truck-repair\" class=\"menu\"><li id=\"menu-item-341\" class=\"menu-item menu-item-type-post_type menu-item-object-page menu-item-341\"><a href=\"https:\/\/bettstruckparts.com\/es\/truck-repair\/air-ride-control\/\">Control de la suspensi\u00f3n neum\u00e1tica<\/a><\/li>\n<li id=\"menu-item-382\" class=\"menu-item menu-item-type-post_type menu-item-object-page menu-item-382\"><a href=\"https:\/\/bettstruckparts.com\/es\/truck-repair\/truck-wheel-alignments\/\">Servicio de alineaci\u00f3n de ruedas<\/a><\/li>\n<li id=\"menu-item-381\" class=\"menu-item menu-item-type-post_type menu-item-object-page menu-item-381\"><a href=\"https:\/\/bettstruckparts.com\/es\/truck-repair\/auxiliary-power\/\">Alimentaci\u00f3n auxiliar<\/a><\/li>\n<li id=\"menu-item-380\" class=\"menu-item menu-item-type-post_type menu-item-object-page menu-item-380\"><a href=\"https:\/\/bettstruckparts.com\/es\/truck-repair\/brake-services\/\">Servicios de reparaci\u00f3n de frenos<\/a><\/li>\n<li id=\"menu-item-390\" class=\"menu-item menu-item-type-post_type menu-item-object-page menu-item-390\"><a href=\"https:\/\/bettstruckparts.com\/es\/truck-repair\/custom-u-bolts\/\">Pernos en U a medida<\/a><\/li>\n<li id=\"menu-item-389\" class=\"menu-item menu-item-type-post_type menu-item-object-page menu-item-389\"><a href=\"https:\/\/bettstruckparts.com\/es\/truck-repair\/dot-inspection\/\">Inspecci\u00f3n DOT<\/a><\/li>\n<li id=\"menu-item-388\" class=\"menu-item menu-item-type-post_type menu-item-object-page menu-item-388\"><a href=\"https:\/\/bettstruckparts.com\/es\/truck-repair\/drivetrain-repair\/\">Servicios de reparaci\u00f3n de trenes de transmisi\u00f3n<\/a><\/li>\n<li id=\"menu-item-387\" class=\"menu-item menu-item-type-post_type menu-item-object-page menu-item-387\"><a href=\"https:\/\/bettstruckparts.com\/es\/truck-repair\/electrical-repair\/\">Reparaci\u00f3n el\u00e9ctrica<\/a><\/li>\n<li id=\"menu-item-386\" class=\"menu-item menu-item-type-post_type menu-item-object-page menu-item-386\"><a href=\"https:\/\/bettstruckparts.com\/es\/truck-repair\/leaf-spring-repair\/\">Reparaci\u00f3n de ballestas<\/a><\/li>\n<li id=\"menu-item-385\" class=\"menu-item menu-item-type-post_type menu-item-object-page menu-item-385\"><a href=\"https:\/\/bettstruckparts.com\/es\/truck-repair\/steering-repair\/\">Reparaci\u00f3n de la direcci\u00f3n<\/a><\/li>\n<li id=\"menu-item-384\" class=\"menu-item menu-item-type-post_type menu-item-object-page menu-item-384\"><a href=\"https:\/\/bettstruckparts.com\/es\/truck-repair\/suspension-services\/\">Servicios de suspensi\u00f3n<\/a><\/li>\n<li id=\"menu-item-383\" class=\"menu-item menu-item-type-post_type menu-item-object-page menu-item-383\"><a href=\"https:\/\/bettstruckparts.com\/es\/truck-repair\/truck-axle-repair\/\">Reparaci\u00f3n de ejes de camiones<\/a><\/li>\n<\/ul><\/div><\/section>\n\t\t<\/div>\n\t<\/div>\n<\/div><\/div><\/div><div class=\"wpb_column vc_column_container vc_col-sm-9\"><div class=\"vc_column-inner vc_custom_1510682076814\"><div class=\"wpb_wrapper\"><div class=\"vc_row wpb_row vc_inner vc_row-fluid\"><div class=\"wpb_column vc_column_container vc_col-sm-12\"><div class=\"vc_column-inner vc_custom_1486667994280\"><div class=\"wpb_wrapper\">\n\t<div class=\"wpb_text_column wpb_content_element\" >\n\t\t<div class=\"wpb_wrapper\">\n\t\t\t<h1 style=\"text-align: center;\">Servicios de Alineaci\u00f3n de Camiones en Portland, OR<\/h1>\n<h2 style=\"text-align: center;\">Mejore el rendimiento y la seguridad con Betts Truck Parts &amp; Service<\/h2>\n<h3 style=\"text-align: center;\"><span style=\"color: #ad1818;\">Haga clic para llamar a Betts para servicios de alineaci\u00f3n de camiones en Portland, OR: <a href=\"tel:800.378.8766\"><strong>800.378.8766<\/strong><\/a><\/span><\/h3>\n\n\t\t<\/div>\n\t<\/div>\n<div class=\"ubtn-ctn-center\"><a class=\"ubtn-link ult-adjust-bottom-margin ubtn-center ubtn-normal\" href=\"tel:800.378.8766\" ><button type=\"button\" id=\"ubtn-8465\"  class=\"ubtn ult-adjust-bottom-margin ult-responsive ubtn-normal ubtn-fade-bg  none  ubtn-center   tooltip-69e0241a02f43\"  data-hover=\"#ffffff\" data-border-color=\"#ad172b\" data-bg=\"rgba(255,255,255,0.01)\" data-hover-bg=\"#ad172b\" data-border-hover=\"#ffffff\" data-shadow-hover=\"\" data-shadow-click=\"none\" data-shadow=\"\" data-shd-shadow=\"\"  data-ultimate-target='#ubtn-8465'  data-responsive-json-new='{\"font-size\":\"desktop:16px;\",\"line-height\":\"\"}'  style=\"font-weight:bold;border-radius:15px;border-width:2px;border-color:#ad172b;border-style:solid;background: rgba(255,255,255,0.01);color: #ad172b;\"><span class=\"ubtn-hover\" style=\"background-color:#ad172b\"><\/span><span class=\"ubtn-data ubtn-text\" >Haga clic para llamar<\/span><\/button><\/a><\/div>\n\t<div class=\"wpb_text_column wpb_content_element  vc_custom_1745499244789\" >\n\t\t<div class=\"wpb_wrapper\">\n\t\t\t<p>Betts Truck Parts &amp; Service es su principal recurso para el servicio de alineaci\u00f3n de camiones en Portland, OR, y sus alrededores. Nosotros proveemos <a href=\"https:\/\/bettstruckparts.com\/es\/reparacion-de-camiones\/alineacion\/\">servicio completo de alineaci\u00f3n de camiones y remolques<\/a> de todas las marcas y modelos. Damos servicio a camiones medianos, camiones pesados y camiones comerciales de todo tipo.<\/p>\n<p><a href=\"https:\/\/bettstruckparts.com\/es\/contacto\/\">Solicitar una cita<\/a> para la alineaci\u00f3n de camiones en Portland, OR. <a href=\"https:\/\/bettstruckparts.com\/es\/contacto\/\">P\u00f3ngase en contacto con nosotros<\/a> para m\u00e1s informaci\u00f3n.<\/p>\n<h2>Ventajas del servicio de alineaci\u00f3n de camiones de Betts<\/h2>\n<p>Al seleccionar un proveedor de servicios de alineaci\u00f3n de camiones en Portland, necesita un socio en el que pueda confiar. Esto es lo que diferencia a Betts:<\/p>\n<ul>\n<li><strong>D\u00e9cadas de experiencia:<\/strong> Hemos estado sirviendo a la comunidad de camiones Portland durante a\u00f1os, la construcci\u00f3n de una s\u00f3lida reputaci\u00f3n de experiencia y fiabilidad. Estamos dedicados a la gente de Portland y queremos ayudarles a tener \u00e9xito.<\/li>\n<li><strong>T\u00e9cnicos certificados<\/strong>: Nuestro equipo de t\u00e9cnicos altamente cualificados y certificados posee un profundo conocimiento de los principios de alineaci\u00f3n de camiones y remolques.<\/li>\n<li><strong>Equipos de \u00faltima generaci\u00f3n:<\/strong> Utilizamos equipos de alineaci\u00f3n l\u00e1ser Bee Line de \u00faltima generaci\u00f3n, l\u00edder reconocido en la industria de la alineaci\u00f3n de veh\u00edculos pesados.<\/li>\n<li><strong>Compromiso con la satisfacci\u00f3n del cliente:<\/strong> Damos prioridad a su satisfacci\u00f3n y nos esforzamos por ofrecerle una experiencia de servicio fluida y positiva.<\/li>\n<\/ul>\n<h3><strong>Liberar los beneficios -<\/strong> El servicio de alineaci\u00f3n de camiones en Portland ofrece una serie de beneficios significativos para su negocio:<\/h3>\n<ol>\n<li><strong>Mayor duraci\u00f3n de los neum\u00e1ticos:<\/strong> Prolongue la vida \u00fatil de los neum\u00e1ticos hasta 30% Una alineaci\u00f3n correcta garantiza un desgaste uniforme de los neum\u00e1ticos, maximizando su vida \u00fatil y minimizando los costes de sustituci\u00f3n. Al corregir la desalineaci\u00f3n, sus neum\u00e1ticos se desgastar\u00e1n uniformemente y usted sabr\u00e1 qu\u00e9 esperar de ellos. Una alineaci\u00f3n adecuada ayuda a prolongar la vida de sus neum\u00e1ticos hasta 30%. Este beneficio por s\u00ed solo le ahorrar\u00e1 dinero y mejorar\u00e1 el rendimiento general de su negocio.<\/li>\n<li><strong>Mayor ahorro de combustible:<\/strong> Maximice la eficiencia del combustible y reduzca los costes<br \/>\nUna alineaci\u00f3n correcta reduce la resistencia a la rodadura, mejorando su eficiencia de combustible hasta en 2%. El combustible es un gasto importante para muchos veh\u00edculos comerciales. Ayudar a reducir sus gastos y mantener su flujo de caja positivo es uno de nuestros principales objetivos. Queremos ayudarle a tener \u00e9xito.<\/li>\n<li><strong>Identificaci\u00f3n proactiva de problemas:<\/strong> Abordar a tiempo los posibles problemas<br \/>\nMientras alineamos su cami\u00f3n, podemos encontrar y tratar otros problemas (si los hay) que podr\u00edan convertirse en grandes problemas m\u00e1s adelante. Detectar estos problemas y abordarlos antes de que ocurran ayuda a mantener a su equipo seguro y a su cami\u00f3n fuera del taller. Queremos ayudarle a permanecer en la carretera el mayor tiempo posible.<\/li>\n<li><strong>Mayor seguridad y control:<\/strong> Mejorar la confianza y la seguridad del conductor<br \/>\nUn cami\u00f3n correctamente alineado se maneja de forma predecible y segura, reduciendo el riesgo de accidentes. Mejora el control y la maniobrabilidad del conductor. Tener la tranquilidad de una alineaci\u00f3n de cami\u00f3n puede ayudar a mejorar el rendimiento general del equipo. Un conductor seguro es un buen conductor.<\/li>\n<li><strong>Servicio profesional:<\/strong> Mano de obra de calidad y resultados duraderos<br \/>\nGracias a nuestros t\u00e9cnicos altamente cualificados y al equipo de alineaci\u00f3n l\u00e1ser Bee Line de \u00faltima generaci\u00f3n, la alineaci\u00f3n de su cami\u00f3n se completar\u00e1 de forma r\u00e1pida, eficiente y segura.<\/li>\n<\/ol>\n<h3>\u00a1Solicite su Cita de Alineaci\u00f3n de Camiones en Portland Hoy!<\/h3>\n<p>Invierta en la salud y el rendimiento a largo plazo de su cami\u00f3n o remolque. Solicite una cita con Betts para la alineaci\u00f3n de camiones en Portland y sus alrededores. Cont\u00e1ctenos hoy para saber m\u00e1s y experimentar la diferencia Betts. Nuestra misi\u00f3n es ayudar a las personas y empresas de la zona de Portland, ofreciendo calidad, piezas de camiones fiables y servicio. Queremos servir como un socio en su \u00e9xito y haremos todo lo posible para ayudarle a alcanzar sus metas.<\/p>\n<p><a href=\"https:\/\/bettstruckparts.com\/es\/contacto\/\">Solicitar una cita<\/a> o <a href=\"https:\/\/bettstruckparts.com\/es\/contacto\/\">contacto Betts<\/a> para la alineaci\u00f3n de camiones en Portland y sus alrededores.<\/p>\n\n\t\t<\/div>\n\t<\/div>\n<div class=\"ubtn-ctn-center\"><a class=\"ubtn-link ult-adjust-bottom-margin ubtn-center ubtn-normal\" href=\"\/es\/contact\/\" ><button type=\"button\" id=\"ubtn-6724\"  class=\"ubtn ult-adjust-bottom-margin ult-responsive ubtn-normal ubtn-fade-bg  none  ubtn-center   tooltip-69e0241a03081\"  data-hover=\"#ffffff\" data-border-color=\"#ad172b\" data-bg=\"rgba(255,255,255,0.01)\" data-hover-bg=\"#ad172b\" data-border-hover=\"#ffffff\" data-shadow-hover=\"\" data-shadow-click=\"none\" data-shadow=\"\" data-shd-shadow=\"\"  data-ultimate-target='#ubtn-6724'  data-responsive-json-new='{\"font-size\":\"desktop:16px;\",\"line-height\":\"\"}'  style=\"font-weight:bold;border-radius:15px;border-width:2px;border-color:#ad172b;border-style:solid;background: rgba(255,255,255,0.01);color: #ad172b;\"><span class=\"ubtn-hover\" style=\"background-color:#ad172b\"><\/span><span class=\"ubtn-data ubtn-text\" >Concertar una cita<\/span><\/button><\/a><\/div><\/div><\/div><\/div><\/div><\/div><\/div><\/div><\/div><div class=\"vc_row wpb_row vc_row-fluid\"><div class=\"wpb_column vc_column_container vc_col-sm-12\"><div class=\"vc_column-inner\"><div class=\"wpb_wrapper\"><\/div><\/div><\/div><\/div>\n<\/div>","protected":false},"excerpt":{"rendered":"<p>Truck RepairAir Ride Control Wheel Alignment Service Auxiliary Power Brake Repair Services Custom U-Bolts DOT Inspection Drivetrain Repair Services Electrical Repair Leaf Spring Repair Steering Repair Suspension Services Truck Axle Repair Truck Alignment Services in Portland, OR Enhance Performance &amp; Safety with Betts Truck Parts &amp; Service Click to Call Betts for Truck Alignment Services&hellip;<\/p>","protected":false},"author":4,"featured_media":0,"parent":345,"menu_order":0,"comment_status":"closed","ping_status":"closed","template":"template-microsite.php","meta":{"footnotes":""},"class_list":["post-1338","page","type-page","status-publish","hentry","description-off"],"_links":{"self":[{"href":"https:\/\/bettstruckparts.com\/es\/wp-json\/wp\/v2\/pages\/1338","targetHints":{"allow":["GET"]}}],"collection":[{"href":"https:\/\/bettstruckparts.com\/es\/wp-json\/wp\/v2\/pages"}],"about":[{"href":"https:\/\/bettstruckparts.com\/es\/wp-json\/wp\/v2\/types\/page"}],"author":[{"embeddable":true,"href":"https:\/\/bettstruckparts.com\/es\/wp-json\/wp\/v2\/users\/4"}],"replies":[{"embeddable":true,"href":"https:\/\/bettstruckparts.com\/es\/wp-json\/wp\/v2\/comments?post=1338"}],"version-history":[{"count":0,"href":"https:\/\/bettstruckparts.com\/es\/wp-json\/wp\/v2\/pages\/1338\/revisions"}],"up":[{"embeddable":true,"href":"https:\/\/bettstruckparts.com\/es\/wp-json\/wp\/v2\/pages\/345"}],"wp:attachment":[{"href":"https:\/\/bettstruckparts.com\/es\/wp-json\/wp\/v2\/media?parent=1338"}],"curies":[{"name":"wp","href":"https:\/\/api.w.org\/{rel}","templated":true}]}}