{"id":1337,"date":"2019-06-25T11:32:16","date_gmt":"2019-06-25T19:32:16","guid":{"rendered":"https:\/\/bettstruckparts.com\/?page_id=1337"},"modified":"2025-05-03T09:55:24","modified_gmt":"2025-05-03T17:55:24","slug":"phoenix-az","status":"publish","type":"page","link":"https:\/\/bettstruckparts.com\/es\/truck-repair\/truck-wheel-alignments\/phoenix-az\/","title":{"rendered":"Servicios de alineaci\u00f3n - Phoenix"},"content":{"rendered":"<div class=\"wpb-content-wrapper\"><div class=\"vc_row wpb_row vc_row-fluid vc_custom_1516047752276 vc_row-has-fill vc_row-o-equal-height vc_row-flex\"><div class=\"wpb_column vc_column_container vc_col-sm-3 vc_col-has-fill\"><div class=\"vc_column-inner vc_custom_1510682040425\"><div class=\"wpb_wrapper\"><div  class=\"wpb_widgetised_column wpb_content_element sidebar-content\">\n\t\t<div class=\"wpb_wrapper\">\n\t\t\t\n\t\t\t<section id=\"nav_menu-4\" class=\"widget widget_nav_menu\"><div class=\"widget-title\">Reparaci\u00f3n de camiones<\/div><div class=\"menu-truck-repair-container\"><ul id=\"menu-truck-repair\" class=\"menu\"><li id=\"menu-item-341\" class=\"menu-item menu-item-type-post_type menu-item-object-page menu-item-341\"><a href=\"https:\/\/bettstruckparts.com\/es\/truck-repair\/air-ride-control\/\">Control de la suspensi\u00f3n neum\u00e1tica<\/a><\/li>\n<li id=\"menu-item-382\" class=\"menu-item menu-item-type-post_type menu-item-object-page menu-item-382\"><a href=\"https:\/\/bettstruckparts.com\/es\/truck-repair\/truck-wheel-alignments\/\">Servicio de alineaci\u00f3n de ruedas<\/a><\/li>\n<li id=\"menu-item-381\" class=\"menu-item menu-item-type-post_type menu-item-object-page menu-item-381\"><a href=\"https:\/\/bettstruckparts.com\/es\/truck-repair\/auxiliary-power\/\">Alimentaci\u00f3n auxiliar<\/a><\/li>\n<li id=\"menu-item-380\" class=\"menu-item menu-item-type-post_type menu-item-object-page menu-item-380\"><a href=\"https:\/\/bettstruckparts.com\/es\/truck-repair\/brake-services\/\">Servicios de reparaci\u00f3n de frenos<\/a><\/li>\n<li id=\"menu-item-390\" class=\"menu-item menu-item-type-post_type menu-item-object-page menu-item-390\"><a href=\"https:\/\/bettstruckparts.com\/es\/truck-repair\/custom-u-bolts\/\">Pernos en U a medida<\/a><\/li>\n<li id=\"menu-item-389\" class=\"menu-item menu-item-type-post_type menu-item-object-page menu-item-389\"><a href=\"https:\/\/bettstruckparts.com\/es\/truck-repair\/dot-inspection\/\">Inspecci\u00f3n DOT<\/a><\/li>\n<li id=\"menu-item-388\" class=\"menu-item menu-item-type-post_type menu-item-object-page menu-item-388\"><a href=\"https:\/\/bettstruckparts.com\/es\/truck-repair\/drivetrain-repair\/\">Servicios de reparaci\u00f3n de trenes de transmisi\u00f3n<\/a><\/li>\n<li id=\"menu-item-387\" class=\"menu-item menu-item-type-post_type menu-item-object-page menu-item-387\"><a href=\"https:\/\/bettstruckparts.com\/es\/truck-repair\/electrical-repair\/\">Reparaci\u00f3n el\u00e9ctrica<\/a><\/li>\n<li id=\"menu-item-386\" class=\"menu-item menu-item-type-post_type menu-item-object-page menu-item-386\"><a href=\"https:\/\/bettstruckparts.com\/es\/truck-repair\/leaf-spring-repair\/\">Reparaci\u00f3n de ballestas<\/a><\/li>\n<li id=\"menu-item-385\" class=\"menu-item menu-item-type-post_type menu-item-object-page menu-item-385\"><a href=\"https:\/\/bettstruckparts.com\/es\/truck-repair\/steering-repair\/\">Reparaci\u00f3n de la direcci\u00f3n<\/a><\/li>\n<li id=\"menu-item-384\" class=\"menu-item menu-item-type-post_type menu-item-object-page menu-item-384\"><a href=\"https:\/\/bettstruckparts.com\/es\/truck-repair\/suspension-services\/\">Servicios de suspensi\u00f3n<\/a><\/li>\n<li id=\"menu-item-383\" class=\"menu-item menu-item-type-post_type menu-item-object-page menu-item-383\"><a href=\"https:\/\/bettstruckparts.com\/es\/truck-repair\/truck-axle-repair\/\">Reparaci\u00f3n de ejes de camiones<\/a><\/li>\n<\/ul><\/div><\/section>\n\t\t<\/div>\n\t<\/div>\n<\/div><\/div><\/div><div class=\"wpb_column vc_column_container vc_col-sm-9\"><div class=\"vc_column-inner vc_custom_1510682076814\"><div class=\"wpb_wrapper\"><div class=\"vc_row wpb_row vc_inner vc_row-fluid\"><div class=\"wpb_column vc_column_container vc_col-sm-12\"><div class=\"vc_column-inner vc_custom_1486667994280\"><div class=\"wpb_wrapper\">\n\t<div class=\"wpb_text_column wpb_content_element\" >\n\t\t<div class=\"wpb_wrapper\">\n\t\t\t<h1 style=\"text-align: center;\">Servicios de Alineaci\u00f3n de Camiones en Phoenix, AZ,<\/h1>\n<h2 style=\"text-align: center;\">Su socio para la precisi\u00f3n y el rendimiento con Betts Truck Parts &amp; Service<\/h2>\n<h3 style=\"text-align: center;\"><span style=\"color: #ad1818;\">Haga clic para llamar a Betts para Servicios de Alineaci\u00f3n de Camiones en Phoenix, AZ: <a href=\"tel:800.545.0283\">800.545.0283<\/a><\/span><\/h3>\n\n\t\t<\/div>\n\t<\/div>\n<div class=\"ubtn-ctn-center\"><a class=\"ubtn-link ult-adjust-bottom-margin ubtn-center ubtn-normal\" href=\"tel:800.545.0283\" ><button type=\"button\" id=\"ubtn-6830\"  class=\"ubtn ult-adjust-bottom-margin ult-responsive ubtn-normal ubtn-fade-bg  none  ubtn-center   tooltip-69f3f46e49e5b\"  data-hover=\"#ffffff\" data-border-color=\"#ad172b\" data-bg=\"rgba(255,255,255,0.01)\" data-hover-bg=\"#ad172b\" data-border-hover=\"#ffffff\" data-shadow-hover=\"\" data-shadow-click=\"none\" data-shadow=\"\" data-shd-shadow=\"\"  data-ultimate-target='#ubtn-6830'  data-responsive-json-new='{\"font-size\":\"desktop:16px;\",\"line-height\":\"\"}'  style=\"font-weight:bold;border-radius:15px;border-width:2px;border-color:#ad172b;border-style:solid;background: rgba(255,255,255,0.01);color: #ad172b;\"><span class=\"ubtn-hover\" style=\"background-color:#ad172b\"><\/span><span class=\"ubtn-data ubtn-text\" >Haga clic para llamar<\/span><\/button><\/a><\/div>\n\t<div class=\"wpb_text_column wpb_content_element  vc_custom_1745499920185\" >\n\t\t<div class=\"wpb_wrapper\">\n\t\t\t<p>En el bullicioso centro de transporte de Phoenix, Arizona, Betts Truck Parts &amp; Service se erige como el proveedor l\u00edder de servicios expertos de alineaci\u00f3n de camiones. Atendemos las necesidades \u00fanicas de los operadores de camiones y remolques, ofreciendo soluciones integrales de alineaci\u00f3n para veh\u00edculos de todas las marcas y modelos, incluyendo camiones comerciales, camiones medianos y camiones pesados.<br \/>\nEn Betts, entendemos que la alineaci\u00f3n de camiones es algo m\u00e1s que una soluci\u00f3n r\u00e1pida; es un aspecto fundamental del mantenimiento del veh\u00edculo que afecta directamente a la seguridad, la eficiencia y la rentabilidad. Una alineaci\u00f3n adecuada garantiza un manejo \u00f3ptimo, minimiza el desgaste de los neum\u00e1ticos, maximiza el ahorro de combustible y evita costosos da\u00f1os en los componentes. Cuando su cami\u00f3n est\u00e1 correctamente alineado, puede conducir con confianza, sabiendo que est\u00e1 obteniendo el m\u00e1ximo rendimiento de su veh\u00edculo.<\/p>\n<h3>\u00bfPor qu\u00e9 elegir Betts para la alineaci\u00f3n de camiones en Phoenix?<\/h3>\n<p>Con tantos proveedores de servicios en el \u00e1rea de Phoenix, \u00bfpor qu\u00e9 elegir Betts Truck Parts &amp; Service para sus necesidades de alineaci\u00f3n? Esto es lo que nos diferencia:<\/p>\n<ul>\n<li><strong>Experiencia demostrada:<\/strong> Hemos estado sirviendo a la comunidad de camiones de Phoenix durante a\u00f1os, la construcci\u00f3n de una reputaci\u00f3n de excelencia y fiabilidad. Nuestros t\u00e9cnicos est\u00e1n altamente cualificados y experimentados en todos los aspectos de la alineaci\u00f3n de camiones.<\/li>\n<li><strong>Tecnolog\u00eda punta:<\/strong> Utilizamos equipos avanzados de alineaci\u00f3n l\u00e1ser Bee Line, una marca l\u00edder en la industria de la alineaci\u00f3n de veh\u00edculos pesados. Esta tecnolog\u00eda de vanguardia nos permite lograr una precisi\u00f3n y exactitud sin precedentes.<\/li>\n<li><strong>Compromiso con el servicio al cliente:<\/strong> Creemos en la creaci\u00f3n de relaciones a largo plazo con nuestros clientes, basadas en la confianza, la transparencia y la dedicaci\u00f3n a superar sus expectativas.<\/li>\n<\/ul>\n<h3>Descubra las ventajas del servicio de alineaci\u00f3n de camiones de Betts en Phoenix<\/h3>\n<p>Invertir en servicios regulares de alineaci\u00f3n de camiones en nuestro taller de alineaci\u00f3n de Phoenix desbloquea una serie de beneficios significativos para su negocio:<\/p>\n<ol>\n<li><strong>Reducci\u00f3n del desgaste de los neum\u00e1ticos:<\/strong> Maximice la vida \u00fatil de los neum\u00e1ticos y minimice los costes de sustituci\u00f3n<br \/>\nUno de los beneficios m\u00e1s inmediatos y significativos de una correcta alineaci\u00f3n del cami\u00f3n es la reducci\u00f3n del desgaste de los neum\u00e1ticos. Las ruedas desalineadas provocan un desgaste desigual y acelerado de los neum\u00e1ticos, lo que conduce a sustituciones prematuras. Una alineaci\u00f3n correcta garantiza patrones de desgaste uniformes, prolongando la vida \u00fatil de los neum\u00e1ticos hasta 30% y ahorr\u00e1ndole un dinero considerable con el paso del tiempo.<br \/>\nCuando tiene su cami\u00f3n correctamente alineado, no s\u00f3lo ahorra dinero, sino que tambi\u00e9n ayuda a reducir los residuos. Usted puede estar orgulloso de saber que usted est\u00e1 haciendo su parte para el medio ambiente tambi\u00e9n.<\/li>\n<li><strong>Mejor MPG:<\/strong> Optimice la eficiencia y reduzca el consumo de combustible<br \/>\nLa desalineaci\u00f3n aumenta la resistencia a la rodadura, obligando a su motor a trabajar m\u00e1s y quemar m\u00e1s combustible. Una alineaci\u00f3n adecuada reduce esta resistencia, mejorando sus millas por gal\u00f3n (MPG) hasta en 2%. Aunque esto puede parecer un peque\u00f1o porcentaje, se suma r\u00e1pidamente, lo que resulta en un ahorro significativo de combustible en el transcurso de un a\u00f1o. Ese peque\u00f1o porcentaje mantendr\u00e1 m\u00e1s dinero en su banco y ayudar\u00e1 a proporcionar flujo de caja para sus operaciones.<\/li>\n<li><strong>Mantenimiento proactivo:<\/strong> Detecte posibles problemas antes de que se agraven<br \/>\nEl proceso de alineaci\u00f3n implica una inspecci\u00f3n minuciosa de los componentes de direcci\u00f3n y suspensi\u00f3n de su cami\u00f3n. Esto permite a nuestros t\u00e9cnicos cualificados identificar posibles problemas, como piezas desgastadas o da\u00f1adas, antes de que se conviertan en problemas graves. La detecci\u00f3n temprana puede ahorrarle tiempo, dinero y posibles tiempos de inactividad. El mantenimiento preventivo ayuda a mantener su cami\u00f3n fuera del taller y en la carretera, donde debe estar.<\/li>\n<li><strong>Mayor seguridad y control:<\/strong> Un viaje m\u00e1s seguro para sus conductores<br \/>\nUna alineaci\u00f3n adecuada garantiza que su cami\u00f3n se maneje de forma predecible y segura, reduciendo el riesgo de accidentes. Las ruedas desalineadas pueden causar tirones, desv\u00edos e inestabilidad, lo que dificulta mantener el control, especialmente en condiciones de conducci\u00f3n dif\u00edciles. Con una alineaci\u00f3n de Betts Truck Parts, puede sentirse confiado sabiendo que su equipo est\u00e1 seguro en la carretera.<br \/>\nCuidar adecuadamente de su cami\u00f3n es imprescindible en el sector del transporte de larga distancia. Garantizar que sus conductores tengan un viaje seguro y protegido es fundamental para la retenci\u00f3n y la tranquilidad. Cuando est\u00e9n al volante, puede estar seguro de que sus veh\u00edculos est\u00e1n preparados para hacer frente a cualquier situaci\u00f3n.<\/li>\n<li><strong>Servicio profesional:<\/strong> Precisi\u00f3n de confianza, resultados fiables<br \/>\nNuestros t\u00e9cnicos cualificados y avanzados equipos de alineaci\u00f3n l\u00e1ser Bee Line garantizan resultados precisos y fiables. Estamos comprometidos a proporcionar un servicio al cliente excepcional y asegurar su completa satisfacci\u00f3n. Usted es nuestra prioridad n\u00famero uno.<br \/>\nCuando usted tiene un equipo que realmente se preocupa, usted puede estar seguro de que usted est\u00e1 recibiendo lo que usted paga por cada vez. Entendemos el negocio del transporte por carretera y lo que se espera de nosotros para asegurar que usted pueda tener \u00e9xito.<\/li>\n<\/ol>\n<h3>\u00a1Solicite su Cita de Alineaci\u00f3n de Camiones en Phoenix Hoy Mismo!<\/h3>\n<p>Invierta en la salud y desempe\u00f1o a largo plazo de su veh\u00edculo comercial. Solicite una cita para alineaci\u00f3n de camiones en Phoenix, AZ, con Betts Truck Parts &amp; Service. Cont\u00e1ctenos hoy para conocer m\u00e1s acerca de nuestros servicios y experimente la diferencia Betts. Nuestra experiencia combinada con sus habilidades hacen de usted y su cami\u00f3n la combinaci\u00f3n perfecta para el \u00e9xito.<\/p>\n<p>Betts Truck Parts &amp; Service es el proveedor de <a href=\"https:\/\/bettstruckparts.com\/es\/reparacion-de-camiones\/alineacion\/\">proveedor l\u00edder de servicios de alineaci\u00f3n de camiones<\/a>. Nuestro taller de alineaci\u00f3n atiende a camiones y remolques de todas las marcas y modelos, incluyendo camiones comerciales, camiones de carga media y camiones de carga pesada.<\/p>\n<p><a href=\"https:\/\/bettstruckparts.com\/es\/contacto\/\">Solicitar una cita<\/a> para la alineaci\u00f3n de camiones en Phoenix, AZ. <a href=\"https:\/\/bettstruckparts.com\/es\/contacto\/\">P\u00f3ngase en contacto con nosotros<\/a> para saber m\u00e1s.<\/p>\n\n\t\t<\/div>\n\t<\/div>\n<div class=\"ubtn-ctn-center\"><a class=\"ubtn-link ult-adjust-bottom-margin ubtn-center ubtn-normal\" href=\"\/es\/contact\/\" ><button type=\"button\" id=\"ubtn-6562\"  class=\"ubtn ult-adjust-bottom-margin ult-responsive ubtn-normal ubtn-fade-bg  none  ubtn-center   tooltip-69f3f46e49f58\"  data-hover=\"#ffffff\" data-border-color=\"#ad172b\" data-bg=\"rgba(255,255,255,0.01)\" data-hover-bg=\"#ad172b\" data-border-hover=\"#ffffff\" data-shadow-hover=\"\" data-shadow-click=\"none\" data-shadow=\"\" data-shd-shadow=\"\"  data-ultimate-target='#ubtn-6562'  data-responsive-json-new='{\"font-size\":\"desktop:16px;\",\"line-height\":\"\"}'  style=\"font-weight:bold;border-radius:15px;border-width:2px;border-color:#ad172b;border-style:solid;background: rgba(255,255,255,0.01);color: #ad172b;\"><span class=\"ubtn-hover\" style=\"background-color:#ad172b\"><\/span><span class=\"ubtn-data ubtn-text\" >Concertar una cita<\/span><\/button><\/a><\/div><\/div><\/div><\/div><\/div><\/div><\/div><\/div><\/div><div class=\"vc_row wpb_row vc_row-fluid\"><div class=\"wpb_column vc_column_container vc_col-sm-12\"><div class=\"vc_column-inner\"><div class=\"wpb_wrapper\"><\/div><\/div><\/div><\/div>\n<\/div>","protected":false},"excerpt":{"rendered":"<p>Truck RepairAir Ride Control Wheel Alignment Service Auxiliary Power Brake Repair Services Custom U-Bolts DOT Inspection Drivetrain Repair Services Electrical Repair Leaf Spring Repair Steering Repair Suspension Services Truck Axle Repair Truck Alignment Services in Phoenix, AZ, Your Partner for Precision and Performance with Betts Truck Parts &amp; Service Click to Call Betts for Truck&hellip;<\/p>","protected":false},"author":4,"featured_media":0,"parent":345,"menu_order":0,"comment_status":"closed","ping_status":"closed","template":"template-microsite.php","meta":{"footnotes":""},"class_list":["post-1337","page","type-page","status-publish","hentry","description-off"],"_links":{"self":[{"href":"https:\/\/bettstruckparts.com\/es\/wp-json\/wp\/v2\/pages\/1337","targetHints":{"allow":["GET"]}}],"collection":[{"href":"https:\/\/bettstruckparts.com\/es\/wp-json\/wp\/v2\/pages"}],"about":[{"href":"https:\/\/bettstruckparts.com\/es\/wp-json\/wp\/v2\/types\/page"}],"author":[{"embeddable":true,"href":"https:\/\/bettstruckparts.com\/es\/wp-json\/wp\/v2\/users\/4"}],"replies":[{"embeddable":true,"href":"https:\/\/bettstruckparts.com\/es\/wp-json\/wp\/v2\/comments?post=1337"}],"version-history":[{"count":0,"href":"https:\/\/bettstruckparts.com\/es\/wp-json\/wp\/v2\/pages\/1337\/revisions"}],"up":[{"embeddable":true,"href":"https:\/\/bettstruckparts.com\/es\/wp-json\/wp\/v2\/pages\/345"}],"wp:attachment":[{"href":"https:\/\/bettstruckparts.com\/es\/wp-json\/wp\/v2\/media?parent=1337"}],"curies":[{"name":"wp","href":"https:\/\/api.w.org\/{rel}","templated":true}]}}