{"id":1336,"date":"2019-06-25T11:27:22","date_gmt":"2019-06-25T19:27:22","guid":{"rendered":"https:\/\/bettstruckparts.com\/?page_id=1336"},"modified":"2025-05-03T10:22:44","modified_gmt":"2025-05-03T18:22:44","slug":"santa-fe-springs-ca","status":"publish","type":"page","link":"https:\/\/bettstruckparts.com\/es\/truck-repair\/truck-wheel-alignments\/santa-fe-springs-ca\/","title":{"rendered":"Servicios de alineaci\u00f3n - Santa Fe Springs"},"content":{"rendered":"<div class=\"wpb-content-wrapper\"><div class=\"vc_row wpb_row vc_row-fluid vc_custom_1746019182492\"><div class=\"wpb_column vc_column_container vc_col-sm-3 vc_hidden-xs\"><div class=\"vc_column-inner\"><div class=\"wpb_wrapper\"><div  class=\"wpb_widgetised_column wpb_content_element sidebar-content solid-bg\">\n\t\t<div class=\"wpb_wrapper\">\n\t\t\t\n\t\t\t<section id=\"nav_menu-4\" class=\"widget widget_nav_menu\"><div class=\"widget-title\">Reparaci\u00f3n de camiones<\/div><div class=\"menu-truck-repair-container\"><ul id=\"menu-truck-repair\" class=\"menu\"><li id=\"menu-item-341\" class=\"menu-item menu-item-type-post_type menu-item-object-page menu-item-341\"><a href=\"https:\/\/bettstruckparts.com\/es\/truck-repair\/air-ride-control\/\">Control de la suspensi\u00f3n neum\u00e1tica<\/a><\/li>\n<li id=\"menu-item-382\" class=\"menu-item menu-item-type-post_type menu-item-object-page menu-item-382\"><a href=\"https:\/\/bettstruckparts.com\/es\/truck-repair\/truck-wheel-alignments\/\">Servicio de alineaci\u00f3n de ruedas<\/a><\/li>\n<li id=\"menu-item-381\" class=\"menu-item menu-item-type-post_type menu-item-object-page menu-item-381\"><a href=\"https:\/\/bettstruckparts.com\/es\/truck-repair\/auxiliary-power\/\">Alimentaci\u00f3n auxiliar<\/a><\/li>\n<li id=\"menu-item-380\" class=\"menu-item menu-item-type-post_type menu-item-object-page menu-item-380\"><a href=\"https:\/\/bettstruckparts.com\/es\/truck-repair\/brake-services\/\">Servicios de reparaci\u00f3n de frenos<\/a><\/li>\n<li id=\"menu-item-390\" class=\"menu-item menu-item-type-post_type menu-item-object-page menu-item-390\"><a href=\"https:\/\/bettstruckparts.com\/es\/truck-repair\/custom-u-bolts\/\">Pernos en U a medida<\/a><\/li>\n<li id=\"menu-item-389\" class=\"menu-item menu-item-type-post_type menu-item-object-page menu-item-389\"><a href=\"https:\/\/bettstruckparts.com\/es\/truck-repair\/dot-inspection\/\">Inspecci\u00f3n DOT<\/a><\/li>\n<li id=\"menu-item-388\" class=\"menu-item menu-item-type-post_type menu-item-object-page menu-item-388\"><a href=\"https:\/\/bettstruckparts.com\/es\/truck-repair\/drivetrain-repair\/\">Servicios de reparaci\u00f3n de trenes de transmisi\u00f3n<\/a><\/li>\n<li id=\"menu-item-387\" class=\"menu-item menu-item-type-post_type menu-item-object-page menu-item-387\"><a href=\"https:\/\/bettstruckparts.com\/es\/truck-repair\/electrical-repair\/\">Reparaci\u00f3n el\u00e9ctrica<\/a><\/li>\n<li id=\"menu-item-386\" class=\"menu-item menu-item-type-post_type menu-item-object-page menu-item-386\"><a href=\"https:\/\/bettstruckparts.com\/es\/truck-repair\/leaf-spring-repair\/\">Reparaci\u00f3n de ballestas<\/a><\/li>\n<li id=\"menu-item-385\" class=\"menu-item menu-item-type-post_type menu-item-object-page menu-item-385\"><a href=\"https:\/\/bettstruckparts.com\/es\/truck-repair\/steering-repair\/\">Reparaci\u00f3n de la direcci\u00f3n<\/a><\/li>\n<li id=\"menu-item-384\" class=\"menu-item menu-item-type-post_type menu-item-object-page menu-item-384\"><a href=\"https:\/\/bettstruckparts.com\/es\/truck-repair\/suspension-services\/\">Servicios de suspensi\u00f3n<\/a><\/li>\n<li id=\"menu-item-383\" class=\"menu-item menu-item-type-post_type menu-item-object-page menu-item-383\"><a href=\"https:\/\/bettstruckparts.com\/es\/truck-repair\/truck-axle-repair\/\">Reparaci\u00f3n de ejes de camiones<\/a><\/li>\n<\/ul><\/div><\/section>\n\t\t<\/div>\n\t<\/div>\n<\/div><\/div><\/div><div class=\"wpb_column vc_column_container vc_col-sm-9\"><div class=\"vc_column-inner\"><div class=\"wpb_wrapper\">\n\t<div class=\"wpb_text_column wpb_content_element\" >\n\t\t<div class=\"wpb_wrapper\">\n\t\t\t<h1 style=\"text-align: center;\">Servicios de Alineaci\u00f3n de Camiones en Santa Fe Springs, CA<\/h1>\n<h2 style=\"text-align: center;\">Optimizaci\u00f3n del rendimiento de los veh\u00edculos pesados con Betts Truck Parts &amp; Service<\/h2>\n<h3 style=\"text-align: center;\"><span style=\"color: #ad1818;\">Haga clic para llamar a Betts para Servicios de Alineaci\u00f3n de Camiones en Santa Fe Springs, CA: <a href=\"tel:800.541.5613\"><strong>800.541.5613<\/strong><\/a><\/span><\/h3>\n<p>&nbsp;<\/p>\n\n\t\t<\/div>\n\t<\/div>\n<div class=\"ubtn-ctn-center\"><a class=\"ubtn-link ult-adjust-bottom-margin ubtn-center ubtn-normal\" href=\"tel:800.541.5613\" ><button type=\"button\" id=\"ubtn-4685\"  class=\"ubtn ult-adjust-bottom-margin ult-responsive ubtn-normal ubtn-fade-bg  none  ubtn-center   tooltip-69f9b1bbd9644\"  data-hover=\"#ffffff\" data-border-color=\"#ad172b\" data-bg=\"rgba(255,255,255,0.01)\" data-hover-bg=\"#ad172b\" data-border-hover=\"#ffffff\" data-shadow-hover=\"\" data-shadow-click=\"none\" data-shadow=\"\" data-shd-shadow=\"\"  data-ultimate-target='#ubtn-4685'  data-responsive-json-new='{\"font-size\":\"desktop:16px;\",\"line-height\":\"\"}'  style=\"font-weight:bold;border-radius:15px;border-width:2px;border-color:#ad172b;border-style:solid;background: rgba(255,255,255,0.01);color: #ad172b;\"><span class=\"ubtn-hover\" style=\"background-color:#ad172b\"><\/span><span class=\"ubtn-data ubtn-text\" >Haga clic para llamar<\/span><\/button><\/a><\/div>\n\t<div class=\"wpb_text_column wpb_content_element\" >\n\t\t<div class=\"wpb_wrapper\">\n\t\t\t<p>Betts Truck Parts &amp; Service es su fuente n\u00famero uno para alineaciones de camiones pesados y remolques en Santa Fe Springs, CA, y los alrededores del condado de Los \u00c1ngeles. Entendemos el papel cr\u00edtico que juega una alineaci\u00f3n adecuada en la seguridad, eficiencia y longevidad de sus veh\u00edculos comerciales. Con a\u00f1os de experiencia sirviendo a la comunidad de Santa Fe Springs, Betts se compromete a proporcionar soluciones expertas de alineaci\u00f3n que maximizan el rendimiento de su flota.<br \/>\nOfrecemos una amplia gama de servicios de alineaci\u00f3n, entre los que se incluyen:<\/p>\n<ul>\n<li>Servicio completo de alineaci\u00f3n de camiones grandes de todas las marcas y modelos<\/li>\n<li>Alineaci\u00f3n de remolques<\/li>\n<li>Alineaciones pesadas para camiones medianos, camiones caja, camiones pesados, camiones comerciales y remolques.<\/li>\n<\/ul>\n<h3>Alineaci\u00f3n de semirremolques y remolques: Precisi\u00f3n para un rendimiento \u00f3ptimo<\/h3>\n<p>La alineaci\u00f3n de ruedas para un veh\u00edculo comercial es un tipo especializado de mantenimiento de servicio pesado que ajusta meticulosamente las ruedas para que cumplan las especificaciones \u00f3ptimas y\/o originales del fabricante. Esto garantiza que todas las ruedas y ejes est\u00e9n perfectamente alineados entre s\u00ed y con la carrocer\u00eda del cami\u00f3n. Es algo m\u00e1s que arreglar las ruedas. Se trata de un cuidado preventivo que puede prolongar la vida \u00fatil de los neum\u00e1ticos y mejorar su rendimiento.<br \/>\nEste servicio integral tiene como objetivo reducir el desgaste y mejorar el kilometraje del combustible, al tiempo que garantiza un viaje por carretera recto y seguro. Conseguir que sus camiones circulen de forma suave y eficiente es uno de nuestros principales objetivos.<br \/>\nPara veh\u00edculos comerciales pesados, alineaci\u00f3n de semirremolques o camiones caja, as\u00ed como alineaciones de remolques, p\u00f3ngase en contacto con nosotros o visite nuestra sucursal de Santa Fe Springs hoy mismo.<\/p>\n<h3>\u00bfPor qu\u00e9 elegir Betts Truck Parts &amp; Service para la alineaci\u00f3n de camiones en Santa Fe Springs?<\/h3>\n<p>Hay varias grandes razones por las que Betts Truck Parts &amp; Service es la mejor opci\u00f3n para sus necesidades de alineaci\u00f3n de camiones y remolques en Santa Fe Springs:<\/p>\n<ul>\n<li><strong>T\u00e9cnicos con experiencia<\/strong>: Nuestro equipo de t\u00e9cnicos cualificados y certificados son expertos en alineaci\u00f3n de veh\u00edculos pesados y poseen un profundo conocimiento de los complejos sistemas de direcci\u00f3n y suspensi\u00f3n.<\/li>\n<li><strong>Tecnolog\u00eda avanzada:<\/strong> Utilizamos equipos de alineaci\u00f3n l\u00e1ser Bee Line de \u00faltima generaci\u00f3n, que proporcionan una precisi\u00f3n y eficacia sin precedentes.<\/li>\n<li><strong>Servicio integral:<\/strong> Ofrecemos soluciones completas de alineaci\u00f3n para camiones y remolques de todas las marcas y modelos, garantizando que se satisfagan todas sus necesidades.<\/li>\n<li><strong>Compromiso con la satisfacci\u00f3n del cliente<\/strong>: En Betts, damos prioridad a la satisfacci\u00f3n del cliente, esforz\u00e1ndonos por ofrecer un servicio excepcional y establecer relaciones a largo plazo.<\/li>\n<li><strong>Apoyo integral al diagn\u00f3stico:<\/strong> Podemos inspeccionar su cami\u00f3n o remolque y determinar exactamente qu\u00e9 tipo de trabajo hay que hacer. Esto ayuda a asegurar que usted s\u00f3lo est\u00e1 pagando por los servicios que necesita y que puede ser seguro y eficiente en la carretera.<\/li>\n<\/ul>\n<h3>Las ventajas probadas del servicio de alineaci\u00f3n de camiones de Betts<\/h3>\n<p>Cada veh\u00edculo en la carretera necesita una alineaci\u00f3n adecuada para la seguridad, comodidad y control, pero esto es especialmente importante para los semirremolques y remolques. En Betts Truck Parts &amp; Service, nos enorgullecemos de ofrecer servicios de alineaci\u00f3n de alta calidad que ofrecen beneficios tangibles para su negocio.<br \/>\nUtilizamos avanzados equipos de alineaci\u00f3n l\u00e1ser Bee Line para garantizar la alineaci\u00f3n ideal de cada rueda y eje, maximizando el rendimiento de su veh\u00edculo y minimizando los costosos tiempos de inactividad.<br \/>\nLos beneficios de tener su cami\u00f3n reparado en nuestro taller de alineaci\u00f3n de Santa Fe Springs incluyen:<\/p>\n<ol>\n<li><strong>Mayor vida \u00fatil de los neum\u00e1ticos:<\/strong> Maximice su inversi\u00f3n en neum\u00e1ticos<br \/>\nUna alineaci\u00f3n adecuada puede ayudar a que sus neum\u00e1ticos duren hasta 30% m\u00e1s, reduciendo significativamente sus costes de sustituci\u00f3n de neum\u00e1ticos. Con ese ahorro, puede centrarse en otras formas de mejorar sus operaciones. Una alineaci\u00f3n adecuada es un componente crucial del mantenimiento preventivo que le ahorrar\u00e1 dinero a largo plazo.<\/li>\n<li><strong>Mayor ahorro de combustible:<\/strong> Reduzca el consumo de combustible y ahorre dinero<br \/>\nUn veh\u00edculo correctamente alineado consumir\u00e1 hasta 2% menos de combustible que uno mal alineado. Aunque pueda parecer una cantidad peque\u00f1a, puede suponer un ahorro significativo a lo largo de un a\u00f1o. Como los costes de combustible suben y bajan, esa mejora constante puede suponer un beneficio significativo a largo plazo.<\/li>\n<li><strong>Identificaci\u00f3n proactiva de problemas:<\/strong> Evite costosas reparaciones<br \/>\nMientras alineamos su cami\u00f3n, podemos tratar otros problemas (si los hubiera) que podr\u00edan convertirse en problemas mayores en el futuro. Abordar estos problemas de forma proactiva es una gran manera de asegurarse de que su cami\u00f3n no est\u00e1 en el taller y puede seguir trabajando para usted y su equipo. La prevenci\u00f3n de problemas de reparaci\u00f3n graves es una funci\u00f3n clave de un servicio de alineaci\u00f3n profesional.<\/li>\n<li><strong>Servicio profesional:<\/strong> Resultados garantizados y tranquilidad<br \/>\nCon t\u00e9cnicos experimentados y equipos de alineaci\u00f3n l\u00e1ser Bee Line de \u00faltima generaci\u00f3n, la alineaci\u00f3n perfecta est\u00e1 garantizada. Puede estar seguro de que su cami\u00f3n o remolque est\u00e1 en las mejores manos cuando elige Betts Truck Parts and Service.<\/li>\n<\/ol>\n<h3>\u00a1P\u00f3ngase en contacto con Betts hoy para la alineaci\u00f3n de camiones de expertos en Santa Fe Springs!<\/h3>\n<p>Solicite una cita o p\u00f3ngase en contacto con Betts para la alineaci\u00f3n de camiones en Santa Fe Springs y sus alrededores. Estamos aqu\u00ed para ofrecerle los servicios de alineaci\u00f3n de expertos que necesita para mantener sus camiones funcionando de forma segura, eficiente y rentable. Su \u00e9xito es nuestra misi\u00f3n, y esperamos con inter\u00e9s trabajar con usted.<\/p>\n<p>Los beneficios de tener su cami\u00f3n reparado en nuestro taller de alineaci\u00f3n de Santa Fe Springs incluyen:<\/p>\n<ul>\n<li><strong>Mayor vida \u00fatil de los neum\u00e1ticos: <\/strong>Una alineaci\u00f3n correcta puede ayudar a que tus neum\u00e1ticos duren hasta 30% m\u00e1s.<\/li>\n<li><strong>Mayor ahorro de combustible:<\/strong> Un veh\u00edculo correctamente alineado consumir\u00e1 hasta 2% menos de combustible que uno mal alineado. \u00a1Eso suma r\u00e1pidamente!<\/li>\n<li><strong>Abordar otras cuestiones:<\/strong> Mientras alineamos su cami\u00f3n, podemos solucionar otros problemas (si los hubiera) que podr\u00edan convertirse en problemas mayores en el futuro.<\/li>\n<li><strong>Servicio profesional:<\/strong> Con t\u00e9cnicos experimentados y equipos de alineaci\u00f3n l\u00e1ser Bee Line de \u00faltima generaci\u00f3n, la alineaci\u00f3n perfecta est\u00e1 garantizada.<\/li>\n<\/ul>\n<p><strong>Betts Truck Parts &amp; Service es su fuente de #1 para <a href=\"https:\/\/bettstruckparts.com\/es\/lugares\/santa-fe-springs\/\">alineaciones de camiones pesados y remolques en Santa Fe Springs, CA<\/a>y sus alrededores.<\/strong><\/p>\n<ul>\n<li><a href=\"https:\/\/bettstruckparts.com\/es\/reparacion-de-camiones\/alineacion\/\">Servicio completo de alineaci\u00f3n de camiones grandes<\/a> para todas las marcas y modelos<\/li>\n<li>Alineaci\u00f3n de remolques<\/li>\n<li>Alineaciones pesadas para camiones medianos, camiones caja, camiones pesados, camiones comerciales y remolques.<\/li>\n<\/ul>\n<p><a href=\"https:\/\/bettstruckparts.com\/es\/contacto\/\">Solicitar una cita<\/a> o <a href=\"https:\/\/bettstruckparts.com\/es\/contacto\/\">contacto Betts<\/a> para la alineaci\u00f3n de camiones en Santa Fe Springs y sus alrededores.<\/p>\n\n\t\t<\/div>\n\t<\/div>\n<div class=\"ubtn-ctn-center\"><a class=\"ubtn-link ult-adjust-bottom-margin ubtn-center ubtn-normal\" href=\"\/es\/contact\/\" ><button type=\"button\" id=\"ubtn-1085\"  class=\"ubtn ult-adjust-bottom-margin ult-responsive ubtn-normal ubtn-fade-bg  none  ubtn-center   tooltip-69f9b1bbd976b\"  data-hover=\"#ffffff\" data-border-color=\"#ad172b\" data-bg=\"rgba(255,255,255,0.01)\" data-hover-bg=\"#ad172b\" data-border-hover=\"#ffffff\" data-shadow-hover=\"\" data-shadow-click=\"none\" data-shadow=\"\" data-shd-shadow=\"\"  data-ultimate-target='#ubtn-1085'  data-responsive-json-new='{\"font-size\":\"desktop:16px;\",\"line-height\":\"\"}'  style=\"font-weight:bold;border-radius:15px;border-width:2px;border-color:#ad172b;border-style:solid;background: rgba(255,255,255,0.01);color: #ad172b;\"><span class=\"ubtn-hover\" style=\"background-color:#ad172b\"><\/span><span class=\"ubtn-data ubtn-text\" >Concertar una cita<\/span><\/button><\/a><\/div><\/div><\/div><\/div><\/div><div class=\"vc_row wpb_row vc_row-fluid vc_custom_1659712242571 vc_row-o-content-top vc_row-flex\"><div class=\"wpb_column vc_column_container vc_col-sm-4\"><div class=\"vc_column-inner\"><div class=\"wpb_wrapper\">\n\t<div class=\"wpb_text_column wpb_content_element\" >\n\t\t<div class=\"wpb_wrapper\">\n\t\t\t<h5>\"La gente es amable gran servicio para cuidar de m\u00ed de inmediato.\"<\/h5>\n<p>- Jo oo (Google)<\/p>\n\n\t\t<\/div>\n\t<\/div>\n<\/div><\/div><\/div><div class=\"wpb_column vc_column_container vc_col-sm-4\"><div class=\"vc_column-inner\"><div class=\"wpb_wrapper\">\n\t<div class=\"wpb_text_column wpb_content_element\" >\n\t\t<div class=\"wpb_wrapper\">\n\t\t\t<h5>\"Muy profesional, gran servicio al cliente. Y lo m\u00e1s importante, precios justos\".<\/h5>\n<p>- William H. (Google)<\/p>\n\n\t\t<\/div>\n\t<\/div>\n\n\t<div class=\"wpb_raw_code wpb_raw_html wpb_content_element\" >\n\t\t<div class=\"wpb_wrapper\">\n\t\t\t<a class=\"Cta-button\" onclick=\"ga(&#039;send&#039;, &#039;event&#039;, &#039;Directions CTA&#039;, &#039;Click&#039;, &#039;Santa Fe Springs&#039;);\" href=\"https:\/\/www.google.com\/maps\/place\/9315+Santa+Fe+Springs+Rd,+Santa+Fe+Springs,+CA+90670\/@33.955639,-118.0569277,17z\/data=!3m1!4b1!4m5!3m4!1s0x80c2d3a8b3a2b3c3:0xc6f40b054787e5cf!8m2!3d33.955639!4d-118.054739\" target=\"_blank\" rel=\"noopener\"><strong >Haga clic para saber c\u00f3mo llegar<\/strong><\/a>\n\t\t<\/div>\n\t<\/div>\n<\/div><\/div><\/div><div class=\"wpb_column vc_column_container vc_col-sm-4\"><div class=\"vc_column-inner\"><div class=\"wpb_wrapper\">\n\t<div class=\"wpb_text_column wpb_content_element\" >\n\t\t<div class=\"wpb_wrapper\">\n\t\t\t<h5>\"Alineaci\u00f3n hecha, y muy satisfecho... Da gusto ver que todav\u00eda existe el servicio al cliente\".<\/h5>\n<p>- Brandon S. (Google)<\/p>\n\n\t\t<\/div>\n\t<\/div>\n<\/div><\/div><\/div><\/div>\n<\/div>","protected":false},"excerpt":{"rendered":"<p>Truck RepairAir Ride Control Wheel Alignment Service Auxiliary Power Brake Repair Services Custom U-Bolts DOT Inspection Drivetrain Repair Services Electrical Repair Leaf Spring Repair Steering Repair Suspension Services Truck Axle Repair Truck Alignment Services in Santa Fe Springs, CA Optimizing Heavy-Duty Performance with Betts Truck Parts &amp; Service Click to Call Betts for Truck Alignment&hellip;<\/p>","protected":false},"author":4,"featured_media":0,"parent":345,"menu_order":0,"comment_status":"closed","ping_status":"closed","template":"template-microsite.php","meta":{"footnotes":""},"class_list":["post-1336","page","type-page","status-publish","hentry","description-off"],"_links":{"self":[{"href":"https:\/\/bettstruckparts.com\/es\/wp-json\/wp\/v2\/pages\/1336","targetHints":{"allow":["GET"]}}],"collection":[{"href":"https:\/\/bettstruckparts.com\/es\/wp-json\/wp\/v2\/pages"}],"about":[{"href":"https:\/\/bettstruckparts.com\/es\/wp-json\/wp\/v2\/types\/page"}],"author":[{"embeddable":true,"href":"https:\/\/bettstruckparts.com\/es\/wp-json\/wp\/v2\/users\/4"}],"replies":[{"embeddable":true,"href":"https:\/\/bettstruckparts.com\/es\/wp-json\/wp\/v2\/comments?post=1336"}],"version-history":[{"count":0,"href":"https:\/\/bettstruckparts.com\/es\/wp-json\/wp\/v2\/pages\/1336\/revisions"}],"up":[{"embeddable":true,"href":"https:\/\/bettstruckparts.com\/es\/wp-json\/wp\/v2\/pages\/345"}],"wp:attachment":[{"href":"https:\/\/bettstruckparts.com\/es\/wp-json\/wp\/v2\/media?parent=1336"}],"curies":[{"name":"wp","href":"https:\/\/api.w.org\/{rel}","templated":true}]}}