{"id":1335,"date":"2019-06-25T11:24:01","date_gmt":"2019-06-25T19:24:01","guid":{"rendered":"https:\/\/bettstruckparts.com\/?page_id=1335"},"modified":"2025-10-15T20:42:58","modified_gmt":"2025-10-16T04:42:58","slug":"san-leandro-ca","status":"publish","type":"page","link":"https:\/\/bettstruckparts.com\/es\/truck-repair\/truck-wheel-alignments\/san-leandro-ca\/","title":{"rendered":"Servicios de alineaci\u00f3n - San Leandro"},"content":{"rendered":"<div class=\"wpb-content-wrapper\"><div class=\"vc_row wpb_row vc_row-fluid vc_custom_1760587283655 vc_row-has-fill vc_row-o-equal-height vc_row-flex\"><div class=\"wpb_column vc_column_container vc_col-sm-12\"><div class=\"vc_column-inner vc_custom_1510682076814\"><div class=\"wpb_wrapper\"><div class=\"vc_row wpb_row vc_inner vc_row-fluid\"><div class=\"wpb_column vc_column_container vc_col-sm-12\"><div class=\"vc_column-inner vc_custom_1486667994280\"><div class=\"wpb_wrapper\">\n\t<div class=\"wpb_text_column wpb_content_element\" >\n\t\t<div class=\"wpb_wrapper\">\n\t\t\t<h1 style=\"text-align: center;\">Servicio de alineaci\u00f3n de ruedas de camiones San Leandro, CA<\/h1>\n<h3 style=\"text-align: center;\"><span style=\"color: #ad1818;\">Haga clic para llamar a Betts para el servicio de alineaci\u00f3n de ruedas de camiones en San Leandro, CA: <a href=\"tel:510-633-4500\">(510) 633-4500<\/a><\/span><\/h3>\n\n\t\t<\/div>\n\t<\/div>\n<div class=\"ubtn-ctn-center\"><a class=\"ubtn-link ult-adjust-bottom-margin ubtn-center ubtn-normal\" href=\"tel:888.822.3887\" ><button type=\"button\" id=\"ubtn-7142\"  class=\"ubtn ult-adjust-bottom-margin ult-responsive ubtn-normal ubtn-fade-bg  none  ubtn-center   tooltip-69f4c8022104b\"  data-hover=\"#ffffff\" data-border-color=\"#ad172b\" data-bg=\"rgba(255,255,255,0.01)\" data-hover-bg=\"#ad172b\" data-border-hover=\"#ffffff\" data-shadow-hover=\"\" data-shadow-click=\"none\" data-shadow=\"\" data-shd-shadow=\"\"  data-ultimate-target='#ubtn-7142'  data-responsive-json-new='{\"font-size\":\"desktop:16px;\",\"line-height\":\"\"}'  style=\"font-weight:bold;border-radius:15px;border-width:2px;border-color:#ad172b;border-style:solid;background: rgba(255,255,255,0.01);color: #ad172b;\"><span class=\"ubtn-hover\" style=\"background-color:#ad172b\"><\/span><span class=\"ubtn-data ubtn-text\" >Haga clic para llamar<\/span><\/button><\/a><\/div>\n\t<div class=\"wpb_text_column wpb_content_element  vc_custom_1760589170389\" >\n\t\t<div class=\"wpb_wrapper\">\n\t\t\t<p><strong>Betts Truck Parts &amp; Service es el proveedor l\u00edder de servicios de alineaci\u00f3n de ruedas de camiones en San Leandro, California, y sus alrededores. Nuestro taller de alineaci\u00f3n provee <a href=\"https:\/\/bettstruckparts.com\/es\/reparacion-de-camiones\/alineacion\/\">alineaci\u00f3n de camiones y remolques<\/a> para camiones comerciales, camiones medianos y camiones pesados de todas las marcas y modelos.<\/strong><\/p>\n<p><a href=\"https:\/\/bettstruckparts.com\/es\/contacto\/\">Solicitar una cita<\/a> para la alineaci\u00f3n de camiones en San Leandro. <a href=\"https:\/\/bettstruckparts.com\/es\/contacto\/\">P\u00f3ngase en contacto con nosotros<\/a> para saber m\u00e1s.<\/p>\n<h2>Ubicaci\u00f3n<\/h2>\n<p><a href=\"https:\/\/goo.gl\/maps\/GAJs96o855oPRRYQ9\" target=\"_blank\" rel=\"noopener\">Betts Truck Parts &amp; Service, San Leandro<\/a>\u00a0se encuentra en 950 Doolittle Dr,\u00a0<a href=\"https:\/\/goo.gl\/maps\/G5c8z1jJj2skKsJM7\" target=\"_blank\" rel=\"noopener\">San Leandro, CA<\/a>\u00a094577. En\u00a0<a href=\"https:\/\/goo.gl\/maps\/VrbssGm6TShEHbxS6\" target=\"_blank\" rel=\"noopener\">Aeropuerto Internacional de Oakland (OAK)<\/a>\u00a0dir\u00edjase al sur por Ron Cowan Pkwy hacia John Glenn Dr y utilice los 2 carriles de la izquierda para girar a la izquierda en la rampa hacia Interstate 880\/Downtown Oakland. A continuaci\u00f3n, incorp\u00f3rese a Bessie Coleman Dr y utilice el carril derecho para tomar la rampa CA-61 hacia Alameda\/San Leandro. Finalmente, gire a la derecha hacia CA-61 S\/Doolittle Dr y Betts Truck Parts &amp; Service, San Leandro estar\u00e1 a la vista.<\/p>\n<p>Si tiene m\u00e1s preguntas, ll\u00e1menos al (510) 633-4500 o vis\u00edtenos en\u00a0<a href=\"https:\/\/www.yelp.com\/biz\/betts-truck-parts-and-service-san-leandro\" target=\"_blank\" rel=\"noopener\">Yelp<\/a><\/p>\n<h2>Acerca de la alineaci\u00f3n de ruedas en Betts Truck Parts<\/h2>\n<h3>La ventaja Betts: Alineaci\u00f3n de precisi\u00f3n con tecnolog\u00eda l\u00e1ser Bee Line<\/h3>\n<p>En Betts Truck Parts &amp; Service, combinamos t\u00e9cnicos expertos con tecnolog\u00eda de punta para ofrecer servicios de alineaci\u00f3n sin igual. Utilizamos <a href=\"https:\/\/www.beeline-co.com\/\" target=\"_blank\" rel=\"noopener\">Equipo de alineaci\u00f3n l\u00e1ser Bee Line<\/a>, l\u00edder reconocido del sector, para garantizar una alineaci\u00f3n perfecta desde todos los \u00e1ngulos. Esta avanzada tecnolog\u00eda nos permite:<\/p>\n<ul>\n<li><strong>Mida con precisi\u00f3n los \u00e1ngulos de alineaci\u00f3n:<\/strong> Consiga una precisi\u00f3n milim\u00e9trica en la medici\u00f3n de la inclinaci\u00f3n, el avance, la convergencia y otros \u00e1ngulos cr\u00edticos.<\/li>\n<li><strong>Identificar los problemas subyacentes<\/strong>: Diagnostique las causas fundamentales de la desalineaci\u00f3n, como componentes de la suspensi\u00f3n desgastados o da\u00f1os en el bastidor.<\/li>\n<li><strong>Realice ajustes precisos:<\/strong> Realice ajustes de gran precisi\u00f3n para restablecer la alineaci\u00f3n correcta.<\/li>\n<li><strong>Informes detallados<\/strong>: Ofrecer informes exhaustivos que describan las lecturas de alineaci\u00f3n y los ajustes.<\/li>\n<\/ul>\n<h3>Experimente los beneficios: \u00bfPor qu\u00e9 elegir Betts para la alineaci\u00f3n de camiones en San Leandro?<\/h3>\n<p>Realizar el mantenimiento de su cami\u00f3n mediano o pesado en nuestro taller de alineaci\u00f3n de San Leandro le reportar\u00e1 numerosos beneficios:<\/p>\n<ol>\n<li><strong>Reducci\u00f3n del desgaste de los neum\u00e1ticos:<\/strong> Prolongue la vida \u00fatil de los neum\u00e1ticos y reduzca los costes de explotaci\u00f3n<br \/>\nUna alineaci\u00f3n correcta reduce significativamente el desgaste de los neum\u00e1ticos, asegurando que rueden de manera uniforme y eficiente. Esto puede prolongar la vida \u00fatil de los neum\u00e1ticos hasta 30%, lo que se traduce en un ahorro sustancial en sustituciones de neum\u00e1ticos. \u00a1Ahorre dinero y mejore su flota con una correcta alineaci\u00f3n de las ruedas!<\/li>\n<li><strong>Mayor ahorro de combustible:<\/strong> Maximice la eficiencia y ahorre en el surtidor<br \/>\nCon una alineaci\u00f3n adecuada, la mayor\u00eda de los veh\u00edculos consumen hasta 2% menos de combustible. Aunque pueda parecer un porcentaje peque\u00f1o, se acumula r\u00e1pidamente, especialmente en operaciones de larga distancia. Esos 2% pueden ayudar a mantener m\u00e1s efectivo en las arcas de su empresa y ayudarle a invertir y hacer crecer sus operaciones.<\/li>\n<li><strong>Identificaci\u00f3n proactiva de problemas:<\/strong> Detecte los problemas antes de que se agraven<br \/>\nDurante el proceso de alineaci\u00f3n, inspeccionamos cuidadosamente los sistemas de direcci\u00f3n y suspensi\u00f3n de su cami\u00f3n, lo que nos permite diagnosticar y remediar otros problemas que podr\u00edan convertirse en problemas m\u00e1s grandes y costosos en el camino. El mantenimiento preventivo es crucial para mantener sus camiones comerciales en la carretera y fuera del taller. Nuestros profesionales pueden ayudarle a detectar los problemas antes de que se conviertan en problemas graves.<\/li>\n<li><strong>Servicio profesional:<\/strong> Experiencia en la que puede confiar<\/li>\n<\/ol>\n<p><img decoding=\"async\" class=\"size-medium wp-image-3326 alignleft\" src=\"https:\/\/bettstruckparts.com\/wp-content\/uploads\/2025\/10\/Gemini_Generated_Image_yt4rfgyt4rfgyt4r-300x300.png\" alt=\"servicio de alineaci\u00f3n de ruedas de camiones san leandro ca alineaci\u00f3n de camiones kenworth\" width=\"300\" height=\"300\" srcset=\"https:\/\/bettstruckparts.com\/wp-content\/uploads\/2025\/10\/Gemini_Generated_Image_yt4rfgyt4rfgyt4r-300x300.png 300w, https:\/\/bettstruckparts.com\/wp-content\/uploads\/2025\/10\/Gemini_Generated_Image_yt4rfgyt4rfgyt4r-150x150.png 150w, https:\/\/bettstruckparts.com\/wp-content\/uploads\/2025\/10\/Gemini_Generated_Image_yt4rfgyt4rfgyt4r-768x768.png 768w, https:\/\/bettstruckparts.com\/wp-content\/uploads\/2025\/10\/Gemini_Generated_Image_yt4rfgyt4rfgyt4r-12x12.png 12w, https:\/\/bettstruckparts.com\/wp-content\/uploads\/2025\/10\/Gemini_Generated_Image_yt4rfgyt4rfgyt4r.png 1024w\" sizes=\"(max-width: 300px) 100vw, 300px\" \/>Betts cuenta con los mejores t\u00e9cnicos y los equipos de alineaci\u00f3n l\u00e1ser Bee Line m\u00e1s avanzados, garantizando la alineaci\u00f3n adecuada para su cami\u00f3n y\/o remolque. Estamos comprometidos a proporcionar un servicio excepcional y superar sus expectativas.<\/p>\n<p>Por a\u00f1os, Betts Truck Parts and Service ha sido un nombre de referencia en la comunidad de San Leandro. Programe su cita hoy y vea por qu\u00e9 tantos conf\u00edan en nosotros.<\/p>\n<h3>M\u00e1s que alineaciones: <a href=\"https:\/\/bettstruckparts.com\/es\/lugares\/san-leandro\/\">Betts Truck Parts &amp; Service en San Leandro<\/a><\/h3>\n<p>En Betts Truck Parts &amp; Service, ofrecemos m\u00e1s que alineaci\u00f3n de camiones. Somos su recurso integral para todas sus necesidades de camiones en San Leandro, CA.<\/p>\n<p>Nuestros servicios incluyen:<\/p>\n<ul>\n<li><a href=\"https:\/\/bettstruckparts.com\/es\/reparacion-de-camiones\/\">Reparaci\u00f3n de camiones<\/a><\/li>\n<li><a href=\"https:\/\/bettstruckparts.com\/es\/reparacion-de-camiones\/servicios-de-frenado\/\">Servicio de frenos<\/a><\/li>\n<li><a href=\"https:\/\/bettstruckparts.com\/es\/reparacion-de-camiones\/servicios-de-suspension\/\">Reparaci\u00f3n de la suspensi\u00f3n<\/a><\/li>\n<li><a href=\"https:\/\/bettstruckparts.com\/es\/reparacion-de-camiones\/reparacion-de-la-transmision\/\">Servicio de transmisi\u00f3n<\/a><\/li>\n<li><a href=\"https:\/\/store.bettstruckparts.com\">Venta de piezas de camiones en la zona de la bah\u00eda<\/a><\/li>\n<li><a href=\"https:\/\/bettstruckparts.com\/es\/reparacion-de-camiones\/taller-de-reparacion-de-remolques-san-leandro-ca\/\">Reparaci\u00f3n de remolques<\/a><\/li>\n<li>Inspecciones DOT<\/li>\n<li><a href=\"https:\/\/bettstruckparts.com\/es\/mobile-bit-inspection-san-leandro\/\">Inspecciones m\u00f3viles de la BIT<\/a><\/li>\n<\/ul>\n<p>Nos comprometemos a establecer relaciones duraderas con nuestros clientes basadas en la confianza, la experiencia y el compromiso compartido de mantener sus veh\u00edculos comerciales funcionando al m\u00e1ximo rendimiento.<\/p>\n<p><a href=\"https:\/\/bettstruckparts.com\/es\/contacto\/\">\u00a1Solicite su Cita de Alineaci\u00f3n de Camiones en San Leandro Hoy!<\/a><\/p>\n<p>Tome el primer paso para optimizar el rendimiento, la seguridad y la longevidad de su veh\u00edculo comercial. Solicite una cita para la alineaci\u00f3n de camiones en San Leandro. Cont\u00e1ctenos para conocer m\u00e1s y experimentar la diferencia Betts. Con a\u00f1os de experiencia en el \u00e1rea de San Leandro, puede estar seguro de que Betts le proporcionar\u00e1 un servicio de primera clase y le mantendr\u00e1 rodando en los a\u00f1os venideros.<\/p>\n\n\t\t<\/div>\n\t<\/div>\n<div class=\"ubtn-ctn-center\"><a class=\"ubtn-link ult-adjust-bottom-margin ubtn-center ubtn-normal\" href=\"\/es\/contact\/\" ><button type=\"button\" id=\"ubtn-8510\"  class=\"ubtn ult-adjust-bottom-margin ult-responsive ubtn-normal ubtn-fade-bg  none  ubtn-center   tooltip-69f4c80221180\"  data-hover=\"#ffffff\" data-border-color=\"#ad172b\" data-bg=\"rgba(255,255,255,0.01)\" data-hover-bg=\"#ad172b\" data-border-hover=\"#ffffff\" data-shadow-hover=\"\" data-shadow-click=\"none\" data-shadow=\"\" data-shd-shadow=\"\"  data-ultimate-target='#ubtn-8510'  data-responsive-json-new='{\"font-size\":\"desktop:16px;\",\"line-height\":\"\"}'  style=\"font-weight:bold;border-radius:15px;border-width:2px;border-color:#ad172b;border-style:solid;background: rgba(255,255,255,0.01);color: #ad172b;\"><span class=\"ubtn-hover\" style=\"background-color:#ad172b\"><\/span><span class=\"ubtn-data ubtn-text\" >Concertar una cita<\/span><\/button><\/a><\/div><\/div><\/div><\/div><\/div><\/div><\/div><\/div><\/div>\n<\/div>","protected":false},"excerpt":{"rendered":"<p>Truck Wheel Alignment Service San Leandro, CA Click to Call Betts for Truck Wheel Alignment Service in San Leandro, CA: (510) 633-4500 Click to Call Betts Truck Parts &amp; Service is the leading provider of truck wheel alignment services in San Leandro, California, and the surrounding area. Our alignment shop provides complete truck alignment and&hellip;<\/p>","protected":false},"author":4,"featured_media":0,"parent":345,"menu_order":0,"comment_status":"closed","ping_status":"closed","template":"template-microsite.php","meta":{"footnotes":""},"class_list":["post-1335","page","type-page","status-publish","hentry","description-off"],"_links":{"self":[{"href":"https:\/\/bettstruckparts.com\/es\/wp-json\/wp\/v2\/pages\/1335","targetHints":{"allow":["GET"]}}],"collection":[{"href":"https:\/\/bettstruckparts.com\/es\/wp-json\/wp\/v2\/pages"}],"about":[{"href":"https:\/\/bettstruckparts.com\/es\/wp-json\/wp\/v2\/types\/page"}],"author":[{"embeddable":true,"href":"https:\/\/bettstruckparts.com\/es\/wp-json\/wp\/v2\/users\/4"}],"replies":[{"embeddable":true,"href":"https:\/\/bettstruckparts.com\/es\/wp-json\/wp\/v2\/comments?post=1335"}],"version-history":[{"count":0,"href":"https:\/\/bettstruckparts.com\/es\/wp-json\/wp\/v2\/pages\/1335\/revisions"}],"up":[{"embeddable":true,"href":"https:\/\/bettstruckparts.com\/es\/wp-json\/wp\/v2\/pages\/345"}],"wp:attachment":[{"href":"https:\/\/bettstruckparts.com\/es\/wp-json\/wp\/v2\/media?parent=1335"}],"curies":[{"name":"wp","href":"https:\/\/api.w.org\/{rel}","templated":true}]}}