{"id":1333,"date":"2019-06-25T10:10:42","date_gmt":"2019-06-25T18:10:42","guid":{"rendered":"https:\/\/bettstruckparts.com\/?page_id=1333"},"modified":"2025-08-19T08:01:07","modified_gmt":"2025-08-19T16:01:07","slug":"fresno-ca","status":"publish","type":"page","link":"https:\/\/bettstruckparts.com\/es\/truck-repair\/truck-wheel-alignments\/fresno-ca\/","title":{"rendered":"Servicios de Alineaci\u00f3n - Fresno, CA"},"content":{"rendered":"<div class=\"wpb-content-wrapper\"><div class=\"vc_row wpb_row vc_row-fluid vc_custom_1516047752276 vc_row-has-fill vc_row-o-equal-height vc_row-flex\"><div class=\"wpb_column vc_column_container vc_col-sm-12\"><div class=\"vc_column-inner vc_custom_1510682076814\"><div class=\"wpb_wrapper\">\n\t<div class=\"wpb_text_column wpb_content_element\" >\n\t\t<div class=\"wpb_wrapper\">\n\t\t\t<h1 style=\"text-align: center;\">#1 Servicio de Alineaci\u00f3n de Ruedas en Fresno, CA Desde 1992<\/h1>\n<h2 style=\"text-align: center;\"><span style=\"color: #ad1818;\">Haga clic para llamar a Betts para servicios de alineaci\u00f3n de ruedas de camiones en Fresno, CA: <a href=\"tel:800.330.3245\"><strong>800.330.3245<\/strong><\/a><\/span><\/h2>\n\n\t\t<\/div>\n\t<\/div>\n<div class=\"ubtn-ctn-center\"><a class=\"ubtn-link ult-adjust-bottom-margin ubtn-center ubtn-normal\" href=\"tel:800.330.3245\" ><button type=\"button\" id=\"ubtn-7932\"  class=\"ubtn ult-adjust-bottom-margin ult-responsive ubtn-normal ubtn-fade-bg  none  ubtn-center   tooltip-69ef6f9079336\"  data-hover=\"#ffffff\" data-border-color=\"#ad172b\" data-bg=\"rgba(255,255,255,0.01)\" data-hover-bg=\"#ad172b\" data-border-hover=\"#ffffff\" data-shadow-hover=\"\" data-shadow-click=\"none\" data-shadow=\"\" data-shd-shadow=\"\"  data-ultimate-target='#ubtn-7932'  data-responsive-json-new='{\"font-size\":\"desktop:16px;\",\"line-height\":\"\"}'  style=\"font-weight:bold;border-radius:15px;border-width:2px;border-color:#ad172b;border-style:solid;background: rgba(255,255,255,0.01);color: #ad172b;\"><span class=\"ubtn-hover\" style=\"background-color:#ad172b\"><\/span><span class=\"ubtn-data ubtn-text\" >Haga clic para llamar<\/span><\/button><\/a><\/div><div class=\"ubtn-ctn-center\"><a class=\"ubtn-link ult-adjust-bottom-margin ubtn-center ubtn-normal\" href=\"\/es\/contact\/\" ><button type=\"button\" id=\"ubtn-7161\"  class=\"ubtn ult-adjust-bottom-margin ult-responsive ubtn-normal ubtn-fade-bg  none  ubtn-center   tooltip-69ef6f90793ad\"  data-hover=\"#ffffff\" data-border-color=\"#ad172b\" data-bg=\"rgba(255,255,255,0.01)\" data-hover-bg=\"#ad172b\" data-border-hover=\"#ffffff\" data-shadow-hover=\"\" data-shadow-click=\"none\" data-shadow=\"\" data-shd-shadow=\"\"  data-ultimate-target='#ubtn-7161'  data-responsive-json-new='{\"font-size\":\"desktop:16px;\",\"line-height\":\"\"}'  style=\"font-weight:bold;border-radius:15px;border-width:2px;border-color:#ad172b;border-style:solid;background: rgba(255,255,255,0.01);color: #ad172b;\"><span class=\"ubtn-hover\" style=\"background-color:#ad172b\"><\/span><span class=\"ubtn-data ubtn-text\" >Concertar una cita<\/span><\/button><\/a><\/div><div class=\"vc_row wpb_row vc_inner vc_row-fluid\"><div class=\"wpb_column vc_column_container vc_col-sm-12\"><div class=\"vc_column-inner vc_custom_1486667994280\"><div class=\"wpb_wrapper\">\n\t<div class=\"wpb_text_column wpb_content_element  vc_custom_1755619263658\" >\n\t\t<div class=\"wpb_wrapper\">\n\t\t\t<h2>Servicio de confianza de alineaci\u00f3n de ruedas de remolques y camiones en el condado de Fresno<\/h2>\n<p>Cuando se trata de <strong>servicio de alineaci\u00f3n de ruedas de camiones<\/strong> en el \u00e1rea de Fresno, California, Betts Truck Parts &amp; Service se destaca como el l\u00edder de confianza.<\/p>\n<p>Para obtener informaci\u00f3n sobre horarios y c\u00f3mo llegar a nuestra sucursal de Fresno, CA, <a href=\"https:\/\/bettstruckparts.com\/es\/lugares\/fresno-2\/\">visite la p\u00e1gina de la sucursal de Fresno de Betts Truck Parts<\/a>.<\/p>\n<p>Aqu\u00ed tiene 6 razones por las que deber\u00eda elegirnos para su servicio de alineaci\u00f3n de ruedas:<\/p>\n<ul>\n<li>M\u00e1s de 25 a\u00f1os en el negocio (sirviendo al Condado de Fresno desde 1992)<\/li>\n<li>Tenemos un bastidor de alineaci\u00f3n y un remolque montado<\/li>\n<li>Podemos alinear todos los camiones ligeros y camiones pesados.<\/li>\n<li>Nuestra sucursal de Fresno utiliza una m\u00e1quina de alineaci\u00f3n l\u00e1ser Hunter de \u00faltima generaci\u00f3n<\/li>\n<li>Nuestros t\u00e9cnicos de servicio pesado tienen d\u00e9cadas de experiencia en alineaciones<\/li>\n<li>Somos los proveedores de servicios de alineaci\u00f3n de ruedas de confianza de las flotas en Fresno, Clovis, Madera, Kingburg, Visalia, Sanger, y m\u00e1s all\u00e1.<\/li>\n<\/ul>\n<p><img decoding=\"async\" class=\"size-medium wp-image-3200 alignleft\" src=\"https:\/\/bettstruckparts.com\/wp-content\/uploads\/2025\/06\/IMG_3513_rev-300x225.jpg\" alt=\"servicio de alineaci\u00f3n de ruedas de camiones en fresno ca\" width=\"300\" height=\"225\" srcset=\"https:\/\/bettstruckparts.com\/wp-content\/uploads\/2025\/06\/IMG_3513_rev-300x225.jpg 300w, https:\/\/bettstruckparts.com\/wp-content\/uploads\/2025\/06\/IMG_3513_rev-1024x768.jpg 1024w, https:\/\/bettstruckparts.com\/wp-content\/uploads\/2025\/06\/IMG_3513_rev-768x576.jpg 768w, https:\/\/bettstruckparts.com\/wp-content\/uploads\/2025\/06\/IMG_3513_rev-1536x1152.jpg 1536w, https:\/\/bettstruckparts.com\/wp-content\/uploads\/2025\/06\/IMG_3513_rev-2048x1536.jpg 2048w, https:\/\/bettstruckparts.com\/wp-content\/uploads\/2025\/06\/IMG_3513_rev-16x12.jpg 16w\" sizes=\"(max-width: 300px) 100vw, 300px\" \/>Durante a\u00f1os, nos hemos dedicado a proporcionar un servicio completo de alineaci\u00f3n de camiones y remolques para todas las marcas y modelos, garantizando la seguridad, el rendimiento y la longevidad de sus valiosos veh\u00edculos.<\/p>\n<p>Tanto si trabaja con semirremolques, camiones comerciales o camiones medianos y pesados, nuestros t\u00e9cnicos expertos y nuestros equipos de \u00faltima generaci\u00f3n est\u00e1n aqu\u00ed para mantenerle en marcha sin problemas.<\/p>\n<p>En Betts Truck Parts &amp; Service, entendemos que la alineaci\u00f3n adecuada de las ruedas es esencial para todos los veh\u00edculos, pero es especialmente cr\u00edtica para el exigente mundo de los semirremolques y remolques.<\/p>\n<p>La desalineaci\u00f3n puede conducir a una cascada de problemas, incluyendo el desgaste acelerado de los neum\u00e1ticos, la reducci\u00f3n de la eficiencia del combustible, el manejo comprometido, e incluso los riesgos de seguridad. Es por eso que hemos invertido en la mejor tecnolog\u00eda y formaci\u00f3n para ofrecer servicios de alineaci\u00f3n de ruedas de camiones sin igual en Fresno.<\/p>\n<h3>Servicio de alineaci\u00f3n de ruedas pesadas con Hunter Equipment<\/h3>\n<p>Estamos orgullosos de utilizar equipos de alineaci\u00f3n Hunter de \u00faltima generaci\u00f3n, un nombre sin\u00f3nimo de precisi\u00f3n y fiabilidad en las industrias de automoci\u00f3n y camiones.<\/p>\n<p>Esta avanzada tecnolog\u00eda permite a nuestros t\u00e9cnicos cualificados realizar alineaciones precisas y eficientes, garantizando que su cami\u00f3n y\/o remolque est\u00e9 perfectamente alineado seg\u00fan las especificaciones de f\u00e1brica.<br \/>\nEl sistema de alineaci\u00f3n Hunter nos permite:<\/p>\n<ul>\n<li><strong>Medici\u00f3n precisa de \u00e1ngulos de alineaci\u00f3n<\/strong>: Medir con precisi\u00f3n camber, caster, dedo del pie, \u00e1ngulo de empuje y otros \u00e1ngulos de alineaci\u00f3n cr\u00edticos.<\/li>\n<li><strong>Identificar los problemas subyacentes:<\/strong> Diagnosticar las causas fundamentales de la desalineaci\u00f3n, como componentes de la suspensi\u00f3n desgastados o da\u00f1os en el bastidor.<\/li>\n<li><strong>Realice ajustes precisos:<\/strong> Realice ajustes precisos en los sistemas de direcci\u00f3n y suspensi\u00f3n para corregir la desalineaci\u00f3n.<\/li>\n<li><strong>Genere informes detallados:<\/strong> Proporcionarle un informe completo con las mediciones de la alineaci\u00f3n antes y despu\u00e9s.<\/li>\n<\/ul>\n<h3>Las ventajas de elegir el servicio de alineaci\u00f3n de ruedas de camiones de Betts en Fresno<\/h3>\n<p>Elegir Betts Truck Parts &amp; Service para sus necesidades de alineaci\u00f3n de camiones en Fresno ofrece una multitud de beneficios:<\/p>\n<ul>\n<li><strong>Mayor vida \u00fatil de los neum\u00e1ticos:<\/strong> Reduzca el desgaste de los neum\u00e1ticos hasta 30%<br \/>\nLa alineaci\u00f3n adecuada de las ruedas es una de las formas m\u00e1s eficaces de prolongar la vida \u00fatil de los neum\u00e1ticos. Cuando sus ruedas est\u00e1n desalineadas, pueden rozar contra la superficie de la carretera, causando un desgaste desigual y acelerado. Corregir la alineaci\u00f3n puede reducir el desgaste de los neum\u00e1ticos hasta en 30%, lo que le ahorrar\u00e1 mucho dinero en sustituciones de neum\u00e1ticos a largo plazo.<\/li>\n<li><strong>Mayor ahorro de combustible:<\/strong> Ahorre dinero en el surtidor<br \/>\nLa desalineaci\u00f3n tambi\u00e9n puede afectar negativamente al ahorro de combustible. Cuando las ruedas no est\u00e1n correctamente alineadas, el cami\u00f3n experimenta una mayor resistencia a la rodadura, lo que obliga al motor a trabajar m\u00e1s para mantener la velocidad. Una alineaci\u00f3n adecuada puede mejorar el ahorro de combustible en una media de 2%, lo que puede traducirse en un ahorro sustancial en los costes de combustible, especialmente para los conductores de larga distancia y los operadores de flotas.<\/li>\n<li><strong>Seguridad y manejo mejorados<\/strong>: Una conducci\u00f3n m\u00e1s suave y segura<br \/>\nUna alineaci\u00f3n adecuada de las ruedas es esencial para un manejo seguro y predecible. Una alineaci\u00f3n incorrecta puede hacer que su cami\u00f3n tire hacia un lado, se desv\u00ede en la carretera o muestre caracter\u00edsticas de manejo inestables. Al corregir la alineaci\u00f3n, puede restaurar la maniobrabilidad \u00f3ptima y garantizar una conducci\u00f3n m\u00e1s suave y segura para usted y sus conductores.<\/li>\n<li><strong>Abordar los problemas subyacentes:<\/strong> Evite costosas reparaciones en el futuro<br \/>\nAl realizar la alineaci\u00f3n de su cami\u00f3n, nuestros t\u00e9cnicos cualificados tambi\u00e9n pueden identificar otros problemas que pueden estar contribuyendo al problema o que podr\u00edan conducir a problemas mayores en el futuro. Podemos inspeccionar los componentes de la suspensi\u00f3n, el sistema de direcci\u00f3n y el bastidor en busca de signos de desgaste, da\u00f1os o desalineaci\u00f3n, y recomendar las reparaciones o sustituciones adecuadas.<\/li>\n<li><strong>Servicio profesional:<\/strong> T\u00e9cnicos formados y equipos de \u00faltima generaci\u00f3n<br \/>\nEn Betts Truck Parts &amp; Service, nos enorgullecemos de ofrecer servicios de alineaci\u00f3n de camiones profesionales y confiables. Nuestros t\u00e9cnicos est\u00e1n altamente capacitados y tienen experiencia trabajando en todas las marcas y modelos de camiones y remolques. Utilizamos equipos de alineaci\u00f3n Hunter de \u00faltima generaci\u00f3n para asegurar alineaciones precisas y eficientes.<\/li>\n<\/ul>\n<h3>M\u00e1s que Alineaci\u00f3n: Su tienda integral de repuestos y servicio para camiones en Fresno<\/h3>\n<p>Betts Truck Parts &amp; Service es m\u00e1s que un taller de alineaci\u00f3n. Ofrecemos una amplia gama de piezas de camiones y soluciones de servicio, incluyendo <a title=\"reparaci\u00f3n y sustituci\u00f3n de ballestas a medida\" href=\"https:\/\/bettstruckparts.com\/es\/reparacion-de-camiones\/reparacion-de-ballestas\/reparacion-de-ballestas-fresno\/\">reparaci\u00f3n y sustituci\u00f3n de ballestas a medida<\/a>, lo que nos convierte en su ventanilla \u00fanica para todas sus necesidades de transporte por carretera en Fresno. Desde el mantenimiento de rutina hasta reparaciones complejas, tenemos la experiencia y los recursos para mantener sus camiones y remolques funcionando al m\u00e1ximo rendimiento.<\/p>\n<p><a href=\"https:\/\/bettstruckparts.com\/es\/contacto\/\">Solicitar una cita<\/a> para la alineaci\u00f3n de camiones en el \u00e1rea de Fresno. <a href=\"https:\/\/bettstruckparts.com\/es\/contacto\/\">P\u00f3ngase en contacto con nosotros<\/a> para saber m\u00e1s.<\/p>\n<p class=\"p1\"><span class=\"s1\"><b>Informaci\u00f3n adicional sobre alineaci\u00f3n de ruedas<\/b><\/span><\/p>\n<p class=\"p2\"><span class=\"s2\"><a href=\"https:\/\/www.bar.ca.gov\/pdf\/workshops\/202304-vehicle-safety-inspection\/draft-manual.pdf\" target=\"_blank\" rel=\"noopener\">Obtenga m\u00e1s informaci\u00f3n sobre las normas de alineaci\u00f3n de ruedas de la Oficina de Reparaci\u00f3n de Autom\u00f3viles de California.<\/a><\/span><\/p>\n<p class=\"p2\"><span class=\"s2\"><a href=\"https:\/\/www.fmcsa.dot.gov\/safety\/vehicle-maintenance\" target=\"_blank\" rel=\"noopener\">Consulte las directrices de la FMCSA sobre mantenimiento de veh\u00edculos y requisitos de seguridad.<\/a><\/span><\/p>\n<h2><\/h2>\n<div id=\"attachment_2842\" style=\"width: 310px\" class=\"wp-caption alignleft\"><img decoding=\"async\" aria-describedby=\"caption-attachment-2842\" class=\"size-medium wp-image-2842\" src=\"https:\/\/bettstruckparts.com\/wp-content\/uploads\/2023\/09\/image002-300x300.jpg\" alt=\"Equipo de alineaci\u00f3n Hunter\" width=\"300\" height=\"300\" srcset=\"https:\/\/bettstruckparts.com\/wp-content\/uploads\/2023\/09\/image002-300x300.jpg 300w, https:\/\/bettstruckparts.com\/wp-content\/uploads\/2023\/09\/image002-1024x1024.jpg 1024w, https:\/\/bettstruckparts.com\/wp-content\/uploads\/2023\/09\/image002-150x150.jpg 150w, https:\/\/bettstruckparts.com\/wp-content\/uploads\/2023\/09\/image002-768x768.jpg 768w, https:\/\/bettstruckparts.com\/wp-content\/uploads\/2023\/09\/image002.jpg 1200w\" sizes=\"(max-width: 300px) 100vw, 300px\" \/><p id=\"caption-attachment-2842\" class=\"wp-caption-text\">Alineaciones para trabajos pesados con equipos Hunter<\/p><\/div>\n<h2><\/h2>\n\n\t\t<\/div>\n\t<\/div>\n<div class=\"ubtn-ctn-center\"><a class=\"ubtn-link ult-adjust-bottom-margin ubtn-center ubtn-normal\" href=\"\/es\/contact\/\" ><button type=\"button\" id=\"ubtn-7592\"  class=\"ubtn ult-adjust-bottom-margin ult-responsive ubtn-normal ubtn-fade-bg  none  ubtn-center   tooltip-69ef6f90798f7\"  data-hover=\"#ffffff\" data-border-color=\"#ad172b\" data-bg=\"rgba(255,255,255,0.01)\" data-hover-bg=\"#ad172b\" data-border-hover=\"#ffffff\" data-shadow-hover=\"\" data-shadow-click=\"none\" data-shadow=\"\" data-shd-shadow=\"\"  data-ultimate-target='#ubtn-7592'  data-responsive-json-new='{\"font-size\":\"desktop:16px;\",\"line-height\":\"\"}'  style=\"font-weight:bold;border-radius:15px;border-width:2px;border-color:#ad172b;border-style:solid;background: rgba(255,255,255,0.01);color: #ad172b;\"><span class=\"ubtn-hover\" style=\"background-color:#ad172b\"><\/span><span class=\"ubtn-data ubtn-text\" >Concertar una cita<\/span><\/button><\/a><\/div><\/div><\/div><\/div><\/div><\/div><\/div><\/div><\/div>\n<\/div>","protected":false},"excerpt":{"rendered":"<p>#1 Wheel Alignment Service in Fresno, CA Since 1992 Click to Call Betts for Truck Wheel Alignment Services in Fresno, CA: 800.330.3245 Click To CallSchedule an Appointment Trusted Trailer &amp; Truck Wheel Alignment Service in Fresno County When it comes to truck wheel alignment service in the Fresno, California area, Betts Truck Parts &amp; Service&hellip;<\/p>","protected":false},"author":4,"featured_media":3200,"parent":345,"menu_order":0,"comment_status":"closed","ping_status":"closed","template":"template-microsite.php","meta":{"footnotes":""},"class_list":["post-1333","page","type-page","status-publish","has-post-thumbnail","hentry","description-off"],"_links":{"self":[{"href":"https:\/\/bettstruckparts.com\/es\/wp-json\/wp\/v2\/pages\/1333","targetHints":{"allow":["GET"]}}],"collection":[{"href":"https:\/\/bettstruckparts.com\/es\/wp-json\/wp\/v2\/pages"}],"about":[{"href":"https:\/\/bettstruckparts.com\/es\/wp-json\/wp\/v2\/types\/page"}],"author":[{"embeddable":true,"href":"https:\/\/bettstruckparts.com\/es\/wp-json\/wp\/v2\/users\/4"}],"replies":[{"embeddable":true,"href":"https:\/\/bettstruckparts.com\/es\/wp-json\/wp\/v2\/comments?post=1333"}],"version-history":[{"count":0,"href":"https:\/\/bettstruckparts.com\/es\/wp-json\/wp\/v2\/pages\/1333\/revisions"}],"up":[{"embeddable":true,"href":"https:\/\/bettstruckparts.com\/es\/wp-json\/wp\/v2\/pages\/345"}],"wp:featuredmedia":[{"embeddable":true,"href":"https:\/\/bettstruckparts.com\/es\/wp-json\/wp\/v2\/media\/3200"}],"wp:attachment":[{"href":"https:\/\/bettstruckparts.com\/es\/wp-json\/wp\/v2\/media?parent=1333"}],"curies":[{"name":"wp","href":"https:\/\/api.w.org\/{rel}","templated":true}]}}