{"id":1332,"date":"2019-06-25T09:15:17","date_gmt":"2019-06-25T17:15:17","guid":{"rendered":"https:\/\/bettstruckparts.com\/?page_id=1332"},"modified":"2025-05-03T10:24:17","modified_gmt":"2025-05-03T18:24:17","slug":"fontana-ca","status":"publish","type":"page","link":"https:\/\/bettstruckparts.com\/es\/truck-repair\/truck-wheel-alignments\/fontana-ca\/","title":{"rendered":"Servicios de alineaci\u00f3n - Fontana, CA"},"content":{"rendered":"<div class=\"wpb-content-wrapper\"><div class=\"vc_row wpb_row vc_row-fluid vc_custom_1516047752276 vc_row-has-fill vc_row-o-equal-height vc_row-flex\"><div class=\"wpb_column vc_column_container vc_col-sm-3 vc_col-has-fill\"><div class=\"vc_column-inner vc_custom_1510682040425\"><div class=\"wpb_wrapper\"><div  class=\"wpb_widgetised_column wpb_content_element sidebar-content\">\n\t\t<div class=\"wpb_wrapper\">\n\t\t\t\n\t\t\t<section id=\"nav_menu-4\" class=\"widget widget_nav_menu\"><div class=\"widget-title\">Reparaci\u00f3n de camiones<\/div><div class=\"menu-truck-repair-container\"><ul id=\"menu-truck-repair\" class=\"menu\"><li id=\"menu-item-341\" class=\"menu-item menu-item-type-post_type menu-item-object-page menu-item-341\"><a href=\"https:\/\/bettstruckparts.com\/es\/truck-repair\/air-ride-control\/\">Control de la suspensi\u00f3n neum\u00e1tica<\/a><\/li>\n<li id=\"menu-item-382\" class=\"menu-item menu-item-type-post_type menu-item-object-page menu-item-382\"><a href=\"https:\/\/bettstruckparts.com\/es\/truck-repair\/truck-wheel-alignments\/\">Servicio de alineaci\u00f3n de ruedas<\/a><\/li>\n<li id=\"menu-item-381\" class=\"menu-item menu-item-type-post_type menu-item-object-page menu-item-381\"><a href=\"https:\/\/bettstruckparts.com\/es\/truck-repair\/auxiliary-power\/\">Alimentaci\u00f3n auxiliar<\/a><\/li>\n<li id=\"menu-item-380\" class=\"menu-item menu-item-type-post_type menu-item-object-page menu-item-380\"><a href=\"https:\/\/bettstruckparts.com\/es\/truck-repair\/brake-services\/\">Servicios de reparaci\u00f3n de frenos<\/a><\/li>\n<li id=\"menu-item-390\" class=\"menu-item menu-item-type-post_type menu-item-object-page menu-item-390\"><a href=\"https:\/\/bettstruckparts.com\/es\/truck-repair\/custom-u-bolts\/\">Pernos en U a medida<\/a><\/li>\n<li id=\"menu-item-389\" class=\"menu-item menu-item-type-post_type menu-item-object-page menu-item-389\"><a href=\"https:\/\/bettstruckparts.com\/es\/truck-repair\/dot-inspection\/\">Inspecci\u00f3n DOT<\/a><\/li>\n<li id=\"menu-item-388\" class=\"menu-item menu-item-type-post_type menu-item-object-page menu-item-388\"><a href=\"https:\/\/bettstruckparts.com\/es\/truck-repair\/drivetrain-repair\/\">Servicios de reparaci\u00f3n de trenes de transmisi\u00f3n<\/a><\/li>\n<li id=\"menu-item-387\" class=\"menu-item menu-item-type-post_type menu-item-object-page menu-item-387\"><a href=\"https:\/\/bettstruckparts.com\/es\/truck-repair\/electrical-repair\/\">Reparaci\u00f3n el\u00e9ctrica<\/a><\/li>\n<li id=\"menu-item-386\" class=\"menu-item menu-item-type-post_type menu-item-object-page menu-item-386\"><a href=\"https:\/\/bettstruckparts.com\/es\/truck-repair\/leaf-spring-repair\/\">Reparaci\u00f3n de ballestas<\/a><\/li>\n<li id=\"menu-item-385\" class=\"menu-item menu-item-type-post_type menu-item-object-page menu-item-385\"><a href=\"https:\/\/bettstruckparts.com\/es\/truck-repair\/steering-repair\/\">Reparaci\u00f3n de la direcci\u00f3n<\/a><\/li>\n<li id=\"menu-item-384\" class=\"menu-item menu-item-type-post_type menu-item-object-page menu-item-384\"><a href=\"https:\/\/bettstruckparts.com\/es\/truck-repair\/suspension-services\/\">Servicios de suspensi\u00f3n<\/a><\/li>\n<li id=\"menu-item-383\" class=\"menu-item menu-item-type-post_type menu-item-object-page menu-item-383\"><a href=\"https:\/\/bettstruckparts.com\/es\/truck-repair\/truck-axle-repair\/\">Reparaci\u00f3n de ejes de camiones<\/a><\/li>\n<\/ul><\/div><\/section>\n\t\t<\/div>\n\t<\/div>\n<\/div><\/div><\/div><div class=\"wpb_column vc_column_container vc_col-sm-9\"><div class=\"vc_column-inner vc_custom_1510682076814\"><div class=\"wpb_wrapper\"><div class=\"vc_row wpb_row vc_inner vc_row-fluid\"><div class=\"wpb_column vc_column_container vc_col-sm-12\"><div class=\"vc_column-inner vc_custom_1486667994280\"><div class=\"wpb_wrapper\">\n\t<div class=\"wpb_text_column wpb_content_element\" >\n\t\t<div class=\"wpb_wrapper\">\n\t\t\t<h1 style=\"text-align: center;\">Servicios de Alineaci\u00f3n de Camiones en Fontana, CA,<\/h1>\n<h2 style=\"text-align: center;\">Optimice el rendimiento y alargue la vida \u00fatil de los neum\u00e1ticos con Betts<\/h2>\n<h3 style=\"text-align: center;\"><span style=\"color: #ad1818;\">Haga clic para llamar a Betts para servicios de alineaci\u00f3n de camiones en Fontana, CA: 800-662-3887<\/span><\/h3>\n\n\t\t<\/div>\n\t<\/div>\n<div class=\"ubtn-ctn-center\"><a class=\"ubtn-link ult-adjust-bottom-margin ubtn-center ubtn-normal\" href=\"tel:800-662-3887\" ><button type=\"button\" id=\"ubtn-4492\"  class=\"ubtn ult-adjust-bottom-margin ult-responsive ubtn-normal ubtn-fade-bg  none  ubtn-center   tooltip-69ee0267591fc\"  data-hover=\"#ffffff\" data-border-color=\"#ad172b\" data-bg=\"rgba(255,255,255,0.01)\" data-hover-bg=\"#ad172b\" data-border-hover=\"#ffffff\" data-shadow-hover=\"\" data-shadow-click=\"none\" data-shadow=\"\" data-shd-shadow=\"\"  data-ultimate-target='#ubtn-4492'  data-responsive-json-new='{\"font-size\":\"desktop:16px;\",\"line-height\":\"\"}'  style=\"font-weight:bold;border-radius:15px;border-width:2px;border-color:#ad172b;border-style:solid;background: rgba(255,255,255,0.01);color: #ad172b;\"><span class=\"ubtn-hover\" style=\"background-color:#ad172b\"><\/span><span class=\"ubtn-data ubtn-text\" >Haga clic para llamar<\/span><\/button><\/a><\/div>\n\t<div class=\"wpb_text_column wpb_content_element  vc_custom_1745586175131\" >\n\t\t<div class=\"wpb_wrapper\">\n\t\t\t<p>\u00bfSu cami\u00f3n de gran tonelaje tira hacia un lado, experimenta un desgaste irregular de los neum\u00e1ticos o consume poco combustible? Estos podr\u00edan ser signos de ruedas desalineadas, lo que puede conducir a costosas reparaciones y disminuci\u00f3n del rendimiento. Betts Truck Parts &amp; Service es su socio de confianza para servicios integrales de alineaci\u00f3n de camiones en Fontana, CA, y sus alrededores. Ofrecemos expertas alineaciones de camiones y alineaciones de semirremolques para todas las marcas y modelos, asegurando que su veh\u00edculo opere de manera segura, eficiente y prolongue la vida de sus neum\u00e1ticos.<\/p>\n<p>Ya sea que usted opere un solo semirremolque, una flota de veh\u00edculos comerciales, o cualquier tipo de cami\u00f3n de servicio pesado o mediano, Betts tiene la experiencia y el equipo para proporcionarle servicios de alineaci\u00f3n precisos y confiables. Utilizamos equipos de alineaci\u00f3n l\u00e1ser Bee Line de \u00faltima generaci\u00f3n, garantizando precisi\u00f3n y resultados \u00f3ptimos.<\/p>\n<h3>\u00bfPor qu\u00e9 elegir Betts para sus necesidades de alineaci\u00f3n de camiones en Fontana?<\/h3>\n<ul>\n<li><strong>T\u00e9cnicos experimentados y certificados:<\/strong> Nuestros t\u00e9cnicos altamente cualificados poseen amplios conocimientos de los principios de alineaci\u00f3n de camiones y utilizan las t\u00e9cnicas m\u00e1s avanzadas para ofrecer resultados superiores.<\/li>\n<li><strong>Equipos de \u00faltima generaci\u00f3n:<\/strong> Invertimos en avanzados equipos de alineaci\u00f3n l\u00e1ser Bee Line, famosos por su precisi\u00f3n y exactitud. Esto asegura que la alineaci\u00f3n de su cami\u00f3n se realiza con los m\u00e1s altos est\u00e1ndares.<\/li>\n<li><strong>Servicios integrales de alineaci\u00f3n:<\/strong> Ofrecemos alineaciones completas de camiones y semirremolques, abordando todos los aspectos de la alineaci\u00f3n de las ruedas para optimizar el rendimiento y prolongar la vida \u00fatil de los neum\u00e1ticos.<\/li>\n<li><strong>Servicio r\u00e1pido y fiable:<\/strong> Entendemos la importancia de minimizar el tiempo de inactividad para su negocio. Nuestro equipo trabaja de forma eficiente para ofrecer servicios de alineaci\u00f3n r\u00e1pidos y fiables, para que pueda volver a la carretera lo antes posible.<\/li>\n<li><strong>Compromiso con la satisfacci\u00f3n del cliente:<\/strong> Nos dedicamos a ofrecer un servicio al cliente excepcional y a superar sus expectativas. Su satisfacci\u00f3n es nuestra m\u00e1xima prioridad.<\/li>\n<\/ul>\n<h3><strong>La importancia de una correcta alineaci\u00f3n de los camiones -<\/strong> 5 ventajas clave<\/h3>\n<p>La alineaci\u00f3n de las ruedas a menudo se pasa por alto, pero desempe\u00f1a un papel crucial en el rendimiento general, la seguridad y la longevidad de su cami\u00f3n y sus neum\u00e1ticos. He aqu\u00ed cinco beneficios clave de mantener una alineaci\u00f3n adecuada del cami\u00f3n:<\/p>\n<ol>\n<li><strong>Neum\u00e1tico extendido Kilometraje:<\/strong> Maximice su inversi\u00f3n en neum\u00e1ticos: Las ruedas correctamente alineadas distribuyen el peso uniformemente por toda la superficie del neum\u00e1tico, reduciendo el desgaste irregular. Esto puede prolongar el kilometraje de los neum\u00e1ticos hasta 30%, ahorr\u00e1ndole un dinero considerable en sustituciones de neum\u00e1ticos. Prevenga problemas comunes que causan desgaste.<\/li>\n<li><strong>Mayor ahorro de combustible:<\/strong> Reduzca el consumo de combustible y ahorre dinero: Las ruedas desalineadas crean una fricci\u00f3n innecesaria, haciendo que su motor trabaje m\u00e1s y consuma m\u00e1s combustible. Una alineaci\u00f3n correcta reduce el consumo de combustible en una media de 2%, lo que puede suponer un ahorro sustancial con el tiempo.<\/li>\n<li><strong>Manejo y control mejorados:<\/strong> Experimente una conducci\u00f3n m\u00e1s suave y segura: Las ruedas correctamente alineadas proporcionan una maniobrabilidad y un control \u00f3ptimos, lo que le permite dirigir su cami\u00f3n con mayor precisi\u00f3n y confianza. Esto mejora la seguridad y reduce la fatiga del conductor, especialmente en trayectos largos.<\/li>\n<li><strong>Abordar otras cuestiones:<\/strong> Mantenimiento proactivo para una fiabilidad a largo plazo: Durante el proceso de alineaci\u00f3n, nuestros t\u00e9cnicos pueden identificar y abordar otros problemas potenciales que pueden convertirse en problemas m\u00e1s grandes y costosos en el futuro. Este enfoque proactivo le ayuda a mantener la salud general y la fiabilidad de su cami\u00f3n. Compruebe la alineaci\u00f3n para detectar problemas con la direcci\u00f3n y otras piezas del cami\u00f3n que puedan estar relacionadas.<\/li>\n<li><strong>Precisi\u00f3n profesional:<\/strong> Garantizando una alineaci\u00f3n precisa con tecnolog\u00eda avanzada: Nuestros t\u00e9cnicos cualificados utilizan la avanzada tecnolog\u00eda de alineaci\u00f3n l\u00e1ser Bee Line para garantizar que todos los ejes est\u00e9n perfectamente perpendiculares a su chasis. Este nivel de precisi\u00f3n es esencial para lograr un rendimiento y una seguridad \u00f3ptimos.<\/li>\n<\/ol>\n<h3>Sirviendo a Fontana, CA, y sus alrededores<\/h3>\n<p>Betts Truck Parts &amp; Service se enorgullece de servir a la comunidad camionera en Fontana, California, y sus alrededores. Estamos convenientemente ubicados y f\u00e1cilmente accesibles para ofrecerle servicios de alineaci\u00f3n de camiones r\u00e1pidos y confiables siempre que los necesite.<br \/>\nPrograme hoy mismo el servicio de alineaci\u00f3n de su cami\u00f3n<br \/>\nNo espere hasta que las ruedas desalineadas causen da\u00f1os costosos a sus neum\u00e1ticos y reduzcan el rendimiento de su cami\u00f3n. Solicite una cita para la alineaci\u00f3n de su cami\u00f3n en el \u00e1rea de Fontana hoy y experimente la diferencia Betts. P\u00f3ngase en contacto con nosotros para obtener m\u00e1s informaci\u00f3n y deje que nuestros expertos le ayuden a optimizar el rendimiento de su cami\u00f3n y prolongar la vida \u00fatil de sus neum\u00e1ticos. Invierta en los beneficios de darle servicio a su cami\u00f3n de servicio pesado o mediano en el taller de alineaci\u00f3n de Betts en Fontana, CA.<\/p>\n\n\t\t<\/div>\n\t<\/div>\n<div class=\"ubtn-ctn-center\"><a class=\"ubtn-link ult-adjust-bottom-margin ubtn-center ubtn-normal\" href=\"\/es\/contact\/\" ><button type=\"button\" id=\"ubtn-8827\"  class=\"ubtn ult-adjust-bottom-margin ult-responsive ubtn-normal ubtn-fade-bg  none  ubtn-center   tooltip-69ee02675934d\"  data-hover=\"#ffffff\" data-border-color=\"#ad172b\" data-bg=\"rgba(255,255,255,0.01)\" data-hover-bg=\"#ad172b\" data-border-hover=\"#ffffff\" data-shadow-hover=\"\" data-shadow-click=\"none\" data-shadow=\"\" data-shd-shadow=\"\"  data-ultimate-target='#ubtn-8827'  data-responsive-json-new='{\"font-size\":\"desktop:16px;\",\"line-height\":\"\"}'  style=\"font-weight:bold;border-radius:15px;border-width:2px;border-color:#ad172b;border-style:solid;background: rgba(255,255,255,0.01);color: #ad172b;\"><span class=\"ubtn-hover\" style=\"background-color:#ad172b\"><\/span><span class=\"ubtn-data ubtn-text\" >Concertar una cita<\/span><\/button><\/a><\/div><\/div><\/div><\/div><div class=\"wpb_column vc_column_container vc_col-sm-12\"><div class=\"vc_column-inner\"><div class=\"wpb_wrapper\"><\/div><\/div><\/div><\/div><\/div><\/div><\/div><\/div>\n<\/div>","protected":false},"excerpt":{"rendered":"<p>Truck RepairAir Ride Control Wheel Alignment Service Auxiliary Power Brake Repair Services Custom U-Bolts DOT Inspection Drivetrain Repair Services Electrical Repair Leaf Spring Repair Steering Repair Suspension Services Truck Axle Repair Truck Alignment Services in Fontana, CA, Optimize Performance &amp; Extend Tire Life with Betts Click to Call Betts for Truck Alignment Services in Fontana,&hellip;<\/p>","protected":false},"author":4,"featured_media":0,"parent":345,"menu_order":0,"comment_status":"closed","ping_status":"closed","template":"template-microsite.php","meta":{"footnotes":""},"class_list":["post-1332","page","type-page","status-publish","hentry","description-off"],"_links":{"self":[{"href":"https:\/\/bettstruckparts.com\/es\/wp-json\/wp\/v2\/pages\/1332","targetHints":{"allow":["GET"]}}],"collection":[{"href":"https:\/\/bettstruckparts.com\/es\/wp-json\/wp\/v2\/pages"}],"about":[{"href":"https:\/\/bettstruckparts.com\/es\/wp-json\/wp\/v2\/types\/page"}],"author":[{"embeddable":true,"href":"https:\/\/bettstruckparts.com\/es\/wp-json\/wp\/v2\/users\/4"}],"replies":[{"embeddable":true,"href":"https:\/\/bettstruckparts.com\/es\/wp-json\/wp\/v2\/comments?post=1332"}],"version-history":[{"count":0,"href":"https:\/\/bettstruckparts.com\/es\/wp-json\/wp\/v2\/pages\/1332\/revisions"}],"up":[{"embeddable":true,"href":"https:\/\/bettstruckparts.com\/es\/wp-json\/wp\/v2\/pages\/345"}],"wp:attachment":[{"href":"https:\/\/bettstruckparts.com\/es\/wp-json\/wp\/v2\/media?parent=1332"}],"curies":[{"name":"wp","href":"https:\/\/api.w.org\/{rel}","templated":true}]}}