{"id":1294,"date":"2019-05-30T13:28:26","date_gmt":"2019-05-30T21:28:26","guid":{"rendered":"https:\/\/bettstruckparts.com\/?page_id=1294"},"modified":"2025-09-30T05:17:53","modified_gmt":"2025-09-30T13:17:53","slug":"fontana-ca","status":"publish","type":"page","link":"https:\/\/bettstruckparts.com\/es\/truck-repair\/steering-repair\/fontana-ca\/","title":{"rendered":"Cami\u00f3n de reparaci\u00f3n de direcci\u00f3n Fontana CA"},"content":{"rendered":"<div class=\"wpb-content-wrapper\"><div data-vc-full-width=\"true\" data-vc-full-width-temp=\"true\" data-vc-full-width-init=\"false\" data-vc-stretch-content=\"true\" class=\"vc_row wpb_row vc_row-fluid vc_row-no-padding\"><div class=\"wpb_column vc_column_container vc_col-sm-12 vc_col-has-fill\"><div class=\"vc_column-inner vc_custom_1515646466870\"><div class=\"wpb_wrapper\">\n\t<div class=\"wpb_text_column wpb_content_element  white shadow\" >\n\t\t<div class=\"wpb_wrapper\">\n\t\t\t<h1 style=\"text-align: center;\">Reparaci\u00f3n de la direcci\u00f3n del cami\u00f3n Fontana, CA<\/h1>\n\n\t\t<\/div>\n\t<\/div>\n<\/div><\/div><\/div><\/div><div class=\"vc_row-full-width vc_clearfix\"><\/div><div class=\"vc_row wpb_row vc_row-fluid vc_custom_1516047752276 vc_row-has-fill vc_row-o-equal-height vc_row-flex\"><div class=\"wpb_column vc_column_container vc_col-sm-3 vc_col-has-fill\"><div class=\"vc_column-inner vc_custom_1510682040425\"><div class=\"wpb_wrapper\"><div  class=\"wpb_widgetised_column wpb_content_element sidebar-content\">\n\t\t<div class=\"wpb_wrapper\">\n\t\t\t\n\t\t\t<section id=\"nav_menu-4\" class=\"widget widget_nav_menu\"><div class=\"widget-title\">Reparaci\u00f3n de camiones<\/div><div class=\"menu-truck-repair-container\"><ul id=\"menu-truck-repair\" class=\"menu\"><li id=\"menu-item-341\" class=\"menu-item menu-item-type-post_type menu-item-object-page menu-item-341\"><a href=\"https:\/\/bettstruckparts.com\/es\/truck-repair\/air-ride-control\/\">Control de la suspensi\u00f3n neum\u00e1tica<\/a><\/li>\n<li id=\"menu-item-382\" class=\"menu-item menu-item-type-post_type menu-item-object-page menu-item-382\"><a href=\"https:\/\/bettstruckparts.com\/es\/truck-repair\/truck-wheel-alignments\/\">Servicio de alineaci\u00f3n de ruedas<\/a><\/li>\n<li id=\"menu-item-381\" class=\"menu-item menu-item-type-post_type menu-item-object-page menu-item-381\"><a href=\"https:\/\/bettstruckparts.com\/es\/truck-repair\/auxiliary-power\/\">Alimentaci\u00f3n auxiliar<\/a><\/li>\n<li id=\"menu-item-380\" class=\"menu-item menu-item-type-post_type menu-item-object-page menu-item-380\"><a href=\"https:\/\/bettstruckparts.com\/es\/truck-repair\/brake-services\/\">Servicios de reparaci\u00f3n de frenos<\/a><\/li>\n<li id=\"menu-item-390\" class=\"menu-item menu-item-type-post_type menu-item-object-page menu-item-390\"><a href=\"https:\/\/bettstruckparts.com\/es\/truck-repair\/custom-u-bolts\/\">Pernos en U a medida<\/a><\/li>\n<li id=\"menu-item-389\" class=\"menu-item menu-item-type-post_type menu-item-object-page menu-item-389\"><a href=\"https:\/\/bettstruckparts.com\/es\/truck-repair\/dot-inspection\/\">Inspecci\u00f3n DOT<\/a><\/li>\n<li id=\"menu-item-388\" class=\"menu-item menu-item-type-post_type menu-item-object-page menu-item-388\"><a href=\"https:\/\/bettstruckparts.com\/es\/truck-repair\/drivetrain-repair\/\">Servicios de reparaci\u00f3n de trenes de transmisi\u00f3n<\/a><\/li>\n<li id=\"menu-item-387\" class=\"menu-item menu-item-type-post_type menu-item-object-page menu-item-387\"><a href=\"https:\/\/bettstruckparts.com\/es\/truck-repair\/electrical-repair\/\">Reparaci\u00f3n el\u00e9ctrica<\/a><\/li>\n<li id=\"menu-item-386\" class=\"menu-item menu-item-type-post_type menu-item-object-page menu-item-386\"><a href=\"https:\/\/bettstruckparts.com\/es\/truck-repair\/leaf-spring-repair\/\">Reparaci\u00f3n de ballestas<\/a><\/li>\n<li id=\"menu-item-385\" class=\"menu-item menu-item-type-post_type menu-item-object-page menu-item-385\"><a href=\"https:\/\/bettstruckparts.com\/es\/truck-repair\/steering-repair\/\">Reparaci\u00f3n de la direcci\u00f3n<\/a><\/li>\n<li id=\"menu-item-384\" class=\"menu-item menu-item-type-post_type menu-item-object-page menu-item-384\"><a href=\"https:\/\/bettstruckparts.com\/es\/truck-repair\/suspension-services\/\">Servicios de suspensi\u00f3n<\/a><\/li>\n<li id=\"menu-item-383\" class=\"menu-item menu-item-type-post_type menu-item-object-page menu-item-383\"><a href=\"https:\/\/bettstruckparts.com\/es\/truck-repair\/truck-axle-repair\/\">Reparaci\u00f3n de ejes de camiones<\/a><\/li>\n<\/ul><\/div><\/section>\n\t\t<\/div>\n\t<\/div>\n<\/div><\/div><\/div><div class=\"wpb_column vc_column_container vc_col-sm-9\"><div class=\"vc_column-inner vc_custom_1510682076814\"><div class=\"wpb_wrapper\"><div class=\"ubtn-ctn-right\"><a class=\"ubtn-link ult-adjust-bottom-margin ubtn-right ubtn-normal\" href=\"https:\/\/bettstruckparts.com\/es\/contacto\/\" ><button type=\"button\" id=\"ubtn-1196\"  class=\"ubtn ult-adjust-bottom-margin ult-responsive ubtn-normal ubtn-fade-bg  none  ubtn-right   tooltip-69d4db2f3dc17\"  data-hover=\"#ffffff\" data-border-color=\"#ad172b\" data-bg=\"rgba(255,255,255,0.01)\" data-hover-bg=\"#ad172b\" data-border-hover=\"#ffffff\" data-shadow-hover=\"\" data-shadow-click=\"none\" data-shadow=\"\" data-shd-shadow=\"\"  data-ultimate-target='#ubtn-1196'  data-responsive-json-new='{\"font-size\":\"desktop:16px;\",\"line-height\":\"\"}'  style=\"font-weight:bold;border-radius:15px;border-width:2px;border-color:#ad172b;border-style:solid;background: rgba(255,255,255,0.01);color: #ad172b;\"><span class=\"ubtn-hover\" style=\"background-color:#ad172b\"><\/span><span class=\"ubtn-data ubtn-text\" >Concertar una cita<\/span><\/button><\/a><\/div><div class=\"vc_row wpb_row vc_inner vc_row-fluid\"><div class=\"wpb_column vc_column_container vc_col-sm-12\"><div class=\"vc_column-inner vc_custom_1486667994280\"><div class=\"wpb_wrapper\">\n\t<div class=\"wpb_text_column wpb_content_element  vc_custom_1574451065644\" >\n\t\t<div class=\"wpb_wrapper\">\n\t\t\t<h2>Servicio de Reparaci\u00f3n de Direcci\u00f3n de Camiones: Fontana, CA<\/h2>\n<p>Betts Truck Parts &amp; Service es el proveedor l\u00edder de <a href=\"https:\/\/bettstruckparts.com\/es\/reparacion-de-camiones\/reparacion-de-la-direccion\/\">servicio de direcci\u00f3n de camiones<\/a> en Fontana, CA. Ofrecemos servicio completo de direcci\u00f3n y reparaci\u00f3n para camiones de todas las marcas y modelos, incluyendo camiones de servicio pesado, camiones de servicio mediano y camiones comerciales.<\/p>\n<p><a href=\"https:\/\/bettstruckparts.com\/es\/contacto\/\">Solicitar una cita<\/a> para el servicio de direcci\u00f3n en la zona de Fontana, o <a href=\"https:\/\/bettstruckparts.com\/es\/contacto\/\">contacto Betts <\/a>para saber m\u00e1s.<\/p>\n<h2>Ventajas del servicio de reparaci\u00f3n de direcci\u00f3n de camiones de Betts<\/h2>\n<ul>\n<li><strong>Servicio profesional: <\/strong>Hemos estado proporcionando servicio de direcci\u00f3n y otras reparaciones de camiones semi desde la d\u00e9cada de 1970. Tenemos las habilidades y la experiencia para conseguir que de nuevo en la carretera de forma r\u00e1pida y segura<\/li>\n<li><strong><a href=\"https:\/\/bettstruckparts.com\/es\/lugares\/\">Ubicaci\u00f3n<\/a>:<\/strong> Con ocho almacenes de piezas y siete talleres de reparaci\u00f3n repartidos por California, Oreg\u00f3n y Arizona, prestamos servicio a OO y flotas locales, regionales y nacionales.<\/li>\n<li><strong>Piezas:<\/strong> Utilizamos piezas de los principales fabricantes del sector en nuestros procesos de servicio y reparaci\u00f3n de la direcci\u00f3n para ofrecerle las mejores piezas y el mejor rendimiento.<\/li>\n<\/ul>\n\n\t\t<\/div>\n\t<\/div>\n<\/div><\/div><\/div><\/div><\/div><\/div><\/div><\/div><div class=\"vc_row wpb_row vc_row-fluid\"><div class=\"wpb_column vc_column_container vc_col-sm-12\"><div class=\"vc_column-inner\"><div class=\"wpb_wrapper\"><\/div><\/div><\/div><\/div>\n<\/div>","protected":false},"excerpt":{"rendered":"<p>Truck Steering Repair Fontana, CA Truck RepairAir Ride Control Wheel Alignment Service Auxiliary Power Brake Repair Services Custom U-Bolts DOT Inspection Drivetrain Repair Services Electrical Repair Leaf Spring Repair Steering Repair Suspension Services Truck Axle Repair Schedule an Appointment Truck Steering Repair Service: Fontana, CA Betts Truck Parts &amp; Service is the leading provider of&hellip;<\/p>","protected":false},"author":4,"featured_media":0,"parent":361,"menu_order":0,"comment_status":"closed","ping_status":"closed","template":"template-microsite.php","meta":{"footnotes":""},"class_list":["post-1294","page","type-page","status-publish","hentry","description-off"],"_links":{"self":[{"href":"https:\/\/bettstruckparts.com\/es\/wp-json\/wp\/v2\/pages\/1294","targetHints":{"allow":["GET"]}}],"collection":[{"href":"https:\/\/bettstruckparts.com\/es\/wp-json\/wp\/v2\/pages"}],"about":[{"href":"https:\/\/bettstruckparts.com\/es\/wp-json\/wp\/v2\/types\/page"}],"author":[{"embeddable":true,"href":"https:\/\/bettstruckparts.com\/es\/wp-json\/wp\/v2\/users\/4"}],"replies":[{"embeddable":true,"href":"https:\/\/bettstruckparts.com\/es\/wp-json\/wp\/v2\/comments?post=1294"}],"version-history":[{"count":0,"href":"https:\/\/bettstruckparts.com\/es\/wp-json\/wp\/v2\/pages\/1294\/revisions"}],"up":[{"embeddable":true,"href":"https:\/\/bettstruckparts.com\/es\/wp-json\/wp\/v2\/pages\/361"}],"wp:attachment":[{"href":"https:\/\/bettstruckparts.com\/es\/wp-json\/wp\/v2\/media?parent=1294"}],"curies":[{"name":"wp","href":"https:\/\/api.w.org\/{rel}","templated":true}]}}