{"id":1200,"date":"2019-03-08T11:42:47","date_gmt":"2019-03-08T19:42:47","guid":{"rendered":"https:\/\/bettstruckparts.com\/?page_id=1200"},"modified":"2025-09-30T05:13:14","modified_gmt":"2025-09-30T13:13:14","slug":"fontana-ca","status":"publish","type":"page","link":"https:\/\/bettstruckparts.com\/es\/truck-repair\/hydraulic-hose-repair-service\/fontana-ca\/","title":{"rendered":"Servicio de mangueras hidr\u00e1ulicas: Fontana, CA"},"content":{"rendered":"<div class=\"wpb-content-wrapper\"><div data-vc-full-width=\"true\" data-vc-full-width-temp=\"true\" data-vc-full-width-init=\"false\" data-vc-stretch-content=\"true\" class=\"vc_row wpb_row vc_row-fluid vc_row-no-padding\"><div class=\"wpb_column vc_column_container vc_col-sm-12 vc_col-has-fill\"><div class=\"vc_column-inner vc_custom_1515646466870\"><div class=\"wpb_wrapper\">\n\t<div class=\"wpb_text_column wpb_content_element  white shadow\" >\n\t\t<div class=\"wpb_wrapper\">\n\t\t\t<h1 style=\"text-align: center;\">Servicio y reemplazo de mangueras hidr\u00e1ulicas: Fontana, CA<\/h1>\n\n\t\t<\/div>\n\t<\/div>\n<\/div><\/div><\/div><\/div><div class=\"vc_row-full-width vc_clearfix\"><\/div><div class=\"vc_row wpb_row vc_row-fluid vc_custom_1516047752276 vc_row-has-fill vc_row-o-equal-height vc_row-flex\"><div class=\"wpb_column vc_column_container vc_col-sm-3 vc_col-has-fill\"><div class=\"vc_column-inner vc_custom_1510682040425\"><div class=\"wpb_wrapper\"><div  class=\"wpb_widgetised_column wpb_content_element sidebar-content\">\n\t\t<div class=\"wpb_wrapper\">\n\t\t\t\n\t\t\t<section id=\"nav_menu-4\" class=\"widget widget_nav_menu\"><div class=\"widget-title\">Reparaci\u00f3n de camiones<\/div><div class=\"menu-truck-repair-container\"><ul id=\"menu-truck-repair\" class=\"menu\"><li id=\"menu-item-341\" class=\"menu-item menu-item-type-post_type menu-item-object-page menu-item-341\"><a href=\"https:\/\/bettstruckparts.com\/es\/truck-repair\/air-ride-control\/\">Control de la suspensi\u00f3n neum\u00e1tica<\/a><\/li>\n<li id=\"menu-item-382\" class=\"menu-item menu-item-type-post_type menu-item-object-page menu-item-382\"><a href=\"https:\/\/bettstruckparts.com\/es\/truck-repair\/truck-wheel-alignments\/\">Servicio de alineaci\u00f3n de ruedas<\/a><\/li>\n<li id=\"menu-item-381\" class=\"menu-item menu-item-type-post_type menu-item-object-page menu-item-381\"><a href=\"https:\/\/bettstruckparts.com\/es\/truck-repair\/auxiliary-power\/\">Alimentaci\u00f3n auxiliar<\/a><\/li>\n<li id=\"menu-item-380\" class=\"menu-item menu-item-type-post_type menu-item-object-page menu-item-380\"><a href=\"https:\/\/bettstruckparts.com\/es\/truck-repair\/brake-services\/\">Servicios de reparaci\u00f3n de frenos<\/a><\/li>\n<li id=\"menu-item-390\" class=\"menu-item menu-item-type-post_type menu-item-object-page menu-item-390\"><a href=\"https:\/\/bettstruckparts.com\/es\/truck-repair\/custom-u-bolts\/\">Pernos en U a medida<\/a><\/li>\n<li id=\"menu-item-389\" class=\"menu-item menu-item-type-post_type menu-item-object-page menu-item-389\"><a href=\"https:\/\/bettstruckparts.com\/es\/truck-repair\/dot-inspection\/\">Inspecci\u00f3n DOT<\/a><\/li>\n<li id=\"menu-item-388\" class=\"menu-item menu-item-type-post_type menu-item-object-page menu-item-388\"><a href=\"https:\/\/bettstruckparts.com\/es\/truck-repair\/drivetrain-repair\/\">Servicios de reparaci\u00f3n de trenes de transmisi\u00f3n<\/a><\/li>\n<li id=\"menu-item-387\" class=\"menu-item menu-item-type-post_type menu-item-object-page menu-item-387\"><a href=\"https:\/\/bettstruckparts.com\/es\/truck-repair\/electrical-repair\/\">Reparaci\u00f3n el\u00e9ctrica<\/a><\/li>\n<li id=\"menu-item-386\" class=\"menu-item menu-item-type-post_type menu-item-object-page menu-item-386\"><a href=\"https:\/\/bettstruckparts.com\/es\/truck-repair\/leaf-spring-repair\/\">Reparaci\u00f3n de ballestas<\/a><\/li>\n<li id=\"menu-item-385\" class=\"menu-item menu-item-type-post_type menu-item-object-page menu-item-385\"><a href=\"https:\/\/bettstruckparts.com\/es\/truck-repair\/steering-repair\/\">Reparaci\u00f3n de la direcci\u00f3n<\/a><\/li>\n<li id=\"menu-item-384\" class=\"menu-item menu-item-type-post_type menu-item-object-page menu-item-384\"><a href=\"https:\/\/bettstruckparts.com\/es\/truck-repair\/suspension-services\/\">Servicios de suspensi\u00f3n<\/a><\/li>\n<li id=\"menu-item-383\" class=\"menu-item menu-item-type-post_type menu-item-object-page menu-item-383\"><a href=\"https:\/\/bettstruckparts.com\/es\/truck-repair\/truck-axle-repair\/\">Reparaci\u00f3n de ejes de camiones<\/a><\/li>\n<\/ul><\/div><\/section>\n\t\t<\/div>\n\t<\/div>\n<\/div><\/div><\/div><div class=\"wpb_column vc_column_container vc_col-sm-9\"><div class=\"vc_column-inner vc_custom_1510682076814\"><div class=\"wpb_wrapper\"><div class=\"vc_row wpb_row vc_inner vc_row-fluid\"><div class=\"wpb_column vc_column_container vc_col-sm-12\"><div class=\"vc_column-inner vc_custom_1486667994280\"><div class=\"wpb_wrapper\">\n\t<div class=\"wpb_text_column wpb_content_element  vc_custom_1664990201757\" >\n\t\t<div class=\"wpb_wrapper\">\n\t\t\t<h2><a href=\"https:\/\/bettstruckparts.com\/es\/contacto\/\"><img decoding=\"async\" class=\"alignright wp-image-1132\" src=\"https:\/\/bettstruckparts.com\/wp-content\/uploads\/2018\/07\/Schedule-An-Appointment.jpg\" alt=\"Programe una cita con Betts Fontana, CA\" width=\"300\" height=\"88\" srcset=\"https:\/\/bettstruckparts.com\/wp-content\/uploads\/2018\/07\/Schedule-An-Appointment.jpg 434w, https:\/\/bettstruckparts.com\/wp-content\/uploads\/2018\/07\/Schedule-An-Appointment-300x88.jpg 300w\" sizes=\"(max-width: 300px) 100vw, 300px\" \/><\/a><\/h2>\n<h2>Servicio y reemplazo de mangueras hidr\u00e1ulicas: Fontana, CA<\/h2>\n<p>Betts Truck Parts &amp; Service es el l\u00edder en <a href=\"https:\/\/bettstruckparts.com\/es\/reparacion-de-camiones\/mangueras-hidraulicas\/\">servicios de mangueras hidr\u00e1ulicas para semirremolques<\/a> en el \u00e1rea de Fontana, California. Proporcionamos el reemplazo hidr\u00e1ulico completo de la manguera y el servicio hidr\u00e1ulico del sistema para todas las marcas y modelos, incluyendo semirremolques, camiones comerciales, y camiones medios y pesados.<\/p>\n<p><strong><a href=\"https:\/\/bettstruckparts.com\/es\/contacto\/\">Solicitar una cita<\/a><\/strong>\u00a0para el servicio de mangueras hidr\u00e1ulicas en la zona de Fontana, o <strong><a href=\"https:\/\/bettstruckparts.com\/es\/contacto\/\">Contacto<\/a><\/strong>\u00a0para saber m\u00e1s.<\/p>\n<h2>Experimente lo mejor con Betts<\/h2>\n<p>\u00a1Nadie hace mejor el servicio de mangueras hidr\u00e1ulicas que Betts! Cuando traiga su cami\u00f3n a Betts, disfrutar\u00e1 de los siguientes beneficios y mucho m\u00e1s:<\/p>\n<ul>\n<li><strong>M\u00e1s de 30 a\u00f1os de experiencia: <\/strong>Llevamos m\u00e1s de 30 a\u00f1os ofreciendo soluciones hidr\u00e1ulicas para camiones medianos y pesados. Tenemos los conocimientos necesarios para diagnosticar y solucionar su problema de forma r\u00e1pida y eficaz para que pueda volver a la carretera lo antes posible.<\/li>\n<li><strong>Ubicaciones convenientes: <\/strong>Con ocho centros de servicio hidr\u00e1ulico en California, Oreg\u00f3n y Arizona, los conductores de toda la costa oeste y m\u00e1s all\u00e1 conf\u00edan en Betts. Si nuestra ubicaci\u00f3n de Fontana est\u00e1 fuera de su alcance, por favor visite uno de nuestros otros <a href=\"https:\/\/bettstruckparts.com\/es\/lugares\/\">centros de servicio<\/a>.<\/li>\n<li><strong>Las mejores partes:<\/strong> Tenemos productos de primera calidad <u>Mangueras hidr\u00e1ulicas Gates<\/u>y accesorios, incluidos racores DIN y BSP. Nuestros expertos tambi\u00e9n pueden fabricar a medida racores de alta presi\u00f3n C61 y C62 para su sistema hidr\u00e1ulico.<\/li>\n<\/ul>\n<h3>Programe su cita con nuestro taller de Fontana, CA<\/h3>\n<p><a href=\"https:\/\/bettstruckparts.com\/es\/contacto\/\">P\u00f3ngase en contacto con nosotros<\/a> para obtener m\u00e1s informaci\u00f3n sobre el servicio y la sustituci\u00f3n de su manguera hidr\u00e1ulica o programe su servicio a continuaci\u00f3n. Si nuestro <a href=\"https:\/\/bettstruckparts.com\/es\/lugares\/fontana\/\">Ubicaci\u00f3n de Fontana<\/a> est\u00e1 fuera de su zona, visite uno de nuestros otros <a href=\"https:\/\/bettstruckparts.com\/es\/lugares\/\">centros de servicio<\/a>.<\/p>\n\n\t\t<\/div>\n\t<\/div>\n<div class=\"ubtn-ctn-center\"><a class=\"ubtn-link ult-adjust-bottom-margin ubtn-center ubtn-normal\" href=\"\/es\/contact\/\" ><button type=\"button\" id=\"ubtn-1905\"  class=\"ubtn ult-adjust-bottom-margin ult-responsive ubtn-normal ubtn-fade-bg  none  ubtn-center   tooltip-69f54cf3cc17e\"  data-hover=\"#ffffff\" data-border-color=\"#ad172b\" data-bg=\"rgba(255,255,255,0.01)\" data-hover-bg=\"#ad172b\" data-border-hover=\"#ffffff\" data-shadow-hover=\"\" data-shadow-click=\"none\" data-shadow=\"\" data-shd-shadow=\"\"  data-ultimate-target='#ubtn-1905'  data-responsive-json-new='{\"font-size\":\"desktop:16px;\",\"line-height\":\"\"}'  style=\"font-weight:bold;border-radius:15px;border-width:2px;border-color:#ad172b;border-style:solid;background: rgba(255,255,255,0.01);color: #ad172b;\"><span class=\"ubtn-hover\" style=\"background-color:#ad172b\"><\/span><span class=\"ubtn-data ubtn-text\" >Concertar una cita<\/span><\/button><\/a><\/div><\/div><\/div><\/div><\/div><\/div><\/div><\/div><\/div><div class=\"vc_row wpb_row vc_row-fluid\"><div class=\"wpb_column vc_column_container vc_col-sm-12\"><div class=\"vc_column-inner\"><div class=\"wpb_wrapper\"><\/div><\/div><\/div><\/div>\n<\/div>","protected":false},"excerpt":{"rendered":"<p>Hydraulic Hose Service &amp; Replacement: Fontana, CA Truck RepairAir Ride Control Wheel Alignment Service Auxiliary Power Brake Repair Services Custom U-Bolts DOT Inspection Drivetrain Repair Services Electrical Repair Leaf Spring Repair Steering Repair Suspension Services Truck Axle Repair Hydraulic Hose Service &amp; Replacement: Fontana, CA Betts Truck Parts &amp; Service is the leader in semi&hellip;<\/p>","protected":false},"author":4,"featured_media":0,"parent":1197,"menu_order":0,"comment_status":"closed","ping_status":"closed","template":"template-microsite.php","meta":{"footnotes":""},"class_list":["post-1200","page","type-page","status-publish","hentry","description-off"],"_links":{"self":[{"href":"https:\/\/bettstruckparts.com\/es\/wp-json\/wp\/v2\/pages\/1200","targetHints":{"allow":["GET"]}}],"collection":[{"href":"https:\/\/bettstruckparts.com\/es\/wp-json\/wp\/v2\/pages"}],"about":[{"href":"https:\/\/bettstruckparts.com\/es\/wp-json\/wp\/v2\/types\/page"}],"author":[{"embeddable":true,"href":"https:\/\/bettstruckparts.com\/es\/wp-json\/wp\/v2\/users\/4"}],"replies":[{"embeddable":true,"href":"https:\/\/bettstruckparts.com\/es\/wp-json\/wp\/v2\/comments?post=1200"}],"version-history":[{"count":0,"href":"https:\/\/bettstruckparts.com\/es\/wp-json\/wp\/v2\/pages\/1200\/revisions"}],"up":[{"embeddable":true,"href":"https:\/\/bettstruckparts.com\/es\/wp-json\/wp\/v2\/pages\/1197"}],"wp:attachment":[{"href":"https:\/\/bettstruckparts.com\/es\/wp-json\/wp\/v2\/media?parent=1200"}],"curies":[{"name":"wp","href":"https:\/\/api.w.org\/{rel}","templated":true}]}}