{"id":1197,"date":"2019-03-08T09:48:53","date_gmt":"2019-03-08T17:48:53","guid":{"rendered":"https:\/\/bettstruckparts.com\/?page_id=1197"},"modified":"2025-07-08T15:59:42","modified_gmt":"2025-07-08T23:59:42","slug":"servicio-de-reparacion-de-mangueras-hidraulicas","status":"publish","type":"page","link":"https:\/\/bettstruckparts.com\/es\/truck-repair\/hydraulic-hose-repair-service\/","title":{"rendered":"Servicio de reparaci\u00f3n de mangueras hidr\u00e1ulicas"},"content":{"rendered":"<div class=\"wpb-content-wrapper\"><div class=\"vc_row wpb_row vc_row-fluid vc_custom_1516046620038 vc_row-has-fill vc_row-o-equal-height vc_row-flex\"><div class=\"wpb_column vc_column_container vc_col-sm-12\"><div class=\"vc_column-inner vc_custom_1510682076814\"><div class=\"wpb_wrapper\"><div class=\"vc_row wpb_row vc_inner vc_row-fluid\"><div class=\"wpb_column vc_column_container vc_col-sm-12\"><div class=\"vc_column-inner vc_custom_1515188504126\"><div class=\"wpb_wrapper\">\n\t<div class=\"wpb_text_column wpb_content_element\" >\n\t\t<div class=\"wpb_wrapper\">\n\t\t\t<h1 style=\"text-align: center;\">Reparaci\u00f3n y sustituci\u00f3n de mangueras hidr\u00e1ulicas<\/h1>\n\n\t\t<\/div>\n\t<\/div>\n<div class=\"ubtn-ctn-center\"><a class=\"ubtn-link ult-adjust-bottom-margin ubtn-center ubtn-normal\" href=\"\/es\/contact\/\" ><button type=\"button\" id=\"ubtn-2020\"  class=\"ubtn ult-adjust-bottom-margin ult-responsive ubtn-normal ubtn-fade-bg  none  ubtn-center   tooltip-69e7c7c2be251\"  data-hover=\"#ffffff\" data-border-color=\"#ad172b\" data-bg=\"rgba(255,255,255,0.01)\" data-hover-bg=\"#ad172b\" data-border-hover=\"#ffffff\" data-shadow-hover=\"\" data-shadow-click=\"none\" data-shadow=\"\" data-shd-shadow=\"\"  data-ultimate-target='#ubtn-2020'  data-responsive-json-new='{\"font-size\":\"desktop:16px;\",\"line-height\":\"\"}'  style=\"font-weight:bold;border-radius:15px;border-width:2px;border-color:#ad172b;border-style:solid;background: rgba(255,255,255,0.01);color: #ad172b;\"><span class=\"ubtn-hover\" style=\"background-color:#ad172b\"><\/span><span class=\"ubtn-data ubtn-text\" >Concertar una cita<\/span><\/button><\/a><\/div>\n\t<div class=\"wpb_text_column wpb_content_element  vc_custom_1752006566438\" >\n\t\t<div class=\"wpb_wrapper\">\n\t\t\t<div class=\"row hidden-md hidden-lg\">\n<div class=\"col-xs-12 col-sm-12 col-md-8 col-lg-8\">\n<h2>Servicio de reparaci\u00f3n de mangueras hidr\u00e1ulicas para camiones, remolques y veh\u00edculos pesados<\/h2>\n<\/div>\n<\/div>\n<p>Betts Truck Parts &amp; Service ofrece un servicio completo de mantenimiento y sustituci\u00f3n de mangueras hidr\u00e1ulicas para conductores y flotas de la Costa Oeste. <strong><a href=\"https:\/\/bettstruckparts.com\/es\/contacto\/\">Solicitar una cita<\/a><\/strong> para el servicio de mangueras hidr\u00e1ulicas de su cami\u00f3n o remolque, o <strong><a href=\"https:\/\/bettstruckparts.com\/es\/contacto\/\">Contacto<\/a><\/strong> para saber m\u00e1s.<\/p>\n<h3>Ocho puntos de servicio para mangueras hidr\u00e1ulicas<\/h3>\n<p>Con <a href=\"https:\/\/bettstruckparts.com\/es\/lugares\/\">ocho centros en California, Oreg\u00f3n y Arizona que ofrecen servicio y sustituci\u00f3n de mangueras hidr\u00e1ulicas<\/a>Betts Truck Parts &amp; Service nunca est\u00e1 lejos. Nuestras instalaciones de Fresno, Manteca, Sacramento y San Leandro ofrecen capacidades de fabricaci\u00f3n de mangueras para ofrecerle mangueras hidr\u00e1ulicas nuevas y personalizadas que se ajustan a su cami\u00f3n como un guante. Tambi\u00e9n podemos fabricar accesorios C61 y C62 a medida para sus tuber\u00edas y mangueras hidr\u00e1ulicas de alta presi\u00f3n.<\/p>\n<p>Si su cami\u00f3n o remolque necesita servicio y\/o sustituci\u00f3n de mangueras hidr\u00e1ulicas, <strong><a href=\"https:\/\/bettstruckparts.com\/es\/contacto\/\">solicitar una cita<\/a><\/strong><strong> en uno de nuestros centros de reparaci\u00f3n hoy mismo.<\/strong><\/p>\n<ul>\n<li><a href=\"https:\/\/bettstruckparts.com\/es\/reparacion-de-camiones\/servicio-de-reparacion-de-mangueras-hidraulicas\/fontana-ca\/\">Fontana, CA<\/a><\/li>\n<li><a href=\"https:\/\/bettstruckparts.com\/es\/reparacion-de-camiones\/servicio-de-reparacion-de-mangueras-hidraulicas\/fresno-ca\/\">Fresno, CA<\/a><\/li>\n<li><a href=\"https:\/\/bettstruckparts.com\/es\/reparacion-de-camiones\/servicio-de-reparacion-de-mangueras-hidraulicas\/sacramento-ca\/\">Sacramento, CA<\/a><\/li>\n<li><a href=\"https:\/\/bettstruckparts.com\/es\/reparacion-de-camiones\/servicio-de-reparacion-de-mangueras-hidraulicas\/san-leandro-ca\/\">San Leandro, CA<\/a><\/li>\n<li><a href=\"https:\/\/bettstruckparts.com\/es\/reparacion-de-camiones\/servicio-de-reparacion-de-mangueras-hidraulicas\/santa-fe-springs-ca\/\">Santa Fe Springs, CA<\/a><\/li>\n<li><a href=\"https:\/\/bettstruckparts.com\/es\/reparacion-de-camiones\/servicio-de-reparacion-de-mangueras-hidraulicas\/phoenix-az\/\">Phoenix, AZ<\/a><\/li>\n<li><a href=\"https:\/\/bettstruckparts.com\/es\/reparacion-de-camiones\/servicio-de-reparacion-de-mangueras-hidraulicas\/portland-o\/\">Portland, OR<\/a><\/li>\n<li><a href=\"https:\/\/bettstruckparts.com\/es\/lugares\/valle-del-sol\/\">Sun Valley, CA<\/a><\/li>\n<\/ul>\n<p><img decoding=\"async\" class=\"size-medium wp-image-3209 alignleft\" src=\"https:\/\/bettstruckparts.com\/wp-content\/uploads\/2025\/07\/hydraulic-hose-repair-300x300.png\" alt=\"reparaci\u00f3n de mangueras hidr\u00e1ulicas\" width=\"300\" height=\"300\" srcset=\"https:\/\/bettstruckparts.com\/wp-content\/uploads\/2025\/07\/hydraulic-hose-repair-300x300.png 300w, https:\/\/bettstruckparts.com\/wp-content\/uploads\/2025\/07\/hydraulic-hose-repair-150x150.png 150w, https:\/\/bettstruckparts.com\/wp-content\/uploads\/2025\/07\/hydraulic-hose-repair-768x768.png 768w, https:\/\/bettstruckparts.com\/wp-content\/uploads\/2025\/07\/hydraulic-hose-repair-12x12.png 12w, https:\/\/bettstruckparts.com\/wp-content\/uploads\/2025\/07\/hydraulic-hose-repair.png 1024w\" sizes=\"(max-width: 300px) 100vw, 300px\" \/><\/p>\n<h3>\u00bfPor qu\u00e9 elegir Betts para la reparaci\u00f3n y sustituci\u00f3n de mangueras hidr\u00e1ulicas?<\/h3>\n<p>Betts Truck Parts &amp; Service tiene m\u00e1s de tres d\u00e9cadas de experiencia en el mantenimiento, servicio y reparaci\u00f3n de camiones y remolques. Nos enorgullecemos de ofrecer el mejor servicio al cliente en nuestra industria, y nos esforzamos constantemente para proporcionar un mantenimiento y reemplazo de mangueras hidr\u00e1ulicas r\u00e1pido y eficiente. Desde nuestras ocho sedes en la costa oeste, prestamos servicio a flotas y O\/O nacionales y regionales, y trabajamos con camiones y remolques de todas las marcas y modelos. \u00a1Nadie lo hace mejor que Betts!<\/p>\n<h3>Experimente lo mejor con Betts<\/h3>\n<p>Betts Truck Parts &amp; Service forma parte de Betts Company, fundada en San Francisco en 1868 como fabricante de muelles para tranv\u00edas, carruajes y vagones. Casi un siglo y medio despu\u00e9s, Betts Truck Parts &amp; Service ofrece <a href=\"https:\/\/bettstruckparts.com\/es\/piezas\/\">piezas de recambio<\/a> y completa <a href=\"https:\/\/bettstruckparts.com\/es\/reparacion-de-camiones\/\">servicios de reparaci\u00f3n y mantenimiento<\/a> para camiones y remolques. Hacemos todo lo que est\u00e1 en nuestra mano para garantizar que nuestros clientes reciban las mejores piezas y el mejor servicio posibles.<\/p>\n<p>Betts Truck Parts &amp; Service es la fuente #1 de piezas, servicio y mantenimiento de camiones y remolques de primera calidad en la Costa Oeste. <strong><a href=\"https:\/\/bettstruckparts.com\/es\/contacto\/\">Solicitar una cita<\/a> <\/strong><strong>para el servicio de mangueras hidr\u00e1ulicas, o <a href=\"https:\/\/bettstruckparts.com\/es\/contacto\/\">Contacto<\/a> para m\u00e1s informaci\u00f3n.<\/strong><\/p>\n\n\t\t<\/div>\n\t<\/div>\n<div class=\"ubtn-ctn-center\"><a class=\"ubtn-link ult-adjust-bottom-margin ubtn-center ubtn-normal\" href=\"\/es\/contact\/\" ><button type=\"button\" id=\"ubtn-1709\"  class=\"ubtn ult-adjust-bottom-margin ult-responsive ubtn-normal ubtn-fade-bg  none  ubtn-center   tooltip-69e7c7c2be3a7\"  data-hover=\"#ffffff\" data-border-color=\"#ad172b\" data-bg=\"rgba(255,255,255,0.01)\" data-hover-bg=\"#ad172b\" data-border-hover=\"#ffffff\" data-shadow-hover=\"\" data-shadow-click=\"none\" data-shadow=\"\" data-shd-shadow=\"\"  data-ultimate-target='#ubtn-1709'  data-responsive-json-new='{\"font-size\":\"desktop:16px;\",\"line-height\":\"\"}'  style=\"font-weight:bold;border-radius:15px;border-width:2px;border-color:#ad172b;border-style:solid;background: rgba(255,255,255,0.01);color: #ad172b;\"><span class=\"ubtn-hover\" style=\"background-color:#ad172b\"><\/span><span class=\"ubtn-data ubtn-text\" >Concertar una cita<\/span><\/button><\/a><\/div><\/div><\/div><\/div><\/div><\/div><\/div><\/div><\/div>\n<\/div>","protected":false},"excerpt":{"rendered":"<p>Servicio de reparaci\u00f3n y reemplazo de mangueras hidr\u00e1ulicas Programe una cita Servicio de reparaci\u00f3n de mangueras hidr\u00e1ulicas para camiones, remolques y veh\u00edculos pesados Betts Truck Parts &amp; Service ofrece servicio completo y reemplazo de mangueras hidr\u00e1ulicas para conductores y flotas en la costa oeste. Solicite una cita para el servicio de mangueras hidr\u00e1ulicas para su cami\u00f3n o remolque, o p\u00f3ngase en contacto con nosotros ...<\/p>","protected":false},"author":4,"featured_media":48,"parent":335,"menu_order":0,"comment_status":"closed","ping_status":"closed","template":"template-microsite.php","meta":{"footnotes":""},"class_list":["post-1197","page","type-page","status-publish","has-post-thumbnail","hentry","description-off"],"_links":{"self":[{"href":"https:\/\/bettstruckparts.com\/es\/wp-json\/wp\/v2\/pages\/1197","targetHints":{"allow":["GET"]}}],"collection":[{"href":"https:\/\/bettstruckparts.com\/es\/wp-json\/wp\/v2\/pages"}],"about":[{"href":"https:\/\/bettstruckparts.com\/es\/wp-json\/wp\/v2\/types\/page"}],"author":[{"embeddable":true,"href":"https:\/\/bettstruckparts.com\/es\/wp-json\/wp\/v2\/users\/4"}],"replies":[{"embeddable":true,"href":"https:\/\/bettstruckparts.com\/es\/wp-json\/wp\/v2\/comments?post=1197"}],"version-history":[{"count":0,"href":"https:\/\/bettstruckparts.com\/es\/wp-json\/wp\/v2\/pages\/1197\/revisions"}],"up":[{"embeddable":true,"href":"https:\/\/bettstruckparts.com\/es\/wp-json\/wp\/v2\/pages\/335"}],"wp:featuredmedia":[{"embeddable":true,"href":"https:\/\/bettstruckparts.com\/es\/wp-json\/wp\/v2\/media\/48"}],"wp:attachment":[{"href":"https:\/\/bettstruckparts.com\/es\/wp-json\/wp\/v2\/media?parent=1197"}],"curies":[{"name":"wp","href":"https:\/\/api.w.org\/{rel}","templated":true}]}}