{"id":1174,"date":"2018-12-13T14:42:22","date_gmt":"2018-12-13T22:42:22","guid":{"rendered":"https:\/\/bettstruckparts.com\/?page_id=1174"},"modified":"2026-01-16T14:25:14","modified_gmt":"2026-01-16T22:25:14","slug":"san-leandro-ca","status":"publish","type":"page","link":"https:\/\/bettstruckparts.com\/es\/truck-repair\/truck-axle-repair\/san-leandro-ca\/","title":{"rendered":"Reparaci\u00f3n de ejes de camiones - San Leandro, CA"},"content":{"rendered":"<div class=\"wpb-content-wrapper\"><div data-vc-full-width=\"true\" data-vc-full-width-temp=\"true\" data-vc-full-width-init=\"false\" data-vc-stretch-content=\"true\" class=\"vc_row wpb_row vc_row-fluid vc_row-no-padding\"><div class=\"wpb_column vc_column_container vc_col-sm-12 vc_col-has-fill\"><div class=\"vc_column-inner vc_custom_1515646466870\"><div class=\"wpb_wrapper\">\n\t<div class=\"wpb_text_column wpb_content_element  white shadow\" >\n\t\t<div class=\"wpb_wrapper\">\n\t\t\t<h1 style=\"text-align: center;\">Truck Axle Repair San Leandro, CA<\/h1>\n\n\t\t<\/div>\n\t<\/div>\n<\/div><\/div><\/div><\/div><div class=\"vc_row-full-width vc_clearfix\"><\/div><div class=\"vc_row wpb_row vc_row-fluid vc_custom_1768601482122 vc_row-has-fill vc_row-o-equal-height vc_row-flex\"><div class=\"wpb_column vc_column_container vc_col-sm-12\"><div class=\"vc_column-inner vc_custom_1510682076814\"><div class=\"wpb_wrapper\"><div class=\"vc_row wpb_row vc_inner vc_row-fluid vc_custom_1768601461010\"><div class=\"wpb_column vc_column_container vc_col-sm-12\"><div class=\"vc_column-inner vc_custom_1486667994280\"><div class=\"wpb_wrapper\">\n\t<div class=\"wpb_text_column wpb_content_element  vc_custom_1768602010762\" >\n\t\t<div class=\"wpb_wrapper\">\n\t\t\t<h2><img decoding=\"async\" class=\"wp-image-1132 alignleft\" src=\"https:\/\/bettstruckparts.com\/wp-content\/uploads\/2018\/07\/Schedule-An-Appointment.jpg\" alt=\"Programe una cita con Betts Fontana, CA\" width=\"300\" height=\"88\" srcset=\"https:\/\/bettstruckparts.com\/wp-content\/uploads\/2018\/07\/Schedule-An-Appointment.jpg 434w, https:\/\/bettstruckparts.com\/wp-content\/uploads\/2018\/07\/Schedule-An-Appointment-300x88.jpg 300w\" sizes=\"(max-width: 300px) 100vw, 300px\" \/><\/h2>\n<h2><\/h2>\n<p>\u00bfC\u00f3mo s\u00e9 si necesito reparar el eje de un cami\u00f3n?<\/p>\n<p>Algunos signos de problemas en los ejes de los camiones son evidentes, mientras que otros son a veces sutiles. Si alguna vez nota un cambio en la forma de conducir de su veh\u00edculo o escucha ruidos extra\u00f1os mientras conduce, es importante que un taller de reparaci\u00f3n de ejes revise su cami\u00f3n de inmediato. El problema podr\u00eda ser la alineaci\u00f3n o tal vez un eje doblado. En cualquier caso, solucionar el problema lo antes posible evitar\u00e1 problemas en la carretera.<\/p>\n<p>Estos son algunos signos comunes de que podr\u00eda necesitar una reparaci\u00f3n del eje de su cami\u00f3n:<\/p>\n<ul>\n<li>Se oye un fuerte chasquido o ruido met\u00e1lico al tomar una curva. Este problema suele estar causado por un conjunto de eje defectuoso o por juntas de eje de cami\u00f3n sueltas.<\/li>\n<li>Los neum\u00e1ticos de su cami\u00f3n se sienten desiguales o \"se tambalean\" cuando conduce. Estos problemas pueden ser causados por la alineaci\u00f3n o podr\u00edan ser el resultado de un eje doblado.<\/li>\n<li>Hay grasa en el borde exterior del neum\u00e1tico. La presencia de grasa en un neum\u00e1tico es probablemente el resultado de una bota desgastada o rota.<\/li>\n<li>Experimenta una vibraci\u00f3n excesiva a trav\u00e9s del asiento o el volante cuando el veh\u00edculo est\u00e1 en movimiento. Este problema puede deberse a una mala alineaci\u00f3n o a un eje defectuoso.<\/li>\n<\/ul>\n<h3>Prevenci\u00f3n del desgaste de los ejes con mantenimiento y reparaciones peri\u00f3dicas<\/h3>\n<p>Adem\u00e1s de mantener siempre su cami\u00f3n correctamente alineado, usted o su taller de reparaci\u00f3n de ejes de camiones pesados debe realizar inspecciones peri\u00f3dicas de todos los componentes del eje del cami\u00f3n remolque. Todas las inspecciones deben incluir:<\/p>\n<ul>\n<li>Comprobaci\u00f3n de signos de desgaste, decoloraci\u00f3n o agrietamiento en todos los rodamientos y cubos.<\/li>\n<li>Lubricaci\u00f3n de \u00e1rboles de levas y bujes de \u00e1rboles de levas y sustituci\u00f3n de componentes desgastados o da\u00f1ados.<\/li>\n<li>Inspeccionar toda la longitud de la viga del eje del cami\u00f3n en busca de \u00f3xido o evidencia de grietas, dobleces o alabeos.<\/li>\n<\/ul>\n<p>La reparaci\u00f3n de ejes rotos no siempre se puede evitar, pero el mantenimiento regular puede ayudar a prevenir muchos de los problemas que conducen a da\u00f1os extensos. P\u00f3ngase en contacto con nuestro taller de reparaci\u00f3n de ejes San Leandro para programar el servicio o mantenimiento de su veh\u00edculo comercial.<\/p>\n<p>Si no se encuentra en el \u00e1rea de San Leandro, CA, no se preocupe. Tambi\u00e9n tenemos reparaci\u00f3n de ejes de camiones pesados <a href=\"https:\/\/bettstruckparts.com\/es\/lugares\/\">talleres de servicio<\/a> en otros lugares de la Costa Oeste para su comodidad.<\/p>\n<h3>San Leandro, CA Truck Axle Repair Shop Ubicaci\u00f3n y Horas<\/h3>\n<p>950 Doolittle Drive<\/p>\n<p>San Leandro, CA 94577<\/p>\n<p>&nbsp;<\/p>\n<p><strong>Tel\u00e9fono: <\/strong>510.633.4500<\/p>\n<p><strong>Llamada gratuita:<\/strong> 855.906.4801<\/p>\n<p><strong>Fax:<\/strong> 510.633.4505<\/p>\n<p>&nbsp;<\/p>\n<p><strong>Horario:<\/strong><\/p>\n<p>De lunes a viernes: de 8.00 a 17.00 horas<\/p>\n<h2>Reparaci\u00f3n de ejes rotos con los expertos de Betts<\/h2>\n<p>Tanto si necesita reparar un eje roto de su cami\u00f3n comercial como si desea comprar <a href=\"https:\/\/bettstruckparts.com\/es\/piezas\/\">piezas para camiones<\/a> para realizar reparaciones por su cuenta, podemos ayudarle. Betts cuenta con m\u00e1s de 30 a\u00f1os de experiencia en el mantenimiento de ejes de remolques de barcos y veh\u00edculos, incluidos camiones de clase 6, 7 y 8, y s\u00f3lo utilizamos piezas de primera calidad de fabricantes l\u00edderes. Nuestros talleres de reparaci\u00f3n de ejes de la Costa Oeste tienen soluciones para todo, desde <a href=\"https:\/\/bettstruckparts.com\/es\/reparacion-de-camiones\/spring-repair\/\">reparaci\u00f3n de muelles<\/a> a <a href=\"https:\/\/bettstruckparts.com\/es\/reparacion-de-camiones\/servicios-de-frenado\/\">servicios de frenado<\/a> y mucho m\u00e1s.<\/p>\n<h3>P\u00f3ngase en contacto con nuestro taller de reparaci\u00f3n de ejes de San Leandro para programar su servicio<\/h3>\n<p>Nuestro taller de reparaci\u00f3n en San Leandro, California ofrece reparaci\u00f3n de ejes rotos y una gama de otras inspecciones y <a href=\"https:\/\/bettstruckparts.com\/es\/reparacion-de-camiones\/\">servicios de mantenimiento<\/a> para una gama de veh\u00edculos comerciales. \u00a1Programe una cita con nuestro taller de reparaci\u00f3n de ejes San Leandro, CA hoy!<\/p>\n\n\t\t<\/div>\n\t<\/div>\n<div class=\"ubtn-ctn-center\"><a class=\"ubtn-link ult-adjust-bottom-margin ubtn-center ubtn-normal\" href=\"\/es\/contact\/\" ><button type=\"button\" id=\"ubtn-4257\"  class=\"ubtn ult-adjust-bottom-margin ult-responsive ubtn-normal ubtn-fade-bg  none  ubtn-center   tooltip-69ee1903c040c\"  data-hover=\"#ffffff\" data-border-color=\"#ad172b\" data-bg=\"rgba(255,255,255,0.01)\" data-hover-bg=\"#ad172b\" data-border-hover=\"#ffffff\" data-shadow-hover=\"\" data-shadow-click=\"none\" data-shadow=\"\" data-shd-shadow=\"\"  data-ultimate-target='#ubtn-4257'  data-responsive-json-new='{\"font-size\":\"desktop:16px;\",\"line-height\":\"\"}'  style=\"font-weight:bold;border-radius:15px;border-width:2px;border-color:#ad172b;border-style:solid;background: rgba(255,255,255,0.01);color: #ad172b;\"><span class=\"ubtn-hover\" style=\"background-color:#ad172b\"><\/span><span class=\"ubtn-data ubtn-text\" >Concertar una cita<\/span><\/button><\/a><\/div><\/div><\/div><\/div><\/div><\/div><\/div><\/div><\/div><div class=\"vc_row wpb_row vc_row-fluid\"><div class=\"wpb_column vc_column_container vc_col-sm-12\"><div class=\"vc_column-inner\"><div class=\"wpb_wrapper\"><\/div><\/div><\/div><\/div>\n<\/div>","protected":false},"excerpt":{"rendered":"<p>Truck Axle Repair San Leandro, CA How Do I Know If I Need Truck Axle Repair? Some signs of truck axle issues are noticeable, while others are sometimes subtle. If you ever notice a change in the way your vehicle drives or hear strange noises while driving, it is important to have an axle repair&hellip;<\/p>","protected":false},"author":4,"featured_media":0,"parent":365,"menu_order":0,"comment_status":"closed","ping_status":"closed","template":"template-microsite.php","meta":{"footnotes":""},"class_list":["post-1174","page","type-page","status-publish","hentry","description-off"],"_links":{"self":[{"href":"https:\/\/bettstruckparts.com\/es\/wp-json\/wp\/v2\/pages\/1174","targetHints":{"allow":["GET"]}}],"collection":[{"href":"https:\/\/bettstruckparts.com\/es\/wp-json\/wp\/v2\/pages"}],"about":[{"href":"https:\/\/bettstruckparts.com\/es\/wp-json\/wp\/v2\/types\/page"}],"author":[{"embeddable":true,"href":"https:\/\/bettstruckparts.com\/es\/wp-json\/wp\/v2\/users\/4"}],"replies":[{"embeddable":true,"href":"https:\/\/bettstruckparts.com\/es\/wp-json\/wp\/v2\/comments?post=1174"}],"version-history":[{"count":0,"href":"https:\/\/bettstruckparts.com\/es\/wp-json\/wp\/v2\/pages\/1174\/revisions"}],"up":[{"embeddable":true,"href":"https:\/\/bettstruckparts.com\/es\/wp-json\/wp\/v2\/pages\/365"}],"wp:attachment":[{"href":"https:\/\/bettstruckparts.com\/es\/wp-json\/wp\/v2\/media?parent=1174"}],"curies":[{"name":"wp","href":"https:\/\/api.w.org\/{rel}","templated":true}]}}