{"id":1173,"date":"2018-12-13T14:38:52","date_gmt":"2018-12-13T22:38:52","guid":{"rendered":"https:\/\/bettstruckparts.com\/?page_id=1173"},"modified":"2025-09-19T10:08:31","modified_gmt":"2025-09-19T18:08:31","slug":"sacramento-ca","status":"publish","type":"page","link":"https:\/\/bettstruckparts.com\/es\/truck-repair\/truck-axle-repair\/sacramento-ca\/","title":{"rendered":"Reparaci\u00f3n de ejes de camiones - Sacramento, CA"},"content":{"rendered":"<div class=\"wpb-content-wrapper\"><div class=\"vc_row wpb_row vc_row-fluid vc_custom_1758304561152 vc_row-has-fill vc_row-o-equal-height vc_row-flex\"><div class=\"wpb_column vc_column_container vc_col-sm-12\"><div class=\"vc_column-inner vc_custom_1510682076814\"><div class=\"wpb_wrapper\"><div class=\"vc_row wpb_row vc_inner vc_row-fluid\"><div class=\"wpb_column vc_column_container vc_col-sm-12\"><div class=\"vc_column-inner vc_custom_1486667994280\"><div class=\"wpb_wrapper\">\n\t<div class=\"wpb_text_column wpb_content_element\" >\n\t\t<div class=\"wpb_wrapper\">\n\t\t\t<h1 style=\"text-align: center;\">Reparaci\u00f3n de ejes de camiones | Sacramento, CA<\/h1>\n\n\t\t<\/div>\n\t<\/div>\n<div class=\"ubtn-ctn-center\"><a class=\"ubtn-link ult-adjust-bottom-margin ubtn-center ubtn-normal\" href=\"\/es\/contact\/\" ><button type=\"button\" id=\"ubtn-6087\"  class=\"ubtn ult-adjust-bottom-margin ult-responsive ubtn-normal ubtn-fade-bg  none  ubtn-center   tooltip-69e03eb93f7db\"  data-hover=\"#ffffff\" data-border-color=\"#ad172b\" data-bg=\"rgba(255,255,255,0.01)\" data-hover-bg=\"#ad172b\" data-border-hover=\"#ffffff\" data-shadow-hover=\"\" data-shadow-click=\"none\" data-shadow=\"\" data-shd-shadow=\"\"  data-ultimate-target='#ubtn-6087'  data-responsive-json-new='{\"font-size\":\"desktop:16px;\",\"line-height\":\"\"}'  style=\"font-weight:bold;border-radius:15px;border-width:2px;border-color:#ad172b;border-style:solid;background: rgba(255,255,255,0.01);color: #ad172b;\"><span class=\"ubtn-hover\" style=\"background-color:#ad172b\"><\/span><span class=\"ubtn-data ubtn-text\" >Concertar una cita<\/span><\/button><\/a><\/div>\n\t<div class=\"wpb_text_column wpb_content_element  vc_custom_1758305307318\" >\n\t\t<div class=\"wpb_wrapper\">\n\t\t\t<h2>Reparaci\u00f3n de ejes de camiones Sacramento: Signos y s\u00edntomas de desgaste del eje<\/h2>\n<p>Los ejes pueden desgastarse con el tiempo, sobre todo si transporta muchas cargas pesadas o si su veh\u00edculo pasa mucho tiempo en la carretera. Las condiciones de la carretera, como carreteras irregulares o baches, tambi\u00e9n pueden provocar <a href=\"https:\/\/bettstruckparts.com\/es\/reparacion-de-camiones\/alineacion\/\">alineaci\u00f3n<\/a> problemas y desgaste o incluso peor, un eje roto. Estos son algunos de los signos comunes de que es hora de programar el servicio en su taller de reparaci\u00f3n de ejes m\u00e1s cercano en California:<\/p>\n<ul>\n<li>Sensaci\u00f3n de vibraci\u00f3n excesiva a trav\u00e9s del volante o el asiento.<\/li>\n<li>Notar un desgaste irregular en uno o varios neum\u00e1ticos.<\/li>\n<li>O\u00edr un ruido met\u00e1lico o un chasquido al conducir o girar.<\/li>\n<li>Descubrimiento de grasa procedente de fugas en las juntas de los ejes en la llanta exterior de los neum\u00e1ticos<\/li>\n<\/ul>\n<h2>La importancia de inspeccionar y mantener los ejes de su cami\u00f3n y remolque<\/h2>\n<p>Realizar inspecciones y mantenimiento regulares puede ayudar a prevenir el desgaste prematuro que conduce a la reparaci\u00f3n de ejes rotos. P\u00f3ngase en contacto con un taller de reparaci\u00f3n de ejes para programar el mantenimiento preventivo o realice una inspecci\u00f3n visual por su cuenta antes de emprender un viaje largo. La inspecci\u00f3n y el mantenimiento del eje de su cami\u00f3n deben incluir, como m\u00ednimo, lo siguiente:<\/p>\n<ul>\n<li>Inspeccionar las fijaciones y sustituir las que est\u00e9n desgastadas, agrietadas o corro\u00eddas.<\/li>\n<li>Mantener los bujes y cojinetes limpios y lubricados y sustituir los componentes que est\u00e9n descoloridos, desgastados o agrietados.<\/li>\n<li>Observar si hay signos de desgaste en el \u00e1rbol de levas y en los bujes del \u00e1rbol de levas y sustituirlos si es necesario.<\/li>\n<li>Inspecci\u00f3n de todas las vigas de los ejes para detectar grietas, alabeos, dobleces y corrosi\u00f3n.<\/li>\n<li>Sustituci\u00f3n de husillos agrietados, oxidados o picados<\/li>\n<\/ul>\n<p>Nuestro taller de reparaci\u00f3n de ejes Sacramento puede realizar los servicios mencionados anteriormente y mucho m\u00e1s. \u00bfNo se encuentra en el \u00e1rea de Sacramento, CA?  Tambi\u00e9n ofrecemos reparaci\u00f3n e inspecci\u00f3n de ejes de camiones pesados en \u00a0<a href=\"https:\/\/bettstruckparts.com\/es\/lugares\/\">talleres de servicio<\/a> en otras localidades de la Costa Oeste.<\/p>\n<h3>Sacramento, CA Axle Repair Shop Ubicaci\u00f3n y Horas<\/h3>\n<p>1121 Striker Ave.<br \/>\nSacramento, CA 95834<\/p>\n<p><strong>Tel\u00e9fono:<\/strong> 916.928.3818<\/p>\n<p><strong>Llamada gratuita:<\/strong> 855.999.7085<\/p>\n<p><a title=\"Visite la p\u00e1gina de la sucursal de Betts en Sacramento\" href=\"https:\/\/bettstruckparts.com\/es\/lugares\/sacramento\/\"><b>Visite la p\u00e1gina de la sucursal de Betts en Sacramento<\/b><\/a><\/p>\n<h2>Reparaci\u00f3n r\u00e1pida y fiable de ejes de camiones pesados<\/h2>\n<p>Betts tiene m\u00e1s de 30 a\u00f1os de experiencia en el servicio de veh\u00edculos comerciales en Sacramento y a lo largo de la Costa Oeste. Nuestro taller de reparaci\u00f3n de camiones pesados ofrece reparaci\u00f3n de ejes rotos, <a href=\"https:\/\/bettstruckparts.com\/es\/reparacion-de-camiones\/spring-repair\/\">reparaci\u00f3n de muelles<\/a> y una gama de otros servicios de mantenimiento para mantener su cami\u00f3n o remolque en \u00f3ptimas condiciones de funcionamiento. Tambi\u00e9n vendemos <a href=\"https:\/\/bettstruckparts.com\/es\/piezas\/\">piezas para camiones<\/a> incluida la iluminaci\u00f3n, los accesorios, las herramientas y los componentes.<\/p>\n<h3>Programe su servicio con nuestro taller de reparaci\u00f3n de ejes Sacramento<\/h3>\n<p><a href=\"https:\/\/bettstruckparts.com\/es\/sacramento\/\">Contacte con nuestro taller de Sacramento<\/a> hoy para programar su reparaci\u00f3n de eje roto o para aprender m\u00e1s acerca de nuestros otros servicios de reparaci\u00f3n y mantenimiento de camiones y veh\u00edculos comerciales.<\/p>\n\n\t\t<\/div>\n\t<\/div>\n<div class=\"ubtn-ctn-center\"><a class=\"ubtn-link ult-adjust-bottom-margin ubtn-center ubtn-normal\" href=\"\/es\/contact\/\" ><button type=\"button\" id=\"ubtn-9876\"  class=\"ubtn ult-adjust-bottom-margin ult-responsive ubtn-normal ubtn-fade-bg  none  ubtn-center   tooltip-69e03eb93f902\"  data-hover=\"#ffffff\" data-border-color=\"#ad172b\" data-bg=\"rgba(255,255,255,0.01)\" data-hover-bg=\"#ad172b\" data-border-hover=\"#ffffff\" data-shadow-hover=\"\" data-shadow-click=\"none\" data-shadow=\"\" data-shd-shadow=\"\"  data-ultimate-target='#ubtn-9876'  data-responsive-json-new='{\"font-size\":\"desktop:16px;\",\"line-height\":\"\"}'  style=\"font-weight:bold;border-radius:15px;border-width:2px;border-color:#ad172b;border-style:solid;background: rgba(255,255,255,0.01);color: #ad172b;\"><span class=\"ubtn-hover\" style=\"background-color:#ad172b\"><\/span><span class=\"ubtn-data ubtn-text\" >Concertar una cita<\/span><\/button><\/a><\/div><\/div><\/div><\/div><\/div><\/div><\/div><\/div><\/div><div class=\"vc_row wpb_row vc_row-fluid\"><div class=\"wpb_column vc_column_container vc_col-sm-12\"><div class=\"vc_column-inner\"><div class=\"wpb_wrapper\"><\/div><\/div><\/div><\/div>\n<\/div>","protected":false},"excerpt":{"rendered":"<p>Truck Axle Repair | Sacramento, CA Schedule an Appointment Truck Axle Repair Sacramento: Signs and Symptoms of Axle Wear Axles can wear over time, especially if you carry a lot of heavy loads or if your vehicle spends a significant amount of time on the road. Road conditions such as uneven roads or potholes can&hellip;<\/p>","protected":false},"author":4,"featured_media":0,"parent":365,"menu_order":0,"comment_status":"closed","ping_status":"closed","template":"template-microsite.php","meta":{"footnotes":""},"class_list":["post-1173","page","type-page","status-publish","hentry","description-off"],"_links":{"self":[{"href":"https:\/\/bettstruckparts.com\/es\/wp-json\/wp\/v2\/pages\/1173","targetHints":{"allow":["GET"]}}],"collection":[{"href":"https:\/\/bettstruckparts.com\/es\/wp-json\/wp\/v2\/pages"}],"about":[{"href":"https:\/\/bettstruckparts.com\/es\/wp-json\/wp\/v2\/types\/page"}],"author":[{"embeddable":true,"href":"https:\/\/bettstruckparts.com\/es\/wp-json\/wp\/v2\/users\/4"}],"replies":[{"embeddable":true,"href":"https:\/\/bettstruckparts.com\/es\/wp-json\/wp\/v2\/comments?post=1173"}],"version-history":[{"count":0,"href":"https:\/\/bettstruckparts.com\/es\/wp-json\/wp\/v2\/pages\/1173\/revisions"}],"up":[{"embeddable":true,"href":"https:\/\/bettstruckparts.com\/es\/wp-json\/wp\/v2\/pages\/365"}],"wp:attachment":[{"href":"https:\/\/bettstruckparts.com\/es\/wp-json\/wp\/v2\/media?parent=1173"}],"curies":[{"name":"wp","href":"https:\/\/api.w.org\/{rel}","templated":true}]}}