{"id":1172,"date":"2018-12-13T14:34:52","date_gmt":"2018-12-13T22:34:52","guid":{"rendered":"https:\/\/bettstruckparts.com\/?page_id=1172"},"modified":"2025-09-30T05:20:17","modified_gmt":"2025-09-30T13:20:17","slug":"fresno-ca","status":"publish","type":"page","link":"https:\/\/bettstruckparts.com\/es\/truck-repair\/truck-axle-repair\/fresno-ca\/","title":{"rendered":"Reparaci\u00f3n de ejes de camiones - Fresno, CA"},"content":{"rendered":"<div class=\"wpb-content-wrapper\"><div data-vc-full-width=\"true\" data-vc-full-width-temp=\"true\" data-vc-full-width-init=\"false\" data-vc-stretch-content=\"true\" class=\"vc_row wpb_row vc_row-fluid vc_row-no-padding\"><div class=\"wpb_column vc_column_container vc_col-sm-12 vc_col-has-fill\"><div class=\"vc_column-inner vc_custom_1515646466870\"><div class=\"wpb_wrapper\">\n\t<div class=\"wpb_text_column wpb_content_element  white shadow\" >\n\t\t<div class=\"wpb_wrapper\">\n\t\t\t<h1 style=\"text-align: center;\">Reparaci\u00f3n de ejes de camiones:<\/h1>\n<h1 style=\"text-align: center;\">Fresno, CA<\/h1>\n\n\t\t<\/div>\n\t<\/div>\n<\/div><\/div><\/div><\/div><div class=\"vc_row-full-width vc_clearfix\"><\/div><div class=\"vc_row wpb_row vc_row-fluid vc_custom_1516047752276 vc_row-has-fill vc_row-o-equal-height vc_row-flex\"><div class=\"wpb_column vc_column_container vc_col-sm-3 vc_col-has-fill\"><div class=\"vc_column-inner vc_custom_1510682040425\"><div class=\"wpb_wrapper\"><div  class=\"wpb_widgetised_column wpb_content_element sidebar-content\">\n\t\t<div class=\"wpb_wrapper\">\n\t\t\t\n\t\t\t<section id=\"nav_menu-4\" class=\"widget widget_nav_menu\"><div class=\"widget-title\">Reparaci\u00f3n de camiones<\/div><div class=\"menu-truck-repair-container\"><ul id=\"menu-truck-repair\" class=\"menu\"><li id=\"menu-item-341\" class=\"menu-item menu-item-type-post_type menu-item-object-page menu-item-341\"><a href=\"https:\/\/bettstruckparts.com\/es\/truck-repair\/air-ride-control\/\">Control de la suspensi\u00f3n neum\u00e1tica<\/a><\/li>\n<li id=\"menu-item-382\" class=\"menu-item menu-item-type-post_type menu-item-object-page menu-item-382\"><a href=\"https:\/\/bettstruckparts.com\/es\/truck-repair\/truck-wheel-alignments\/\">Servicio de alineaci\u00f3n de ruedas<\/a><\/li>\n<li id=\"menu-item-381\" class=\"menu-item menu-item-type-post_type menu-item-object-page menu-item-381\"><a href=\"https:\/\/bettstruckparts.com\/es\/truck-repair\/auxiliary-power\/\">Alimentaci\u00f3n auxiliar<\/a><\/li>\n<li id=\"menu-item-380\" class=\"menu-item menu-item-type-post_type menu-item-object-page menu-item-380\"><a href=\"https:\/\/bettstruckparts.com\/es\/truck-repair\/brake-services\/\">Servicios de reparaci\u00f3n de frenos<\/a><\/li>\n<li id=\"menu-item-390\" class=\"menu-item menu-item-type-post_type menu-item-object-page menu-item-390\"><a href=\"https:\/\/bettstruckparts.com\/es\/truck-repair\/custom-u-bolts\/\">Pernos en U a medida<\/a><\/li>\n<li id=\"menu-item-389\" class=\"menu-item menu-item-type-post_type menu-item-object-page menu-item-389\"><a href=\"https:\/\/bettstruckparts.com\/es\/truck-repair\/dot-inspection\/\">Inspecci\u00f3n DOT<\/a><\/li>\n<li id=\"menu-item-388\" class=\"menu-item menu-item-type-post_type menu-item-object-page menu-item-388\"><a href=\"https:\/\/bettstruckparts.com\/es\/truck-repair\/drivetrain-repair\/\">Servicios de reparaci\u00f3n de trenes de transmisi\u00f3n<\/a><\/li>\n<li id=\"menu-item-387\" class=\"menu-item menu-item-type-post_type menu-item-object-page menu-item-387\"><a href=\"https:\/\/bettstruckparts.com\/es\/truck-repair\/electrical-repair\/\">Reparaci\u00f3n el\u00e9ctrica<\/a><\/li>\n<li id=\"menu-item-386\" class=\"menu-item menu-item-type-post_type menu-item-object-page menu-item-386\"><a href=\"https:\/\/bettstruckparts.com\/es\/truck-repair\/leaf-spring-repair\/\">Reparaci\u00f3n de ballestas<\/a><\/li>\n<li id=\"menu-item-385\" class=\"menu-item menu-item-type-post_type menu-item-object-page menu-item-385\"><a href=\"https:\/\/bettstruckparts.com\/es\/truck-repair\/steering-repair\/\">Reparaci\u00f3n de la direcci\u00f3n<\/a><\/li>\n<li id=\"menu-item-384\" class=\"menu-item menu-item-type-post_type menu-item-object-page menu-item-384\"><a href=\"https:\/\/bettstruckparts.com\/es\/truck-repair\/suspension-services\/\">Servicios de suspensi\u00f3n<\/a><\/li>\n<li id=\"menu-item-383\" class=\"menu-item menu-item-type-post_type menu-item-object-page menu-item-383\"><a href=\"https:\/\/bettstruckparts.com\/es\/truck-repair\/truck-axle-repair\/\">Reparaci\u00f3n de ejes de camiones<\/a><\/li>\n<\/ul><\/div><\/section>\n\t\t<\/div>\n\t<\/div>\n<\/div><\/div><\/div><div class=\"wpb_column vc_column_container vc_col-sm-9\"><div class=\"vc_column-inner vc_custom_1510682076814\"><div class=\"wpb_wrapper\"><div class=\"vc_row wpb_row vc_inner vc_row-fluid\"><div class=\"wpb_column vc_column_container vc_col-sm-12\"><div class=\"vc_column-inner vc_custom_1486667994280\"><div class=\"wpb_wrapper\">\n\t<div class=\"wpb_text_column wpb_content_element  vc_custom_1544740451418\" >\n\t\t<div class=\"wpb_wrapper\">\n\t\t\t<h2>S\u00edntomas comunes de problemas en el eje del cami\u00f3n<a href=\"https:\/\/bettstruckparts.com\/es\/contacto\/\"><img decoding=\"async\" class=\"alignright wp-image-1132\" src=\"https:\/\/bettstruckparts.com\/wp-content\/uploads\/2018\/07\/Schedule-An-Appointment.jpg\" alt=\"Programe una cita con Betts Fontana, CA\" width=\"300\" height=\"88\" srcset=\"https:\/\/bettstruckparts.com\/wp-content\/uploads\/2018\/07\/Schedule-An-Appointment.jpg 434w, https:\/\/bettstruckparts.com\/wp-content\/uploads\/2018\/07\/Schedule-An-Appointment-300x88.jpg 300w\" sizes=\"(max-width: 300px) 100vw, 300px\" \/><\/a><\/h2>\n<p>Una reparaci\u00f3n inesperada del eje de un cami\u00f3n puede provocar reparaciones costosas y tiempos de inactividad que pueden retrasarle. Si usted nota cualquiera de los s\u00edntomas que se enumeran a continuaci\u00f3n, debe programar el servicio en un taller de reparaci\u00f3n de ejes de inmediato. Esperar a que inspeccionen su cami\u00f3n s\u00f3lo empeorar\u00e1 los problemas y puede llevarle a quedarse tirado con un eje de cami\u00f3n roto.<\/p>\n<ul>\n<li>Una vibraci\u00f3n excesiva durante la conducci\u00f3n puede indicar un eje desgastado o da\u00f1ado. La vibraci\u00f3n se siente com\u00fanmente a trav\u00e9s del volante, pero tambi\u00e9n se puede sentir a trav\u00e9s del asiento de su cami\u00f3n.<\/li>\n<li>Ruidos como chasquidos o traqueteos al tomar una curva cerrada son s\u00edntomas de un conjunto de eje defectuoso o que falla.<\/li>\n<li>Un consumo de combustible inusualmente bajo puede indicar una mala alineaci\u00f3n o un eje doblado.<\/li>\n<li>El desgaste desigual o excesivo de uno o varios neum\u00e1ticos puede indicar un eje doblado o una mala alineaci\u00f3n.<\/li>\n<li>Las fugas de aceite procedentes de las articulaciones del eje pueden deberse a la rotura de la funda del eje.<\/li>\n<li>La corrosi\u00f3n visible, las grietas u otros da\u00f1os en los componentes del eje del cami\u00f3n pueden acabar provocando la rotura del eje.<\/li>\n<\/ul>\n<h3>Comprobaci\u00f3n peri\u00f3dica de la alineaci\u00f3n del eje de su cami\u00f3n<\/h3>\n<p>Si los ejes de su cami\u00f3n no est\u00e1n correctamente alineados, pueden producirse varios problemas de seguridad y mantenimiento. Aparte de causar un desgaste prematuro de los neum\u00e1ticos y poner a prueba los componentes de su veh\u00edculo, ignorar una mala alineaci\u00f3n puede hacer que su cami\u00f3n o remolque de barco necesite una reparaci\u00f3n por rotura del eje.<\/p>\n<p>Su taller de reparaci\u00f3n de ejes local puede realizar una comprobaci\u00f3n de alineaci\u00f3n durante una visita de mantenimiento programada o puede realizar una comprobaci\u00f3n r\u00e1pida por su cuenta siguiendo los siguientes pasos:<\/p>\n<ul>\n<li>Sujete una regla contra los neum\u00e1ticos en posici\u00f3n horizontal, de modo que se extienda por ambos neum\u00e1ticos. Si est\u00e1 comprobando el eje de un remolque, sujete la regla contra un neum\u00e1tico.<\/li>\n<li>Compruebe si hay huecos entre los neum\u00e1ticos y la regla. La separaci\u00f3n no debe ser superior a 1\/8\" en ambos neum\u00e1ticos. Si observa una separaci\u00f3n mayor o un neum\u00e1tico tiene una separaci\u00f3n mayor que los dem\u00e1s, es probable que su cami\u00f3n o remolque necesite <a href=\"https:\/\/bettstruckparts.com\/es\/reparacion-de-camiones\/alineacion\/\">servicio de alineaci\u00f3n<\/a> o reparaci\u00f3n de ejes.<\/li>\n<\/ul>\n<p>Nuestro taller de reparaci\u00f3n de ejes en Fresno, California ofrece reparaci\u00f3n de ejes de camiones pesados r\u00e1pida y confiable para camiones y remolques. Si usted no se encuentra en el \u00e1rea de Fresno, p\u00f3ngase en contacto con uno de nuestros otros <a href=\"https:\/\/bettstruckparts.com\/es\/lugares\/\">talleres de servicio<\/a> a lo largo de la Costa Oeste para programar su servicio de reparaci\u00f3n de ejes rotos.<\/p>\n<h2>Fresno, CA Truck Axle Repair Shop Ubicaci\u00f3n y Horario<\/h2>\n<p>2867 Avenida South Maple<\/p>\n<p>Fresno, CA 93725<\/p>\n<p>&nbsp;<\/p>\n<p><strong>Tel\u00e9fono:<\/strong> 559.498.8624<\/p>\n<p><strong>Llamada gratuita:<\/strong> 855.834.5457<\/p>\n<p><strong>Fax:<\/strong> 559.457.0149<\/p>\n<p>&nbsp;<\/p>\n<p><strong>Horario:<\/strong><\/p>\n<p>De lunes a viernes: de 8.00 a 17.00 horas<\/p>\n<p>S\u00e1b: 8:00 h - 12:00 h<\/p>\n<h2>Reparaci\u00f3n de ejes rotos en veh\u00edculos industriales pesados<\/h2>\n<p>Betts Truck Parts &amp; Service ha servido a la industria del transporte por m\u00e1s de 30 a\u00f1os y tiene experiencia en la reparaci\u00f3n de remolques, camiones ligeros y veh\u00edculos comerciales de clase 6, 7 y 8. Ofrecemos reparaci\u00f3n de ejes rotos y una gama de otros servicios que incluyen <a href=\"https:\/\/bettstruckparts.com\/es\/reparacion-de-camiones\/servicios-de-suspension\/\">servicios de suspensi\u00f3n<\/a>, <a href=\"https:\/\/bettstruckparts.com\/es\/reparacion-de-camiones\/spring-repair\/\">reparaci\u00f3n de muelles<\/a>y mucho m\u00e1s.<\/p>\n<h3>Programe hoy mismo una cita con nuestro taller de reparaci\u00f3n de ejes de Fresno<\/h3>\n<p>Tanto si necesita <a href=\"https:\/\/bettstruckparts.com\/es\/piezas\/\">pedir piezas<\/a> o programar servicio de reparaci\u00f3n de ejes rotos, nuestro taller de reparaci\u00f3n de ejes en Fresno, California puede ayudar. <a href=\"https:\/\/bettstruckparts.com\/es\/fresno\/\">P\u00f3ngase en contacto con<\/a> nuestros expertos en reparaci\u00f3n de ejes de camiones pesados del \u00e1rea de Fresno hoy mismo para programar su cita y obtener m\u00e1s informaci\u00f3n sobre nuestros servicios.<\/p>\n\n\t\t<\/div>\n\t<\/div>\n<div class=\"ubtn-ctn-center\"><a class=\"ubtn-link ult-adjust-bottom-margin ubtn-center ubtn-normal\" href=\"\/es\/contact\/\" ><button type=\"button\" id=\"ubtn-2163\"  class=\"ubtn ult-adjust-bottom-margin ult-responsive ubtn-normal ubtn-fade-bg  none  ubtn-center   tooltip-69d387f393ed4\"  data-hover=\"#ffffff\" data-border-color=\"#ad172b\" data-bg=\"rgba(255,255,255,0.01)\" data-hover-bg=\"#ad172b\" data-border-hover=\"#ffffff\" data-shadow-hover=\"\" data-shadow-click=\"none\" data-shadow=\"\" data-shd-shadow=\"\"  data-ultimate-target='#ubtn-2163'  data-responsive-json-new='{\"font-size\":\"desktop:16px;\",\"line-height\":\"\"}'  style=\"font-weight:bold;border-radius:15px;border-width:2px;border-color:#ad172b;border-style:solid;background: rgba(255,255,255,0.01);color: #ad172b;\"><span class=\"ubtn-hover\" style=\"background-color:#ad172b\"><\/span><span class=\"ubtn-data ubtn-text\" >Concertar una cita<\/span><\/button><\/a><\/div><\/div><\/div><\/div><\/div><\/div><\/div><\/div><\/div><div class=\"vc_row wpb_row vc_row-fluid\"><div class=\"wpb_column vc_column_container vc_col-sm-12\"><div class=\"vc_column-inner\"><div class=\"wpb_wrapper\"><\/div><\/div><\/div><\/div>\n<\/div>","protected":false},"excerpt":{"rendered":"<p>Truck Axle Repair: Fresno, CA Truck RepairAir Ride Control Wheel Alignment Service Auxiliary Power Brake Repair Services Custom U-Bolts DOT Inspection Drivetrain Repair Services Electrical Repair Leaf Spring Repair Steering Repair Suspension Services Truck Axle Repair Common Symptoms of Truck Axle Issues Unexpected truck axle repair can lead to costly repairs and downtime that can&hellip;<\/p>","protected":false},"author":4,"featured_media":0,"parent":365,"menu_order":0,"comment_status":"closed","ping_status":"closed","template":"template-microsite.php","meta":{"footnotes":""},"class_list":["post-1172","page","type-page","status-publish","hentry","description-off"],"_links":{"self":[{"href":"https:\/\/bettstruckparts.com\/es\/wp-json\/wp\/v2\/pages\/1172","targetHints":{"allow":["GET"]}}],"collection":[{"href":"https:\/\/bettstruckparts.com\/es\/wp-json\/wp\/v2\/pages"}],"about":[{"href":"https:\/\/bettstruckparts.com\/es\/wp-json\/wp\/v2\/types\/page"}],"author":[{"embeddable":true,"href":"https:\/\/bettstruckparts.com\/es\/wp-json\/wp\/v2\/users\/4"}],"replies":[{"embeddable":true,"href":"https:\/\/bettstruckparts.com\/es\/wp-json\/wp\/v2\/comments?post=1172"}],"version-history":[{"count":0,"href":"https:\/\/bettstruckparts.com\/es\/wp-json\/wp\/v2\/pages\/1172\/revisions"}],"up":[{"embeddable":true,"href":"https:\/\/bettstruckparts.com\/es\/wp-json\/wp\/v2\/pages\/365"}],"wp:attachment":[{"href":"https:\/\/bettstruckparts.com\/es\/wp-json\/wp\/v2\/media?parent=1172"}],"curies":[{"name":"wp","href":"https:\/\/api.w.org\/{rel}","templated":true}]}}