{"id":1171,"date":"2018-12-13T14:27:54","date_gmt":"2018-12-13T22:27:54","guid":{"rendered":"https:\/\/bettstruckparts.com\/?page_id=1171"},"modified":"2025-09-30T05:19:59","modified_gmt":"2025-09-30T13:19:59","slug":"fontana-ca","status":"publish","type":"page","link":"https:\/\/bettstruckparts.com\/es\/truck-repair\/truck-axle-repair\/fontana-ca\/","title":{"rendered":"Reparaci\u00f3n de ejes de camiones - Fontana, CA"},"content":{"rendered":"<div class=\"wpb-content-wrapper\"><div data-vc-full-width=\"true\" data-vc-full-width-temp=\"true\" data-vc-full-width-init=\"false\" data-vc-stretch-content=\"true\" class=\"vc_row wpb_row vc_row-fluid vc_row-no-padding\"><div class=\"wpb_column vc_column_container vc_col-sm-12 vc_col-has-fill\"><div class=\"vc_column-inner vc_custom_1515646466870\"><div class=\"wpb_wrapper\">\n\t<div class=\"wpb_text_column wpb_content_element  white shadow\" >\n\t\t<div class=\"wpb_wrapper\">\n\t\t\t<h1 style=\"text-align: center;\">Reparaci\u00f3n de ejes de camiones Fontana<\/h1>\n<h1 style=\"text-align: center;\"><\/h1>\n\n\t\t<\/div>\n\t<\/div>\n<\/div><\/div><\/div><\/div><div class=\"vc_row-full-width vc_clearfix\"><\/div><div class=\"vc_row wpb_row vc_row-fluid vc_custom_1516047752276 vc_row-has-fill vc_row-o-equal-height vc_row-flex\"><div class=\"wpb_column vc_column_container vc_col-sm-3 vc_col-has-fill\"><div class=\"vc_column-inner vc_custom_1510682040425\"><div class=\"wpb_wrapper\"><div  class=\"wpb_widgetised_column wpb_content_element sidebar-content\">\n\t\t<div class=\"wpb_wrapper\">\n\t\t\t\n\t\t\t<section id=\"nav_menu-4\" class=\"widget widget_nav_menu\"><div class=\"widget-title\">Reparaci\u00f3n de camiones<\/div><div class=\"menu-truck-repair-container\"><ul id=\"menu-truck-repair\" class=\"menu\"><li id=\"menu-item-341\" class=\"menu-item menu-item-type-post_type menu-item-object-page menu-item-341\"><a href=\"https:\/\/bettstruckparts.com\/es\/truck-repair\/air-ride-control\/\">Control de la suspensi\u00f3n neum\u00e1tica<\/a><\/li>\n<li id=\"menu-item-382\" class=\"menu-item menu-item-type-post_type menu-item-object-page menu-item-382\"><a href=\"https:\/\/bettstruckparts.com\/es\/truck-repair\/truck-wheel-alignments\/\">Servicio de alineaci\u00f3n de ruedas<\/a><\/li>\n<li id=\"menu-item-381\" class=\"menu-item menu-item-type-post_type menu-item-object-page menu-item-381\"><a href=\"https:\/\/bettstruckparts.com\/es\/truck-repair\/auxiliary-power\/\">Alimentaci\u00f3n auxiliar<\/a><\/li>\n<li id=\"menu-item-380\" class=\"menu-item menu-item-type-post_type menu-item-object-page menu-item-380\"><a href=\"https:\/\/bettstruckparts.com\/es\/truck-repair\/brake-services\/\">Servicios de reparaci\u00f3n de frenos<\/a><\/li>\n<li id=\"menu-item-390\" class=\"menu-item menu-item-type-post_type menu-item-object-page menu-item-390\"><a href=\"https:\/\/bettstruckparts.com\/es\/truck-repair\/custom-u-bolts\/\">Pernos en U a medida<\/a><\/li>\n<li id=\"menu-item-389\" class=\"menu-item menu-item-type-post_type menu-item-object-page menu-item-389\"><a href=\"https:\/\/bettstruckparts.com\/es\/truck-repair\/dot-inspection\/\">Inspecci\u00f3n DOT<\/a><\/li>\n<li id=\"menu-item-388\" class=\"menu-item menu-item-type-post_type menu-item-object-page menu-item-388\"><a href=\"https:\/\/bettstruckparts.com\/es\/truck-repair\/drivetrain-repair\/\">Servicios de reparaci\u00f3n de trenes de transmisi\u00f3n<\/a><\/li>\n<li id=\"menu-item-387\" class=\"menu-item menu-item-type-post_type menu-item-object-page menu-item-387\"><a href=\"https:\/\/bettstruckparts.com\/es\/truck-repair\/electrical-repair\/\">Reparaci\u00f3n el\u00e9ctrica<\/a><\/li>\n<li id=\"menu-item-386\" class=\"menu-item menu-item-type-post_type menu-item-object-page menu-item-386\"><a href=\"https:\/\/bettstruckparts.com\/es\/truck-repair\/leaf-spring-repair\/\">Reparaci\u00f3n de ballestas<\/a><\/li>\n<li id=\"menu-item-385\" class=\"menu-item menu-item-type-post_type menu-item-object-page menu-item-385\"><a href=\"https:\/\/bettstruckparts.com\/es\/truck-repair\/steering-repair\/\">Reparaci\u00f3n de la direcci\u00f3n<\/a><\/li>\n<li id=\"menu-item-384\" class=\"menu-item menu-item-type-post_type menu-item-object-page menu-item-384\"><a href=\"https:\/\/bettstruckparts.com\/es\/truck-repair\/suspension-services\/\">Servicios de suspensi\u00f3n<\/a><\/li>\n<li id=\"menu-item-383\" class=\"menu-item menu-item-type-post_type menu-item-object-page menu-item-383\"><a href=\"https:\/\/bettstruckparts.com\/es\/truck-repair\/truck-axle-repair\/\">Reparaci\u00f3n de ejes de camiones<\/a><\/li>\n<\/ul><\/div><\/section>\n\t\t<\/div>\n\t<\/div>\n<\/div><\/div><\/div><div class=\"wpb_column vc_column_container vc_col-sm-9\"><div class=\"vc_column-inner vc_custom_1510682076814\"><div class=\"wpb_wrapper\"><div class=\"vc_row wpb_row vc_inner vc_row-fluid\"><div class=\"wpb_column vc_column_container vc_col-sm-12\"><div class=\"vc_column-inner vc_custom_1486667994280\"><div class=\"wpb_wrapper\">\n\t<div class=\"wpb_text_column wpb_content_element  vc_custom_1719965529935\" >\n\t\t<div class=\"wpb_wrapper\">\n\t\t\t<h2>Problemas comunes que pueden conducir a la reparaci\u00f3n del eje del cami\u00f3n<a href=\"https:\/\/bettstruckparts.com\/es\/contacto\/\"><img decoding=\"async\" class=\"alignright wp-image-1132\" src=\"https:\/\/bettstruckparts.com\/wp-content\/uploads\/2018\/07\/Schedule-An-Appointment.jpg\" alt=\"Programe una cita con Betts Fontana, CA\" width=\"300\" height=\"88\" srcset=\"https:\/\/bettstruckparts.com\/wp-content\/uploads\/2018\/07\/Schedule-An-Appointment.jpg 434w, https:\/\/bettstruckparts.com\/wp-content\/uploads\/2018\/07\/Schedule-An-Appointment-300x88.jpg 300w\" sizes=\"(max-width: 300px) 100vw, 300px\" \/><\/a><\/h2>\n<p>Las colisiones, los baches y la conducci\u00f3n en superficies irregulares pueden da\u00f1ar y debilitar el eje de un cami\u00f3n, pero hay otros problemas, a veces menos evidentes, que pueden llevar a la reparaci\u00f3n del eje de un cami\u00f3n si no se tratan de inmediato. Sabiendo qu\u00e9 buscar, puede ayudar a corregir los problemas antes de que se quede tirado en la carretera.<\/p>\n<ul>\n<li><strong>Cambios en el ahorro de combustible<\/strong>: El peso de su carga y la velocidad de conducci\u00f3n pueden afectar al ahorro de combustible, pero si su consumo de combustible es inusualmente alto, podr\u00eda indicar que uno o m\u00e1s de sus ejes est\u00e1n desalineados.<\/li>\n<li><strong>Vibraciones o tambaleos excesivos: <\/strong>Si experimenta una vibraci\u00f3n excesiva procedente del volante o del asiento, es posible que los ejes de su cami\u00f3n est\u00e9n girando de forma irregular. Experimentar una inestabilidad o \"bamboleo\" procedente de los neum\u00e1ticos puede ser indicativo de una mala <a href=\"https:\/\/bettstruckparts.com\/es\/reparacion-de-camiones\/alineacion\/\">alineaci\u00f3n<\/a> o un eje doblado.<\/li>\n<li><strong>Ruidos fuertes al girar:<\/strong> Un eje excesivamente desgastado puede hacer que su cami\u00f3n o remolque produzca un fuerte ruido met\u00e1lico, met\u00e1lico o chasquido cuando su veh\u00edculo est\u00e1 en movimiento o al tomar curvas cerradas.<\/li>\n<li><strong>Fugas en la zona de los neum\u00e1ticos:<\/strong> Si observa grasa a lo largo de la llanta exterior de uno o m\u00e1s neum\u00e1ticos, significa que tiene una fuga procedente de una de las juntas del eje.<\/li>\n<\/ul>\n<h3>Prevenci\u00f3n de problemas en la reparaci\u00f3n de ejes de camiones<\/h3>\n<p>Tanto el mantenimiento regular del veh\u00edculo como el mantenimiento preventivo pueden contribuir en gran medida a evitar problemas que pueden llevar a la reparaci\u00f3n del eje. Pida a su taller de ejes local que realice una inspecci\u00f3n como parte del mantenimiento programado o compruebe usted mismo si hay alg\u00fan problema antes de salir a la carretera. A continuaci\u00f3n se indican algunos de los aspectos m\u00e1s comunes:<\/p>\n<ul>\n<li>Oxidaci\u00f3n, agrietamiento, flexi\u00f3n u otros da\u00f1os en la viga del eje del cami\u00f3n.<\/li>\n<li>Desgaste irregular de los neum\u00e1ticos<\/li>\n<li>Fugas procedentes de las juntas del eje<\/li>\n<li>Fijaciones desgastadas o corro\u00eddas<\/li>\n<li>Problemas de alineaci\u00f3n<\/li>\n<\/ul>\n<p>Si no se encuentra en la zona de Fontana, CA, p\u00f3ngase en contacto con uno de nuestros otros <a href=\"https:\/\/bettstruckparts.com\/es\/lugares\/\">talleres de reparaci\u00f3n de ejes<\/a> para programar su servicio de reparaci\u00f3n de ejes de camiones pesados o de remolques de barcos.<\/p>\n<h2>Betts Truck Parts - Reparaci\u00f3n de ejes de camiones Fontana Shop Location<\/h2>\n<p>10007 Avenida del Olmo<\/p>\n<p>Fontana, CA 92335<\/p>\n<p><strong>Tel\u00e9fono:<\/strong> 909.427.9988<\/p>\n<p><strong>Llamada gratuita:<\/strong> 855.410.9224<\/p>\n<p>&nbsp;<\/p>\n<h2>S\u00f3lo utilizamos piezas y componentes de primera calidad para la reparaci\u00f3n de ejes de camiones<\/h2>\n<p>Betts Truck Parts &amp; Service tiene m\u00e1s de 30 a\u00f1os de experiencia en la reparaci\u00f3n de ejes de camiones pesados y otros servicios de veh\u00edculos comerciales. Damos servicio a una amplia gama de veh\u00edculos incluyendo camiones clase 6, 7 y 8, as\u00ed como camiones ligeros y medianos y remolques. Nuestro taller de reparaci\u00f3n de ejes s\u00f3lo utiliza piezas de primera calidad de marcas de confianza para mantener su cami\u00f3n en excelentes condiciones de funcionamiento. Adem\u00e1s de la reparaci\u00f3n de ejes rotos, ofrecemos otros servicios de reparaci\u00f3n de camiones y remolques, incluyendo <a href=\"https:\/\/bettstruckparts.com\/es\/reparacion-de-camiones\/reparacion-de-ballestas\/fontana\/\">reparaci\u00f3n de muelles<\/a>, <a href=\"https:\/\/bettstruckparts.com\/es\/reparacion-de-camiones\/servicios-de-frenado\/\">servicios de frenado<\/a> y mucho m\u00e1s.<\/p>\n<h3>P\u00f3ngase en contacto con nuestro taller de reparaci\u00f3n de ejes en Fontana, CA hoy<\/h3>\n<p>Ofrecemos servicios de reparaci\u00f3n de ejes de camiones pesados en el \u00e1rea de Fontana, CA y en toda la Costa Oeste. <a href=\"https:\/\/bettstruckparts.com\/es\/contacto\/\">Programe su cita<\/a> hoy mismo o p\u00f3ngase en contacto con nosotros <a href=\"https:\/\/bettstruckparts.com\/es\/piezas\/\">piezas<\/a> para la reparaci\u00f3n de ejes rotos.<\/p>\n\n\t\t<\/div>\n\t<\/div>\n<div class=\"ubtn-ctn-center\"><a class=\"ubtn-link ult-adjust-bottom-margin ubtn-center ubtn-normal\" href=\"\/es\/contact\/\" ><button type=\"button\" id=\"ubtn-4603\"  class=\"ubtn ult-adjust-bottom-margin ult-responsive ubtn-normal ubtn-fade-bg  none  ubtn-center   tooltip-69ecb19c34201\"  data-hover=\"#ffffff\" data-border-color=\"#ad172b\" data-bg=\"rgba(255,255,255,0.01)\" data-hover-bg=\"#ad172b\" data-border-hover=\"#ffffff\" data-shadow-hover=\"\" data-shadow-click=\"none\" data-shadow=\"\" data-shd-shadow=\"\"  data-ultimate-target='#ubtn-4603'  data-responsive-json-new='{\"font-size\":\"desktop:16px;\",\"line-height\":\"\"}'  style=\"font-weight:bold;border-radius:15px;border-width:2px;border-color:#ad172b;border-style:solid;background: rgba(255,255,255,0.01);color: #ad172b;\"><span class=\"ubtn-hover\" style=\"background-color:#ad172b\"><\/span><span class=\"ubtn-data ubtn-text\" >Concertar una cita<\/span><\/button><\/a><\/div><\/div><\/div><\/div><\/div><\/div><\/div><\/div><\/div><div class=\"vc_row wpb_row vc_row-fluid\"><div class=\"wpb_column vc_column_container vc_col-sm-12\"><div class=\"vc_column-inner\"><div class=\"wpb_wrapper\"><\/div><\/div><\/div><\/div>\n<\/div>","protected":false},"excerpt":{"rendered":"<p>Truck Axle Repair Fontana Truck RepairAir Ride Control Wheel Alignment Service Auxiliary Power Brake Repair Services Custom U-Bolts DOT Inspection Drivetrain Repair Services Electrical Repair Leaf Spring Repair Steering Repair Suspension Services Truck Axle Repair Common Issues Than Can Lead to Truck Axle Repair Collisions, potholes and driving on rough surface can all damage and&hellip;<\/p>","protected":false},"author":4,"featured_media":0,"parent":365,"menu_order":0,"comment_status":"closed","ping_status":"closed","template":"template-microsite.php","meta":{"footnotes":""},"class_list":["post-1171","page","type-page","status-publish","hentry","description-off"],"_links":{"self":[{"href":"https:\/\/bettstruckparts.com\/es\/wp-json\/wp\/v2\/pages\/1171","targetHints":{"allow":["GET"]}}],"collection":[{"href":"https:\/\/bettstruckparts.com\/es\/wp-json\/wp\/v2\/pages"}],"about":[{"href":"https:\/\/bettstruckparts.com\/es\/wp-json\/wp\/v2\/types\/page"}],"author":[{"embeddable":true,"href":"https:\/\/bettstruckparts.com\/es\/wp-json\/wp\/v2\/users\/4"}],"replies":[{"embeddable":true,"href":"https:\/\/bettstruckparts.com\/es\/wp-json\/wp\/v2\/comments?post=1171"}],"version-history":[{"count":0,"href":"https:\/\/bettstruckparts.com\/es\/wp-json\/wp\/v2\/pages\/1171\/revisions"}],"up":[{"embeddable":true,"href":"https:\/\/bettstruckparts.com\/es\/wp-json\/wp\/v2\/pages\/365"}],"wp:attachment":[{"href":"https:\/\/bettstruckparts.com\/es\/wp-json\/wp\/v2\/media?parent=1171"}],"curies":[{"name":"wp","href":"https:\/\/api.w.org\/{rel}","templated":true}]}}