{"id":1170,"date":"2018-12-13T14:09:46","date_gmt":"2018-12-13T22:09:46","guid":{"rendered":"https:\/\/bettstruckparts.com\/?page_id=1170"},"modified":"2025-09-30T05:20:36","modified_gmt":"2025-09-30T13:20:36","slug":"portland-o","status":"publish","type":"page","link":"https:\/\/bettstruckparts.com\/es\/truck-repair\/truck-axle-repair\/portland-or\/","title":{"rendered":"Reparaci\u00f3n de ejes de camiones - Portland"},"content":{"rendered":"<div class=\"wpb-content-wrapper\"><div data-vc-full-width=\"true\" data-vc-full-width-temp=\"true\" data-vc-full-width-init=\"false\" data-vc-stretch-content=\"true\" class=\"vc_row wpb_row vc_row-fluid vc_row-no-padding\"><div class=\"wpb_column vc_column_container vc_col-sm-12 vc_col-has-fill\"><div class=\"vc_column-inner vc_custom_1515646466870\"><div class=\"wpb_wrapper\">\n\t<div class=\"wpb_text_column wpb_content_element  white shadow\" >\n\t\t<div class=\"wpb_wrapper\">\n\t\t\t<h1 style=\"text-align: center;\">Reparaci\u00f3n de ejes de camiones:<\/h1>\n<h1 style=\"text-align: center;\">Portland, OR<\/h1>\n\n\t\t<\/div>\n\t<\/div>\n<\/div><\/div><\/div><\/div><div class=\"vc_row-full-width vc_clearfix\"><\/div><div class=\"vc_row wpb_row vc_row-fluid vc_custom_1516047752276 vc_row-has-fill vc_row-o-equal-height vc_row-flex\"><div class=\"wpb_column vc_column_container vc_col-sm-3 vc_col-has-fill\"><div class=\"vc_column-inner vc_custom_1510682040425\"><div class=\"wpb_wrapper\"><div  class=\"wpb_widgetised_column wpb_content_element sidebar-content\">\n\t\t<div class=\"wpb_wrapper\">\n\t\t\t\n\t\t\t<section id=\"nav_menu-4\" class=\"widget widget_nav_menu\"><div class=\"widget-title\">Reparaci\u00f3n de camiones<\/div><div class=\"menu-truck-repair-container\"><ul id=\"menu-truck-repair\" class=\"menu\"><li id=\"menu-item-341\" class=\"menu-item menu-item-type-post_type menu-item-object-page menu-item-341\"><a href=\"https:\/\/bettstruckparts.com\/es\/truck-repair\/air-ride-control\/\">Control de la suspensi\u00f3n neum\u00e1tica<\/a><\/li>\n<li id=\"menu-item-382\" class=\"menu-item menu-item-type-post_type menu-item-object-page menu-item-382\"><a href=\"https:\/\/bettstruckparts.com\/es\/truck-repair\/truck-wheel-alignments\/\">Servicio de alineaci\u00f3n de ruedas<\/a><\/li>\n<li id=\"menu-item-381\" class=\"menu-item menu-item-type-post_type menu-item-object-page menu-item-381\"><a href=\"https:\/\/bettstruckparts.com\/es\/truck-repair\/auxiliary-power\/\">Alimentaci\u00f3n auxiliar<\/a><\/li>\n<li id=\"menu-item-380\" class=\"menu-item menu-item-type-post_type menu-item-object-page menu-item-380\"><a href=\"https:\/\/bettstruckparts.com\/es\/truck-repair\/brake-services\/\">Servicios de reparaci\u00f3n de frenos<\/a><\/li>\n<li id=\"menu-item-390\" class=\"menu-item menu-item-type-post_type menu-item-object-page menu-item-390\"><a href=\"https:\/\/bettstruckparts.com\/es\/truck-repair\/custom-u-bolts\/\">Pernos en U a medida<\/a><\/li>\n<li id=\"menu-item-389\" class=\"menu-item menu-item-type-post_type menu-item-object-page menu-item-389\"><a href=\"https:\/\/bettstruckparts.com\/es\/truck-repair\/dot-inspection\/\">Inspecci\u00f3n DOT<\/a><\/li>\n<li id=\"menu-item-388\" class=\"menu-item menu-item-type-post_type menu-item-object-page menu-item-388\"><a href=\"https:\/\/bettstruckparts.com\/es\/truck-repair\/drivetrain-repair\/\">Servicios de reparaci\u00f3n de trenes de transmisi\u00f3n<\/a><\/li>\n<li id=\"menu-item-387\" class=\"menu-item menu-item-type-post_type menu-item-object-page menu-item-387\"><a href=\"https:\/\/bettstruckparts.com\/es\/truck-repair\/electrical-repair\/\">Reparaci\u00f3n el\u00e9ctrica<\/a><\/li>\n<li id=\"menu-item-386\" class=\"menu-item menu-item-type-post_type menu-item-object-page menu-item-386\"><a href=\"https:\/\/bettstruckparts.com\/es\/truck-repair\/leaf-spring-repair\/\">Reparaci\u00f3n de ballestas<\/a><\/li>\n<li id=\"menu-item-385\" class=\"menu-item menu-item-type-post_type menu-item-object-page menu-item-385\"><a href=\"https:\/\/bettstruckparts.com\/es\/truck-repair\/steering-repair\/\">Reparaci\u00f3n de la direcci\u00f3n<\/a><\/li>\n<li id=\"menu-item-384\" class=\"menu-item menu-item-type-post_type menu-item-object-page menu-item-384\"><a href=\"https:\/\/bettstruckparts.com\/es\/truck-repair\/suspension-services\/\">Servicios de suspensi\u00f3n<\/a><\/li>\n<li id=\"menu-item-383\" class=\"menu-item menu-item-type-post_type menu-item-object-page menu-item-383\"><a href=\"https:\/\/bettstruckparts.com\/es\/truck-repair\/truck-axle-repair\/\">Reparaci\u00f3n de ejes de camiones<\/a><\/li>\n<\/ul><\/div><\/section>\n\t\t<\/div>\n\t<\/div>\n<\/div><\/div><\/div><div class=\"wpb_column vc_column_container vc_col-sm-9\"><div class=\"vc_column-inner vc_custom_1510682076814\"><div class=\"wpb_wrapper\"><div class=\"vc_row wpb_row vc_inner vc_row-fluid\"><div class=\"wpb_column vc_column_container vc_col-sm-12\"><div class=\"vc_column-inner vc_custom_1486667994280\"><div class=\"wpb_wrapper\">\n\t<div class=\"wpb_text_column wpb_content_element  vc_custom_1544738847922\" >\n\t\t<div class=\"wpb_wrapper\">\n\t\t\t<h2>Se\u00f1ales comunes de que su cami\u00f3n semirremolque necesita reparaci\u00f3n de ejes<a href=\"https:\/\/bettstruckparts.com\/es\/contacto\/\"><img decoding=\"async\" class=\"alignright wp-image-1132\" src=\"https:\/\/bettstruckparts.com\/wp-content\/uploads\/2018\/07\/Schedule-An-Appointment.jpg\" alt=\"Programe una cita con Betts Fontana, CA\" width=\"300\" height=\"88\" srcset=\"https:\/\/bettstruckparts.com\/wp-content\/uploads\/2018\/07\/Schedule-An-Appointment.jpg 434w, https:\/\/bettstruckparts.com\/wp-content\/uploads\/2018\/07\/Schedule-An-Appointment-300x88.jpg 300w\" sizes=\"(max-width: 300px) 100vw, 300px\" \/><\/a><\/h2>\n<p>Tener un eje roto es un inconveniente, especialmente cuando ocurre en la carretera. Algo tan simple como golpear un bache o conducir a trav\u00e9s de una zona de construcci\u00f3n puede ejercer presi\u00f3n sobre los ejes del cami\u00f3n y otros componentes. Es posible que no se d\u00e9 cuenta de que hay problemas hasta que acuda al taller para reparar un eje roto, lo que le causar\u00e1 molestias y retrasos.<\/p>\n<p>Conocer los signos m\u00e1s comunes de los problemas en los ejes de los camiones puede evitar da\u00f1os costosos en los neum\u00e1ticos y otros componentes. Si experimenta alguno de los problemas que se indican a continuaci\u00f3n, es hora de concertar una cita en su taller de reparaci\u00f3n de ejes local.<\/p>\n<ul>\n<li>Una sensaci\u00f3n de \u201cbamboleo\u201d o inestabilidad procedente de los neum\u00e1ticos o de los bajos del veh\u00edculo puede indicar problemas de alineaci\u00f3n o un eje doblado.<\/li>\n<li>Los ruidos que suenan como chasquidos, chasquidos o chasquidos al conducir o girar significan que el conjunto del eje est\u00e1 excesivamente desgastado.<\/li>\n<li>Un consumo de combustible inusualmente bajo puede deberse al arrastre provocado por una alineaci\u00f3n incorrecta del eje del cami\u00f3n.<\/li>\n<li>Las vibraciones excesivas que se perciben a trav\u00e9s del asiento o el volante suelen deberse a una rotaci\u00f3n irregular del eje de su cami\u00f3n.<\/li>\n<li>La grasa en la llanta exterior de un neum\u00e1tico indica que hay fugas procedentes de una de las juntas del eje.<\/li>\n<\/ul>\n<h3>C\u00f3mo inspeccionar los ejes de su cami\u00f3n para detectar problemas comunes<\/h3>\n<p>El mantenimiento preventivo es importante. Su taller local de reparaci\u00f3n de ejes cuenta con el equipo y la experiencia necesarios para realizar una inspecci\u00f3n exhaustiva y determinar si es necesaria una reparaci\u00f3n. Estos son algunos de los puntos comunes de la lista de comprobaci\u00f3n para el mantenimiento preventivo y la evaluaci\u00f3n de si un veh\u00edculo necesita reparaci\u00f3n del eje:<\/p>\n<ul>\n<li>Buscar indicios de grietas, \u00f3xido u otros da\u00f1os en la viga del eje, los casquillos y los cojinetes.<\/li>\n<li>Limpiar la suciedad y lubricar los componentes para identificar posibles fugas y mejorar el rendimiento.<\/li>\n<li>Comprobaci\u00f3n de la alineaci\u00f3n e inspecci\u00f3n de las vigas de los ejes para detectar signos de flexi\u00f3n.<\/li>\n<li>Comprobaci\u00f3n de los neum\u00e1ticos para detectar signos de desgaste irregular<\/li>\n<li>Sustituci\u00f3n de elementos de fijaci\u00f3n oxidados o con roscas desgastadas<\/li>\n<\/ul>\n<p>\u00bfNo se encuentra en el \u00e1rea de Portland, Oreg\u00f3n? Betts ofrece reparaci\u00f3n de ejes de camiones pesados y varios otros <a href=\"https:\/\/bettstruckparts.com\/es\/reparacion-de-camiones\/\">servicios de reparaci\u00f3n de camiones<\/a> en otros siete <a href=\"https:\/\/bettstruckparts.com\/es\/lugares\/\">lugares<\/a> para su comodidad.<\/p>\n<p><strong>Portland, OR Ubicaci\u00f3n y horario del taller de reparaci\u00f3n<\/strong><\/p>\n<p>4334 N.E. Columbia Blvd.<\/p>\n<p>Portland, OR 97218<\/p>\n<p>&nbsp;<\/p>\n<p><strong>Tel\u00e9fono<\/strong>: 503-289-8875<\/p>\n<p><strong>Tel\u00e9fono gratuito<\/strong>: 800-378-8766<\/p>\n<p><strong>Fax<\/strong>: 503-289-3515<\/p>\n<p>&nbsp;<\/p>\n<p><strong>Horas<\/strong>:<\/p>\n<p>De lunes a viernes: de 8.00 a 17.00 horas<\/p>\n<h2>Expertos en reparaci\u00f3n de ejes de camiones de confianza desde hace m\u00e1s de 30 a\u00f1os<\/h2>\n<p>Betts sabe de camiones. Llevamos m\u00e1s de 30 a\u00f1os en el negocio y proporcionamos piezas de primera calidad y un servicio de reparaci\u00f3n de ejes de calidad para una gama de veh\u00edculos que va desde camiones de clase 6, 7 y 8 hasta equipos agr\u00edcolas, veh\u00edculos recreativos, autobuses y mucho m\u00e1s. Usted puede contar con nosotros para proporcionar la calidad de servicio pesado <a href=\"https:\/\/bettstruckparts.com\/es\/reparacion-de-camiones\/reparacion-de-ejes-de-camiones\/\">reparaci\u00f3n de ejes de camiones<\/a> y servicios, <a href=\"https:\/\/bettstruckparts.com\/es\/reparacion-de-camiones\/spring-repair\/\">reparaci\u00f3n de ballestas<\/a> y mucho m\u00e1s para ayudar a mantener su equipo en excelentes condiciones de funcionamiento.<\/p>\n<h3>P\u00f3ngase en contacto con nuestro taller de reparaci\u00f3n de ejes de Portland, OR para solicitar una cita<\/h3>\n<p>Nuestro taller de reparaci\u00f3n de ejes de camiones en Portland, Oreg\u00f3n, ofrece reparaci\u00f3n de ejes y otros servicios para semirremolques, remolques de barcos y otros veh\u00edculos pesados. <a href=\"https:\/\/bettstruckparts.com\/es\/contacto\/\">Solicitar una cita<\/a> para la reparaci\u00f3n de ejes de camiones pesados hoy mismo o <a href=\"https:\/\/bettstruckparts.com\/es\/contacto\/\">Contacto<\/a> para saber m\u00e1s sobre los distintos <a href=\"https:\/\/bettstruckparts.com\/es\/piezas\/\">piezas<\/a> que ofrecemos para trabajos de servicio de bricolaje.<\/p>\n\n\t\t<\/div>\n\t<\/div>\n<div class=\"ubtn-ctn-center\"><a class=\"ubtn-link ult-adjust-bottom-margin ubtn-center ubtn-normal\" href=\"\/es\/contact\/\" ><button type=\"button\" id=\"ubtn-3352\"  class=\"ubtn ult-adjust-bottom-margin ult-responsive ubtn-normal ubtn-fade-bg  none  ubtn-center   tooltip-69e10fd59bd8f\"  data-hover=\"#ffffff\" data-border-color=\"#ad172b\" data-bg=\"rgba(255,255,255,0.01)\" data-hover-bg=\"#ad172b\" data-border-hover=\"#ffffff\" data-shadow-hover=\"\" data-shadow-click=\"none\" data-shadow=\"\" data-shd-shadow=\"\"  data-ultimate-target='#ubtn-3352'  data-responsive-json-new='{\"font-size\":\"desktop:16px;\",\"line-height\":\"\"}'  style=\"font-weight:bold;border-radius:15px;border-width:2px;border-color:#ad172b;border-style:solid;background: rgba(255,255,255,0.01);color: #ad172b;\"><span class=\"ubtn-hover\" style=\"background-color:#ad172b\"><\/span><span class=\"ubtn-data ubtn-text\" >Concertar una cita<\/span><\/button><\/a><\/div><\/div><\/div><\/div><\/div><\/div><\/div><\/div><\/div><div class=\"vc_row wpb_row vc_row-fluid\"><div class=\"wpb_column vc_column_container vc_col-sm-12\"><div class=\"vc_column-inner\"><div class=\"wpb_wrapper\"><\/div><\/div><\/div><\/div>\n<\/div>","protected":false},"excerpt":{"rendered":"<p>Truck Axle Repair: Portland, OR Truck RepairAir Ride Control Wheel Alignment Service Auxiliary Power Brake Repair Services Custom U-Bolts DOT Inspection Drivetrain Repair Services Electrical Repair Leaf Spring Repair Steering Repair Suspension Services Truck Axle Repair Common Signs That Your Semi Needs Truck Axle Repair Having a broken axle is inconvenient, especially when it happens&hellip;<\/p>","protected":false},"author":4,"featured_media":0,"parent":365,"menu_order":0,"comment_status":"closed","ping_status":"closed","template":"template-microsite.php","meta":{"footnotes":""},"class_list":["post-1170","page","type-page","status-publish","hentry","description-off"],"_links":{"self":[{"href":"https:\/\/bettstruckparts.com\/es\/wp-json\/wp\/v2\/pages\/1170","targetHints":{"allow":["GET"]}}],"collection":[{"href":"https:\/\/bettstruckparts.com\/es\/wp-json\/wp\/v2\/pages"}],"about":[{"href":"https:\/\/bettstruckparts.com\/es\/wp-json\/wp\/v2\/types\/page"}],"author":[{"embeddable":true,"href":"https:\/\/bettstruckparts.com\/es\/wp-json\/wp\/v2\/users\/4"}],"replies":[{"embeddable":true,"href":"https:\/\/bettstruckparts.com\/es\/wp-json\/wp\/v2\/comments?post=1170"}],"version-history":[{"count":0,"href":"https:\/\/bettstruckparts.com\/es\/wp-json\/wp\/v2\/pages\/1170\/revisions"}],"up":[{"embeddable":true,"href":"https:\/\/bettstruckparts.com\/es\/wp-json\/wp\/v2\/pages\/365"}],"wp:attachment":[{"href":"https:\/\/bettstruckparts.com\/es\/wp-json\/wp\/v2\/media?parent=1170"}],"curies":[{"name":"wp","href":"https:\/\/api.w.org\/{rel}","templated":true}]}}