{"id":1169,"date":"2018-12-13T13:46:23","date_gmt":"2018-12-13T21:46:23","guid":{"rendered":"https:\/\/bettstruckparts.com\/?page_id=1169"},"modified":"2025-07-01T15:05:56","modified_gmt":"2025-07-01T23:05:56","slug":"phoenix-az","status":"publish","type":"page","link":"https:\/\/bettstruckparts.com\/es\/truck-repair\/truck-axle-repair\/phoenix-az\/","title":{"rendered":"Reparaci\u00f3n de ejes de camiones - Phoenix"},"content":{"rendered":"<div class=\"wpb-content-wrapper\"><div class=\"vc_row wpb_row vc_row-fluid vc_custom_1516047752276 vc_row-has-fill vc_row-o-equal-height vc_row-flex\"><div class=\"wpb_column vc_column_container vc_col-sm-12\"><div class=\"vc_column-inner vc_custom_1510682076814\"><div class=\"wpb_wrapper\"><div class=\"vc_row wpb_row vc_inner vc_row-fluid\"><div class=\"wpb_column vc_column_container vc_col-sm-12\"><div class=\"vc_column-inner vc_custom_1486667994280\"><div class=\"wpb_wrapper\">\n\t<div class=\"wpb_text_column wpb_content_element\" >\n\t\t<div class=\"wpb_wrapper\">\n\t\t\t<h1 style=\"text-align: center;\" data-pm-slice=\"1 1 &#091;&#093;\">Cami\u00f3n Eje Reparaci\u00f3n Phoenix: Servicio experto para veh\u00edculos comerciales<\/h1>\n\n\t\t<\/div>\n\t<\/div>\n<div class=\"ubtn-ctn-center\"><a class=\"ubtn-link ult-adjust-bottom-margin ubtn-center ubtn-normal\" href=\"\/es\/contact\/\" ><button type=\"button\" id=\"ubtn-9755\"  class=\"ubtn ult-adjust-bottom-margin ult-responsive ubtn-normal ubtn-fade-bg  none  ubtn-center   tooltip-69d79245ebf74\"  data-hover=\"#ffffff\" data-border-color=\"#ad172b\" data-bg=\"rgba(255,255,255,0.01)\" data-hover-bg=\"#ad172b\" data-border-hover=\"#ffffff\" data-shadow-hover=\"\" data-shadow-click=\"none\" data-shadow=\"\" data-shd-shadow=\"\"  data-ultimate-target='#ubtn-9755'  data-responsive-json-new='{\"font-size\":\"desktop:16px;\",\"line-height\":\"\"}'  style=\"font-weight:bold;border-radius:15px;border-width:2px;border-color:#ad172b;border-style:solid;background: rgba(255,255,255,0.01);color: #ad172b;\"><span class=\"ubtn-hover\" style=\"background-color:#ad172b\"><\/span><span class=\"ubtn-data ubtn-text\" >Concertar una cita<\/span><\/button><\/a><\/div>\n\t<div class=\"wpb_text_column wpb_content_element  vc_custom_1751411037516\" >\n\t\t<div class=\"wpb_wrapper\">\n\t\t\t<p data-pm-slice=\"1 1 &#091;&#093;\"><strong>Servicios profesionales de reparaci\u00f3n de ejes de camiones en Phoenix<\/strong> asegurar que sus veh\u00edculos comerciales permanecen en la carretera con el m\u00ednimo tiempo de inactividad. Nuestros t\u00e9cnicos certificados manejan todo, desde la reparaci\u00f3n del eje de transmisi\u00f3n hasta el reemplazo completo del eje, sirviendo a flotas y propietarios de camiones individuales en todo Arizona con experiencia especializada en veh\u00edculos comerciales de servicio pesado.<\/p>\n<h3>Betts Truck Parts Phoenix, AZ Localizaci\u00f3n del taller de reparaci\u00f3n<\/h3>\n<p>7375 W. Buckeye Road #100<br \/>\nPhoenix, AZ 85043<br \/>\n<strong>Tel\u00e9fono<\/strong>: (623) 907-9396<\/p>\n<h2><img decoding=\"async\" class=\"alignleft wp-image-3203 size-medium\" src=\"https:\/\/bettstruckparts.com\/wp-content\/uploads\/2025\/07\/betts-phx-20150225-6-300x203.jpg\" alt=\"reparaci\u00f3n de ejes de camiones phoenix\" width=\"300\" height=\"203\" srcset=\"https:\/\/bettstruckparts.com\/wp-content\/uploads\/2025\/07\/betts-phx-20150225-6-300x203.jpg 300w, https:\/\/bettstruckparts.com\/wp-content\/uploads\/2025\/07\/betts-phx-20150225-6-1024x694.jpg 1024w, https:\/\/bettstruckparts.com\/wp-content\/uploads\/2025\/07\/betts-phx-20150225-6-768x521.jpg 768w, https:\/\/bettstruckparts.com\/wp-content\/uploads\/2025\/07\/betts-phx-20150225-6-1536x1041.jpg 1536w, https:\/\/bettstruckparts.com\/wp-content\/uploads\/2025\/07\/betts-phx-20150225-6-18x12.jpg 18w, https:\/\/bettstruckparts.com\/wp-content\/uploads\/2025\/07\/betts-phx-20150225-6.jpg 2048w\" sizes=\"(max-width: 300px) 100vw, 300px\" \/>Servicios integrales para ejes de camiones<\/h2>\n<p>Nuestro taller de reparaci\u00f3n de Phoenix ofrece soluciones completas de ejes para camiones, remolques y veh\u00edculos comerciales. Diagnosticamos y reparamos todos los problemas relacionados con los ejes, desde rodamientos desgastados y cubos de rueda da\u00f1ados hasta la sustituci\u00f3n completa del eje de transmisi\u00f3n.<\/p>\n<p>Nuestros t\u00e9cnicos expertos entienden que los ejes de su cami\u00f3n son responsables de transferir la potencia de la transmisi\u00f3n a las ruedas mientras soportan el peso del veh\u00edculo.<\/p>\n<h3>Nuestros servicios:<\/h3>\n<ul>\n<li><strong>Ejes motrices<\/strong> - Reparaci\u00f3n y sustituci\u00f3n completas<\/li>\n<li><strong>Ejes de remolque<\/strong> - Mantenimiento y reparaciones urgentes<\/li>\n<li><strong>Cubos de rueda y rodamientos<\/strong> - Servicio de precisi\u00f3n para un funcionamiento sin problemas<\/li>\n<li><strong>Ejes de transmisi\u00f3n<\/strong> - Servicios de reparaci\u00f3n y sustituci\u00f3n<\/li>\n<li><strong>Componentes diferenciales<\/strong> - Diagn\u00f3stico y reparaci\u00f3n por expertos<\/li>\n<li><strong>Husillos y piezas relacionadas<\/strong> - Soluciones de servicio completas<\/li>\n<\/ul>\n<h2>Se\u00f1ales de que su cami\u00f3n necesita una reparaci\u00f3n del eje<\/h2>\n<p>Reconocer los s\u00edntomas a tiempo puede evitar aver\u00edas costosas y reducir el tiempo de inactividad. Traiga su veh\u00edculo a nuestro taller si lo nota:<\/p>\n<ul>\n<li>Vibraciones inusuales durante la conducci\u00f3n<\/li>\n<li>Ruido o chasquido de las ruedas<\/li>\n<li>Desgaste irregular de los neum\u00e1ticos<\/li>\n<li>Dificultad para girar el volante o tirones del veh\u00edculo<\/li>\n<li>Da\u00f1os visibles en los componentes del eje<\/li>\n<li>Fugas de grasa en los cubos de rueda<\/li>\n<\/ul>\n<p>Estas se\u00f1ales indican problemas potenciales que requieren la atenci\u00f3n inmediata de nuestro equipo de expertos.<\/p>\n<h2>4 razones para elegir nuestro taller de reparaci\u00f3n de camiones Phoenix<\/h2>\n<p><strong>Experiencia certificada<\/strong>: Nuestros t\u00e9cnicos aportan a\u00f1os de experiencia especializada en la reparaci\u00f3n de ejes de camiones. Comprendemos el papel esencial que desempe\u00f1an los ejes en el rendimiento y la seguridad de su veh\u00edculo.<\/p>\n<p><strong>Gran inventario<\/strong>: Mantenemos un amplio inventario de piezas para reparaciones m\u00e1s r\u00e1pidas. Nuestro taller dispone de componentes para la mayor\u00eda de marcas y modelos de camiones, lo que reduce los tiempos de espera y le permite volver a la carretera r\u00e1pidamente.<\/p>\n<p><strong>Equipamiento avanzado<\/strong>: Estamos equipados con herramientas y equipos de diagn\u00f3stico de calidad profesional para realizar reparaciones complejas de ejes de forma eficaz.<\/p>\n<p><strong>Servicios de flota<\/strong>: Ofrecemos mantenimiento programado y reparaciones de emergencia para las flotas comerciales a trav\u00e9s de Phoenix y sus alrededores, incluyendo <a title=\"Tempe, AZ\" href=\"https:\/\/www.tempe.gov\/\" target=\"_blank\" rel=\"noopener\">Tempe<\/a>.<\/p>\n<h2>Nuestro proceso de reparaci\u00f3n<\/h2>\n<ol>\n<li><strong>Diagn\u00f3stico exhaustivo<\/strong>: Examinamos los ejes, el diferencial y los componentes relacionados de su cami\u00f3n para identificar el problema de ra\u00edz.<\/li>\n<li><strong>Explicaci\u00f3n detallada<\/strong>: Nuestro equipo le explica los problemas y las opciones de reparaci\u00f3n en t\u00e9rminos comprensibles.<\/li>\n<li><strong>Reparaciones de calidad<\/strong>: Utilizando piezas de primera calidad y t\u00e9cnicas probadas, restauramos sus ejes al m\u00e1ximo rendimiento.<\/li>\n<li><strong>Pruebas<\/strong>: Nos aseguramos de la correcta alineaci\u00f3n y funcionamiento antes de devolver su veh\u00edculo<\/li>\n<\/ol>\n<h2>Servicio r\u00e1pido y mantenimiento programado<\/h2>\n<p>Tanto si necesita un servicio r\u00e1pido como un mantenimiento rutinario, nuestra sede de Phoenix est\u00e1 preparada para atender sus necesidades. Nos encargamos de todo, desde la sustituci\u00f3n de rodamientos de menor importancia a las principales revisiones de ejes que mantienen sus camiones funcionando de forma segura.<\/p>\n<p><strong>Mantenimiento preventivo<\/strong>: El mantenimiento peri\u00f3dico de los ejes prolonga la vida \u00fatil de los componentes y evita aver\u00edas inesperadas. Nuestros programas de mantenimiento ayudan a los propietarios de flotas a reducir costes y evitar aver\u00edas estresantes.<\/p>\n<p><strong>Reparaciones de emergencia<\/strong>: Cuando los problemas de eje le dejen tirado, p\u00f3ngase en contacto con nuestro taller para obtener un servicio r\u00e1pido y fiable que le permita volver a viajar r\u00e1pidamente. <a href=\"https:\/\/bettstruckparts.com\/es\/lugares\/fenix\/\">Llame a Betts Truck Parts en Phoenix<\/a> y haremos todo lo posible para programar la reparaci\u00f3n de su eje de inmediato.<\/p>\n<h2>Al servicio de Phoenix y Arizona<\/h2>\n<p>Situado en Phoenix, AZ, estamos orgullosos de servir a los propietarios de camiones y flotas en todo el valle. Nuestro compromiso con los servicios de reparaci\u00f3n de calidad nos ha convertido en un nombre de confianza en el mantenimiento de veh\u00edculos comerciales.<\/p>\n<p><strong>P\u00f3ngase en contacto con nosotros<\/strong> para concertar una cita u obtener m\u00e1s informaci\u00f3n sobre nuestros servicios de reparaci\u00f3n de ejes de camiones. Visite nuestro sitio web para obtener detalles adicionales acerca de nuestras capacidades y para entender por qu\u00e9 los clientes del \u00e1rea de Phoenix conf\u00edan en nosotros con sus componentes m\u00e1s esenciales del veh\u00edculo.<\/p>\n<p>No deje que los problemas de ejes aceleren su tiempo de inactividad o da\u00f1en su negocio. Nuestro equipo de expertos cuenta con las habilidades, las herramientas y el inventario de piezas para manejar cualquier trabajo de reparaci\u00f3n de ejes de camiones de manera eficiente y eficaz.<\/p>\n<h2>Obtenga reparaci\u00f3n de ejes de camiones confiable Phoenix, AZ<\/h2>\n<p>Entendemos los signos de problemas de ejes de camiones y reparaciones de ejes de camiones. La conducci\u00f3n en un eje de cami\u00f3n mal no s\u00f3lo causa da\u00f1os a su plataforma, pero es incre\u00edblemente peligroso.<\/p>\n<p>Los signos de un eje roto son a menudo f\u00e1ciles de detectar, pero es posible que no note los signos normales de desgaste hasta que sea demasiado tarde. Si sospecha que su cami\u00f3n o remolque necesita reparaciones en el eje, p\u00f3ngase en contacto con nosotros de inmediato para una inspecci\u00f3n del eje.<\/p>\n<p>Si no se diagnostica y repara de inmediato, la reparaci\u00f3n de un eje roto puede ser costosa, tanto por la reparaci\u00f3n en s\u00ed como porque provoca un tiempo de inactividad imprevisto que le retrasa.<\/p>\n<p>Si observa alguno de los problemas que se enumeran a continuaci\u00f3n, debe ponerse en contacto de inmediato con un taller de reparaci\u00f3n de ejes.<\/p>\n<ul>\n<li>Signos de fugas de grasa debajo de los componentes del eje o a lo largo del borde de uno o m\u00e1s neum\u00e1ticos.<\/li>\n<li>Vibraci\u00f3n procedente del volante mientras el aparejo est\u00e1 en movimiento.<\/li>\n<li>Chasquidos fuertes durante la conducci\u00f3n o al tomar una curva. Esto puede ser m\u00e1s frecuente a velocidades m\u00e1s altas o al tomar curvas cerradas o r\u00e1pidas.<\/li>\n<li>Sensaci\u00f3n de irregularidad de los neum\u00e1ticos al conducir, incluso en superficies planas.<\/li>\n<li>Desgaste excesivo de uno o m\u00e1s neum\u00e1ticos, lo que puede indicar un eje doblado o problemas de alineaci\u00f3n.<\/li>\n<\/ul>\n<h2>C\u00f3mo las inspecciones peri\u00f3dicas pueden ayudar a mantener los ejes de su semirremolque en buen estado<\/h2>\n<p>La prevenci\u00f3n es clave para evitar problemas que pueden conducir a la reparaci\u00f3n de ejes rotos. Un taller de reparaci\u00f3n de ejes puede realizar una comprobaci\u00f3n r\u00e1pida del eje y los componentes de su cami\u00f3n cuando su equipo est\u00e1 en el taller para un servicio regular. Una inspecci\u00f3n visual de las piezas y componentes del eje de su cami\u00f3n de servicio pesado incluye:<\/p>\n<ul>\n<li>Limpieza y lubricaci\u00f3n de componentes<\/li>\n<li>Inspecci\u00f3n de la viga del eje para ver si est\u00e1 oxidada o doblada.<\/li>\n<li>Comprobaci\u00f3n de elementos de fijaci\u00f3n, cojinetes, casquillos y otros componentes en busca de grietas, \u00f3xido, ara\u00f1azos y da\u00f1os.<\/li>\n<li>Comprobaci\u00f3n de la alineaci\u00f3n<\/li>\n<li>Medir el desgaste de los neum\u00e1ticos<\/li>\n<\/ul>\n<p>Si conoce las se\u00f1ales t\u00edpicas de desgaste y realiza inspecciones peri\u00f3dicas del eje de su cami\u00f3n y de los componentes relacionados, podr\u00e1 evitar problemas mayores en el futuro.<\/p>\n<p>Si est\u00e1 de viaje y no puede llegar a nuestro taller de reparaci\u00f3n de ejes de cami\u00f3n en Phoenix, pruebe con uno de nuestros otros siete talleres de reparaci\u00f3n de ejes de cami\u00f3n en Phoenix. <a href=\"https:\/\/bettstruckparts.com\/es\/lugares\/\">centros de servicio<\/a> situados a lo largo de la costa oeste.<\/p>\n<h2>Reparaci\u00f3n de ejes de camiones pesados en Phoenix<\/h2>\n<p>Betts Truck Parts &amp; Service tiene experiencia trabajando con una amplia gama de veh\u00edculos, incluyendo camiones de clase 6, 7 y 8.<\/p>\n<p>Hemos estado sirviendo a la industria del transporte por m\u00e1s de 30 a\u00f1os y nos enorgullecemos de ser un proveedor de servicios de reparaci\u00f3n semi premier. Si usted necesita <a href=\"https:\/\/bettstruckparts.com\/es\/reparacion-de-camiones\/reparacion-de-ejes-de-camiones\/\">servicios de reparaci\u00f3n de ejes de camiones<\/a> por querer comprar <a href=\"https:\/\/bettstruckparts.com\/es\/piezas\/\">piezas<\/a> realizar las reparaciones usted mismo, estamos aqu\u00ed para ayudarle.<\/p>\n<h3>P\u00f3ngase en contacto con nuestro taller de reparaci\u00f3n de ejes de camiones Phoenix para programar una cita<\/h3>\n<p>Hemos estado reparando ejes de camiones en Phoenix desde nuestra apertura en 1992. Somos un taller de reparaci\u00f3n de eje totalmente equipado con t\u00e9cnicos que ofrecen reparaci\u00f3n de eje de cami\u00f3n de servicio pesado experto y una gama de otros. <a href=\"https:\/\/bettstruckparts.com\/es\/reparacion-de-camiones\/\">servicios de reparaci\u00f3n<\/a> para ayudar a que su cami\u00f3n vuelva a la carretera. <a href=\"https:\/\/bettstruckparts.com\/es\/contacto\/\">P\u00f3ngase en contacto con nosotros<\/a> hoy mismo para concertar una cita.<\/p>\n\n\t\t<\/div>\n\t<\/div>\n<div class=\"ubtn-ctn-center\"><a class=\"ubtn-link ult-adjust-bottom-margin ubtn-center ubtn-normal\" href=\"\/es\/contact\/\" ><button type=\"button\" id=\"ubtn-1948\"  class=\"ubtn ult-adjust-bottom-margin ult-responsive ubtn-normal ubtn-fade-bg  none  ubtn-center   tooltip-69d79245ec150\"  data-hover=\"#ffffff\" data-border-color=\"#ad172b\" data-bg=\"rgba(255,255,255,0.01)\" data-hover-bg=\"#ad172b\" data-border-hover=\"#ffffff\" data-shadow-hover=\"\" data-shadow-click=\"none\" data-shadow=\"\" data-shd-shadow=\"\"  data-ultimate-target='#ubtn-1948'  data-responsive-json-new='{\"font-size\":\"desktop:16px;\",\"line-height\":\"\"}'  style=\"font-weight:bold;border-radius:15px;border-width:2px;border-color:#ad172b;border-style:solid;background: rgba(255,255,255,0.01);color: #ad172b;\"><span class=\"ubtn-hover\" style=\"background-color:#ad172b\"><\/span><span class=\"ubtn-data ubtn-text\" >Concertar una cita<\/span><\/button><\/a><\/div><\/div><\/div><\/div><\/div><\/div><\/div><\/div><\/div><div class=\"vc_row wpb_row vc_row-fluid\"><div class=\"wpb_column vc_column_container vc_col-sm-12\"><div class=\"vc_column-inner\"><div class=\"wpb_wrapper\"><\/div><\/div><\/div><\/div>\n<\/div>","protected":false},"excerpt":{"rendered":"<p>Truck Axle Repair Phoenix: Expert Service for Commercial Vehicles Schedule an Appointment Professional truck axle repair services in Phoenix ensure your commercial vehicles stay on the road with minimal downtime. Our certified technicians handle everything from drive shaft repair to complete axle replacement, serving fleets and individual truck owners throughout Arizona with specialized expertise in&hellip;<\/p>","protected":false},"author":4,"featured_media":0,"parent":365,"menu_order":0,"comment_status":"closed","ping_status":"closed","template":"template-microsite.php","meta":{"footnotes":""},"class_list":["post-1169","page","type-page","status-publish","hentry","description-off"],"_links":{"self":[{"href":"https:\/\/bettstruckparts.com\/es\/wp-json\/wp\/v2\/pages\/1169","targetHints":{"allow":["GET"]}}],"collection":[{"href":"https:\/\/bettstruckparts.com\/es\/wp-json\/wp\/v2\/pages"}],"about":[{"href":"https:\/\/bettstruckparts.com\/es\/wp-json\/wp\/v2\/types\/page"}],"author":[{"embeddable":true,"href":"https:\/\/bettstruckparts.com\/es\/wp-json\/wp\/v2\/users\/4"}],"replies":[{"embeddable":true,"href":"https:\/\/bettstruckparts.com\/es\/wp-json\/wp\/v2\/comments?post=1169"}],"version-history":[{"count":0,"href":"https:\/\/bettstruckparts.com\/es\/wp-json\/wp\/v2\/pages\/1169\/revisions"}],"up":[{"embeddable":true,"href":"https:\/\/bettstruckparts.com\/es\/wp-json\/wp\/v2\/pages\/365"}],"wp:attachment":[{"href":"https:\/\/bettstruckparts.com\/es\/wp-json\/wp\/v2\/media?parent=1169"}],"curies":[{"name":"wp","href":"https:\/\/api.w.org\/{rel}","templated":true}]}}