{"id":1104,"date":"2018-06-04T11:15:56","date_gmt":"2018-06-04T19:15:56","guid":{"rendered":"https:\/\/bettstruckparts.com\/?page_id=1104"},"modified":"2025-05-25T11:40:58","modified_gmt":"2025-05-25T19:40:58","slug":"portland","status":"publish","type":"page","link":"https:\/\/bettstruckparts.com\/es\/truck-repair\/leaf-spring-repair\/portland\/","title":{"rendered":"Reparaci\u00f3n de muelles en Portland"},"content":{"rendered":"<div class=\"wpb-content-wrapper\"><div class=\"vc_row wpb_row vc_row-fluid vc_custom_1516047752276 vc_row-has-fill vc_row-o-equal-height vc_row-flex\"><div class=\"wpb_column vc_column_container vc_col-sm-3 vc_col-has-fill\"><div class=\"vc_column-inner vc_custom_1510682040425\"><div class=\"wpb_wrapper\"><div  class=\"wpb_widgetised_column wpb_content_element sidebar-content\">\n\t\t<div class=\"wpb_wrapper\">\n\t\t\t\n\t\t\t<section id=\"nav_menu-4\" class=\"widget widget_nav_menu\"><div class=\"widget-title\">Reparaci\u00f3n de camiones<\/div><div class=\"menu-truck-repair-container\"><ul id=\"menu-truck-repair\" class=\"menu\"><li id=\"menu-item-341\" class=\"menu-item menu-item-type-post_type menu-item-object-page menu-item-341\"><a href=\"https:\/\/bettstruckparts.com\/es\/truck-repair\/air-ride-control\/\">Control de la suspensi\u00f3n neum\u00e1tica<\/a><\/li>\n<li id=\"menu-item-382\" class=\"menu-item menu-item-type-post_type menu-item-object-page menu-item-382\"><a href=\"https:\/\/bettstruckparts.com\/es\/truck-repair\/truck-wheel-alignments\/\">Servicio de alineaci\u00f3n de ruedas<\/a><\/li>\n<li id=\"menu-item-381\" class=\"menu-item menu-item-type-post_type menu-item-object-page menu-item-381\"><a href=\"https:\/\/bettstruckparts.com\/es\/truck-repair\/auxiliary-power\/\">Alimentaci\u00f3n auxiliar<\/a><\/li>\n<li id=\"menu-item-380\" class=\"menu-item menu-item-type-post_type menu-item-object-page menu-item-380\"><a href=\"https:\/\/bettstruckparts.com\/es\/truck-repair\/brake-services\/\">Servicios de reparaci\u00f3n de frenos<\/a><\/li>\n<li id=\"menu-item-390\" class=\"menu-item menu-item-type-post_type menu-item-object-page menu-item-390\"><a href=\"https:\/\/bettstruckparts.com\/es\/truck-repair\/custom-u-bolts\/\">Pernos en U a medida<\/a><\/li>\n<li id=\"menu-item-389\" class=\"menu-item menu-item-type-post_type menu-item-object-page menu-item-389\"><a href=\"https:\/\/bettstruckparts.com\/es\/truck-repair\/dot-inspection\/\">Inspecci\u00f3n DOT<\/a><\/li>\n<li id=\"menu-item-388\" class=\"menu-item menu-item-type-post_type menu-item-object-page menu-item-388\"><a href=\"https:\/\/bettstruckparts.com\/es\/truck-repair\/drivetrain-repair\/\">Servicios de reparaci\u00f3n de trenes de transmisi\u00f3n<\/a><\/li>\n<li id=\"menu-item-387\" class=\"menu-item menu-item-type-post_type menu-item-object-page menu-item-387\"><a href=\"https:\/\/bettstruckparts.com\/es\/truck-repair\/electrical-repair\/\">Reparaci\u00f3n el\u00e9ctrica<\/a><\/li>\n<li id=\"menu-item-386\" class=\"menu-item menu-item-type-post_type menu-item-object-page menu-item-386\"><a href=\"https:\/\/bettstruckparts.com\/es\/truck-repair\/leaf-spring-repair\/\">Reparaci\u00f3n de ballestas<\/a><\/li>\n<li id=\"menu-item-385\" class=\"menu-item menu-item-type-post_type menu-item-object-page menu-item-385\"><a href=\"https:\/\/bettstruckparts.com\/es\/truck-repair\/steering-repair\/\">Reparaci\u00f3n de la direcci\u00f3n<\/a><\/li>\n<li id=\"menu-item-384\" class=\"menu-item menu-item-type-post_type menu-item-object-page menu-item-384\"><a href=\"https:\/\/bettstruckparts.com\/es\/truck-repair\/suspension-services\/\">Servicios de suspensi\u00f3n<\/a><\/li>\n<li id=\"menu-item-383\" class=\"menu-item menu-item-type-post_type menu-item-object-page menu-item-383\"><a href=\"https:\/\/bettstruckparts.com\/es\/truck-repair\/truck-axle-repair\/\">Reparaci\u00f3n de ejes de camiones<\/a><\/li>\n<\/ul><\/div><\/section>\n\t\t<\/div>\n\t<\/div>\n<\/div><\/div><\/div><div class=\"wpb_column vc_column_container vc_col-sm-9\"><div class=\"vc_column-inner vc_custom_1510682076814\"><div class=\"wpb_wrapper\"><div class=\"vc_row wpb_row vc_inner vc_row-fluid vc_custom_1748201991536\"><div class=\"wpb_column vc_column_container vc_col-sm-12\"><div class=\"vc_column-inner vc_custom_1486667994280\"><div class=\"wpb_wrapper\">\n\t<div class=\"wpb_text_column wpb_content_element\" >\n\t\t<div class=\"wpb_wrapper\">\n\t\t\t<h1 style=\"text-align: center;\">Reparaci\u00f3n integral de ballestas - Portland, OR<\/h1>\n\n\t\t<\/div>\n\t<\/div>\n<div class=\"ubtn-ctn-center\"><a class=\"ubtn-link ult-adjust-bottom-margin ubtn-center ubtn-normal\" href=\"\/es\/contact\/\" ><button type=\"button\" id=\"ubtn-2176\"  class=\"ubtn ult-adjust-bottom-margin ult-responsive ubtn-normal ubtn-fade-bg  none  ubtn-center   tooltip-69f37969a28d0\"  data-hover=\"#ffffff\" data-border-color=\"#ad172b\" data-bg=\"rgba(255,255,255,0.01)\" data-hover-bg=\"#ad172b\" data-border-hover=\"#ffffff\" data-shadow-hover=\"\" data-shadow-click=\"none\" data-shadow=\"\" data-shd-shadow=\"\"  data-ultimate-target='#ubtn-2176'  data-responsive-json-new='{\"font-size\":\"desktop:16px;\",\"line-height\":\"\"}'  style=\"font-weight:bold;border-radius:15px;border-width:2px;border-color:#ad172b;border-style:solid;background: rgba(255,255,255,0.01);color: #ad172b;\"><span class=\"ubtn-hover\" style=\"background-color:#ad172b\"><\/span><span class=\"ubtn-data ubtn-text\" >Concertar una cita<\/span><\/button><\/a><\/div>\n\t<div class=\"wpb_text_column wpb_content_element  vc_custom_1748202037298\" >\n\t\t<div class=\"wpb_wrapper\">\n\t\t\t<h2>Leaf Spring Repair Portland, OR Taller de Reparaci\u00f3n Ubicaci\u00f3n y Horas<\/h2>\n<p>Betts Truck Parts &amp; Service - Sucursal de Portland<br \/>\n4334 N.E. Columbia Blvd.<br \/>\nPortland, OR 97218<br \/>\n<strong>Tel\u00e9fono<\/strong>: 503-289-8875<br \/>\n<strong>Horas<\/strong>: Ver el <a href=\"https:\/\/bettstruckparts.com\/es\/lugares\/portland\/\">P\u00e1gina de la sucursal de Portland<\/a> horario de apertura<\/p>\n<p><img decoding=\"async\" class=\"aligncenter wp-image-718 size-full\" src=\"https:\/\/bettstruckparts.com\/wp-content\/uploads\/2017\/12\/1550726.jpg\" alt=\"reparaci\u00f3n de ballestas\" width=\"1400\" height=\"1050\" srcset=\"https:\/\/bettstruckparts.com\/wp-content\/uploads\/2017\/12\/1550726.jpg 1400w, https:\/\/bettstruckparts.com\/wp-content\/uploads\/2017\/12\/1550726-300x225.jpg 300w, https:\/\/bettstruckparts.com\/wp-content\/uploads\/2017\/12\/1550726-1024x768.jpg 1024w, https:\/\/bettstruckparts.com\/wp-content\/uploads\/2017\/12\/1550726-768x576.jpg 768w\" sizes=\"(max-width: 1400px) 100vw, 1400px\" \/><\/p>\n<h3>AYUDE A PREVENIR PROBLEMAS DE SUSPENSI\u00d3N INSPECCIONANDO PERI\u00d3DICAMENTE SUS BALLESTAS<\/h3>\n<p><span style=\"font-weight: 400;\">Los semirremolques, autobuses, veh\u00edculos recreativos, remolques y camiones ligeros y medianos transportan cargas pesadas que suponen una carga adicional para los ejes y otros componentes del veh\u00edculo. Para evitar da\u00f1os, estos tipos de veh\u00edculos suelen estar equipados con ballestas adem\u00e1s de la suspensi\u00f3n est\u00e1ndar de muelles helicoidales.<\/span><\/p>\n<p><span style=\"font-weight: 400;\">Los muelles helicoidales cumplen una funci\u00f3n esencial al mantener el control y la alineaci\u00f3n adecuados del veh\u00edculo, y los muelles de ballesta ayudan a proteger los ejes de su semirremolque al absorber los impactos de cargas pesadas y carreteras irregulares. <\/span><\/p>\n<p><span style=\"font-weight: 400;\">Aunque estas piezas est\u00e1n hechas de acero duradero y construidas para durar varios a\u00f1os, las ballestas y los muelles helicoidales pueden desgastarse con el tiempo debido a la corrosi\u00f3n y al desgaste general.<\/span><\/p>\n<p><span style=\"font-weight: 400;\">Las ballestas desgastadas o corro\u00eddas no s\u00f3lo afectan a la forma en que su cami\u00f3n o semirremolque conduce y transporta cargas, sino que tambi\u00e9n pueden afectar a otras partes de su veh\u00edculo, como los neum\u00e1ticos, la alineaci\u00f3n y la suspensi\u00f3n. Por ello, siempre es mejor inspeccionar las ballestas y los muelles helicoidales durante las visitas rutinarias de reparaci\u00f3n y mantenimiento.<\/span><\/p>\n<h3>C\u00d3MO SABER CU\u00c1NDO HA LLEGADO EL MOMENTO DE REPARAR O SUSTITUIR LAS BALLESTAS<\/h3>\n<p><span style=\"font-weight: 400;\">Si nota un cambio en la forma en que su cami\u00f3n o semirremolque distribuye el peso o si se produce un cambio en la conducci\u00f3n o la direcci\u00f3n, es hora de hacer revisar las ballestas. Tanto la corrosi\u00f3n como la tensi\u00f3n provocada por el transporte de cargas pesadas o desiguales pueden hacer que las ballestas se agrieten, se abran o se aplanen, lo que las hace menos eficaces y puede da\u00f1ar los ejes o el sistema de suspensi\u00f3n del cami\u00f3n.<\/span><\/p>\n<p><span style=\"font-weight: 400;\">Betts Truck Parts &amp; Service es el proveedor de servicios l\u00edder en el \u00e1rea de Portland de <\/span><a href=\"https:\/\/bettstruckparts.com\/es\/reparacion-de-camiones\/reparacion-de-ballestas\/\"><span style=\"font-weight: 400;\">reparaci\u00f3n y sustituci\u00f3n de muelles de semirremolques<\/span><\/a><span style=\"font-weight: 400;\">. <\/span><\/p>\n<p><span style=\"font-weight: 400;\">Nuestro centro de Portland ofrece un servicio completo de mantenimiento de ballestas para camiones y remolques de todas las marcas y modelos.\u00a0<\/span><\/p>\n<p><span style=\"font-weight: 400;\">Atendemos a una amplia gama de camiones y veh\u00edculos pesados, incluyendo:<\/span><\/p>\n<ul>\n<li style=\"font-weight: 400;\" aria-level=\"1\"><span style=\"font-weight: 400;\">Camiones de las clases 6, 7 y 8<\/span><\/li>\n<li style=\"font-weight: 400;\" aria-level=\"1\"><span style=\"font-weight: 400;\">Camiones ligeros y medianos<\/span><\/li>\n<li style=\"font-weight: 400;\" aria-level=\"1\"><span style=\"font-weight: 400;\">Autobuses, autocaravanas, veh\u00edculos recreativos<\/span><\/li>\n<li style=\"font-weight: 400;\" aria-level=\"1\"><span style=\"font-weight: 400;\">Maquinaria agr\u00edcola<\/span><\/li>\n<li style=\"font-weight: 400;\" aria-level=\"1\"><span style=\"font-weight: 400;\">Remolques<\/span><\/li>\n<\/ul>\n<p><a href=\"https:\/\/bettstruckparts.com\/es\/contacto\/\"><span style=\"font-weight: 400;\">Solicitar una cita<\/span><\/a><span style=\"font-weight: 400;\"> para la reparaci\u00f3n o sustituci\u00f3n de ballestas en Fresno.<\/span><\/p>\n<p><span style=\"font-weight: 400;\">Si nuestra sede de Portland est\u00e1 fuera de su alcance, visite una de nuestras otras sedes. <\/span><a href=\"https:\/\/bettstruckparts.com\/es\/lugares\/\"><span style=\"font-weight: 400;\">centros de servicio<\/span><\/a><span style=\"font-weight: 400;\">.<\/span><\/p>\n<h3>Servicio de reparaci\u00f3n de ballestas de calidad en Portland desde 1988<\/h3>\n<p><span style=\"font-weight: 400;\">Desde 1988, Betts Truck Parts &amp; Service Portland, Oregon branch ha sido un proveedor de servicio completo de reparaci\u00f3n y reemplazo de resortes para semirremolques. Era nuestro \u00fanico objetivo cuando empezamos, y s\u00f3lo hemos mejorado en los a\u00f1os transcurridos desde entonces. Servimos a O\/Os, conductores, flotas nacionales, regionales y locales, y ofrecemos piezas de alta calidad para trabajo pesado en Portland para reparaciones de bricolaje.<\/span><\/p>\n<h3>Contacte con Betts para una reparaci\u00f3n de ballestas de calidad en la zona de Portland<\/h3>\n<p>Hemos sido l\u00edderes en la reparaci\u00f3n y sustituci\u00f3n de muelles para semirremolques desde que el primer establecimiento de Betts Truck Parts &amp; Service abri\u00f3 sus puertas hace m\u00e1s de 30 a\u00f1os. Aunque ya no es nuestro \u00fanico objetivo, nuestras capacidades de mantenimiento de muelles para camiones nunca han sido mejores. Atendemos a conductores, operadores y flotas de todos los tama\u00f1os, y ofrecemos piezas de primera calidad para reparaciones de bricolaje.<\/p>\n<h3>Programe hoy mismo la reparaci\u00f3n de su ballesta<\/h3>\n<p>Cuando se trata de una reparaci\u00f3n y sustituci\u00f3n r\u00e1pida y fiable de ballestas para su cami\u00f3n o remolque, nadie lo hace mejor que Betts. <a href=\"https:\/\/bettstruckparts.com\/es\/contacto\/\">Solicitar una cita<\/a>\u00a0en nuestro centro de servicio de Portland, o <a href=\"https:\/\/bettstruckparts.com\/es\/contacto\/\">Contacto<\/a>\u00a0hoy.<\/p>\n\n\t\t<\/div>\n\t<\/div>\n<div class=\"ubtn-ctn-center\"><a class=\"ubtn-link ult-adjust-bottom-margin ubtn-center ubtn-normal\" href=\"\/es\/contact\/\" ><button type=\"button\" id=\"ubtn-8336\"  class=\"ubtn ult-adjust-bottom-margin ult-responsive ubtn-normal ubtn-fade-bg  none  ubtn-center   tooltip-69f37969a2a6a\"  data-hover=\"#ffffff\" data-border-color=\"#ad172b\" data-bg=\"rgba(255,255,255,0.01)\" data-hover-bg=\"#ad172b\" data-border-hover=\"#ffffff\" data-shadow-hover=\"\" data-shadow-click=\"none\" data-shadow=\"\" data-shd-shadow=\"\"  data-ultimate-target='#ubtn-8336'  data-responsive-json-new='{\"font-size\":\"desktop:16px;\",\"line-height\":\"\"}'  style=\"font-weight:bold;border-radius:15px;border-width:2px;border-color:#ad172b;border-style:solid;background: rgba(255,255,255,0.01);color: #ad172b;\"><span class=\"ubtn-hover\" style=\"background-color:#ad172b\"><\/span><span class=\"ubtn-data ubtn-text\" >Concertar una cita<\/span><\/button><\/a><\/div><\/div><\/div><\/div><\/div><\/div><\/div><\/div><\/div>\n<\/div>","protected":false},"excerpt":{"rendered":"<p>Truck RepairAir Ride Control Wheel Alignment Service Auxiliary Power Brake Repair Services Custom U-Bolts DOT Inspection Drivetrain Repair Services Electrical Repair Leaf Spring Repair Steering Repair Suspension Services Truck Axle Repair Comprehensive Leaf Spring Repair &#8211; Portland, OR Schedule an Appointment Leaf Spring Repair Portland, OR Repair Shop Location &amp; Hours Betts Truck Parts &amp;&hellip;<\/p>","protected":false},"author":4,"featured_media":0,"parent":359,"menu_order":0,"comment_status":"closed","ping_status":"closed","template":"template-microsite.php","meta":{"footnotes":""},"class_list":["post-1104","page","type-page","status-publish","hentry","description-off"],"_links":{"self":[{"href":"https:\/\/bettstruckparts.com\/es\/wp-json\/wp\/v2\/pages\/1104","targetHints":{"allow":["GET"]}}],"collection":[{"href":"https:\/\/bettstruckparts.com\/es\/wp-json\/wp\/v2\/pages"}],"about":[{"href":"https:\/\/bettstruckparts.com\/es\/wp-json\/wp\/v2\/types\/page"}],"author":[{"embeddable":true,"href":"https:\/\/bettstruckparts.com\/es\/wp-json\/wp\/v2\/users\/4"}],"replies":[{"embeddable":true,"href":"https:\/\/bettstruckparts.com\/es\/wp-json\/wp\/v2\/comments?post=1104"}],"version-history":[{"count":0,"href":"https:\/\/bettstruckparts.com\/es\/wp-json\/wp\/v2\/pages\/1104\/revisions"}],"up":[{"embeddable":true,"href":"https:\/\/bettstruckparts.com\/es\/wp-json\/wp\/v2\/pages\/359"}],"wp:attachment":[{"href":"https:\/\/bettstruckparts.com\/es\/wp-json\/wp\/v2\/media?parent=1104"}],"curies":[{"name":"wp","href":"https:\/\/api.w.org\/{rel}","templated":true}]}}